{"id":7571,"date":"2025-08-16T14:32:38","date_gmt":"2025-08-16T14:32:38","guid":{"rendered":"https:\/\/proplaystore.lu\/?page_id=7571"},"modified":"2025-08-16T17:43:51","modified_gmt":"2025-08-16T17:43:51","slug":"assistance-technique","status":"publish","type":"page","link":"https:\/\/proplaystore.lu\/index.php\/assistance-technique\/","title":{"rendered":"ASSISTANCE TECHNIQUE"},"content":{"rendered":"\t\t<div data-elementor-type=\"wp-page\" data-elementor-id=\"7571\" class=\"elementor elementor-7571\">\n\t\t\t\t<div class=\"elementor-element elementor-element-b6651e6 e-flex e-con-boxed kitify-col-width-auto-no ignore-docs-style-no kitify-disable-relative-no e-root-container elementor-top-section e-con e-parent\" data-id=\"b6651e6\" data-element_type=\"container\">\n\t\t\t\t\t<div class=\"e-con-inner\">\n\t\t\t\t<div class=\"elementor-element elementor-element-078be8e elementor-widget elementor-widget-heading\" data-id=\"078be8e\" data-element_type=\"widget\" data-widget_type=\"heading.default\">\n\t\t\t\t\t<h1 class=\"elementor-heading-title elementor-size-default\">ProPlayCare S\u00e9curit\u00e9+ (IKR Segurit\u00e9)<\/h1>\t\t\t\t<\/div>\n\t\t\t\t\t<\/div>\n\t\t\t\t<\/div>\n\t\t<div class=\"elementor-element elementor-element-2c61615 e-flex e-con-boxed kitify-col-width-auto-no ignore-docs-style-no kitify-disable-relative-no e-root-container elementor-top-section e-con e-parent\" data-id=\"2c61615\" data-element_type=\"container\">\n\t\t\t\t\t<div class=\"e-con-inner\">\n\t\t\t\t<div class=\"elementor-element elementor-element-8ce98a4 elementor-widget elementor-widget-spacer\" data-id=\"8ce98a4\" data-element_type=\"widget\" data-widget_type=\"spacer.default\">\n\t\t\t\t\t\t\t<div class=\"elementor-spacer\">\n\t\t\t<div class=\"elementor-spacer-inner\"><\/div>\n\t\t<\/div>\n\t\t\t\t\t\t<\/div>\n\t\t\t\t\t<\/div>\n\t\t\t\t<\/div>\n\t\t<div class=\"elementor-element elementor-element-b253135 e-flex e-con-boxed kitify-col-width-auto-no ignore-docs-style-no kitify-disable-relative-no e-root-container elementor-top-section e-con e-parent\" data-id=\"b253135\" data-element_type=\"container\">\n\t\t\t\t\t<div class=\"e-con-inner\">\n\t\t\t\t<div class=\"elementor-element elementor-element-e6a6d82 elementor-widget elementor-widget-text-editor\" data-id=\"e6a6d82\" data-element_type=\"widget\" data-widget_type=\"text-editor.default\">\n\t\t\t\t\t\t\t\t\t<p>Un abonnement premium qui couvre <strong data-start=\"468\" data-end=\"561\">diagnostic, r\u00e9paration et remplacement des pi\u00e8ces d\u00e9fectueuses sans frais suppl\u00e9mentaires<\/strong>.<br data-start=\"562\" data-end=\"565\" \/>Avec ce service, les joueurs et professionnels peuvent utiliser leur PC en toute s\u00e9r\u00e9nit\u00e9 : en cas de panne, nous prenons tout en charge.<\/p>\t\t\t\t\t\t\t\t<\/div>\n\t\t\t\t\t<\/div>\n\t\t\t\t<\/div>\n\t\t<div class=\"elementor-element elementor-element-929c324 e-flex e-con-boxed kitify-col-width-auto-no ignore-docs-style-no kitify-disable-relative-no e-root-container elementor-top-section e-con e-parent\" data-id=\"929c324\" data-element_type=\"container\">\n\t\t\t\t\t<div class=\"e-con-inner\">\n\t\t\t\t<div class=\"elementor-element elementor-element-c1834f5 elementor-widget elementor-widget-text-editor\" data-id=\"c1834f5\" data-element_type=\"widget\" data-widget_type=\"text-editor.default\">\n\t\t\t\t\t\t\t\t\t<h3 data-start=\"711\" data-end=\"740\"><strong data-start=\"715\" data-end=\"738\">Comment \u00e7a marche ?<\/strong><\/h3><ol data-start=\"741\" data-end=\"1154\"><li data-start=\"741\" data-end=\"797\"><p data-start=\"744\" data-end=\"797\">Le client souscrit \u00e0 l\u2019abonnement <strong data-start=\"778\" data-end=\"794\">IKR S\u00e9curit\u00e9<\/strong>.<\/p><\/li><li data-start=\"798\" data-end=\"1083\"><p data-start=\"801\" data-end=\"872\">En cas de probl\u00e8me mat\u00e9riel (pi\u00e8ce d\u00e9fectueuse, panne, instabilit\u00e9) :<\/p><ul data-start=\"876\" data-end=\"1083\"><li data-start=\"876\" data-end=\"943\"><p data-start=\"878\" data-end=\"943\">Nous r\u00e9cup\u00e9rons le PC (ou intervention sur place selon option).<\/p><\/li><li data-start=\"947\" data-end=\"990\"><p data-start=\"949\" data-end=\"990\">Nous faisons un <strong data-start=\"965\" data-end=\"987\">diagnostic complet<\/strong>.<\/p><\/li><li data-start=\"994\" data-end=\"1083\"><p data-start=\"996\" data-end=\"1083\">La pi\u00e8ce d\u00e9fectueuse est remplac\u00e9e par une <strong data-start=\"1039\" data-end=\"1080\">pi\u00e8ce neuve \u00e9quivalente ou sup\u00e9rieure<\/strong>.<\/p><\/li><\/ul><\/li><li data-start=\"1084\" data-end=\"1154\"><p data-start=\"1087\" data-end=\"1154\">Le client r\u00e9cup\u00e8re son PC r\u00e9par\u00e9, <strong data-start=\"1121\" data-end=\"1151\">sans frais suppl\u00e9mentaires<\/strong>.<\/p><\/li><\/ol><p>.<\/p>\t\t\t\t\t\t\t\t<\/div>\n\t\t\t\t<div class=\"elementor-element elementor-element-f4cc339 elementor-widget elementor-widget-text-editor\" data-id=\"f4cc339\" data-element_type=\"widget\" data-widget_type=\"text-editor.default\">\n\t\t\t\t\t\t\t\t\t<h3 data-start=\"1161\" data-end=\"1195\"><strong data-start=\"1165\" data-end=\"1193\">Avantages pour le client<\/strong><\/h3><p data-start=\"1196\" data-end=\"1426\">-S\u00e9r\u00e9nit\u00e9 totale \u2013 aucune mauvaise surprise<br data-start=\"1240\" data-end=\"1243\" \/>-Pi\u00e8ces incluses dans l\u2019abonnement (GPU, CPU, RAM, SSD, etc.)<br data-start=\"1305\" data-end=\"1308\" \/>-Diagnostic &amp; main d\u2019\u0153uvre compris<br data-start=\"1343\" data-end=\"1346\" \/>-Intervention rapide au Luxembourg<br data-start=\"1381\" data-end=\"1384\" \/>-PC toujours au top de ses performances<\/p>\t\t\t\t\t\t\t\t<\/div>\n\t\t\t\t\t<\/div>\n\t\t\t\t<\/div>\n\t\t<div class=\"elementor-element elementor-element-4f78b4c e-flex e-con-boxed kitify-col-width-auto-no ignore-docs-style-no kitify-disable-relative-no e-root-container elementor-top-section e-con e-parent\" data-id=\"4f78b4c\" data-element_type=\"container\">\n\t\t\t\t\t<div class=\"e-con-inner\">\n\t\t\t\t<div class=\"elementor-element elementor-element-ddab84a elementor-widget elementor-widget-heading\" data-id=\"ddab84a\" data-element_type=\"widget\" data-widget_type=\"heading.default\">\n\t\t\t\t\t<h2 class=\"elementor-heading-title elementor-size-default\">Formules possibles<\/h2>\t\t\t\t<\/div>\n\t\t\t\t\t<\/div>\n\t\t\t\t<\/div>\n\t\t<div class=\"elementor-element elementor-element-a89755e e-flex e-con-boxed kitify-col-width-auto-no ignore-docs-style-no kitify-disable-relative-no e-root-container elementor-top-section e-con e-parent\" data-id=\"a89755e\" data-element_type=\"container\">\n\t\t\t\t\t<div class=\"e-con-inner\">\n\t\t\t\t<div class=\"elementor-element elementor-element-81ec820 elementor-widget elementor-widget-text-editor\" data-id=\"81ec820\" data-element_type=\"widget\" data-widget_type=\"text-editor.default\">\n\t\t\t\t\t\t\t\t\t<p><strong data-start=\"1464\" data-end=\"1490\">IKR S\u00e9curit\u00e9 Essentiel<\/strong> : Couvre uniquement certaines pi\u00e8ces (RAM, SSD, ventilateurs, alimentation)<\/p>\t\t\t\t\t\t\t\t<\/div>\n\t\t\t\t\t<\/div>\n\t\t\t\t<\/div>\n\t\t<div class=\"elementor-element elementor-element-8bfddb3 e-flex e-con-boxed kitify-col-width-auto-no ignore-docs-style-no kitify-disable-relative-no e-root-container elementor-top-section e-con e-parent\" data-id=\"8bfddb3\" data-element_type=\"container\">\n\t\t\t\t\t<div class=\"e-con-inner\">\n\t\t\t\t<div class=\"elementor-element elementor-element-c7e7de5 elementor-widget elementor-widget-button\" data-id=\"c7e7de5\" data-element_type=\"widget\" data-widget_type=\"button.default\">\n\t\t\t\t\t\t\t\t\t\t<a class=\"elementor-button elementor-button-link elementor-size-sm elementor-animation-pulse\" href=\"#\">\n\t\t\t\t\t\t<span class=\"elementor-button-content-wrapper\">\n\t\t\t\t\t\t\t\t\t<span class=\"elementor-button-text\">29,90 \u20ac \/ mois<\/span>\n\t\t\t\t\t<\/span>\n\t\t\t\t\t<\/a>\n\t\t\t\t\t\t\t\t<\/div>\n\t\t\t\t<div class=\"elementor-element elementor-element-741e1d5 elementor-widget elementor-widget-text-editor\" data-id=\"741e1d5\" data-element_type=\"widget\" data-widget_type=\"text-editor.default\">\n\t\t\t\t\t\t\t\t\t<p><strong data-start=\"1571\" data-end=\"1595\">IKR S\u00e9curit\u00e9 Premium<\/strong> : Couvre <strong data-start=\"1605\" data-end=\"1626\">toutes les pi\u00e8ces<\/strong>, y compris carte graphique et processeur<\/p>\t\t\t\t\t\t\t\t<\/div>\n\t\t\t\t<div class=\"elementor-element elementor-element-8ba4402 elementor-widget elementor-widget-button\" data-id=\"8ba4402\" data-element_type=\"widget\" data-widget_type=\"button.default\">\n\t\t\t\t\t\t\t\t\t\t<a class=\"elementor-button elementor-button-link elementor-size-sm elementor-animation-pulse\" href=\"#\">\n\t\t\t\t\t\t<span class=\"elementor-button-content-wrapper\">\n\t\t\t\t\t\t\t\t\t<span class=\"elementor-button-text\">59,90 \u20ac \/ mois<\/span>\n\t\t\t\t\t<\/span>\n\t\t\t\t\t<\/a>\n\t\t\t\t\t\t\t\t<\/div>\n\t\t\t\t<div class=\"elementor-element elementor-element-80e488b elementor-widget elementor-widget-spacer\" data-id=\"80e488b\" data-element_type=\"widget\" data-widget_type=\"spacer.default\">\n\t\t\t\t\t\t\t<div class=\"elementor-spacer\">\n\t\t\t<div class=\"elementor-spacer-inner\"><\/div>\n\t\t<\/div>\n\t\t\t\t\t\t<\/div>\n\t\t\t\t\t<\/div>\n\t\t\t\t<\/div>\n\t\t\t\t<\/div>\n\t\t","protected":false},"excerpt":{"rendered":"<p>ProPlayCare S\u00e9curit\u00e9+ (IKR Segurit\u00e9) Un abonnement premium qui couvre diagnostic, r\u00e9paration et remplacement des pi\u00e8ces d\u00e9fectueuses sans frais suppl\u00e9mentaires.Avec ce service, les joueurs et professionnels peuvent utiliser leur PC en toute s\u00e9r\u00e9nit\u00e9 : en cas de panne, nous prenons tout en charge. Comment \u00e7a marche ? Le client souscrit \u00e0 l\u2019abonnement IKR S\u00e9curit\u00e9. En cas de probl\u00e8me mat\u00e9riel (pi\u00e8ce d\u00e9fectueuse,\u2026<\/p>\n","protected":false},"author":1,"featured_media":0,"parent":0,"menu_order":0,"comment_status":"closed","ping_status":"closed","template":"","meta":{"footnotes":""},"class_list":["post-7571","page","type-page","status-publish","hentry"],"yoast_head":"<!-- This site is optimized with the Yoast SEO plugin v26.4 - https:\/\/yoast.com\/wordpress\/plugins\/seo\/ -->\n<title>ASSISTANCE TECHNIQUE - ProPlaystore<\/title>\n<meta name=\"robots\" content=\"index, follow, max-snippet:-1, max-image-preview:large, max-video-preview:-1\" \/>\n<link rel=\"canonical\" href=\"https:\/\/proplaystore.lu\/index.php\/assistance-technique\/\" \/>\n<meta property=\"og:locale\" content=\"en_US\" \/>\n<meta property=\"og:type\" content=\"article\" \/>\n<meta property=\"og:title\" content=\"ASSISTANCE TECHNIQUE - ProPlaystore\" \/>\n<meta property=\"og:description\" content=\"ProPlayCare S\u00e9curit\u00e9+ (IKR Segurit\u00e9) Un abonnement premium qui couvre diagnostic, r\u00e9paration et remplacement des pi\u00e8ces d\u00e9fectueuses sans frais suppl\u00e9mentaires.Avec ce service, les joueurs et professionnels peuvent utiliser leur PC en toute s\u00e9r\u00e9nit\u00e9 : en cas de panne, nous prenons tout en charge. Comment \u00e7a marche ? Le client souscrit \u00e0 l\u2019abonnement IKR S\u00e9curit\u00e9. En cas de probl\u00e8me mat\u00e9riel (pi\u00e8ce d\u00e9fectueuse,\u2026\" \/>\n<meta property=\"og:url\" content=\"https:\/\/proplaystore.lu\/index.php\/assistance-technique\/\" \/>\n<meta property=\"og:site_name\" content=\"ProPlaystore\" \/>\n<meta property=\"article:modified_time\" content=\"2025-08-16T17:43:51+00:00\" \/>\n<meta name=\"twitter:card\" content=\"summary_large_image\" \/>\n<meta name=\"twitter:label1\" content=\"Est. reading time\" \/>\n\t<meta name=\"twitter:data1\" content=\"1 minute\" \/>\n<script type=\"application\/ld+json\" class=\"yoast-schema-graph\">{\"@context\":\"https:\/\/schema.org\",\"@graph\":[{\"@type\":\"WebPage\",\"@id\":\"https:\/\/proplaystore.lu\/index.php\/assistance-technique\/\",\"url\":\"https:\/\/proplaystore.lu\/index.php\/assistance-technique\/\",\"name\":\"ASSISTANCE TECHNIQUE - ProPlaystore\",\"isPartOf\":{\"@id\":\"https:\/\/proplaystore.lu\/#website\"},\"datePublished\":\"2025-08-16T14:32:38+00:00\",\"dateModified\":\"2025-08-16T17:43:51+00:00\",\"breadcrumb\":{\"@id\":\"https:\/\/proplaystore.lu\/index.php\/assistance-technique\/#breadcrumb\"},\"inLanguage\":\"en-US\",\"potentialAction\":[{\"@type\":\"ReadAction\",\"target\":[\"https:\/\/proplaystore.lu\/index.php\/assistance-technique\/\"]}]},{\"@type\":\"BreadcrumbList\",\"@id\":\"https:\/\/proplaystore.lu\/index.php\/assistance-technique\/#breadcrumb\",\"itemListElement\":[{\"@type\":\"ListItem\",\"position\":1,\"name\":\"Accueil\",\"item\":\"https:\/\/proplaystore.lu\/\"},{\"@type\":\"ListItem\",\"position\":2,\"name\":\"ASSISTANCE TECHNIQUE\"}]},{\"@type\":\"WebSite\",\"@id\":\"https:\/\/proplaystore.lu\/#website\",\"url\":\"https:\/\/proplaystore.lu\/\",\"name\":\"ProPlaystore\",\"description\":\"proplaysre\",\"potentialAction\":[{\"@type\":\"SearchAction\",\"target\":{\"@type\":\"EntryPoint\",\"urlTemplate\":\"https:\/\/proplaystore.lu\/?s={search_term_string}\"},\"query-input\":{\"@type\":\"PropertyValueSpecification\",\"valueRequired\":true,\"valueName\":\"search_term_string\"}}],\"inLanguage\":\"en-US\"}]}<\/script>\n<!-- \/ Yoast SEO plugin. -->","yoast_head_json":{"title":"ASSISTANCE TECHNIQUE - ProPlaystore","robots":{"index":"index","follow":"follow","max-snippet":"max-snippet:-1","max-image-preview":"max-image-preview:large","max-video-preview":"max-video-preview:-1"},"canonical":"https:\/\/proplaystore.lu\/index.php\/assistance-technique\/","og_locale":"en_US","og_type":"article","og_title":"ASSISTANCE TECHNIQUE - ProPlaystore","og_description":"ProPlayCare S\u00e9curit\u00e9+ (IKR Segurit\u00e9) Un abonnement premium qui couvre diagnostic, r\u00e9paration et remplacement des pi\u00e8ces d\u00e9fectueuses sans frais suppl\u00e9mentaires.Avec ce service, les joueurs et professionnels peuvent utiliser leur PC en toute s\u00e9r\u00e9nit\u00e9 : en cas de panne, nous prenons tout en charge. Comment \u00e7a marche ? Le client souscrit \u00e0 l\u2019abonnement IKR S\u00e9curit\u00e9. En cas de probl\u00e8me mat\u00e9riel (pi\u00e8ce d\u00e9fectueuse,\u2026","og_url":"https:\/\/proplaystore.lu\/index.php\/assistance-technique\/","og_site_name":"ProPlaystore","article_modified_time":"2025-08-16T17:43:51+00:00","twitter_card":"summary_large_image","twitter_misc":{"Est. reading time":"1 minute"},"schema":{"@context":"https:\/\/schema.org","@graph":[{"@type":"WebPage","@id":"https:\/\/proplaystore.lu\/index.php\/assistance-technique\/","url":"https:\/\/proplaystore.lu\/index.php\/assistance-technique\/","name":"ASSISTANCE TECHNIQUE - ProPlaystore","isPartOf":{"@id":"https:\/\/proplaystore.lu\/#website"},"datePublished":"2025-08-16T14:32:38+00:00","dateModified":"2025-08-16T17:43:51+00:00","breadcrumb":{"@id":"https:\/\/proplaystore.lu\/index.php\/assistance-technique\/#breadcrumb"},"inLanguage":"en-US","potentialAction":[{"@type":"ReadAction","target":["https:\/\/proplaystore.lu\/index.php\/assistance-technique\/"]}]},{"@type":"BreadcrumbList","@id":"https:\/\/proplaystore.lu\/index.php\/assistance-technique\/#breadcrumb","itemListElement":[{"@type":"ListItem","position":1,"name":"Accueil","item":"https:\/\/proplaystore.lu\/"},{"@type":"ListItem","position":2,"name":"ASSISTANCE TECHNIQUE"}]},{"@type":"WebSite","@id":"https:\/\/proplaystore.lu\/#website","url":"https:\/\/proplaystore.lu\/","name":"ProPlaystore","description":"proplaysre","potentialAction":[{"@type":"SearchAction","target":{"@type":"EntryPoint","urlTemplate":"https:\/\/proplaystore.lu\/?s={search_term_string}"},"query-input":{"@type":"PropertyValueSpecification","valueRequired":true,"valueName":"search_term_string"}}],"inLanguage":"en-US"}]}},"_links":{"self":[{"href":"https:\/\/proplaystore.lu\/index.php\/wp-json\/wp\/v2\/pages\/7571","targetHints":{"allow":["GET"]}}],"collection":[{"href":"https:\/\/proplaystore.lu\/index.php\/wp-json\/wp\/v2\/pages"}],"about":[{"href":"https:\/\/proplaystore.lu\/index.php\/wp-json\/wp\/v2\/types\/page"}],"author":[{"embeddable":true,"href":"https:\/\/proplaystore.lu\/index.php\/wp-json\/wp\/v2\/users\/1"}],"replies":[{"embeddable":true,"href":"https:\/\/proplaystore.lu\/index.php\/wp-json\/wp\/v2\/comments?post=7571"}],"version-history":[{"count":10,"href":"https:\/\/proplaystore.lu\/index.php\/wp-json\/wp\/v2\/pages\/7571\/revisions"}],"predecessor-version":[{"id":7590,"href":"https:\/\/proplaystore.lu\/index.php\/wp-json\/wp\/v2\/pages\/7571\/revisions\/7590"}],"wp:attachment":[{"href":"https:\/\/proplaystore.lu\/index.php\/wp-json\/wp\/v2\/media?parent=7571"}],"curies":[{"name":"wp","href":"https:\/\/api.w.org\/{rel}","templated":true}]}}