{"id":7248,"date":"2025-08-10T14:39:09","date_gmt":"2025-08-10T14:39:09","guid":{"rendered":"https:\/\/proplaystore.lu\/?post_type=product&#038;p=7248"},"modified":"2025-08-11T01:31:34","modified_gmt":"2025-08-11T01:31:34","slug":"keurig-k-express-essentials-single-serve-k-cup","status":"publish","type":"product","link":"https:\/\/proplaystore.lu\/index.php\/produit\/keurig-k-express-essentials-single-serve-k-cup\/","title":{"rendered":"ProPlay Mars Gaming MC-3TCOREM, Bo\u00eetier Gaming Custom Micro-ATX, 32ran, AMD Ryzen 5 7600X, MSI NVIDIA GeForce RTX 4060 Ventus 8G"},"content":{"rendered":"<h3 data-start=\"1463\" data-end=\"1484\">Fiche technique :<\/h3>\n<div class=\"_tableContainer_1rjym_1\">\n<div class=\"_tableWrapper_1rjym_13 group flex w-fit flex-col-reverse\" tabindex=\"-1\">\n<table class=\"w-fit min-w-(--thread-content-width)\" data-start=\"1486\" data-end=\"2657\">\n<thead data-start=\"1486\" data-end=\"1565\">\n<tr data-start=\"1486\" data-end=\"1565\">\n<th data-start=\"1486\" data-end=\"1515\" data-col-size=\"sm\">Composant<\/th>\n<th data-start=\"1515\" data-end=\"1565\" data-col-size=\"md\">Sp\u00e9cification<\/th>\n<\/tr>\n<\/thead>\n<tbody data-start=\"1645\" data-end=\"2657\">\n<tr data-start=\"1645\" data-end=\"1723\">\n<td data-start=\"1645\" data-end=\"1674\" data-col-size=\"sm\"><strong data-start=\"1647\" data-end=\"1657\">Mod\u00e8le<\/strong><\/td>\n<td data-col-size=\"md\" data-start=\"1674\" data-end=\"1723\">ProPlay Mars Gaming MC-3TCOREM<\/td>\n<\/tr>\n<tr data-start=\"1724\" data-end=\"1804\">\n<td data-start=\"1724\" data-end=\"1753\" data-col-size=\"sm\"><strong data-start=\"1726\" data-end=\"1737\">Bo\u00eetier<\/strong><\/td>\n<td data-col-size=\"md\" data-start=\"1753\" data-end=\"1804\">Mars Gaming MC-3TCOREM, Micro-ATX, Custom Gamer<\/td>\n<\/tr>\n<tr data-start=\"1805\" data-end=\"1883\">\n<td data-start=\"1805\" data-end=\"1834\" data-col-size=\"sm\"><strong data-start=\"1807\" data-end=\"1827\">Processeur (CPU)<\/strong><\/td>\n<td data-start=\"1834\" data-end=\"1883\" data-col-size=\"md\">AMD Ryzen 5 7600X<\/td>\n<\/tr>\n<tr data-start=\"1884\" data-end=\"1961\">\n<td data-start=\"1884\" data-end=\"1913\" data-col-size=\"sm\"><strong data-start=\"1886\" data-end=\"1901\">M\u00e9moire RAM<\/strong><\/td>\n<td data-col-size=\"md\" data-start=\"1913\" data-end=\"1961\">32 Go DDR5<\/td>\n<\/tr>\n<tr data-start=\"1962\" data-end=\"2040\">\n<td data-start=\"1962\" data-end=\"1991\" data-col-size=\"sm\"><strong data-start=\"1964\" data-end=\"1989\">Carte graphique (GPU)<\/strong><\/td>\n<td data-start=\"1991\" data-end=\"2040\" data-col-size=\"md\">MSI NVIDIA GeForce RTX 4060 Ventus 8G<\/td>\n<\/tr>\n<tr data-start=\"2041\" data-end=\"2118\">\n<td data-start=\"2041\" data-end=\"2070\" data-col-size=\"sm\"><strong data-start=\"2043\" data-end=\"2055\">Stockage<\/strong><\/td>\n<td data-col-size=\"md\" data-start=\"2070\" data-end=\"2118\">SSD NVMe 1 To<\/td>\n<\/tr>\n<tr data-start=\"2119\" data-end=\"2216\">\n<td data-start=\"2119\" data-end=\"2152\" data-col-size=\"sm\"><strong data-start=\"2121\" data-end=\"2151\">Syst\u00e8me de refroidissement<\/strong><\/td>\n<td data-col-size=\"md\" data-start=\"2152\" data-end=\"2216\">Thermalright Frozen Notte 360 ARGB (refroidissement liquide)<\/td>\n<\/tr>\n<tr data-start=\"2217\" data-end=\"2294\">\n<td data-start=\"2217\" data-end=\"2246\" data-col-size=\"sm\"><strong data-start=\"2219\" data-end=\"2233\">Carte m\u00e8re<\/strong><\/td>\n<td data-col-size=\"md\" data-start=\"2246\" data-end=\"2294\">Compatible AMD AM5 (mod\u00e8le variable)<\/td>\n<\/tr>\n<tr data-start=\"2295\" data-end=\"2372\">\n<td data-start=\"2295\" data-end=\"2324\" data-col-size=\"sm\"><strong data-start=\"2297\" data-end=\"2313\">Alimentation<\/strong><\/td>\n<td data-col-size=\"md\" data-start=\"2324\" data-end=\"2372\">(recommand\u00e9e : 650W ou plus, mod\u00e8le variable)<\/td>\n<\/tr>\n<tr data-start=\"2373\" data-end=\"2467\">\n<td data-start=\"2373\" data-end=\"2402\" data-col-size=\"sm\"><strong data-start=\"2375\" data-end=\"2391\">Connectivit\u00e9<\/strong><\/td>\n<td data-col-size=\"md\" data-start=\"2402\" data-end=\"2467\">USB 3.2, USB 2.0, HDMI, DisplayPort (selon carte m\u00e8re et GPU)<\/td>\n<\/tr>\n<tr data-start=\"2468\" data-end=\"2553\">\n<td data-start=\"2468\" data-end=\"2497\" data-col-size=\"sm\"><strong data-start=\"2470\" data-end=\"2496\">Syst\u00e8me d\u2019exploitation<\/strong><\/td>\n<td data-start=\"2497\" data-end=\"2553\" data-col-size=\"md\">(\u00e0 confirmer, g\u00e9n\u00e9ralement Windows 10\/11 ou sans OS)<\/td>\n<\/tr>\n<tr data-start=\"2554\" data-end=\"2657\">\n<td data-start=\"2554\" data-end=\"2583\" data-col-size=\"sm\"><strong data-start=\"2556\" data-end=\"2566\">Extras<\/strong><\/td>\n<td data-start=\"2583\" data-end=\"2657\" data-col-size=\"md\">\u00c9clairage ARGB sur le refroidisseur et le bo\u00eetier, flux d\u2019air optimis\u00e9<\/td>\n<\/tr>\n<\/tbody>\n<\/table>\n<\/div>\n<\/div>\n","protected":false},"excerpt":{"rendered":"<p data-start=\"153\" data-end=\"486\">Le <strong data-start=\"156\" data-end=\"190\">ProPlay Mars Gaming MC-3TCOREM<\/strong> est un PC haute performance au design gamer personnalis\u00e9 au format <strong data-start=\"258\" data-end=\"271\">Micro-ATX<\/strong>, id\u00e9al pour ceux qui recherchent puissance et style. \u00c9quip\u00e9 du processeur <strong data-start=\"346\" data-end=\"367\">AMD Ryzen 5 7600X<\/strong>, il offre des performances rapides et efficaces pour le gaming, le montage vid\u00e9o, le design et le multit\u00e2che intensif.<\/p>\n<p data-start=\"488\" data-end=\"776\">La carte graphique <strong data-start=\"507\" data-end=\"548\">MSI NVIDIA GeForce RTX 4060 Ventus 8G<\/strong> garantit des graphismes r\u00e9alistes et fluides, avec la prise en charge de technologies avanc\u00e9es comme le ray tracing et le DLSS, assurant une exp\u00e9rience de jeu immersive et d\u2019excellentes performances dans les logiciels cr\u00e9atifs.<\/p>\n<p data-start=\"778\" data-end=\"1028\">Avec <strong data-start=\"783\" data-end=\"807\">32 Go de m\u00e9moire RAM<\/strong>, le syst\u00e8me reste fluide m\u00eame avec plusieurs applications et t\u00e2ches simultan\u00e9es. Le <strong data-start=\"892\" data-end=\"912\">SSD NVMe de 1 To<\/strong> assure un d\u00e9marrage rapide du syst\u00e8me, un chargement instantan\u00e9 des applications et un espace de stockage g\u00e9n\u00e9reux.<\/p>\n<p data-start=\"1030\" data-end=\"1266\">Le syst\u00e8me de refroidissement liquide <strong data-start=\"1068\" data-end=\"1106\">Thermalright Frozen Notte 360 ARGB<\/strong> maintient des temp\u00e9ratures optimales m\u00eame lors de longues sessions d\u2019utilisation, tout en ajoutant un style moderne gr\u00e2ce \u00e0 son \u00e9clairage ARGB personnalisable.<\/p>\n<p data-start=\"1268\" data-end=\"1456\">Le bo\u00eetier <strong data-start=\"1279\" data-end=\"1305\">Mars Gaming MC-3TCOREM<\/strong> combine une esth\u00e9tique agressive avec un excellent flux d\u2019air, parfait pour ceux qui souhaitent un setup gamer complet et visuellement impressionnant.<\/p>\n","protected":false},"featured_media":7377,"comment_status":"open","ping_status":"closed","template":"","meta":[],"product_brand":[],"product_cat":[58,59],"product_tag":[53,55],"class_list":{"0":"post-7248","1":"product","2":"type-product","3":"status-publish","4":"has-post-thumbnail","6":"product_cat-design-graphique","7":"product_cat-programmation-et-developpement","8":"product_tag-gamer","9":"product_tag-pc","11":"first","12":"instock","13":"shipping-taxable","14":"purchasable","15":"product-type-simple"},"yoast_head":"<!-- This site is optimized with the Yoast SEO plugin v26.4 - https:\/\/yoast.com\/wordpress\/plugins\/seo\/ -->\n<title>ProPlay Mars Gaming MC-3TCOREM, Bo\u00eetier Gaming Custom Micro-ATX, 32ran, AMD Ryzen 5 7600X, MSI NVIDIA GeForce RTX 4060 Ventus 8G - ProPlaystore<\/title>\n<meta name=\"robots\" content=\"index, follow, max-snippet:-1, max-image-preview:large, max-video-preview:-1\" \/>\n<link rel=\"canonical\" href=\"https:\/\/proplaystore.lu\/index.php\/produit\/keurig-k-express-essentials-single-serve-k-cup\/\" \/>\n<meta property=\"og:locale\" content=\"en_US\" \/>\n<meta property=\"og:type\" content=\"article\" \/>\n<meta property=\"og:title\" content=\"ProPlay Mars Gaming MC-3TCOREM, Bo\u00eetier Gaming Custom Micro-ATX, 32ran, AMD Ryzen 5 7600X, MSI NVIDIA GeForce RTX 4060 Ventus 8G - ProPlaystore\" \/>\n<meta property=\"og:description\" content=\"Le ProPlay Mars Gaming MC-3TCOREM est un PC haute performance au design gamer personnalis\u00e9 au format Micro-ATX, id\u00e9al pour ceux qui recherchent puissance et style. \u00c9quip\u00e9 du processeur AMD Ryzen 5 7600X, il offre des performances rapides et efficaces pour le gaming, le montage vid\u00e9o, le design et le multit\u00e2che intensif. La carte graphique MSI NVIDIA GeForce RTX 4060 Ventus 8G garantit des graphismes r\u00e9alistes et fluides, avec la prise en charge de technologies avanc\u00e9es comme le ray tracing et le DLSS, assurant une exp\u00e9rience de jeu immersive et d\u2019excellentes performances dans les logiciels cr\u00e9atifs. Avec 32 Go de m\u00e9moire RAM, le syst\u00e8me reste fluide m\u00eame avec plusieurs applications et t\u00e2ches simultan\u00e9es. Le SSD NVMe de 1 To assure un d\u00e9marrage rapide du syst\u00e8me, un chargement instantan\u00e9 des applications et un espace de stockage g\u00e9n\u00e9reux. Le syst\u00e8me de refroidissement liquide Thermalright Frozen Notte 360 ARGB maintient des temp\u00e9ratures optimales m\u00eame lors de longues sessions d\u2019utilisation, tout en ajoutant un style moderne gr\u00e2ce \u00e0 son \u00e9clairage ARGB personnalisable. Le bo\u00eetier Mars Gaming MC-3TCOREM combine une esth\u00e9tique agressive avec un excellent flux d\u2019air, parfait pour ceux qui souhaitent un setup gamer complet et visuellement impressionnant.\" \/>\n<meta property=\"og:url\" content=\"https:\/\/proplaystore.lu\/index.php\/produit\/keurig-k-express-essentials-single-serve-k-cup\/\" \/>\n<meta property=\"og:site_name\" content=\"ProPlaystore\" \/>\n<meta property=\"article:modified_time\" content=\"2025-08-11T01:31:34+00:00\" \/>\n<meta property=\"og:image\" content=\"https:\/\/proplaystore.lu\/wp-content\/uploads\/2025\/08\/Design-sem-nome-30-1024x1024.png\" \/>\n\t<meta property=\"og:image:width\" content=\"1024\" \/>\n\t<meta property=\"og:image:height\" content=\"1024\" \/>\n\t<meta property=\"og:image:type\" content=\"image\/png\" \/>\n<meta name=\"twitter:card\" content=\"summary_large_image\" \/>\n<meta name=\"twitter:label1\" content=\"Est. reading time\" \/>\n\t<meta name=\"twitter:data1\" content=\"1 minute\" \/>\n<script type=\"application\/ld+json\" class=\"yoast-schema-graph\">{\"@context\":\"https:\/\/schema.org\",\"@graph\":[{\"@type\":\"WebPage\",\"@id\":\"https:\/\/proplaystore.lu\/index.php\/produit\/keurig-k-express-essentials-single-serve-k-cup\/\",\"url\":\"https:\/\/proplaystore.lu\/index.php\/produit\/keurig-k-express-essentials-single-serve-k-cup\/\",\"name\":\"ProPlay Mars Gaming MC-3TCOREM, Bo\u00eetier Gaming Custom Micro-ATX, 32ran, AMD Ryzen 5 7600X, MSI NVIDIA GeForce RTX 4060 Ventus 8G - ProPlaystore\",\"isPartOf\":{\"@id\":\"https:\/\/proplaystore.lu\/#website\"},\"primaryImageOfPage\":{\"@id\":\"https:\/\/proplaystore.lu\/index.php\/produit\/keurig-k-express-essentials-single-serve-k-cup\/#primaryimage\"},\"image\":{\"@id\":\"https:\/\/proplaystore.lu\/index.php\/produit\/keurig-k-express-essentials-single-serve-k-cup\/#primaryimage\"},\"thumbnailUrl\":\"https:\/\/proplaystore.lu\/wp-content\/uploads\/2025\/08\/Design-sem-nome-30-scaled.png\",\"datePublished\":\"2025-08-10T14:39:09+00:00\",\"dateModified\":\"2025-08-11T01:31:34+00:00\",\"breadcrumb\":{\"@id\":\"https:\/\/proplaystore.lu\/index.php\/produit\/keurig-k-express-essentials-single-serve-k-cup\/#breadcrumb\"},\"inLanguage\":\"en-US\",\"potentialAction\":[{\"@type\":\"ReadAction\",\"target\":[\"https:\/\/proplaystore.lu\/index.php\/produit\/keurig-k-express-essentials-single-serve-k-cup\/\"]}]},{\"@type\":\"ImageObject\",\"inLanguage\":\"en-US\",\"@id\":\"https:\/\/proplaystore.lu\/index.php\/produit\/keurig-k-express-essentials-single-serve-k-cup\/#primaryimage\",\"url\":\"https:\/\/proplaystore.lu\/wp-content\/uploads\/2025\/08\/Design-sem-nome-30-scaled.png\",\"contentUrl\":\"https:\/\/proplaystore.lu\/wp-content\/uploads\/2025\/08\/Design-sem-nome-30-scaled.png\",\"width\":2560,\"height\":2560},{\"@type\":\"BreadcrumbList\",\"@id\":\"https:\/\/proplaystore.lu\/index.php\/produit\/keurig-k-express-essentials-single-serve-k-cup\/#breadcrumb\",\"itemListElement\":[{\"@type\":\"ListItem\",\"position\":1,\"name\":\"Accueil\",\"item\":\"https:\/\/proplaystore.lu\/\"},{\"@type\":\"ListItem\",\"position\":2,\"name\":\"Shop\",\"item\":\"https:\/\/proplaystore.lu\/index.php\/shop\/\"},{\"@type\":\"ListItem\",\"position\":3,\"name\":\"ProPlay Mars Gaming MC-3TCOREM, Bo\u00eetier Gaming Custom Micro-ATX, 32ran, AMD Ryzen 5 7600X, MSI NVIDIA GeForce RTX 4060 Ventus 8G\"}]},{\"@type\":\"WebSite\",\"@id\":\"https:\/\/proplaystore.lu\/#website\",\"url\":\"https:\/\/proplaystore.lu\/\",\"name\":\"ProPlaystore\",\"description\":\"proplaysre\",\"potentialAction\":[{\"@type\":\"SearchAction\",\"target\":{\"@type\":\"EntryPoint\",\"urlTemplate\":\"https:\/\/proplaystore.lu\/?s={search_term_string}\"},\"query-input\":{\"@type\":\"PropertyValueSpecification\",\"valueRequired\":true,\"valueName\":\"search_term_string\"}}],\"inLanguage\":\"en-US\"}]}<\/script>\n<!-- \/ Yoast SEO plugin. -->","yoast_head_json":{"title":"ProPlay Mars Gaming MC-3TCOREM, Bo\u00eetier Gaming Custom Micro-ATX, 32ran, AMD Ryzen 5 7600X, MSI NVIDIA GeForce RTX 4060 Ventus 8G - ProPlaystore","robots":{"index":"index","follow":"follow","max-snippet":"max-snippet:-1","max-image-preview":"max-image-preview:large","max-video-preview":"max-video-preview:-1"},"canonical":"https:\/\/proplaystore.lu\/index.php\/produit\/keurig-k-express-essentials-single-serve-k-cup\/","og_locale":"en_US","og_type":"article","og_title":"ProPlay Mars Gaming MC-3TCOREM, Bo\u00eetier Gaming Custom Micro-ATX, 32ran, AMD Ryzen 5 7600X, MSI NVIDIA GeForce RTX 4060 Ventus 8G - ProPlaystore","og_description":"Le ProPlay Mars Gaming MC-3TCOREM est un PC haute performance au design gamer personnalis\u00e9 au format Micro-ATX, id\u00e9al pour ceux qui recherchent puissance et style. \u00c9quip\u00e9 du processeur AMD Ryzen 5 7600X, il offre des performances rapides et efficaces pour le gaming, le montage vid\u00e9o, le design et le multit\u00e2che intensif. La carte graphique MSI NVIDIA GeForce RTX 4060 Ventus 8G garantit des graphismes r\u00e9alistes et fluides, avec la prise en charge de technologies avanc\u00e9es comme le ray tracing et le DLSS, assurant une exp\u00e9rience de jeu immersive et d\u2019excellentes performances dans les logiciels cr\u00e9atifs. Avec 32 Go de m\u00e9moire RAM, le syst\u00e8me reste fluide m\u00eame avec plusieurs applications et t\u00e2ches simultan\u00e9es. Le SSD NVMe de 1 To assure un d\u00e9marrage rapide du syst\u00e8me, un chargement instantan\u00e9 des applications et un espace de stockage g\u00e9n\u00e9reux. Le syst\u00e8me de refroidissement liquide Thermalright Frozen Notte 360 ARGB maintient des temp\u00e9ratures optimales m\u00eame lors de longues sessions d\u2019utilisation, tout en ajoutant un style moderne gr\u00e2ce \u00e0 son \u00e9clairage ARGB personnalisable. Le bo\u00eetier Mars Gaming MC-3TCOREM combine une esth\u00e9tique agressive avec un excellent flux d\u2019air, parfait pour ceux qui souhaitent un setup gamer complet et visuellement impressionnant.","og_url":"https:\/\/proplaystore.lu\/index.php\/produit\/keurig-k-express-essentials-single-serve-k-cup\/","og_site_name":"ProPlaystore","article_modified_time":"2025-08-11T01:31:34+00:00","og_image":[{"width":1024,"height":1024,"url":"https:\/\/proplaystore.lu\/wp-content\/uploads\/2025\/08\/Design-sem-nome-30-1024x1024.png","type":"image\/png"}],"twitter_card":"summary_large_image","twitter_misc":{"Est. reading time":"1 minute"},"schema":{"@context":"https:\/\/schema.org","@graph":[{"@type":"WebPage","@id":"https:\/\/proplaystore.lu\/index.php\/produit\/keurig-k-express-essentials-single-serve-k-cup\/","url":"https:\/\/proplaystore.lu\/index.php\/produit\/keurig-k-express-essentials-single-serve-k-cup\/","name":"ProPlay Mars Gaming MC-3TCOREM, Bo\u00eetier Gaming Custom Micro-ATX, 32ran, AMD Ryzen 5 7600X, MSI NVIDIA GeForce RTX 4060 Ventus 8G - ProPlaystore","isPartOf":{"@id":"https:\/\/proplaystore.lu\/#website"},"primaryImageOfPage":{"@id":"https:\/\/proplaystore.lu\/index.php\/produit\/keurig-k-express-essentials-single-serve-k-cup\/#primaryimage"},"image":{"@id":"https:\/\/proplaystore.lu\/index.php\/produit\/keurig-k-express-essentials-single-serve-k-cup\/#primaryimage"},"thumbnailUrl":"https:\/\/proplaystore.lu\/wp-content\/uploads\/2025\/08\/Design-sem-nome-30-scaled.png","datePublished":"2025-08-10T14:39:09+00:00","dateModified":"2025-08-11T01:31:34+00:00","breadcrumb":{"@id":"https:\/\/proplaystore.lu\/index.php\/produit\/keurig-k-express-essentials-single-serve-k-cup\/#breadcrumb"},"inLanguage":"en-US","potentialAction":[{"@type":"ReadAction","target":["https:\/\/proplaystore.lu\/index.php\/produit\/keurig-k-express-essentials-single-serve-k-cup\/"]}]},{"@type":"ImageObject","inLanguage":"en-US","@id":"https:\/\/proplaystore.lu\/index.php\/produit\/keurig-k-express-essentials-single-serve-k-cup\/#primaryimage","url":"https:\/\/proplaystore.lu\/wp-content\/uploads\/2025\/08\/Design-sem-nome-30-scaled.png","contentUrl":"https:\/\/proplaystore.lu\/wp-content\/uploads\/2025\/08\/Design-sem-nome-30-scaled.png","width":2560,"height":2560},{"@type":"BreadcrumbList","@id":"https:\/\/proplaystore.lu\/index.php\/produit\/keurig-k-express-essentials-single-serve-k-cup\/#breadcrumb","itemListElement":[{"@type":"ListItem","position":1,"name":"Accueil","item":"https:\/\/proplaystore.lu\/"},{"@type":"ListItem","position":2,"name":"Shop","item":"https:\/\/proplaystore.lu\/index.php\/shop\/"},{"@type":"ListItem","position":3,"name":"ProPlay Mars Gaming MC-3TCOREM, Bo\u00eetier Gaming Custom Micro-ATX, 32ran, AMD Ryzen 5 7600X, MSI NVIDIA GeForce RTX 4060 Ventus 8G"}]},{"@type":"WebSite","@id":"https:\/\/proplaystore.lu\/#website","url":"https:\/\/proplaystore.lu\/","name":"ProPlaystore","description":"proplaysre","potentialAction":[{"@type":"SearchAction","target":{"@type":"EntryPoint","urlTemplate":"https:\/\/proplaystore.lu\/?s={search_term_string}"},"query-input":{"@type":"PropertyValueSpecification","valueRequired":true,"valueName":"search_term_string"}}],"inLanguage":"en-US"}]}},"_links":{"self":[{"href":"https:\/\/proplaystore.lu\/index.php\/wp-json\/wp\/v2\/product\/7248","targetHints":{"allow":["GET"]}}],"collection":[{"href":"https:\/\/proplaystore.lu\/index.php\/wp-json\/wp\/v2\/product"}],"about":[{"href":"https:\/\/proplaystore.lu\/index.php\/wp-json\/wp\/v2\/types\/product"}],"replies":[{"embeddable":true,"href":"https:\/\/proplaystore.lu\/index.php\/wp-json\/wp\/v2\/comments?post=7248"}],"wp:featuredmedia":[{"embeddable":true,"href":"https:\/\/proplaystore.lu\/index.php\/wp-json\/wp\/v2\/media\/7377"}],"wp:attachment":[{"href":"https:\/\/proplaystore.lu\/index.php\/wp-json\/wp\/v2\/media?parent=7248"}],"wp:term":[{"taxonomy":"product_brand","embeddable":true,"href":"https:\/\/proplaystore.lu\/index.php\/wp-json\/wp\/v2\/product_brand?post=7248"},{"taxonomy":"product_cat","embeddable":true,"href":"https:\/\/proplaystore.lu\/index.php\/wp-json\/wp\/v2\/product_cat?post=7248"},{"taxonomy":"product_tag","embeddable":true,"href":"https:\/\/proplaystore.lu\/index.php\/wp-json\/wp\/v2\/product_tag?post=7248"}],"curies":[{"name":"wp","href":"https:\/\/api.w.org\/{rel}","templated":true}]}}