{"id":7491,"date":"2025-08-12T12:41:26","date_gmt":"2025-08-12T12:41:26","guid":{"rendered":"https:\/\/proplaystore.lu\/?post_type=product&#038;p=7491"},"modified":"2025-08-18T19:58:17","modified_gmt":"2025-08-18T19:58:17","slug":"rog-strix-b550-a-gaming-carte-mere-amd-ryzen-am4-atx-pcie-4-0-14-phases-dalimentation-intel-2-5-gb-ethernet-2xm-2-asus-optimem-ii-ai-noise-canceling-microphone-usb-3-2-gen-2-aura-sync","status":"publish","type":"product","link":"https:\/\/proplaystore.lu\/index.php\/produit\/rog-strix-b550-a-gaming-carte-mere-amd-ryzen-am4-atx-pcie-4-0-14-phases-dalimentation-intel-2-5-gb-ethernet-2xm-2-asus-optimem-ii-ai-noise-canceling-microphone-usb-3-2-gen-2-aura-sync\/","title":{"rendered":"ROG Strix B550-A Gaming Carte m\u00e8re AMD Ryzen AM4 ATX (PCIe 4.0, 14 phases d&#8217;alimentation, Intel 2.5 Gb Ethernet, 2xM.2, ASUS OptiMem II, AI Noise-Canceling Microphone, USB 3.2 Gen 2, Aura Sync)"},"content":{"rendered":"<table class=\"a-normal a-spacing-micro\" role=\"list\">\n<tbody>\n<tr class=\"a-spacing-small po-brand\" role=\"listitem\">\n<td class=\"a-span3\" role=\"presentation\"><span class=\"a-size-base a-text-bold\">Marque<\/span><\/td>\n<td class=\"a-span9\" role=\"presentation\"><span class=\"a-size-base po-break-word\">ASUS<\/span><\/td>\n<\/tr>\n<tr class=\"a-spacing-small po-cpu_model.socket\" role=\"listitem\">\n<td class=\"a-span3\" role=\"presentation\"><span class=\"a-size-base a-text-bold\">Socket du CPU<\/span><\/td>\n<td class=\"a-span9\" role=\"presentation\"><span class=\"a-size-base po-break-word\">Socket AM4<\/span><\/td>\n<\/tr>\n<tr class=\"a-spacing-small po-compatible_devices\" role=\"listitem\">\n<td class=\"a-span3\" role=\"presentation\"><span class=\"a-size-base a-text-bold\">Appareils compatibles<\/span><\/td>\n<td class=\"a-span9\" role=\"presentation\"><span class=\"a-size-base po-break-word\">Ordinateur personnel<\/span><\/td>\n<\/tr>\n<tr class=\"a-spacing-small po-ram_memory.technology\" role=\"listitem\">\n<td class=\"a-span3\" role=\"presentation\"><span class=\"a-size-base a-text-bold\">Technologie de m\u00e9moire RAM<\/span><\/td>\n<td class=\"a-span9\" role=\"presentation\"><span class=\"a-size-base po-break-word\">DDR4<\/span><\/td>\n<\/tr>\n<tr class=\"a-spacing-small po-compatible_processor_types\" role=\"listitem\">\n<td class=\"a-span3\" role=\"presentation\"><span class=\"a-size-base a-text-bold\">Processeurs compatibles<\/span><\/td>\n<td class=\"a-span9\" role=\"presentation\"><span class=\"a-size-base po-break-word\">AMD Ryzen 3<\/span><\/td>\n<\/tr>\n<tr class=\"a-spacing-small po-chipset_type\" role=\"listitem\">\n<td class=\"a-span3\" role=\"presentation\"><span class=\"a-size-base a-text-bold\">Type de chipset<\/span><\/td>\n<td class=\"a-span9\" role=\"presentation\"><span class=\"a-size-base po-break-word\">AMD B550<\/span><\/td>\n<\/tr>\n<tr class=\"a-spacing-small po-memory_clock_speed\" role=\"listitem\">\n<td class=\"a-span3\" role=\"presentation\"><span class=\"a-size-base a-text-bold\">Vitesse d&#8217;horloge de m\u00e9moire<\/span><\/td>\n<td class=\"a-span9\" role=\"presentation\"><span class=\"a-size-base po-break-word\">2133 MHz<\/span><\/td>\n<\/tr>\n<tr class=\"a-spacing-small po-platform\" role=\"listitem\">\n<td class=\"a-span3\" role=\"presentation\"><span class=\"a-size-base a-text-bold\">Plateforme<\/span><\/td>\n<td class=\"a-span9\" role=\"presentation\"><span class=\"a-size-base po-break-word\">Windows 10<\/span><\/td>\n<\/tr>\n<tr class=\"a-spacing-small po-model_name\" role=\"listitem\">\n<td class=\"a-span3\" role=\"presentation\"><span class=\"a-size-base a-text-bold\">Nom de mod\u00e8le<\/span><\/td>\n<td class=\"a-span9\" role=\"presentation\"><span class=\"a-size-base po-break-word\">ROG STRIX B550-A GAMING<\/span><\/td>\n<\/tr>\n<tr class=\"a-spacing-small po-cpu_model.family\" role=\"listitem\">\n<td class=\"a-span3\" role=\"presentation\"><span class=\"a-size-base a-text-bold\">Mod\u00e8le du\u00a0CPU<\/span><\/td>\n<td class=\"a-span9\" role=\"presentation\"><span class=\"a-size-base po-break-word\">Ryzen 3<\/span><\/td>\n<\/tr>\n<\/tbody>\n<\/table>\n","protected":false},"excerpt":{"rendered":"<h2 class=\"a-size-base-plus a-text-bold\">\u00c0 propos de cet article<\/h2>\n<ul class=\"a-unordered-list a-vertical a-spacing-mini\">\n<li class=\"a-spacing-mini\"><span class=\"a-list-item\">Socket AM4 pour processeurs 3e g\u00e9n\u00e9ration AMD Ryzen <\/span><\/li>\n<li class=\"a-spacing-mini\"><span class=\"a-list-item\">Meilleure connectivit\u00e9 pour le jeu : compatible PCI 4.0, double slot M.2, USB 3.2 Gen 2 Type-C, HDMI 2.1 et DisplayPort 1.2 <\/span><\/li>\n<li class=\"a-spacing-mini\"><span class=\"a-list-item\">R\u00e9seau fluide : Ethernet Intel 2.5Gb avec ASUS LANGuard <\/span><\/li>\n<li class=\"a-spacing-mini\"><span class=\"a-list-item\">Alimentation efficace : phases d\u2019alimentation unifi\u00e9es avec connecteur ProCool, bobines en alliage de qualit\u00e9 et condensateurs durables <\/span><\/li>\n<li class=\"a-spacing-mini\"><span class=\"a-list-item\">Logiciel exclusif : interfaces intuitives pour BIOS UEFI et ASUS AI Networking pour une configuration simplifi\u00e9e <\/span><\/li>\n<li class=\"a-spacing-mini\"><span class=\"a-list-item\">Personnalisation compl\u00e8te : \u00e9clairage Aura Sync RGB avec connecteur Aura et connecteur G\u00e9n.2 adressable <\/span><\/li>\n<li class=\"a-spacing-mini\"><span class=\"a-list-item\">Audio gaming : microphone AI Noise-Canceling, codec SupremeFX S1220A, DTS Sound Unbound et Sonic Studio III pour une exp\u00e9rience plus immersive<\/span><\/li>\n<\/ul>\n","protected":false},"featured_media":7332,"comment_status":"open","ping_status":"closed","template":"","meta":[],"product_brand":[],"product_cat":[66],"product_tag":[53,55],"class_list":{"0":"post-7491","1":"product","2":"type-product","3":"status-publish","4":"has-post-thumbnail","6":"product_cat-carte-mere","7":"product_tag-gamer","8":"product_tag-pc","10":"first","11":"instock","12":"shipping-taxable","13":"purchasable","14":"product-type-simple"},"yoast_head":"<!-- This site is optimized with the Yoast SEO plugin v26.4 - https:\/\/yoast.com\/wordpress\/plugins\/seo\/ -->\n<title>ROG Strix B550-A Gaming Carte m\u00e8re AMD Ryzen AM4 ATX (PCIe 4.0, 14 phases d&#039;alimentation, Intel 2.5 Gb Ethernet, 2xM.2, ASUS OptiMem II, AI Noise-Canceling Microphone, USB 3.2 Gen 2, Aura Sync) - ProPlaystore<\/title>\n<meta name=\"robots\" content=\"index, follow, max-snippet:-1, max-image-preview:large, max-video-preview:-1\" \/>\n<link rel=\"canonical\" href=\"https:\/\/proplaystore.lu\/index.php\/produit\/rog-strix-b550-a-gaming-carte-mere-amd-ryzen-am4-atx-pcie-4-0-14-phases-dalimentation-intel-2-5-gb-ethernet-2xm-2-asus-optimem-ii-ai-noise-canceling-microphone-usb-3-2-gen-2-aura-sync\/\" \/>\n<meta property=\"og:locale\" content=\"en_US\" \/>\n<meta property=\"og:type\" content=\"article\" \/>\n<meta property=\"og:title\" content=\"ROG Strix B550-A Gaming Carte m\u00e8re AMD Ryzen AM4 ATX (PCIe 4.0, 14 phases d&#039;alimentation, Intel 2.5 Gb Ethernet, 2xM.2, ASUS OptiMem II, AI Noise-Canceling Microphone, USB 3.2 Gen 2, Aura Sync) - ProPlaystore\" \/>\n<meta property=\"og:description\" content=\"\u00c0 propos de cet article   Socket AM4 pour processeurs 3e g\u00e9n\u00e9ration AMD Ryzen   Meilleure connectivit\u00e9 pour le jeu : compatible PCI 4.0, double slot M.2, USB 3.2 Gen 2 Type-C, HDMI 2.1 et DisplayPort 1.2   R\u00e9seau fluide : Ethernet Intel 2.5Gb avec ASUS LANGuard   Alimentation efficace : phases d\u2019alimentation unifi\u00e9es avec connecteur ProCool, bobines en alliage de qualit\u00e9 et condensateurs durables   Logiciel exclusif : interfaces intuitives pour BIOS UEFI et ASUS AI Networking pour une configuration simplifi\u00e9e   Personnalisation compl\u00e8te : \u00e9clairage Aura Sync RGB avec connecteur Aura et connecteur G\u00e9n.2 adressable   Audio gaming : microphone AI Noise-Canceling, codec SupremeFX S1220A, DTS Sound Unbound et Sonic Studio III pour une exp\u00e9rience plus immersive\" \/>\n<meta property=\"og:url\" content=\"https:\/\/proplaystore.lu\/index.php\/produit\/rog-strix-b550-a-gaming-carte-mere-amd-ryzen-am4-atx-pcie-4-0-14-phases-dalimentation-intel-2-5-gb-ethernet-2xm-2-asus-optimem-ii-ai-noise-canceling-microphone-usb-3-2-gen-2-aura-sync\/\" \/>\n<meta property=\"og:site_name\" content=\"ProPlaystore\" \/>\n<meta property=\"article:modified_time\" content=\"2025-08-18T19:58:17+00:00\" \/>\n<meta property=\"og:image\" content=\"https:\/\/proplaystore.lu\/wp-content\/uploads\/2025\/08\/81SQeprCnuL._AC_SX679_.jpg\" \/>\n\t<meta property=\"og:image:width\" content=\"679\" \/>\n\t<meta property=\"og:image:height\" content=\"564\" \/>\n\t<meta property=\"og:image:type\" content=\"image\/jpeg\" \/>\n<meta name=\"twitter:card\" content=\"summary_large_image\" \/>\n<meta name=\"twitter:label1\" content=\"Est. reading time\" \/>\n\t<meta name=\"twitter:data1\" content=\"1 minute\" \/>\n<script type=\"application\/ld+json\" class=\"yoast-schema-graph\">{\"@context\":\"https:\/\/schema.org\",\"@graph\":[{\"@type\":\"WebPage\",\"@id\":\"https:\/\/proplaystore.lu\/index.php\/produit\/rog-strix-b550-a-gaming-carte-mere-amd-ryzen-am4-atx-pcie-4-0-14-phases-dalimentation-intel-2-5-gb-ethernet-2xm-2-asus-optimem-ii-ai-noise-canceling-microphone-usb-3-2-gen-2-aura-sync\/\",\"url\":\"https:\/\/proplaystore.lu\/index.php\/produit\/rog-strix-b550-a-gaming-carte-mere-amd-ryzen-am4-atx-pcie-4-0-14-phases-dalimentation-intel-2-5-gb-ethernet-2xm-2-asus-optimem-ii-ai-noise-canceling-microphone-usb-3-2-gen-2-aura-sync\/\",\"name\":\"ROG Strix B550-A Gaming Carte m\u00e8re AMD Ryzen AM4 ATX (PCIe 4.0, 14 phases d'alimentation, Intel 2.5 Gb Ethernet, 2xM.2, ASUS OptiMem II, AI Noise-Canceling Microphone, USB 3.2 Gen 2, Aura Sync) - ProPlaystore\",\"isPartOf\":{\"@id\":\"https:\/\/proplaystore.lu\/#website\"},\"primaryImageOfPage\":{\"@id\":\"https:\/\/proplaystore.lu\/index.php\/produit\/rog-strix-b550-a-gaming-carte-mere-amd-ryzen-am4-atx-pcie-4-0-14-phases-dalimentation-intel-2-5-gb-ethernet-2xm-2-asus-optimem-ii-ai-noise-canceling-microphone-usb-3-2-gen-2-aura-sync\/#primaryimage\"},\"image\":{\"@id\":\"https:\/\/proplaystore.lu\/index.php\/produit\/rog-strix-b550-a-gaming-carte-mere-amd-ryzen-am4-atx-pcie-4-0-14-phases-dalimentation-intel-2-5-gb-ethernet-2xm-2-asus-optimem-ii-ai-noise-canceling-microphone-usb-3-2-gen-2-aura-sync\/#primaryimage\"},\"thumbnailUrl\":\"https:\/\/proplaystore.lu\/wp-content\/uploads\/2025\/08\/81SQeprCnuL._AC_SX679_.jpg\",\"datePublished\":\"2025-08-12T12:41:26+00:00\",\"dateModified\":\"2025-08-18T19:58:17+00:00\",\"breadcrumb\":{\"@id\":\"https:\/\/proplaystore.lu\/index.php\/produit\/rog-strix-b550-a-gaming-carte-mere-amd-ryzen-am4-atx-pcie-4-0-14-phases-dalimentation-intel-2-5-gb-ethernet-2xm-2-asus-optimem-ii-ai-noise-canceling-microphone-usb-3-2-gen-2-aura-sync\/#breadcrumb\"},\"inLanguage\":\"en-US\",\"potentialAction\":[{\"@type\":\"ReadAction\",\"target\":[\"https:\/\/proplaystore.lu\/index.php\/produit\/rog-strix-b550-a-gaming-carte-mere-amd-ryzen-am4-atx-pcie-4-0-14-phases-dalimentation-intel-2-5-gb-ethernet-2xm-2-asus-optimem-ii-ai-noise-canceling-microphone-usb-3-2-gen-2-aura-sync\/\"]}]},{\"@type\":\"ImageObject\",\"inLanguage\":\"en-US\",\"@id\":\"https:\/\/proplaystore.lu\/index.php\/produit\/rog-strix-b550-a-gaming-carte-mere-amd-ryzen-am4-atx-pcie-4-0-14-phases-dalimentation-intel-2-5-gb-ethernet-2xm-2-asus-optimem-ii-ai-noise-canceling-microphone-usb-3-2-gen-2-aura-sync\/#primaryimage\",\"url\":\"https:\/\/proplaystore.lu\/wp-content\/uploads\/2025\/08\/81SQeprCnuL._AC_SX679_.jpg\",\"contentUrl\":\"https:\/\/proplaystore.lu\/wp-content\/uploads\/2025\/08\/81SQeprCnuL._AC_SX679_.jpg\",\"width\":679,\"height\":564},{\"@type\":\"BreadcrumbList\",\"@id\":\"https:\/\/proplaystore.lu\/index.php\/produit\/rog-strix-b550-a-gaming-carte-mere-amd-ryzen-am4-atx-pcie-4-0-14-phases-dalimentation-intel-2-5-gb-ethernet-2xm-2-asus-optimem-ii-ai-noise-canceling-microphone-usb-3-2-gen-2-aura-sync\/#breadcrumb\",\"itemListElement\":[{\"@type\":\"ListItem\",\"position\":1,\"name\":\"Accueil\",\"item\":\"https:\/\/proplaystore.lu\/\"},{\"@type\":\"ListItem\",\"position\":2,\"name\":\"Shop\",\"item\":\"https:\/\/proplaystore.lu\/index.php\/shop\/\"},{\"@type\":\"ListItem\",\"position\":3,\"name\":\"ROG Strix B550-A Gaming Carte m\u00e8re AMD Ryzen AM4 ATX (PCIe 4.0, 14 phases d&#8217;alimentation, Intel 2.5 Gb Ethernet, 2xM.2, ASUS OptiMem II, AI Noise-Canceling Microphone, USB 3.2 Gen 2, Aura Sync)\"}]},{\"@type\":\"WebSite\",\"@id\":\"https:\/\/proplaystore.lu\/#website\",\"url\":\"https:\/\/proplaystore.lu\/\",\"name\":\"ProPlaystore\",\"description\":\"proplaysre\",\"potentialAction\":[{\"@type\":\"SearchAction\",\"target\":{\"@type\":\"EntryPoint\",\"urlTemplate\":\"https:\/\/proplaystore.lu\/?s={search_term_string}\"},\"query-input\":{\"@type\":\"PropertyValueSpecification\",\"valueRequired\":true,\"valueName\":\"search_term_string\"}}],\"inLanguage\":\"en-US\"}]}<\/script>\n<!-- \/ Yoast SEO plugin. -->","yoast_head_json":{"title":"ROG Strix B550-A Gaming Carte m\u00e8re AMD Ryzen AM4 ATX (PCIe 4.0, 14 phases d'alimentation, Intel 2.5 Gb Ethernet, 2xM.2, ASUS OptiMem II, AI Noise-Canceling Microphone, USB 3.2 Gen 2, Aura Sync) - ProPlaystore","robots":{"index":"index","follow":"follow","max-snippet":"max-snippet:-1","max-image-preview":"max-image-preview:large","max-video-preview":"max-video-preview:-1"},"canonical":"https:\/\/proplaystore.lu\/index.php\/produit\/rog-strix-b550-a-gaming-carte-mere-amd-ryzen-am4-atx-pcie-4-0-14-phases-dalimentation-intel-2-5-gb-ethernet-2xm-2-asus-optimem-ii-ai-noise-canceling-microphone-usb-3-2-gen-2-aura-sync\/","og_locale":"en_US","og_type":"article","og_title":"ROG Strix B550-A Gaming Carte m\u00e8re AMD Ryzen AM4 ATX (PCIe 4.0, 14 phases d'alimentation, Intel 2.5 Gb Ethernet, 2xM.2, ASUS OptiMem II, AI Noise-Canceling Microphone, USB 3.2 Gen 2, Aura Sync) - ProPlaystore","og_description":"\u00c0 propos de cet article   Socket AM4 pour processeurs 3e g\u00e9n\u00e9ration AMD Ryzen   Meilleure connectivit\u00e9 pour le jeu : compatible PCI 4.0, double slot M.2, USB 3.2 Gen 2 Type-C, HDMI 2.1 et DisplayPort 1.2   R\u00e9seau fluide : Ethernet Intel 2.5Gb avec ASUS LANGuard   Alimentation efficace : phases d\u2019alimentation unifi\u00e9es avec connecteur ProCool, bobines en alliage de qualit\u00e9 et condensateurs durables   Logiciel exclusif : interfaces intuitives pour BIOS UEFI et ASUS AI Networking pour une configuration simplifi\u00e9e   Personnalisation compl\u00e8te : \u00e9clairage Aura Sync RGB avec connecteur Aura et connecteur G\u00e9n.2 adressable   Audio gaming : microphone AI Noise-Canceling, codec SupremeFX S1220A, DTS Sound Unbound et Sonic Studio III pour une exp\u00e9rience plus immersive","og_url":"https:\/\/proplaystore.lu\/index.php\/produit\/rog-strix-b550-a-gaming-carte-mere-amd-ryzen-am4-atx-pcie-4-0-14-phases-dalimentation-intel-2-5-gb-ethernet-2xm-2-asus-optimem-ii-ai-noise-canceling-microphone-usb-3-2-gen-2-aura-sync\/","og_site_name":"ProPlaystore","article_modified_time":"2025-08-18T19:58:17+00:00","og_image":[{"width":679,"height":564,"url":"https:\/\/proplaystore.lu\/wp-content\/uploads\/2025\/08\/81SQeprCnuL._AC_SX679_.jpg","type":"image\/jpeg"}],"twitter_card":"summary_large_image","twitter_misc":{"Est. reading time":"1 minute"},"schema":{"@context":"https:\/\/schema.org","@graph":[{"@type":"WebPage","@id":"https:\/\/proplaystore.lu\/index.php\/produit\/rog-strix-b550-a-gaming-carte-mere-amd-ryzen-am4-atx-pcie-4-0-14-phases-dalimentation-intel-2-5-gb-ethernet-2xm-2-asus-optimem-ii-ai-noise-canceling-microphone-usb-3-2-gen-2-aura-sync\/","url":"https:\/\/proplaystore.lu\/index.php\/produit\/rog-strix-b550-a-gaming-carte-mere-amd-ryzen-am4-atx-pcie-4-0-14-phases-dalimentation-intel-2-5-gb-ethernet-2xm-2-asus-optimem-ii-ai-noise-canceling-microphone-usb-3-2-gen-2-aura-sync\/","name":"ROG Strix B550-A Gaming Carte m\u00e8re AMD Ryzen AM4 ATX (PCIe 4.0, 14 phases d'alimentation, Intel 2.5 Gb Ethernet, 2xM.2, ASUS OptiMem II, AI Noise-Canceling Microphone, USB 3.2 Gen 2, Aura Sync) - ProPlaystore","isPartOf":{"@id":"https:\/\/proplaystore.lu\/#website"},"primaryImageOfPage":{"@id":"https:\/\/proplaystore.lu\/index.php\/produit\/rog-strix-b550-a-gaming-carte-mere-amd-ryzen-am4-atx-pcie-4-0-14-phases-dalimentation-intel-2-5-gb-ethernet-2xm-2-asus-optimem-ii-ai-noise-canceling-microphone-usb-3-2-gen-2-aura-sync\/#primaryimage"},"image":{"@id":"https:\/\/proplaystore.lu\/index.php\/produit\/rog-strix-b550-a-gaming-carte-mere-amd-ryzen-am4-atx-pcie-4-0-14-phases-dalimentation-intel-2-5-gb-ethernet-2xm-2-asus-optimem-ii-ai-noise-canceling-microphone-usb-3-2-gen-2-aura-sync\/#primaryimage"},"thumbnailUrl":"https:\/\/proplaystore.lu\/wp-content\/uploads\/2025\/08\/81SQeprCnuL._AC_SX679_.jpg","datePublished":"2025-08-12T12:41:26+00:00","dateModified":"2025-08-18T19:58:17+00:00","breadcrumb":{"@id":"https:\/\/proplaystore.lu\/index.php\/produit\/rog-strix-b550-a-gaming-carte-mere-amd-ryzen-am4-atx-pcie-4-0-14-phases-dalimentation-intel-2-5-gb-ethernet-2xm-2-asus-optimem-ii-ai-noise-canceling-microphone-usb-3-2-gen-2-aura-sync\/#breadcrumb"},"inLanguage":"en-US","potentialAction":[{"@type":"ReadAction","target":["https:\/\/proplaystore.lu\/index.php\/produit\/rog-strix-b550-a-gaming-carte-mere-amd-ryzen-am4-atx-pcie-4-0-14-phases-dalimentation-intel-2-5-gb-ethernet-2xm-2-asus-optimem-ii-ai-noise-canceling-microphone-usb-3-2-gen-2-aura-sync\/"]}]},{"@type":"ImageObject","inLanguage":"en-US","@id":"https:\/\/proplaystore.lu\/index.php\/produit\/rog-strix-b550-a-gaming-carte-mere-amd-ryzen-am4-atx-pcie-4-0-14-phases-dalimentation-intel-2-5-gb-ethernet-2xm-2-asus-optimem-ii-ai-noise-canceling-microphone-usb-3-2-gen-2-aura-sync\/#primaryimage","url":"https:\/\/proplaystore.lu\/wp-content\/uploads\/2025\/08\/81SQeprCnuL._AC_SX679_.jpg","contentUrl":"https:\/\/proplaystore.lu\/wp-content\/uploads\/2025\/08\/81SQeprCnuL._AC_SX679_.jpg","width":679,"height":564},{"@type":"BreadcrumbList","@id":"https:\/\/proplaystore.lu\/index.php\/produit\/rog-strix-b550-a-gaming-carte-mere-amd-ryzen-am4-atx-pcie-4-0-14-phases-dalimentation-intel-2-5-gb-ethernet-2xm-2-asus-optimem-ii-ai-noise-canceling-microphone-usb-3-2-gen-2-aura-sync\/#breadcrumb","itemListElement":[{"@type":"ListItem","position":1,"name":"Accueil","item":"https:\/\/proplaystore.lu\/"},{"@type":"ListItem","position":2,"name":"Shop","item":"https:\/\/proplaystore.lu\/index.php\/shop\/"},{"@type":"ListItem","position":3,"name":"ROG Strix B550-A Gaming Carte m\u00e8re AMD Ryzen AM4 ATX (PCIe 4.0, 14 phases d&#8217;alimentation, Intel 2.5 Gb Ethernet, 2xM.2, ASUS OptiMem II, AI Noise-Canceling Microphone, USB 3.2 Gen 2, Aura Sync)"}]},{"@type":"WebSite","@id":"https:\/\/proplaystore.lu\/#website","url":"https:\/\/proplaystore.lu\/","name":"ProPlaystore","description":"proplaysre","potentialAction":[{"@type":"SearchAction","target":{"@type":"EntryPoint","urlTemplate":"https:\/\/proplaystore.lu\/?s={search_term_string}"},"query-input":{"@type":"PropertyValueSpecification","valueRequired":true,"valueName":"search_term_string"}}],"inLanguage":"en-US"}]}},"_links":{"self":[{"href":"https:\/\/proplaystore.lu\/index.php\/wp-json\/wp\/v2\/product\/7491","targetHints":{"allow":["GET"]}}],"collection":[{"href":"https:\/\/proplaystore.lu\/index.php\/wp-json\/wp\/v2\/product"}],"about":[{"href":"https:\/\/proplaystore.lu\/index.php\/wp-json\/wp\/v2\/types\/product"}],"replies":[{"embeddable":true,"href":"https:\/\/proplaystore.lu\/index.php\/wp-json\/wp\/v2\/comments?post=7491"}],"wp:featuredmedia":[{"embeddable":true,"href":"https:\/\/proplaystore.lu\/index.php\/wp-json\/wp\/v2\/media\/7332"}],"wp:attachment":[{"href":"https:\/\/proplaystore.lu\/index.php\/wp-json\/wp\/v2\/media?parent=7491"}],"wp:term":[{"taxonomy":"product_brand","embeddable":true,"href":"https:\/\/proplaystore.lu\/index.php\/wp-json\/wp\/v2\/product_brand?post=7491"},{"taxonomy":"product_cat","embeddable":true,"href":"https:\/\/proplaystore.lu\/index.php\/wp-json\/wp\/v2\/product_cat?post=7491"},{"taxonomy":"product_tag","embeddable":true,"href":"https:\/\/proplaystore.lu\/index.php\/wp-json\/wp\/v2\/product_tag?post=7491"}],"curies":[{"name":"wp","href":"https:\/\/api.w.org\/{rel}","templated":true}]}}