{"id":7505,"date":"2025-08-12T13:18:43","date_gmt":"2025-08-12T13:18:43","guid":{"rendered":"https:\/\/proplaystore.lu\/?post_type=product&#038;p=7505"},"modified":"2025-08-19T08:01:02","modified_gmt":"2025-08-19T08:01:02","slug":"asus-prime-geforce-rtx-5070-gddr7-12gb-oc-edition-carte-graphique-pcie-5-0-hdmi-display-2-1-2-5-slot-ventilateurs-axiaux-sff-ready","status":"publish","type":"product","link":"https:\/\/proplaystore.lu\/index.php\/produit\/asus-prime-geforce-rtx-5070-gddr7-12gb-oc-edition-carte-graphique-pcie-5-0-hdmi-display-2-1-2-5-slot-ventilateurs-axiaux-sff-ready\/","title":{"rendered":"Asus Prime GeForce RTX\u2122 5070 GDDR7 12GB OC Edition \u2013 Carte Graphique (PCIe 5.0, HDMI, Display 2.1, 2.5 Slot, Ventilateurs axiaux, SFF-Ready)"},"content":{"rendered":"<table class=\"a-normal a-spacing-micro\" role=\"list\">\n<tbody>\n<tr class=\"a-spacing-small po-graphics_coprocessor\" role=\"listitem\">\n<td class=\"a-span3\" role=\"presentation\"><span class=\"a-size-base a-text-bold\">Coprocesseur graphique<\/span><\/td>\n<td class=\"a-span9\" role=\"presentation\"><span class=\"a-size-base po-break-word\">NVIDIA GeForce RTX 5000<\/span><\/td>\n<\/tr>\n<tr class=\"a-spacing-small po-brand\" role=\"listitem\">\n<td class=\"a-span3\" role=\"presentation\"><span class=\"a-size-base a-text-bold\">Marque<\/span><\/td>\n<td class=\"a-span9\" role=\"presentation\"><span class=\"a-size-base po-break-word\">ASUS<\/span><\/td>\n<\/tr>\n<tr class=\"a-spacing-small po-graphics_ram.size\" role=\"listitem\">\n<td class=\"a-span3\" role=\"presentation\"><span class=\"a-size-base a-text-bold\">Taille de la RAM graphique<\/span><\/td>\n<td class=\"a-span9\" role=\"presentation\"><span class=\"a-size-base po-break-word\">16<\/span><\/td>\n<\/tr>\n<tr class=\"a-spacing-small po-video_output_interface\" role=\"listitem\">\n<td class=\"a-span3\" role=\"presentation\"><span class=\"a-size-base a-text-bold\">Interface de sortie vid\u00e9o<\/span><\/td>\n<td class=\"a-span9\" role=\"presentation\"><span class=\"a-size-base po-break-word\">HDMI, \u00e9cran 2.1<\/span><\/td>\n<\/tr>\n<tr class=\"a-spacing-small po-graphics_processor_manufacturer\" role=\"listitem\">\n<td class=\"a-span3\" role=\"presentation\"><span class=\"a-size-base a-text-bold\">Fabricant de processeurs graphiques<\/span><\/td>\n<td class=\"a-span9\" role=\"presentation\"><span class=\"a-size-base po-break-word\">NVIDIA<\/span><\/td>\n<\/tr>\n<tr class=\"a-spacing-small po-graphics_ram.type\" role=\"listitem\">\n<td class=\"a-span3\" role=\"presentation\"><span class=\"a-size-base a-text-bold\">Type de RAM graphique<\/span><\/td>\n<td class=\"a-span9\" role=\"presentation\"><span class=\"a-size-base po-break-word\">GDDR7<\/span><\/td>\n<\/tr>\n<tr class=\"a-spacing-small po-recommended_uses_for_product\" role=\"listitem\">\n<td class=\"a-span3\" role=\"presentation\"><span class=\"a-size-base a-text-bold\">Usages recommand\u00e9s pour le produit<\/span><\/td>\n<td class=\"a-span9\" role=\"presentation\"><span class=\"a-size-base po-break-word\">Jeu<\/span><\/td>\n<\/tr>\n<tr class=\"a-spacing-small po-included_components\" role=\"listitem\">\n<td class=\"a-span3\" role=\"presentation\"><span class=\"a-size-base a-text-bold\">Composants inclus<\/span><\/td>\n<td class=\"a-span9\" role=\"presentation\"><span class=\"a-size-base po-break-word\">graphics card, set-up guide<\/span><\/td>\n<\/tr>\n<tr class=\"a-spacing-small po-compatible_devices\" role=\"listitem\">\n<td class=\"a-span3\" role=\"presentation\"><span class=\"a-size-base a-text-bold\">Appareils compatibles<\/span><\/td>\n<td class=\"a-span9\" role=\"presentation\"><span class=\"a-size-base po-break-word\">Ordinateur de bureau<\/span><\/td>\n<\/tr>\n<tr class=\"a-spacing-small po-display.resolution_maximum\" role=\"listitem\">\n<td class=\"a-span3\" role=\"presentation\"><span class=\"a-size-base a-text-bold\">R\u00e9solution d&#8217;affichage maximale<\/span><\/td>\n<td class=\"a-span9\" role=\"presentation\"><span class=\"a-size-base po-break-word\">3840&#215;2160<\/span><\/td>\n<\/tr>\n<\/tbody>\n<\/table>\n","protected":false},"excerpt":{"rendered":"<h2 class=\"a-size-base-plus a-text-bold\">\u00c0 propos de cet article<\/h2>\n<ul class=\"a-unordered-list a-vertical a-spacing-mini\">\n<li class=\"a-spacing-mini\"><span class=\"a-list-item\">Performances de l&#8217;IA : 1005 TOPS de l&#8217;IA <\/span><\/li>\n<li class=\"a-spacing-mini\"><span class=\"a-list-item\">Le mode OC augmente jusqu&#8217;\u00e0 2587 MHz (mode OC) \/ 2557 MHz (mode par d\u00e9faut) <\/span><\/li>\n<li class=\"a-spacing-mini\"><span class=\"a-list-item\">Bas\u00e9 sur l&#8217;architecture NVIDIA Blackwell et DLSS 4 <\/span><\/li>\n<li class=\"a-spacing-mini\"><span class=\"a-list-item\">Carte GeForce pour passionn\u00e9s SFF-Ready compatible avec les syst\u00e8mes \u00e0 petit format <\/span><\/li>\n<li class=\"a-spacing-mini\"><span class=\"a-list-item\">Les ventilateurs axiaux pr\u00e9sentent un moyeu plus petit, des pales plus grandes et un anneau am\u00e9liorant la pression descendante de l&#8217;air <\/span><\/li>\n<li class=\"a-spacing-mini\"><span class=\"a-list-item\">Le pad thermique GPU \u00e0 changement de phase assure un transfert de chaleur optimal, r\u00e9duisant les temp\u00e9ratures du GPU pour des performances et une fiabilit\u00e9 accrues <\/span><\/li>\n<li class=\"a-spacing-mini\"><span class=\"a-list-item\">Le design du slot 2,5 permet une plus grande compatibilit\u00e9 de montage tout en conservant un refroidissement de qualit\u00e9<\/span><\/li>\n<\/ul>\n","protected":false},"featured_media":7380,"comment_status":"open","ping_status":"closed","template":"","meta":[],"product_brand":[],"product_cat":[64],"product_tag":[53,55],"class_list":{"0":"post-7505","1":"product","2":"type-product","3":"status-publish","4":"has-post-thumbnail","6":"product_cat-carte-graphique","7":"product_tag-gamer","8":"product_tag-pc","10":"first","11":"instock","12":"shipping-taxable","13":"purchasable","14":"product-type-simple"},"yoast_head":"<!-- This site is optimized with the Yoast SEO plugin v26.4 - https:\/\/yoast.com\/wordpress\/plugins\/seo\/ -->\n<title>Asus Prime GeForce RTX\u2122 5070 GDDR7 12GB OC Edition \u2013 Carte Graphique (PCIe 5.0, HDMI, Display 2.1, 2.5 Slot, Ventilateurs axiaux, SFF-Ready) - ProPlaystore<\/title>\n<meta name=\"robots\" content=\"index, follow, max-snippet:-1, max-image-preview:large, max-video-preview:-1\" \/>\n<link rel=\"canonical\" href=\"https:\/\/proplaystore.lu\/index.php\/produit\/asus-prime-geforce-rtx-5070-gddr7-12gb-oc-edition-carte-graphique-pcie-5-0-hdmi-display-2-1-2-5-slot-ventilateurs-axiaux-sff-ready\/\" \/>\n<meta property=\"og:locale\" content=\"en_US\" \/>\n<meta property=\"og:type\" content=\"article\" \/>\n<meta property=\"og:title\" content=\"Asus Prime GeForce RTX\u2122 5070 GDDR7 12GB OC Edition \u2013 Carte Graphique (PCIe 5.0, HDMI, Display 2.1, 2.5 Slot, Ventilateurs axiaux, SFF-Ready) - ProPlaystore\" \/>\n<meta property=\"og:description\" content=\"\u00c0 propos de cet article   Performances de l&#039;IA : 1005 TOPS de l&#039;IA   Le mode OC augmente jusqu&#039;\u00e0 2587 MHz (mode OC) \/ 2557 MHz (mode par d\u00e9faut)   Bas\u00e9 sur l&#039;architecture NVIDIA Blackwell et DLSS 4   Carte GeForce pour passionn\u00e9s SFF-Ready compatible avec les syst\u00e8mes \u00e0 petit format   Les ventilateurs axiaux pr\u00e9sentent un moyeu plus petit, des pales plus grandes et un anneau am\u00e9liorant la pression descendante de l&#039;air   Le pad thermique GPU \u00e0 changement de phase assure un transfert de chaleur optimal, r\u00e9duisant les temp\u00e9ratures du GPU pour des performances et une fiabilit\u00e9 accrues   Le design du slot 2,5 permet une plus grande compatibilit\u00e9 de montage tout en conservant un refroidissement de qualit\u00e9\" \/>\n<meta property=\"og:url\" content=\"https:\/\/proplaystore.lu\/index.php\/produit\/asus-prime-geforce-rtx-5070-gddr7-12gb-oc-edition-carte-graphique-pcie-5-0-hdmi-display-2-1-2-5-slot-ventilateurs-axiaux-sff-ready\/\" \/>\n<meta property=\"og:site_name\" content=\"ProPlaystore\" \/>\n<meta property=\"article:modified_time\" content=\"2025-08-19T08:01:02+00:00\" \/>\n<meta property=\"og:image\" content=\"https:\/\/proplaystore.lu\/wp-content\/uploads\/2025\/08\/81qKy0QvLHL._AC_SY300_SX300_QL70_ML2_.jpg\" \/>\n\t<meta property=\"og:image:width\" content=\"282\" \/>\n\t<meta property=\"og:image:height\" content=\"300\" \/>\n\t<meta property=\"og:image:type\" content=\"image\/jpeg\" \/>\n<meta name=\"twitter:card\" content=\"summary_large_image\" \/>\n<meta name=\"twitter:label1\" content=\"Est. reading time\" \/>\n\t<meta name=\"twitter:data1\" content=\"1 minute\" \/>\n<script type=\"application\/ld+json\" class=\"yoast-schema-graph\">{\"@context\":\"https:\/\/schema.org\",\"@graph\":[{\"@type\":\"WebPage\",\"@id\":\"https:\/\/proplaystore.lu\/index.php\/produit\/asus-prime-geforce-rtx-5070-gddr7-12gb-oc-edition-carte-graphique-pcie-5-0-hdmi-display-2-1-2-5-slot-ventilateurs-axiaux-sff-ready\/\",\"url\":\"https:\/\/proplaystore.lu\/index.php\/produit\/asus-prime-geforce-rtx-5070-gddr7-12gb-oc-edition-carte-graphique-pcie-5-0-hdmi-display-2-1-2-5-slot-ventilateurs-axiaux-sff-ready\/\",\"name\":\"Asus Prime GeForce RTX\u2122 5070 GDDR7 12GB OC Edition \u2013 Carte Graphique (PCIe 5.0, HDMI, Display 2.1, 2.5 Slot, Ventilateurs axiaux, SFF-Ready) - ProPlaystore\",\"isPartOf\":{\"@id\":\"https:\/\/proplaystore.lu\/#website\"},\"primaryImageOfPage\":{\"@id\":\"https:\/\/proplaystore.lu\/index.php\/produit\/asus-prime-geforce-rtx-5070-gddr7-12gb-oc-edition-carte-graphique-pcie-5-0-hdmi-display-2-1-2-5-slot-ventilateurs-axiaux-sff-ready\/#primaryimage\"},\"image\":{\"@id\":\"https:\/\/proplaystore.lu\/index.php\/produit\/asus-prime-geforce-rtx-5070-gddr7-12gb-oc-edition-carte-graphique-pcie-5-0-hdmi-display-2-1-2-5-slot-ventilateurs-axiaux-sff-ready\/#primaryimage\"},\"thumbnailUrl\":\"https:\/\/proplaystore.lu\/wp-content\/uploads\/2025\/08\/81qKy0QvLHL._AC_SY300_SX300_QL70_ML2_.jpg\",\"datePublished\":\"2025-08-12T13:18:43+00:00\",\"dateModified\":\"2025-08-19T08:01:02+00:00\",\"breadcrumb\":{\"@id\":\"https:\/\/proplaystore.lu\/index.php\/produit\/asus-prime-geforce-rtx-5070-gddr7-12gb-oc-edition-carte-graphique-pcie-5-0-hdmi-display-2-1-2-5-slot-ventilateurs-axiaux-sff-ready\/#breadcrumb\"},\"inLanguage\":\"en-US\",\"potentialAction\":[{\"@type\":\"ReadAction\",\"target\":[\"https:\/\/proplaystore.lu\/index.php\/produit\/asus-prime-geforce-rtx-5070-gddr7-12gb-oc-edition-carte-graphique-pcie-5-0-hdmi-display-2-1-2-5-slot-ventilateurs-axiaux-sff-ready\/\"]}]},{\"@type\":\"ImageObject\",\"inLanguage\":\"en-US\",\"@id\":\"https:\/\/proplaystore.lu\/index.php\/produit\/asus-prime-geforce-rtx-5070-gddr7-12gb-oc-edition-carte-graphique-pcie-5-0-hdmi-display-2-1-2-5-slot-ventilateurs-axiaux-sff-ready\/#primaryimage\",\"url\":\"https:\/\/proplaystore.lu\/wp-content\/uploads\/2025\/08\/81qKy0QvLHL._AC_SY300_SX300_QL70_ML2_.jpg\",\"contentUrl\":\"https:\/\/proplaystore.lu\/wp-content\/uploads\/2025\/08\/81qKy0QvLHL._AC_SY300_SX300_QL70_ML2_.jpg\",\"width\":282,\"height\":300},{\"@type\":\"BreadcrumbList\",\"@id\":\"https:\/\/proplaystore.lu\/index.php\/produit\/asus-prime-geforce-rtx-5070-gddr7-12gb-oc-edition-carte-graphique-pcie-5-0-hdmi-display-2-1-2-5-slot-ventilateurs-axiaux-sff-ready\/#breadcrumb\",\"itemListElement\":[{\"@type\":\"ListItem\",\"position\":1,\"name\":\"Accueil\",\"item\":\"https:\/\/proplaystore.lu\/\"},{\"@type\":\"ListItem\",\"position\":2,\"name\":\"Shop\",\"item\":\"https:\/\/proplaystore.lu\/index.php\/shop\/\"},{\"@type\":\"ListItem\",\"position\":3,\"name\":\"Asus Prime GeForce RTX\u2122 5070 GDDR7 12GB OC Edition \u2013 Carte Graphique (PCIe 5.0, HDMI, Display 2.1, 2.5 Slot, Ventilateurs axiaux, SFF-Ready)\"}]},{\"@type\":\"WebSite\",\"@id\":\"https:\/\/proplaystore.lu\/#website\",\"url\":\"https:\/\/proplaystore.lu\/\",\"name\":\"ProPlaystore\",\"description\":\"proplaysre\",\"potentialAction\":[{\"@type\":\"SearchAction\",\"target\":{\"@type\":\"EntryPoint\",\"urlTemplate\":\"https:\/\/proplaystore.lu\/?s={search_term_string}\"},\"query-input\":{\"@type\":\"PropertyValueSpecification\",\"valueRequired\":true,\"valueName\":\"search_term_string\"}}],\"inLanguage\":\"en-US\"}]}<\/script>\n<!-- \/ Yoast SEO plugin. -->","yoast_head_json":{"title":"Asus Prime GeForce RTX\u2122 5070 GDDR7 12GB OC Edition \u2013 Carte Graphique (PCIe 5.0, HDMI, Display 2.1, 2.5 Slot, Ventilateurs axiaux, SFF-Ready) - ProPlaystore","robots":{"index":"index","follow":"follow","max-snippet":"max-snippet:-1","max-image-preview":"max-image-preview:large","max-video-preview":"max-video-preview:-1"},"canonical":"https:\/\/proplaystore.lu\/index.php\/produit\/asus-prime-geforce-rtx-5070-gddr7-12gb-oc-edition-carte-graphique-pcie-5-0-hdmi-display-2-1-2-5-slot-ventilateurs-axiaux-sff-ready\/","og_locale":"en_US","og_type":"article","og_title":"Asus Prime GeForce RTX\u2122 5070 GDDR7 12GB OC Edition \u2013 Carte Graphique (PCIe 5.0, HDMI, Display 2.1, 2.5 Slot, Ventilateurs axiaux, SFF-Ready) - ProPlaystore","og_description":"\u00c0 propos de cet article   Performances de l'IA : 1005 TOPS de l'IA   Le mode OC augmente jusqu'\u00e0 2587 MHz (mode OC) \/ 2557 MHz (mode par d\u00e9faut)   Bas\u00e9 sur l'architecture NVIDIA Blackwell et DLSS 4   Carte GeForce pour passionn\u00e9s SFF-Ready compatible avec les syst\u00e8mes \u00e0 petit format   Les ventilateurs axiaux pr\u00e9sentent un moyeu plus petit, des pales plus grandes et un anneau am\u00e9liorant la pression descendante de l'air   Le pad thermique GPU \u00e0 changement de phase assure un transfert de chaleur optimal, r\u00e9duisant les temp\u00e9ratures du GPU pour des performances et une fiabilit\u00e9 accrues   Le design du slot 2,5 permet une plus grande compatibilit\u00e9 de montage tout en conservant un refroidissement de qualit\u00e9","og_url":"https:\/\/proplaystore.lu\/index.php\/produit\/asus-prime-geforce-rtx-5070-gddr7-12gb-oc-edition-carte-graphique-pcie-5-0-hdmi-display-2-1-2-5-slot-ventilateurs-axiaux-sff-ready\/","og_site_name":"ProPlaystore","article_modified_time":"2025-08-19T08:01:02+00:00","og_image":[{"width":282,"height":300,"url":"https:\/\/proplaystore.lu\/wp-content\/uploads\/2025\/08\/81qKy0QvLHL._AC_SY300_SX300_QL70_ML2_.jpg","type":"image\/jpeg"}],"twitter_card":"summary_large_image","twitter_misc":{"Est. reading time":"1 minute"},"schema":{"@context":"https:\/\/schema.org","@graph":[{"@type":"WebPage","@id":"https:\/\/proplaystore.lu\/index.php\/produit\/asus-prime-geforce-rtx-5070-gddr7-12gb-oc-edition-carte-graphique-pcie-5-0-hdmi-display-2-1-2-5-slot-ventilateurs-axiaux-sff-ready\/","url":"https:\/\/proplaystore.lu\/index.php\/produit\/asus-prime-geforce-rtx-5070-gddr7-12gb-oc-edition-carte-graphique-pcie-5-0-hdmi-display-2-1-2-5-slot-ventilateurs-axiaux-sff-ready\/","name":"Asus Prime GeForce RTX\u2122 5070 GDDR7 12GB OC Edition \u2013 Carte Graphique (PCIe 5.0, HDMI, Display 2.1, 2.5 Slot, Ventilateurs axiaux, SFF-Ready) - ProPlaystore","isPartOf":{"@id":"https:\/\/proplaystore.lu\/#website"},"primaryImageOfPage":{"@id":"https:\/\/proplaystore.lu\/index.php\/produit\/asus-prime-geforce-rtx-5070-gddr7-12gb-oc-edition-carte-graphique-pcie-5-0-hdmi-display-2-1-2-5-slot-ventilateurs-axiaux-sff-ready\/#primaryimage"},"image":{"@id":"https:\/\/proplaystore.lu\/index.php\/produit\/asus-prime-geforce-rtx-5070-gddr7-12gb-oc-edition-carte-graphique-pcie-5-0-hdmi-display-2-1-2-5-slot-ventilateurs-axiaux-sff-ready\/#primaryimage"},"thumbnailUrl":"https:\/\/proplaystore.lu\/wp-content\/uploads\/2025\/08\/81qKy0QvLHL._AC_SY300_SX300_QL70_ML2_.jpg","datePublished":"2025-08-12T13:18:43+00:00","dateModified":"2025-08-19T08:01:02+00:00","breadcrumb":{"@id":"https:\/\/proplaystore.lu\/index.php\/produit\/asus-prime-geforce-rtx-5070-gddr7-12gb-oc-edition-carte-graphique-pcie-5-0-hdmi-display-2-1-2-5-slot-ventilateurs-axiaux-sff-ready\/#breadcrumb"},"inLanguage":"en-US","potentialAction":[{"@type":"ReadAction","target":["https:\/\/proplaystore.lu\/index.php\/produit\/asus-prime-geforce-rtx-5070-gddr7-12gb-oc-edition-carte-graphique-pcie-5-0-hdmi-display-2-1-2-5-slot-ventilateurs-axiaux-sff-ready\/"]}]},{"@type":"ImageObject","inLanguage":"en-US","@id":"https:\/\/proplaystore.lu\/index.php\/produit\/asus-prime-geforce-rtx-5070-gddr7-12gb-oc-edition-carte-graphique-pcie-5-0-hdmi-display-2-1-2-5-slot-ventilateurs-axiaux-sff-ready\/#primaryimage","url":"https:\/\/proplaystore.lu\/wp-content\/uploads\/2025\/08\/81qKy0QvLHL._AC_SY300_SX300_QL70_ML2_.jpg","contentUrl":"https:\/\/proplaystore.lu\/wp-content\/uploads\/2025\/08\/81qKy0QvLHL._AC_SY300_SX300_QL70_ML2_.jpg","width":282,"height":300},{"@type":"BreadcrumbList","@id":"https:\/\/proplaystore.lu\/index.php\/produit\/asus-prime-geforce-rtx-5070-gddr7-12gb-oc-edition-carte-graphique-pcie-5-0-hdmi-display-2-1-2-5-slot-ventilateurs-axiaux-sff-ready\/#breadcrumb","itemListElement":[{"@type":"ListItem","position":1,"name":"Accueil","item":"https:\/\/proplaystore.lu\/"},{"@type":"ListItem","position":2,"name":"Shop","item":"https:\/\/proplaystore.lu\/index.php\/shop\/"},{"@type":"ListItem","position":3,"name":"Asus Prime GeForce RTX\u2122 5070 GDDR7 12GB OC Edition \u2013 Carte Graphique (PCIe 5.0, HDMI, Display 2.1, 2.5 Slot, Ventilateurs axiaux, SFF-Ready)"}]},{"@type":"WebSite","@id":"https:\/\/proplaystore.lu\/#website","url":"https:\/\/proplaystore.lu\/","name":"ProPlaystore","description":"proplaysre","potentialAction":[{"@type":"SearchAction","target":{"@type":"EntryPoint","urlTemplate":"https:\/\/proplaystore.lu\/?s={search_term_string}"},"query-input":{"@type":"PropertyValueSpecification","valueRequired":true,"valueName":"search_term_string"}}],"inLanguage":"en-US"}]}},"_links":{"self":[{"href":"https:\/\/proplaystore.lu\/index.php\/wp-json\/wp\/v2\/product\/7505","targetHints":{"allow":["GET"]}}],"collection":[{"href":"https:\/\/proplaystore.lu\/index.php\/wp-json\/wp\/v2\/product"}],"about":[{"href":"https:\/\/proplaystore.lu\/index.php\/wp-json\/wp\/v2\/types\/product"}],"replies":[{"embeddable":true,"href":"https:\/\/proplaystore.lu\/index.php\/wp-json\/wp\/v2\/comments?post=7505"}],"wp:featuredmedia":[{"embeddable":true,"href":"https:\/\/proplaystore.lu\/index.php\/wp-json\/wp\/v2\/media\/7380"}],"wp:attachment":[{"href":"https:\/\/proplaystore.lu\/index.php\/wp-json\/wp\/v2\/media?parent=7505"}],"wp:term":[{"taxonomy":"product_brand","embeddable":true,"href":"https:\/\/proplaystore.lu\/index.php\/wp-json\/wp\/v2\/product_brand?post=7505"},{"taxonomy":"product_cat","embeddable":true,"href":"https:\/\/proplaystore.lu\/index.php\/wp-json\/wp\/v2\/product_cat?post=7505"},{"taxonomy":"product_tag","embeddable":true,"href":"https:\/\/proplaystore.lu\/index.php\/wp-json\/wp\/v2\/product_tag?post=7505"}],"curies":[{"name":"wp","href":"https:\/\/api.w.org\/{rel}","templated":true}]}}