{"id":7536,"date":"2025-08-13T11:46:51","date_gmt":"2025-08-13T11:46:51","guid":{"rendered":"https:\/\/proplaystore.lu\/?post_type=product&#038;p=7536"},"modified":"2025-08-13T11:58:09","modified_gmt":"2025-08-13T11:58:09","slug":"proplay-cps-t500-pc-atx-16-ran-amd-ryzen-7-5800x-msi-nvidia-geforce-rtx-3050-ventus-8g","status":"publish","type":"product","link":"https:\/\/proplaystore.lu\/index.php\/produit\/proplay-cps-t500-pc-atx-16-ran-amd-ryzen-7-5800x-msi-nvidia-geforce-rtx-3050-ventus-8g\/","title":{"rendered":"ProPlay CPS T500 PC ATX, 16 ran, AMD Ryzen 7 5800X , MSI NVIDIA GeForce RTX 3050 Ventus 8G"},"content":{"rendered":"<h2 data-start=\"993\" data-end=\"1017\"><strong data-start=\"996\" data-end=\"1015\">Fiche Technique<\/strong><\/h2>\n<p data-start=\"1019\" data-end=\"1809\"><strong data-start=\"1019\" data-end=\"1032\">Bo\u00eetier :<\/strong> ATX \u2013 design moderne et spacieux<br data-start=\"1065\" data-end=\"1068\" \/><strong data-start=\"1068\" data-end=\"1084\">Processeur :<\/strong> AMD Ryzen 7 5800X \u2013 8 c\u0153urs \/ 16 threads, jusqu\u2019\u00e0 4,7 GHz<br data-start=\"1142\" data-end=\"1145\" \/><strong data-start=\"1145\" data-end=\"1166\">Carte Graphique :<\/strong> MSI NVIDIA GeForce RTX 3050 Ventus 8G \u2013 8 Go GDDR6, compatible Ray Tracing et DLSS<br data-start=\"1249\" data-end=\"1252\" \/><strong data-start=\"1252\" data-end=\"1269\">M\u00e9moire RAM :<\/strong> 16 Go DDR4 \u2013 haute vitesse pour le multit\u00e2che<br data-start=\"1315\" data-end=\"1318\" \/><strong data-start=\"1318\" data-end=\"1332\" data-is-only-node=\"\">Stockage :<\/strong> SSD NVMe 1 To \u2013 chargements et transferts ultra-rapides<br data-start=\"1388\" data-end=\"1391\" \/><strong data-start=\"1391\" data-end=\"1412\">Refroidissement :<\/strong> Thermalright Frozen Notte 240 ARGB \u2013 refroidissement liquide avec \u00e9clairage personnalisable<br data-start=\"1504\" data-end=\"1507\" \/><strong data-start=\"1507\" data-end=\"1523\">Carte M\u00e8re :<\/strong> compatible avec chipset AMD AM4, support des extensions futures<br data-start=\"1587\" data-end=\"1590\" \/><strong data-start=\"1590\" data-end=\"1608\">Connectivit\u00e9 :<\/strong> USB 3.2, HDMI, DisplayPort, Ethernet Gigabit, Wi-Fi optionnel<br data-start=\"1670\" data-end=\"1673\" \/><strong data-start=\"1673\" data-end=\"1701\">Syst\u00e8me d\u2019Exploitation :<\/strong> compatible Windows 11 et Linux<br data-start=\"1732\" data-end=\"1735\" \/><strong data-start=\"1735\" data-end=\"1753\">Alimentation :<\/strong> 650W 80 Plus Bronze \u2013 efficacit\u00e9 \u00e9nerg\u00e9tique garantie<\/p>\n<div class=\"_tableContainer_1rjym_1\"><\/div>\n<div class=\"_tableContainer_1rjym_1\"><\/div>\n","protected":false},"excerpt":{"rendered":"<p data-start=\"109\" data-end=\"473\">Le <strong data-start=\"109\" data-end=\"136\">ProPlay CPS T500 PC ATX<\/strong> est un ordinateur con\u00e7u pour offrir des performances \u00e9lev\u00e9es dans les jeux, la productivit\u00e9 et les t\u00e2ches cr\u00e9atives. \u00c9quip\u00e9 du puissant <strong data-start=\"273\" data-end=\"294\">AMD Ryzen 7 5800X<\/strong> et de la <strong data-start=\"304\" data-end=\"361\">carte graphique MSI NVIDIA GeForce RTX 3050 Ventus 8G<\/strong>, ce PC allie vitesse, efficacit\u00e9 et graphismes impressionnants. Avec <strong data-start=\"431\" data-end=\"455\">16 Go de m\u00e9moire RAM<\/strong> et un <strong data-start=\"462\" data-end=\"482\">SSD NVMe de 1 To<\/strong>, le chargement des programmes, des jeux et des fichiers est extr\u00eamement rapide, garantissant une exp\u00e9rience fluide.<br data-start=\"598\" data-end=\"601\" \/>Le syst\u00e8me de refroidissement liquide <strong data-start=\"639\" data-end=\"677\">Thermalright Frozen Notte 240 ARGB<\/strong> maintient des temp\u00e9ratures optimales m\u00eame lors de longues sessions, tandis que le bo\u00eetier ATX offre un excellent flux d\u2019air et un espace id\u00e9al pour les mises \u00e0 niveau. C\u2019est le choix parfait pour les gamers, les cr\u00e9ateurs de contenu et les professionnels \u00e0 la recherche d\u2019un ordinateur puissant et moderne.<\/p>\n","protected":false},"featured_media":7537,"comment_status":"open","ping_status":"closed","template":"","meta":[],"product_brand":[],"product_cat":[60],"product_tag":[53,55],"class_list":{"0":"post-7536","1":"product","2":"type-product","3":"status-publish","4":"has-post-thumbnail","6":"product_cat-jeux-gamer","7":"product_tag-gamer","8":"product_tag-pc","10":"first","11":"instock","12":"shipping-taxable","13":"purchasable","14":"product-type-simple"},"yoast_head":"<!-- This site is optimized with the Yoast SEO plugin v26.4 - https:\/\/yoast.com\/wordpress\/plugins\/seo\/ -->\n<title>ProPlay CPS T500 PC ATX, 16 ran, AMD Ryzen 7 5800X , MSI NVIDIA GeForce RTX 3050 Ventus 8G - ProPlaystore<\/title>\n<meta name=\"robots\" content=\"index, follow, max-snippet:-1, max-image-preview:large, max-video-preview:-1\" \/>\n<link rel=\"canonical\" href=\"https:\/\/proplaystore.lu\/index.php\/produit\/proplay-cps-t500-pc-atx-16-ran-amd-ryzen-7-5800x-msi-nvidia-geforce-rtx-3050-ventus-8g\/\" \/>\n<meta property=\"og:locale\" content=\"en_US\" \/>\n<meta property=\"og:type\" content=\"article\" \/>\n<meta property=\"og:title\" content=\"ProPlay CPS T500 PC ATX, 16 ran, AMD Ryzen 7 5800X , MSI NVIDIA GeForce RTX 3050 Ventus 8G - ProPlaystore\" \/>\n<meta property=\"og:description\" content=\"Le ProPlay CPS T500 PC ATX est un ordinateur con\u00e7u pour offrir des performances \u00e9lev\u00e9es dans les jeux, la productivit\u00e9 et les t\u00e2ches cr\u00e9atives. \u00c9quip\u00e9 du puissant AMD Ryzen 7 5800X et de la carte graphique MSI NVIDIA GeForce RTX 3050 Ventus 8G, ce PC allie vitesse, efficacit\u00e9 et graphismes impressionnants. Avec 16 Go de m\u00e9moire RAM et un SSD NVMe de 1 To, le chargement des programmes, des jeux et des fichiers est extr\u00eamement rapide, garantissant une exp\u00e9rience fluide.Le syst\u00e8me de refroidissement liquide Thermalright Frozen Notte 240 ARGB maintient des temp\u00e9ratures optimales m\u00eame lors de longues sessions, tandis que le bo\u00eetier ATX offre un excellent flux d\u2019air et un espace id\u00e9al pour les mises \u00e0 niveau. C\u2019est le choix parfait pour les gamers, les cr\u00e9ateurs de contenu et les professionnels \u00e0 la recherche d\u2019un ordinateur puissant et moderne.\" \/>\n<meta property=\"og:url\" content=\"https:\/\/proplaystore.lu\/index.php\/produit\/proplay-cps-t500-pc-atx-16-ran-amd-ryzen-7-5800x-msi-nvidia-geforce-rtx-3050-ventus-8g\/\" \/>\n<meta property=\"og:site_name\" content=\"ProPlaystore\" \/>\n<meta property=\"article:modified_time\" content=\"2025-08-13T11:58:09+00:00\" \/>\n<meta property=\"og:image\" content=\"https:\/\/proplaystore.lu\/wp-content\/uploads\/2025\/08\/71tqMAxDDxL._AC_SL1500_.jpg\" \/>\n\t<meta property=\"og:image:width\" content=\"1246\" \/>\n\t<meta property=\"og:image:height\" content=\"1174\" \/>\n\t<meta property=\"og:image:type\" content=\"image\/jpeg\" \/>\n<meta name=\"twitter:card\" content=\"summary_large_image\" \/>\n<meta name=\"twitter:label1\" content=\"Est. reading time\" \/>\n\t<meta name=\"twitter:data1\" content=\"1 minute\" \/>\n<script type=\"application\/ld+json\" class=\"yoast-schema-graph\">{\"@context\":\"https:\/\/schema.org\",\"@graph\":[{\"@type\":\"WebPage\",\"@id\":\"https:\/\/proplaystore.lu\/index.php\/produit\/proplay-cps-t500-pc-atx-16-ran-amd-ryzen-7-5800x-msi-nvidia-geforce-rtx-3050-ventus-8g\/\",\"url\":\"https:\/\/proplaystore.lu\/index.php\/produit\/proplay-cps-t500-pc-atx-16-ran-amd-ryzen-7-5800x-msi-nvidia-geforce-rtx-3050-ventus-8g\/\",\"name\":\"ProPlay CPS T500 PC ATX, 16 ran, AMD Ryzen 7 5800X , MSI NVIDIA GeForce RTX 3050 Ventus 8G - ProPlaystore\",\"isPartOf\":{\"@id\":\"https:\/\/proplaystore.lu\/#website\"},\"primaryImageOfPage\":{\"@id\":\"https:\/\/proplaystore.lu\/index.php\/produit\/proplay-cps-t500-pc-atx-16-ran-amd-ryzen-7-5800x-msi-nvidia-geforce-rtx-3050-ventus-8g\/#primaryimage\"},\"image\":{\"@id\":\"https:\/\/proplaystore.lu\/index.php\/produit\/proplay-cps-t500-pc-atx-16-ran-amd-ryzen-7-5800x-msi-nvidia-geforce-rtx-3050-ventus-8g\/#primaryimage\"},\"thumbnailUrl\":\"https:\/\/proplaystore.lu\/wp-content\/uploads\/2025\/08\/71tqMAxDDxL._AC_SL1500_.jpg\",\"datePublished\":\"2025-08-13T11:46:51+00:00\",\"dateModified\":\"2025-08-13T11:58:09+00:00\",\"breadcrumb\":{\"@id\":\"https:\/\/proplaystore.lu\/index.php\/produit\/proplay-cps-t500-pc-atx-16-ran-amd-ryzen-7-5800x-msi-nvidia-geforce-rtx-3050-ventus-8g\/#breadcrumb\"},\"inLanguage\":\"en-US\",\"potentialAction\":[{\"@type\":\"ReadAction\",\"target\":[\"https:\/\/proplaystore.lu\/index.php\/produit\/proplay-cps-t500-pc-atx-16-ran-amd-ryzen-7-5800x-msi-nvidia-geforce-rtx-3050-ventus-8g\/\"]}]},{\"@type\":\"ImageObject\",\"inLanguage\":\"en-US\",\"@id\":\"https:\/\/proplaystore.lu\/index.php\/produit\/proplay-cps-t500-pc-atx-16-ran-amd-ryzen-7-5800x-msi-nvidia-geforce-rtx-3050-ventus-8g\/#primaryimage\",\"url\":\"https:\/\/proplaystore.lu\/wp-content\/uploads\/2025\/08\/71tqMAxDDxL._AC_SL1500_.jpg\",\"contentUrl\":\"https:\/\/proplaystore.lu\/wp-content\/uploads\/2025\/08\/71tqMAxDDxL._AC_SL1500_.jpg\",\"width\":1246,\"height\":1174},{\"@type\":\"BreadcrumbList\",\"@id\":\"https:\/\/proplaystore.lu\/index.php\/produit\/proplay-cps-t500-pc-atx-16-ran-amd-ryzen-7-5800x-msi-nvidia-geforce-rtx-3050-ventus-8g\/#breadcrumb\",\"itemListElement\":[{\"@type\":\"ListItem\",\"position\":1,\"name\":\"Accueil\",\"item\":\"https:\/\/proplaystore.lu\/\"},{\"@type\":\"ListItem\",\"position\":2,\"name\":\"Shop\",\"item\":\"https:\/\/proplaystore.lu\/index.php\/shop\/\"},{\"@type\":\"ListItem\",\"position\":3,\"name\":\"ProPlay CPS T500 PC ATX, 16 ran, AMD Ryzen 7 5800X , MSI NVIDIA GeForce RTX 3050 Ventus 8G\"}]},{\"@type\":\"WebSite\",\"@id\":\"https:\/\/proplaystore.lu\/#website\",\"url\":\"https:\/\/proplaystore.lu\/\",\"name\":\"ProPlaystore\",\"description\":\"proplaysre\",\"potentialAction\":[{\"@type\":\"SearchAction\",\"target\":{\"@type\":\"EntryPoint\",\"urlTemplate\":\"https:\/\/proplaystore.lu\/?s={search_term_string}\"},\"query-input\":{\"@type\":\"PropertyValueSpecification\",\"valueRequired\":true,\"valueName\":\"search_term_string\"}}],\"inLanguage\":\"en-US\"}]}<\/script>\n<!-- \/ Yoast SEO plugin. -->","yoast_head_json":{"title":"ProPlay CPS T500 PC ATX, 16 ran, AMD Ryzen 7 5800X , MSI NVIDIA GeForce RTX 3050 Ventus 8G - ProPlaystore","robots":{"index":"index","follow":"follow","max-snippet":"max-snippet:-1","max-image-preview":"max-image-preview:large","max-video-preview":"max-video-preview:-1"},"canonical":"https:\/\/proplaystore.lu\/index.php\/produit\/proplay-cps-t500-pc-atx-16-ran-amd-ryzen-7-5800x-msi-nvidia-geforce-rtx-3050-ventus-8g\/","og_locale":"en_US","og_type":"article","og_title":"ProPlay CPS T500 PC ATX, 16 ran, AMD Ryzen 7 5800X , MSI NVIDIA GeForce RTX 3050 Ventus 8G - ProPlaystore","og_description":"Le ProPlay CPS T500 PC ATX est un ordinateur con\u00e7u pour offrir des performances \u00e9lev\u00e9es dans les jeux, la productivit\u00e9 et les t\u00e2ches cr\u00e9atives. \u00c9quip\u00e9 du puissant AMD Ryzen 7 5800X et de la carte graphique MSI NVIDIA GeForce RTX 3050 Ventus 8G, ce PC allie vitesse, efficacit\u00e9 et graphismes impressionnants. Avec 16 Go de m\u00e9moire RAM et un SSD NVMe de 1 To, le chargement des programmes, des jeux et des fichiers est extr\u00eamement rapide, garantissant une exp\u00e9rience fluide.Le syst\u00e8me de refroidissement liquide Thermalright Frozen Notte 240 ARGB maintient des temp\u00e9ratures optimales m\u00eame lors de longues sessions, tandis que le bo\u00eetier ATX offre un excellent flux d\u2019air et un espace id\u00e9al pour les mises \u00e0 niveau. C\u2019est le choix parfait pour les gamers, les cr\u00e9ateurs de contenu et les professionnels \u00e0 la recherche d\u2019un ordinateur puissant et moderne.","og_url":"https:\/\/proplaystore.lu\/index.php\/produit\/proplay-cps-t500-pc-atx-16-ran-amd-ryzen-7-5800x-msi-nvidia-geforce-rtx-3050-ventus-8g\/","og_site_name":"ProPlaystore","article_modified_time":"2025-08-13T11:58:09+00:00","og_image":[{"width":1246,"height":1174,"url":"https:\/\/proplaystore.lu\/wp-content\/uploads\/2025\/08\/71tqMAxDDxL._AC_SL1500_.jpg","type":"image\/jpeg"}],"twitter_card":"summary_large_image","twitter_misc":{"Est. reading time":"1 minute"},"schema":{"@context":"https:\/\/schema.org","@graph":[{"@type":"WebPage","@id":"https:\/\/proplaystore.lu\/index.php\/produit\/proplay-cps-t500-pc-atx-16-ran-amd-ryzen-7-5800x-msi-nvidia-geforce-rtx-3050-ventus-8g\/","url":"https:\/\/proplaystore.lu\/index.php\/produit\/proplay-cps-t500-pc-atx-16-ran-amd-ryzen-7-5800x-msi-nvidia-geforce-rtx-3050-ventus-8g\/","name":"ProPlay CPS T500 PC ATX, 16 ran, AMD Ryzen 7 5800X , MSI NVIDIA GeForce RTX 3050 Ventus 8G - ProPlaystore","isPartOf":{"@id":"https:\/\/proplaystore.lu\/#website"},"primaryImageOfPage":{"@id":"https:\/\/proplaystore.lu\/index.php\/produit\/proplay-cps-t500-pc-atx-16-ran-amd-ryzen-7-5800x-msi-nvidia-geforce-rtx-3050-ventus-8g\/#primaryimage"},"image":{"@id":"https:\/\/proplaystore.lu\/index.php\/produit\/proplay-cps-t500-pc-atx-16-ran-amd-ryzen-7-5800x-msi-nvidia-geforce-rtx-3050-ventus-8g\/#primaryimage"},"thumbnailUrl":"https:\/\/proplaystore.lu\/wp-content\/uploads\/2025\/08\/71tqMAxDDxL._AC_SL1500_.jpg","datePublished":"2025-08-13T11:46:51+00:00","dateModified":"2025-08-13T11:58:09+00:00","breadcrumb":{"@id":"https:\/\/proplaystore.lu\/index.php\/produit\/proplay-cps-t500-pc-atx-16-ran-amd-ryzen-7-5800x-msi-nvidia-geforce-rtx-3050-ventus-8g\/#breadcrumb"},"inLanguage":"en-US","potentialAction":[{"@type":"ReadAction","target":["https:\/\/proplaystore.lu\/index.php\/produit\/proplay-cps-t500-pc-atx-16-ran-amd-ryzen-7-5800x-msi-nvidia-geforce-rtx-3050-ventus-8g\/"]}]},{"@type":"ImageObject","inLanguage":"en-US","@id":"https:\/\/proplaystore.lu\/index.php\/produit\/proplay-cps-t500-pc-atx-16-ran-amd-ryzen-7-5800x-msi-nvidia-geforce-rtx-3050-ventus-8g\/#primaryimage","url":"https:\/\/proplaystore.lu\/wp-content\/uploads\/2025\/08\/71tqMAxDDxL._AC_SL1500_.jpg","contentUrl":"https:\/\/proplaystore.lu\/wp-content\/uploads\/2025\/08\/71tqMAxDDxL._AC_SL1500_.jpg","width":1246,"height":1174},{"@type":"BreadcrumbList","@id":"https:\/\/proplaystore.lu\/index.php\/produit\/proplay-cps-t500-pc-atx-16-ran-amd-ryzen-7-5800x-msi-nvidia-geforce-rtx-3050-ventus-8g\/#breadcrumb","itemListElement":[{"@type":"ListItem","position":1,"name":"Accueil","item":"https:\/\/proplaystore.lu\/"},{"@type":"ListItem","position":2,"name":"Shop","item":"https:\/\/proplaystore.lu\/index.php\/shop\/"},{"@type":"ListItem","position":3,"name":"ProPlay CPS T500 PC ATX, 16 ran, AMD Ryzen 7 5800X , MSI NVIDIA GeForce RTX 3050 Ventus 8G"}]},{"@type":"WebSite","@id":"https:\/\/proplaystore.lu\/#website","url":"https:\/\/proplaystore.lu\/","name":"ProPlaystore","description":"proplaysre","potentialAction":[{"@type":"SearchAction","target":{"@type":"EntryPoint","urlTemplate":"https:\/\/proplaystore.lu\/?s={search_term_string}"},"query-input":{"@type":"PropertyValueSpecification","valueRequired":true,"valueName":"search_term_string"}}],"inLanguage":"en-US"}]}},"_links":{"self":[{"href":"https:\/\/proplaystore.lu\/index.php\/wp-json\/wp\/v2\/product\/7536","targetHints":{"allow":["GET"]}}],"collection":[{"href":"https:\/\/proplaystore.lu\/index.php\/wp-json\/wp\/v2\/product"}],"about":[{"href":"https:\/\/proplaystore.lu\/index.php\/wp-json\/wp\/v2\/types\/product"}],"replies":[{"embeddable":true,"href":"https:\/\/proplaystore.lu\/index.php\/wp-json\/wp\/v2\/comments?post=7536"}],"wp:featuredmedia":[{"embeddable":true,"href":"https:\/\/proplaystore.lu\/index.php\/wp-json\/wp\/v2\/media\/7537"}],"wp:attachment":[{"href":"https:\/\/proplaystore.lu\/index.php\/wp-json\/wp\/v2\/media?parent=7536"}],"wp:term":[{"taxonomy":"product_brand","embeddable":true,"href":"https:\/\/proplaystore.lu\/index.php\/wp-json\/wp\/v2\/product_brand?post=7536"},{"taxonomy":"product_cat","embeddable":true,"href":"https:\/\/proplaystore.lu\/index.php\/wp-json\/wp\/v2\/product_cat?post=7536"},{"taxonomy":"product_tag","embeddable":true,"href":"https:\/\/proplaystore.lu\/index.php\/wp-json\/wp\/v2\/product_tag?post=7536"}],"curies":[{"name":"wp","href":"https:\/\/api.w.org\/{rel}","templated":true}]}}