{"id":7546,"date":"2025-08-13T22:49:31","date_gmt":"2025-08-13T22:49:31","guid":{"rendered":"https:\/\/proplaystore.lu\/?post_type=product&#038;p=7546"},"modified":"2025-08-15T16:33:10","modified_gmt":"2025-08-15T16:33:10","slug":"proplay-muse3060-pc-atx-16-ran-ddr4-amd-ryzen-5-5600-msi-nvidia-geforce-rtx-3050-ventus-8g","status":"publish","type":"product","link":"https:\/\/proplaystore.lu\/index.php\/produit\/proplay-muse3060-pc-atx-16-ran-ddr4-amd-ryzen-5-5600-msi-nvidia-geforce-rtx-3050-ventus-8g\/","title":{"rendered":"ProPlay MuseATX, 16 ran ddr4, AMD Ryzen 5 5500, MSI NVIDIA GeForce RTX 3050 Ventus 8G"},"content":{"rendered":"<h3 data-start=\"1440\" data-end=\"1461\">Fiche technique :<\/h3>\n<div class=\"_tableContainer_1rjym_1\">\n<div class=\"_tableWrapper_1rjym_13 group flex w-fit flex-col-reverse\" tabindex=\"-1\">\n<table class=\"w-fit min-w-(--thread-content-width)\" data-start=\"1463\" data-end=\"2551\">\n<thead data-start=\"1463\" data-end=\"1534\">\n<tr data-start=\"1463\" data-end=\"1534\">\n<th data-start=\"1463\" data-end=\"1492\" data-col-size=\"sm\">Composant<\/th>\n<th data-start=\"1492\" data-end=\"1534\" data-col-size=\"md\">Sp\u00e9cification<\/th>\n<\/tr>\n<\/thead>\n<tbody data-start=\"1604\" data-end=\"2551\">\n<tr data-start=\"1604\" data-end=\"1672\">\n<td data-start=\"1604\" data-end=\"1633\" data-col-size=\"sm\"><strong data-start=\"1606\" data-end=\"1616\">Mod\u00e8le<\/strong><\/td>\n<td data-col-size=\"md\" data-start=\"1633\" data-end=\"1672\">ProPlay Muse3050<\/td>\n<\/tr>\n<tr data-start=\"1673\" data-end=\"1740\">\n<td data-start=\"1673\" data-end=\"1702\" data-col-size=\"sm\"><strong data-start=\"1675\" data-end=\"1686\">Bo\u00eetier<\/strong><\/td>\n<td data-col-size=\"md\" data-start=\"1702\" data-end=\"1740\">ATX, Noir<\/td>\n<\/tr>\n<tr data-start=\"1741\" data-end=\"1809\">\n<td data-start=\"1741\" data-end=\"1770\" data-col-size=\"sm\"><strong data-start=\"1743\" data-end=\"1763\">Processeur (CPU)<\/strong><\/td>\n<td data-col-size=\"md\" data-start=\"1770\" data-end=\"1809\">AMD Ryzen 5 5500<\/td>\n<\/tr>\n<tr data-start=\"1810\" data-end=\"1876\">\n<td data-start=\"1810\" data-end=\"1839\" data-col-size=\"sm\"><strong data-start=\"1812\" data-end=\"1827\">M\u00e9moire RAM<\/strong><\/td>\n<td data-col-size=\"md\" data-start=\"1839\" data-end=\"1876\">16 Go DDR4<\/td>\n<\/tr>\n<tr data-start=\"1877\" data-end=\"1948\">\n<td data-start=\"1877\" data-end=\"1906\" data-col-size=\"sm\"><strong data-start=\"1879\" data-end=\"1904\">Carte Graphique (GPU)<\/strong><\/td>\n<td data-col-size=\"md\" data-start=\"1906\" data-end=\"1948\">MSI NVIDIA GeForce RTX 3050 Ventus 8G<\/td>\n<\/tr>\n<tr data-start=\"1949\" data-end=\"2015\">\n<td data-start=\"1949\" data-end=\"1978\" data-col-size=\"sm\"><strong data-start=\"1951\" data-end=\"1963\">Stockage<\/strong><\/td>\n<td data-col-size=\"md\" data-start=\"1978\" data-end=\"2015\">SSD NVMe 1 To<\/td>\n<\/tr>\n<tr data-start=\"2016\" data-end=\"2118\">\n<td data-start=\"2016\" data-end=\"2049\" data-col-size=\"sm\"><strong data-start=\"2018\" data-end=\"2048\">Syst\u00e8me de refroidissement<\/strong><\/td>\n<td data-col-size=\"md\" data-start=\"2049\" data-end=\"2118\">Thermalright Frozen Notte 240 Noir ARGB (refroidissement liquide)<\/td>\n<\/tr>\n<tr data-start=\"2119\" data-end=\"2199\">\n<td data-start=\"2119\" data-end=\"2148\" data-col-size=\"sm\"><strong data-start=\"2121\" data-end=\"2135\">Carte M\u00e8re<\/strong><\/td>\n<td data-col-size=\"md\" data-start=\"2148\" data-end=\"2199\">Compatible AMD AM5 (mod\u00e8le sp\u00e9cifique variable)<\/td>\n<\/tr>\n<tr data-start=\"2200\" data-end=\"2278\">\n<td data-start=\"2200\" data-end=\"2229\" data-col-size=\"sm\"><strong data-start=\"2202\" data-end=\"2218\">Alimentation<\/strong><\/td>\n<td data-col-size=\"md\" data-start=\"2229\" data-end=\"2278\">(recommand\u00e9e : 650W ou plus, mod\u00e8le variable)<\/td>\n<\/tr>\n<tr data-start=\"2279\" data-end=\"2380\">\n<td data-start=\"2279\" data-end=\"2308\" data-col-size=\"sm\"><strong data-start=\"2281\" data-end=\"2297\">Connectivit\u00e9<\/strong><\/td>\n<td data-col-size=\"md\" data-start=\"2308\" data-end=\"2380\">USB 3.0, USB 2.0, HDMI, DisplayPort (d\u00e9pend de la carte m\u00e8re et GPU)<\/td>\n<\/tr>\n<tr data-start=\"2381\" data-end=\"2466\">\n<td data-start=\"2381\" data-end=\"2410\" data-col-size=\"sm\"><strong data-start=\"2383\" data-end=\"2409\">Syst\u00e8me d\u2019exploitation<\/strong><\/td>\n<td data-col-size=\"md\" data-start=\"2410\" data-end=\"2466\">(\u00e0 confirmer, g\u00e9n\u00e9ralement Windows 10\/11 ou sans OS)<\/td>\n<\/tr>\n<tr data-start=\"2467\" data-end=\"2551\">\n<td data-start=\"2467\" data-end=\"2496\" data-col-size=\"sm\"><strong data-start=\"2469\" data-end=\"2479\">Extras<\/strong><\/td>\n<td data-start=\"2496\" data-end=\"2551\" data-col-size=\"md\">\u00c9clairage ARGB personnalisable sur le refroidisseur<\/td>\n<\/tr>\n<\/tbody>\n<\/table>\n<\/div>\n<\/div>\n","protected":false},"excerpt":{"rendered":"<p data-start=\"109\" data-end=\"473\">Le <strong data-start=\"112\" data-end=\"132\">ProPlay Muse3060<\/strong> est un PC de bureau haute performance, con\u00e7u pour les gamers, les cr\u00e9ateurs de contenu et les utilisateurs avanc\u00e9s qui ont besoin de puissance et d\u2019efficacit\u00e9. \u00c9quip\u00e9 du processeur <strong>AMD Ryzen 5 5600<\/strong>, cet ordinateur offre des performances rapides et fluides pour les jeux, le montage vid\u00e9o, le design graphique et le multit\u00e2che intensif.<\/p>\n<p data-start=\"475\" data-end=\"723\">La carte graphique <strong data-start=\"494\" data-end=\"536\">MSI NVIDIA GeForce RTX 3050 Ventus 08G<\/strong> d\u00e9livre des graphismes nets et r\u00e9alistes, avec le support des technologies modernes comme le ray tracing et le DLSS, garantissant une exp\u00e9rience immersive dans les jeux les plus r\u00e9cents.<\/p>\n<p data-start=\"725\" data-end=\"971\">Avec <strong data-start=\"730\" data-end=\"746\">16 Go de RAM<\/strong>, le syst\u00e8me reste agile m\u00eame avec plusieurs programmes ouverts simultan\u00e9ment. Le stockage est rapide et spacieux, avec un <strong data-start=\"869\" data-end=\"889\">SSD NVMe de 1 To<\/strong>, qui r\u00e9duit consid\u00e9rablement le temps de chargement des applications et fichiers.<\/p>\n<p data-start=\"973\" data-end=\"1277\">Pour maintenir des performances optimales, le ProPlay Muse3060 est \u00e9quip\u00e9 du syst\u00e8me de refroidissement liquide <strong data-start=\"1085\" data-end=\"1128\">Thermalright Frozen Notte 240 Noir ARGB<\/strong>, qui combine efficacit\u00e9 thermique et design moderne avec \u00e9clairage RGB personnalisable, garantissant des temp\u00e9ratures basses m\u00eame en usage intensif.<\/p>\n<p data-start=\"1279\" data-end=\"1433\">Le bo\u00eetier ATX noir offre un excellent espace interne pour des mises \u00e0 niveau futures et un bon flux d\u2019air, tout en pr\u00e9sentant un design \u00e9l\u00e9gant et sobre.<\/p>\n","protected":false},"featured_media":7337,"comment_status":"open","ping_status":"closed","template":"","meta":[],"product_brand":[],"product_cat":[60],"product_tag":[53,55],"class_list":{"0":"post-7546","1":"product","2":"type-product","3":"status-publish","4":"has-post-thumbnail","6":"product_cat-jeux-gamer","7":"product_tag-gamer","8":"product_tag-pc","10":"first","11":"instock","12":"sale","13":"shipping-taxable","14":"purchasable","15":"product-type-simple"},"yoast_head":"<!-- This site is optimized with the Yoast SEO plugin v26.4 - https:\/\/yoast.com\/wordpress\/plugins\/seo\/ -->\n<title>ProPlay MuseATX, 16 ran ddr4, AMD Ryzen 5 5500, MSI NVIDIA GeForce RTX 3050 Ventus 8G - ProPlaystore<\/title>\n<meta name=\"robots\" content=\"index, follow, max-snippet:-1, max-image-preview:large, max-video-preview:-1\" \/>\n<link rel=\"canonical\" href=\"https:\/\/proplaystore.lu\/index.php\/produit\/proplay-muse3060-pc-atx-16-ran-ddr4-amd-ryzen-5-5600-msi-nvidia-geforce-rtx-3050-ventus-8g\/\" \/>\n<meta property=\"og:locale\" content=\"en_US\" \/>\n<meta property=\"og:type\" content=\"article\" \/>\n<meta property=\"og:title\" content=\"ProPlay MuseATX, 16 ran ddr4, AMD Ryzen 5 5500, MSI NVIDIA GeForce RTX 3050 Ventus 8G - ProPlaystore\" \/>\n<meta property=\"og:description\" content=\"Le ProPlay Muse3060 est un PC de bureau haute performance, con\u00e7u pour les gamers, les cr\u00e9ateurs de contenu et les utilisateurs avanc\u00e9s qui ont besoin de puissance et d\u2019efficacit\u00e9. \u00c9quip\u00e9 du processeur AMD Ryzen 5 5600, cet ordinateur offre des performances rapides et fluides pour les jeux, le montage vid\u00e9o, le design graphique et le multit\u00e2che intensif. La carte graphique MSI NVIDIA GeForce RTX 3050 Ventus 08G d\u00e9livre des graphismes nets et r\u00e9alistes, avec le support des technologies modernes comme le ray tracing et le DLSS, garantissant une exp\u00e9rience immersive dans les jeux les plus r\u00e9cents. Avec 16 Go de RAM, le syst\u00e8me reste agile m\u00eame avec plusieurs programmes ouverts simultan\u00e9ment. Le stockage est rapide et spacieux, avec un SSD NVMe de 1 To, qui r\u00e9duit consid\u00e9rablement le temps de chargement des applications et fichiers. Pour maintenir des performances optimales, le ProPlay Muse3060 est \u00e9quip\u00e9 du syst\u00e8me de refroidissement liquide Thermalright Frozen Notte 240 Noir ARGB, qui combine efficacit\u00e9 thermique et design moderne avec \u00e9clairage RGB personnalisable, garantissant des temp\u00e9ratures basses m\u00eame en usage intensif. Le bo\u00eetier ATX noir offre un excellent espace interne pour des mises \u00e0 niveau futures et un bon flux d\u2019air, tout en pr\u00e9sentant un design \u00e9l\u00e9gant et sobre.\" \/>\n<meta property=\"og:url\" content=\"https:\/\/proplaystore.lu\/index.php\/produit\/proplay-muse3060-pc-atx-16-ran-ddr4-amd-ryzen-5-5600-msi-nvidia-geforce-rtx-3050-ventus-8g\/\" \/>\n<meta property=\"og:site_name\" content=\"ProPlaystore\" \/>\n<meta property=\"article:modified_time\" content=\"2025-08-15T16:33:10+00:00\" \/>\n<meta property=\"og:image\" content=\"https:\/\/proplaystore.lu\/wp-content\/uploads\/2025\/08\/Design-sem-nome-18-1024x1024.png\" \/>\n\t<meta property=\"og:image:width\" content=\"1024\" \/>\n\t<meta property=\"og:image:height\" content=\"1024\" \/>\n\t<meta property=\"og:image:type\" content=\"image\/png\" \/>\n<meta name=\"twitter:card\" content=\"summary_large_image\" \/>\n<meta name=\"twitter:label1\" content=\"Est. reading time\" \/>\n\t<meta name=\"twitter:data1\" content=\"1 minute\" \/>\n<script type=\"application\/ld+json\" class=\"yoast-schema-graph\">{\"@context\":\"https:\/\/schema.org\",\"@graph\":[{\"@type\":\"WebPage\",\"@id\":\"https:\/\/proplaystore.lu\/index.php\/produit\/proplay-muse3060-pc-atx-16-ran-ddr4-amd-ryzen-5-5600-msi-nvidia-geforce-rtx-3050-ventus-8g\/\",\"url\":\"https:\/\/proplaystore.lu\/index.php\/produit\/proplay-muse3060-pc-atx-16-ran-ddr4-amd-ryzen-5-5600-msi-nvidia-geforce-rtx-3050-ventus-8g\/\",\"name\":\"ProPlay MuseATX, 16 ran ddr4, AMD Ryzen 5 5500, MSI NVIDIA GeForce RTX 3050 Ventus 8G - ProPlaystore\",\"isPartOf\":{\"@id\":\"https:\/\/proplaystore.lu\/#website\"},\"primaryImageOfPage\":{\"@id\":\"https:\/\/proplaystore.lu\/index.php\/produit\/proplay-muse3060-pc-atx-16-ran-ddr4-amd-ryzen-5-5600-msi-nvidia-geforce-rtx-3050-ventus-8g\/#primaryimage\"},\"image\":{\"@id\":\"https:\/\/proplaystore.lu\/index.php\/produit\/proplay-muse3060-pc-atx-16-ran-ddr4-amd-ryzen-5-5600-msi-nvidia-geforce-rtx-3050-ventus-8g\/#primaryimage\"},\"thumbnailUrl\":\"https:\/\/proplaystore.lu\/wp-content\/uploads\/2025\/08\/Design-sem-nome-18-scaled.png\",\"datePublished\":\"2025-08-13T22:49:31+00:00\",\"dateModified\":\"2025-08-15T16:33:10+00:00\",\"breadcrumb\":{\"@id\":\"https:\/\/proplaystore.lu\/index.php\/produit\/proplay-muse3060-pc-atx-16-ran-ddr4-amd-ryzen-5-5600-msi-nvidia-geforce-rtx-3050-ventus-8g\/#breadcrumb\"},\"inLanguage\":\"en-US\",\"potentialAction\":[{\"@type\":\"ReadAction\",\"target\":[\"https:\/\/proplaystore.lu\/index.php\/produit\/proplay-muse3060-pc-atx-16-ran-ddr4-amd-ryzen-5-5600-msi-nvidia-geforce-rtx-3050-ventus-8g\/\"]}]},{\"@type\":\"ImageObject\",\"inLanguage\":\"en-US\",\"@id\":\"https:\/\/proplaystore.lu\/index.php\/produit\/proplay-muse3060-pc-atx-16-ran-ddr4-amd-ryzen-5-5600-msi-nvidia-geforce-rtx-3050-ventus-8g\/#primaryimage\",\"url\":\"https:\/\/proplaystore.lu\/wp-content\/uploads\/2025\/08\/Design-sem-nome-18-scaled.png\",\"contentUrl\":\"https:\/\/proplaystore.lu\/wp-content\/uploads\/2025\/08\/Design-sem-nome-18-scaled.png\",\"width\":2560,\"height\":2560},{\"@type\":\"BreadcrumbList\",\"@id\":\"https:\/\/proplaystore.lu\/index.php\/produit\/proplay-muse3060-pc-atx-16-ran-ddr4-amd-ryzen-5-5600-msi-nvidia-geforce-rtx-3050-ventus-8g\/#breadcrumb\",\"itemListElement\":[{\"@type\":\"ListItem\",\"position\":1,\"name\":\"Accueil\",\"item\":\"https:\/\/proplaystore.lu\/\"},{\"@type\":\"ListItem\",\"position\":2,\"name\":\"Shop\",\"item\":\"https:\/\/proplaystore.lu\/index.php\/shop\/\"},{\"@type\":\"ListItem\",\"position\":3,\"name\":\"ProPlay MuseATX, 16 ran ddr4, AMD Ryzen 5 5500, MSI NVIDIA GeForce RTX 3050 Ventus 8G\"}]},{\"@type\":\"WebSite\",\"@id\":\"https:\/\/proplaystore.lu\/#website\",\"url\":\"https:\/\/proplaystore.lu\/\",\"name\":\"ProPlaystore\",\"description\":\"proplaysre\",\"potentialAction\":[{\"@type\":\"SearchAction\",\"target\":{\"@type\":\"EntryPoint\",\"urlTemplate\":\"https:\/\/proplaystore.lu\/?s={search_term_string}\"},\"query-input\":{\"@type\":\"PropertyValueSpecification\",\"valueRequired\":true,\"valueName\":\"search_term_string\"}}],\"inLanguage\":\"en-US\"}]}<\/script>\n<!-- \/ Yoast SEO plugin. -->","yoast_head_json":{"title":"ProPlay MuseATX, 16 ran ddr4, AMD Ryzen 5 5500, MSI NVIDIA GeForce RTX 3050 Ventus 8G - ProPlaystore","robots":{"index":"index","follow":"follow","max-snippet":"max-snippet:-1","max-image-preview":"max-image-preview:large","max-video-preview":"max-video-preview:-1"},"canonical":"https:\/\/proplaystore.lu\/index.php\/produit\/proplay-muse3060-pc-atx-16-ran-ddr4-amd-ryzen-5-5600-msi-nvidia-geforce-rtx-3050-ventus-8g\/","og_locale":"en_US","og_type":"article","og_title":"ProPlay MuseATX, 16 ran ddr4, AMD Ryzen 5 5500, MSI NVIDIA GeForce RTX 3050 Ventus 8G - ProPlaystore","og_description":"Le ProPlay Muse3060 est un PC de bureau haute performance, con\u00e7u pour les gamers, les cr\u00e9ateurs de contenu et les utilisateurs avanc\u00e9s qui ont besoin de puissance et d\u2019efficacit\u00e9. \u00c9quip\u00e9 du processeur AMD Ryzen 5 5600, cet ordinateur offre des performances rapides et fluides pour les jeux, le montage vid\u00e9o, le design graphique et le multit\u00e2che intensif. La carte graphique MSI NVIDIA GeForce RTX 3050 Ventus 08G d\u00e9livre des graphismes nets et r\u00e9alistes, avec le support des technologies modernes comme le ray tracing et le DLSS, garantissant une exp\u00e9rience immersive dans les jeux les plus r\u00e9cents. Avec 16 Go de RAM, le syst\u00e8me reste agile m\u00eame avec plusieurs programmes ouverts simultan\u00e9ment. Le stockage est rapide et spacieux, avec un SSD NVMe de 1 To, qui r\u00e9duit consid\u00e9rablement le temps de chargement des applications et fichiers. Pour maintenir des performances optimales, le ProPlay Muse3060 est \u00e9quip\u00e9 du syst\u00e8me de refroidissement liquide Thermalright Frozen Notte 240 Noir ARGB, qui combine efficacit\u00e9 thermique et design moderne avec \u00e9clairage RGB personnalisable, garantissant des temp\u00e9ratures basses m\u00eame en usage intensif. Le bo\u00eetier ATX noir offre un excellent espace interne pour des mises \u00e0 niveau futures et un bon flux d\u2019air, tout en pr\u00e9sentant un design \u00e9l\u00e9gant et sobre.","og_url":"https:\/\/proplaystore.lu\/index.php\/produit\/proplay-muse3060-pc-atx-16-ran-ddr4-amd-ryzen-5-5600-msi-nvidia-geforce-rtx-3050-ventus-8g\/","og_site_name":"ProPlaystore","article_modified_time":"2025-08-15T16:33:10+00:00","og_image":[{"width":1024,"height":1024,"url":"https:\/\/proplaystore.lu\/wp-content\/uploads\/2025\/08\/Design-sem-nome-18-1024x1024.png","type":"image\/png"}],"twitter_card":"summary_large_image","twitter_misc":{"Est. reading time":"1 minute"},"schema":{"@context":"https:\/\/schema.org","@graph":[{"@type":"WebPage","@id":"https:\/\/proplaystore.lu\/index.php\/produit\/proplay-muse3060-pc-atx-16-ran-ddr4-amd-ryzen-5-5600-msi-nvidia-geforce-rtx-3050-ventus-8g\/","url":"https:\/\/proplaystore.lu\/index.php\/produit\/proplay-muse3060-pc-atx-16-ran-ddr4-amd-ryzen-5-5600-msi-nvidia-geforce-rtx-3050-ventus-8g\/","name":"ProPlay MuseATX, 16 ran ddr4, AMD Ryzen 5 5500, MSI NVIDIA GeForce RTX 3050 Ventus 8G - ProPlaystore","isPartOf":{"@id":"https:\/\/proplaystore.lu\/#website"},"primaryImageOfPage":{"@id":"https:\/\/proplaystore.lu\/index.php\/produit\/proplay-muse3060-pc-atx-16-ran-ddr4-amd-ryzen-5-5600-msi-nvidia-geforce-rtx-3050-ventus-8g\/#primaryimage"},"image":{"@id":"https:\/\/proplaystore.lu\/index.php\/produit\/proplay-muse3060-pc-atx-16-ran-ddr4-amd-ryzen-5-5600-msi-nvidia-geforce-rtx-3050-ventus-8g\/#primaryimage"},"thumbnailUrl":"https:\/\/proplaystore.lu\/wp-content\/uploads\/2025\/08\/Design-sem-nome-18-scaled.png","datePublished":"2025-08-13T22:49:31+00:00","dateModified":"2025-08-15T16:33:10+00:00","breadcrumb":{"@id":"https:\/\/proplaystore.lu\/index.php\/produit\/proplay-muse3060-pc-atx-16-ran-ddr4-amd-ryzen-5-5600-msi-nvidia-geforce-rtx-3050-ventus-8g\/#breadcrumb"},"inLanguage":"en-US","potentialAction":[{"@type":"ReadAction","target":["https:\/\/proplaystore.lu\/index.php\/produit\/proplay-muse3060-pc-atx-16-ran-ddr4-amd-ryzen-5-5600-msi-nvidia-geforce-rtx-3050-ventus-8g\/"]}]},{"@type":"ImageObject","inLanguage":"en-US","@id":"https:\/\/proplaystore.lu\/index.php\/produit\/proplay-muse3060-pc-atx-16-ran-ddr4-amd-ryzen-5-5600-msi-nvidia-geforce-rtx-3050-ventus-8g\/#primaryimage","url":"https:\/\/proplaystore.lu\/wp-content\/uploads\/2025\/08\/Design-sem-nome-18-scaled.png","contentUrl":"https:\/\/proplaystore.lu\/wp-content\/uploads\/2025\/08\/Design-sem-nome-18-scaled.png","width":2560,"height":2560},{"@type":"BreadcrumbList","@id":"https:\/\/proplaystore.lu\/index.php\/produit\/proplay-muse3060-pc-atx-16-ran-ddr4-amd-ryzen-5-5600-msi-nvidia-geforce-rtx-3050-ventus-8g\/#breadcrumb","itemListElement":[{"@type":"ListItem","position":1,"name":"Accueil","item":"https:\/\/proplaystore.lu\/"},{"@type":"ListItem","position":2,"name":"Shop","item":"https:\/\/proplaystore.lu\/index.php\/shop\/"},{"@type":"ListItem","position":3,"name":"ProPlay MuseATX, 16 ran ddr4, AMD Ryzen 5 5500, MSI NVIDIA GeForce RTX 3050 Ventus 8G"}]},{"@type":"WebSite","@id":"https:\/\/proplaystore.lu\/#website","url":"https:\/\/proplaystore.lu\/","name":"ProPlaystore","description":"proplaysre","potentialAction":[{"@type":"SearchAction","target":{"@type":"EntryPoint","urlTemplate":"https:\/\/proplaystore.lu\/?s={search_term_string}"},"query-input":{"@type":"PropertyValueSpecification","valueRequired":true,"valueName":"search_term_string"}}],"inLanguage":"en-US"}]}},"_links":{"self":[{"href":"https:\/\/proplaystore.lu\/index.php\/wp-json\/wp\/v2\/product\/7546","targetHints":{"allow":["GET"]}}],"collection":[{"href":"https:\/\/proplaystore.lu\/index.php\/wp-json\/wp\/v2\/product"}],"about":[{"href":"https:\/\/proplaystore.lu\/index.php\/wp-json\/wp\/v2\/types\/product"}],"replies":[{"embeddable":true,"href":"https:\/\/proplaystore.lu\/index.php\/wp-json\/wp\/v2\/comments?post=7546"}],"wp:featuredmedia":[{"embeddable":true,"href":"https:\/\/proplaystore.lu\/index.php\/wp-json\/wp\/v2\/media\/7337"}],"wp:attachment":[{"href":"https:\/\/proplaystore.lu\/index.php\/wp-json\/wp\/v2\/media?parent=7546"}],"wp:term":[{"taxonomy":"product_brand","embeddable":true,"href":"https:\/\/proplaystore.lu\/index.php\/wp-json\/wp\/v2\/product_brand?post=7546"},{"taxonomy":"product_cat","embeddable":true,"href":"https:\/\/proplaystore.lu\/index.php\/wp-json\/wp\/v2\/product_cat?post=7546"},{"taxonomy":"product_tag","embeddable":true,"href":"https:\/\/proplaystore.lu\/index.php\/wp-json\/wp\/v2\/product_tag?post=7546"}],"curies":[{"name":"wp","href":"https:\/\/api.w.org\/{rel}","templated":true}]}}