{"id":7615,"date":"2025-08-17T19:10:16","date_gmt":"2025-08-17T19:10:16","guid":{"rendered":"https:\/\/proplaystore.lu\/?post_type=product&#038;p=7615"},"modified":"2025-08-19T07:59:27","modified_gmt":"2025-08-19T07:59:27","slug":"asus-dual-radeon-rx-7600-evo-oc-edition-carte-graphique-gddr6-8-go-amd-radeon-rx7600-pcie-4-0-1-x-hdmi-2-1-3-x-displayport-1-4a-dual-rx7600-o8g-evo","status":"publish","type":"product","link":"https:\/\/proplaystore.lu\/index.php\/produit\/asus-dual-radeon-rx-7600-evo-oc-edition-carte-graphique-gddr6-8-go-amd-radeon-rx7600-pcie-4-0-1-x-hdmi-2-1-3-x-displayport-1-4a-dual-rx7600-o8g-evo\/","title":{"rendered":"ASUS Dual Radeon RX 7600 Evo OC Edition Carte Graphique GDDR6 8 Go (AMD Radeon RX7600, PCIe 4.0, 1 x HDMI 2.1, 3 x DisplayPort 1.4a, DUAL-RX7600-O8G-EVO)"},"content":{"rendered":"<h2 data-start=\"1558\" data-end=\"1580\"><strong data-start=\"1561\" data-end=\"1580\">Fiche technique<\/strong><\/h2>\n<div class=\"_tableContainer_1rjym_1\">\n<table class=\"a-normal a-spacing-micro\" role=\"list\">\n<tbody>\n<tr class=\"a-spacing-small po-graphics_coprocessor\" role=\"listitem\">\n<td class=\"a-span3\" role=\"presentation\"><span class=\"a-size-base a-text-bold\">Coprocesseur graphique<\/span><\/td>\n<td class=\"a-span9\" role=\"presentation\"><span class=\"a-size-base po-break-word\">RX 7600<\/span><\/td>\n<\/tr>\n<tr class=\"a-spacing-small po-brand\" role=\"listitem\">\n<td class=\"a-span3\" role=\"presentation\"><span class=\"a-size-base a-text-bold\">Marque<\/span><\/td>\n<td class=\"a-span9\" role=\"presentation\"><span class=\"a-size-base po-break-word\">ASUS<\/span><\/td>\n<\/tr>\n<tr class=\"a-spacing-small po-graphics_ram.size\" role=\"listitem\">\n<td class=\"a-span3\" role=\"presentation\"><span class=\"a-size-base a-text-bold\">Taille de la RAM graphique<\/span><\/td>\n<td class=\"a-span9\" role=\"presentation\"><span class=\"a-size-base po-break-word\">8 Go<\/span><\/td>\n<\/tr>\n<tr class=\"a-spacing-small po-video_output_interface\" role=\"listitem\">\n<td class=\"a-span3\" role=\"presentation\"><span class=\"a-size-base a-text-bold\">Interface de sortie vid\u00e9o<\/span><\/td>\n<td class=\"a-span9\" role=\"presentation\"><span class=\"a-size-base po-break-word\">HDMI, DisplayPort<\/span><\/td>\n<\/tr>\n<tr class=\"a-spacing-small po-graphics_processor_manufacturer\" role=\"listitem\">\n<td class=\"a-span3\" role=\"presentation\"><span class=\"a-size-base a-text-bold\">Fabricant de processeurs graphiques<\/span><\/td>\n<td class=\"a-span9\" role=\"presentation\"><span class=\"a-size-base po-break-word\">AMD<\/span><\/td>\n<\/tr>\n<tr class=\"a-spacing-small po-graphics_ram.type\" role=\"listitem\">\n<td class=\"a-span3\" role=\"presentation\"><span class=\"a-size-base a-text-bold\">Type de RAM graphique<\/span><\/td>\n<td class=\"a-span9\" role=\"presentation\"><span class=\"a-size-base po-break-word\">M\u00e9moire GDDR6<\/span><\/td>\n<\/tr>\n<tr class=\"a-spacing-small po-included_components\" role=\"listitem\">\n<td class=\"a-span3\" role=\"presentation\"><span class=\"a-size-base a-text-bold\">Composants inclus<\/span><\/td>\n<td class=\"a-span9\" role=\"presentation\"><span class=\"a-size-base po-break-word\">Carte graphique<\/span><\/td>\n<\/tr>\n<tr class=\"a-spacing-small po-compatible_devices\" role=\"listitem\">\n<td class=\"a-span3\" role=\"presentation\"><span class=\"a-size-base a-text-bold\">Appareils compatibles<\/span><\/td>\n<td class=\"a-span9\" role=\"presentation\"><span class=\"a-size-base po-break-word\">Ordinateur de bureau<\/span><\/td>\n<\/tr>\n<tr class=\"a-spacing-small po-display.resolution_maximum\" role=\"listitem\">\n<td class=\"a-span3\" role=\"presentation\"><span class=\"a-size-base a-text-bold\">R\u00e9solution d&#8217;affichage maximale<\/span><\/td>\n<td class=\"a-span9\" role=\"presentation\"><span class=\"a-size-base po-break-word\">7680&#215;4320<\/span><\/td>\n<\/tr>\n<tr class=\"a-spacing-small po-graphics_card_interface\" role=\"listitem\">\n<td class=\"a-span3\" role=\"presentation\"><span class=\"a-size-base a-text-bold\">Interface de carte graphique<\/span><\/td>\n<td class=\"a-span9\" role=\"presentation\"><span class=\"a-size-base po-break-word\">PCI-Express\u00a0<\/span><\/td>\n<\/tr>\n<\/tbody>\n<\/table>\n<\/div>\n","protected":false},"excerpt":{"rendered":"<ul class=\"a-unordered-list a-vertical\">\n<li><span class=\"a-list-item\"><span class=\"a-size-base\">Mode OC : jusqu&#8217;\u00e0 2715 MHz (Boost Clock) \/ jusqu&#8217;\u00e0 2300 MHz (Game Clock).<\/span><\/span><\/li>\n<li><span class=\"a-list-item\"><span class=\"a-size-base\">Le design du ventilateur Axial-Tech a un moyeu de ventilateur plus petit pour augmenter le flux d&#8217;air \u00e0 travers le syst\u00e8me de refroidissement<\/span><\/span><\/li>\n<li><span class=\"a-list-item\"><span class=\"a-size-base\">Les ventilateurs \u00e0 double roulement \u00e0 billes durent jusqu&#8217;\u00e0 deux fois plus longtemps que les ventilateurs traditionnels<\/span><\/span><\/li>\n<li><span class=\"a-list-item\"><span class=\"a-size-base\">Le design 2.5 fente permet une plus grande compatibilit\u00e9 tout en refroidissant de premi\u00e8re classe<\/span><\/span><\/li>\n<li><span class=\"a-list-item\"><span class=\"a-size-base\">Avec la technologie 0 dB, vous pouvez profiter de jeux l\u00e9gers dans un silence relatif<\/span><\/span><\/li>\n<li><span class=\"a-list-item\"><span class=\"a-size-base\">Fabrication automatis\u00e9e extr\u00eamement pr\u00e9cise pour une plus grande fiabilit\u00e9<\/span><\/span><\/li>\n<li><span class=\"a-list-item\"><span class=\"a-size-base\">Un support en acier inoxydable est plus dur et plus r\u00e9sistant \u00e0 la corrosion<\/span><\/span><\/li>\n<li><span class=\"a-list-item\"><span class=\"a-size-base\">Le logiciel GPU Tweak III offre une optimisation intuitive des performances, un contr\u00f4le de la temp\u00e9rature et une surveillance du syst\u00e8me<\/span><\/span><\/li>\n<\/ul>\n","protected":false},"featured_media":7616,"comment_status":"open","ping_status":"closed","template":"","meta":[],"product_brand":[],"product_cat":[64],"product_tag":[53,55],"class_list":{"0":"post-7615","1":"product","2":"type-product","3":"status-publish","4":"has-post-thumbnail","6":"product_cat-carte-graphique","7":"product_tag-gamer","8":"product_tag-pc","10":"first","11":"instock","12":"shipping-taxable","13":"purchasable","14":"product-type-simple"},"yoast_head":"<!-- This site is optimized with the Yoast SEO plugin v26.4 - https:\/\/yoast.com\/wordpress\/plugins\/seo\/ -->\n<title>ASUS Dual Radeon RX 7600 Evo OC Edition Carte Graphique GDDR6 8 Go (AMD Radeon RX7600, PCIe 4.0, 1 x HDMI 2.1, 3 x DisplayPort 1.4a, DUAL-RX7600-O8G-EVO) - ProPlaystore<\/title>\n<meta name=\"robots\" content=\"index, follow, max-snippet:-1, max-image-preview:large, max-video-preview:-1\" \/>\n<link rel=\"canonical\" href=\"https:\/\/proplaystore.lu\/index.php\/produit\/asus-dual-radeon-rx-7600-evo-oc-edition-carte-graphique-gddr6-8-go-amd-radeon-rx7600-pcie-4-0-1-x-hdmi-2-1-3-x-displayport-1-4a-dual-rx7600-o8g-evo\/\" \/>\n<meta property=\"og:locale\" content=\"en_US\" \/>\n<meta property=\"og:type\" content=\"article\" \/>\n<meta property=\"og:title\" content=\"ASUS Dual Radeon RX 7600 Evo OC Edition Carte Graphique GDDR6 8 Go (AMD Radeon RX7600, PCIe 4.0, 1 x HDMI 2.1, 3 x DisplayPort 1.4a, DUAL-RX7600-O8G-EVO) - ProPlaystore\" \/>\n<meta property=\"og:description\" content=\"Mode OC : jusqu&#039;\u00e0 2715 MHz (Boost Clock) \/ jusqu&#039;\u00e0 2300 MHz (Game Clock).  Le design du ventilateur Axial-Tech a un moyeu de ventilateur plus petit pour augmenter le flux d&#039;air \u00e0 travers le syst\u00e8me de refroidissement  Les ventilateurs \u00e0 double roulement \u00e0 billes durent jusqu&#039;\u00e0 deux fois plus longtemps que les ventilateurs traditionnels  Le design 2.5 fente permet une plus grande compatibilit\u00e9 tout en refroidissant de premi\u00e8re classe  Avec la technologie 0 dB, vous pouvez profiter de jeux l\u00e9gers dans un silence relatif  Fabrication automatis\u00e9e extr\u00eamement pr\u00e9cise pour une plus grande fiabilit\u00e9  Un support en acier inoxydable est plus dur et plus r\u00e9sistant \u00e0 la corrosion  Le logiciel GPU Tweak III offre une optimisation intuitive des performances, un contr\u00f4le de la temp\u00e9rature et une surveillance du syst\u00e8me\" \/>\n<meta property=\"og:url\" content=\"https:\/\/proplaystore.lu\/index.php\/produit\/asus-dual-radeon-rx-7600-evo-oc-edition-carte-graphique-gddr6-8-go-amd-radeon-rx7600-pcie-4-0-1-x-hdmi-2-1-3-x-displayport-1-4a-dual-rx7600-o8g-evo\/\" \/>\n<meta property=\"og:site_name\" content=\"ProPlaystore\" \/>\n<meta property=\"article:modified_time\" content=\"2025-08-19T07:59:27+00:00\" \/>\n<meta property=\"og:image\" content=\"https:\/\/proplaystore.lu\/wp-content\/uploads\/2025\/08\/81QItJufypL._AC_SX425_.jpg\" \/>\n\t<meta property=\"og:image:width\" content=\"425\" \/>\n\t<meta property=\"og:image:height\" content=\"446\" \/>\n\t<meta property=\"og:image:type\" content=\"image\/jpeg\" \/>\n<meta name=\"twitter:card\" content=\"summary_large_image\" \/>\n<meta name=\"twitter:label1\" content=\"Est. reading time\" \/>\n\t<meta name=\"twitter:data1\" content=\"1 minute\" \/>\n<script type=\"application\/ld+json\" class=\"yoast-schema-graph\">{\"@context\":\"https:\/\/schema.org\",\"@graph\":[{\"@type\":\"WebPage\",\"@id\":\"https:\/\/proplaystore.lu\/index.php\/produit\/asus-dual-radeon-rx-7600-evo-oc-edition-carte-graphique-gddr6-8-go-amd-radeon-rx7600-pcie-4-0-1-x-hdmi-2-1-3-x-displayport-1-4a-dual-rx7600-o8g-evo\/\",\"url\":\"https:\/\/proplaystore.lu\/index.php\/produit\/asus-dual-radeon-rx-7600-evo-oc-edition-carte-graphique-gddr6-8-go-amd-radeon-rx7600-pcie-4-0-1-x-hdmi-2-1-3-x-displayport-1-4a-dual-rx7600-o8g-evo\/\",\"name\":\"ASUS Dual Radeon RX 7600 Evo OC Edition Carte Graphique GDDR6 8 Go (AMD Radeon RX7600, PCIe 4.0, 1 x HDMI 2.1, 3 x DisplayPort 1.4a, DUAL-RX7600-O8G-EVO) - ProPlaystore\",\"isPartOf\":{\"@id\":\"https:\/\/proplaystore.lu\/#website\"},\"primaryImageOfPage\":{\"@id\":\"https:\/\/proplaystore.lu\/index.php\/produit\/asus-dual-radeon-rx-7600-evo-oc-edition-carte-graphique-gddr6-8-go-amd-radeon-rx7600-pcie-4-0-1-x-hdmi-2-1-3-x-displayport-1-4a-dual-rx7600-o8g-evo\/#primaryimage\"},\"image\":{\"@id\":\"https:\/\/proplaystore.lu\/index.php\/produit\/asus-dual-radeon-rx-7600-evo-oc-edition-carte-graphique-gddr6-8-go-amd-radeon-rx7600-pcie-4-0-1-x-hdmi-2-1-3-x-displayport-1-4a-dual-rx7600-o8g-evo\/#primaryimage\"},\"thumbnailUrl\":\"https:\/\/proplaystore.lu\/wp-content\/uploads\/2025\/08\/81QItJufypL._AC_SX425_.jpg\",\"datePublished\":\"2025-08-17T19:10:16+00:00\",\"dateModified\":\"2025-08-19T07:59:27+00:00\",\"breadcrumb\":{\"@id\":\"https:\/\/proplaystore.lu\/index.php\/produit\/asus-dual-radeon-rx-7600-evo-oc-edition-carte-graphique-gddr6-8-go-amd-radeon-rx7600-pcie-4-0-1-x-hdmi-2-1-3-x-displayport-1-4a-dual-rx7600-o8g-evo\/#breadcrumb\"},\"inLanguage\":\"en-US\",\"potentialAction\":[{\"@type\":\"ReadAction\",\"target\":[\"https:\/\/proplaystore.lu\/index.php\/produit\/asus-dual-radeon-rx-7600-evo-oc-edition-carte-graphique-gddr6-8-go-amd-radeon-rx7600-pcie-4-0-1-x-hdmi-2-1-3-x-displayport-1-4a-dual-rx7600-o8g-evo\/\"]}]},{\"@type\":\"ImageObject\",\"inLanguage\":\"en-US\",\"@id\":\"https:\/\/proplaystore.lu\/index.php\/produit\/asus-dual-radeon-rx-7600-evo-oc-edition-carte-graphique-gddr6-8-go-amd-radeon-rx7600-pcie-4-0-1-x-hdmi-2-1-3-x-displayport-1-4a-dual-rx7600-o8g-evo\/#primaryimage\",\"url\":\"https:\/\/proplaystore.lu\/wp-content\/uploads\/2025\/08\/81QItJufypL._AC_SX425_.jpg\",\"contentUrl\":\"https:\/\/proplaystore.lu\/wp-content\/uploads\/2025\/08\/81QItJufypL._AC_SX425_.jpg\",\"width\":425,\"height\":446},{\"@type\":\"BreadcrumbList\",\"@id\":\"https:\/\/proplaystore.lu\/index.php\/produit\/asus-dual-radeon-rx-7600-evo-oc-edition-carte-graphique-gddr6-8-go-amd-radeon-rx7600-pcie-4-0-1-x-hdmi-2-1-3-x-displayport-1-4a-dual-rx7600-o8g-evo\/#breadcrumb\",\"itemListElement\":[{\"@type\":\"ListItem\",\"position\":1,\"name\":\"Accueil\",\"item\":\"https:\/\/proplaystore.lu\/\"},{\"@type\":\"ListItem\",\"position\":2,\"name\":\"Shop\",\"item\":\"https:\/\/proplaystore.lu\/index.php\/shop\/\"},{\"@type\":\"ListItem\",\"position\":3,\"name\":\"ASUS Dual Radeon RX 7600 Evo OC Edition Carte Graphique GDDR6 8 Go (AMD Radeon RX7600, PCIe 4.0, 1 x HDMI 2.1, 3 x DisplayPort 1.4a, DUAL-RX7600-O8G-EVO)\"}]},{\"@type\":\"WebSite\",\"@id\":\"https:\/\/proplaystore.lu\/#website\",\"url\":\"https:\/\/proplaystore.lu\/\",\"name\":\"ProPlaystore\",\"description\":\"proplaysre\",\"potentialAction\":[{\"@type\":\"SearchAction\",\"target\":{\"@type\":\"EntryPoint\",\"urlTemplate\":\"https:\/\/proplaystore.lu\/?s={search_term_string}\"},\"query-input\":{\"@type\":\"PropertyValueSpecification\",\"valueRequired\":true,\"valueName\":\"search_term_string\"}}],\"inLanguage\":\"en-US\"}]}<\/script>\n<!-- \/ Yoast SEO plugin. -->","yoast_head_json":{"title":"ASUS Dual Radeon RX 7600 Evo OC Edition Carte Graphique GDDR6 8 Go (AMD Radeon RX7600, PCIe 4.0, 1 x HDMI 2.1, 3 x DisplayPort 1.4a, DUAL-RX7600-O8G-EVO) - ProPlaystore","robots":{"index":"index","follow":"follow","max-snippet":"max-snippet:-1","max-image-preview":"max-image-preview:large","max-video-preview":"max-video-preview:-1"},"canonical":"https:\/\/proplaystore.lu\/index.php\/produit\/asus-dual-radeon-rx-7600-evo-oc-edition-carte-graphique-gddr6-8-go-amd-radeon-rx7600-pcie-4-0-1-x-hdmi-2-1-3-x-displayport-1-4a-dual-rx7600-o8g-evo\/","og_locale":"en_US","og_type":"article","og_title":"ASUS Dual Radeon RX 7600 Evo OC Edition Carte Graphique GDDR6 8 Go (AMD Radeon RX7600, PCIe 4.0, 1 x HDMI 2.1, 3 x DisplayPort 1.4a, DUAL-RX7600-O8G-EVO) - ProPlaystore","og_description":"Mode OC : jusqu'\u00e0 2715 MHz (Boost Clock) \/ jusqu'\u00e0 2300 MHz (Game Clock).  Le design du ventilateur Axial-Tech a un moyeu de ventilateur plus petit pour augmenter le flux d'air \u00e0 travers le syst\u00e8me de refroidissement  Les ventilateurs \u00e0 double roulement \u00e0 billes durent jusqu'\u00e0 deux fois plus longtemps que les ventilateurs traditionnels  Le design 2.5 fente permet une plus grande compatibilit\u00e9 tout en refroidissant de premi\u00e8re classe  Avec la technologie 0 dB, vous pouvez profiter de jeux l\u00e9gers dans un silence relatif  Fabrication automatis\u00e9e extr\u00eamement pr\u00e9cise pour une plus grande fiabilit\u00e9  Un support en acier inoxydable est plus dur et plus r\u00e9sistant \u00e0 la corrosion  Le logiciel GPU Tweak III offre une optimisation intuitive des performances, un contr\u00f4le de la temp\u00e9rature et une surveillance du syst\u00e8me","og_url":"https:\/\/proplaystore.lu\/index.php\/produit\/asus-dual-radeon-rx-7600-evo-oc-edition-carte-graphique-gddr6-8-go-amd-radeon-rx7600-pcie-4-0-1-x-hdmi-2-1-3-x-displayport-1-4a-dual-rx7600-o8g-evo\/","og_site_name":"ProPlaystore","article_modified_time":"2025-08-19T07:59:27+00:00","og_image":[{"width":425,"height":446,"url":"https:\/\/proplaystore.lu\/wp-content\/uploads\/2025\/08\/81QItJufypL._AC_SX425_.jpg","type":"image\/jpeg"}],"twitter_card":"summary_large_image","twitter_misc":{"Est. reading time":"1 minute"},"schema":{"@context":"https:\/\/schema.org","@graph":[{"@type":"WebPage","@id":"https:\/\/proplaystore.lu\/index.php\/produit\/asus-dual-radeon-rx-7600-evo-oc-edition-carte-graphique-gddr6-8-go-amd-radeon-rx7600-pcie-4-0-1-x-hdmi-2-1-3-x-displayport-1-4a-dual-rx7600-o8g-evo\/","url":"https:\/\/proplaystore.lu\/index.php\/produit\/asus-dual-radeon-rx-7600-evo-oc-edition-carte-graphique-gddr6-8-go-amd-radeon-rx7600-pcie-4-0-1-x-hdmi-2-1-3-x-displayport-1-4a-dual-rx7600-o8g-evo\/","name":"ASUS Dual Radeon RX 7600 Evo OC Edition Carte Graphique GDDR6 8 Go (AMD Radeon RX7600, PCIe 4.0, 1 x HDMI 2.1, 3 x DisplayPort 1.4a, DUAL-RX7600-O8G-EVO) - ProPlaystore","isPartOf":{"@id":"https:\/\/proplaystore.lu\/#website"},"primaryImageOfPage":{"@id":"https:\/\/proplaystore.lu\/index.php\/produit\/asus-dual-radeon-rx-7600-evo-oc-edition-carte-graphique-gddr6-8-go-amd-radeon-rx7600-pcie-4-0-1-x-hdmi-2-1-3-x-displayport-1-4a-dual-rx7600-o8g-evo\/#primaryimage"},"image":{"@id":"https:\/\/proplaystore.lu\/index.php\/produit\/asus-dual-radeon-rx-7600-evo-oc-edition-carte-graphique-gddr6-8-go-amd-radeon-rx7600-pcie-4-0-1-x-hdmi-2-1-3-x-displayport-1-4a-dual-rx7600-o8g-evo\/#primaryimage"},"thumbnailUrl":"https:\/\/proplaystore.lu\/wp-content\/uploads\/2025\/08\/81QItJufypL._AC_SX425_.jpg","datePublished":"2025-08-17T19:10:16+00:00","dateModified":"2025-08-19T07:59:27+00:00","breadcrumb":{"@id":"https:\/\/proplaystore.lu\/index.php\/produit\/asus-dual-radeon-rx-7600-evo-oc-edition-carte-graphique-gddr6-8-go-amd-radeon-rx7600-pcie-4-0-1-x-hdmi-2-1-3-x-displayport-1-4a-dual-rx7600-o8g-evo\/#breadcrumb"},"inLanguage":"en-US","potentialAction":[{"@type":"ReadAction","target":["https:\/\/proplaystore.lu\/index.php\/produit\/asus-dual-radeon-rx-7600-evo-oc-edition-carte-graphique-gddr6-8-go-amd-radeon-rx7600-pcie-4-0-1-x-hdmi-2-1-3-x-displayport-1-4a-dual-rx7600-o8g-evo\/"]}]},{"@type":"ImageObject","inLanguage":"en-US","@id":"https:\/\/proplaystore.lu\/index.php\/produit\/asus-dual-radeon-rx-7600-evo-oc-edition-carte-graphique-gddr6-8-go-amd-radeon-rx7600-pcie-4-0-1-x-hdmi-2-1-3-x-displayport-1-4a-dual-rx7600-o8g-evo\/#primaryimage","url":"https:\/\/proplaystore.lu\/wp-content\/uploads\/2025\/08\/81QItJufypL._AC_SX425_.jpg","contentUrl":"https:\/\/proplaystore.lu\/wp-content\/uploads\/2025\/08\/81QItJufypL._AC_SX425_.jpg","width":425,"height":446},{"@type":"BreadcrumbList","@id":"https:\/\/proplaystore.lu\/index.php\/produit\/asus-dual-radeon-rx-7600-evo-oc-edition-carte-graphique-gddr6-8-go-amd-radeon-rx7600-pcie-4-0-1-x-hdmi-2-1-3-x-displayport-1-4a-dual-rx7600-o8g-evo\/#breadcrumb","itemListElement":[{"@type":"ListItem","position":1,"name":"Accueil","item":"https:\/\/proplaystore.lu\/"},{"@type":"ListItem","position":2,"name":"Shop","item":"https:\/\/proplaystore.lu\/index.php\/shop\/"},{"@type":"ListItem","position":3,"name":"ASUS Dual Radeon RX 7600 Evo OC Edition Carte Graphique GDDR6 8 Go (AMD Radeon RX7600, PCIe 4.0, 1 x HDMI 2.1, 3 x DisplayPort 1.4a, DUAL-RX7600-O8G-EVO)"}]},{"@type":"WebSite","@id":"https:\/\/proplaystore.lu\/#website","url":"https:\/\/proplaystore.lu\/","name":"ProPlaystore","description":"proplaysre","potentialAction":[{"@type":"SearchAction","target":{"@type":"EntryPoint","urlTemplate":"https:\/\/proplaystore.lu\/?s={search_term_string}"},"query-input":{"@type":"PropertyValueSpecification","valueRequired":true,"valueName":"search_term_string"}}],"inLanguage":"en-US"}]}},"_links":{"self":[{"href":"https:\/\/proplaystore.lu\/index.php\/wp-json\/wp\/v2\/product\/7615","targetHints":{"allow":["GET"]}}],"collection":[{"href":"https:\/\/proplaystore.lu\/index.php\/wp-json\/wp\/v2\/product"}],"about":[{"href":"https:\/\/proplaystore.lu\/index.php\/wp-json\/wp\/v2\/types\/product"}],"replies":[{"embeddable":true,"href":"https:\/\/proplaystore.lu\/index.php\/wp-json\/wp\/v2\/comments?post=7615"}],"wp:featuredmedia":[{"embeddable":true,"href":"https:\/\/proplaystore.lu\/index.php\/wp-json\/wp\/v2\/media\/7616"}],"wp:attachment":[{"href":"https:\/\/proplaystore.lu\/index.php\/wp-json\/wp\/v2\/media?parent=7615"}],"wp:term":[{"taxonomy":"product_brand","embeddable":true,"href":"https:\/\/proplaystore.lu\/index.php\/wp-json\/wp\/v2\/product_brand?post=7615"},{"taxonomy":"product_cat","embeddable":true,"href":"https:\/\/proplaystore.lu\/index.php\/wp-json\/wp\/v2\/product_cat?post=7615"},{"taxonomy":"product_tag","embeddable":true,"href":"https:\/\/proplaystore.lu\/index.php\/wp-json\/wp\/v2\/product_tag?post=7615"}],"curies":[{"name":"wp","href":"https:\/\/api.w.org\/{rel}","templated":true}]}}