{"id":7624,"date":"2025-08-17T19:31:55","date_gmt":"2025-08-17T19:31:55","guid":{"rendered":"https:\/\/proplaystore.lu\/?post_type=product&#038;p=7624"},"modified":"2025-08-19T08:17:19","modified_gmt":"2025-08-19T08:17:19","slug":"lexar-thor-ram-ddr4-16go-kit-2x8go-3200-mhz-dram-288-pin-u-dimm-pc-memoire-ram-xmp-2-0-memoire-haute-performance-cl16-18-18-38-1-35v-ld4bu008g-r3200gdxg","status":"publish","type":"product","link":"https:\/\/proplaystore.lu\/index.php\/produit\/lexar-thor-ram-ddr4-16go-kit-2x8go-3200-mhz-dram-288-pin-u-dimm-pc-memoire-ram-xmp-2-0-memoire-haute-performance-cl16-18-18-38-1-35v-ld4bu008g-r3200gdxg\/","title":{"rendered":"Lexar THOR RAM DDR4 16Go Kit (2x8Go) 3200 MHz, DRAM 288-Pin U-DIMM PC M\u00e9moire RAM, XMP 2.0 Memoire Haute Performance, CL16-18-18-38, 1.35V (LD4BU008G-R3200GDXG)"},"content":{"rendered":"<h2 data-start=\"1558\" data-end=\"1580\"><strong data-start=\"1561\" data-end=\"1580\">Fiche technique<\/strong><\/h2>\n<table class=\"a-normal a-spacing-micro\" role=\"list\">\n<tbody>\n<tr class=\"a-spacing-small po-brand\" role=\"listitem\">\n<td class=\"a-span3\" role=\"presentation\"><span class=\"a-size-base a-text-bold\">Marque<\/span><\/td>\n<td class=\"a-span9\" role=\"presentation\"><span class=\"a-size-base po-break-word\">Lexar<\/span><\/td>\n<\/tr>\n<tr class=\"a-spacing-small po-computer_memory.size\" role=\"listitem\">\n<td class=\"a-span3\" role=\"presentation\"><span class=\"a-size-base a-text-bold\">Taille de la m\u00e9moire de l&#8217;ordinateur<\/span><\/td>\n<td class=\"a-span9\" role=\"presentation\"><span class=\"a-size-base po-break-word\">16 Go<\/span><\/td>\n<\/tr>\n<tr class=\"a-spacing-small po-ram_memory.technology\" role=\"listitem\">\n<td class=\"a-span3\" role=\"presentation\"><span class=\"a-size-base a-text-bold\">Technologie de m\u00e9moire RAM<\/span><\/td>\n<td class=\"a-span9\" role=\"presentation\"><span class=\"a-size-base po-break-word\">DDR4<\/span><\/td>\n<\/tr>\n<tr class=\"a-spacing-small po-memory_speed\" role=\"listitem\">\n<td class=\"a-span3\" role=\"presentation\"><span class=\"a-size-base a-text-bold\">Vitesse de m\u00e9moire<\/span><\/td>\n<td class=\"a-span9\" role=\"presentation\"><span class=\"a-size-base po-break-word\">3200 MHz<\/span><\/td>\n<\/tr>\n<tr class=\"a-spacing-small po-compatible_devices\" role=\"listitem\">\n<td class=\"a-span3\" role=\"presentation\"><span class=\"a-size-base a-text-bold\">Appareils compatibles<\/span><\/td>\n<td class=\"a-span9\" role=\"presentation\"><span class=\"a-size-base po-break-word\">Ordinateur de bureau<\/span><\/td>\n<\/tr>\n<tr class=\"a-spacing-small po-special_feature\" role=\"listitem\">\n<td class=\"a-span3\" role=\"presentation\"><span class=\"a-size-base a-text-bold\">Caract\u00e9ristique sp\u00e9ciale<\/span><\/td>\n<td class=\"a-span9\" role=\"presentation\"><span class=\"a-size-base po-break-word\">Facile \u00c0 Installer<\/span><\/td>\n<\/tr>\n<tr class=\"a-spacing-small po-voltage\" role=\"listitem\">\n<td class=\"a-span3\" role=\"presentation\"><span class=\"a-size-base a-text-bold\">Tension<\/span><\/td>\n<td class=\"a-span9\" role=\"presentation\"><span class=\"a-size-base po-break-word\">1,35 Volts<\/span><\/td>\n<\/tr>\n<tr class=\"a-spacing-small po-column_address_strobe_latency\" role=\"listitem\">\n<td class=\"a-span3\" role=\"presentation\"><span class=\"a-size-base a-text-bold\">Latence stroboscopique d&#8217;adresse de colonne<\/span><\/td>\n<td class=\"a-span9\" role=\"presentation\"><span class=\"a-size-base po-break-word\">CL16<\/span><\/td>\n<\/tr>\n<tr class=\"a-spacing-small po-form_factor\" role=\"listitem\">\n<td class=\"a-span3\" role=\"presentation\"><span class=\"a-size-base a-text-bold\">Facteur de forme<\/span><\/td>\n<td class=\"a-span9\" role=\"presentation\"><span class=\"a-size-base po-break-word\">DIMM<\/span><\/td>\n<\/tr>\n<tr class=\"a-spacing-small po-model_name\" role=\"listitem\">\n<td class=\"a-span3\" role=\"presentation\"><span class=\"a-size-base a-text-bold\">Nom de mod\u00e8le<\/span><\/td>\n<td class=\"a-span9\" role=\"presentation\"><span class=\"a-size-base po-break-word\">LD4BU008G-R3200GDXG<\/span><\/td>\n<\/tr>\n<\/tbody>\n<\/table>\n<p>&nbsp;<\/p>\n","protected":false},"excerpt":{"rendered":"<ul class=\"a-unordered-list a-vertical\">\n<li class=\"a-spacing-mini\"><span class=\"a-list-item\">M\u00e9moire DDR4 haute vitesse pour am\u00e9liorer les performances de votre ordinateur de bureau ;<\/span><\/li>\n<li class=\"a-spacing-mini\"><span class=\"a-list-item\">Dispose d&#8217;un dissipateur de chaleur en aluminium gris sid\u00e9ral pour une finition haut de gamme et une dissipation thermique tr\u00e8s efficace ;<\/span><\/li>\n<li class=\"a-spacing-mini\"><span class=\"a-list-item\">Acc\u00e9l\u00e9rez les performances de votre PC pour le multit\u00e2che ;<\/span><\/li>\n<li class=\"a-spacing-mini\"><span class=\"a-list-item\">Facile \u00e0 installer;<\/span><\/li>\n<li class=\"a-spacing-mini\"><span class=\"a-list-item\">Une mise \u00e0 niveau simple pour votre PC.<\/span><\/li>\n<\/ul>\n","protected":false},"featured_media":7548,"comment_status":"open","ping_status":"closed","template":"","meta":[],"product_brand":[],"product_cat":[68],"product_tag":[73],"class_list":{"0":"post-7624","1":"product","2":"type-product","3":"status-publish","4":"has-post-thumbnail","6":"product_cat-ram","7":"product_tag-ram","9":"first","10":"instock","11":"shipping-taxable","12":"purchasable","13":"product-type-simple"},"yoast_head":"<!-- This site is optimized with the Yoast SEO plugin v26.4 - https:\/\/yoast.com\/wordpress\/plugins\/seo\/ -->\n<title>Lexar THOR RAM DDR4 16Go Kit (2x8Go) 3200 MHz, DRAM 288-Pin U-DIMM PC M\u00e9moire RAM, XMP 2.0 Memoire Haute Performance, CL16-18-18-38, 1.35V (LD4BU008G-R3200GDXG) - ProPlaystore<\/title>\n<meta name=\"robots\" content=\"index, follow, max-snippet:-1, max-image-preview:large, max-video-preview:-1\" \/>\n<link rel=\"canonical\" href=\"https:\/\/proplaystore.lu\/index.php\/produit\/lexar-thor-ram-ddr4-16go-kit-2x8go-3200-mhz-dram-288-pin-u-dimm-pc-memoire-ram-xmp-2-0-memoire-haute-performance-cl16-18-18-38-1-35v-ld4bu008g-r3200gdxg\/\" \/>\n<meta property=\"og:locale\" content=\"en_US\" \/>\n<meta property=\"og:type\" content=\"article\" \/>\n<meta property=\"og:title\" content=\"Lexar THOR RAM DDR4 16Go Kit (2x8Go) 3200 MHz, DRAM 288-Pin U-DIMM PC M\u00e9moire RAM, XMP 2.0 Memoire Haute Performance, CL16-18-18-38, 1.35V (LD4BU008G-R3200GDXG) - ProPlaystore\" \/>\n<meta property=\"og:description\" content=\"M\u00e9moire DDR4 haute vitesse pour am\u00e9liorer les performances de votre ordinateur de bureau ;  Dispose d&#039;un dissipateur de chaleur en aluminium gris sid\u00e9ral pour une finition haut de gamme et une dissipation thermique tr\u00e8s efficace ;  Acc\u00e9l\u00e9rez les performances de votre PC pour le multit\u00e2che ;  Facile \u00e0 installer;  Une mise \u00e0 niveau simple pour votre PC.\" \/>\n<meta property=\"og:url\" content=\"https:\/\/proplaystore.lu\/index.php\/produit\/lexar-thor-ram-ddr4-16go-kit-2x8go-3200-mhz-dram-288-pin-u-dimm-pc-memoire-ram-xmp-2-0-memoire-haute-performance-cl16-18-18-38-1-35v-ld4bu008g-r3200gdxg\/\" \/>\n<meta property=\"og:site_name\" content=\"ProPlaystore\" \/>\n<meta property=\"article:modified_time\" content=\"2025-08-19T08:17:19+00:00\" \/>\n<meta property=\"og:image\" content=\"https:\/\/proplaystore.lu\/wp-content\/uploads\/2025\/08\/61YG-Rm-ZAL._AC_SX679_.jpg\" \/>\n\t<meta property=\"og:image:width\" content=\"679\" \/>\n\t<meta property=\"og:image:height\" content=\"376\" \/>\n\t<meta property=\"og:image:type\" content=\"image\/jpeg\" \/>\n<meta name=\"twitter:card\" content=\"summary_large_image\" \/>\n<meta name=\"twitter:label1\" content=\"Est. reading time\" \/>\n\t<meta name=\"twitter:data1\" content=\"1 minute\" \/>\n<script type=\"application\/ld+json\" class=\"yoast-schema-graph\">{\"@context\":\"https:\/\/schema.org\",\"@graph\":[{\"@type\":\"WebPage\",\"@id\":\"https:\/\/proplaystore.lu\/index.php\/produit\/lexar-thor-ram-ddr4-16go-kit-2x8go-3200-mhz-dram-288-pin-u-dimm-pc-memoire-ram-xmp-2-0-memoire-haute-performance-cl16-18-18-38-1-35v-ld4bu008g-r3200gdxg\/\",\"url\":\"https:\/\/proplaystore.lu\/index.php\/produit\/lexar-thor-ram-ddr4-16go-kit-2x8go-3200-mhz-dram-288-pin-u-dimm-pc-memoire-ram-xmp-2-0-memoire-haute-performance-cl16-18-18-38-1-35v-ld4bu008g-r3200gdxg\/\",\"name\":\"Lexar THOR RAM DDR4 16Go Kit (2x8Go) 3200 MHz, DRAM 288-Pin U-DIMM PC M\u00e9moire RAM, XMP 2.0 Memoire Haute Performance, CL16-18-18-38, 1.35V (LD4BU008G-R3200GDXG) - ProPlaystore\",\"isPartOf\":{\"@id\":\"https:\/\/proplaystore.lu\/#website\"},\"primaryImageOfPage\":{\"@id\":\"https:\/\/proplaystore.lu\/index.php\/produit\/lexar-thor-ram-ddr4-16go-kit-2x8go-3200-mhz-dram-288-pin-u-dimm-pc-memoire-ram-xmp-2-0-memoire-haute-performance-cl16-18-18-38-1-35v-ld4bu008g-r3200gdxg\/#primaryimage\"},\"image\":{\"@id\":\"https:\/\/proplaystore.lu\/index.php\/produit\/lexar-thor-ram-ddr4-16go-kit-2x8go-3200-mhz-dram-288-pin-u-dimm-pc-memoire-ram-xmp-2-0-memoire-haute-performance-cl16-18-18-38-1-35v-ld4bu008g-r3200gdxg\/#primaryimage\"},\"thumbnailUrl\":\"https:\/\/proplaystore.lu\/wp-content\/uploads\/2025\/08\/61YG-Rm-ZAL._AC_SX679_.jpg\",\"datePublished\":\"2025-08-17T19:31:55+00:00\",\"dateModified\":\"2025-08-19T08:17:19+00:00\",\"breadcrumb\":{\"@id\":\"https:\/\/proplaystore.lu\/index.php\/produit\/lexar-thor-ram-ddr4-16go-kit-2x8go-3200-mhz-dram-288-pin-u-dimm-pc-memoire-ram-xmp-2-0-memoire-haute-performance-cl16-18-18-38-1-35v-ld4bu008g-r3200gdxg\/#breadcrumb\"},\"inLanguage\":\"en-US\",\"potentialAction\":[{\"@type\":\"ReadAction\",\"target\":[\"https:\/\/proplaystore.lu\/index.php\/produit\/lexar-thor-ram-ddr4-16go-kit-2x8go-3200-mhz-dram-288-pin-u-dimm-pc-memoire-ram-xmp-2-0-memoire-haute-performance-cl16-18-18-38-1-35v-ld4bu008g-r3200gdxg\/\"]}]},{\"@type\":\"ImageObject\",\"inLanguage\":\"en-US\",\"@id\":\"https:\/\/proplaystore.lu\/index.php\/produit\/lexar-thor-ram-ddr4-16go-kit-2x8go-3200-mhz-dram-288-pin-u-dimm-pc-memoire-ram-xmp-2-0-memoire-haute-performance-cl16-18-18-38-1-35v-ld4bu008g-r3200gdxg\/#primaryimage\",\"url\":\"https:\/\/proplaystore.lu\/wp-content\/uploads\/2025\/08\/61YG-Rm-ZAL._AC_SX679_.jpg\",\"contentUrl\":\"https:\/\/proplaystore.lu\/wp-content\/uploads\/2025\/08\/61YG-Rm-ZAL._AC_SX679_.jpg\",\"width\":679,\"height\":376},{\"@type\":\"BreadcrumbList\",\"@id\":\"https:\/\/proplaystore.lu\/index.php\/produit\/lexar-thor-ram-ddr4-16go-kit-2x8go-3200-mhz-dram-288-pin-u-dimm-pc-memoire-ram-xmp-2-0-memoire-haute-performance-cl16-18-18-38-1-35v-ld4bu008g-r3200gdxg\/#breadcrumb\",\"itemListElement\":[{\"@type\":\"ListItem\",\"position\":1,\"name\":\"Accueil\",\"item\":\"https:\/\/proplaystore.lu\/\"},{\"@type\":\"ListItem\",\"position\":2,\"name\":\"Shop\",\"item\":\"https:\/\/proplaystore.lu\/index.php\/shop\/\"},{\"@type\":\"ListItem\",\"position\":3,\"name\":\"Lexar THOR RAM DDR4 16Go Kit (2x8Go) 3200 MHz, DRAM 288-Pin U-DIMM PC M\u00e9moire RAM, XMP 2.0 Memoire Haute Performance, CL16-18-18-38, 1.35V (LD4BU008G-R3200GDXG)\"}]},{\"@type\":\"WebSite\",\"@id\":\"https:\/\/proplaystore.lu\/#website\",\"url\":\"https:\/\/proplaystore.lu\/\",\"name\":\"ProPlaystore\",\"description\":\"proplaysre\",\"potentialAction\":[{\"@type\":\"SearchAction\",\"target\":{\"@type\":\"EntryPoint\",\"urlTemplate\":\"https:\/\/proplaystore.lu\/?s={search_term_string}\"},\"query-input\":{\"@type\":\"PropertyValueSpecification\",\"valueRequired\":true,\"valueName\":\"search_term_string\"}}],\"inLanguage\":\"en-US\"}]}<\/script>\n<!-- \/ Yoast SEO plugin. -->","yoast_head_json":{"title":"Lexar THOR RAM DDR4 16Go Kit (2x8Go) 3200 MHz, DRAM 288-Pin U-DIMM PC M\u00e9moire RAM, XMP 2.0 Memoire Haute Performance, CL16-18-18-38, 1.35V (LD4BU008G-R3200GDXG) - ProPlaystore","robots":{"index":"index","follow":"follow","max-snippet":"max-snippet:-1","max-image-preview":"max-image-preview:large","max-video-preview":"max-video-preview:-1"},"canonical":"https:\/\/proplaystore.lu\/index.php\/produit\/lexar-thor-ram-ddr4-16go-kit-2x8go-3200-mhz-dram-288-pin-u-dimm-pc-memoire-ram-xmp-2-0-memoire-haute-performance-cl16-18-18-38-1-35v-ld4bu008g-r3200gdxg\/","og_locale":"en_US","og_type":"article","og_title":"Lexar THOR RAM DDR4 16Go Kit (2x8Go) 3200 MHz, DRAM 288-Pin U-DIMM PC M\u00e9moire RAM, XMP 2.0 Memoire Haute Performance, CL16-18-18-38, 1.35V (LD4BU008G-R3200GDXG) - ProPlaystore","og_description":"M\u00e9moire DDR4 haute vitesse pour am\u00e9liorer les performances de votre ordinateur de bureau ;  Dispose d'un dissipateur de chaleur en aluminium gris sid\u00e9ral pour une finition haut de gamme et une dissipation thermique tr\u00e8s efficace ;  Acc\u00e9l\u00e9rez les performances de votre PC pour le multit\u00e2che ;  Facile \u00e0 installer;  Une mise \u00e0 niveau simple pour votre PC.","og_url":"https:\/\/proplaystore.lu\/index.php\/produit\/lexar-thor-ram-ddr4-16go-kit-2x8go-3200-mhz-dram-288-pin-u-dimm-pc-memoire-ram-xmp-2-0-memoire-haute-performance-cl16-18-18-38-1-35v-ld4bu008g-r3200gdxg\/","og_site_name":"ProPlaystore","article_modified_time":"2025-08-19T08:17:19+00:00","og_image":[{"width":679,"height":376,"url":"https:\/\/proplaystore.lu\/wp-content\/uploads\/2025\/08\/61YG-Rm-ZAL._AC_SX679_.jpg","type":"image\/jpeg"}],"twitter_card":"summary_large_image","twitter_misc":{"Est. reading time":"1 minute"},"schema":{"@context":"https:\/\/schema.org","@graph":[{"@type":"WebPage","@id":"https:\/\/proplaystore.lu\/index.php\/produit\/lexar-thor-ram-ddr4-16go-kit-2x8go-3200-mhz-dram-288-pin-u-dimm-pc-memoire-ram-xmp-2-0-memoire-haute-performance-cl16-18-18-38-1-35v-ld4bu008g-r3200gdxg\/","url":"https:\/\/proplaystore.lu\/index.php\/produit\/lexar-thor-ram-ddr4-16go-kit-2x8go-3200-mhz-dram-288-pin-u-dimm-pc-memoire-ram-xmp-2-0-memoire-haute-performance-cl16-18-18-38-1-35v-ld4bu008g-r3200gdxg\/","name":"Lexar THOR RAM DDR4 16Go Kit (2x8Go) 3200 MHz, DRAM 288-Pin U-DIMM PC M\u00e9moire RAM, XMP 2.0 Memoire Haute Performance, CL16-18-18-38, 1.35V (LD4BU008G-R3200GDXG) - ProPlaystore","isPartOf":{"@id":"https:\/\/proplaystore.lu\/#website"},"primaryImageOfPage":{"@id":"https:\/\/proplaystore.lu\/index.php\/produit\/lexar-thor-ram-ddr4-16go-kit-2x8go-3200-mhz-dram-288-pin-u-dimm-pc-memoire-ram-xmp-2-0-memoire-haute-performance-cl16-18-18-38-1-35v-ld4bu008g-r3200gdxg\/#primaryimage"},"image":{"@id":"https:\/\/proplaystore.lu\/index.php\/produit\/lexar-thor-ram-ddr4-16go-kit-2x8go-3200-mhz-dram-288-pin-u-dimm-pc-memoire-ram-xmp-2-0-memoire-haute-performance-cl16-18-18-38-1-35v-ld4bu008g-r3200gdxg\/#primaryimage"},"thumbnailUrl":"https:\/\/proplaystore.lu\/wp-content\/uploads\/2025\/08\/61YG-Rm-ZAL._AC_SX679_.jpg","datePublished":"2025-08-17T19:31:55+00:00","dateModified":"2025-08-19T08:17:19+00:00","breadcrumb":{"@id":"https:\/\/proplaystore.lu\/index.php\/produit\/lexar-thor-ram-ddr4-16go-kit-2x8go-3200-mhz-dram-288-pin-u-dimm-pc-memoire-ram-xmp-2-0-memoire-haute-performance-cl16-18-18-38-1-35v-ld4bu008g-r3200gdxg\/#breadcrumb"},"inLanguage":"en-US","potentialAction":[{"@type":"ReadAction","target":["https:\/\/proplaystore.lu\/index.php\/produit\/lexar-thor-ram-ddr4-16go-kit-2x8go-3200-mhz-dram-288-pin-u-dimm-pc-memoire-ram-xmp-2-0-memoire-haute-performance-cl16-18-18-38-1-35v-ld4bu008g-r3200gdxg\/"]}]},{"@type":"ImageObject","inLanguage":"en-US","@id":"https:\/\/proplaystore.lu\/index.php\/produit\/lexar-thor-ram-ddr4-16go-kit-2x8go-3200-mhz-dram-288-pin-u-dimm-pc-memoire-ram-xmp-2-0-memoire-haute-performance-cl16-18-18-38-1-35v-ld4bu008g-r3200gdxg\/#primaryimage","url":"https:\/\/proplaystore.lu\/wp-content\/uploads\/2025\/08\/61YG-Rm-ZAL._AC_SX679_.jpg","contentUrl":"https:\/\/proplaystore.lu\/wp-content\/uploads\/2025\/08\/61YG-Rm-ZAL._AC_SX679_.jpg","width":679,"height":376},{"@type":"BreadcrumbList","@id":"https:\/\/proplaystore.lu\/index.php\/produit\/lexar-thor-ram-ddr4-16go-kit-2x8go-3200-mhz-dram-288-pin-u-dimm-pc-memoire-ram-xmp-2-0-memoire-haute-performance-cl16-18-18-38-1-35v-ld4bu008g-r3200gdxg\/#breadcrumb","itemListElement":[{"@type":"ListItem","position":1,"name":"Accueil","item":"https:\/\/proplaystore.lu\/"},{"@type":"ListItem","position":2,"name":"Shop","item":"https:\/\/proplaystore.lu\/index.php\/shop\/"},{"@type":"ListItem","position":3,"name":"Lexar THOR RAM DDR4 16Go Kit (2x8Go) 3200 MHz, DRAM 288-Pin U-DIMM PC M\u00e9moire RAM, XMP 2.0 Memoire Haute Performance, CL16-18-18-38, 1.35V (LD4BU008G-R3200GDXG)"}]},{"@type":"WebSite","@id":"https:\/\/proplaystore.lu\/#website","url":"https:\/\/proplaystore.lu\/","name":"ProPlaystore","description":"proplaysre","potentialAction":[{"@type":"SearchAction","target":{"@type":"EntryPoint","urlTemplate":"https:\/\/proplaystore.lu\/?s={search_term_string}"},"query-input":{"@type":"PropertyValueSpecification","valueRequired":true,"valueName":"search_term_string"}}],"inLanguage":"en-US"}]}},"_links":{"self":[{"href":"https:\/\/proplaystore.lu\/index.php\/wp-json\/wp\/v2\/product\/7624","targetHints":{"allow":["GET"]}}],"collection":[{"href":"https:\/\/proplaystore.lu\/index.php\/wp-json\/wp\/v2\/product"}],"about":[{"href":"https:\/\/proplaystore.lu\/index.php\/wp-json\/wp\/v2\/types\/product"}],"replies":[{"embeddable":true,"href":"https:\/\/proplaystore.lu\/index.php\/wp-json\/wp\/v2\/comments?post=7624"}],"wp:featuredmedia":[{"embeddable":true,"href":"https:\/\/proplaystore.lu\/index.php\/wp-json\/wp\/v2\/media\/7548"}],"wp:attachment":[{"href":"https:\/\/proplaystore.lu\/index.php\/wp-json\/wp\/v2\/media?parent=7624"}],"wp:term":[{"taxonomy":"product_brand","embeddable":true,"href":"https:\/\/proplaystore.lu\/index.php\/wp-json\/wp\/v2\/product_brand?post=7624"},{"taxonomy":"product_cat","embeddable":true,"href":"https:\/\/proplaystore.lu\/index.php\/wp-json\/wp\/v2\/product_cat?post=7624"},{"taxonomy":"product_tag","embeddable":true,"href":"https:\/\/proplaystore.lu\/index.php\/wp-json\/wp\/v2\/product_tag?post=7624"}],"curies":[{"name":"wp","href":"https:\/\/api.w.org\/{rel}","templated":true}]}}