{"id":7627,"date":"2025-08-17T19:36:56","date_gmt":"2025-08-17T19:36:56","guid":{"rendered":"https:\/\/proplaystore.lu\/?post_type=product&#038;p=7627"},"modified":"2025-08-19T08:15:23","modified_gmt":"2025-08-19T08:15:23","slug":"crucial-p310-ssd-500go-pcie-gen4-nvme-m-2-2280-ssd-interne-gaming-jusqua-6-600-mo-s-compatible-avec-ordinateur-portable-et-de-bureau-disque-dur-ssd-ct500p310ssd801-edition-acronis","status":"publish","type":"product","link":"https:\/\/proplaystore.lu\/index.php\/produit\/crucial-p310-ssd-500go-pcie-gen4-nvme-m-2-2280-ssd-interne-gaming-jusqua-6-600-mo-s-compatible-avec-ordinateur-portable-et-de-bureau-disque-dur-ssd-ct500p310ssd801-edition-acronis\/","title":{"rendered":"Crucial P310 SSD 500Go PCIe Gen4 NVMe M.2 2280 SSD Interne Gaming, Jusqu\u2019\u00e0 6.600 Mo\/s, Compatible avec Ordinateur Portable et de Bureau, Disque Dur SSD &#8211; CT500P310SSD801 (\u00c9dition Acronis)"},"content":{"rendered":"<h2 data-start=\"1558\" data-end=\"1580\"><strong data-start=\"1561\" data-end=\"1580\">Fiche technique<\/strong><\/h2>\n<table class=\"a-normal a-spacing-micro\" role=\"list\">\n<tbody>\n<tr class=\"a-spacing-small po-digital_storage_capacity\" role=\"listitem\">\n<td class=\"a-span3\" role=\"presentation\"><span class=\"a-size-base a-text-bold\">apacit\u00e9 du stockage num\u00e9rique<\/span><\/td>\n<td class=\"a-span9\" role=\"presentation\"><span class=\"a-size-base po-break-word\">500 Go<\/span><\/td>\n<\/tr>\n<tr class=\"a-spacing-small po-hard_disk.interface\" role=\"listitem\">\n<td class=\"a-span3\" role=\"presentation\"><span class=\"a-size-base a-text-bold\">Interface du disque dur<\/span><\/td>\n<td class=\"a-span9\" role=\"presentation\"><span class=\"a-size-base po-break-word\">SSD<\/span><\/td>\n<\/tr>\n<tr class=\"a-spacing-small po-connectivity_technology\" role=\"listitem\">\n<td class=\"a-span3\" role=\"presentation\"><span class=\"a-size-base a-text-bold\">Technologie de connectivit\u00e9<\/span><\/td>\n<td class=\"a-span9\" role=\"presentation\"><span class=\"a-size-base po-break-word\">NVMe<\/span><\/td>\n<\/tr>\n<tr class=\"a-spacing-small po-brand\" role=\"listitem\">\n<td class=\"a-span3\" role=\"presentation\"><span class=\"a-size-base a-text-bold\">Marque<\/span><\/td>\n<td class=\"a-span9\" role=\"presentation\"><span class=\"a-size-base po-break-word\">Crucial<\/span><\/td>\n<\/tr>\n<tr class=\"a-spacing-small po-special_feature\" role=\"listitem\">\n<td class=\"a-span3\" role=\"presentation\"><span class=\"a-size-base a-text-bold\">Caract\u00e9ristique sp\u00e9ciale<\/span><\/td>\n<td class=\"a-span9\" role=\"presentation\"><span class=\"a-size-base po-break-word\">Compatibilit\u00e9 descendante<\/span><\/td>\n<\/tr>\n<tr class=\"a-spacing-small po-hard_disk_form_factor\" role=\"listitem\">\n<td class=\"a-span3\" role=\"presentation\"><span class=\"a-size-base a-text-bold\">Facteur de forme du disque dur<\/span><\/td>\n<td class=\"a-span9\" role=\"presentation\"><span class=\"a-size-base po-break-word\">2280 Pouces<\/span><\/td>\n<\/tr>\n<tr class=\"a-spacing-small po-hard_disk.description\" role=\"listitem\">\n<td class=\"a-span3\" role=\"presentation\"><span class=\"a-size-base a-text-bold\">Description du disque dur<\/span><\/td>\n<td class=\"a-span9\" role=\"presentation\"><span class=\"a-size-base po-break-word\">Disque SSD<\/span><\/td>\n<\/tr>\n<tr class=\"a-spacing-small po-compatible_devices\" role=\"listitem\">\n<td class=\"a-span3\" role=\"presentation\"><span class=\"a-size-base a-text-bold\">Appareils compatibles<\/span><\/td>\n<td class=\"a-span9\" role=\"presentation\"><span class=\"a-size-base po-break-word\">Console de jeu, Ordinateur, Ordinateur portable<\/span><\/td>\n<\/tr>\n<tr class=\"a-spacing-small po-installation_type\" role=\"listitem\">\n<td class=\"a-span3\" role=\"presentation\"><span class=\"a-size-base a-text-bold\">Type d&#8217;installation<\/span><\/td>\n<td class=\"a-span9\" role=\"presentation\"><span class=\"a-size-base po-break-word\">Disque dur interne<\/span><\/td>\n<\/tr>\n<tr class=\"a-spacing-small po-color\" role=\"listitem\">\n<td class=\"a-span3\" role=\"presentation\"><span class=\"a-size-base a-text-bold\">Couleur<\/span><\/td>\n<td class=\"a-span9\" role=\"presentation\"><span class=\"a-size-base po-break-word\">Noir<\/span><\/td>\n<\/tr>\n<\/tbody>\n<\/table>\n","protected":false},"excerpt":{"rendered":"<ul class=\"a-unordered-list a-vertical\">\n<li class=\"a-spacing-mini\"><span class=\"a-list-item\">PASSEZ \u00c0 LA GEN4: Des performances Gen4 de pointe jusqu\u2019\u00e0 6.600 Mo\/s &#8211; acc\u00e9l\u00e9rez vos d\u00e9marrages, transferts de fichiers et chargements de jeu sans faire de compromis sur la qualit\u00e9<\/span><\/li>\n<li class=\"a-spacing-mini\"><span class=\"a-list-item\">AUGMENTEZ LE STOCKAGE ET LA DUR\u00c9E DE VIE DE VOTRE SYST\u00c8ME: Augmentez la capacit\u00e9 et la dur\u00e9e de vie de votre appareil pour stocker encore plus de vos contenus pr\u00e9f\u00e9r\u00e9s. Garantie limit\u00e9e de 5 ans.<\/span><\/li>\n<li class=\"a-spacing-mini\"><span class=\"a-list-item\">UN GAMEPLAY ET DES D\u00c9MARRAGES PLUS RAPIDES: Des performances presque 20% plus rapides lors des d\u00e9marrages et en jeu<\/span><\/li>\n<li class=\"a-spacing-mini\"><span class=\"a-list-item\">UNE PLUS GRANDE PRODUCTIVIT\u00c9: Des performances jusqu\u2019\u00e0 20% plus rapides dans les t\u00e2ches r\u00e9elles par rapport aux autres SSD Gen4 lors du d\u00e9marrage de Windows, du lancement d\u2019applications telles qu\u2019Adobe Photoshop et Illustrator, de l\u2019utilisation d\u2019applications courantes telles que Microsoft Excel et PowerPoint<\/span><\/li>\n<li class=\"a-spacing-mini\"><span class=\"a-list-item\">EFFICACIT\u00c9 \u00c9NERG\u00c9TIQUE: Fournit un rapport performances\/consommation \u00e9nerg\u00e9tique jusqu\u2019\u00e0 40% meilleur que celui de notre SSD Gen4 pr\u00e9c\u00e9dent afin de booster votre productivit\u00e9 avec la m\u00eame autonomie de batterie<\/span><\/li>\n<li class=\"a-spacing-mini\"><span class=\"a-list-item\">Jusqu&#8217;\u00e0 80 % d&#8217;\u00e9conomie sur Acronis Cyber Protect Home &#8211; Prot\u00e9gez vos photos, vos fichiers, vos applications, votre syst\u00e8me d&#8217;exploitation et vos appareils.<\/span><\/li>\n<li class=\"a-spacing-mini\"><\/li>\n<\/ul>\n","protected":false},"featured_media":7631,"comment_status":"open","ping_status":"closed","template":"","meta":[],"product_brand":[],"product_cat":[69],"product_tag":[74],"class_list":{"0":"post-7627","1":"product","2":"type-product","3":"status-publish","4":"has-post-thumbnail","6":"product_cat-stockage","7":"product_tag-ssd","9":"first","10":"instock","11":"shipping-taxable","12":"purchasable","13":"product-type-simple"},"yoast_head":"<!-- This site is optimized with the Yoast SEO plugin v26.4 - https:\/\/yoast.com\/wordpress\/plugins\/seo\/ -->\n<title>Crucial P310 SSD 500Go PCIe Gen4 NVMe M.2 2280 SSD Interne Gaming, Jusqu\u2019\u00e0 6.600 Mo\/s, Compatible avec Ordinateur Portable et de Bureau, Disque Dur SSD - CT500P310SSD801 (\u00c9dition Acronis) - ProPlaystore<\/title>\n<meta name=\"robots\" content=\"index, follow, max-snippet:-1, max-image-preview:large, max-video-preview:-1\" \/>\n<link rel=\"canonical\" href=\"https:\/\/proplaystore.lu\/index.php\/produit\/crucial-p310-ssd-500go-pcie-gen4-nvme-m-2-2280-ssd-interne-gaming-jusqua-6-600-mo-s-compatible-avec-ordinateur-portable-et-de-bureau-disque-dur-ssd-ct500p310ssd801-edition-acronis\/\" \/>\n<meta property=\"og:locale\" content=\"en_US\" \/>\n<meta property=\"og:type\" content=\"article\" \/>\n<meta property=\"og:title\" content=\"Crucial P310 SSD 500Go PCIe Gen4 NVMe M.2 2280 SSD Interne Gaming, Jusqu\u2019\u00e0 6.600 Mo\/s, Compatible avec Ordinateur Portable et de Bureau, Disque Dur SSD - CT500P310SSD801 (\u00c9dition Acronis) - ProPlaystore\" \/>\n<meta property=\"og:description\" content=\"PASSEZ \u00c0 LA GEN4: Des performances Gen4 de pointe jusqu\u2019\u00e0 6.600 Mo\/s - acc\u00e9l\u00e9rez vos d\u00e9marrages, transferts de fichiers et chargements de jeu sans faire de compromis sur la qualit\u00e9  AUGMENTEZ LE STOCKAGE ET LA DUR\u00c9E DE VIE DE VOTRE SYST\u00c8ME: Augmentez la capacit\u00e9 et la dur\u00e9e de vie de votre appareil pour stocker encore plus de vos contenus pr\u00e9f\u00e9r\u00e9s. Garantie limit\u00e9e de 5 ans.  UN GAMEPLAY ET DES D\u00c9MARRAGES PLUS RAPIDES: Des performances presque 20% plus rapides lors des d\u00e9marrages et en jeu  UNE PLUS GRANDE PRODUCTIVIT\u00c9: Des performances jusqu\u2019\u00e0 20% plus rapides dans les t\u00e2ches r\u00e9elles par rapport aux autres SSD Gen4 lors du d\u00e9marrage de Windows, du lancement d\u2019applications telles qu\u2019Adobe Photoshop et Illustrator, de l\u2019utilisation d\u2019applications courantes telles que Microsoft Excel et PowerPoint  EFFICACIT\u00c9 \u00c9NERG\u00c9TIQUE: Fournit un rapport performances\/consommation \u00e9nerg\u00e9tique jusqu\u2019\u00e0 40% meilleur que celui de notre SSD Gen4 pr\u00e9c\u00e9dent afin de booster votre productivit\u00e9 avec la m\u00eame autonomie de batterie  Jusqu&#039;\u00e0 80 % d&#039;\u00e9conomie sur Acronis Cyber Protect Home - Prot\u00e9gez vos photos, vos fichiers, vos applications, votre syst\u00e8me d&#039;exploitation et vos appareils.\" \/>\n<meta property=\"og:url\" content=\"https:\/\/proplaystore.lu\/index.php\/produit\/crucial-p310-ssd-500go-pcie-gen4-nvme-m-2-2280-ssd-interne-gaming-jusqua-6-600-mo-s-compatible-avec-ordinateur-portable-et-de-bureau-disque-dur-ssd-ct500p310ssd801-edition-acronis\/\" \/>\n<meta property=\"og:site_name\" content=\"ProPlaystore\" \/>\n<meta property=\"article:modified_time\" content=\"2025-08-19T08:15:23+00:00\" \/>\n<meta property=\"og:image\" content=\"https:\/\/proplaystore.lu\/wp-content\/uploads\/2025\/08\/51lrFzSnxhL._AC_SX425_.jpg\" \/>\n\t<meta property=\"og:image:width\" content=\"425\" \/>\n\t<meta property=\"og:image:height\" content=\"118\" \/>\n\t<meta property=\"og:image:type\" content=\"image\/jpeg\" \/>\n<meta name=\"twitter:card\" content=\"summary_large_image\" \/>\n<meta name=\"twitter:label1\" content=\"Est. reading time\" \/>\n\t<meta name=\"twitter:data1\" content=\"1 minute\" \/>\n<script type=\"application\/ld+json\" class=\"yoast-schema-graph\">{\"@context\":\"https:\/\/schema.org\",\"@graph\":[{\"@type\":\"WebPage\",\"@id\":\"https:\/\/proplaystore.lu\/index.php\/produit\/crucial-p310-ssd-500go-pcie-gen4-nvme-m-2-2280-ssd-interne-gaming-jusqua-6-600-mo-s-compatible-avec-ordinateur-portable-et-de-bureau-disque-dur-ssd-ct500p310ssd801-edition-acronis\/\",\"url\":\"https:\/\/proplaystore.lu\/index.php\/produit\/crucial-p310-ssd-500go-pcie-gen4-nvme-m-2-2280-ssd-interne-gaming-jusqua-6-600-mo-s-compatible-avec-ordinateur-portable-et-de-bureau-disque-dur-ssd-ct500p310ssd801-edition-acronis\/\",\"name\":\"Crucial P310 SSD 500Go PCIe Gen4 NVMe M.2 2280 SSD Interne Gaming, Jusqu\u2019\u00e0 6.600 Mo\/s, Compatible avec Ordinateur Portable et de Bureau, Disque Dur SSD - CT500P310SSD801 (\u00c9dition Acronis) - ProPlaystore\",\"isPartOf\":{\"@id\":\"https:\/\/proplaystore.lu\/#website\"},\"primaryImageOfPage\":{\"@id\":\"https:\/\/proplaystore.lu\/index.php\/produit\/crucial-p310-ssd-500go-pcie-gen4-nvme-m-2-2280-ssd-interne-gaming-jusqua-6-600-mo-s-compatible-avec-ordinateur-portable-et-de-bureau-disque-dur-ssd-ct500p310ssd801-edition-acronis\/#primaryimage\"},\"image\":{\"@id\":\"https:\/\/proplaystore.lu\/index.php\/produit\/crucial-p310-ssd-500go-pcie-gen4-nvme-m-2-2280-ssd-interne-gaming-jusqua-6-600-mo-s-compatible-avec-ordinateur-portable-et-de-bureau-disque-dur-ssd-ct500p310ssd801-edition-acronis\/#primaryimage\"},\"thumbnailUrl\":\"https:\/\/proplaystore.lu\/wp-content\/uploads\/2025\/08\/51lrFzSnxhL._AC_SX425_.jpg\",\"datePublished\":\"2025-08-17T19:36:56+00:00\",\"dateModified\":\"2025-08-19T08:15:23+00:00\",\"breadcrumb\":{\"@id\":\"https:\/\/proplaystore.lu\/index.php\/produit\/crucial-p310-ssd-500go-pcie-gen4-nvme-m-2-2280-ssd-interne-gaming-jusqua-6-600-mo-s-compatible-avec-ordinateur-portable-et-de-bureau-disque-dur-ssd-ct500p310ssd801-edition-acronis\/#breadcrumb\"},\"inLanguage\":\"en-US\",\"potentialAction\":[{\"@type\":\"ReadAction\",\"target\":[\"https:\/\/proplaystore.lu\/index.php\/produit\/crucial-p310-ssd-500go-pcie-gen4-nvme-m-2-2280-ssd-interne-gaming-jusqua-6-600-mo-s-compatible-avec-ordinateur-portable-et-de-bureau-disque-dur-ssd-ct500p310ssd801-edition-acronis\/\"]}]},{\"@type\":\"ImageObject\",\"inLanguage\":\"en-US\",\"@id\":\"https:\/\/proplaystore.lu\/index.php\/produit\/crucial-p310-ssd-500go-pcie-gen4-nvme-m-2-2280-ssd-interne-gaming-jusqua-6-600-mo-s-compatible-avec-ordinateur-portable-et-de-bureau-disque-dur-ssd-ct500p310ssd801-edition-acronis\/#primaryimage\",\"url\":\"https:\/\/proplaystore.lu\/wp-content\/uploads\/2025\/08\/51lrFzSnxhL._AC_SX425_.jpg\",\"contentUrl\":\"https:\/\/proplaystore.lu\/wp-content\/uploads\/2025\/08\/51lrFzSnxhL._AC_SX425_.jpg\",\"width\":425,\"height\":118},{\"@type\":\"BreadcrumbList\",\"@id\":\"https:\/\/proplaystore.lu\/index.php\/produit\/crucial-p310-ssd-500go-pcie-gen4-nvme-m-2-2280-ssd-interne-gaming-jusqua-6-600-mo-s-compatible-avec-ordinateur-portable-et-de-bureau-disque-dur-ssd-ct500p310ssd801-edition-acronis\/#breadcrumb\",\"itemListElement\":[{\"@type\":\"ListItem\",\"position\":1,\"name\":\"Accueil\",\"item\":\"https:\/\/proplaystore.lu\/\"},{\"@type\":\"ListItem\",\"position\":2,\"name\":\"Shop\",\"item\":\"https:\/\/proplaystore.lu\/index.php\/shop\/\"},{\"@type\":\"ListItem\",\"position\":3,\"name\":\"Crucial P310 SSD 500Go PCIe Gen4 NVMe M.2 2280 SSD Interne Gaming, Jusqu\u2019\u00e0 6.600 Mo\/s, Compatible avec Ordinateur Portable et de Bureau, Disque Dur SSD &#8211; CT500P310SSD801 (\u00c9dition Acronis)\"}]},{\"@type\":\"WebSite\",\"@id\":\"https:\/\/proplaystore.lu\/#website\",\"url\":\"https:\/\/proplaystore.lu\/\",\"name\":\"ProPlaystore\",\"description\":\"proplaysre\",\"potentialAction\":[{\"@type\":\"SearchAction\",\"target\":{\"@type\":\"EntryPoint\",\"urlTemplate\":\"https:\/\/proplaystore.lu\/?s={search_term_string}\"},\"query-input\":{\"@type\":\"PropertyValueSpecification\",\"valueRequired\":true,\"valueName\":\"search_term_string\"}}],\"inLanguage\":\"en-US\"}]}<\/script>\n<!-- \/ Yoast SEO plugin. -->","yoast_head_json":{"title":"Crucial P310 SSD 500Go PCIe Gen4 NVMe M.2 2280 SSD Interne Gaming, Jusqu\u2019\u00e0 6.600 Mo\/s, Compatible avec Ordinateur Portable et de Bureau, Disque Dur SSD - CT500P310SSD801 (\u00c9dition Acronis) - ProPlaystore","robots":{"index":"index","follow":"follow","max-snippet":"max-snippet:-1","max-image-preview":"max-image-preview:large","max-video-preview":"max-video-preview:-1"},"canonical":"https:\/\/proplaystore.lu\/index.php\/produit\/crucial-p310-ssd-500go-pcie-gen4-nvme-m-2-2280-ssd-interne-gaming-jusqua-6-600-mo-s-compatible-avec-ordinateur-portable-et-de-bureau-disque-dur-ssd-ct500p310ssd801-edition-acronis\/","og_locale":"en_US","og_type":"article","og_title":"Crucial P310 SSD 500Go PCIe Gen4 NVMe M.2 2280 SSD Interne Gaming, Jusqu\u2019\u00e0 6.600 Mo\/s, Compatible avec Ordinateur Portable et de Bureau, Disque Dur SSD - CT500P310SSD801 (\u00c9dition Acronis) - ProPlaystore","og_description":"PASSEZ \u00c0 LA GEN4: Des performances Gen4 de pointe jusqu\u2019\u00e0 6.600 Mo\/s - acc\u00e9l\u00e9rez vos d\u00e9marrages, transferts de fichiers et chargements de jeu sans faire de compromis sur la qualit\u00e9  AUGMENTEZ LE STOCKAGE ET LA DUR\u00c9E DE VIE DE VOTRE SYST\u00c8ME: Augmentez la capacit\u00e9 et la dur\u00e9e de vie de votre appareil pour stocker encore plus de vos contenus pr\u00e9f\u00e9r\u00e9s. Garantie limit\u00e9e de 5 ans.  UN GAMEPLAY ET DES D\u00c9MARRAGES PLUS RAPIDES: Des performances presque 20% plus rapides lors des d\u00e9marrages et en jeu  UNE PLUS GRANDE PRODUCTIVIT\u00c9: Des performances jusqu\u2019\u00e0 20% plus rapides dans les t\u00e2ches r\u00e9elles par rapport aux autres SSD Gen4 lors du d\u00e9marrage de Windows, du lancement d\u2019applications telles qu\u2019Adobe Photoshop et Illustrator, de l\u2019utilisation d\u2019applications courantes telles que Microsoft Excel et PowerPoint  EFFICACIT\u00c9 \u00c9NERG\u00c9TIQUE: Fournit un rapport performances\/consommation \u00e9nerg\u00e9tique jusqu\u2019\u00e0 40% meilleur que celui de notre SSD Gen4 pr\u00e9c\u00e9dent afin de booster votre productivit\u00e9 avec la m\u00eame autonomie de batterie  Jusqu'\u00e0 80 % d'\u00e9conomie sur Acronis Cyber Protect Home - Prot\u00e9gez vos photos, vos fichiers, vos applications, votre syst\u00e8me d'exploitation et vos appareils.","og_url":"https:\/\/proplaystore.lu\/index.php\/produit\/crucial-p310-ssd-500go-pcie-gen4-nvme-m-2-2280-ssd-interne-gaming-jusqua-6-600-mo-s-compatible-avec-ordinateur-portable-et-de-bureau-disque-dur-ssd-ct500p310ssd801-edition-acronis\/","og_site_name":"ProPlaystore","article_modified_time":"2025-08-19T08:15:23+00:00","og_image":[{"width":425,"height":118,"url":"https:\/\/proplaystore.lu\/wp-content\/uploads\/2025\/08\/51lrFzSnxhL._AC_SX425_.jpg","type":"image\/jpeg"}],"twitter_card":"summary_large_image","twitter_misc":{"Est. reading time":"1 minute"},"schema":{"@context":"https:\/\/schema.org","@graph":[{"@type":"WebPage","@id":"https:\/\/proplaystore.lu\/index.php\/produit\/crucial-p310-ssd-500go-pcie-gen4-nvme-m-2-2280-ssd-interne-gaming-jusqua-6-600-mo-s-compatible-avec-ordinateur-portable-et-de-bureau-disque-dur-ssd-ct500p310ssd801-edition-acronis\/","url":"https:\/\/proplaystore.lu\/index.php\/produit\/crucial-p310-ssd-500go-pcie-gen4-nvme-m-2-2280-ssd-interne-gaming-jusqua-6-600-mo-s-compatible-avec-ordinateur-portable-et-de-bureau-disque-dur-ssd-ct500p310ssd801-edition-acronis\/","name":"Crucial P310 SSD 500Go PCIe Gen4 NVMe M.2 2280 SSD Interne Gaming, Jusqu\u2019\u00e0 6.600 Mo\/s, Compatible avec Ordinateur Portable et de Bureau, Disque Dur SSD - CT500P310SSD801 (\u00c9dition Acronis) - ProPlaystore","isPartOf":{"@id":"https:\/\/proplaystore.lu\/#website"},"primaryImageOfPage":{"@id":"https:\/\/proplaystore.lu\/index.php\/produit\/crucial-p310-ssd-500go-pcie-gen4-nvme-m-2-2280-ssd-interne-gaming-jusqua-6-600-mo-s-compatible-avec-ordinateur-portable-et-de-bureau-disque-dur-ssd-ct500p310ssd801-edition-acronis\/#primaryimage"},"image":{"@id":"https:\/\/proplaystore.lu\/index.php\/produit\/crucial-p310-ssd-500go-pcie-gen4-nvme-m-2-2280-ssd-interne-gaming-jusqua-6-600-mo-s-compatible-avec-ordinateur-portable-et-de-bureau-disque-dur-ssd-ct500p310ssd801-edition-acronis\/#primaryimage"},"thumbnailUrl":"https:\/\/proplaystore.lu\/wp-content\/uploads\/2025\/08\/51lrFzSnxhL._AC_SX425_.jpg","datePublished":"2025-08-17T19:36:56+00:00","dateModified":"2025-08-19T08:15:23+00:00","breadcrumb":{"@id":"https:\/\/proplaystore.lu\/index.php\/produit\/crucial-p310-ssd-500go-pcie-gen4-nvme-m-2-2280-ssd-interne-gaming-jusqua-6-600-mo-s-compatible-avec-ordinateur-portable-et-de-bureau-disque-dur-ssd-ct500p310ssd801-edition-acronis\/#breadcrumb"},"inLanguage":"en-US","potentialAction":[{"@type":"ReadAction","target":["https:\/\/proplaystore.lu\/index.php\/produit\/crucial-p310-ssd-500go-pcie-gen4-nvme-m-2-2280-ssd-interne-gaming-jusqua-6-600-mo-s-compatible-avec-ordinateur-portable-et-de-bureau-disque-dur-ssd-ct500p310ssd801-edition-acronis\/"]}]},{"@type":"ImageObject","inLanguage":"en-US","@id":"https:\/\/proplaystore.lu\/index.php\/produit\/crucial-p310-ssd-500go-pcie-gen4-nvme-m-2-2280-ssd-interne-gaming-jusqua-6-600-mo-s-compatible-avec-ordinateur-portable-et-de-bureau-disque-dur-ssd-ct500p310ssd801-edition-acronis\/#primaryimage","url":"https:\/\/proplaystore.lu\/wp-content\/uploads\/2025\/08\/51lrFzSnxhL._AC_SX425_.jpg","contentUrl":"https:\/\/proplaystore.lu\/wp-content\/uploads\/2025\/08\/51lrFzSnxhL._AC_SX425_.jpg","width":425,"height":118},{"@type":"BreadcrumbList","@id":"https:\/\/proplaystore.lu\/index.php\/produit\/crucial-p310-ssd-500go-pcie-gen4-nvme-m-2-2280-ssd-interne-gaming-jusqua-6-600-mo-s-compatible-avec-ordinateur-portable-et-de-bureau-disque-dur-ssd-ct500p310ssd801-edition-acronis\/#breadcrumb","itemListElement":[{"@type":"ListItem","position":1,"name":"Accueil","item":"https:\/\/proplaystore.lu\/"},{"@type":"ListItem","position":2,"name":"Shop","item":"https:\/\/proplaystore.lu\/index.php\/shop\/"},{"@type":"ListItem","position":3,"name":"Crucial P310 SSD 500Go PCIe Gen4 NVMe M.2 2280 SSD Interne Gaming, Jusqu\u2019\u00e0 6.600 Mo\/s, Compatible avec Ordinateur Portable et de Bureau, Disque Dur SSD &#8211; CT500P310SSD801 (\u00c9dition Acronis)"}]},{"@type":"WebSite","@id":"https:\/\/proplaystore.lu\/#website","url":"https:\/\/proplaystore.lu\/","name":"ProPlaystore","description":"proplaysre","potentialAction":[{"@type":"SearchAction","target":{"@type":"EntryPoint","urlTemplate":"https:\/\/proplaystore.lu\/?s={search_term_string}"},"query-input":{"@type":"PropertyValueSpecification","valueRequired":true,"valueName":"search_term_string"}}],"inLanguage":"en-US"}]}},"_links":{"self":[{"href":"https:\/\/proplaystore.lu\/index.php\/wp-json\/wp\/v2\/product\/7627","targetHints":{"allow":["GET"]}}],"collection":[{"href":"https:\/\/proplaystore.lu\/index.php\/wp-json\/wp\/v2\/product"}],"about":[{"href":"https:\/\/proplaystore.lu\/index.php\/wp-json\/wp\/v2\/types\/product"}],"replies":[{"embeddable":true,"href":"https:\/\/proplaystore.lu\/index.php\/wp-json\/wp\/v2\/comments?post=7627"}],"wp:featuredmedia":[{"embeddable":true,"href":"https:\/\/proplaystore.lu\/index.php\/wp-json\/wp\/v2\/media\/7631"}],"wp:attachment":[{"href":"https:\/\/proplaystore.lu\/index.php\/wp-json\/wp\/v2\/media?parent=7627"}],"wp:term":[{"taxonomy":"product_brand","embeddable":true,"href":"https:\/\/proplaystore.lu\/index.php\/wp-json\/wp\/v2\/product_brand?post=7627"},{"taxonomy":"product_cat","embeddable":true,"href":"https:\/\/proplaystore.lu\/index.php\/wp-json\/wp\/v2\/product_cat?post=7627"},{"taxonomy":"product_tag","embeddable":true,"href":"https:\/\/proplaystore.lu\/index.php\/wp-json\/wp\/v2\/product_tag?post=7627"}],"curies":[{"name":"wp","href":"https:\/\/api.w.org\/{rel}","templated":true}]}}