{"id":7644,"date":"2025-08-17T19:52:58","date_gmt":"2025-08-17T19:52:58","guid":{"rendered":"https:\/\/proplaystore.lu\/?post_type=product&#038;p=7644"},"modified":"2025-08-19T07:16:52","modified_gmt":"2025-08-19T07:16:52","slug":"msi-mag-a650bn-bloc-dalimentation-prise-eu-650w-certifie-80-plus-bronze-psu-atx-rail-unique-12v-circuit-dc-vers-dc-ventilateur-120mm-garantie-5-ans-visiter-la-boutique-msi","status":"publish","type":"product","link":"https:\/\/proplaystore.lu\/index.php\/produit\/msi-mag-a650bn-bloc-dalimentation-prise-eu-650w-certifie-80-plus-bronze-psu-atx-rail-unique-12v-circuit-dc-vers-dc-ventilateur-120mm-garantie-5-ans-visiter-la-boutique-msi\/","title":{"rendered":"MSI MAG A650BN Bloc d&#8217;alimentation, Prise EU &#8211; 650W, Certifi\u00e9 80 Plus Bronze, PSU ATX, Rail Unique 12V, Circuit DC vers DC, Ventilateur 120mm &#8211; Garantie 5 Ans Visiter la boutique MSI"},"content":{"rendered":"<h2 data-start=\"1558\" data-end=\"1580\"><strong data-start=\"1561\" data-end=\"1580\">Fiche technique<\/strong><\/h2>\n<table class=\"a-normal a-spacing-micro\" role=\"list\">\n<tbody>\n<tr class=\"a-spacing-small po-model_name\" role=\"listitem\">\n<td class=\"a-span3\" role=\"presentation\"><span class=\"a-size-base a-text-bold\">Nom de mod\u00e8le<\/span><\/td>\n<td class=\"a-span9\" role=\"presentation\"><span class=\"a-size-base po-break-word\">MSI MAG A650BN<\/span><\/td>\n<\/tr>\n<tr class=\"a-spacing-small po-brand\" role=\"listitem\">\n<td class=\"a-span3\" role=\"presentation\"><span class=\"a-size-base a-text-bold\">Marque<\/span><\/td>\n<td class=\"a-span9\" role=\"presentation\"><span class=\"a-size-base po-break-word\">MSI<\/span><\/td>\n<\/tr>\n<tr class=\"a-spacing-small po-compatible_devices\" role=\"listitem\">\n<td class=\"a-span3\" role=\"presentation\"><span class=\"a-size-base a-text-bold\">Appareils compatibles<\/span><\/td>\n<td class=\"a-span9\" role=\"presentation\"><span class=\"a-size-base po-break-word\">Ordinateur personnel<\/span><\/td>\n<\/tr>\n<tr class=\"a-spacing-small po-connector_type\" role=\"listitem\">\n<td class=\"a-span3\" role=\"presentation\"><span class=\"a-size-base a-text-bold\">Type de connecteur<\/span><\/td>\n<td class=\"a-span9\" role=\"presentation\"><span class=\"a-size-base po-break-word\">ATX, EPS<\/span><\/td>\n<\/tr>\n<tr class=\"a-spacing-small po-output_wattage\" role=\"listitem\">\n<td class=\"a-span3\" role=\"presentation\"><span class=\"a-size-base a-text-bold\">Puissance de sortie<\/span><\/td>\n<td class=\"a-span9\" role=\"presentation\"><span class=\"a-size-base po-break-word\">650<\/span><\/td>\n<\/tr>\n<tr class=\"a-spacing-small po-form_factor\" role=\"listitem\">\n<td class=\"a-span3\" role=\"presentation\"><span class=\"a-size-base a-text-bold\">Facteur de forme<\/span><\/td>\n<td class=\"a-span9\" role=\"presentation\"><span class=\"a-size-base po-break-word\">ATX<\/span><\/td>\n<\/tr>\n<tr class=\"a-spacing-small po-wattage\" role=\"listitem\">\n<td class=\"a-span3\" role=\"presentation\"><span class=\"a-size-base a-text-bold\">Puissance<\/span><\/td>\n<td class=\"a-span9\" role=\"presentation\"><span class=\"a-size-base po-break-word\">650 Watts<\/span><\/td>\n<\/tr>\n<tr class=\"a-spacing-small po-cooling_method\" role=\"listitem\">\n<td class=\"a-span3\" role=\"presentation\"><span class=\"a-size-base a-text-bold\">M\u00e9thode de refroidissement<\/span><\/td>\n<td class=\"a-span9\" role=\"presentation\"><span class=\"a-size-base po-break-word\">Air<\/span><\/td>\n<\/tr>\n<tr class=\"a-spacing-small po-item_dimensions\" role=\"listitem\">\n<td class=\"a-span3\" role=\"presentation\"><span class=\"a-size-base a-text-bold\">Dimensions de l&#8217;article L\u00a0x\u00a0l\u00a0x\u00a0H<\/span><\/td>\n<td class=\"a-span9\" role=\"presentation\"><span class=\"a-size-base po-break-word\">23,6 x 18,3 x 10,5 centim\u00e8tres<\/span><\/td>\n<\/tr>\n<tr class=\"a-spacing-small po-item_weight\" role=\"listitem\">\n<td class=\"a-span3\" role=\"presentation\"><span class=\"a-size-base a-text-bold\">Poids de l&#8217;article<\/span><\/td>\n<td class=\"a-span9\" role=\"presentation\"><span class=\"a-size-base po-break-word\">1 Kilogrammes<\/span><\/td>\n<\/tr>\n<\/tbody>\n<\/table>\n<p>&nbsp;<\/p>\n<p>&nbsp;<\/p>\n<p>&nbsp;<\/p>\n","protected":false},"excerpt":{"rendered":"<ul class=\"a-unordered-list a-vertical\">\n<li class=\"a-spacing-mini\"><span class=\"a-list-item\">CERTIFICATION 80 PLUS BRONZE Une PSU efficace r\u00e9duit la consommation d&#8217;\u00e9nergie du syst\u00e8me and la charge thermique; La note 80 PLUS Bronze (jusqu&#8217;\u00e0 85 %) est une solide base pour supporter le mat\u00e9riel standard, cartes graphiques and la plupart des logiciels<\/span><\/li>\n<li class=\"a-spacing-mini\"><span class=\"a-list-item\">CONCEPTION \u00c0 RAIL UNIQUE 12V Le design \u00e0 rail unique 12V fournit des courants de sortie stables sous de fortes charges<\/span><\/li>\n<li class=\"a-spacing-mini\"><span class=\"a-list-item\">CIRCUIT CC vers CC Une conception de circuit CC-CC r\u00e9duit l&#8217;instabilit\u00e9 de la tension de sortie pour les composants du PC<\/span><\/li>\n<li class=\"a-spacing-mini\"><span class=\"a-list-item\">REFROIDISSEMENT SILENCIEUX Un ventilateur de 120 mm \u00e0 roulement \u00e0 paliers lisses fournit un refroidissement autor\u00e9gul\u00e9, tout en g\u00e9n\u00e9rant tr\u00e8s peu de bruit pendant le fonctionnement<\/span><\/li>\n<li class=\"a-spacing-mini\"><span class=\"a-list-item\">CONCEPTION ROBUSTE Un design PFC actif garantit une sortie fiable (protections OCP, OVP, OPP, OTP, SCP); Comprend une garantie limit\u00e9e MSI de 5 ans<\/span><\/li>\n<li class=\"a-spacing-mini\"><\/li>\n<\/ul>\n","protected":false},"featured_media":7650,"comment_status":"open","ping_status":"closed","template":"","meta":[],"product_brand":[],"product_cat":[70],"product_tag":[76],"class_list":{"0":"post-7644","1":"product","2":"type-product","3":"status-publish","4":"has-post-thumbnail","6":"product_cat-alimentation","7":"product_tag-font","9":"first","10":"instock","11":"shipping-taxable","12":"purchasable","13":"product-type-simple"},"yoast_head":"<!-- This site is optimized with the Yoast SEO plugin v26.4 - https:\/\/yoast.com\/wordpress\/plugins\/seo\/ -->\n<title>MSI MAG A650BN Bloc d&#039;alimentation, Prise EU - 650W, Certifi\u00e9 80 Plus Bronze, PSU ATX, Rail Unique 12V, Circuit DC vers DC, Ventilateur 120mm - Garantie 5 Ans Visiter la boutique MSI - ProPlaystore<\/title>\n<meta name=\"robots\" content=\"index, follow, max-snippet:-1, max-image-preview:large, max-video-preview:-1\" \/>\n<link rel=\"canonical\" href=\"https:\/\/proplaystore.lu\/index.php\/produit\/msi-mag-a650bn-bloc-dalimentation-prise-eu-650w-certifie-80-plus-bronze-psu-atx-rail-unique-12v-circuit-dc-vers-dc-ventilateur-120mm-garantie-5-ans-visiter-la-boutique-msi\/\" \/>\n<meta property=\"og:locale\" content=\"en_US\" \/>\n<meta property=\"og:type\" content=\"article\" \/>\n<meta property=\"og:title\" content=\"MSI MAG A650BN Bloc d&#039;alimentation, Prise EU - 650W, Certifi\u00e9 80 Plus Bronze, PSU ATX, Rail Unique 12V, Circuit DC vers DC, Ventilateur 120mm - Garantie 5 Ans Visiter la boutique MSI - ProPlaystore\" \/>\n<meta property=\"og:description\" content=\"CERTIFICATION 80 PLUS BRONZE Une PSU efficace r\u00e9duit la consommation d&#039;\u00e9nergie du syst\u00e8me and la charge thermique; La note 80 PLUS Bronze (jusqu&#039;\u00e0 85 %) est une solide base pour supporter le mat\u00e9riel standard, cartes graphiques and la plupart des logiciels  CONCEPTION \u00c0 RAIL UNIQUE 12V Le design \u00e0 rail unique 12V fournit des courants de sortie stables sous de fortes charges  CIRCUIT CC vers CC Une conception de circuit CC-CC r\u00e9duit l&#039;instabilit\u00e9 de la tension de sortie pour les composants du PC  REFROIDISSEMENT SILENCIEUX Un ventilateur de 120 mm \u00e0 roulement \u00e0 paliers lisses fournit un refroidissement autor\u00e9gul\u00e9, tout en g\u00e9n\u00e9rant tr\u00e8s peu de bruit pendant le fonctionnement  CONCEPTION ROBUSTE Un design PFC actif garantit une sortie fiable (protections OCP, OVP, OPP, OTP, SCP); Comprend une garantie limit\u00e9e MSI de 5 ans\" \/>\n<meta property=\"og:url\" content=\"https:\/\/proplaystore.lu\/index.php\/produit\/msi-mag-a650bn-bloc-dalimentation-prise-eu-650w-certifie-80-plus-bronze-psu-atx-rail-unique-12v-circuit-dc-vers-dc-ventilateur-120mm-garantie-5-ans-visiter-la-boutique-msi\/\" \/>\n<meta property=\"og:site_name\" content=\"ProPlaystore\" \/>\n<meta property=\"article:modified_time\" content=\"2025-08-19T07:16:52+00:00\" \/>\n<meta property=\"og:image\" content=\"https:\/\/proplaystore.lu\/wp-content\/uploads\/2025\/08\/81eLlIQ5PsL._AC_SY300_SX300_QL70_ML2_.jpg\" \/>\n\t<meta property=\"og:image:width\" content=\"300\" \/>\n\t<meta property=\"og:image:height\" content=\"270\" \/>\n\t<meta property=\"og:image:type\" content=\"image\/jpeg\" \/>\n<meta name=\"twitter:card\" content=\"summary_large_image\" \/>\n<meta name=\"twitter:label1\" content=\"Est. reading time\" \/>\n\t<meta name=\"twitter:data1\" content=\"1 minute\" \/>\n<script type=\"application\/ld+json\" class=\"yoast-schema-graph\">{\"@context\":\"https:\/\/schema.org\",\"@graph\":[{\"@type\":\"WebPage\",\"@id\":\"https:\/\/proplaystore.lu\/index.php\/produit\/msi-mag-a650bn-bloc-dalimentation-prise-eu-650w-certifie-80-plus-bronze-psu-atx-rail-unique-12v-circuit-dc-vers-dc-ventilateur-120mm-garantie-5-ans-visiter-la-boutique-msi\/\",\"url\":\"https:\/\/proplaystore.lu\/index.php\/produit\/msi-mag-a650bn-bloc-dalimentation-prise-eu-650w-certifie-80-plus-bronze-psu-atx-rail-unique-12v-circuit-dc-vers-dc-ventilateur-120mm-garantie-5-ans-visiter-la-boutique-msi\/\",\"name\":\"MSI MAG A650BN Bloc d'alimentation, Prise EU - 650W, Certifi\u00e9 80 Plus Bronze, PSU ATX, Rail Unique 12V, Circuit DC vers DC, Ventilateur 120mm - Garantie 5 Ans Visiter la boutique MSI - ProPlaystore\",\"isPartOf\":{\"@id\":\"https:\/\/proplaystore.lu\/#website\"},\"primaryImageOfPage\":{\"@id\":\"https:\/\/proplaystore.lu\/index.php\/produit\/msi-mag-a650bn-bloc-dalimentation-prise-eu-650w-certifie-80-plus-bronze-psu-atx-rail-unique-12v-circuit-dc-vers-dc-ventilateur-120mm-garantie-5-ans-visiter-la-boutique-msi\/#primaryimage\"},\"image\":{\"@id\":\"https:\/\/proplaystore.lu\/index.php\/produit\/msi-mag-a650bn-bloc-dalimentation-prise-eu-650w-certifie-80-plus-bronze-psu-atx-rail-unique-12v-circuit-dc-vers-dc-ventilateur-120mm-garantie-5-ans-visiter-la-boutique-msi\/#primaryimage\"},\"thumbnailUrl\":\"https:\/\/proplaystore.lu\/wp-content\/uploads\/2025\/08\/81eLlIQ5PsL._AC_SY300_SX300_QL70_ML2_.jpg\",\"datePublished\":\"2025-08-17T19:52:58+00:00\",\"dateModified\":\"2025-08-19T07:16:52+00:00\",\"breadcrumb\":{\"@id\":\"https:\/\/proplaystore.lu\/index.php\/produit\/msi-mag-a650bn-bloc-dalimentation-prise-eu-650w-certifie-80-plus-bronze-psu-atx-rail-unique-12v-circuit-dc-vers-dc-ventilateur-120mm-garantie-5-ans-visiter-la-boutique-msi\/#breadcrumb\"},\"inLanguage\":\"en-US\",\"potentialAction\":[{\"@type\":\"ReadAction\",\"target\":[\"https:\/\/proplaystore.lu\/index.php\/produit\/msi-mag-a650bn-bloc-dalimentation-prise-eu-650w-certifie-80-plus-bronze-psu-atx-rail-unique-12v-circuit-dc-vers-dc-ventilateur-120mm-garantie-5-ans-visiter-la-boutique-msi\/\"]}]},{\"@type\":\"ImageObject\",\"inLanguage\":\"en-US\",\"@id\":\"https:\/\/proplaystore.lu\/index.php\/produit\/msi-mag-a650bn-bloc-dalimentation-prise-eu-650w-certifie-80-plus-bronze-psu-atx-rail-unique-12v-circuit-dc-vers-dc-ventilateur-120mm-garantie-5-ans-visiter-la-boutique-msi\/#primaryimage\",\"url\":\"https:\/\/proplaystore.lu\/wp-content\/uploads\/2025\/08\/81eLlIQ5PsL._AC_SY300_SX300_QL70_ML2_.jpg\",\"contentUrl\":\"https:\/\/proplaystore.lu\/wp-content\/uploads\/2025\/08\/81eLlIQ5PsL._AC_SY300_SX300_QL70_ML2_.jpg\",\"width\":300,\"height\":270},{\"@type\":\"BreadcrumbList\",\"@id\":\"https:\/\/proplaystore.lu\/index.php\/produit\/msi-mag-a650bn-bloc-dalimentation-prise-eu-650w-certifie-80-plus-bronze-psu-atx-rail-unique-12v-circuit-dc-vers-dc-ventilateur-120mm-garantie-5-ans-visiter-la-boutique-msi\/#breadcrumb\",\"itemListElement\":[{\"@type\":\"ListItem\",\"position\":1,\"name\":\"Accueil\",\"item\":\"https:\/\/proplaystore.lu\/\"},{\"@type\":\"ListItem\",\"position\":2,\"name\":\"Shop\",\"item\":\"https:\/\/proplaystore.lu\/index.php\/shop\/\"},{\"@type\":\"ListItem\",\"position\":3,\"name\":\"MSI MAG A650BN Bloc d&#8217;alimentation, Prise EU &#8211; 650W, Certifi\u00e9 80 Plus Bronze, PSU ATX, Rail Unique 12V, Circuit DC vers DC, Ventilateur 120mm &#8211; Garantie 5 Ans Visiter la boutique MSI\"}]},{\"@type\":\"WebSite\",\"@id\":\"https:\/\/proplaystore.lu\/#website\",\"url\":\"https:\/\/proplaystore.lu\/\",\"name\":\"ProPlaystore\",\"description\":\"proplaysre\",\"potentialAction\":[{\"@type\":\"SearchAction\",\"target\":{\"@type\":\"EntryPoint\",\"urlTemplate\":\"https:\/\/proplaystore.lu\/?s={search_term_string}\"},\"query-input\":{\"@type\":\"PropertyValueSpecification\",\"valueRequired\":true,\"valueName\":\"search_term_string\"}}],\"inLanguage\":\"en-US\"}]}<\/script>\n<!-- \/ Yoast SEO plugin. -->","yoast_head_json":{"title":"MSI MAG A650BN Bloc d'alimentation, Prise EU - 650W, Certifi\u00e9 80 Plus Bronze, PSU ATX, Rail Unique 12V, Circuit DC vers DC, Ventilateur 120mm - Garantie 5 Ans Visiter la boutique MSI - ProPlaystore","robots":{"index":"index","follow":"follow","max-snippet":"max-snippet:-1","max-image-preview":"max-image-preview:large","max-video-preview":"max-video-preview:-1"},"canonical":"https:\/\/proplaystore.lu\/index.php\/produit\/msi-mag-a650bn-bloc-dalimentation-prise-eu-650w-certifie-80-plus-bronze-psu-atx-rail-unique-12v-circuit-dc-vers-dc-ventilateur-120mm-garantie-5-ans-visiter-la-boutique-msi\/","og_locale":"en_US","og_type":"article","og_title":"MSI MAG A650BN Bloc d'alimentation, Prise EU - 650W, Certifi\u00e9 80 Plus Bronze, PSU ATX, Rail Unique 12V, Circuit DC vers DC, Ventilateur 120mm - Garantie 5 Ans Visiter la boutique MSI - ProPlaystore","og_description":"CERTIFICATION 80 PLUS BRONZE Une PSU efficace r\u00e9duit la consommation d'\u00e9nergie du syst\u00e8me and la charge thermique; La note 80 PLUS Bronze (jusqu'\u00e0 85 %) est une solide base pour supporter le mat\u00e9riel standard, cartes graphiques and la plupart des logiciels  CONCEPTION \u00c0 RAIL UNIQUE 12V Le design \u00e0 rail unique 12V fournit des courants de sortie stables sous de fortes charges  CIRCUIT CC vers CC Une conception de circuit CC-CC r\u00e9duit l'instabilit\u00e9 de la tension de sortie pour les composants du PC  REFROIDISSEMENT SILENCIEUX Un ventilateur de 120 mm \u00e0 roulement \u00e0 paliers lisses fournit un refroidissement autor\u00e9gul\u00e9, tout en g\u00e9n\u00e9rant tr\u00e8s peu de bruit pendant le fonctionnement  CONCEPTION ROBUSTE Un design PFC actif garantit une sortie fiable (protections OCP, OVP, OPP, OTP, SCP); Comprend une garantie limit\u00e9e MSI de 5 ans","og_url":"https:\/\/proplaystore.lu\/index.php\/produit\/msi-mag-a650bn-bloc-dalimentation-prise-eu-650w-certifie-80-plus-bronze-psu-atx-rail-unique-12v-circuit-dc-vers-dc-ventilateur-120mm-garantie-5-ans-visiter-la-boutique-msi\/","og_site_name":"ProPlaystore","article_modified_time":"2025-08-19T07:16:52+00:00","og_image":[{"width":300,"height":270,"url":"https:\/\/proplaystore.lu\/wp-content\/uploads\/2025\/08\/81eLlIQ5PsL._AC_SY300_SX300_QL70_ML2_.jpg","type":"image\/jpeg"}],"twitter_card":"summary_large_image","twitter_misc":{"Est. reading time":"1 minute"},"schema":{"@context":"https:\/\/schema.org","@graph":[{"@type":"WebPage","@id":"https:\/\/proplaystore.lu\/index.php\/produit\/msi-mag-a650bn-bloc-dalimentation-prise-eu-650w-certifie-80-plus-bronze-psu-atx-rail-unique-12v-circuit-dc-vers-dc-ventilateur-120mm-garantie-5-ans-visiter-la-boutique-msi\/","url":"https:\/\/proplaystore.lu\/index.php\/produit\/msi-mag-a650bn-bloc-dalimentation-prise-eu-650w-certifie-80-plus-bronze-psu-atx-rail-unique-12v-circuit-dc-vers-dc-ventilateur-120mm-garantie-5-ans-visiter-la-boutique-msi\/","name":"MSI MAG A650BN Bloc d'alimentation, Prise EU - 650W, Certifi\u00e9 80 Plus Bronze, PSU ATX, Rail Unique 12V, Circuit DC vers DC, Ventilateur 120mm - Garantie 5 Ans Visiter la boutique MSI - ProPlaystore","isPartOf":{"@id":"https:\/\/proplaystore.lu\/#website"},"primaryImageOfPage":{"@id":"https:\/\/proplaystore.lu\/index.php\/produit\/msi-mag-a650bn-bloc-dalimentation-prise-eu-650w-certifie-80-plus-bronze-psu-atx-rail-unique-12v-circuit-dc-vers-dc-ventilateur-120mm-garantie-5-ans-visiter-la-boutique-msi\/#primaryimage"},"image":{"@id":"https:\/\/proplaystore.lu\/index.php\/produit\/msi-mag-a650bn-bloc-dalimentation-prise-eu-650w-certifie-80-plus-bronze-psu-atx-rail-unique-12v-circuit-dc-vers-dc-ventilateur-120mm-garantie-5-ans-visiter-la-boutique-msi\/#primaryimage"},"thumbnailUrl":"https:\/\/proplaystore.lu\/wp-content\/uploads\/2025\/08\/81eLlIQ5PsL._AC_SY300_SX300_QL70_ML2_.jpg","datePublished":"2025-08-17T19:52:58+00:00","dateModified":"2025-08-19T07:16:52+00:00","breadcrumb":{"@id":"https:\/\/proplaystore.lu\/index.php\/produit\/msi-mag-a650bn-bloc-dalimentation-prise-eu-650w-certifie-80-plus-bronze-psu-atx-rail-unique-12v-circuit-dc-vers-dc-ventilateur-120mm-garantie-5-ans-visiter-la-boutique-msi\/#breadcrumb"},"inLanguage":"en-US","potentialAction":[{"@type":"ReadAction","target":["https:\/\/proplaystore.lu\/index.php\/produit\/msi-mag-a650bn-bloc-dalimentation-prise-eu-650w-certifie-80-plus-bronze-psu-atx-rail-unique-12v-circuit-dc-vers-dc-ventilateur-120mm-garantie-5-ans-visiter-la-boutique-msi\/"]}]},{"@type":"ImageObject","inLanguage":"en-US","@id":"https:\/\/proplaystore.lu\/index.php\/produit\/msi-mag-a650bn-bloc-dalimentation-prise-eu-650w-certifie-80-plus-bronze-psu-atx-rail-unique-12v-circuit-dc-vers-dc-ventilateur-120mm-garantie-5-ans-visiter-la-boutique-msi\/#primaryimage","url":"https:\/\/proplaystore.lu\/wp-content\/uploads\/2025\/08\/81eLlIQ5PsL._AC_SY300_SX300_QL70_ML2_.jpg","contentUrl":"https:\/\/proplaystore.lu\/wp-content\/uploads\/2025\/08\/81eLlIQ5PsL._AC_SY300_SX300_QL70_ML2_.jpg","width":300,"height":270},{"@type":"BreadcrumbList","@id":"https:\/\/proplaystore.lu\/index.php\/produit\/msi-mag-a650bn-bloc-dalimentation-prise-eu-650w-certifie-80-plus-bronze-psu-atx-rail-unique-12v-circuit-dc-vers-dc-ventilateur-120mm-garantie-5-ans-visiter-la-boutique-msi\/#breadcrumb","itemListElement":[{"@type":"ListItem","position":1,"name":"Accueil","item":"https:\/\/proplaystore.lu\/"},{"@type":"ListItem","position":2,"name":"Shop","item":"https:\/\/proplaystore.lu\/index.php\/shop\/"},{"@type":"ListItem","position":3,"name":"MSI MAG A650BN Bloc d&#8217;alimentation, Prise EU &#8211; 650W, Certifi\u00e9 80 Plus Bronze, PSU ATX, Rail Unique 12V, Circuit DC vers DC, Ventilateur 120mm &#8211; Garantie 5 Ans Visiter la boutique MSI"}]},{"@type":"WebSite","@id":"https:\/\/proplaystore.lu\/#website","url":"https:\/\/proplaystore.lu\/","name":"ProPlaystore","description":"proplaysre","potentialAction":[{"@type":"SearchAction","target":{"@type":"EntryPoint","urlTemplate":"https:\/\/proplaystore.lu\/?s={search_term_string}"},"query-input":{"@type":"PropertyValueSpecification","valueRequired":true,"valueName":"search_term_string"}}],"inLanguage":"en-US"}]}},"_links":{"self":[{"href":"https:\/\/proplaystore.lu\/index.php\/wp-json\/wp\/v2\/product\/7644","targetHints":{"allow":["GET"]}}],"collection":[{"href":"https:\/\/proplaystore.lu\/index.php\/wp-json\/wp\/v2\/product"}],"about":[{"href":"https:\/\/proplaystore.lu\/index.php\/wp-json\/wp\/v2\/types\/product"}],"replies":[{"embeddable":true,"href":"https:\/\/proplaystore.lu\/index.php\/wp-json\/wp\/v2\/comments?post=7644"}],"wp:featuredmedia":[{"embeddable":true,"href":"https:\/\/proplaystore.lu\/index.php\/wp-json\/wp\/v2\/media\/7650"}],"wp:attachment":[{"href":"https:\/\/proplaystore.lu\/index.php\/wp-json\/wp\/v2\/media?parent=7644"}],"wp:term":[{"taxonomy":"product_brand","embeddable":true,"href":"https:\/\/proplaystore.lu\/index.php\/wp-json\/wp\/v2\/product_brand?post=7644"},{"taxonomy":"product_cat","embeddable":true,"href":"https:\/\/proplaystore.lu\/index.php\/wp-json\/wp\/v2\/product_cat?post=7644"},{"taxonomy":"product_tag","embeddable":true,"href":"https:\/\/proplaystore.lu\/index.php\/wp-json\/wp\/v2\/product_tag?post=7644"}],"curies":[{"name":"wp","href":"https:\/\/api.w.org\/{rel}","templated":true}]}}