{"id":7654,"date":"2025-08-17T20:25:02","date_gmt":"2025-08-17T20:25:02","guid":{"rendered":"https:\/\/proplaystore.lu\/?post_type=product&#038;p=7654"},"modified":"2025-08-17T20:27:19","modified_gmt":"2025-08-17T20:27:19","slug":"amd-ryzen-5-5600-processeur-6-coeurs-12-threads-65w-tdp-socket-am4-jusqua-4-4-ghz-frequence-boost-ventilateur-wraith-stealth","status":"publish","type":"product","link":"https:\/\/proplaystore.lu\/index.php\/produit\/amd-ryzen-5-5600-processeur-6-coeurs-12-threads-65w-tdp-socket-am4-jusqua-4-4-ghz-frequence-boost-ventilateur-wraith-stealth\/","title":{"rendered":"AMD Ryzen 5 5600 Processeur (6 Coeurs\/12 Threads, 65W TDP, Socket AM4, jusqu&#8217;\u00e0 4.4 Ghz Fr\u00e9quence Boost, Ventilateur wraith Stealth)"},"content":{"rendered":"<h2 data-start=\"1558\" data-end=\"1580\"><strong data-start=\"1561\" data-end=\"1580\">Fiche technique<\/strong><\/h2>\n<table class=\"a-normal a-spacing-micro\" role=\"list\">\n<tbody>\n<tr class=\"a-spacing-small po-brand\" role=\"listitem\">\n<td class=\"a-span3\" role=\"presentation\"><span class=\"a-size-base a-text-bold\">Marque<\/span><\/td>\n<td class=\"a-span9\" role=\"presentation\"><span class=\"a-size-base po-break-word\">AMD<\/span><\/td>\n<\/tr>\n<tr class=\"a-spacing-small po-cpu_model.manufacturer\" role=\"listitem\">\n<td class=\"a-span3\" role=\"presentation\"><span class=\"a-size-base a-text-bold\">Fabricant de CPU<\/span><\/td>\n<td class=\"a-span9\" role=\"presentation\"><span class=\"a-size-base po-break-word\">AMD<\/span><\/td>\n<\/tr>\n<tr class=\"a-spacing-small po-cpu_model.family\" role=\"listitem\">\n<td class=\"a-span3\" role=\"presentation\"><span class=\"a-size-base a-text-bold\">Mod\u00e8le du\u00a0CPU<\/span><\/td>\n<td class=\"a-span9\" role=\"presentation\"><span class=\"a-size-base po-break-word\">AMD Ryzen 7<\/span><\/td>\n<\/tr>\n<tr class=\"a-spacing-small po-cpu_model.speed\" role=\"listitem\">\n<td class=\"a-span3\" role=\"presentation\"><span class=\"a-size-base a-text-bold\">Vitesse du CPU<\/span><\/td>\n<td class=\"a-span9\" role=\"presentation\"><span class=\"a-size-base po-break-word\">3,5 GHz<\/span><\/td>\n<\/tr>\n<tr class=\"a-spacing-small po-cpu_model.socket\" role=\"listitem\">\n<td class=\"a-span3\" role=\"presentation\"><span class=\"a-size-base a-text-bold\">Socket du CPU<\/span><\/td>\n<td class=\"a-span9\" role=\"presentation\"><span class=\"a-size-base po-break-word\">Socket AM4<\/span><\/td>\n<\/tr>\n<tr class=\"a-spacing-small po-platform\" role=\"listitem\">\n<td class=\"a-span3\" role=\"presentation\"><span class=\"a-size-base a-text-bold\">Plateforme<\/span><\/td>\n<td class=\"a-span9\" role=\"presentation\"><span class=\"a-size-base po-break-word\">Linux, Windows<\/span><\/td>\n<\/tr>\n<tr class=\"a-spacing-small po-secondary_cache\" role=\"listitem\">\n<td class=\"a-span3\" role=\"presentation\"><span class=\"a-size-base a-text-bold\">Cache secondaire<\/span><\/td>\n<td class=\"a-span9\" role=\"presentation\"><span class=\"a-size-base po-break-word\">32 MB<\/span><\/td>\n<\/tr>\n<tr class=\"a-spacing-small po-wattage\" role=\"listitem\">\n<td class=\"a-span3\" role=\"presentation\"><span class=\"a-size-base a-text-bold\">Puissance<\/span><\/td>\n<td class=\"a-span9\" role=\"presentation\"><span class=\"a-size-base po-break-word\">65 Watts<\/span><\/td>\n<\/tr>\n<tr class=\"a-spacing-small po-cache_memory.installed_size\" role=\"listitem\">\n<td class=\"a-span3\" role=\"presentation\"><span class=\"a-size-base a-text-bold\">Taille du cache<\/span><\/td>\n<td class=\"a-span9\" role=\"presentation\"><span class=\"a-size-base po-break-word\">35 MB<\/span><\/td>\n<\/tr>\n<tr class=\"a-spacing-small po-processor_count\" role=\"listitem\">\n<td class=\"a-span3\" role=\"presentation\"><span class=\"a-size-base a-text-bold\">Nombre de processeurs<\/span><\/td>\n<td class=\"a-span9\" role=\"presentation\"><span class=\"a-size-base po-break-word\">6<\/span><\/td>\n<\/tr>\n<\/tbody>\n<\/table>\n<p>&nbsp;<\/p>\n<p>&nbsp;<\/p>\n","protected":false},"excerpt":{"rendered":"<ul class=\"a-unordered-list a-vertical\">\n<li class=\"a-spacing-mini\"><span class=\"a-list-item\">6 c\u0153urs, 12 threads, horloge boost 4,4 GHz, TDP 65 W, temp\u00e9rature de fonctionnement maximale 90 \u00b0C<\/span><\/li>\n<li class=\"a-spacing-mini\"><span class=\"a-list-item\">D\u00e9bloqu\u00e9 pour l&#8217;overclocking : Oui<\/span><\/li>\n<li class=\"a-spacing-mini\"><span class=\"a-list-item\">Prise en charge du syst\u00e8me d&#8217;exploitation : Windows 11 &#8211; \u00c9dition 64 bits, Windows 10 &#8211; \u00c9dition 64 bits La prise en charge du syst\u00e8me d&#8217;exploitation (SE) varie selon le fabricant.<\/span><\/li>\n<li class=\"a-spacing-mini\"><span class=\"a-list-item\">Compatible avec les cartes m\u00e8res AM4 des s\u00e9ries de chipset 500 et 400<\/span><\/li>\n<li class=\"a-spacing-mini\"><span class=\"a-list-item\">Dans la bo\u00eete (processeur AMD Ryzen, autocollant de lunette, feuille d&#8217;instructions\/de garantie, solution de refroidissement thermique, insert BIOS)<\/span><\/li>\n<li class=\"a-spacing-mini\"><span class=\"a-list-item\">Assurez-vous que le PC du client dispose d&#8217;une ventilation ad\u00e9quate<\/span><\/li>\n<\/ul>\n","protected":false},"featured_media":7655,"comment_status":"open","ping_status":"closed","template":"","meta":[],"product_brand":[],"product_cat":[65],"product_tag":[77],"class_list":{"0":"post-7654","1":"product","2":"type-product","3":"status-publish","4":"has-post-thumbnail","6":"product_cat-processeur","7":"product_tag-cpu","9":"first","10":"instock","11":"shipping-taxable","12":"purchasable","13":"product-type-simple"},"yoast_head":"<!-- This site is optimized with the Yoast SEO plugin v26.4 - https:\/\/yoast.com\/wordpress\/plugins\/seo\/ -->\n<title>AMD Ryzen 5 5600 Processeur (6 Coeurs\/12 Threads, 65W TDP, Socket AM4, jusqu&#039;\u00e0 4.4 Ghz Fr\u00e9quence Boost, Ventilateur wraith Stealth) - ProPlaystore<\/title>\n<meta name=\"robots\" content=\"index, follow, max-snippet:-1, max-image-preview:large, max-video-preview:-1\" \/>\n<link rel=\"canonical\" href=\"https:\/\/proplaystore.lu\/index.php\/produit\/amd-ryzen-5-5600-processeur-6-coeurs-12-threads-65w-tdp-socket-am4-jusqua-4-4-ghz-frequence-boost-ventilateur-wraith-stealth\/\" \/>\n<meta property=\"og:locale\" content=\"en_US\" \/>\n<meta property=\"og:type\" content=\"article\" \/>\n<meta property=\"og:title\" content=\"AMD Ryzen 5 5600 Processeur (6 Coeurs\/12 Threads, 65W TDP, Socket AM4, jusqu&#039;\u00e0 4.4 Ghz Fr\u00e9quence Boost, Ventilateur wraith Stealth) - ProPlaystore\" \/>\n<meta property=\"og:description\" content=\"6 c\u0153urs, 12 threads, horloge boost 4,4 GHz, TDP 65 W, temp\u00e9rature de fonctionnement maximale 90 \u00b0C  D\u00e9bloqu\u00e9 pour l&#039;overclocking : Oui  Prise en charge du syst\u00e8me d&#039;exploitation : Windows 11 - \u00c9dition 64 bits, Windows 10 - \u00c9dition 64 bits La prise en charge du syst\u00e8me d&#039;exploitation (SE) varie selon le fabricant.  Compatible avec les cartes m\u00e8res AM4 des s\u00e9ries de chipset 500 et 400  Dans la bo\u00eete (processeur AMD Ryzen, autocollant de lunette, feuille d&#039;instructions\/de garantie, solution de refroidissement thermique, insert BIOS)  Assurez-vous que le PC du client dispose d&#039;une ventilation ad\u00e9quate\" \/>\n<meta property=\"og:url\" content=\"https:\/\/proplaystore.lu\/index.php\/produit\/amd-ryzen-5-5600-processeur-6-coeurs-12-threads-65w-tdp-socket-am4-jusqua-4-4-ghz-frequence-boost-ventilateur-wraith-stealth\/\" \/>\n<meta property=\"og:site_name\" content=\"ProPlaystore\" \/>\n<meta property=\"article:modified_time\" content=\"2025-08-17T20:27:19+00:00\" \/>\n<meta property=\"og:image\" content=\"https:\/\/proplaystore.lu\/wp-content\/uploads\/2025\/08\/71c2fnTi6tL._AC_SX425_.jpg\" \/>\n\t<meta property=\"og:image:width\" content=\"425\" \/>\n\t<meta property=\"og:image:height\" content=\"467\" \/>\n\t<meta property=\"og:image:type\" content=\"image\/jpeg\" \/>\n<meta name=\"twitter:card\" content=\"summary_large_image\" \/>\n<meta name=\"twitter:label1\" content=\"Est. reading time\" \/>\n\t<meta name=\"twitter:data1\" content=\"1 minute\" \/>\n<script type=\"application\/ld+json\" class=\"yoast-schema-graph\">{\"@context\":\"https:\/\/schema.org\",\"@graph\":[{\"@type\":\"WebPage\",\"@id\":\"https:\/\/proplaystore.lu\/index.php\/produit\/amd-ryzen-5-5600-processeur-6-coeurs-12-threads-65w-tdp-socket-am4-jusqua-4-4-ghz-frequence-boost-ventilateur-wraith-stealth\/\",\"url\":\"https:\/\/proplaystore.lu\/index.php\/produit\/amd-ryzen-5-5600-processeur-6-coeurs-12-threads-65w-tdp-socket-am4-jusqua-4-4-ghz-frequence-boost-ventilateur-wraith-stealth\/\",\"name\":\"AMD Ryzen 5 5600 Processeur (6 Coeurs\/12 Threads, 65W TDP, Socket AM4, jusqu'\u00e0 4.4 Ghz Fr\u00e9quence Boost, Ventilateur wraith Stealth) - ProPlaystore\",\"isPartOf\":{\"@id\":\"https:\/\/proplaystore.lu\/#website\"},\"primaryImageOfPage\":{\"@id\":\"https:\/\/proplaystore.lu\/index.php\/produit\/amd-ryzen-5-5600-processeur-6-coeurs-12-threads-65w-tdp-socket-am4-jusqua-4-4-ghz-frequence-boost-ventilateur-wraith-stealth\/#primaryimage\"},\"image\":{\"@id\":\"https:\/\/proplaystore.lu\/index.php\/produit\/amd-ryzen-5-5600-processeur-6-coeurs-12-threads-65w-tdp-socket-am4-jusqua-4-4-ghz-frequence-boost-ventilateur-wraith-stealth\/#primaryimage\"},\"thumbnailUrl\":\"https:\/\/proplaystore.lu\/wp-content\/uploads\/2025\/08\/71c2fnTi6tL._AC_SX425_.jpg\",\"datePublished\":\"2025-08-17T20:25:02+00:00\",\"dateModified\":\"2025-08-17T20:27:19+00:00\",\"breadcrumb\":{\"@id\":\"https:\/\/proplaystore.lu\/index.php\/produit\/amd-ryzen-5-5600-processeur-6-coeurs-12-threads-65w-tdp-socket-am4-jusqua-4-4-ghz-frequence-boost-ventilateur-wraith-stealth\/#breadcrumb\"},\"inLanguage\":\"en-US\",\"potentialAction\":[{\"@type\":\"ReadAction\",\"target\":[\"https:\/\/proplaystore.lu\/index.php\/produit\/amd-ryzen-5-5600-processeur-6-coeurs-12-threads-65w-tdp-socket-am4-jusqua-4-4-ghz-frequence-boost-ventilateur-wraith-stealth\/\"]}]},{\"@type\":\"ImageObject\",\"inLanguage\":\"en-US\",\"@id\":\"https:\/\/proplaystore.lu\/index.php\/produit\/amd-ryzen-5-5600-processeur-6-coeurs-12-threads-65w-tdp-socket-am4-jusqua-4-4-ghz-frequence-boost-ventilateur-wraith-stealth\/#primaryimage\",\"url\":\"https:\/\/proplaystore.lu\/wp-content\/uploads\/2025\/08\/71c2fnTi6tL._AC_SX425_.jpg\",\"contentUrl\":\"https:\/\/proplaystore.lu\/wp-content\/uploads\/2025\/08\/71c2fnTi6tL._AC_SX425_.jpg\",\"width\":425,\"height\":467},{\"@type\":\"BreadcrumbList\",\"@id\":\"https:\/\/proplaystore.lu\/index.php\/produit\/amd-ryzen-5-5600-processeur-6-coeurs-12-threads-65w-tdp-socket-am4-jusqua-4-4-ghz-frequence-boost-ventilateur-wraith-stealth\/#breadcrumb\",\"itemListElement\":[{\"@type\":\"ListItem\",\"position\":1,\"name\":\"Accueil\",\"item\":\"https:\/\/proplaystore.lu\/\"},{\"@type\":\"ListItem\",\"position\":2,\"name\":\"Shop\",\"item\":\"https:\/\/proplaystore.lu\/index.php\/shop\/\"},{\"@type\":\"ListItem\",\"position\":3,\"name\":\"AMD Ryzen 5 5600 Processeur (6 Coeurs\/12 Threads, 65W TDP, Socket AM4, jusqu&#8217;\u00e0 4.4 Ghz Fr\u00e9quence Boost, Ventilateur wraith Stealth)\"}]},{\"@type\":\"WebSite\",\"@id\":\"https:\/\/proplaystore.lu\/#website\",\"url\":\"https:\/\/proplaystore.lu\/\",\"name\":\"ProPlaystore\",\"description\":\"proplaysre\",\"potentialAction\":[{\"@type\":\"SearchAction\",\"target\":{\"@type\":\"EntryPoint\",\"urlTemplate\":\"https:\/\/proplaystore.lu\/?s={search_term_string}\"},\"query-input\":{\"@type\":\"PropertyValueSpecification\",\"valueRequired\":true,\"valueName\":\"search_term_string\"}}],\"inLanguage\":\"en-US\"}]}<\/script>\n<!-- \/ Yoast SEO plugin. -->","yoast_head_json":{"title":"AMD Ryzen 5 5600 Processeur (6 Coeurs\/12 Threads, 65W TDP, Socket AM4, jusqu'\u00e0 4.4 Ghz Fr\u00e9quence Boost, Ventilateur wraith Stealth) - ProPlaystore","robots":{"index":"index","follow":"follow","max-snippet":"max-snippet:-1","max-image-preview":"max-image-preview:large","max-video-preview":"max-video-preview:-1"},"canonical":"https:\/\/proplaystore.lu\/index.php\/produit\/amd-ryzen-5-5600-processeur-6-coeurs-12-threads-65w-tdp-socket-am4-jusqua-4-4-ghz-frequence-boost-ventilateur-wraith-stealth\/","og_locale":"en_US","og_type":"article","og_title":"AMD Ryzen 5 5600 Processeur (6 Coeurs\/12 Threads, 65W TDP, Socket AM4, jusqu'\u00e0 4.4 Ghz Fr\u00e9quence Boost, Ventilateur wraith Stealth) - ProPlaystore","og_description":"6 c\u0153urs, 12 threads, horloge boost 4,4 GHz, TDP 65 W, temp\u00e9rature de fonctionnement maximale 90 \u00b0C  D\u00e9bloqu\u00e9 pour l'overclocking : Oui  Prise en charge du syst\u00e8me d'exploitation : Windows 11 - \u00c9dition 64 bits, Windows 10 - \u00c9dition 64 bits La prise en charge du syst\u00e8me d'exploitation (SE) varie selon le fabricant.  Compatible avec les cartes m\u00e8res AM4 des s\u00e9ries de chipset 500 et 400  Dans la bo\u00eete (processeur AMD Ryzen, autocollant de lunette, feuille d'instructions\/de garantie, solution de refroidissement thermique, insert BIOS)  Assurez-vous que le PC du client dispose d'une ventilation ad\u00e9quate","og_url":"https:\/\/proplaystore.lu\/index.php\/produit\/amd-ryzen-5-5600-processeur-6-coeurs-12-threads-65w-tdp-socket-am4-jusqua-4-4-ghz-frequence-boost-ventilateur-wraith-stealth\/","og_site_name":"ProPlaystore","article_modified_time":"2025-08-17T20:27:19+00:00","og_image":[{"width":425,"height":467,"url":"https:\/\/proplaystore.lu\/wp-content\/uploads\/2025\/08\/71c2fnTi6tL._AC_SX425_.jpg","type":"image\/jpeg"}],"twitter_card":"summary_large_image","twitter_misc":{"Est. reading time":"1 minute"},"schema":{"@context":"https:\/\/schema.org","@graph":[{"@type":"WebPage","@id":"https:\/\/proplaystore.lu\/index.php\/produit\/amd-ryzen-5-5600-processeur-6-coeurs-12-threads-65w-tdp-socket-am4-jusqua-4-4-ghz-frequence-boost-ventilateur-wraith-stealth\/","url":"https:\/\/proplaystore.lu\/index.php\/produit\/amd-ryzen-5-5600-processeur-6-coeurs-12-threads-65w-tdp-socket-am4-jusqua-4-4-ghz-frequence-boost-ventilateur-wraith-stealth\/","name":"AMD Ryzen 5 5600 Processeur (6 Coeurs\/12 Threads, 65W TDP, Socket AM4, jusqu'\u00e0 4.4 Ghz Fr\u00e9quence Boost, Ventilateur wraith Stealth) - ProPlaystore","isPartOf":{"@id":"https:\/\/proplaystore.lu\/#website"},"primaryImageOfPage":{"@id":"https:\/\/proplaystore.lu\/index.php\/produit\/amd-ryzen-5-5600-processeur-6-coeurs-12-threads-65w-tdp-socket-am4-jusqua-4-4-ghz-frequence-boost-ventilateur-wraith-stealth\/#primaryimage"},"image":{"@id":"https:\/\/proplaystore.lu\/index.php\/produit\/amd-ryzen-5-5600-processeur-6-coeurs-12-threads-65w-tdp-socket-am4-jusqua-4-4-ghz-frequence-boost-ventilateur-wraith-stealth\/#primaryimage"},"thumbnailUrl":"https:\/\/proplaystore.lu\/wp-content\/uploads\/2025\/08\/71c2fnTi6tL._AC_SX425_.jpg","datePublished":"2025-08-17T20:25:02+00:00","dateModified":"2025-08-17T20:27:19+00:00","breadcrumb":{"@id":"https:\/\/proplaystore.lu\/index.php\/produit\/amd-ryzen-5-5600-processeur-6-coeurs-12-threads-65w-tdp-socket-am4-jusqua-4-4-ghz-frequence-boost-ventilateur-wraith-stealth\/#breadcrumb"},"inLanguage":"en-US","potentialAction":[{"@type":"ReadAction","target":["https:\/\/proplaystore.lu\/index.php\/produit\/amd-ryzen-5-5600-processeur-6-coeurs-12-threads-65w-tdp-socket-am4-jusqua-4-4-ghz-frequence-boost-ventilateur-wraith-stealth\/"]}]},{"@type":"ImageObject","inLanguage":"en-US","@id":"https:\/\/proplaystore.lu\/index.php\/produit\/amd-ryzen-5-5600-processeur-6-coeurs-12-threads-65w-tdp-socket-am4-jusqua-4-4-ghz-frequence-boost-ventilateur-wraith-stealth\/#primaryimage","url":"https:\/\/proplaystore.lu\/wp-content\/uploads\/2025\/08\/71c2fnTi6tL._AC_SX425_.jpg","contentUrl":"https:\/\/proplaystore.lu\/wp-content\/uploads\/2025\/08\/71c2fnTi6tL._AC_SX425_.jpg","width":425,"height":467},{"@type":"BreadcrumbList","@id":"https:\/\/proplaystore.lu\/index.php\/produit\/amd-ryzen-5-5600-processeur-6-coeurs-12-threads-65w-tdp-socket-am4-jusqua-4-4-ghz-frequence-boost-ventilateur-wraith-stealth\/#breadcrumb","itemListElement":[{"@type":"ListItem","position":1,"name":"Accueil","item":"https:\/\/proplaystore.lu\/"},{"@type":"ListItem","position":2,"name":"Shop","item":"https:\/\/proplaystore.lu\/index.php\/shop\/"},{"@type":"ListItem","position":3,"name":"AMD Ryzen 5 5600 Processeur (6 Coeurs\/12 Threads, 65W TDP, Socket AM4, jusqu&#8217;\u00e0 4.4 Ghz Fr\u00e9quence Boost, Ventilateur wraith Stealth)"}]},{"@type":"WebSite","@id":"https:\/\/proplaystore.lu\/#website","url":"https:\/\/proplaystore.lu\/","name":"ProPlaystore","description":"proplaysre","potentialAction":[{"@type":"SearchAction","target":{"@type":"EntryPoint","urlTemplate":"https:\/\/proplaystore.lu\/?s={search_term_string}"},"query-input":{"@type":"PropertyValueSpecification","valueRequired":true,"valueName":"search_term_string"}}],"inLanguage":"en-US"}]}},"_links":{"self":[{"href":"https:\/\/proplaystore.lu\/index.php\/wp-json\/wp\/v2\/product\/7654","targetHints":{"allow":["GET"]}}],"collection":[{"href":"https:\/\/proplaystore.lu\/index.php\/wp-json\/wp\/v2\/product"}],"about":[{"href":"https:\/\/proplaystore.lu\/index.php\/wp-json\/wp\/v2\/types\/product"}],"replies":[{"embeddable":true,"href":"https:\/\/proplaystore.lu\/index.php\/wp-json\/wp\/v2\/comments?post=7654"}],"wp:featuredmedia":[{"embeddable":true,"href":"https:\/\/proplaystore.lu\/index.php\/wp-json\/wp\/v2\/media\/7655"}],"wp:attachment":[{"href":"https:\/\/proplaystore.lu\/index.php\/wp-json\/wp\/v2\/media?parent=7654"}],"wp:term":[{"taxonomy":"product_brand","embeddable":true,"href":"https:\/\/proplaystore.lu\/index.php\/wp-json\/wp\/v2\/product_brand?post=7654"},{"taxonomy":"product_cat","embeddable":true,"href":"https:\/\/proplaystore.lu\/index.php\/wp-json\/wp\/v2\/product_cat?post=7654"},{"taxonomy":"product_tag","embeddable":true,"href":"https:\/\/proplaystore.lu\/index.php\/wp-json\/wp\/v2\/product_tag?post=7654"}],"curies":[{"name":"wp","href":"https:\/\/api.w.org\/{rel}","templated":true}]}}