{"id":7656,"date":"2025-08-17T20:27:29","date_gmt":"2025-08-17T20:27:29","guid":{"rendered":"https:\/\/proplaystore.lu\/?post_type=product&#038;p=7656"},"modified":"2025-08-18T21:39:23","modified_gmt":"2025-08-18T21:39:23","slug":"amd-ryzen-5-5600gt-processeur-radeon-graphique-integre-6-coeurs-12-threads-65w-tdp-socket-am4-19mo-cache-jusqua-46ghz-frequence-boost-ventilateur-wraith-stealth","status":"publish","type":"product","link":"https:\/\/proplaystore.lu\/index.php\/produit\/amd-ryzen-5-5600gt-processeur-radeon-graphique-integre-6-coeurs-12-threads-65w-tdp-socket-am4-19mo-cache-jusqua-46ghz-frequence-boost-ventilateur-wraith-stealth\/","title":{"rendered":"AMD Ryzen 5 5600GT Processeur (Rad\u00e9on Graphique Int\u00e9gr\u00e9, 6 Coeurs\/12 Threads, 65W TDP, Socket AM4, 19Mo Cache, jusqu&#8217;\u00e0 4,6Ghz Fr\u00e9quence Boost, Ventilateur Wraith Stealth)"},"content":{"rendered":"<h2 data-start=\"1558\" data-end=\"1580\"><strong data-start=\"1561\" data-end=\"1580\">Fiche technique<\/strong><\/h2>\n<table class=\"a-normal a-spacing-micro\" role=\"list\">\n<tbody>\n<tr class=\"a-spacing-small po-brand\" role=\"listitem\">\n<td class=\"a-span3\" role=\"presentation\"><span class=\"a-size-base a-text-bold\">Marque<\/span><\/td>\n<td class=\"a-span9\" role=\"presentation\"><span class=\"a-size-base po-break-word\">AMD<\/span><\/td>\n<\/tr>\n<tr class=\"a-spacing-small po-cpu_model.manufacturer\" role=\"listitem\">\n<td class=\"a-span3\" role=\"presentation\"><span class=\"a-size-base a-text-bold\">Fabricant de CPU<\/span><\/td>\n<td class=\"a-span9\" role=\"presentation\"><span class=\"a-size-base po-break-word\">AMD<\/span><\/td>\n<\/tr>\n<tr class=\"a-spacing-small po-cpu_model.family\" role=\"listitem\">\n<td class=\"a-span3\" role=\"presentation\"><span class=\"a-size-base a-text-bold\">Mod\u00e8le du\u00a0CPU<\/span><\/td>\n<td class=\"a-span9\" role=\"presentation\"><span class=\"a-size-base po-break-word\">Ryzen 5<\/span><\/td>\n<\/tr>\n<tr class=\"a-spacing-small po-cpu_model.speed\" role=\"listitem\">\n<td class=\"a-span3\" role=\"presentation\"><span class=\"a-size-base a-text-bold\">Vitesse du CPU<\/span><\/td>\n<td class=\"a-span9\" role=\"presentation\"><span class=\"a-size-base po-break-word\">4,6 GHz<\/span><\/td>\n<\/tr>\n<tr class=\"a-spacing-small po-cpu_model.socket\" role=\"listitem\">\n<td class=\"a-span3\" role=\"presentation\"><span class=\"a-size-base a-text-bold\">Socket du CPU<\/span><\/td>\n<td class=\"a-span9\" role=\"presentation\"><span class=\"a-size-base po-break-word\">Socket AM4<\/span><\/td>\n<\/tr>\n<tr class=\"a-spacing-small po-platform\" role=\"listitem\">\n<td class=\"a-span3\" role=\"presentation\"><span class=\"a-size-base a-text-bold\">Plateforme<\/span><\/td>\n<td class=\"a-span9\" role=\"presentation\"><span class=\"a-size-base po-break-word\">Windows<\/span><\/td>\n<\/tr>\n<tr class=\"a-spacing-small po-secondary_cache\" role=\"listitem\">\n<td class=\"a-span3\" role=\"presentation\"><span class=\"a-size-base a-text-bold\">Cache secondaire<\/span><\/td>\n<td class=\"a-span9\" role=\"presentation\"><span class=\"a-size-base po-break-word\">16 MB<\/span><\/td>\n<\/tr>\n<tr class=\"a-spacing-small po-wattage\" role=\"listitem\">\n<td class=\"a-span3\" role=\"presentation\"><span class=\"a-size-base a-text-bold\">Puissance<\/span><\/td>\n<td class=\"a-span9\" role=\"presentation\"><span class=\"a-size-base po-break-word\">65 Watts<\/span><\/td>\n<\/tr>\n<tr class=\"a-spacing-small po-cache_memory.installed_size\" role=\"listitem\">\n<td class=\"a-span3\" role=\"presentation\"><span class=\"a-size-base a-text-bold\">Taille du cache<\/span><\/td>\n<td class=\"a-span9\" role=\"presentation\"><span class=\"a-size-base po-break-word\">19 MB<\/span><\/td>\n<\/tr>\n<tr class=\"a-spacing-small po-processor_count\" role=\"listitem\">\n<td class=\"a-span3\" role=\"presentation\"><span class=\"a-size-base a-text-bold\">Nombre de processeurs<\/span><\/td>\n<td class=\"a-span9\" role=\"presentation\"><span class=\"a-size-base po-break-word\">6<\/span><\/td>\n<\/tr>\n<\/tbody>\n<\/table>\n<p>&nbsp;<\/p>\n<p>&nbsp;<\/p>\n<p>&nbsp;<\/p>\n","protected":false},"excerpt":{"rendered":"<ul class=\"a-unordered-list a-vertical\">\n<li class=\"a-spacing-mini\"><span class=\"a-list-item\">RAPPORT QUALITE\/PRIX IMBATTABLE: avec sa plateforme AM4 \u00e0 moindre c\u00f4ut, ses excellentes performances dans le jeu et la productivit\u00e9, ce processeur est LE choix pour se faire une machine \u00e9quilibr\u00e9e sans casser la tirelire.<\/span><\/li>\n<li class=\"a-spacing-mini\"><span class=\"a-list-item\">DES CARACT\u00c9RISTIQUES AVANC\u00c9ES &#8211; Avec une un TDP de 65 W, et ses 19 MB Cache L3, le Ryzen 5 5600GT est taill\u00e9 pour accomplir de grandes choses, dans un petit format. Son I\/O Die dispose \u00e9galement d&#8217;une puce graphique int\u00e9gr\u00e9e AMD RDNA tr\u00e8s performante,<\/span><\/li>\n<li class=\"a-spacing-mini\"><span class=\"a-list-item\">6 C\u0152URS ET 12 THREADS &#8211; Le Ryzen 5 5600GT offre d&#8217;excellentes fr\u00e9quences (Base 3,6 GHz \/ Boost 4,6 GHz). L&#8217;overclocking est bien s\u00fbr possible puisque l&#8217;ensemble des c\u0153urs sont d\u00e9brid\u00e9s.<\/span><\/li>\n<li class=\"a-spacing-mini\"><span class=\"a-list-item\">Ventirad AMD Wraith Stealth fournis<\/span><\/li>\n<li class=\"a-spacing-mini\"><\/li>\n<\/ul>\n","protected":false},"featured_media":7659,"comment_status":"open","ping_status":"closed","template":"","meta":[],"product_brand":[],"product_cat":[65],"product_tag":[77],"class_list":{"0":"post-7656","1":"product","2":"type-product","3":"status-publish","4":"has-post-thumbnail","6":"product_cat-processeur","7":"product_tag-cpu","9":"first","10":"instock","11":"shipping-taxable","12":"purchasable","13":"product-type-simple"},"yoast_head":"<!-- This site is optimized with the Yoast SEO plugin v26.4 - https:\/\/yoast.com\/wordpress\/plugins\/seo\/ -->\n<title>AMD Ryzen 5 5600GT Processeur (Rad\u00e9on Graphique Int\u00e9gr\u00e9, 6 Coeurs\/12 Threads, 65W TDP, Socket AM4, 19Mo Cache, jusqu&#039;\u00e0 4,6Ghz Fr\u00e9quence Boost, Ventilateur Wraith Stealth) - ProPlaystore<\/title>\n<meta name=\"robots\" content=\"index, follow, max-snippet:-1, max-image-preview:large, max-video-preview:-1\" \/>\n<link rel=\"canonical\" href=\"https:\/\/proplaystore.lu\/index.php\/produit\/amd-ryzen-5-5600gt-processeur-radeon-graphique-integre-6-coeurs-12-threads-65w-tdp-socket-am4-19mo-cache-jusqua-46ghz-frequence-boost-ventilateur-wraith-stealth\/\" \/>\n<meta property=\"og:locale\" content=\"en_US\" \/>\n<meta property=\"og:type\" content=\"article\" \/>\n<meta property=\"og:title\" content=\"AMD Ryzen 5 5600GT Processeur (Rad\u00e9on Graphique Int\u00e9gr\u00e9, 6 Coeurs\/12 Threads, 65W TDP, Socket AM4, 19Mo Cache, jusqu&#039;\u00e0 4,6Ghz Fr\u00e9quence Boost, Ventilateur Wraith Stealth) - ProPlaystore\" \/>\n<meta property=\"og:description\" content=\"RAPPORT QUALITE\/PRIX IMBATTABLE: avec sa plateforme AM4 \u00e0 moindre c\u00f4ut, ses excellentes performances dans le jeu et la productivit\u00e9, ce processeur est LE choix pour se faire une machine \u00e9quilibr\u00e9e sans casser la tirelire.  DES CARACT\u00c9RISTIQUES AVANC\u00c9ES - Avec une un TDP de 65 W, et ses 19 MB Cache L3, le Ryzen 5 5600GT est taill\u00e9 pour accomplir de grandes choses, dans un petit format. Son I\/O Die dispose \u00e9galement d&#039;une puce graphique int\u00e9gr\u00e9e AMD RDNA tr\u00e8s performante,  6 C\u0152URS ET 12 THREADS - Le Ryzen 5 5600GT offre d&#039;excellentes fr\u00e9quences (Base 3,6 GHz \/ Boost 4,6 GHz). L&#039;overclocking est bien s\u00fbr possible puisque l&#039;ensemble des c\u0153urs sont d\u00e9brid\u00e9s.  Ventirad AMD Wraith Stealth fournis\" \/>\n<meta property=\"og:url\" content=\"https:\/\/proplaystore.lu\/index.php\/produit\/amd-ryzen-5-5600gt-processeur-radeon-graphique-integre-6-coeurs-12-threads-65w-tdp-socket-am4-19mo-cache-jusqua-46ghz-frequence-boost-ventilateur-wraith-stealth\/\" \/>\n<meta property=\"og:site_name\" content=\"ProPlaystore\" \/>\n<meta property=\"article:modified_time\" content=\"2025-08-18T21:39:23+00:00\" \/>\n<meta property=\"og:image\" content=\"https:\/\/proplaystore.lu\/wp-content\/uploads\/2025\/08\/61c6fimxtXL._AC_SY450_.jpg\" \/>\n\t<meta property=\"og:image:width\" content=\"422\" \/>\n\t<meta property=\"og:image:height\" content=\"450\" \/>\n\t<meta property=\"og:image:type\" content=\"image\/jpeg\" \/>\n<meta name=\"twitter:card\" content=\"summary_large_image\" \/>\n<meta name=\"twitter:label1\" content=\"Est. reading time\" \/>\n\t<meta name=\"twitter:data1\" content=\"1 minute\" \/>\n<script type=\"application\/ld+json\" class=\"yoast-schema-graph\">{\"@context\":\"https:\/\/schema.org\",\"@graph\":[{\"@type\":\"WebPage\",\"@id\":\"https:\/\/proplaystore.lu\/index.php\/produit\/amd-ryzen-5-5600gt-processeur-radeon-graphique-integre-6-coeurs-12-threads-65w-tdp-socket-am4-19mo-cache-jusqua-46ghz-frequence-boost-ventilateur-wraith-stealth\/\",\"url\":\"https:\/\/proplaystore.lu\/index.php\/produit\/amd-ryzen-5-5600gt-processeur-radeon-graphique-integre-6-coeurs-12-threads-65w-tdp-socket-am4-19mo-cache-jusqua-46ghz-frequence-boost-ventilateur-wraith-stealth\/\",\"name\":\"AMD Ryzen 5 5600GT Processeur (Rad\u00e9on Graphique Int\u00e9gr\u00e9, 6 Coeurs\/12 Threads, 65W TDP, Socket AM4, 19Mo Cache, jusqu'\u00e0 4,6Ghz Fr\u00e9quence Boost, Ventilateur Wraith Stealth) - ProPlaystore\",\"isPartOf\":{\"@id\":\"https:\/\/proplaystore.lu\/#website\"},\"primaryImageOfPage\":{\"@id\":\"https:\/\/proplaystore.lu\/index.php\/produit\/amd-ryzen-5-5600gt-processeur-radeon-graphique-integre-6-coeurs-12-threads-65w-tdp-socket-am4-19mo-cache-jusqua-46ghz-frequence-boost-ventilateur-wraith-stealth\/#primaryimage\"},\"image\":{\"@id\":\"https:\/\/proplaystore.lu\/index.php\/produit\/amd-ryzen-5-5600gt-processeur-radeon-graphique-integre-6-coeurs-12-threads-65w-tdp-socket-am4-19mo-cache-jusqua-46ghz-frequence-boost-ventilateur-wraith-stealth\/#primaryimage\"},\"thumbnailUrl\":\"https:\/\/proplaystore.lu\/wp-content\/uploads\/2025\/08\/61c6fimxtXL._AC_SY450_.jpg\",\"datePublished\":\"2025-08-17T20:27:29+00:00\",\"dateModified\":\"2025-08-18T21:39:23+00:00\",\"breadcrumb\":{\"@id\":\"https:\/\/proplaystore.lu\/index.php\/produit\/amd-ryzen-5-5600gt-processeur-radeon-graphique-integre-6-coeurs-12-threads-65w-tdp-socket-am4-19mo-cache-jusqua-46ghz-frequence-boost-ventilateur-wraith-stealth\/#breadcrumb\"},\"inLanguage\":\"en-US\",\"potentialAction\":[{\"@type\":\"ReadAction\",\"target\":[\"https:\/\/proplaystore.lu\/index.php\/produit\/amd-ryzen-5-5600gt-processeur-radeon-graphique-integre-6-coeurs-12-threads-65w-tdp-socket-am4-19mo-cache-jusqua-46ghz-frequence-boost-ventilateur-wraith-stealth\/\"]}]},{\"@type\":\"ImageObject\",\"inLanguage\":\"en-US\",\"@id\":\"https:\/\/proplaystore.lu\/index.php\/produit\/amd-ryzen-5-5600gt-processeur-radeon-graphique-integre-6-coeurs-12-threads-65w-tdp-socket-am4-19mo-cache-jusqua-46ghz-frequence-boost-ventilateur-wraith-stealth\/#primaryimage\",\"url\":\"https:\/\/proplaystore.lu\/wp-content\/uploads\/2025\/08\/61c6fimxtXL._AC_SY450_.jpg\",\"contentUrl\":\"https:\/\/proplaystore.lu\/wp-content\/uploads\/2025\/08\/61c6fimxtXL._AC_SY450_.jpg\",\"width\":422,\"height\":450},{\"@type\":\"BreadcrumbList\",\"@id\":\"https:\/\/proplaystore.lu\/index.php\/produit\/amd-ryzen-5-5600gt-processeur-radeon-graphique-integre-6-coeurs-12-threads-65w-tdp-socket-am4-19mo-cache-jusqua-46ghz-frequence-boost-ventilateur-wraith-stealth\/#breadcrumb\",\"itemListElement\":[{\"@type\":\"ListItem\",\"position\":1,\"name\":\"Accueil\",\"item\":\"https:\/\/proplaystore.lu\/\"},{\"@type\":\"ListItem\",\"position\":2,\"name\":\"Shop\",\"item\":\"https:\/\/proplaystore.lu\/index.php\/shop\/\"},{\"@type\":\"ListItem\",\"position\":3,\"name\":\"AMD Ryzen 5 5600GT Processeur (Rad\u00e9on Graphique Int\u00e9gr\u00e9, 6 Coeurs\/12 Threads, 65W TDP, Socket AM4, 19Mo Cache, jusqu&#8217;\u00e0 4,6Ghz Fr\u00e9quence Boost, Ventilateur Wraith Stealth)\"}]},{\"@type\":\"WebSite\",\"@id\":\"https:\/\/proplaystore.lu\/#website\",\"url\":\"https:\/\/proplaystore.lu\/\",\"name\":\"ProPlaystore\",\"description\":\"proplaysre\",\"potentialAction\":[{\"@type\":\"SearchAction\",\"target\":{\"@type\":\"EntryPoint\",\"urlTemplate\":\"https:\/\/proplaystore.lu\/?s={search_term_string}\"},\"query-input\":{\"@type\":\"PropertyValueSpecification\",\"valueRequired\":true,\"valueName\":\"search_term_string\"}}],\"inLanguage\":\"en-US\"}]}<\/script>\n<!-- \/ Yoast SEO plugin. -->","yoast_head_json":{"title":"AMD Ryzen 5 5600GT Processeur (Rad\u00e9on Graphique Int\u00e9gr\u00e9, 6 Coeurs\/12 Threads, 65W TDP, Socket AM4, 19Mo Cache, jusqu'\u00e0 4,6Ghz Fr\u00e9quence Boost, Ventilateur Wraith Stealth) - ProPlaystore","robots":{"index":"index","follow":"follow","max-snippet":"max-snippet:-1","max-image-preview":"max-image-preview:large","max-video-preview":"max-video-preview:-1"},"canonical":"https:\/\/proplaystore.lu\/index.php\/produit\/amd-ryzen-5-5600gt-processeur-radeon-graphique-integre-6-coeurs-12-threads-65w-tdp-socket-am4-19mo-cache-jusqua-46ghz-frequence-boost-ventilateur-wraith-stealth\/","og_locale":"en_US","og_type":"article","og_title":"AMD Ryzen 5 5600GT Processeur (Rad\u00e9on Graphique Int\u00e9gr\u00e9, 6 Coeurs\/12 Threads, 65W TDP, Socket AM4, 19Mo Cache, jusqu'\u00e0 4,6Ghz Fr\u00e9quence Boost, Ventilateur Wraith Stealth) - ProPlaystore","og_description":"RAPPORT QUALITE\/PRIX IMBATTABLE: avec sa plateforme AM4 \u00e0 moindre c\u00f4ut, ses excellentes performances dans le jeu et la productivit\u00e9, ce processeur est LE choix pour se faire une machine \u00e9quilibr\u00e9e sans casser la tirelire.  DES CARACT\u00c9RISTIQUES AVANC\u00c9ES - Avec une un TDP de 65 W, et ses 19 MB Cache L3, le Ryzen 5 5600GT est taill\u00e9 pour accomplir de grandes choses, dans un petit format. Son I\/O Die dispose \u00e9galement d'une puce graphique int\u00e9gr\u00e9e AMD RDNA tr\u00e8s performante,  6 C\u0152URS ET 12 THREADS - Le Ryzen 5 5600GT offre d'excellentes fr\u00e9quences (Base 3,6 GHz \/ Boost 4,6 GHz). L'overclocking est bien s\u00fbr possible puisque l'ensemble des c\u0153urs sont d\u00e9brid\u00e9s.  Ventirad AMD Wraith Stealth fournis","og_url":"https:\/\/proplaystore.lu\/index.php\/produit\/amd-ryzen-5-5600gt-processeur-radeon-graphique-integre-6-coeurs-12-threads-65w-tdp-socket-am4-19mo-cache-jusqua-46ghz-frequence-boost-ventilateur-wraith-stealth\/","og_site_name":"ProPlaystore","article_modified_time":"2025-08-18T21:39:23+00:00","og_image":[{"width":422,"height":450,"url":"https:\/\/proplaystore.lu\/wp-content\/uploads\/2025\/08\/61c6fimxtXL._AC_SY450_.jpg","type":"image\/jpeg"}],"twitter_card":"summary_large_image","twitter_misc":{"Est. reading time":"1 minute"},"schema":{"@context":"https:\/\/schema.org","@graph":[{"@type":"WebPage","@id":"https:\/\/proplaystore.lu\/index.php\/produit\/amd-ryzen-5-5600gt-processeur-radeon-graphique-integre-6-coeurs-12-threads-65w-tdp-socket-am4-19mo-cache-jusqua-46ghz-frequence-boost-ventilateur-wraith-stealth\/","url":"https:\/\/proplaystore.lu\/index.php\/produit\/amd-ryzen-5-5600gt-processeur-radeon-graphique-integre-6-coeurs-12-threads-65w-tdp-socket-am4-19mo-cache-jusqua-46ghz-frequence-boost-ventilateur-wraith-stealth\/","name":"AMD Ryzen 5 5600GT Processeur (Rad\u00e9on Graphique Int\u00e9gr\u00e9, 6 Coeurs\/12 Threads, 65W TDP, Socket AM4, 19Mo Cache, jusqu'\u00e0 4,6Ghz Fr\u00e9quence Boost, Ventilateur Wraith Stealth) - ProPlaystore","isPartOf":{"@id":"https:\/\/proplaystore.lu\/#website"},"primaryImageOfPage":{"@id":"https:\/\/proplaystore.lu\/index.php\/produit\/amd-ryzen-5-5600gt-processeur-radeon-graphique-integre-6-coeurs-12-threads-65w-tdp-socket-am4-19mo-cache-jusqua-46ghz-frequence-boost-ventilateur-wraith-stealth\/#primaryimage"},"image":{"@id":"https:\/\/proplaystore.lu\/index.php\/produit\/amd-ryzen-5-5600gt-processeur-radeon-graphique-integre-6-coeurs-12-threads-65w-tdp-socket-am4-19mo-cache-jusqua-46ghz-frequence-boost-ventilateur-wraith-stealth\/#primaryimage"},"thumbnailUrl":"https:\/\/proplaystore.lu\/wp-content\/uploads\/2025\/08\/61c6fimxtXL._AC_SY450_.jpg","datePublished":"2025-08-17T20:27:29+00:00","dateModified":"2025-08-18T21:39:23+00:00","breadcrumb":{"@id":"https:\/\/proplaystore.lu\/index.php\/produit\/amd-ryzen-5-5600gt-processeur-radeon-graphique-integre-6-coeurs-12-threads-65w-tdp-socket-am4-19mo-cache-jusqua-46ghz-frequence-boost-ventilateur-wraith-stealth\/#breadcrumb"},"inLanguage":"en-US","potentialAction":[{"@type":"ReadAction","target":["https:\/\/proplaystore.lu\/index.php\/produit\/amd-ryzen-5-5600gt-processeur-radeon-graphique-integre-6-coeurs-12-threads-65w-tdp-socket-am4-19mo-cache-jusqua-46ghz-frequence-boost-ventilateur-wraith-stealth\/"]}]},{"@type":"ImageObject","inLanguage":"en-US","@id":"https:\/\/proplaystore.lu\/index.php\/produit\/amd-ryzen-5-5600gt-processeur-radeon-graphique-integre-6-coeurs-12-threads-65w-tdp-socket-am4-19mo-cache-jusqua-46ghz-frequence-boost-ventilateur-wraith-stealth\/#primaryimage","url":"https:\/\/proplaystore.lu\/wp-content\/uploads\/2025\/08\/61c6fimxtXL._AC_SY450_.jpg","contentUrl":"https:\/\/proplaystore.lu\/wp-content\/uploads\/2025\/08\/61c6fimxtXL._AC_SY450_.jpg","width":422,"height":450},{"@type":"BreadcrumbList","@id":"https:\/\/proplaystore.lu\/index.php\/produit\/amd-ryzen-5-5600gt-processeur-radeon-graphique-integre-6-coeurs-12-threads-65w-tdp-socket-am4-19mo-cache-jusqua-46ghz-frequence-boost-ventilateur-wraith-stealth\/#breadcrumb","itemListElement":[{"@type":"ListItem","position":1,"name":"Accueil","item":"https:\/\/proplaystore.lu\/"},{"@type":"ListItem","position":2,"name":"Shop","item":"https:\/\/proplaystore.lu\/index.php\/shop\/"},{"@type":"ListItem","position":3,"name":"AMD Ryzen 5 5600GT Processeur (Rad\u00e9on Graphique Int\u00e9gr\u00e9, 6 Coeurs\/12 Threads, 65W TDP, Socket AM4, 19Mo Cache, jusqu&#8217;\u00e0 4,6Ghz Fr\u00e9quence Boost, Ventilateur Wraith Stealth)"}]},{"@type":"WebSite","@id":"https:\/\/proplaystore.lu\/#website","url":"https:\/\/proplaystore.lu\/","name":"ProPlaystore","description":"proplaysre","potentialAction":[{"@type":"SearchAction","target":{"@type":"EntryPoint","urlTemplate":"https:\/\/proplaystore.lu\/?s={search_term_string}"},"query-input":{"@type":"PropertyValueSpecification","valueRequired":true,"valueName":"search_term_string"}}],"inLanguage":"en-US"}]}},"_links":{"self":[{"href":"https:\/\/proplaystore.lu\/index.php\/wp-json\/wp\/v2\/product\/7656","targetHints":{"allow":["GET"]}}],"collection":[{"href":"https:\/\/proplaystore.lu\/index.php\/wp-json\/wp\/v2\/product"}],"about":[{"href":"https:\/\/proplaystore.lu\/index.php\/wp-json\/wp\/v2\/types\/product"}],"replies":[{"embeddable":true,"href":"https:\/\/proplaystore.lu\/index.php\/wp-json\/wp\/v2\/comments?post=7656"}],"wp:featuredmedia":[{"embeddable":true,"href":"https:\/\/proplaystore.lu\/index.php\/wp-json\/wp\/v2\/media\/7659"}],"wp:attachment":[{"href":"https:\/\/proplaystore.lu\/index.php\/wp-json\/wp\/v2\/media?parent=7656"}],"wp:term":[{"taxonomy":"product_brand","embeddable":true,"href":"https:\/\/proplaystore.lu\/index.php\/wp-json\/wp\/v2\/product_brand?post=7656"},{"taxonomy":"product_cat","embeddable":true,"href":"https:\/\/proplaystore.lu\/index.php\/wp-json\/wp\/v2\/product_cat?post=7656"},{"taxonomy":"product_tag","embeddable":true,"href":"https:\/\/proplaystore.lu\/index.php\/wp-json\/wp\/v2\/product_tag?post=7656"}],"curies":[{"name":"wp","href":"https:\/\/api.w.org\/{rel}","templated":true}]}}