{"id":7660,"date":"2025-08-17T20:30:18","date_gmt":"2025-08-17T20:30:18","guid":{"rendered":"https:\/\/proplaystore.lu\/?post_type=product&#038;p=7660"},"modified":"2025-08-18T21:37:36","modified_gmt":"2025-08-18T21:37:36","slug":"amd-ryzen-5-9600x-processeur-radeon-graphique-integre-6-coeurs-12-threads-65w-tdp-socket-am5-cache-38mo-jusqua-5-4-ghz-frequence-boost-pas-de-ventilateur","status":"publish","type":"product","link":"https:\/\/proplaystore.lu\/index.php\/produit\/amd-ryzen-5-9600x-processeur-radeon-graphique-integre-6-coeurs-12-threads-65w-tdp-socket-am5-cache-38mo-jusqua-5-4-ghz-frequence-boost-pas-de-ventilateur\/","title":{"rendered":"AMD Ryzen 5 9600X Processeur (Radeon Graphique Int\u00e9gr\u00e9, 6 Coeurs\/12 Threads, 65W TDP, Socket AM5, Cache 38Mo, jusqu&#8217;\u00e0 5.4 GHz Fr\u00e9quence Boost, Pas de Ventilateur)"},"content":{"rendered":"<h2 data-start=\"1558\" data-end=\"1580\"><strong data-start=\"1561\" data-end=\"1580\">Fiche technique<\/strong><\/h2>\n<table class=\"a-normal a-spacing-micro\" role=\"list\">\n<tbody>\n<tr class=\"a-spacing-small po-brand\" role=\"listitem\">\n<td class=\"a-span3\" role=\"presentation\"><span class=\"a-size-base a-text-bold\">Marque<\/span><\/td>\n<td class=\"a-span9\" role=\"presentation\"><span class=\"a-size-base po-break-word\">AMD<\/span><\/td>\n<\/tr>\n<tr class=\"a-spacing-small po-cpu_model.manufacturer\" role=\"listitem\">\n<td class=\"a-span3\" role=\"presentation\"><span class=\"a-size-base a-text-bold\">Fabricant de CPU<\/span><\/td>\n<td class=\"a-span9\" role=\"presentation\"><span class=\"a-size-base po-break-word\">AMD<\/span><\/td>\n<\/tr>\n<tr class=\"a-spacing-small po-cpu_model.family\" role=\"listitem\">\n<td class=\"a-span3\" role=\"presentation\"><span class=\"a-size-base a-text-bold\">Mod\u00e8le du\u00a0CPU<\/span><\/td>\n<td class=\"a-span9\" role=\"presentation\"><span class=\"a-size-base po-break-word\">Ryzen 5<\/span><\/td>\n<\/tr>\n<tr class=\"a-spacing-small po-cpu_model.speed\" role=\"listitem\">\n<td class=\"a-span3\" role=\"presentation\"><span class=\"a-size-base a-text-bold\">Vitesse du CPU<\/span><\/td>\n<td class=\"a-span9\" role=\"presentation\"><span class=\"a-size-base po-break-word\">3,9 GHz<\/span><\/td>\n<\/tr>\n<tr class=\"a-spacing-small po-cpu_model.socket\" role=\"listitem\">\n<td class=\"a-span3\" role=\"presentation\"><span class=\"a-size-base a-text-bold\">Socket du CPU<\/span><\/td>\n<td class=\"a-span9\" role=\"presentation\"><span class=\"a-size-base po-break-word\">Socket AM5<\/span><\/td>\n<\/tr>\n<tr class=\"a-spacing-small po-platform\" role=\"listitem\">\n<td class=\"a-span3\" role=\"presentation\"><span class=\"a-size-base a-text-bold\">Plateforme<\/span><\/td>\n<td class=\"a-span9\" role=\"presentation\"><span class=\"a-size-base po-break-word\">Windows 11<\/span><\/td>\n<\/tr>\n<tr class=\"a-spacing-small po-secondary_cache\" role=\"listitem\">\n<td class=\"a-span3\" role=\"presentation\"><span class=\"a-size-base a-text-bold\">Cache secondaire<\/span><\/td>\n<td class=\"a-span9\" role=\"presentation\"><span class=\"a-size-base po-break-word\">6 MB<\/span><\/td>\n<\/tr>\n<tr class=\"a-spacing-small po-wattage\" role=\"listitem\">\n<td class=\"a-span3\" role=\"presentation\"><span class=\"a-size-base a-text-bold\">Puissance<\/span><\/td>\n<td class=\"a-span9\" role=\"presentation\"><span class=\"a-size-base po-break-word\">65 Watts<\/span><\/td>\n<\/tr>\n<tr class=\"a-spacing-small po-cache_memory.installed_size\" role=\"listitem\">\n<td class=\"a-span3\" role=\"presentation\"><span class=\"a-size-base a-text-bold\">Taille du cache<\/span><\/td>\n<td class=\"a-span9\" role=\"presentation\"><span class=\"a-size-base po-break-word\">38 Modificateur inconnu<\/span><\/td>\n<\/tr>\n<tr class=\"a-spacing-small po-processor_count\" role=\"listitem\">\n<td class=\"a-span3\" role=\"presentation\"><span class=\"a-size-base a-text-bold\">Nombre de processeurs<\/span><\/td>\n<td class=\"a-span9\" role=\"presentation\"><span class=\"a-size-base po-break-word\">6<\/span><\/td>\n<\/tr>\n<\/tbody>\n<\/table>\n<p>&nbsp;<\/p>\n<p>&nbsp;<\/p>\n<p>&nbsp;<\/p>\n<p>&nbsp;<\/p>\n","protected":false},"excerpt":{"rendered":"<ul class=\"a-unordered-list a-vertical\">\n<li class=\"a-spacing-mini\"><span class=\"a-list-item\">ARCHITECTURE ZEN 5 &#8211; Le nouveau standard pour les joueurs et cr\u00e9ateurs. Profitez de performances incroyables ainsi que d&#8217;une efficacit\u00e9 \u00e9nerg\u00e9tique accrue gr\u00e2ce \u00e0 la nouvelle architecture AMD Zen 4 bas\u00e9e sur une finesse de gravure en 4 nm, une premi\u00e8re mondiale<\/span><\/li>\n<li class=\"a-spacing-mini\"><span class=\"a-list-item\">6 C\u0152URS ET 12 THREADS &#8211; Le Ryzen 5 9600X offre des fr\u00e9quences exceptionnelles (Base 3,8 GHz \/ Boost 5,5 GHz). L&#8217;overclocking est bien s\u00fbr possible puisque l&#8217;ensemble des c\u0153urs sont d\u00e9brid\u00e9s.<\/span><\/li>\n<li class=\"a-spacing-mini\"><span class=\"a-list-item\">DES CARACT\u00c9RISTIQUES AVANC\u00c9ES &#8211; Avec une un TDP de seulement 65W, et ses 38 MB Cache L3, le Ryzen 5 9600X est taill\u00e9 pour accomplir de grandes choses. Il dispose \u00e9galement d&#8217;une puce graphique int\u00e9gr\u00e9e AMD RDNA 2.<\/span><\/li>\n<li class=\"a-spacing-mini\"><span class=\"a-list-item\">M\u00c9MOIRE DDR5 et PCIe 5.0 &#8211; Les processeurs Ryzen S\u00e9rie 9000 offrent les derniers technologies disponibles. Profitez du AMD EXPO pour un overclocking facile de la DDR5. B\u00e9n\u00e9ficiez du PCIe 5.0 sur le GPU ET le stockage SSD NVMe.<\/span><\/li>\n<li class=\"a-spacing-mini\"><span class=\"a-list-item\">SOCKET AM5 &#8211; Une plateforme pens\u00e9e pour durer sur plusieurs g\u00e9n\u00e9rations. Retrouvez un large choix de cartes m\u00e8res AM5 adapt\u00e9 \u00e0 vos besoins. Les refoidisseurs AM4 restent compatibles avec AM5.<\/span><\/li>\n<li class=\"a-spacing-mini\"><\/li>\n<\/ul>\n","protected":false},"featured_media":7662,"comment_status":"open","ping_status":"closed","template":"","meta":[],"product_brand":[],"product_cat":[65],"product_tag":[77],"class_list":{"0":"post-7660","1":"product","2":"type-product","3":"status-publish","4":"has-post-thumbnail","6":"product_cat-processeur","7":"product_tag-cpu","9":"first","10":"instock","11":"shipping-taxable","12":"purchasable","13":"product-type-simple"},"yoast_head":"<!-- This site is optimized with the Yoast SEO plugin v26.4 - https:\/\/yoast.com\/wordpress\/plugins\/seo\/ -->\n<title>AMD Ryzen 5 9600X Processeur (Radeon Graphique Int\u00e9gr\u00e9, 6 Coeurs\/12 Threads, 65W TDP, Socket AM5, Cache 38Mo, jusqu&#039;\u00e0 5.4 GHz Fr\u00e9quence Boost, Pas de Ventilateur) - ProPlaystore<\/title>\n<meta name=\"robots\" content=\"index, follow, max-snippet:-1, max-image-preview:large, max-video-preview:-1\" \/>\n<link rel=\"canonical\" href=\"https:\/\/proplaystore.lu\/index.php\/produit\/amd-ryzen-5-9600x-processeur-radeon-graphique-integre-6-coeurs-12-threads-65w-tdp-socket-am5-cache-38mo-jusqua-5-4-ghz-frequence-boost-pas-de-ventilateur\/\" \/>\n<meta property=\"og:locale\" content=\"en_US\" \/>\n<meta property=\"og:type\" content=\"article\" \/>\n<meta property=\"og:title\" content=\"AMD Ryzen 5 9600X Processeur (Radeon Graphique Int\u00e9gr\u00e9, 6 Coeurs\/12 Threads, 65W TDP, Socket AM5, Cache 38Mo, jusqu&#039;\u00e0 5.4 GHz Fr\u00e9quence Boost, Pas de Ventilateur) - ProPlaystore\" \/>\n<meta property=\"og:description\" content=\"ARCHITECTURE ZEN 5 - Le nouveau standard pour les joueurs et cr\u00e9ateurs. Profitez de performances incroyables ainsi que d&#039;une efficacit\u00e9 \u00e9nerg\u00e9tique accrue gr\u00e2ce \u00e0 la nouvelle architecture AMD Zen 4 bas\u00e9e sur une finesse de gravure en 4 nm, une premi\u00e8re mondiale  6 C\u0152URS ET 12 THREADS - Le Ryzen 5 9600X offre des fr\u00e9quences exceptionnelles (Base 3,8 GHz \/ Boost 5,5 GHz). L&#039;overclocking est bien s\u00fbr possible puisque l&#039;ensemble des c\u0153urs sont d\u00e9brid\u00e9s.  DES CARACT\u00c9RISTIQUES AVANC\u00c9ES - Avec une un TDP de seulement 65W, et ses 38 MB Cache L3, le Ryzen 5 9600X est taill\u00e9 pour accomplir de grandes choses. Il dispose \u00e9galement d&#039;une puce graphique int\u00e9gr\u00e9e AMD RDNA 2.  M\u00c9MOIRE DDR5 et PCIe 5.0 - Les processeurs Ryzen S\u00e9rie 9000 offrent les derniers technologies disponibles. Profitez du AMD EXPO pour un overclocking facile de la DDR5. B\u00e9n\u00e9ficiez du PCIe 5.0 sur le GPU ET le stockage SSD NVMe.  SOCKET AM5 - Une plateforme pens\u00e9e pour durer sur plusieurs g\u00e9n\u00e9rations. Retrouvez un large choix de cartes m\u00e8res AM5 adapt\u00e9 \u00e0 vos besoins. Les refoidisseurs AM4 restent compatibles avec AM5.\" \/>\n<meta property=\"og:url\" content=\"https:\/\/proplaystore.lu\/index.php\/produit\/amd-ryzen-5-9600x-processeur-radeon-graphique-integre-6-coeurs-12-threads-65w-tdp-socket-am5-cache-38mo-jusqua-5-4-ghz-frequence-boost-pas-de-ventilateur\/\" \/>\n<meta property=\"og:site_name\" content=\"ProPlaystore\" \/>\n<meta property=\"article:modified_time\" content=\"2025-08-18T21:37:36+00:00\" \/>\n<meta property=\"og:image\" content=\"https:\/\/proplaystore.lu\/wp-content\/uploads\/2025\/08\/61RfWUr4kvL._AC_SY450_.jpg\" \/>\n\t<meta property=\"og:image:width\" content=\"394\" \/>\n\t<meta property=\"og:image:height\" content=\"450\" \/>\n\t<meta property=\"og:image:type\" content=\"image\/jpeg\" \/>\n<meta name=\"twitter:card\" content=\"summary_large_image\" \/>\n<meta name=\"twitter:label1\" content=\"Est. reading time\" \/>\n\t<meta name=\"twitter:data1\" content=\"1 minute\" \/>\n<script type=\"application\/ld+json\" class=\"yoast-schema-graph\">{\"@context\":\"https:\/\/schema.org\",\"@graph\":[{\"@type\":\"WebPage\",\"@id\":\"https:\/\/proplaystore.lu\/index.php\/produit\/amd-ryzen-5-9600x-processeur-radeon-graphique-integre-6-coeurs-12-threads-65w-tdp-socket-am5-cache-38mo-jusqua-5-4-ghz-frequence-boost-pas-de-ventilateur\/\",\"url\":\"https:\/\/proplaystore.lu\/index.php\/produit\/amd-ryzen-5-9600x-processeur-radeon-graphique-integre-6-coeurs-12-threads-65w-tdp-socket-am5-cache-38mo-jusqua-5-4-ghz-frequence-boost-pas-de-ventilateur\/\",\"name\":\"AMD Ryzen 5 9600X Processeur (Radeon Graphique Int\u00e9gr\u00e9, 6 Coeurs\/12 Threads, 65W TDP, Socket AM5, Cache 38Mo, jusqu'\u00e0 5.4 GHz Fr\u00e9quence Boost, Pas de Ventilateur) - ProPlaystore\",\"isPartOf\":{\"@id\":\"https:\/\/proplaystore.lu\/#website\"},\"primaryImageOfPage\":{\"@id\":\"https:\/\/proplaystore.lu\/index.php\/produit\/amd-ryzen-5-9600x-processeur-radeon-graphique-integre-6-coeurs-12-threads-65w-tdp-socket-am5-cache-38mo-jusqua-5-4-ghz-frequence-boost-pas-de-ventilateur\/#primaryimage\"},\"image\":{\"@id\":\"https:\/\/proplaystore.lu\/index.php\/produit\/amd-ryzen-5-9600x-processeur-radeon-graphique-integre-6-coeurs-12-threads-65w-tdp-socket-am5-cache-38mo-jusqua-5-4-ghz-frequence-boost-pas-de-ventilateur\/#primaryimage\"},\"thumbnailUrl\":\"https:\/\/proplaystore.lu\/wp-content\/uploads\/2025\/08\/61RfWUr4kvL._AC_SY450_.jpg\",\"datePublished\":\"2025-08-17T20:30:18+00:00\",\"dateModified\":\"2025-08-18T21:37:36+00:00\",\"breadcrumb\":{\"@id\":\"https:\/\/proplaystore.lu\/index.php\/produit\/amd-ryzen-5-9600x-processeur-radeon-graphique-integre-6-coeurs-12-threads-65w-tdp-socket-am5-cache-38mo-jusqua-5-4-ghz-frequence-boost-pas-de-ventilateur\/#breadcrumb\"},\"inLanguage\":\"en-US\",\"potentialAction\":[{\"@type\":\"ReadAction\",\"target\":[\"https:\/\/proplaystore.lu\/index.php\/produit\/amd-ryzen-5-9600x-processeur-radeon-graphique-integre-6-coeurs-12-threads-65w-tdp-socket-am5-cache-38mo-jusqua-5-4-ghz-frequence-boost-pas-de-ventilateur\/\"]}]},{\"@type\":\"ImageObject\",\"inLanguage\":\"en-US\",\"@id\":\"https:\/\/proplaystore.lu\/index.php\/produit\/amd-ryzen-5-9600x-processeur-radeon-graphique-integre-6-coeurs-12-threads-65w-tdp-socket-am5-cache-38mo-jusqua-5-4-ghz-frequence-boost-pas-de-ventilateur\/#primaryimage\",\"url\":\"https:\/\/proplaystore.lu\/wp-content\/uploads\/2025\/08\/61RfWUr4kvL._AC_SY450_.jpg\",\"contentUrl\":\"https:\/\/proplaystore.lu\/wp-content\/uploads\/2025\/08\/61RfWUr4kvL._AC_SY450_.jpg\",\"width\":394,\"height\":450},{\"@type\":\"BreadcrumbList\",\"@id\":\"https:\/\/proplaystore.lu\/index.php\/produit\/amd-ryzen-5-9600x-processeur-radeon-graphique-integre-6-coeurs-12-threads-65w-tdp-socket-am5-cache-38mo-jusqua-5-4-ghz-frequence-boost-pas-de-ventilateur\/#breadcrumb\",\"itemListElement\":[{\"@type\":\"ListItem\",\"position\":1,\"name\":\"Accueil\",\"item\":\"https:\/\/proplaystore.lu\/\"},{\"@type\":\"ListItem\",\"position\":2,\"name\":\"Shop\",\"item\":\"https:\/\/proplaystore.lu\/index.php\/shop\/\"},{\"@type\":\"ListItem\",\"position\":3,\"name\":\"AMD Ryzen 5 9600X Processeur (Radeon Graphique Int\u00e9gr\u00e9, 6 Coeurs\/12 Threads, 65W TDP, Socket AM5, Cache 38Mo, jusqu&#8217;\u00e0 5.4 GHz Fr\u00e9quence Boost, Pas de Ventilateur)\"}]},{\"@type\":\"WebSite\",\"@id\":\"https:\/\/proplaystore.lu\/#website\",\"url\":\"https:\/\/proplaystore.lu\/\",\"name\":\"ProPlaystore\",\"description\":\"proplaysre\",\"potentialAction\":[{\"@type\":\"SearchAction\",\"target\":{\"@type\":\"EntryPoint\",\"urlTemplate\":\"https:\/\/proplaystore.lu\/?s={search_term_string}\"},\"query-input\":{\"@type\":\"PropertyValueSpecification\",\"valueRequired\":true,\"valueName\":\"search_term_string\"}}],\"inLanguage\":\"en-US\"}]}<\/script>\n<!-- \/ Yoast SEO plugin. -->","yoast_head_json":{"title":"AMD Ryzen 5 9600X Processeur (Radeon Graphique Int\u00e9gr\u00e9, 6 Coeurs\/12 Threads, 65W TDP, Socket AM5, Cache 38Mo, jusqu'\u00e0 5.4 GHz Fr\u00e9quence Boost, Pas de Ventilateur) - ProPlaystore","robots":{"index":"index","follow":"follow","max-snippet":"max-snippet:-1","max-image-preview":"max-image-preview:large","max-video-preview":"max-video-preview:-1"},"canonical":"https:\/\/proplaystore.lu\/index.php\/produit\/amd-ryzen-5-9600x-processeur-radeon-graphique-integre-6-coeurs-12-threads-65w-tdp-socket-am5-cache-38mo-jusqua-5-4-ghz-frequence-boost-pas-de-ventilateur\/","og_locale":"en_US","og_type":"article","og_title":"AMD Ryzen 5 9600X Processeur (Radeon Graphique Int\u00e9gr\u00e9, 6 Coeurs\/12 Threads, 65W TDP, Socket AM5, Cache 38Mo, jusqu'\u00e0 5.4 GHz Fr\u00e9quence Boost, Pas de Ventilateur) - ProPlaystore","og_description":"ARCHITECTURE ZEN 5 - Le nouveau standard pour les joueurs et cr\u00e9ateurs. Profitez de performances incroyables ainsi que d'une efficacit\u00e9 \u00e9nerg\u00e9tique accrue gr\u00e2ce \u00e0 la nouvelle architecture AMD Zen 4 bas\u00e9e sur une finesse de gravure en 4 nm, une premi\u00e8re mondiale  6 C\u0152URS ET 12 THREADS - Le Ryzen 5 9600X offre des fr\u00e9quences exceptionnelles (Base 3,8 GHz \/ Boost 5,5 GHz). L'overclocking est bien s\u00fbr possible puisque l'ensemble des c\u0153urs sont d\u00e9brid\u00e9s.  DES CARACT\u00c9RISTIQUES AVANC\u00c9ES - Avec une un TDP de seulement 65W, et ses 38 MB Cache L3, le Ryzen 5 9600X est taill\u00e9 pour accomplir de grandes choses. Il dispose \u00e9galement d'une puce graphique int\u00e9gr\u00e9e AMD RDNA 2.  M\u00c9MOIRE DDR5 et PCIe 5.0 - Les processeurs Ryzen S\u00e9rie 9000 offrent les derniers technologies disponibles. Profitez du AMD EXPO pour un overclocking facile de la DDR5. B\u00e9n\u00e9ficiez du PCIe 5.0 sur le GPU ET le stockage SSD NVMe.  SOCKET AM5 - Une plateforme pens\u00e9e pour durer sur plusieurs g\u00e9n\u00e9rations. Retrouvez un large choix de cartes m\u00e8res AM5 adapt\u00e9 \u00e0 vos besoins. Les refoidisseurs AM4 restent compatibles avec AM5.","og_url":"https:\/\/proplaystore.lu\/index.php\/produit\/amd-ryzen-5-9600x-processeur-radeon-graphique-integre-6-coeurs-12-threads-65w-tdp-socket-am5-cache-38mo-jusqua-5-4-ghz-frequence-boost-pas-de-ventilateur\/","og_site_name":"ProPlaystore","article_modified_time":"2025-08-18T21:37:36+00:00","og_image":[{"width":394,"height":450,"url":"https:\/\/proplaystore.lu\/wp-content\/uploads\/2025\/08\/61RfWUr4kvL._AC_SY450_.jpg","type":"image\/jpeg"}],"twitter_card":"summary_large_image","twitter_misc":{"Est. reading time":"1 minute"},"schema":{"@context":"https:\/\/schema.org","@graph":[{"@type":"WebPage","@id":"https:\/\/proplaystore.lu\/index.php\/produit\/amd-ryzen-5-9600x-processeur-radeon-graphique-integre-6-coeurs-12-threads-65w-tdp-socket-am5-cache-38mo-jusqua-5-4-ghz-frequence-boost-pas-de-ventilateur\/","url":"https:\/\/proplaystore.lu\/index.php\/produit\/amd-ryzen-5-9600x-processeur-radeon-graphique-integre-6-coeurs-12-threads-65w-tdp-socket-am5-cache-38mo-jusqua-5-4-ghz-frequence-boost-pas-de-ventilateur\/","name":"AMD Ryzen 5 9600X Processeur (Radeon Graphique Int\u00e9gr\u00e9, 6 Coeurs\/12 Threads, 65W TDP, Socket AM5, Cache 38Mo, jusqu'\u00e0 5.4 GHz Fr\u00e9quence Boost, Pas de Ventilateur) - ProPlaystore","isPartOf":{"@id":"https:\/\/proplaystore.lu\/#website"},"primaryImageOfPage":{"@id":"https:\/\/proplaystore.lu\/index.php\/produit\/amd-ryzen-5-9600x-processeur-radeon-graphique-integre-6-coeurs-12-threads-65w-tdp-socket-am5-cache-38mo-jusqua-5-4-ghz-frequence-boost-pas-de-ventilateur\/#primaryimage"},"image":{"@id":"https:\/\/proplaystore.lu\/index.php\/produit\/amd-ryzen-5-9600x-processeur-radeon-graphique-integre-6-coeurs-12-threads-65w-tdp-socket-am5-cache-38mo-jusqua-5-4-ghz-frequence-boost-pas-de-ventilateur\/#primaryimage"},"thumbnailUrl":"https:\/\/proplaystore.lu\/wp-content\/uploads\/2025\/08\/61RfWUr4kvL._AC_SY450_.jpg","datePublished":"2025-08-17T20:30:18+00:00","dateModified":"2025-08-18T21:37:36+00:00","breadcrumb":{"@id":"https:\/\/proplaystore.lu\/index.php\/produit\/amd-ryzen-5-9600x-processeur-radeon-graphique-integre-6-coeurs-12-threads-65w-tdp-socket-am5-cache-38mo-jusqua-5-4-ghz-frequence-boost-pas-de-ventilateur\/#breadcrumb"},"inLanguage":"en-US","potentialAction":[{"@type":"ReadAction","target":["https:\/\/proplaystore.lu\/index.php\/produit\/amd-ryzen-5-9600x-processeur-radeon-graphique-integre-6-coeurs-12-threads-65w-tdp-socket-am5-cache-38mo-jusqua-5-4-ghz-frequence-boost-pas-de-ventilateur\/"]}]},{"@type":"ImageObject","inLanguage":"en-US","@id":"https:\/\/proplaystore.lu\/index.php\/produit\/amd-ryzen-5-9600x-processeur-radeon-graphique-integre-6-coeurs-12-threads-65w-tdp-socket-am5-cache-38mo-jusqua-5-4-ghz-frequence-boost-pas-de-ventilateur\/#primaryimage","url":"https:\/\/proplaystore.lu\/wp-content\/uploads\/2025\/08\/61RfWUr4kvL._AC_SY450_.jpg","contentUrl":"https:\/\/proplaystore.lu\/wp-content\/uploads\/2025\/08\/61RfWUr4kvL._AC_SY450_.jpg","width":394,"height":450},{"@type":"BreadcrumbList","@id":"https:\/\/proplaystore.lu\/index.php\/produit\/amd-ryzen-5-9600x-processeur-radeon-graphique-integre-6-coeurs-12-threads-65w-tdp-socket-am5-cache-38mo-jusqua-5-4-ghz-frequence-boost-pas-de-ventilateur\/#breadcrumb","itemListElement":[{"@type":"ListItem","position":1,"name":"Accueil","item":"https:\/\/proplaystore.lu\/"},{"@type":"ListItem","position":2,"name":"Shop","item":"https:\/\/proplaystore.lu\/index.php\/shop\/"},{"@type":"ListItem","position":3,"name":"AMD Ryzen 5 9600X Processeur (Radeon Graphique Int\u00e9gr\u00e9, 6 Coeurs\/12 Threads, 65W TDP, Socket AM5, Cache 38Mo, jusqu&#8217;\u00e0 5.4 GHz Fr\u00e9quence Boost, Pas de Ventilateur)"}]},{"@type":"WebSite","@id":"https:\/\/proplaystore.lu\/#website","url":"https:\/\/proplaystore.lu\/","name":"ProPlaystore","description":"proplaysre","potentialAction":[{"@type":"SearchAction","target":{"@type":"EntryPoint","urlTemplate":"https:\/\/proplaystore.lu\/?s={search_term_string}"},"query-input":{"@type":"PropertyValueSpecification","valueRequired":true,"valueName":"search_term_string"}}],"inLanguage":"en-US"}]}},"_links":{"self":[{"href":"https:\/\/proplaystore.lu\/index.php\/wp-json\/wp\/v2\/product\/7660","targetHints":{"allow":["GET"]}}],"collection":[{"href":"https:\/\/proplaystore.lu\/index.php\/wp-json\/wp\/v2\/product"}],"about":[{"href":"https:\/\/proplaystore.lu\/index.php\/wp-json\/wp\/v2\/types\/product"}],"replies":[{"embeddable":true,"href":"https:\/\/proplaystore.lu\/index.php\/wp-json\/wp\/v2\/comments?post=7660"}],"wp:featuredmedia":[{"embeddable":true,"href":"https:\/\/proplaystore.lu\/index.php\/wp-json\/wp\/v2\/media\/7662"}],"wp:attachment":[{"href":"https:\/\/proplaystore.lu\/index.php\/wp-json\/wp\/v2\/media?parent=7660"}],"wp:term":[{"taxonomy":"product_brand","embeddable":true,"href":"https:\/\/proplaystore.lu\/index.php\/wp-json\/wp\/v2\/product_brand?post=7660"},{"taxonomy":"product_cat","embeddable":true,"href":"https:\/\/proplaystore.lu\/index.php\/wp-json\/wp\/v2\/product_cat?post=7660"},{"taxonomy":"product_tag","embeddable":true,"href":"https:\/\/proplaystore.lu\/index.php\/wp-json\/wp\/v2\/product_tag?post=7660"}],"curies":[{"name":"wp","href":"https:\/\/api.w.org\/{rel}","templated":true}]}}