{"id":7672,"date":"2025-08-17T20:36:51","date_gmt":"2025-08-17T20:36:51","guid":{"rendered":"https:\/\/proplaystore.lu\/?post_type=product&#038;p=7672"},"modified":"2025-08-18T21:31:29","modified_gmt":"2025-08-18T21:31:29","slug":"intel-core-i7-12700kf-processeur-pour-pc-de-bureau-12-coeurs-8p4e-jusqua-50-ghz-lga1700-chipset-serie-600-125-w","status":"publish","type":"product","link":"https:\/\/proplaystore.lu\/index.php\/produit\/intel-core-i7-12700kf-processeur-pour-pc-de-bureau-12-coeurs-8p4e-jusqua-50-ghz-lga1700-chipset-serie-600-125-w\/","title":{"rendered":"Intel\u00ae Core\u2122 i7-12700KF, processeur pour PC de Bureau, 12 c\u0153urs (8P+4E) jusqu&#8217;\u00e0 5,0 GHz, LGA1700 chipset s\u00e9rie 600 125 W"},"content":{"rendered":"<h2 data-start=\"1558\" data-end=\"1580\"><strong data-start=\"1561\" data-end=\"1580\">Fiche technique<\/strong><\/h2>\n<table class=\"a-normal a-spacing-micro\" role=\"list\">\n<tbody>\n<tr class=\"a-spacing-small po-brand\" role=\"listitem\">\n<td class=\"a-span3\" role=\"presentation\"><span class=\"a-size-base a-text-bold\">Marque<\/span><\/td>\n<td class=\"a-span9\" role=\"presentation\"><span class=\"a-size-base po-break-word\">Intel<\/span><\/td>\n<\/tr>\n<tr class=\"a-spacing-small po-cpu_model.manufacturer\" role=\"listitem\">\n<td class=\"a-span3\" role=\"presentation\"><span class=\"a-size-base a-text-bold\">Fabricant de CPU<\/span><\/td>\n<td class=\"a-span9\" role=\"presentation\"><span class=\"a-size-base po-break-word\">Intel<\/span><\/td>\n<\/tr>\n<tr class=\"a-spacing-small po-cpu_model.family\" role=\"listitem\">\n<td class=\"a-span3\" role=\"presentation\"><span class=\"a-size-base a-text-bold\">Mod\u00e8le du\u00a0CPU<\/span><\/td>\n<td class=\"a-span9\" role=\"presentation\"><span class=\"a-size-base po-break-word\">Core i7<\/span><\/td>\n<\/tr>\n<tr class=\"a-spacing-small po-cpu_model.speed\" role=\"listitem\">\n<td class=\"a-span3\" role=\"presentation\"><span class=\"a-size-base a-text-bold\">Vitesse du CPU<\/span><\/td>\n<td class=\"a-span9\" role=\"presentation\"><span class=\"a-size-base po-break-word\">3,6 GHz<\/span><\/td>\n<\/tr>\n<tr class=\"a-spacing-small po-cpu_model.socket\" role=\"listitem\">\n<td class=\"a-span3\" role=\"presentation\"><span class=\"a-size-base a-text-bold\">Socket du CPU<\/span><\/td>\n<td class=\"a-span9\" role=\"presentation\"><span class=\"a-size-base po-break-word\">LGA 1700<\/span><\/td>\n<\/tr>\n<tr class=\"a-spacing-small po-platform\" role=\"listitem\">\n<td class=\"a-span3\" role=\"presentation\"><span class=\"a-size-base a-text-bold\">Plateforme<\/span><\/td>\n<td class=\"a-span9\" role=\"presentation\"><span class=\"a-size-base po-break-word\">Windows 10<\/span><\/td>\n<\/tr>\n<tr class=\"a-spacing-small po-secondary_cache\" role=\"listitem\">\n<td class=\"a-span3\" role=\"presentation\"><span class=\"a-size-base a-text-bold\">Cache secondaire<\/span><\/td>\n<td class=\"a-span9\" role=\"presentation\"><span class=\"a-size-base po-break-word\">20 MB<\/span><\/td>\n<\/tr>\n<tr class=\"a-spacing-small po-wattage\" role=\"listitem\">\n<td class=\"a-span3\" role=\"presentation\"><span class=\"a-size-base a-text-bold\">Puissance<\/span><\/td>\n<td class=\"a-span9\" role=\"presentation\"><span class=\"a-size-base po-break-word\">125 Watts<\/span><\/td>\n<\/tr>\n<tr class=\"a-spacing-small po-cache_memory.installed_size\" role=\"listitem\">\n<td class=\"a-span3\" role=\"presentation\"><span class=\"a-size-base a-text-bold\">Taille du cache<\/span><\/td>\n<td class=\"a-span9\" role=\"presentation\"><span class=\"a-size-base po-break-word\">25 Modificateur inconnu<\/span><\/td>\n<\/tr>\n<tr class=\"a-spacing-small po-processor_count\" role=\"listitem\">\n<td class=\"a-span3\" role=\"presentation\"><span class=\"a-size-base a-text-bold\">Nombre de processeurs<\/span><\/td>\n<td class=\"a-span9\" role=\"presentation\"><span class=\"a-size-base po-break-word\">1<\/span><\/td>\n<\/tr>\n<\/tbody>\n<\/table>\n<p>&nbsp;<\/p>\n<p>&nbsp;<\/p>\n<p>&nbsp;<\/p>\n<p>&nbsp;<\/p>\n<p>&nbsp;<\/p>\n<p>&nbsp;<\/p>\n<p>&nbsp;<\/p>\n","protected":false},"excerpt":{"rendered":"<ul class=\"a-unordered-list a-vertical\">\n<li class=\"a-spacing-mini\"><span class=\"a-list-item\">Processeur Intel Core i7-12700KF de 12\u1d49 g\u00e9n\u00e9ration d\u00e9bloqu\u00e9 pour PC de bureau, sans unit\u00e9 graphique.<\/span><\/li>\n<li class=\"a-spacing-mini\"><span class=\"a-list-item\">Les processeurs Intel Core de 12\u1d49 g\u00e9n\u00e9ration d\u00e9bloqu\u00e9s pour PC de bureau sont dot\u00e9s de la technologie Intel Turbo Boost Max 3.0 et prennent en charge PCIe 5.0 et 4.0, ainsi que les m\u00e9moires DDR5 et DDR4.<\/span><\/li>\n<li class=\"a-spacing-mini\"><span class=\"a-list-item\">Ils sont optimis\u00e9s pour offrir aux passionn\u00e9s de jeux vid\u00e9o et cr\u00e9ateurs professionnels des possibilit\u00e9s d&#8217;overclocking hautes performances pour booster votre ordinateur.<\/span><\/li>\n<li class=\"a-spacing-mini\"><span class=\"a-list-item\">Carte graphique d\u00e9di\u00e9e requise.<\/span><\/li>\n<li class=\"a-spacing-mini\"><span class=\"a-list-item\">La solution thermique n&#8217;est PAS incluse. Compatible avec les cartes m\u00e8res bas\u00e9es sur le chipset s\u00e9rie 600 125 W.<\/span><\/li>\n<li class=\"a-spacing-mini\"><\/li>\n<\/ul>\n","protected":false},"featured_media":7675,"comment_status":"open","ping_status":"closed","template":"","meta":[],"product_brand":[],"product_cat":[65],"product_tag":[77],"class_list":{"0":"post-7672","1":"product","2":"type-product","3":"status-publish","4":"has-post-thumbnail","6":"product_cat-processeur","7":"product_tag-cpu","9":"first","10":"instock","11":"shipping-taxable","12":"purchasable","13":"product-type-simple"},"yoast_head":"<!-- This site is optimized with the Yoast SEO plugin v26.4 - https:\/\/yoast.com\/wordpress\/plugins\/seo\/ -->\n<title>Intel\u00ae Core\u2122 i7-12700KF, processeur pour PC de Bureau, 12 c\u0153urs (8P+4E) jusqu&#039;\u00e0 5,0 GHz, LGA1700 chipset s\u00e9rie 600 125 W - ProPlaystore<\/title>\n<meta name=\"robots\" content=\"index, follow, max-snippet:-1, max-image-preview:large, max-video-preview:-1\" \/>\n<link rel=\"canonical\" href=\"https:\/\/proplaystore.lu\/index.php\/produit\/intel-core-i7-12700kf-processeur-pour-pc-de-bureau-12-coeurs-8p4e-jusqua-50-ghz-lga1700-chipset-serie-600-125-w\/\" \/>\n<meta property=\"og:locale\" content=\"en_US\" \/>\n<meta property=\"og:type\" content=\"article\" \/>\n<meta property=\"og:title\" content=\"Intel\u00ae Core\u2122 i7-12700KF, processeur pour PC de Bureau, 12 c\u0153urs (8P+4E) jusqu&#039;\u00e0 5,0 GHz, LGA1700 chipset s\u00e9rie 600 125 W - ProPlaystore\" \/>\n<meta property=\"og:description\" content=\"Processeur Intel Core i7-12700KF de 12\u1d49 g\u00e9n\u00e9ration d\u00e9bloqu\u00e9 pour PC de bureau, sans unit\u00e9 graphique.  Les processeurs Intel Core de 12\u1d49 g\u00e9n\u00e9ration d\u00e9bloqu\u00e9s pour PC de bureau sont dot\u00e9s de la technologie Intel Turbo Boost Max 3.0 et prennent en charge PCIe 5.0 et 4.0, ainsi que les m\u00e9moires DDR5 et DDR4.  Ils sont optimis\u00e9s pour offrir aux passionn\u00e9s de jeux vid\u00e9o et cr\u00e9ateurs professionnels des possibilit\u00e9s d&#039;overclocking hautes performances pour booster votre ordinateur.  Carte graphique d\u00e9di\u00e9e requise.  La solution thermique n&#039;est PAS incluse. Compatible avec les cartes m\u00e8res bas\u00e9es sur le chipset s\u00e9rie 600 125 W.\" \/>\n<meta property=\"og:url\" content=\"https:\/\/proplaystore.lu\/index.php\/produit\/intel-core-i7-12700kf-processeur-pour-pc-de-bureau-12-coeurs-8p4e-jusqua-50-ghz-lga1700-chipset-serie-600-125-w\/\" \/>\n<meta property=\"og:site_name\" content=\"ProPlaystore\" \/>\n<meta property=\"article:modified_time\" content=\"2025-08-18T21:31:29+00:00\" \/>\n<meta property=\"og:image\" content=\"https:\/\/proplaystore.lu\/wp-content\/uploads\/2025\/08\/51S-BhrxT6L._AC_SX425_.jpg\" \/>\n\t<meta property=\"og:image:width\" content=\"425\" \/>\n\t<meta property=\"og:image:height\" content=\"505\" \/>\n\t<meta property=\"og:image:type\" content=\"image\/jpeg\" \/>\n<meta name=\"twitter:card\" content=\"summary_large_image\" \/>\n<meta name=\"twitter:label1\" content=\"Est. reading time\" \/>\n\t<meta name=\"twitter:data1\" content=\"1 minute\" \/>\n<script type=\"application\/ld+json\" class=\"yoast-schema-graph\">{\"@context\":\"https:\/\/schema.org\",\"@graph\":[{\"@type\":\"WebPage\",\"@id\":\"https:\/\/proplaystore.lu\/index.php\/produit\/intel-core-i7-12700kf-processeur-pour-pc-de-bureau-12-coeurs-8p4e-jusqua-50-ghz-lga1700-chipset-serie-600-125-w\/\",\"url\":\"https:\/\/proplaystore.lu\/index.php\/produit\/intel-core-i7-12700kf-processeur-pour-pc-de-bureau-12-coeurs-8p4e-jusqua-50-ghz-lga1700-chipset-serie-600-125-w\/\",\"name\":\"Intel\u00ae Core\u2122 i7-12700KF, processeur pour PC de Bureau, 12 c\u0153urs (8P+4E) jusqu'\u00e0 5,0 GHz, LGA1700 chipset s\u00e9rie 600 125 W - ProPlaystore\",\"isPartOf\":{\"@id\":\"https:\/\/proplaystore.lu\/#website\"},\"primaryImageOfPage\":{\"@id\":\"https:\/\/proplaystore.lu\/index.php\/produit\/intel-core-i7-12700kf-processeur-pour-pc-de-bureau-12-coeurs-8p4e-jusqua-50-ghz-lga1700-chipset-serie-600-125-w\/#primaryimage\"},\"image\":{\"@id\":\"https:\/\/proplaystore.lu\/index.php\/produit\/intel-core-i7-12700kf-processeur-pour-pc-de-bureau-12-coeurs-8p4e-jusqua-50-ghz-lga1700-chipset-serie-600-125-w\/#primaryimage\"},\"thumbnailUrl\":\"https:\/\/proplaystore.lu\/wp-content\/uploads\/2025\/08\/51S-BhrxT6L._AC_SX425_.jpg\",\"datePublished\":\"2025-08-17T20:36:51+00:00\",\"dateModified\":\"2025-08-18T21:31:29+00:00\",\"breadcrumb\":{\"@id\":\"https:\/\/proplaystore.lu\/index.php\/produit\/intel-core-i7-12700kf-processeur-pour-pc-de-bureau-12-coeurs-8p4e-jusqua-50-ghz-lga1700-chipset-serie-600-125-w\/#breadcrumb\"},\"inLanguage\":\"en-US\",\"potentialAction\":[{\"@type\":\"ReadAction\",\"target\":[\"https:\/\/proplaystore.lu\/index.php\/produit\/intel-core-i7-12700kf-processeur-pour-pc-de-bureau-12-coeurs-8p4e-jusqua-50-ghz-lga1700-chipset-serie-600-125-w\/\"]}]},{\"@type\":\"ImageObject\",\"inLanguage\":\"en-US\",\"@id\":\"https:\/\/proplaystore.lu\/index.php\/produit\/intel-core-i7-12700kf-processeur-pour-pc-de-bureau-12-coeurs-8p4e-jusqua-50-ghz-lga1700-chipset-serie-600-125-w\/#primaryimage\",\"url\":\"https:\/\/proplaystore.lu\/wp-content\/uploads\/2025\/08\/51S-BhrxT6L._AC_SX425_.jpg\",\"contentUrl\":\"https:\/\/proplaystore.lu\/wp-content\/uploads\/2025\/08\/51S-BhrxT6L._AC_SX425_.jpg\",\"width\":425,\"height\":505},{\"@type\":\"BreadcrumbList\",\"@id\":\"https:\/\/proplaystore.lu\/index.php\/produit\/intel-core-i7-12700kf-processeur-pour-pc-de-bureau-12-coeurs-8p4e-jusqua-50-ghz-lga1700-chipset-serie-600-125-w\/#breadcrumb\",\"itemListElement\":[{\"@type\":\"ListItem\",\"position\":1,\"name\":\"Accueil\",\"item\":\"https:\/\/proplaystore.lu\/\"},{\"@type\":\"ListItem\",\"position\":2,\"name\":\"Shop\",\"item\":\"https:\/\/proplaystore.lu\/index.php\/shop\/\"},{\"@type\":\"ListItem\",\"position\":3,\"name\":\"Intel\u00ae Core\u2122 i7-12700KF, processeur pour PC de Bureau, 12 c\u0153urs (8P+4E) jusqu&#8217;\u00e0 5,0 GHz, LGA1700 chipset s\u00e9rie 600 125 W\"}]},{\"@type\":\"WebSite\",\"@id\":\"https:\/\/proplaystore.lu\/#website\",\"url\":\"https:\/\/proplaystore.lu\/\",\"name\":\"ProPlaystore\",\"description\":\"proplaysre\",\"potentialAction\":[{\"@type\":\"SearchAction\",\"target\":{\"@type\":\"EntryPoint\",\"urlTemplate\":\"https:\/\/proplaystore.lu\/?s={search_term_string}\"},\"query-input\":{\"@type\":\"PropertyValueSpecification\",\"valueRequired\":true,\"valueName\":\"search_term_string\"}}],\"inLanguage\":\"en-US\"}]}<\/script>\n<!-- \/ Yoast SEO plugin. -->","yoast_head_json":{"title":"Intel\u00ae Core\u2122 i7-12700KF, processeur pour PC de Bureau, 12 c\u0153urs (8P+4E) jusqu'\u00e0 5,0 GHz, LGA1700 chipset s\u00e9rie 600 125 W - ProPlaystore","robots":{"index":"index","follow":"follow","max-snippet":"max-snippet:-1","max-image-preview":"max-image-preview:large","max-video-preview":"max-video-preview:-1"},"canonical":"https:\/\/proplaystore.lu\/index.php\/produit\/intel-core-i7-12700kf-processeur-pour-pc-de-bureau-12-coeurs-8p4e-jusqua-50-ghz-lga1700-chipset-serie-600-125-w\/","og_locale":"en_US","og_type":"article","og_title":"Intel\u00ae Core\u2122 i7-12700KF, processeur pour PC de Bureau, 12 c\u0153urs (8P+4E) jusqu'\u00e0 5,0 GHz, LGA1700 chipset s\u00e9rie 600 125 W - ProPlaystore","og_description":"Processeur Intel Core i7-12700KF de 12\u1d49 g\u00e9n\u00e9ration d\u00e9bloqu\u00e9 pour PC de bureau, sans unit\u00e9 graphique.  Les processeurs Intel Core de 12\u1d49 g\u00e9n\u00e9ration d\u00e9bloqu\u00e9s pour PC de bureau sont dot\u00e9s de la technologie Intel Turbo Boost Max 3.0 et prennent en charge PCIe 5.0 et 4.0, ainsi que les m\u00e9moires DDR5 et DDR4.  Ils sont optimis\u00e9s pour offrir aux passionn\u00e9s de jeux vid\u00e9o et cr\u00e9ateurs professionnels des possibilit\u00e9s d'overclocking hautes performances pour booster votre ordinateur.  Carte graphique d\u00e9di\u00e9e requise.  La solution thermique n'est PAS incluse. Compatible avec les cartes m\u00e8res bas\u00e9es sur le chipset s\u00e9rie 600 125 W.","og_url":"https:\/\/proplaystore.lu\/index.php\/produit\/intel-core-i7-12700kf-processeur-pour-pc-de-bureau-12-coeurs-8p4e-jusqua-50-ghz-lga1700-chipset-serie-600-125-w\/","og_site_name":"ProPlaystore","article_modified_time":"2025-08-18T21:31:29+00:00","og_image":[{"width":425,"height":505,"url":"https:\/\/proplaystore.lu\/wp-content\/uploads\/2025\/08\/51S-BhrxT6L._AC_SX425_.jpg","type":"image\/jpeg"}],"twitter_card":"summary_large_image","twitter_misc":{"Est. reading time":"1 minute"},"schema":{"@context":"https:\/\/schema.org","@graph":[{"@type":"WebPage","@id":"https:\/\/proplaystore.lu\/index.php\/produit\/intel-core-i7-12700kf-processeur-pour-pc-de-bureau-12-coeurs-8p4e-jusqua-50-ghz-lga1700-chipset-serie-600-125-w\/","url":"https:\/\/proplaystore.lu\/index.php\/produit\/intel-core-i7-12700kf-processeur-pour-pc-de-bureau-12-coeurs-8p4e-jusqua-50-ghz-lga1700-chipset-serie-600-125-w\/","name":"Intel\u00ae Core\u2122 i7-12700KF, processeur pour PC de Bureau, 12 c\u0153urs (8P+4E) jusqu'\u00e0 5,0 GHz, LGA1700 chipset s\u00e9rie 600 125 W - ProPlaystore","isPartOf":{"@id":"https:\/\/proplaystore.lu\/#website"},"primaryImageOfPage":{"@id":"https:\/\/proplaystore.lu\/index.php\/produit\/intel-core-i7-12700kf-processeur-pour-pc-de-bureau-12-coeurs-8p4e-jusqua-50-ghz-lga1700-chipset-serie-600-125-w\/#primaryimage"},"image":{"@id":"https:\/\/proplaystore.lu\/index.php\/produit\/intel-core-i7-12700kf-processeur-pour-pc-de-bureau-12-coeurs-8p4e-jusqua-50-ghz-lga1700-chipset-serie-600-125-w\/#primaryimage"},"thumbnailUrl":"https:\/\/proplaystore.lu\/wp-content\/uploads\/2025\/08\/51S-BhrxT6L._AC_SX425_.jpg","datePublished":"2025-08-17T20:36:51+00:00","dateModified":"2025-08-18T21:31:29+00:00","breadcrumb":{"@id":"https:\/\/proplaystore.lu\/index.php\/produit\/intel-core-i7-12700kf-processeur-pour-pc-de-bureau-12-coeurs-8p4e-jusqua-50-ghz-lga1700-chipset-serie-600-125-w\/#breadcrumb"},"inLanguage":"en-US","potentialAction":[{"@type":"ReadAction","target":["https:\/\/proplaystore.lu\/index.php\/produit\/intel-core-i7-12700kf-processeur-pour-pc-de-bureau-12-coeurs-8p4e-jusqua-50-ghz-lga1700-chipset-serie-600-125-w\/"]}]},{"@type":"ImageObject","inLanguage":"en-US","@id":"https:\/\/proplaystore.lu\/index.php\/produit\/intel-core-i7-12700kf-processeur-pour-pc-de-bureau-12-coeurs-8p4e-jusqua-50-ghz-lga1700-chipset-serie-600-125-w\/#primaryimage","url":"https:\/\/proplaystore.lu\/wp-content\/uploads\/2025\/08\/51S-BhrxT6L._AC_SX425_.jpg","contentUrl":"https:\/\/proplaystore.lu\/wp-content\/uploads\/2025\/08\/51S-BhrxT6L._AC_SX425_.jpg","width":425,"height":505},{"@type":"BreadcrumbList","@id":"https:\/\/proplaystore.lu\/index.php\/produit\/intel-core-i7-12700kf-processeur-pour-pc-de-bureau-12-coeurs-8p4e-jusqua-50-ghz-lga1700-chipset-serie-600-125-w\/#breadcrumb","itemListElement":[{"@type":"ListItem","position":1,"name":"Accueil","item":"https:\/\/proplaystore.lu\/"},{"@type":"ListItem","position":2,"name":"Shop","item":"https:\/\/proplaystore.lu\/index.php\/shop\/"},{"@type":"ListItem","position":3,"name":"Intel\u00ae Core\u2122 i7-12700KF, processeur pour PC de Bureau, 12 c\u0153urs (8P+4E) jusqu&#8217;\u00e0 5,0 GHz, LGA1700 chipset s\u00e9rie 600 125 W"}]},{"@type":"WebSite","@id":"https:\/\/proplaystore.lu\/#website","url":"https:\/\/proplaystore.lu\/","name":"ProPlaystore","description":"proplaysre","potentialAction":[{"@type":"SearchAction","target":{"@type":"EntryPoint","urlTemplate":"https:\/\/proplaystore.lu\/?s={search_term_string}"},"query-input":{"@type":"PropertyValueSpecification","valueRequired":true,"valueName":"search_term_string"}}],"inLanguage":"en-US"}]}},"_links":{"self":[{"href":"https:\/\/proplaystore.lu\/index.php\/wp-json\/wp\/v2\/product\/7672","targetHints":{"allow":["GET"]}}],"collection":[{"href":"https:\/\/proplaystore.lu\/index.php\/wp-json\/wp\/v2\/product"}],"about":[{"href":"https:\/\/proplaystore.lu\/index.php\/wp-json\/wp\/v2\/types\/product"}],"replies":[{"embeddable":true,"href":"https:\/\/proplaystore.lu\/index.php\/wp-json\/wp\/v2\/comments?post=7672"}],"wp:featuredmedia":[{"embeddable":true,"href":"https:\/\/proplaystore.lu\/index.php\/wp-json\/wp\/v2\/media\/7675"}],"wp:attachment":[{"href":"https:\/\/proplaystore.lu\/index.php\/wp-json\/wp\/v2\/media?parent=7672"}],"wp:term":[{"taxonomy":"product_brand","embeddable":true,"href":"https:\/\/proplaystore.lu\/index.php\/wp-json\/wp\/v2\/product_brand?post=7672"},{"taxonomy":"product_cat","embeddable":true,"href":"https:\/\/proplaystore.lu\/index.php\/wp-json\/wp\/v2\/product_cat?post=7672"},{"taxonomy":"product_tag","embeddable":true,"href":"https:\/\/proplaystore.lu\/index.php\/wp-json\/wp\/v2\/product_tag?post=7672"}],"curies":[{"name":"wp","href":"https:\/\/api.w.org\/{rel}","templated":true}]}}