{"id":7683,"date":"2025-08-17T20:46:54","date_gmt":"2025-08-17T20:46:54","guid":{"rendered":"https:\/\/proplaystore.lu\/?post_type=product&#038;p=7683"},"modified":"2025-08-18T21:27:17","modified_gmt":"2025-08-18T21:27:17","slug":"intel-core-i5-14600k-3-5-5-4ghz-box","status":"publish","type":"product","link":"https:\/\/proplaystore.lu\/index.php\/produit\/intel-core-i5-14600k-3-5-5-4ghz-box\/","title":{"rendered":"Intel Core i5-14600K 3.5\/5.4GHz Box"},"content":{"rendered":"<h2 data-start=\"1558\" data-end=\"1580\"><strong data-start=\"1561\" data-end=\"1580\">Fiche technique<\/strong><\/h2>\n<table class=\"a-normal a-spacing-micro\" role=\"list\">\n<tbody>\n<tr class=\"a-spacing-small po-brand\" role=\"listitem\">\n<td class=\"a-span3\" role=\"presentation\"><span class=\"a-size-base a-text-bold\">Marque<\/span><\/td>\n<td class=\"a-span9\" role=\"presentation\"><span class=\"a-size-base po-break-word\">Intel<\/span><\/td>\n<\/tr>\n<tr class=\"a-spacing-small po-cpu_model.manufacturer\" role=\"listitem\">\n<td class=\"a-span3\" role=\"presentation\"><span class=\"a-size-base a-text-bold\">Fabricant de CPU<\/span><\/td>\n<td class=\"a-span9\" role=\"presentation\"><span class=\"a-size-base po-break-word\">Intel<\/span><\/td>\n<\/tr>\n<tr class=\"a-spacing-small po-cpu_model.family\" role=\"listitem\">\n<td class=\"a-span3\" role=\"presentation\"><span class=\"a-size-base a-text-bold\">Mod\u00e8le du\u00a0CPU<\/span><\/td>\n<td class=\"a-span9\" role=\"presentation\"><span class=\"a-size-base po-break-word\">Core i5<\/span><\/td>\n<\/tr>\n<tr class=\"a-spacing-small po-cpu_model.speed\" role=\"listitem\">\n<td class=\"a-span3\" role=\"presentation\"><span class=\"a-size-base a-text-bold\">Vitesse du CPU<\/span><\/td>\n<td class=\"a-span9\" role=\"presentation\"><span class=\"a-size-base po-break-word\">5,3 GHz<\/span><\/td>\n<\/tr>\n<tr class=\"a-spacing-small po-cpu_model.socket\" role=\"listitem\">\n<td class=\"a-span3\" role=\"presentation\"><span class=\"a-size-base a-text-bold\">Socket du CPU<\/span><\/td>\n<td class=\"a-span9\" role=\"presentation\"><span class=\"a-size-base po-break-word\">LGA 771<\/span><\/td>\n<\/tr>\n<tr class=\"a-spacing-small po-platform\" role=\"listitem\">\n<td class=\"a-span3\" role=\"presentation\"><span class=\"a-size-base a-text-bold\">Plateforme<\/span><\/td>\n<td class=\"a-span9\" role=\"presentation\"><span class=\"a-size-base po-break-word\">Windows 11<\/span><\/td>\n<\/tr>\n<tr class=\"a-spacing-small po-secondary_cache\" role=\"listitem\">\n<td class=\"a-span3\" role=\"presentation\"><span class=\"a-size-base a-text-bold\">Cache secondaire<\/span><\/td>\n<td class=\"a-span9\" role=\"presentation\"><span class=\"a-size-base po-break-word\">20<\/span><\/td>\n<\/tr>\n<tr class=\"a-spacing-small po-wattage\" role=\"listitem\">\n<td class=\"a-span3\" role=\"presentation\"><span class=\"a-size-base a-text-bold\">Puissance<\/span><\/td>\n<td class=\"a-span9\" role=\"presentation\"><span class=\"a-size-base po-break-word\">250<\/span><\/td>\n<\/tr>\n<tr class=\"a-spacing-small po-cache_memory.installed_size\" role=\"listitem\">\n<td class=\"a-span3\" role=\"presentation\"><span class=\"a-size-base a-text-bold\">Taille du cache<\/span><\/td>\n<td class=\"a-span9\" role=\"presentation\"><span class=\"a-size-base po-break-word\">152 Modificateur inconnu<\/span><\/td>\n<\/tr>\n<tr class=\"a-spacing-small po-processor_count\" role=\"listitem\">\n<td class=\"a-span3\" role=\"presentation\"><span class=\"a-size-base a-text-bold\">Nombre de processeurs<\/span><\/td>\n<td class=\"a-span9\" role=\"presentation\"><span class=\"a-size-base po-break-word\">14<\/span><\/td>\n<\/tr>\n<\/tbody>\n<\/table>\n<p>&nbsp;<\/p>\n<p>&nbsp;<\/p>\n<p>&nbsp;<\/p>\n<p>&nbsp;<\/p>\n<p>&nbsp;<\/p>\n<p>&nbsp;<\/p>\n<p>&nbsp;<\/p>\n<p>&nbsp;<\/p>\n<p>&nbsp;<\/p>\n","protected":false},"excerpt":{"rendered":"<ul class=\"a-unordered-list a-vertical\">\n<li class=\"a-spacing-mini\"><span class=\"a-list-item\">Soyez tout ce que vous voulez \u00eatre, dans le jeu et \u00e0 l&#8217;ext\u00e9rieur avec des performances optimis\u00e9es et de nouvelles fonctionnalit\u00e9s. Jouez plus dur et travaillez plus intelligemment avec les processeurs Intel Core 14e g\u00e9n\u00e9ration<\/span><\/li>\n<li class=\"a-spacing-mini\"><span class=\"a-list-item\">14 noyaux (6 P-core + 8 E-cores) et 20 fils. Carte graphique Intel UHD 770 int\u00e9gr\u00e9e incluse<\/span><\/li>\n<li class=\"a-spacing-mini\"><span class=\"a-list-item\">Fr\u00e9quence turbo maximale jusqu&#8217;\u00e0 5,3 GHz<\/span><\/li>\n<li class=\"a-spacing-mini\"><span class=\"a-list-item\">Compatible avec les cartes m\u00e8res Intel s\u00e9rie 600 (avec mise \u00e0 jour potentielle du BIOS) ou les cartes m\u00e8res bas\u00e9es sur chipset s\u00e9rie 700<\/span><\/li>\n<li class=\"a-spacing-mini\"><span class=\"a-list-item\">La prise en charge de la plate-forme DDR4 et DDR5 r\u00e9duit vos temps de charge et vous donne l&#8217;espace n\u00e9cessaire pour ex\u00e9cuter les jeux les plus exigeants<\/span><\/li>\n<\/ul>\n","protected":false},"featured_media":7681,"comment_status":"open","ping_status":"closed","template":"","meta":[],"product_brand":[],"product_cat":[65],"product_tag":[77,78],"class_list":{"0":"post-7683","1":"product","2":"type-product","3":"status-publish","4":"has-post-thumbnail","6":"product_cat-processeur","7":"product_tag-cpu","8":"product_tag-intel","10":"first","11":"instock","12":"shipping-taxable","13":"purchasable","14":"product-type-simple"},"yoast_head":"<!-- This site is optimized with the Yoast SEO plugin v26.4 - https:\/\/yoast.com\/wordpress\/plugins\/seo\/ -->\n<title>Intel Core i5-14600K 3.5\/5.4GHz Box - ProPlaystore<\/title>\n<meta name=\"robots\" content=\"index, follow, max-snippet:-1, max-image-preview:large, max-video-preview:-1\" \/>\n<link rel=\"canonical\" href=\"https:\/\/proplaystore.lu\/index.php\/produit\/intel-core-i5-14600k-3-5-5-4ghz-box\/\" \/>\n<meta property=\"og:locale\" content=\"en_US\" \/>\n<meta property=\"og:type\" content=\"article\" \/>\n<meta property=\"og:title\" content=\"Intel Core i5-14600K 3.5\/5.4GHz Box - ProPlaystore\" \/>\n<meta property=\"og:description\" content=\"Soyez tout ce que vous voulez \u00eatre, dans le jeu et \u00e0 l&#039;ext\u00e9rieur avec des performances optimis\u00e9es et de nouvelles fonctionnalit\u00e9s. Jouez plus dur et travaillez plus intelligemment avec les processeurs Intel Core 14e g\u00e9n\u00e9ration  14 noyaux (6 P-core + 8 E-cores) et 20 fils. Carte graphique Intel UHD 770 int\u00e9gr\u00e9e incluse  Fr\u00e9quence turbo maximale jusqu&#039;\u00e0 5,3 GHz  Compatible avec les cartes m\u00e8res Intel s\u00e9rie 600 (avec mise \u00e0 jour potentielle du BIOS) ou les cartes m\u00e8res bas\u00e9es sur chipset s\u00e9rie 700  La prise en charge de la plate-forme DDR4 et DDR5 r\u00e9duit vos temps de charge et vous donne l&#039;espace n\u00e9cessaire pour ex\u00e9cuter les jeux les plus exigeants\" \/>\n<meta property=\"og:url\" content=\"https:\/\/proplaystore.lu\/index.php\/produit\/intel-core-i5-14600k-3-5-5-4ghz-box\/\" \/>\n<meta property=\"og:site_name\" content=\"ProPlaystore\" \/>\n<meta property=\"article:modified_time\" content=\"2025-08-18T21:27:17+00:00\" \/>\n<meta property=\"og:image\" content=\"https:\/\/proplaystore.lu\/wp-content\/uploads\/2025\/08\/51OCUBvjaL._AC_SX425_.jpg\" \/>\n\t<meta property=\"og:image:width\" content=\"425\" \/>\n\t<meta property=\"og:image:height\" content=\"485\" \/>\n\t<meta property=\"og:image:type\" content=\"image\/jpeg\" \/>\n<meta name=\"twitter:card\" content=\"summary_large_image\" \/>\n<meta name=\"twitter:label1\" content=\"Est. reading time\" \/>\n\t<meta name=\"twitter:data1\" content=\"1 minute\" \/>\n<script type=\"application\/ld+json\" class=\"yoast-schema-graph\">{\"@context\":\"https:\/\/schema.org\",\"@graph\":[{\"@type\":\"WebPage\",\"@id\":\"https:\/\/proplaystore.lu\/index.php\/produit\/intel-core-i5-14600k-3-5-5-4ghz-box\/\",\"url\":\"https:\/\/proplaystore.lu\/index.php\/produit\/intel-core-i5-14600k-3-5-5-4ghz-box\/\",\"name\":\"Intel Core i5-14600K 3.5\/5.4GHz Box - ProPlaystore\",\"isPartOf\":{\"@id\":\"https:\/\/proplaystore.lu\/#website\"},\"primaryImageOfPage\":{\"@id\":\"https:\/\/proplaystore.lu\/index.php\/produit\/intel-core-i5-14600k-3-5-5-4ghz-box\/#primaryimage\"},\"image\":{\"@id\":\"https:\/\/proplaystore.lu\/index.php\/produit\/intel-core-i5-14600k-3-5-5-4ghz-box\/#primaryimage\"},\"thumbnailUrl\":\"https:\/\/proplaystore.lu\/wp-content\/uploads\/2025\/08\/51OCUBvjaL._AC_SX425_.jpg\",\"datePublished\":\"2025-08-17T20:46:54+00:00\",\"dateModified\":\"2025-08-18T21:27:17+00:00\",\"breadcrumb\":{\"@id\":\"https:\/\/proplaystore.lu\/index.php\/produit\/intel-core-i5-14600k-3-5-5-4ghz-box\/#breadcrumb\"},\"inLanguage\":\"en-US\",\"potentialAction\":[{\"@type\":\"ReadAction\",\"target\":[\"https:\/\/proplaystore.lu\/index.php\/produit\/intel-core-i5-14600k-3-5-5-4ghz-box\/\"]}]},{\"@type\":\"ImageObject\",\"inLanguage\":\"en-US\",\"@id\":\"https:\/\/proplaystore.lu\/index.php\/produit\/intel-core-i5-14600k-3-5-5-4ghz-box\/#primaryimage\",\"url\":\"https:\/\/proplaystore.lu\/wp-content\/uploads\/2025\/08\/51OCUBvjaL._AC_SX425_.jpg\",\"contentUrl\":\"https:\/\/proplaystore.lu\/wp-content\/uploads\/2025\/08\/51OCUBvjaL._AC_SX425_.jpg\",\"width\":425,\"height\":485},{\"@type\":\"BreadcrumbList\",\"@id\":\"https:\/\/proplaystore.lu\/index.php\/produit\/intel-core-i5-14600k-3-5-5-4ghz-box\/#breadcrumb\",\"itemListElement\":[{\"@type\":\"ListItem\",\"position\":1,\"name\":\"Accueil\",\"item\":\"https:\/\/proplaystore.lu\/\"},{\"@type\":\"ListItem\",\"position\":2,\"name\":\"Shop\",\"item\":\"https:\/\/proplaystore.lu\/index.php\/shop\/\"},{\"@type\":\"ListItem\",\"position\":3,\"name\":\"Intel Core i5-14600K 3.5\/5.4GHz Box\"}]},{\"@type\":\"WebSite\",\"@id\":\"https:\/\/proplaystore.lu\/#website\",\"url\":\"https:\/\/proplaystore.lu\/\",\"name\":\"ProPlaystore\",\"description\":\"proplaysre\",\"potentialAction\":[{\"@type\":\"SearchAction\",\"target\":{\"@type\":\"EntryPoint\",\"urlTemplate\":\"https:\/\/proplaystore.lu\/?s={search_term_string}\"},\"query-input\":{\"@type\":\"PropertyValueSpecification\",\"valueRequired\":true,\"valueName\":\"search_term_string\"}}],\"inLanguage\":\"en-US\"}]}<\/script>\n<!-- \/ Yoast SEO plugin. -->","yoast_head_json":{"title":"Intel Core i5-14600K 3.5\/5.4GHz Box - ProPlaystore","robots":{"index":"index","follow":"follow","max-snippet":"max-snippet:-1","max-image-preview":"max-image-preview:large","max-video-preview":"max-video-preview:-1"},"canonical":"https:\/\/proplaystore.lu\/index.php\/produit\/intel-core-i5-14600k-3-5-5-4ghz-box\/","og_locale":"en_US","og_type":"article","og_title":"Intel Core i5-14600K 3.5\/5.4GHz Box - ProPlaystore","og_description":"Soyez tout ce que vous voulez \u00eatre, dans le jeu et \u00e0 l'ext\u00e9rieur avec des performances optimis\u00e9es et de nouvelles fonctionnalit\u00e9s. Jouez plus dur et travaillez plus intelligemment avec les processeurs Intel Core 14e g\u00e9n\u00e9ration  14 noyaux (6 P-core + 8 E-cores) et 20 fils. Carte graphique Intel UHD 770 int\u00e9gr\u00e9e incluse  Fr\u00e9quence turbo maximale jusqu'\u00e0 5,3 GHz  Compatible avec les cartes m\u00e8res Intel s\u00e9rie 600 (avec mise \u00e0 jour potentielle du BIOS) ou les cartes m\u00e8res bas\u00e9es sur chipset s\u00e9rie 700  La prise en charge de la plate-forme DDR4 et DDR5 r\u00e9duit vos temps de charge et vous donne l'espace n\u00e9cessaire pour ex\u00e9cuter les jeux les plus exigeants","og_url":"https:\/\/proplaystore.lu\/index.php\/produit\/intel-core-i5-14600k-3-5-5-4ghz-box\/","og_site_name":"ProPlaystore","article_modified_time":"2025-08-18T21:27:17+00:00","og_image":[{"width":425,"height":485,"url":"https:\/\/proplaystore.lu\/wp-content\/uploads\/2025\/08\/51OCUBvjaL._AC_SX425_.jpg","type":"image\/jpeg"}],"twitter_card":"summary_large_image","twitter_misc":{"Est. reading time":"1 minute"},"schema":{"@context":"https:\/\/schema.org","@graph":[{"@type":"WebPage","@id":"https:\/\/proplaystore.lu\/index.php\/produit\/intel-core-i5-14600k-3-5-5-4ghz-box\/","url":"https:\/\/proplaystore.lu\/index.php\/produit\/intel-core-i5-14600k-3-5-5-4ghz-box\/","name":"Intel Core i5-14600K 3.5\/5.4GHz Box - ProPlaystore","isPartOf":{"@id":"https:\/\/proplaystore.lu\/#website"},"primaryImageOfPage":{"@id":"https:\/\/proplaystore.lu\/index.php\/produit\/intel-core-i5-14600k-3-5-5-4ghz-box\/#primaryimage"},"image":{"@id":"https:\/\/proplaystore.lu\/index.php\/produit\/intel-core-i5-14600k-3-5-5-4ghz-box\/#primaryimage"},"thumbnailUrl":"https:\/\/proplaystore.lu\/wp-content\/uploads\/2025\/08\/51OCUBvjaL._AC_SX425_.jpg","datePublished":"2025-08-17T20:46:54+00:00","dateModified":"2025-08-18T21:27:17+00:00","breadcrumb":{"@id":"https:\/\/proplaystore.lu\/index.php\/produit\/intel-core-i5-14600k-3-5-5-4ghz-box\/#breadcrumb"},"inLanguage":"en-US","potentialAction":[{"@type":"ReadAction","target":["https:\/\/proplaystore.lu\/index.php\/produit\/intel-core-i5-14600k-3-5-5-4ghz-box\/"]}]},{"@type":"ImageObject","inLanguage":"en-US","@id":"https:\/\/proplaystore.lu\/index.php\/produit\/intel-core-i5-14600k-3-5-5-4ghz-box\/#primaryimage","url":"https:\/\/proplaystore.lu\/wp-content\/uploads\/2025\/08\/51OCUBvjaL._AC_SX425_.jpg","contentUrl":"https:\/\/proplaystore.lu\/wp-content\/uploads\/2025\/08\/51OCUBvjaL._AC_SX425_.jpg","width":425,"height":485},{"@type":"BreadcrumbList","@id":"https:\/\/proplaystore.lu\/index.php\/produit\/intel-core-i5-14600k-3-5-5-4ghz-box\/#breadcrumb","itemListElement":[{"@type":"ListItem","position":1,"name":"Accueil","item":"https:\/\/proplaystore.lu\/"},{"@type":"ListItem","position":2,"name":"Shop","item":"https:\/\/proplaystore.lu\/index.php\/shop\/"},{"@type":"ListItem","position":3,"name":"Intel Core i5-14600K 3.5\/5.4GHz Box"}]},{"@type":"WebSite","@id":"https:\/\/proplaystore.lu\/#website","url":"https:\/\/proplaystore.lu\/","name":"ProPlaystore","description":"proplaysre","potentialAction":[{"@type":"SearchAction","target":{"@type":"EntryPoint","urlTemplate":"https:\/\/proplaystore.lu\/?s={search_term_string}"},"query-input":{"@type":"PropertyValueSpecification","valueRequired":true,"valueName":"search_term_string"}}],"inLanguage":"en-US"}]}},"_links":{"self":[{"href":"https:\/\/proplaystore.lu\/index.php\/wp-json\/wp\/v2\/product\/7683","targetHints":{"allow":["GET"]}}],"collection":[{"href":"https:\/\/proplaystore.lu\/index.php\/wp-json\/wp\/v2\/product"}],"about":[{"href":"https:\/\/proplaystore.lu\/index.php\/wp-json\/wp\/v2\/types\/product"}],"replies":[{"embeddable":true,"href":"https:\/\/proplaystore.lu\/index.php\/wp-json\/wp\/v2\/comments?post=7683"}],"wp:featuredmedia":[{"embeddable":true,"href":"https:\/\/proplaystore.lu\/index.php\/wp-json\/wp\/v2\/media\/7681"}],"wp:attachment":[{"href":"https:\/\/proplaystore.lu\/index.php\/wp-json\/wp\/v2\/media?parent=7683"}],"wp:term":[{"taxonomy":"product_brand","embeddable":true,"href":"https:\/\/proplaystore.lu\/index.php\/wp-json\/wp\/v2\/product_brand?post=7683"},{"taxonomy":"product_cat","embeddable":true,"href":"https:\/\/proplaystore.lu\/index.php\/wp-json\/wp\/v2\/product_cat?post=7683"},{"taxonomy":"product_tag","embeddable":true,"href":"https:\/\/proplaystore.lu\/index.php\/wp-json\/wp\/v2\/product_tag?post=7683"}],"curies":[{"name":"wp","href":"https:\/\/api.w.org\/{rel}","templated":true}]}}