{"id":7684,"date":"2025-08-17T20:49:21","date_gmt":"2025-08-17T20:49:21","guid":{"rendered":"https:\/\/proplaystore.lu\/?post_type=product&#038;p=7684"},"modified":"2025-08-18T21:25:48","modified_gmt":"2025-08-18T21:25:48","slug":"intel-core-i5-14400-processeur-de-bureau-10-coeurs-6-p-cores-4-e-cores-47-ghz","status":"publish","type":"product","link":"https:\/\/proplaystore.lu\/index.php\/produit\/intel-core-i5-14400-processeur-de-bureau-10-coeurs-6-p-cores-4-e-cores-47-ghz\/","title":{"rendered":"Intel\u00ae Core\u2122 i5-14400 Processeur de bureau 10 c\u0153urs (6 P-cores + 4 E-cores) 4,7 GHz"},"content":{"rendered":"<h2 data-start=\"1558\" data-end=\"1580\"><strong data-start=\"1561\" data-end=\"1580\">Fiche technique<\/strong><\/h2>\n<table class=\"a-normal a-spacing-micro\" role=\"list\">\n<tbody>\n<tr class=\"a-spacing-small po-brand\" role=\"listitem\">\n<td class=\"a-span3\" role=\"presentation\"><span class=\"a-size-base a-text-bold\">Marque<\/span><\/td>\n<td class=\"a-span9\" role=\"presentation\"><span class=\"a-size-base po-break-word\">Intel<\/span><\/td>\n<\/tr>\n<tr class=\"a-spacing-small po-cpu_model.manufacturer\" role=\"listitem\">\n<td class=\"a-span3\" role=\"presentation\"><span class=\"a-size-base a-text-bold\">Fabricant de CPU<\/span><\/td>\n<td class=\"a-span9\" role=\"presentation\"><span class=\"a-size-base po-break-word\">Intel<\/span><\/td>\n<\/tr>\n<tr class=\"a-spacing-small po-cpu_model.family\" role=\"listitem\">\n<td class=\"a-span3\" role=\"presentation\"><span class=\"a-size-base a-text-bold\">Mod\u00e8le du\u00a0CPU<\/span><\/td>\n<td class=\"a-span9\" role=\"presentation\"><span class=\"a-size-base po-break-word\">Core i5<\/span><\/td>\n<\/tr>\n<tr class=\"a-spacing-small po-cpu_model.speed\" role=\"listitem\">\n<td class=\"a-span3\" role=\"presentation\"><span class=\"a-size-base a-text-bold\">Vitesse du CPU<\/span><\/td>\n<td class=\"a-span9\" role=\"presentation\"><span class=\"a-size-base po-break-word\">2,9 GHz<\/span><\/td>\n<\/tr>\n<tr class=\"a-spacing-small po-cpu_model.socket\" role=\"listitem\">\n<td class=\"a-span3\" role=\"presentation\"><span class=\"a-size-base a-text-bold\">Socket du CPU<\/span><\/td>\n<td class=\"a-span9\" role=\"presentation\"><span class=\"a-size-base po-break-word\">PGA LGA1700<\/span><\/td>\n<\/tr>\n<tr class=\"a-spacing-small po-platform\" role=\"listitem\">\n<td class=\"a-span3\" role=\"presentation\"><span class=\"a-size-base a-text-bold\">Plateforme<\/span><\/td>\n<td class=\"a-span9\" role=\"presentation\"><span class=\"a-size-base po-break-word\">Toutes plates-formes<\/span><\/td>\n<\/tr>\n<tr class=\"a-spacing-small po-secondary_cache\" role=\"listitem\">\n<td class=\"a-span3\" role=\"presentation\"><span class=\"a-size-base a-text-bold\">Cache secondaire<\/span><\/td>\n<td class=\"a-span9\" role=\"presentation\"><span class=\"a-size-base po-break-word\">20 MB<\/span><\/td>\n<\/tr>\n<tr class=\"a-spacing-small po-wattage\" role=\"listitem\">\n<td class=\"a-span3\" role=\"presentation\"><span class=\"a-size-base a-text-bold\">Puissance<\/span><\/td>\n<td class=\"a-span9\" role=\"presentation\"><span class=\"a-size-base po-break-word\">65 Watts<\/span><\/td>\n<\/tr>\n<tr class=\"a-spacing-small po-cache_memory.installed_size\" role=\"listitem\">\n<td class=\"a-span3\" role=\"presentation\"><span class=\"a-size-base a-text-bold\">Taille du cache<\/span><\/td>\n<td class=\"a-span9\" role=\"presentation\"><span class=\"a-size-base po-break-word\">9,5 MB<\/span><\/td>\n<\/tr>\n<tr class=\"a-spacing-small po-processor_count\" role=\"listitem\">\n<td class=\"a-span3\" role=\"presentation\"><span class=\"a-size-base a-text-bold\">Nombre de processeurs<\/span><\/td>\n<td class=\"a-span9\" role=\"presentation\"><span class=\"a-size-base po-break-word\">10<\/span><\/td>\n<\/tr>\n<\/tbody>\n<\/table>\n<p>&nbsp;<\/p>\n<p>&nbsp;<\/p>\n<p>&nbsp;<\/p>\n<p>&nbsp;<\/p>\n<p>&nbsp;<\/p>\n<p>&nbsp;<\/p>\n<p>&nbsp;<\/p>\n<p>&nbsp;<\/p>\n<p>&nbsp;<\/p>\n<p>&nbsp;<\/p>\n","protected":false},"excerpt":{"rendered":"<ul class=\"a-unordered-list a-vertical\">\n<li class=\"a-spacing-mini\"><span class=\"a-list-item\">10 noyaux (6 P-cores + 4 E-cores) et 16 fils. Carte graphique Intel UHD 730 int\u00e9gr\u00e9e.<\/span><\/li>\n<li class=\"a-spacing-mini\"><span class=\"a-list-item\">L&#8217;architecture hybride de performance int\u00e8gre deux microarchitectures principales, priorisant et r\u00e9partissant les charges de travail pour optimiser les performances<\/span><\/li>\n<li class=\"a-spacing-mini\"><span class=\"a-list-item\">Jusqu&#8217;\u00e0 4,7 GHz d\u00e9verrouill\u00e9. Cache 20 Mo<\/span><\/li>\n<li class=\"a-spacing-mini\"><span class=\"a-list-item\">Compatible avec les cartes m\u00e8res Intel s\u00e9rie 600 (avec mise \u00e0 jour potentielle du BIOS) et les cartes m\u00e8res bas\u00e9es sur le chipset s\u00e9rie 700<\/span><\/li>\n<li class=\"a-spacing-mini\"><span class=\"a-list-item\">Prise en charge PCIe 5.0 et 4.0. Support Intel Optane Memory Solution thermique RM1 incluse.<\/span><\/li>\n<li class=\"a-spacing-mini\"><span class=\"a-list-item\">Comprend un refroidisseur Intel Laminar RM1<\/span><\/li>\n<\/ul>\n","protected":false},"featured_media":7685,"comment_status":"open","ping_status":"closed","template":"","meta":[],"product_brand":[],"product_cat":[65],"product_tag":[77,78],"class_list":{"0":"post-7684","1":"product","2":"type-product","3":"status-publish","4":"has-post-thumbnail","6":"product_cat-processeur","7":"product_tag-cpu","8":"product_tag-intel","10":"first","11":"instock","12":"shipping-taxable","13":"purchasable","14":"product-type-simple"},"yoast_head":"<!-- This site is optimized with the Yoast SEO plugin v26.4 - https:\/\/yoast.com\/wordpress\/plugins\/seo\/ -->\n<title>Intel\u00ae Core\u2122 i5-14400 Processeur de bureau 10 c\u0153urs (6 P-cores + 4 E-cores) 4,7 GHz - ProPlaystore<\/title>\n<meta name=\"robots\" content=\"index, follow, max-snippet:-1, max-image-preview:large, max-video-preview:-1\" \/>\n<link rel=\"canonical\" href=\"https:\/\/proplaystore.lu\/index.php\/produit\/intel-core-i5-14400-processeur-de-bureau-10-coeurs-6-p-cores-4-e-cores-47-ghz\/\" \/>\n<meta property=\"og:locale\" content=\"en_US\" \/>\n<meta property=\"og:type\" content=\"article\" \/>\n<meta property=\"og:title\" content=\"Intel\u00ae Core\u2122 i5-14400 Processeur de bureau 10 c\u0153urs (6 P-cores + 4 E-cores) 4,7 GHz - ProPlaystore\" \/>\n<meta property=\"og:description\" content=\"10 noyaux (6 P-cores + 4 E-cores) et 16 fils. Carte graphique Intel UHD 730 int\u00e9gr\u00e9e.  L&#039;architecture hybride de performance int\u00e8gre deux microarchitectures principales, priorisant et r\u00e9partissant les charges de travail pour optimiser les performances  Jusqu&#039;\u00e0 4,7 GHz d\u00e9verrouill\u00e9. Cache 20 Mo  Compatible avec les cartes m\u00e8res Intel s\u00e9rie 600 (avec mise \u00e0 jour potentielle du BIOS) et les cartes m\u00e8res bas\u00e9es sur le chipset s\u00e9rie 700  Prise en charge PCIe 5.0 et 4.0. Support Intel Optane Memory Solution thermique RM1 incluse.  Comprend un refroidisseur Intel Laminar RM1\" \/>\n<meta property=\"og:url\" content=\"https:\/\/proplaystore.lu\/index.php\/produit\/intel-core-i5-14400-processeur-de-bureau-10-coeurs-6-p-cores-4-e-cores-47-ghz\/\" \/>\n<meta property=\"og:site_name\" content=\"ProPlaystore\" \/>\n<meta property=\"article:modified_time\" content=\"2025-08-18T21:25:48+00:00\" \/>\n<meta property=\"og:image\" content=\"https:\/\/proplaystore.lu\/wp-content\/uploads\/2025\/08\/61LuKyXGbKL._AC_SX425_.jpg\" \/>\n\t<meta property=\"og:image:width\" content=\"425\" \/>\n\t<meta property=\"og:image:height\" content=\"468\" \/>\n\t<meta property=\"og:image:type\" content=\"image\/jpeg\" \/>\n<meta name=\"twitter:card\" content=\"summary_large_image\" \/>\n<meta name=\"twitter:label1\" content=\"Est. reading time\" \/>\n\t<meta name=\"twitter:data1\" content=\"1 minute\" \/>\n<script type=\"application\/ld+json\" class=\"yoast-schema-graph\">{\"@context\":\"https:\/\/schema.org\",\"@graph\":[{\"@type\":\"WebPage\",\"@id\":\"https:\/\/proplaystore.lu\/index.php\/produit\/intel-core-i5-14400-processeur-de-bureau-10-coeurs-6-p-cores-4-e-cores-47-ghz\/\",\"url\":\"https:\/\/proplaystore.lu\/index.php\/produit\/intel-core-i5-14400-processeur-de-bureau-10-coeurs-6-p-cores-4-e-cores-47-ghz\/\",\"name\":\"Intel\u00ae Core\u2122 i5-14400 Processeur de bureau 10 c\u0153urs (6 P-cores + 4 E-cores) 4,7 GHz - ProPlaystore\",\"isPartOf\":{\"@id\":\"https:\/\/proplaystore.lu\/#website\"},\"primaryImageOfPage\":{\"@id\":\"https:\/\/proplaystore.lu\/index.php\/produit\/intel-core-i5-14400-processeur-de-bureau-10-coeurs-6-p-cores-4-e-cores-47-ghz\/#primaryimage\"},\"image\":{\"@id\":\"https:\/\/proplaystore.lu\/index.php\/produit\/intel-core-i5-14400-processeur-de-bureau-10-coeurs-6-p-cores-4-e-cores-47-ghz\/#primaryimage\"},\"thumbnailUrl\":\"https:\/\/proplaystore.lu\/wp-content\/uploads\/2025\/08\/61LuKyXGbKL._AC_SX425_.jpg\",\"datePublished\":\"2025-08-17T20:49:21+00:00\",\"dateModified\":\"2025-08-18T21:25:48+00:00\",\"breadcrumb\":{\"@id\":\"https:\/\/proplaystore.lu\/index.php\/produit\/intel-core-i5-14400-processeur-de-bureau-10-coeurs-6-p-cores-4-e-cores-47-ghz\/#breadcrumb\"},\"inLanguage\":\"en-US\",\"potentialAction\":[{\"@type\":\"ReadAction\",\"target\":[\"https:\/\/proplaystore.lu\/index.php\/produit\/intel-core-i5-14400-processeur-de-bureau-10-coeurs-6-p-cores-4-e-cores-47-ghz\/\"]}]},{\"@type\":\"ImageObject\",\"inLanguage\":\"en-US\",\"@id\":\"https:\/\/proplaystore.lu\/index.php\/produit\/intel-core-i5-14400-processeur-de-bureau-10-coeurs-6-p-cores-4-e-cores-47-ghz\/#primaryimage\",\"url\":\"https:\/\/proplaystore.lu\/wp-content\/uploads\/2025\/08\/61LuKyXGbKL._AC_SX425_.jpg\",\"contentUrl\":\"https:\/\/proplaystore.lu\/wp-content\/uploads\/2025\/08\/61LuKyXGbKL._AC_SX425_.jpg\",\"width\":425,\"height\":468},{\"@type\":\"BreadcrumbList\",\"@id\":\"https:\/\/proplaystore.lu\/index.php\/produit\/intel-core-i5-14400-processeur-de-bureau-10-coeurs-6-p-cores-4-e-cores-47-ghz\/#breadcrumb\",\"itemListElement\":[{\"@type\":\"ListItem\",\"position\":1,\"name\":\"Accueil\",\"item\":\"https:\/\/proplaystore.lu\/\"},{\"@type\":\"ListItem\",\"position\":2,\"name\":\"Shop\",\"item\":\"https:\/\/proplaystore.lu\/index.php\/shop\/\"},{\"@type\":\"ListItem\",\"position\":3,\"name\":\"Intel\u00ae Core\u2122 i5-14400 Processeur de bureau 10 c\u0153urs (6 P-cores + 4 E-cores) 4,7 GHz\"}]},{\"@type\":\"WebSite\",\"@id\":\"https:\/\/proplaystore.lu\/#website\",\"url\":\"https:\/\/proplaystore.lu\/\",\"name\":\"ProPlaystore\",\"description\":\"proplaysre\",\"potentialAction\":[{\"@type\":\"SearchAction\",\"target\":{\"@type\":\"EntryPoint\",\"urlTemplate\":\"https:\/\/proplaystore.lu\/?s={search_term_string}\"},\"query-input\":{\"@type\":\"PropertyValueSpecification\",\"valueRequired\":true,\"valueName\":\"search_term_string\"}}],\"inLanguage\":\"en-US\"}]}<\/script>\n<!-- \/ Yoast SEO plugin. -->","yoast_head_json":{"title":"Intel\u00ae Core\u2122 i5-14400 Processeur de bureau 10 c\u0153urs (6 P-cores + 4 E-cores) 4,7 GHz - ProPlaystore","robots":{"index":"index","follow":"follow","max-snippet":"max-snippet:-1","max-image-preview":"max-image-preview:large","max-video-preview":"max-video-preview:-1"},"canonical":"https:\/\/proplaystore.lu\/index.php\/produit\/intel-core-i5-14400-processeur-de-bureau-10-coeurs-6-p-cores-4-e-cores-47-ghz\/","og_locale":"en_US","og_type":"article","og_title":"Intel\u00ae Core\u2122 i5-14400 Processeur de bureau 10 c\u0153urs (6 P-cores + 4 E-cores) 4,7 GHz - ProPlaystore","og_description":"10 noyaux (6 P-cores + 4 E-cores) et 16 fils. Carte graphique Intel UHD 730 int\u00e9gr\u00e9e.  L'architecture hybride de performance int\u00e8gre deux microarchitectures principales, priorisant et r\u00e9partissant les charges de travail pour optimiser les performances  Jusqu'\u00e0 4,7 GHz d\u00e9verrouill\u00e9. Cache 20 Mo  Compatible avec les cartes m\u00e8res Intel s\u00e9rie 600 (avec mise \u00e0 jour potentielle du BIOS) et les cartes m\u00e8res bas\u00e9es sur le chipset s\u00e9rie 700  Prise en charge PCIe 5.0 et 4.0. Support Intel Optane Memory Solution thermique RM1 incluse.  Comprend un refroidisseur Intel Laminar RM1","og_url":"https:\/\/proplaystore.lu\/index.php\/produit\/intel-core-i5-14400-processeur-de-bureau-10-coeurs-6-p-cores-4-e-cores-47-ghz\/","og_site_name":"ProPlaystore","article_modified_time":"2025-08-18T21:25:48+00:00","og_image":[{"width":425,"height":468,"url":"https:\/\/proplaystore.lu\/wp-content\/uploads\/2025\/08\/61LuKyXGbKL._AC_SX425_.jpg","type":"image\/jpeg"}],"twitter_card":"summary_large_image","twitter_misc":{"Est. reading time":"1 minute"},"schema":{"@context":"https:\/\/schema.org","@graph":[{"@type":"WebPage","@id":"https:\/\/proplaystore.lu\/index.php\/produit\/intel-core-i5-14400-processeur-de-bureau-10-coeurs-6-p-cores-4-e-cores-47-ghz\/","url":"https:\/\/proplaystore.lu\/index.php\/produit\/intel-core-i5-14400-processeur-de-bureau-10-coeurs-6-p-cores-4-e-cores-47-ghz\/","name":"Intel\u00ae Core\u2122 i5-14400 Processeur de bureau 10 c\u0153urs (6 P-cores + 4 E-cores) 4,7 GHz - ProPlaystore","isPartOf":{"@id":"https:\/\/proplaystore.lu\/#website"},"primaryImageOfPage":{"@id":"https:\/\/proplaystore.lu\/index.php\/produit\/intel-core-i5-14400-processeur-de-bureau-10-coeurs-6-p-cores-4-e-cores-47-ghz\/#primaryimage"},"image":{"@id":"https:\/\/proplaystore.lu\/index.php\/produit\/intel-core-i5-14400-processeur-de-bureau-10-coeurs-6-p-cores-4-e-cores-47-ghz\/#primaryimage"},"thumbnailUrl":"https:\/\/proplaystore.lu\/wp-content\/uploads\/2025\/08\/61LuKyXGbKL._AC_SX425_.jpg","datePublished":"2025-08-17T20:49:21+00:00","dateModified":"2025-08-18T21:25:48+00:00","breadcrumb":{"@id":"https:\/\/proplaystore.lu\/index.php\/produit\/intel-core-i5-14400-processeur-de-bureau-10-coeurs-6-p-cores-4-e-cores-47-ghz\/#breadcrumb"},"inLanguage":"en-US","potentialAction":[{"@type":"ReadAction","target":["https:\/\/proplaystore.lu\/index.php\/produit\/intel-core-i5-14400-processeur-de-bureau-10-coeurs-6-p-cores-4-e-cores-47-ghz\/"]}]},{"@type":"ImageObject","inLanguage":"en-US","@id":"https:\/\/proplaystore.lu\/index.php\/produit\/intel-core-i5-14400-processeur-de-bureau-10-coeurs-6-p-cores-4-e-cores-47-ghz\/#primaryimage","url":"https:\/\/proplaystore.lu\/wp-content\/uploads\/2025\/08\/61LuKyXGbKL._AC_SX425_.jpg","contentUrl":"https:\/\/proplaystore.lu\/wp-content\/uploads\/2025\/08\/61LuKyXGbKL._AC_SX425_.jpg","width":425,"height":468},{"@type":"BreadcrumbList","@id":"https:\/\/proplaystore.lu\/index.php\/produit\/intel-core-i5-14400-processeur-de-bureau-10-coeurs-6-p-cores-4-e-cores-47-ghz\/#breadcrumb","itemListElement":[{"@type":"ListItem","position":1,"name":"Accueil","item":"https:\/\/proplaystore.lu\/"},{"@type":"ListItem","position":2,"name":"Shop","item":"https:\/\/proplaystore.lu\/index.php\/shop\/"},{"@type":"ListItem","position":3,"name":"Intel\u00ae Core\u2122 i5-14400 Processeur de bureau 10 c\u0153urs (6 P-cores + 4 E-cores) 4,7 GHz"}]},{"@type":"WebSite","@id":"https:\/\/proplaystore.lu\/#website","url":"https:\/\/proplaystore.lu\/","name":"ProPlaystore","description":"proplaysre","potentialAction":[{"@type":"SearchAction","target":{"@type":"EntryPoint","urlTemplate":"https:\/\/proplaystore.lu\/?s={search_term_string}"},"query-input":{"@type":"PropertyValueSpecification","valueRequired":true,"valueName":"search_term_string"}}],"inLanguage":"en-US"}]}},"_links":{"self":[{"href":"https:\/\/proplaystore.lu\/index.php\/wp-json\/wp\/v2\/product\/7684","targetHints":{"allow":["GET"]}}],"collection":[{"href":"https:\/\/proplaystore.lu\/index.php\/wp-json\/wp\/v2\/product"}],"about":[{"href":"https:\/\/proplaystore.lu\/index.php\/wp-json\/wp\/v2\/types\/product"}],"replies":[{"embeddable":true,"href":"https:\/\/proplaystore.lu\/index.php\/wp-json\/wp\/v2\/comments?post=7684"}],"wp:featuredmedia":[{"embeddable":true,"href":"https:\/\/proplaystore.lu\/index.php\/wp-json\/wp\/v2\/media\/7685"}],"wp:attachment":[{"href":"https:\/\/proplaystore.lu\/index.php\/wp-json\/wp\/v2\/media?parent=7684"}],"wp:term":[{"taxonomy":"product_brand","embeddable":true,"href":"https:\/\/proplaystore.lu\/index.php\/wp-json\/wp\/v2\/product_brand?post=7684"},{"taxonomy":"product_cat","embeddable":true,"href":"https:\/\/proplaystore.lu\/index.php\/wp-json\/wp\/v2\/product_cat?post=7684"},{"taxonomy":"product_tag","embeddable":true,"href":"https:\/\/proplaystore.lu\/index.php\/wp-json\/wp\/v2\/product_tag?post=7684"}],"curies":[{"name":"wp","href":"https:\/\/api.w.org\/{rel}","templated":true}]}}