{"id":7687,"date":"2025-08-17T20:54:21","date_gmt":"2025-08-17T20:54:21","guid":{"rendered":"https:\/\/proplaystore.lu\/?post_type=product&#038;p=7687"},"modified":"2025-08-18T19:55:50","modified_gmt":"2025-08-18T19:55:50","slug":"msi-b760m-gaming-plus-wifi-carte-mere-matx-compatible-avec-les-processeurs-intel-de-14e-13e-et-12e-gen-lga-1700-ddr5-memory-boost-6800mhz-oc-1x-pcie-4-0-x16-2-x-m-2-gen4-lan-2-5g-wi-fi-6e","status":"publish","type":"product","link":"https:\/\/proplaystore.lu\/index.php\/produit\/msi-b760m-gaming-plus-wifi-carte-mere-matx-compatible-avec-les-processeurs-intel-de-14e-13e-et-12e-gen-lga-1700-ddr5-memory-boost-6800mhz-oc-1x-pcie-4-0-x16-2-x-m-2-gen4-lan-2-5g-wi-fi-6e\/","title":{"rendered":"MSI B760M Gaming Plus WiFi Carte M\u00e8re, mATX &#8211; Compatible avec Les processeurs Intel de 14e, 13e et 12e G\u00e9n, LGA 1700 &#8211; DDR5 Memory Boost 6800+MHz\/OC, 1x PCIe 4.0 x16, 2 x M.2 Gen4, LAN 2.5G, Wi-FI 6E"},"content":{"rendered":"<h2 data-start=\"1558\" data-end=\"1580\"><strong data-start=\"1561\" data-end=\"1580\">Fiche technique<\/strong><\/h2>\n<table class=\"a-normal a-spacing-micro\" role=\"list\">\n<tbody>\n<tr class=\"a-spacing-small po-brand\" role=\"listitem\">\n<td class=\"a-span3\" role=\"presentation\"><span class=\"a-size-base a-text-bold\">Marque<\/span><\/td>\n<td class=\"a-span9\" role=\"presentation\"><span class=\"a-size-base po-break-word\">MSI<\/span><\/td>\n<\/tr>\n<tr class=\"a-spacing-small po-cpu_model.socket\" role=\"listitem\">\n<td class=\"a-span3\" role=\"presentation\"><span class=\"a-size-base a-text-bold\">Socket du CPU<\/span><\/td>\n<td class=\"a-span9\" role=\"presentation\"><span class=\"a-size-base po-break-word\">LGA 1700<\/span><\/td>\n<\/tr>\n<tr class=\"a-spacing-small po-compatible_devices\" role=\"listitem\">\n<td class=\"a-span3\" role=\"presentation\"><span class=\"a-size-base a-text-bold\">Appareils compatibles<\/span><\/td>\n<td class=\"a-span9\" role=\"presentation\"><span class=\"a-size-base po-break-word\">Ordinateur personnel<\/span><\/td>\n<\/tr>\n<tr class=\"a-spacing-small po-ram_memory.technology\" role=\"listitem\">\n<td class=\"a-span3\" role=\"presentation\"><span class=\"a-size-base a-text-bold\">Technologie de m\u00e9moire RAM<\/span><\/td>\n<td class=\"a-span9\" role=\"presentation\"><span class=\"a-size-base po-break-word\">DDR5<\/span><\/td>\n<\/tr>\n<tr class=\"a-spacing-small po-compatible_processor_types\" role=\"listitem\">\n<td class=\"a-span3\" role=\"presentation\"><span class=\"a-size-base a-text-bold\">Processeurs compatibles<\/span><\/td>\n<td class=\"a-span9\" role=\"presentation\"><span class=\"a-size-base\"><span class=\"a-truncate po-truncate-attribute\" data-a-word-break=\"normal\" data-a-truncate-name=\"po-attribute-truncate-4\" data-a-max-rows=\"3\" data-a-overflow-marker=\"&amp;hellip;\" data-a-recalculate=\"false\" data-a-updated=\"true\"><span class=\"a-truncate-full a-offscreen\">Intel Celeron, Intel Core de 12e g\u00e9n\u00e9ration, Intel Core de 13e g\u00e9n\u00e9ration, Intel Core de 14e g\u00e9n\u00e9ration, Intel Pentium Gold<\/span><span class=\"a-truncate-cut\" aria-hidden=\"true\">Intel Celeron, Intel Core de 12e g\u00e9n\u00e9ration, Intel Core de 13e g\u00e9n\u00e9ration, Intel Core de 14e g\u00e9n\u00e9ration, Intel Pentium Gold<\/span><\/span><\/span><\/td>\n<\/tr>\n<tr class=\"a-spacing-small po-chipset_type\" role=\"listitem\">\n<td class=\"a-span3\" role=\"presentation\"><span class=\"a-size-base a-text-bold\">Type de chipset<\/span><\/td>\n<td class=\"a-span9\" role=\"presentation\"><span class=\"a-size-base po-break-word\">Intel B760<\/span><\/td>\n<\/tr>\n<tr class=\"a-spacing-small po-memory_clock_speed\" role=\"listitem\">\n<td class=\"a-span3\" role=\"presentation\"><span class=\"a-size-base a-text-bold\">Vitesse d&#8217;horloge de m\u00e9moire<\/span><\/td>\n<td class=\"a-span9\" role=\"presentation\"><span class=\"a-size-base po-break-word\">6800 MHz<\/span><\/td>\n<\/tr>\n<tr class=\"a-spacing-small po-platform\" role=\"listitem\">\n<td class=\"a-span3\" role=\"presentation\"><span class=\"a-size-base a-text-bold\">Plateforme<\/span><\/td>\n<td class=\"a-span9\" role=\"presentation\"><span class=\"a-size-base po-break-word\">Windows 10, Windows 11<\/span><\/td>\n<\/tr>\n<tr class=\"a-spacing-small po-model_name\" role=\"listitem\">\n<td class=\"a-span3\" role=\"presentation\"><span class=\"a-size-base a-text-bold\">Nom de mod\u00e8le<\/span><\/td>\n<td class=\"a-span9\" role=\"presentation\"><span class=\"a-size-base po-break-word\">B760M GAMING PLUS WIFI<\/span><\/td>\n<\/tr>\n<tr class=\"a-spacing-small po-cpu_model.family\" role=\"listitem\">\n<td class=\"a-span3\" role=\"presentation\"><span class=\"a-size-base a-text-bold\">Mod\u00e8le du\u00a0CPU<\/span><\/td>\n<td class=\"a-span9\" role=\"presentation\"><span class=\"a-size-base po-break-word\">Intel Core i9<\/span><\/td>\n<\/tr>\n<\/tbody>\n<\/table>\n<p>&nbsp;<\/p>\n","protected":false},"excerpt":{"rendered":"<ul class=\"a-unordered-list a-vertical\">\n<li class=\"a-spacing-mini\"><span class=\"a-list-item\">CORE DE 14E, 13E &amp; 12E GEN &#8211; La B760 GAMING PLUS WIFI (ATX) utilise une alimentation double rail (P-PAK) \u00e0 12 phases pour le chipset Intel B760 (LGA 1700, 14\u00e8me, 13\u00e8me &amp; 12\u00e8me Gen) ; Le VRM est dot\u00e9 de la technologie MSI Core Boost pour une meilleure stabilit\u00e9 et des performances accrues<\/span><\/li>\n<li class=\"a-spacing-mini\"><span class=\"a-list-item\">REFROIDISSEMENT INT\u00c9GR\u00c9 &#8211; Le refroidissement du VRM comprend des pads thermiques MOSFET de 7W\/mK et un radiateur plus large ; le refroidissement suppl\u00e9mentaire comprend le radiateur du chipset, une protection M.2 Shield Frozr, un header d\u00e9di\u00e9 pour connecter une pompe et un PCB \u00e0 6 couches avec du cuivre \u00e9paissi de 2 oz.<\/span><\/li>\n<li class=\"a-spacing-mini\"><span class=\"a-list-item\">MEMOIRE DDR5, DEUX SLOTS PCIe 4.0 x16 &#8211; 4 emplacements DIMM DDR5 avec circuit isol\u00e9 Memory Boost pour l&#8217;overclocking (1DPC 1R, 6800+ MHz) ; 2 slots PCIe 4.0 x16 (64GB\/s) prennent en charge les cartes graphiques, l&#8217;emplacement principal PCIe x16 inclut la protection Steel Armor<\/span><\/li>\n<li class=\"a-spacing-mini\"><span class=\"a-list-item\">DEUX SLOTS M.2 &#8211; Les options de stockage incluent 2 slots M.2 Gen4 x4 64 Gbit\/s avec Shield Frozr sur le slot principal pour \u00e9viter le throttling lors des acc\u00e8s ultrarapides aux disques SSD.<\/span><\/li>\n<li class=\"a-spacing-mini\"><span class=\"a-list-item\">CONNECTIVIT\u00c9 WI-FI 6E &#8211; La connectivit\u00e9 r\u00e9seau comprend un module Intel Wi-Fi 6E avec Bluetooth 5.3 et LAN 2,5 Gbit\/s ; les ports arri\u00e8re incluent USB Type-C et Type-A 3.2 Gen 2 (10 Gbit\/s), HDMI 2.1, DisplayPort 1.4 et son HD 7.1 avec Audio Boost (prend en charge la sortie S\/PDIF)<\/span><\/li>\n<li class=\"a-spacing-mini\"><\/li>\n<\/ul>\n","protected":false},"featured_media":7690,"comment_status":"open","ping_status":"closed","template":"","meta":[],"product_brand":[],"product_cat":[66],"product_tag":[79],"class_list":{"0":"post-7687","1":"product","2":"type-product","3":"status-publish","4":"has-post-thumbnail","6":"product_cat-carte-mere","7":"product_tag-carte-mere","9":"first","10":"instock","11":"shipping-taxable","12":"purchasable","13":"product-type-simple"},"yoast_head":"<!-- This site is optimized with the Yoast SEO plugin v26.4 - https:\/\/yoast.com\/wordpress\/plugins\/seo\/ -->\n<title>MSI B760M Gaming Plus WiFi Carte M\u00e8re, mATX - Compatible avec Les processeurs Intel de 14e, 13e et 12e G\u00e9n, LGA 1700 - DDR5 Memory Boost 6800+MHz\/OC, 1x PCIe 4.0 x16, 2 x M.2 Gen4, LAN 2.5G, Wi-FI 6E - ProPlaystore<\/title>\n<meta name=\"robots\" content=\"index, follow, max-snippet:-1, max-image-preview:large, max-video-preview:-1\" \/>\n<link rel=\"canonical\" href=\"https:\/\/proplaystore.lu\/index.php\/produit\/msi-b760m-gaming-plus-wifi-carte-mere-matx-compatible-avec-les-processeurs-intel-de-14e-13e-et-12e-gen-lga-1700-ddr5-memory-boost-6800mhz-oc-1x-pcie-4-0-x16-2-x-m-2-gen4-lan-2-5g-wi-fi-6e\/\" \/>\n<meta property=\"og:locale\" content=\"en_US\" \/>\n<meta property=\"og:type\" content=\"article\" \/>\n<meta property=\"og:title\" content=\"MSI B760M Gaming Plus WiFi Carte M\u00e8re, mATX - Compatible avec Les processeurs Intel de 14e, 13e et 12e G\u00e9n, LGA 1700 - DDR5 Memory Boost 6800+MHz\/OC, 1x PCIe 4.0 x16, 2 x M.2 Gen4, LAN 2.5G, Wi-FI 6E - ProPlaystore\" \/>\n<meta property=\"og:description\" content=\"CORE DE 14E, 13E &amp; 12E GEN - La B760 GAMING PLUS WIFI (ATX) utilise une alimentation double rail (P-PAK) \u00e0 12 phases pour le chipset Intel B760 (LGA 1700, 14\u00e8me, 13\u00e8me &amp; 12\u00e8me Gen) ; Le VRM est dot\u00e9 de la technologie MSI Core Boost pour une meilleure stabilit\u00e9 et des performances accrues  REFROIDISSEMENT INT\u00c9GR\u00c9 - Le refroidissement du VRM comprend des pads thermiques MOSFET de 7W\/mK et un radiateur plus large ; le refroidissement suppl\u00e9mentaire comprend le radiateur du chipset, une protection M.2 Shield Frozr, un header d\u00e9di\u00e9 pour connecter une pompe et un PCB \u00e0 6 couches avec du cuivre \u00e9paissi de 2 oz.  MEMOIRE DDR5, DEUX SLOTS PCIe 4.0 x16 - 4 emplacements DIMM DDR5 avec circuit isol\u00e9 Memory Boost pour l&#039;overclocking (1DPC 1R, 6800+ MHz) ; 2 slots PCIe 4.0 x16 (64GB\/s) prennent en charge les cartes graphiques, l&#039;emplacement principal PCIe x16 inclut la protection Steel Armor  DEUX SLOTS M.2 - Les options de stockage incluent 2 slots M.2 Gen4 x4 64 Gbit\/s avec Shield Frozr sur le slot principal pour \u00e9viter le throttling lors des acc\u00e8s ultrarapides aux disques SSD.  CONNECTIVIT\u00c9 WI-FI 6E - La connectivit\u00e9 r\u00e9seau comprend un module Intel Wi-Fi 6E avec Bluetooth 5.3 et LAN 2,5 Gbit\/s ; les ports arri\u00e8re incluent USB Type-C et Type-A 3.2 Gen 2 (10 Gbit\/s), HDMI 2.1, DisplayPort 1.4 et son HD 7.1 avec Audio Boost (prend en charge la sortie S\/PDIF)\" \/>\n<meta property=\"og:url\" content=\"https:\/\/proplaystore.lu\/index.php\/produit\/msi-b760m-gaming-plus-wifi-carte-mere-matx-compatible-avec-les-processeurs-intel-de-14e-13e-et-12e-gen-lga-1700-ddr5-memory-boost-6800mhz-oc-1x-pcie-4-0-x16-2-x-m-2-gen4-lan-2-5g-wi-fi-6e\/\" \/>\n<meta property=\"og:site_name\" content=\"ProPlaystore\" \/>\n<meta property=\"article:modified_time\" content=\"2025-08-18T19:55:50+00:00\" \/>\n<meta property=\"og:image\" content=\"https:\/\/proplaystore.lu\/wp-content\/uploads\/2025\/08\/81WWI1S4pL._AC_SX425_.jpg\" \/>\n\t<meta property=\"og:image:width\" content=\"425\" \/>\n\t<meta property=\"og:image:height\" content=\"240\" \/>\n\t<meta property=\"og:image:type\" content=\"image\/jpeg\" \/>\n<meta name=\"twitter:card\" content=\"summary_large_image\" \/>\n<meta name=\"twitter:label1\" content=\"Est. reading time\" \/>\n\t<meta name=\"twitter:data1\" content=\"1 minute\" \/>\n<script type=\"application\/ld+json\" class=\"yoast-schema-graph\">{\"@context\":\"https:\/\/schema.org\",\"@graph\":[{\"@type\":\"WebPage\",\"@id\":\"https:\/\/proplaystore.lu\/index.php\/produit\/msi-b760m-gaming-plus-wifi-carte-mere-matx-compatible-avec-les-processeurs-intel-de-14e-13e-et-12e-gen-lga-1700-ddr5-memory-boost-6800mhz-oc-1x-pcie-4-0-x16-2-x-m-2-gen4-lan-2-5g-wi-fi-6e\/\",\"url\":\"https:\/\/proplaystore.lu\/index.php\/produit\/msi-b760m-gaming-plus-wifi-carte-mere-matx-compatible-avec-les-processeurs-intel-de-14e-13e-et-12e-gen-lga-1700-ddr5-memory-boost-6800mhz-oc-1x-pcie-4-0-x16-2-x-m-2-gen4-lan-2-5g-wi-fi-6e\/\",\"name\":\"MSI B760M Gaming Plus WiFi Carte M\u00e8re, mATX - Compatible avec Les processeurs Intel de 14e, 13e et 12e G\u00e9n, LGA 1700 - DDR5 Memory Boost 6800+MHz\/OC, 1x PCIe 4.0 x16, 2 x M.2 Gen4, LAN 2.5G, Wi-FI 6E - ProPlaystore\",\"isPartOf\":{\"@id\":\"https:\/\/proplaystore.lu\/#website\"},\"primaryImageOfPage\":{\"@id\":\"https:\/\/proplaystore.lu\/index.php\/produit\/msi-b760m-gaming-plus-wifi-carte-mere-matx-compatible-avec-les-processeurs-intel-de-14e-13e-et-12e-gen-lga-1700-ddr5-memory-boost-6800mhz-oc-1x-pcie-4-0-x16-2-x-m-2-gen4-lan-2-5g-wi-fi-6e\/#primaryimage\"},\"image\":{\"@id\":\"https:\/\/proplaystore.lu\/index.php\/produit\/msi-b760m-gaming-plus-wifi-carte-mere-matx-compatible-avec-les-processeurs-intel-de-14e-13e-et-12e-gen-lga-1700-ddr5-memory-boost-6800mhz-oc-1x-pcie-4-0-x16-2-x-m-2-gen4-lan-2-5g-wi-fi-6e\/#primaryimage\"},\"thumbnailUrl\":\"https:\/\/proplaystore.lu\/wp-content\/uploads\/2025\/08\/81WWI1S4pL._AC_SX425_.jpg\",\"datePublished\":\"2025-08-17T20:54:21+00:00\",\"dateModified\":\"2025-08-18T19:55:50+00:00\",\"breadcrumb\":{\"@id\":\"https:\/\/proplaystore.lu\/index.php\/produit\/msi-b760m-gaming-plus-wifi-carte-mere-matx-compatible-avec-les-processeurs-intel-de-14e-13e-et-12e-gen-lga-1700-ddr5-memory-boost-6800mhz-oc-1x-pcie-4-0-x16-2-x-m-2-gen4-lan-2-5g-wi-fi-6e\/#breadcrumb\"},\"inLanguage\":\"en-US\",\"potentialAction\":[{\"@type\":\"ReadAction\",\"target\":[\"https:\/\/proplaystore.lu\/index.php\/produit\/msi-b760m-gaming-plus-wifi-carte-mere-matx-compatible-avec-les-processeurs-intel-de-14e-13e-et-12e-gen-lga-1700-ddr5-memory-boost-6800mhz-oc-1x-pcie-4-0-x16-2-x-m-2-gen4-lan-2-5g-wi-fi-6e\/\"]}]},{\"@type\":\"ImageObject\",\"inLanguage\":\"en-US\",\"@id\":\"https:\/\/proplaystore.lu\/index.php\/produit\/msi-b760m-gaming-plus-wifi-carte-mere-matx-compatible-avec-les-processeurs-intel-de-14e-13e-et-12e-gen-lga-1700-ddr5-memory-boost-6800mhz-oc-1x-pcie-4-0-x16-2-x-m-2-gen4-lan-2-5g-wi-fi-6e\/#primaryimage\",\"url\":\"https:\/\/proplaystore.lu\/wp-content\/uploads\/2025\/08\/81WWI1S4pL._AC_SX425_.jpg\",\"contentUrl\":\"https:\/\/proplaystore.lu\/wp-content\/uploads\/2025\/08\/81WWI1S4pL._AC_SX425_.jpg\",\"width\":425,\"height\":240},{\"@type\":\"BreadcrumbList\",\"@id\":\"https:\/\/proplaystore.lu\/index.php\/produit\/msi-b760m-gaming-plus-wifi-carte-mere-matx-compatible-avec-les-processeurs-intel-de-14e-13e-et-12e-gen-lga-1700-ddr5-memory-boost-6800mhz-oc-1x-pcie-4-0-x16-2-x-m-2-gen4-lan-2-5g-wi-fi-6e\/#breadcrumb\",\"itemListElement\":[{\"@type\":\"ListItem\",\"position\":1,\"name\":\"Accueil\",\"item\":\"https:\/\/proplaystore.lu\/\"},{\"@type\":\"ListItem\",\"position\":2,\"name\":\"Shop\",\"item\":\"https:\/\/proplaystore.lu\/index.php\/shop\/\"},{\"@type\":\"ListItem\",\"position\":3,\"name\":\"MSI B760M Gaming Plus WiFi Carte M\u00e8re, mATX &#8211; Compatible avec Les processeurs Intel de 14e, 13e et 12e G\u00e9n, LGA 1700 &#8211; DDR5 Memory Boost 6800+MHz\/OC, 1x PCIe 4.0 x16, 2 x M.2 Gen4, LAN 2.5G, Wi-FI 6E\"}]},{\"@type\":\"WebSite\",\"@id\":\"https:\/\/proplaystore.lu\/#website\",\"url\":\"https:\/\/proplaystore.lu\/\",\"name\":\"ProPlaystore\",\"description\":\"proplaysre\",\"potentialAction\":[{\"@type\":\"SearchAction\",\"target\":{\"@type\":\"EntryPoint\",\"urlTemplate\":\"https:\/\/proplaystore.lu\/?s={search_term_string}\"},\"query-input\":{\"@type\":\"PropertyValueSpecification\",\"valueRequired\":true,\"valueName\":\"search_term_string\"}}],\"inLanguage\":\"en-US\"}]}<\/script>\n<!-- \/ Yoast SEO plugin. -->","yoast_head_json":{"title":"MSI B760M Gaming Plus WiFi Carte M\u00e8re, mATX - Compatible avec Les processeurs Intel de 14e, 13e et 12e G\u00e9n, LGA 1700 - DDR5 Memory Boost 6800+MHz\/OC, 1x PCIe 4.0 x16, 2 x M.2 Gen4, LAN 2.5G, Wi-FI 6E - ProPlaystore","robots":{"index":"index","follow":"follow","max-snippet":"max-snippet:-1","max-image-preview":"max-image-preview:large","max-video-preview":"max-video-preview:-1"},"canonical":"https:\/\/proplaystore.lu\/index.php\/produit\/msi-b760m-gaming-plus-wifi-carte-mere-matx-compatible-avec-les-processeurs-intel-de-14e-13e-et-12e-gen-lga-1700-ddr5-memory-boost-6800mhz-oc-1x-pcie-4-0-x16-2-x-m-2-gen4-lan-2-5g-wi-fi-6e\/","og_locale":"en_US","og_type":"article","og_title":"MSI B760M Gaming Plus WiFi Carte M\u00e8re, mATX - Compatible avec Les processeurs Intel de 14e, 13e et 12e G\u00e9n, LGA 1700 - DDR5 Memory Boost 6800+MHz\/OC, 1x PCIe 4.0 x16, 2 x M.2 Gen4, LAN 2.5G, Wi-FI 6E - ProPlaystore","og_description":"CORE DE 14E, 13E &amp; 12E GEN - La B760 GAMING PLUS WIFI (ATX) utilise une alimentation double rail (P-PAK) \u00e0 12 phases pour le chipset Intel B760 (LGA 1700, 14\u00e8me, 13\u00e8me &amp; 12\u00e8me Gen) ; Le VRM est dot\u00e9 de la technologie MSI Core Boost pour une meilleure stabilit\u00e9 et des performances accrues  REFROIDISSEMENT INT\u00c9GR\u00c9 - Le refroidissement du VRM comprend des pads thermiques MOSFET de 7W\/mK et un radiateur plus large ; le refroidissement suppl\u00e9mentaire comprend le radiateur du chipset, une protection M.2 Shield Frozr, un header d\u00e9di\u00e9 pour connecter une pompe et un PCB \u00e0 6 couches avec du cuivre \u00e9paissi de 2 oz.  MEMOIRE DDR5, DEUX SLOTS PCIe 4.0 x16 - 4 emplacements DIMM DDR5 avec circuit isol\u00e9 Memory Boost pour l'overclocking (1DPC 1R, 6800+ MHz) ; 2 slots PCIe 4.0 x16 (64GB\/s) prennent en charge les cartes graphiques, l'emplacement principal PCIe x16 inclut la protection Steel Armor  DEUX SLOTS M.2 - Les options de stockage incluent 2 slots M.2 Gen4 x4 64 Gbit\/s avec Shield Frozr sur le slot principal pour \u00e9viter le throttling lors des acc\u00e8s ultrarapides aux disques SSD.  CONNECTIVIT\u00c9 WI-FI 6E - La connectivit\u00e9 r\u00e9seau comprend un module Intel Wi-Fi 6E avec Bluetooth 5.3 et LAN 2,5 Gbit\/s ; les ports arri\u00e8re incluent USB Type-C et Type-A 3.2 Gen 2 (10 Gbit\/s), HDMI 2.1, DisplayPort 1.4 et son HD 7.1 avec Audio Boost (prend en charge la sortie S\/PDIF)","og_url":"https:\/\/proplaystore.lu\/index.php\/produit\/msi-b760m-gaming-plus-wifi-carte-mere-matx-compatible-avec-les-processeurs-intel-de-14e-13e-et-12e-gen-lga-1700-ddr5-memory-boost-6800mhz-oc-1x-pcie-4-0-x16-2-x-m-2-gen4-lan-2-5g-wi-fi-6e\/","og_site_name":"ProPlaystore","article_modified_time":"2025-08-18T19:55:50+00:00","og_image":[{"width":425,"height":240,"url":"https:\/\/proplaystore.lu\/wp-content\/uploads\/2025\/08\/81WWI1S4pL._AC_SX425_.jpg","type":"image\/jpeg"}],"twitter_card":"summary_large_image","twitter_misc":{"Est. reading time":"1 minute"},"schema":{"@context":"https:\/\/schema.org","@graph":[{"@type":"WebPage","@id":"https:\/\/proplaystore.lu\/index.php\/produit\/msi-b760m-gaming-plus-wifi-carte-mere-matx-compatible-avec-les-processeurs-intel-de-14e-13e-et-12e-gen-lga-1700-ddr5-memory-boost-6800mhz-oc-1x-pcie-4-0-x16-2-x-m-2-gen4-lan-2-5g-wi-fi-6e\/","url":"https:\/\/proplaystore.lu\/index.php\/produit\/msi-b760m-gaming-plus-wifi-carte-mere-matx-compatible-avec-les-processeurs-intel-de-14e-13e-et-12e-gen-lga-1700-ddr5-memory-boost-6800mhz-oc-1x-pcie-4-0-x16-2-x-m-2-gen4-lan-2-5g-wi-fi-6e\/","name":"MSI B760M Gaming Plus WiFi Carte M\u00e8re, mATX - Compatible avec Les processeurs Intel de 14e, 13e et 12e G\u00e9n, LGA 1700 - DDR5 Memory Boost 6800+MHz\/OC, 1x PCIe 4.0 x16, 2 x M.2 Gen4, LAN 2.5G, Wi-FI 6E - ProPlaystore","isPartOf":{"@id":"https:\/\/proplaystore.lu\/#website"},"primaryImageOfPage":{"@id":"https:\/\/proplaystore.lu\/index.php\/produit\/msi-b760m-gaming-plus-wifi-carte-mere-matx-compatible-avec-les-processeurs-intel-de-14e-13e-et-12e-gen-lga-1700-ddr5-memory-boost-6800mhz-oc-1x-pcie-4-0-x16-2-x-m-2-gen4-lan-2-5g-wi-fi-6e\/#primaryimage"},"image":{"@id":"https:\/\/proplaystore.lu\/index.php\/produit\/msi-b760m-gaming-plus-wifi-carte-mere-matx-compatible-avec-les-processeurs-intel-de-14e-13e-et-12e-gen-lga-1700-ddr5-memory-boost-6800mhz-oc-1x-pcie-4-0-x16-2-x-m-2-gen4-lan-2-5g-wi-fi-6e\/#primaryimage"},"thumbnailUrl":"https:\/\/proplaystore.lu\/wp-content\/uploads\/2025\/08\/81WWI1S4pL._AC_SX425_.jpg","datePublished":"2025-08-17T20:54:21+00:00","dateModified":"2025-08-18T19:55:50+00:00","breadcrumb":{"@id":"https:\/\/proplaystore.lu\/index.php\/produit\/msi-b760m-gaming-plus-wifi-carte-mere-matx-compatible-avec-les-processeurs-intel-de-14e-13e-et-12e-gen-lga-1700-ddr5-memory-boost-6800mhz-oc-1x-pcie-4-0-x16-2-x-m-2-gen4-lan-2-5g-wi-fi-6e\/#breadcrumb"},"inLanguage":"en-US","potentialAction":[{"@type":"ReadAction","target":["https:\/\/proplaystore.lu\/index.php\/produit\/msi-b760m-gaming-plus-wifi-carte-mere-matx-compatible-avec-les-processeurs-intel-de-14e-13e-et-12e-gen-lga-1700-ddr5-memory-boost-6800mhz-oc-1x-pcie-4-0-x16-2-x-m-2-gen4-lan-2-5g-wi-fi-6e\/"]}]},{"@type":"ImageObject","inLanguage":"en-US","@id":"https:\/\/proplaystore.lu\/index.php\/produit\/msi-b760m-gaming-plus-wifi-carte-mere-matx-compatible-avec-les-processeurs-intel-de-14e-13e-et-12e-gen-lga-1700-ddr5-memory-boost-6800mhz-oc-1x-pcie-4-0-x16-2-x-m-2-gen4-lan-2-5g-wi-fi-6e\/#primaryimage","url":"https:\/\/proplaystore.lu\/wp-content\/uploads\/2025\/08\/81WWI1S4pL._AC_SX425_.jpg","contentUrl":"https:\/\/proplaystore.lu\/wp-content\/uploads\/2025\/08\/81WWI1S4pL._AC_SX425_.jpg","width":425,"height":240},{"@type":"BreadcrumbList","@id":"https:\/\/proplaystore.lu\/index.php\/produit\/msi-b760m-gaming-plus-wifi-carte-mere-matx-compatible-avec-les-processeurs-intel-de-14e-13e-et-12e-gen-lga-1700-ddr5-memory-boost-6800mhz-oc-1x-pcie-4-0-x16-2-x-m-2-gen4-lan-2-5g-wi-fi-6e\/#breadcrumb","itemListElement":[{"@type":"ListItem","position":1,"name":"Accueil","item":"https:\/\/proplaystore.lu\/"},{"@type":"ListItem","position":2,"name":"Shop","item":"https:\/\/proplaystore.lu\/index.php\/shop\/"},{"@type":"ListItem","position":3,"name":"MSI B760M Gaming Plus WiFi Carte M\u00e8re, mATX &#8211; Compatible avec Les processeurs Intel de 14e, 13e et 12e G\u00e9n, LGA 1700 &#8211; DDR5 Memory Boost 6800+MHz\/OC, 1x PCIe 4.0 x16, 2 x M.2 Gen4, LAN 2.5G, Wi-FI 6E"}]},{"@type":"WebSite","@id":"https:\/\/proplaystore.lu\/#website","url":"https:\/\/proplaystore.lu\/","name":"ProPlaystore","description":"proplaysre","potentialAction":[{"@type":"SearchAction","target":{"@type":"EntryPoint","urlTemplate":"https:\/\/proplaystore.lu\/?s={search_term_string}"},"query-input":{"@type":"PropertyValueSpecification","valueRequired":true,"valueName":"search_term_string"}}],"inLanguage":"en-US"}]}},"_links":{"self":[{"href":"https:\/\/proplaystore.lu\/index.php\/wp-json\/wp\/v2\/product\/7687","targetHints":{"allow":["GET"]}}],"collection":[{"href":"https:\/\/proplaystore.lu\/index.php\/wp-json\/wp\/v2\/product"}],"about":[{"href":"https:\/\/proplaystore.lu\/index.php\/wp-json\/wp\/v2\/types\/product"}],"replies":[{"embeddable":true,"href":"https:\/\/proplaystore.lu\/index.php\/wp-json\/wp\/v2\/comments?post=7687"}],"wp:featuredmedia":[{"embeddable":true,"href":"https:\/\/proplaystore.lu\/index.php\/wp-json\/wp\/v2\/media\/7690"}],"wp:attachment":[{"href":"https:\/\/proplaystore.lu\/index.php\/wp-json\/wp\/v2\/media?parent=7687"}],"wp:term":[{"taxonomy":"product_brand","embeddable":true,"href":"https:\/\/proplaystore.lu\/index.php\/wp-json\/wp\/v2\/product_brand?post=7687"},{"taxonomy":"product_cat","embeddable":true,"href":"https:\/\/proplaystore.lu\/index.php\/wp-json\/wp\/v2\/product_cat?post=7687"},{"taxonomy":"product_tag","embeddable":true,"href":"https:\/\/proplaystore.lu\/index.php\/wp-json\/wp\/v2\/product_tag?post=7687"}],"curies":[{"name":"wp","href":"https:\/\/api.w.org\/{rel}","templated":true}]}}