{"id":7692,"date":"2025-08-17T20:58:23","date_gmt":"2025-08-17T20:58:23","guid":{"rendered":"https:\/\/proplaystore.lu\/?post_type=product&#038;p=7692"},"modified":"2025-08-18T19:54:49","modified_gmt":"2025-08-18T19:54:49","slug":"msi-b760-gaming-plus-wifi-ddr4-carte-mere-atx-pour-processeurs-intel-14e-13e-12e-gen-lga-1700-ddr4-memory-boost-5333mhz-oc-1-x-pcie-4-0-x16-2-x-m-2-gen4-2-5g-lan-wi-fi-6e","status":"publish","type":"product","link":"https:\/\/proplaystore.lu\/index.php\/produit\/msi-b760-gaming-plus-wifi-ddr4-carte-mere-atx-pour-processeurs-intel-14e-13e-12e-gen-lga-1700-ddr4-memory-boost-5333mhz-oc-1-x-pcie-4-0-x16-2-x-m-2-gen4-2-5g-lan-wi-fi-6e\/","title":{"rendered":"MSI B760 Gaming Plus WiFi DDR4 Carte m\u00e8re, ATX &#8211; pour processeurs Intel 14e, 13e &#038; 12e g\u00e9n, LGA 1700 &#8211; DDR4 Memory Boost 5333+MHz\/OC, 1 x PCIe 4.0 x16, 2 x M.2 Gen4, 2.5G LAN, Wi-FI 6E"},"content":{"rendered":"<h2 data-start=\"1558\" data-end=\"1580\"><strong data-start=\"1561\" data-end=\"1580\">Fiche technique<\/strong><\/h2>\n<table class=\"a-normal a-spacing-micro\" role=\"list\">\n<tbody>\n<tr class=\"a-spacing-small po-brand\" role=\"listitem\">\n<td class=\"a-span3\" role=\"presentation\"><span class=\"a-size-base a-text-bold\">Marque<\/span><\/td>\n<td class=\"a-span9\" role=\"presentation\"><span class=\"a-size-base po-break-word\">MSI<\/span><\/td>\n<\/tr>\n<tr class=\"a-spacing-small po-cpu_model.socket\" role=\"listitem\">\n<td class=\"a-span3\" role=\"presentation\"><span class=\"a-size-base a-text-bold\">Socket du CPU<\/span><\/td>\n<td class=\"a-span9\" role=\"presentation\"><span class=\"a-size-base po-break-word\">LGA 1700<\/span><\/td>\n<\/tr>\n<tr class=\"a-spacing-small po-compatible_devices\" role=\"listitem\">\n<td class=\"a-span3\" role=\"presentation\"><span class=\"a-size-base a-text-bold\">Appareils compatibles<\/span><\/td>\n<td class=\"a-span9\" role=\"presentation\"><span class=\"a-size-base po-break-word\">PC de bureau, serveur<\/span><\/td>\n<\/tr>\n<tr class=\"a-spacing-small po-ram_memory.technology\" role=\"listitem\">\n<td class=\"a-span3\" role=\"presentation\"><span class=\"a-size-base a-text-bold\">Technologie de m\u00e9moire RAM<\/span><\/td>\n<td class=\"a-span9\" role=\"presentation\"><span class=\"a-size-base po-break-word\">DDR4<\/span><\/td>\n<\/tr>\n<tr class=\"a-spacing-small po-compatible_processor_types\" role=\"listitem\">\n<td class=\"a-span3\" role=\"presentation\"><span class=\"a-size-base a-text-bold\">Processeurs compatibles<\/span><\/td>\n<td class=\"a-span9\" role=\"presentation\"><span class=\"a-size-base po-break-word\">Intel Core (12e g\u00e9n\u00e9ration)<\/span><\/td>\n<\/tr>\n<tr class=\"a-spacing-small po-chipset_type\" role=\"listitem\">\n<td class=\"a-span3\" role=\"presentation\"><span class=\"a-size-base a-text-bold\">Type de chipset<\/span><\/td>\n<td class=\"a-span9\" role=\"presentation\"><span class=\"a-size-base po-break-word\">B760<\/span><\/td>\n<\/tr>\n<tr class=\"a-spacing-small po-memory_clock_speed\" role=\"listitem\">\n<td class=\"a-span3\" role=\"presentation\"><span class=\"a-size-base a-text-bold\">Vitesse d&#8217;horloge de m\u00e9moire<\/span><\/td>\n<td class=\"a-span9\" role=\"presentation\"><span class=\"a-size-base po-break-word\">5333 MHz<\/span><\/td>\n<\/tr>\n<tr class=\"a-spacing-small po-model_name\" role=\"listitem\">\n<td class=\"a-span3\" role=\"presentation\"><span class=\"a-size-base a-text-bold\">Nom de mod\u00e8le<\/span><\/td>\n<td class=\"a-span9\" role=\"presentation\"><span class=\"a-size-base po-break-word\">MSI B760 GAMING PLUS WIFI DDR4 carte m\u00e8re Intel B760 LGA 1700 ATX<\/span><\/td>\n<\/tr>\n<tr class=\"a-spacing-small po-cpu_model.family\" role=\"listitem\">\n<td class=\"a-span3\" role=\"presentation\"><span class=\"a-size-base a-text-bold\">Mod\u00e8le du\u00a0CPU<\/span><\/td>\n<td class=\"a-span9\" role=\"presentation\"><span class=\"a-size-base po-break-word\">Intel Core i9<\/span><\/td>\n<\/tr>\n<tr class=\"a-spacing-small po-ram_memory.maximum_size\" role=\"listitem\">\n<td class=\"a-span3\" role=\"presentation\"><span class=\"a-size-base a-text-bold\">Taille maximale de la m\u00e9moire RAM<\/span><\/td>\n<td class=\"a-span9\" role=\"presentation\"><span class=\"a-size-base po-break-word\">128 Go<\/span><\/td>\n<\/tr>\n<\/tbody>\n<\/table>\n<p>&nbsp;<\/p>\n<p>&nbsp;<\/p>\n","protected":false},"excerpt":{"rendered":"<ul class=\"a-unordered-list a-vertical\">\n<li class=\"a-spacing-mini\"><span class=\"a-list-item\">CORE DE 14E, 13E &amp; 12E GEN &#8211; La B760 GAMING PLUS WIFI DDR4 utilise un VRM double rail \u00e0 12 phases (P-PAK) pour le chipset Intel B760 (LGA 1700, 14e, 13e &amp; 12e g\u00e9n) ; Le VRM int\u00e8gre la technologie MSI Core Boost pour plus de stabilit\u00e9 et de performances.<\/span><\/li>\n<li class=\"a-spacing-mini\"><span class=\"a-list-item\">REFROIDISSEMENT INT\u00c9GR\u00c9 &#8211; Le refroidissement comprend des pads thermiques MOSFET 7W\/mK, un radiateur VRM plus large, un radiateur chipset, M.2 Shield Frozr, un header d\u00e9di\u00e9 pour la pompe et un PCB 6 couches avec 2 oz de cuivre \u00e9paissi.<\/span><\/li>\n<li class=\"a-spacing-mini\"><span class=\"a-list-item\">MEMOIRE DDR4, SLOT PCIe 4.0 x16 &#8211; 4 emplacements DIMM DDR4 avec circuit isol\u00e9 Memory Boost pour l&#8217;overclocking (1DPC 1R, 5333+ MHz) ; 1 slot PCIe 4.0 x16 (64 Gb\/s) pour carte graphique avec protection Steel Armor.<\/span><\/li>\n<li class=\"a-spacing-mini\"><span class=\"a-list-item\">DEUX CONNECTEURS M.2 &#8211; Les options de stockage comprennent 2 slots M.2 Gen4 x4 64Gbps avec protection Shield Frozr sur le slot principal pour \u00e9viter l&#8217;\u00e9tranglement thermique lors des acc\u00e8s SSD ultra-rapides.<\/span><\/li>\n<li class=\"a-spacing-mini\"><span class=\"a-list-item\">CONNECTIVIT\u00c9 WI-FI 6E &#8211; La partie r\u00e9seau int\u00e8gre un module Intel Wi-Fi 6E avec Bluetooth 5.3 et 2.5G LAN ; les ports arri\u00e8re incluent USB Type-A 3.2 Gen 2 (10 Gb\/s), HDMI 2.1, DisplayPort 1.4, et son HD 7.1 avec Audio Boost<\/span><\/li>\n<li class=\"a-spacing-mini\"><\/li>\n<\/ul>\n","protected":false},"featured_media":7694,"comment_status":"open","ping_status":"closed","template":"","meta":[],"product_brand":[],"product_cat":[66],"product_tag":[79],"class_list":{"0":"post-7692","1":"product","2":"type-product","3":"status-publish","4":"has-post-thumbnail","6":"product_cat-carte-mere","7":"product_tag-carte-mere","9":"first","10":"instock","11":"shipping-taxable","12":"purchasable","13":"product-type-simple"},"yoast_head":"<!-- This site is optimized with the Yoast SEO plugin v26.4 - https:\/\/yoast.com\/wordpress\/plugins\/seo\/ -->\n<title>MSI B760 Gaming Plus WiFi DDR4 Carte m\u00e8re, ATX - pour processeurs Intel 14e, 13e &amp; 12e g\u00e9n, LGA 1700 - DDR4 Memory Boost 5333+MHz\/OC, 1 x PCIe 4.0 x16, 2 x M.2 Gen4, 2.5G LAN, Wi-FI 6E - ProPlaystore<\/title>\n<meta name=\"robots\" content=\"index, follow, max-snippet:-1, max-image-preview:large, max-video-preview:-1\" \/>\n<link rel=\"canonical\" href=\"https:\/\/proplaystore.lu\/index.php\/produit\/msi-b760-gaming-plus-wifi-ddr4-carte-mere-atx-pour-processeurs-intel-14e-13e-12e-gen-lga-1700-ddr4-memory-boost-5333mhz-oc-1-x-pcie-4-0-x16-2-x-m-2-gen4-2-5g-lan-wi-fi-6e\/\" \/>\n<meta property=\"og:locale\" content=\"en_US\" \/>\n<meta property=\"og:type\" content=\"article\" \/>\n<meta property=\"og:title\" content=\"MSI B760 Gaming Plus WiFi DDR4 Carte m\u00e8re, ATX - pour processeurs Intel 14e, 13e &amp; 12e g\u00e9n, LGA 1700 - DDR4 Memory Boost 5333+MHz\/OC, 1 x PCIe 4.0 x16, 2 x M.2 Gen4, 2.5G LAN, Wi-FI 6E - ProPlaystore\" \/>\n<meta property=\"og:description\" content=\"CORE DE 14E, 13E &amp; 12E GEN - La B760 GAMING PLUS WIFI DDR4 utilise un VRM double rail \u00e0 12 phases (P-PAK) pour le chipset Intel B760 (LGA 1700, 14e, 13e &amp; 12e g\u00e9n) ; Le VRM int\u00e8gre la technologie MSI Core Boost pour plus de stabilit\u00e9 et de performances.  REFROIDISSEMENT INT\u00c9GR\u00c9 - Le refroidissement comprend des pads thermiques MOSFET 7W\/mK, un radiateur VRM plus large, un radiateur chipset, M.2 Shield Frozr, un header d\u00e9di\u00e9 pour la pompe et un PCB 6 couches avec 2 oz de cuivre \u00e9paissi.  MEMOIRE DDR4, SLOT PCIe 4.0 x16 - 4 emplacements DIMM DDR4 avec circuit isol\u00e9 Memory Boost pour l&#039;overclocking (1DPC 1R, 5333+ MHz) ; 1 slot PCIe 4.0 x16 (64 Gb\/s) pour carte graphique avec protection Steel Armor.  DEUX CONNECTEURS M.2 - Les options de stockage comprennent 2 slots M.2 Gen4 x4 64Gbps avec protection Shield Frozr sur le slot principal pour \u00e9viter l&#039;\u00e9tranglement thermique lors des acc\u00e8s SSD ultra-rapides.  CONNECTIVIT\u00c9 WI-FI 6E - La partie r\u00e9seau int\u00e8gre un module Intel Wi-Fi 6E avec Bluetooth 5.3 et 2.5G LAN ; les ports arri\u00e8re incluent USB Type-A 3.2 Gen 2 (10 Gb\/s), HDMI 2.1, DisplayPort 1.4, et son HD 7.1 avec Audio Boost\" \/>\n<meta property=\"og:url\" content=\"https:\/\/proplaystore.lu\/index.php\/produit\/msi-b760-gaming-plus-wifi-ddr4-carte-mere-atx-pour-processeurs-intel-14e-13e-12e-gen-lga-1700-ddr4-memory-boost-5333mhz-oc-1-x-pcie-4-0-x16-2-x-m-2-gen4-2-5g-lan-wi-fi-6e\/\" \/>\n<meta property=\"og:site_name\" content=\"ProPlaystore\" \/>\n<meta property=\"article:modified_time\" content=\"2025-08-18T19:54:49+00:00\" \/>\n<meta property=\"og:image\" content=\"https:\/\/proplaystore.lu\/wp-content\/uploads\/2025\/08\/81d17glbl2L._AC_SX425_.jpg\" \/>\n\t<meta property=\"og:image:width\" content=\"425\" \/>\n\t<meta property=\"og:image:height\" content=\"425\" \/>\n\t<meta property=\"og:image:type\" content=\"image\/jpeg\" \/>\n<meta name=\"twitter:card\" content=\"summary_large_image\" \/>\n<meta name=\"twitter:label1\" content=\"Est. reading time\" \/>\n\t<meta name=\"twitter:data1\" content=\"1 minute\" \/>\n<script type=\"application\/ld+json\" class=\"yoast-schema-graph\">{\"@context\":\"https:\/\/schema.org\",\"@graph\":[{\"@type\":\"WebPage\",\"@id\":\"https:\/\/proplaystore.lu\/index.php\/produit\/msi-b760-gaming-plus-wifi-ddr4-carte-mere-atx-pour-processeurs-intel-14e-13e-12e-gen-lga-1700-ddr4-memory-boost-5333mhz-oc-1-x-pcie-4-0-x16-2-x-m-2-gen4-2-5g-lan-wi-fi-6e\/\",\"url\":\"https:\/\/proplaystore.lu\/index.php\/produit\/msi-b760-gaming-plus-wifi-ddr4-carte-mere-atx-pour-processeurs-intel-14e-13e-12e-gen-lga-1700-ddr4-memory-boost-5333mhz-oc-1-x-pcie-4-0-x16-2-x-m-2-gen4-2-5g-lan-wi-fi-6e\/\",\"name\":\"MSI B760 Gaming Plus WiFi DDR4 Carte m\u00e8re, ATX - pour processeurs Intel 14e, 13e & 12e g\u00e9n, LGA 1700 - DDR4 Memory Boost 5333+MHz\/OC, 1 x PCIe 4.0 x16, 2 x M.2 Gen4, 2.5G LAN, Wi-FI 6E - ProPlaystore\",\"isPartOf\":{\"@id\":\"https:\/\/proplaystore.lu\/#website\"},\"primaryImageOfPage\":{\"@id\":\"https:\/\/proplaystore.lu\/index.php\/produit\/msi-b760-gaming-plus-wifi-ddr4-carte-mere-atx-pour-processeurs-intel-14e-13e-12e-gen-lga-1700-ddr4-memory-boost-5333mhz-oc-1-x-pcie-4-0-x16-2-x-m-2-gen4-2-5g-lan-wi-fi-6e\/#primaryimage\"},\"image\":{\"@id\":\"https:\/\/proplaystore.lu\/index.php\/produit\/msi-b760-gaming-plus-wifi-ddr4-carte-mere-atx-pour-processeurs-intel-14e-13e-12e-gen-lga-1700-ddr4-memory-boost-5333mhz-oc-1-x-pcie-4-0-x16-2-x-m-2-gen4-2-5g-lan-wi-fi-6e\/#primaryimage\"},\"thumbnailUrl\":\"https:\/\/proplaystore.lu\/wp-content\/uploads\/2025\/08\/81d17glbl2L._AC_SX425_.jpg\",\"datePublished\":\"2025-08-17T20:58:23+00:00\",\"dateModified\":\"2025-08-18T19:54:49+00:00\",\"breadcrumb\":{\"@id\":\"https:\/\/proplaystore.lu\/index.php\/produit\/msi-b760-gaming-plus-wifi-ddr4-carte-mere-atx-pour-processeurs-intel-14e-13e-12e-gen-lga-1700-ddr4-memory-boost-5333mhz-oc-1-x-pcie-4-0-x16-2-x-m-2-gen4-2-5g-lan-wi-fi-6e\/#breadcrumb\"},\"inLanguage\":\"en-US\",\"potentialAction\":[{\"@type\":\"ReadAction\",\"target\":[\"https:\/\/proplaystore.lu\/index.php\/produit\/msi-b760-gaming-plus-wifi-ddr4-carte-mere-atx-pour-processeurs-intel-14e-13e-12e-gen-lga-1700-ddr4-memory-boost-5333mhz-oc-1-x-pcie-4-0-x16-2-x-m-2-gen4-2-5g-lan-wi-fi-6e\/\"]}]},{\"@type\":\"ImageObject\",\"inLanguage\":\"en-US\",\"@id\":\"https:\/\/proplaystore.lu\/index.php\/produit\/msi-b760-gaming-plus-wifi-ddr4-carte-mere-atx-pour-processeurs-intel-14e-13e-12e-gen-lga-1700-ddr4-memory-boost-5333mhz-oc-1-x-pcie-4-0-x16-2-x-m-2-gen4-2-5g-lan-wi-fi-6e\/#primaryimage\",\"url\":\"https:\/\/proplaystore.lu\/wp-content\/uploads\/2025\/08\/81d17glbl2L._AC_SX425_.jpg\",\"contentUrl\":\"https:\/\/proplaystore.lu\/wp-content\/uploads\/2025\/08\/81d17glbl2L._AC_SX425_.jpg\",\"width\":425,\"height\":425},{\"@type\":\"BreadcrumbList\",\"@id\":\"https:\/\/proplaystore.lu\/index.php\/produit\/msi-b760-gaming-plus-wifi-ddr4-carte-mere-atx-pour-processeurs-intel-14e-13e-12e-gen-lga-1700-ddr4-memory-boost-5333mhz-oc-1-x-pcie-4-0-x16-2-x-m-2-gen4-2-5g-lan-wi-fi-6e\/#breadcrumb\",\"itemListElement\":[{\"@type\":\"ListItem\",\"position\":1,\"name\":\"Accueil\",\"item\":\"https:\/\/proplaystore.lu\/\"},{\"@type\":\"ListItem\",\"position\":2,\"name\":\"Shop\",\"item\":\"https:\/\/proplaystore.lu\/index.php\/shop\/\"},{\"@type\":\"ListItem\",\"position\":3,\"name\":\"MSI B760 Gaming Plus WiFi DDR4 Carte m\u00e8re, ATX &#8211; pour processeurs Intel 14e, 13e &#038; 12e g\u00e9n, LGA 1700 &#8211; DDR4 Memory Boost 5333+MHz\/OC, 1 x PCIe 4.0 x16, 2 x M.2 Gen4, 2.5G LAN, Wi-FI 6E\"}]},{\"@type\":\"WebSite\",\"@id\":\"https:\/\/proplaystore.lu\/#website\",\"url\":\"https:\/\/proplaystore.lu\/\",\"name\":\"ProPlaystore\",\"description\":\"proplaysre\",\"potentialAction\":[{\"@type\":\"SearchAction\",\"target\":{\"@type\":\"EntryPoint\",\"urlTemplate\":\"https:\/\/proplaystore.lu\/?s={search_term_string}\"},\"query-input\":{\"@type\":\"PropertyValueSpecification\",\"valueRequired\":true,\"valueName\":\"search_term_string\"}}],\"inLanguage\":\"en-US\"}]}<\/script>\n<!-- \/ Yoast SEO plugin. -->","yoast_head_json":{"title":"MSI B760 Gaming Plus WiFi DDR4 Carte m\u00e8re, ATX - pour processeurs Intel 14e, 13e & 12e g\u00e9n, LGA 1700 - DDR4 Memory Boost 5333+MHz\/OC, 1 x PCIe 4.0 x16, 2 x M.2 Gen4, 2.5G LAN, Wi-FI 6E - ProPlaystore","robots":{"index":"index","follow":"follow","max-snippet":"max-snippet:-1","max-image-preview":"max-image-preview:large","max-video-preview":"max-video-preview:-1"},"canonical":"https:\/\/proplaystore.lu\/index.php\/produit\/msi-b760-gaming-plus-wifi-ddr4-carte-mere-atx-pour-processeurs-intel-14e-13e-12e-gen-lga-1700-ddr4-memory-boost-5333mhz-oc-1-x-pcie-4-0-x16-2-x-m-2-gen4-2-5g-lan-wi-fi-6e\/","og_locale":"en_US","og_type":"article","og_title":"MSI B760 Gaming Plus WiFi DDR4 Carte m\u00e8re, ATX - pour processeurs Intel 14e, 13e & 12e g\u00e9n, LGA 1700 - DDR4 Memory Boost 5333+MHz\/OC, 1 x PCIe 4.0 x16, 2 x M.2 Gen4, 2.5G LAN, Wi-FI 6E - ProPlaystore","og_description":"CORE DE 14E, 13E &amp; 12E GEN - La B760 GAMING PLUS WIFI DDR4 utilise un VRM double rail \u00e0 12 phases (P-PAK) pour le chipset Intel B760 (LGA 1700, 14e, 13e &amp; 12e g\u00e9n) ; Le VRM int\u00e8gre la technologie MSI Core Boost pour plus de stabilit\u00e9 et de performances.  REFROIDISSEMENT INT\u00c9GR\u00c9 - Le refroidissement comprend des pads thermiques MOSFET 7W\/mK, un radiateur VRM plus large, un radiateur chipset, M.2 Shield Frozr, un header d\u00e9di\u00e9 pour la pompe et un PCB 6 couches avec 2 oz de cuivre \u00e9paissi.  MEMOIRE DDR4, SLOT PCIe 4.0 x16 - 4 emplacements DIMM DDR4 avec circuit isol\u00e9 Memory Boost pour l'overclocking (1DPC 1R, 5333+ MHz) ; 1 slot PCIe 4.0 x16 (64 Gb\/s) pour carte graphique avec protection Steel Armor.  DEUX CONNECTEURS M.2 - Les options de stockage comprennent 2 slots M.2 Gen4 x4 64Gbps avec protection Shield Frozr sur le slot principal pour \u00e9viter l'\u00e9tranglement thermique lors des acc\u00e8s SSD ultra-rapides.  CONNECTIVIT\u00c9 WI-FI 6E - La partie r\u00e9seau int\u00e8gre un module Intel Wi-Fi 6E avec Bluetooth 5.3 et 2.5G LAN ; les ports arri\u00e8re incluent USB Type-A 3.2 Gen 2 (10 Gb\/s), HDMI 2.1, DisplayPort 1.4, et son HD 7.1 avec Audio Boost","og_url":"https:\/\/proplaystore.lu\/index.php\/produit\/msi-b760-gaming-plus-wifi-ddr4-carte-mere-atx-pour-processeurs-intel-14e-13e-12e-gen-lga-1700-ddr4-memory-boost-5333mhz-oc-1-x-pcie-4-0-x16-2-x-m-2-gen4-2-5g-lan-wi-fi-6e\/","og_site_name":"ProPlaystore","article_modified_time":"2025-08-18T19:54:49+00:00","og_image":[{"width":425,"height":425,"url":"https:\/\/proplaystore.lu\/wp-content\/uploads\/2025\/08\/81d17glbl2L._AC_SX425_.jpg","type":"image\/jpeg"}],"twitter_card":"summary_large_image","twitter_misc":{"Est. reading time":"1 minute"},"schema":{"@context":"https:\/\/schema.org","@graph":[{"@type":"WebPage","@id":"https:\/\/proplaystore.lu\/index.php\/produit\/msi-b760-gaming-plus-wifi-ddr4-carte-mere-atx-pour-processeurs-intel-14e-13e-12e-gen-lga-1700-ddr4-memory-boost-5333mhz-oc-1-x-pcie-4-0-x16-2-x-m-2-gen4-2-5g-lan-wi-fi-6e\/","url":"https:\/\/proplaystore.lu\/index.php\/produit\/msi-b760-gaming-plus-wifi-ddr4-carte-mere-atx-pour-processeurs-intel-14e-13e-12e-gen-lga-1700-ddr4-memory-boost-5333mhz-oc-1-x-pcie-4-0-x16-2-x-m-2-gen4-2-5g-lan-wi-fi-6e\/","name":"MSI B760 Gaming Plus WiFi DDR4 Carte m\u00e8re, ATX - pour processeurs Intel 14e, 13e & 12e g\u00e9n, LGA 1700 - DDR4 Memory Boost 5333+MHz\/OC, 1 x PCIe 4.0 x16, 2 x M.2 Gen4, 2.5G LAN, Wi-FI 6E - ProPlaystore","isPartOf":{"@id":"https:\/\/proplaystore.lu\/#website"},"primaryImageOfPage":{"@id":"https:\/\/proplaystore.lu\/index.php\/produit\/msi-b760-gaming-plus-wifi-ddr4-carte-mere-atx-pour-processeurs-intel-14e-13e-12e-gen-lga-1700-ddr4-memory-boost-5333mhz-oc-1-x-pcie-4-0-x16-2-x-m-2-gen4-2-5g-lan-wi-fi-6e\/#primaryimage"},"image":{"@id":"https:\/\/proplaystore.lu\/index.php\/produit\/msi-b760-gaming-plus-wifi-ddr4-carte-mere-atx-pour-processeurs-intel-14e-13e-12e-gen-lga-1700-ddr4-memory-boost-5333mhz-oc-1-x-pcie-4-0-x16-2-x-m-2-gen4-2-5g-lan-wi-fi-6e\/#primaryimage"},"thumbnailUrl":"https:\/\/proplaystore.lu\/wp-content\/uploads\/2025\/08\/81d17glbl2L._AC_SX425_.jpg","datePublished":"2025-08-17T20:58:23+00:00","dateModified":"2025-08-18T19:54:49+00:00","breadcrumb":{"@id":"https:\/\/proplaystore.lu\/index.php\/produit\/msi-b760-gaming-plus-wifi-ddr4-carte-mere-atx-pour-processeurs-intel-14e-13e-12e-gen-lga-1700-ddr4-memory-boost-5333mhz-oc-1-x-pcie-4-0-x16-2-x-m-2-gen4-2-5g-lan-wi-fi-6e\/#breadcrumb"},"inLanguage":"en-US","potentialAction":[{"@type":"ReadAction","target":["https:\/\/proplaystore.lu\/index.php\/produit\/msi-b760-gaming-plus-wifi-ddr4-carte-mere-atx-pour-processeurs-intel-14e-13e-12e-gen-lga-1700-ddr4-memory-boost-5333mhz-oc-1-x-pcie-4-0-x16-2-x-m-2-gen4-2-5g-lan-wi-fi-6e\/"]}]},{"@type":"ImageObject","inLanguage":"en-US","@id":"https:\/\/proplaystore.lu\/index.php\/produit\/msi-b760-gaming-plus-wifi-ddr4-carte-mere-atx-pour-processeurs-intel-14e-13e-12e-gen-lga-1700-ddr4-memory-boost-5333mhz-oc-1-x-pcie-4-0-x16-2-x-m-2-gen4-2-5g-lan-wi-fi-6e\/#primaryimage","url":"https:\/\/proplaystore.lu\/wp-content\/uploads\/2025\/08\/81d17glbl2L._AC_SX425_.jpg","contentUrl":"https:\/\/proplaystore.lu\/wp-content\/uploads\/2025\/08\/81d17glbl2L._AC_SX425_.jpg","width":425,"height":425},{"@type":"BreadcrumbList","@id":"https:\/\/proplaystore.lu\/index.php\/produit\/msi-b760-gaming-plus-wifi-ddr4-carte-mere-atx-pour-processeurs-intel-14e-13e-12e-gen-lga-1700-ddr4-memory-boost-5333mhz-oc-1-x-pcie-4-0-x16-2-x-m-2-gen4-2-5g-lan-wi-fi-6e\/#breadcrumb","itemListElement":[{"@type":"ListItem","position":1,"name":"Accueil","item":"https:\/\/proplaystore.lu\/"},{"@type":"ListItem","position":2,"name":"Shop","item":"https:\/\/proplaystore.lu\/index.php\/shop\/"},{"@type":"ListItem","position":3,"name":"MSI B760 Gaming Plus WiFi DDR4 Carte m\u00e8re, ATX &#8211; pour processeurs Intel 14e, 13e &#038; 12e g\u00e9n, LGA 1700 &#8211; DDR4 Memory Boost 5333+MHz\/OC, 1 x PCIe 4.0 x16, 2 x M.2 Gen4, 2.5G LAN, Wi-FI 6E"}]},{"@type":"WebSite","@id":"https:\/\/proplaystore.lu\/#website","url":"https:\/\/proplaystore.lu\/","name":"ProPlaystore","description":"proplaysre","potentialAction":[{"@type":"SearchAction","target":{"@type":"EntryPoint","urlTemplate":"https:\/\/proplaystore.lu\/?s={search_term_string}"},"query-input":{"@type":"PropertyValueSpecification","valueRequired":true,"valueName":"search_term_string"}}],"inLanguage":"en-US"}]}},"_links":{"self":[{"href":"https:\/\/proplaystore.lu\/index.php\/wp-json\/wp\/v2\/product\/7692","targetHints":{"allow":["GET"]}}],"collection":[{"href":"https:\/\/proplaystore.lu\/index.php\/wp-json\/wp\/v2\/product"}],"about":[{"href":"https:\/\/proplaystore.lu\/index.php\/wp-json\/wp\/v2\/types\/product"}],"replies":[{"embeddable":true,"href":"https:\/\/proplaystore.lu\/index.php\/wp-json\/wp\/v2\/comments?post=7692"}],"wp:featuredmedia":[{"embeddable":true,"href":"https:\/\/proplaystore.lu\/index.php\/wp-json\/wp\/v2\/media\/7694"}],"wp:attachment":[{"href":"https:\/\/proplaystore.lu\/index.php\/wp-json\/wp\/v2\/media?parent=7692"}],"wp:term":[{"taxonomy":"product_brand","embeddable":true,"href":"https:\/\/proplaystore.lu\/index.php\/wp-json\/wp\/v2\/product_brand?post=7692"},{"taxonomy":"product_cat","embeddable":true,"href":"https:\/\/proplaystore.lu\/index.php\/wp-json\/wp\/v2\/product_cat?post=7692"},{"taxonomy":"product_tag","embeddable":true,"href":"https:\/\/proplaystore.lu\/index.php\/wp-json\/wp\/v2\/product_tag?post=7692"}],"curies":[{"name":"wp","href":"https:\/\/api.w.org\/{rel}","templated":true}]}}