{"id":7698,"date":"2025-08-17T21:02:54","date_gmt":"2025-08-17T21:02:54","guid":{"rendered":"https:\/\/proplaystore.lu\/?post_type=product&#038;p=7698"},"modified":"2025-08-18T18:56:40","modified_gmt":"2025-08-18T18:56:40","slug":"asus-prime-b760-plus-d4-carte-mere-intel-b760-lga-1700-atx-ddr4-pcie-5-0-3-x-pcie-4-0-m-2-displayport-vga-hdmi-sata-6-gb-s-usb-3-2-gen-2-thunderbolt-usb4-support-aura-sync-rgb","status":"publish","type":"product","link":"https:\/\/proplaystore.lu\/index.php\/produit\/asus-prime-b760-plus-d4-carte-mere-intel-b760-lga-1700-atx-ddr4-pcie-5-0-3-x-pcie-4-0-m-2-displayport-vga-hdmi-sata-6-gb-s-usb-3-2-gen-2-thunderbolt-usb4-support-aura-sync-rgb\/","title":{"rendered":"ASUS PRIME B760-PLUS D4 \u2013 Carte m\u00e8re Intel B760 LGA 1700 ATX (DDR4, PCIe 5.0, 3 x PCIe 4.0 M.2, DisplayPort, VGA, HDMI, SATA 6 Gb\/s, USB 3.2 Gen 2, Thunderbolt USB4 support, Aura Sync RGB)"},"content":{"rendered":"<h2 data-start=\"1558\" data-end=\"1580\"><strong data-start=\"1561\" data-end=\"1580\">Fiche technique<\/strong><\/h2>\n<table class=\"a-normal a-spacing-micro\" role=\"list\">\n<tbody>\n<tr class=\"a-spacing-small po-brand\" role=\"listitem\">\n<td class=\"a-span3\" role=\"presentation\"><span class=\"a-size-base a-text-bold\">Marque<\/span><\/td>\n<td class=\"a-span9\" role=\"presentation\"><span class=\"a-size-base po-break-word\">ASUS<\/span><\/td>\n<\/tr>\n<tr class=\"a-spacing-small po-cpu_model.socket\" role=\"listitem\">\n<td class=\"a-span3\" role=\"presentation\"><span class=\"a-size-base a-text-bold\">Socket du CPU<\/span><\/td>\n<td class=\"a-span9\" role=\"presentation\"><span class=\"a-size-base po-break-word\">LGA 1700<\/span><\/td>\n<\/tr>\n<tr class=\"a-spacing-small po-compatible_devices\" role=\"listitem\">\n<td class=\"a-span3\" role=\"presentation\"><span class=\"a-size-base a-text-bold\">Appareils compatibles<\/span><\/td>\n<td class=\"a-span9\" role=\"presentation\"><span class=\"a-size-base po-break-word\">Ordinateur personnel<\/span><\/td>\n<\/tr>\n<tr class=\"a-spacing-small po-ram_memory.technology\" role=\"listitem\">\n<td class=\"a-span3\" role=\"presentation\"><span class=\"a-size-base a-text-bold\">Technologie de m\u00e9moire RAM<\/span><\/td>\n<td class=\"a-span9\" role=\"presentation\"><span class=\"a-size-base po-break-word\">DDR4<\/span><\/td>\n<\/tr>\n<tr class=\"a-spacing-small po-compatible_processor_types\" role=\"listitem\">\n<td class=\"a-span3\" role=\"presentation\"><span class=\"a-size-base a-text-bold\">Processeurs compatibles<\/span><\/td>\n<td class=\"a-span9\" role=\"presentation\"><span class=\"a-size-base\"><span class=\"a-truncate po-truncate-attribute\" data-a-word-break=\"normal\" data-a-truncate-name=\"po-attribute-truncate-4\" data-a-max-rows=\"3\" data-a-overflow-marker=\"&amp;hellip;\" data-a-recalculate=\"false\" data-a-updated=\"true\"><span class=\"a-truncate-full a-offscreen\">Intel\u00ae Celeron\u00ae, Intel\u00ae Core\u2122 i3, Intel\u00ae Core\u2122 i5, Intel\u00ae Core\u2122 i7, Intel\u00ae Core\u2122 i9, Intel\u00ae Pentium\u00ae Gold<\/span><span class=\"a-truncate-cut\" aria-hidden=\"true\">Intel\u00ae Celeron\u00ae, Intel\u00ae Core\u2122 i3, Intel\u00ae Core\u2122 i5, Intel\u00ae Core\u2122 i7, Intel\u00ae Core\u2122 i9, Intel\u00ae Pentium\u00ae Gold<\/span><\/span><\/span><\/td>\n<\/tr>\n<tr class=\"a-spacing-small po-chipset_type\" role=\"listitem\">\n<td class=\"a-span3\" role=\"presentation\"><span class=\"a-size-base a-text-bold\">Type de chipset<\/span><\/td>\n<td class=\"a-span9\" role=\"presentation\"><span class=\"a-size-base po-break-word\">b760<\/span><\/td>\n<\/tr>\n<tr class=\"a-spacing-small po-memory_clock_speed\" role=\"listitem\">\n<td class=\"a-span3\" role=\"presentation\"><span class=\"a-size-base a-text-bold\">Vitesse d&#8217;horloge de m\u00e9moire<\/span><\/td>\n<td class=\"a-span9\" role=\"presentation\"><span class=\"a-size-base po-break-word\">2133 MHz<\/span><\/td>\n<\/tr>\n<tr class=\"a-spacing-small po-platform\" role=\"listitem\">\n<td class=\"a-span3\" role=\"presentation\"><span class=\"a-size-base a-text-bold\">Plateforme<\/span><\/td>\n<td class=\"a-span9\" role=\"presentation\"><span class=\"a-size-base po-break-word\">Windows 10<\/span><\/td>\n<\/tr>\n<tr class=\"a-spacing-small po-model_name\" role=\"listitem\">\n<td class=\"a-span3\" role=\"presentation\"><span class=\"a-size-base a-text-bold\">Nom de mod\u00e8le<\/span><\/td>\n<td class=\"a-span9\" role=\"presentation\"><span class=\"a-size-base po-break-word\">PRIME B760-PLUS D4<\/span><\/td>\n<\/tr>\n<tr class=\"a-spacing-small po-memory_storage_capacity\" role=\"listitem\">\n<td class=\"a-span3\" role=\"presentation\"><span class=\"a-size-base a-text-bold\">Capacit\u00e9 de stockage de la m\u00e9moire<\/span><\/td>\n<td class=\"a-span9\" role=\"presentation\"><span class=\"a-size-base po-break-word\">128 Go<\/span><\/td>\n<\/tr>\n<\/tbody>\n<\/table>\n<p>&nbsp;<\/p>\n<p>&nbsp;<\/p>\n","protected":false},"excerpt":{"rendered":"<ul class=\"a-unordered-list a-vertical\">\n<li class=\"a-spacing-mini\"><span class=\"a-list-item\">Socket Intel LGA 1700 : Compatible avec les 13e et 12e Gen de processeurs Intel<\/span><\/li>\n<li class=\"a-spacing-mini\"><span class=\"a-list-item\">Connectivit\u00e9 ultra-rapide : PCIe 5.0, trois PCIe 4.0 M.2, Realtek 2.5Gb Ethernet, USB 3.2 Gen 2&#215;2 Type-C, USB 3.2 Gen 1 Type-C avant et support connecteur Thunderbolt (USB4)<\/span><\/li>\n<li class=\"a-spacing-mini\"><span class=\"a-list-item\">Refroidissement total : Radiateurs VRM, dissipateur thermique du M.2, dissipateur PCH, connecteurs pour ventilateurs hybrides et Fan Xpert 2+<\/span><\/li>\n<li class=\"a-spacing-mini\"><span class=\"a-list-item\">ASUS OptiMem : Acheminement minutieux des trac\u00e9s et des vias pour pr\u00e9server l&#8217;int\u00e9grit\u00e9 des signaux et am\u00e9liorer la stabilit\u00e9 de la m\u00e9moire<\/span><\/li>\n<li class=\"a-spacing-mini\"><span class=\"a-list-item\">\u00c9clairage Aura Sync RGB : Connecteurs Gen 2 adressables int\u00e9gr\u00e9s et connecteur Aura RGB pour bandes de LED RGB, facilement synchronis\u00e9s avec le mat\u00e9riel compatible Aura Sync<\/span><\/li>\n<\/ul>\n","protected":false},"featured_media":7701,"comment_status":"open","ping_status":"closed","template":"","meta":[],"product_brand":[],"product_cat":[66],"product_tag":[79],"class_list":{"0":"post-7698","1":"product","2":"type-product","3":"status-publish","4":"has-post-thumbnail","6":"product_cat-carte-mere","7":"product_tag-carte-mere","9":"first","10":"instock","11":"shipping-taxable","12":"purchasable","13":"product-type-simple"},"yoast_head":"<!-- This site is optimized with the Yoast SEO plugin v26.4 - https:\/\/yoast.com\/wordpress\/plugins\/seo\/ -->\n<title>ASUS PRIME B760-PLUS D4 \u2013 Carte m\u00e8re Intel B760 LGA 1700 ATX (DDR4, PCIe 5.0, 3 x PCIe 4.0 M.2, DisplayPort, VGA, HDMI, SATA 6 Gb\/s, USB 3.2 Gen 2, Thunderbolt USB4 support, Aura Sync RGB) - ProPlaystore<\/title>\n<meta name=\"robots\" content=\"index, follow, max-snippet:-1, max-image-preview:large, max-video-preview:-1\" \/>\n<link rel=\"canonical\" href=\"https:\/\/proplaystore.lu\/index.php\/produit\/asus-prime-b760-plus-d4-carte-mere-intel-b760-lga-1700-atx-ddr4-pcie-5-0-3-x-pcie-4-0-m-2-displayport-vga-hdmi-sata-6-gb-s-usb-3-2-gen-2-thunderbolt-usb4-support-aura-sync-rgb\/\" \/>\n<meta property=\"og:locale\" content=\"en_US\" \/>\n<meta property=\"og:type\" content=\"article\" \/>\n<meta property=\"og:title\" content=\"ASUS PRIME B760-PLUS D4 \u2013 Carte m\u00e8re Intel B760 LGA 1700 ATX (DDR4, PCIe 5.0, 3 x PCIe 4.0 M.2, DisplayPort, VGA, HDMI, SATA 6 Gb\/s, USB 3.2 Gen 2, Thunderbolt USB4 support, Aura Sync RGB) - ProPlaystore\" \/>\n<meta property=\"og:description\" content=\"Socket Intel LGA 1700 : Compatible avec les 13e et 12e Gen de processeurs Intel  Connectivit\u00e9 ultra-rapide : PCIe 5.0, trois PCIe 4.0 M.2, Realtek 2.5Gb Ethernet, USB 3.2 Gen 2x2 Type-C, USB 3.2 Gen 1 Type-C avant et support connecteur Thunderbolt (USB4)  Refroidissement total : Radiateurs VRM, dissipateur thermique du M.2, dissipateur PCH, connecteurs pour ventilateurs hybrides et Fan Xpert 2+  ASUS OptiMem : Acheminement minutieux des trac\u00e9s et des vias pour pr\u00e9server l&#039;int\u00e9grit\u00e9 des signaux et am\u00e9liorer la stabilit\u00e9 de la m\u00e9moire  \u00c9clairage Aura Sync RGB : Connecteurs Gen 2 adressables int\u00e9gr\u00e9s et connecteur Aura RGB pour bandes de LED RGB, facilement synchronis\u00e9s avec le mat\u00e9riel compatible Aura Sync\" \/>\n<meta property=\"og:url\" content=\"https:\/\/proplaystore.lu\/index.php\/produit\/asus-prime-b760-plus-d4-carte-mere-intel-b760-lga-1700-atx-ddr4-pcie-5-0-3-x-pcie-4-0-m-2-displayport-vga-hdmi-sata-6-gb-s-usb-3-2-gen-2-thunderbolt-usb4-support-aura-sync-rgb\/\" \/>\n<meta property=\"og:site_name\" content=\"ProPlaystore\" \/>\n<meta property=\"article:modified_time\" content=\"2025-08-18T18:56:40+00:00\" \/>\n<meta property=\"og:image\" content=\"https:\/\/proplaystore.lu\/wp-content\/uploads\/2025\/08\/81q9RpcrWfL._AC_SX425_.jpg\" \/>\n\t<meta property=\"og:image:width\" content=\"425\" \/>\n\t<meta property=\"og:image:height\" content=\"308\" \/>\n\t<meta property=\"og:image:type\" content=\"image\/jpeg\" \/>\n<meta name=\"twitter:card\" content=\"summary_large_image\" \/>\n<meta name=\"twitter:label1\" content=\"Est. reading time\" \/>\n\t<meta name=\"twitter:data1\" content=\"1 minute\" \/>\n<script type=\"application\/ld+json\" class=\"yoast-schema-graph\">{\"@context\":\"https:\/\/schema.org\",\"@graph\":[{\"@type\":\"WebPage\",\"@id\":\"https:\/\/proplaystore.lu\/index.php\/produit\/asus-prime-b760-plus-d4-carte-mere-intel-b760-lga-1700-atx-ddr4-pcie-5-0-3-x-pcie-4-0-m-2-displayport-vga-hdmi-sata-6-gb-s-usb-3-2-gen-2-thunderbolt-usb4-support-aura-sync-rgb\/\",\"url\":\"https:\/\/proplaystore.lu\/index.php\/produit\/asus-prime-b760-plus-d4-carte-mere-intel-b760-lga-1700-atx-ddr4-pcie-5-0-3-x-pcie-4-0-m-2-displayport-vga-hdmi-sata-6-gb-s-usb-3-2-gen-2-thunderbolt-usb4-support-aura-sync-rgb\/\",\"name\":\"ASUS PRIME B760-PLUS D4 \u2013 Carte m\u00e8re Intel B760 LGA 1700 ATX (DDR4, PCIe 5.0, 3 x PCIe 4.0 M.2, DisplayPort, VGA, HDMI, SATA 6 Gb\/s, USB 3.2 Gen 2, Thunderbolt USB4 support, Aura Sync RGB) - ProPlaystore\",\"isPartOf\":{\"@id\":\"https:\/\/proplaystore.lu\/#website\"},\"primaryImageOfPage\":{\"@id\":\"https:\/\/proplaystore.lu\/index.php\/produit\/asus-prime-b760-plus-d4-carte-mere-intel-b760-lga-1700-atx-ddr4-pcie-5-0-3-x-pcie-4-0-m-2-displayport-vga-hdmi-sata-6-gb-s-usb-3-2-gen-2-thunderbolt-usb4-support-aura-sync-rgb\/#primaryimage\"},\"image\":{\"@id\":\"https:\/\/proplaystore.lu\/index.php\/produit\/asus-prime-b760-plus-d4-carte-mere-intel-b760-lga-1700-atx-ddr4-pcie-5-0-3-x-pcie-4-0-m-2-displayport-vga-hdmi-sata-6-gb-s-usb-3-2-gen-2-thunderbolt-usb4-support-aura-sync-rgb\/#primaryimage\"},\"thumbnailUrl\":\"https:\/\/proplaystore.lu\/wp-content\/uploads\/2025\/08\/81q9RpcrWfL._AC_SX425_.jpg\",\"datePublished\":\"2025-08-17T21:02:54+00:00\",\"dateModified\":\"2025-08-18T18:56:40+00:00\",\"breadcrumb\":{\"@id\":\"https:\/\/proplaystore.lu\/index.php\/produit\/asus-prime-b760-plus-d4-carte-mere-intel-b760-lga-1700-atx-ddr4-pcie-5-0-3-x-pcie-4-0-m-2-displayport-vga-hdmi-sata-6-gb-s-usb-3-2-gen-2-thunderbolt-usb4-support-aura-sync-rgb\/#breadcrumb\"},\"inLanguage\":\"en-US\",\"potentialAction\":[{\"@type\":\"ReadAction\",\"target\":[\"https:\/\/proplaystore.lu\/index.php\/produit\/asus-prime-b760-plus-d4-carte-mere-intel-b760-lga-1700-atx-ddr4-pcie-5-0-3-x-pcie-4-0-m-2-displayport-vga-hdmi-sata-6-gb-s-usb-3-2-gen-2-thunderbolt-usb4-support-aura-sync-rgb\/\"]}]},{\"@type\":\"ImageObject\",\"inLanguage\":\"en-US\",\"@id\":\"https:\/\/proplaystore.lu\/index.php\/produit\/asus-prime-b760-plus-d4-carte-mere-intel-b760-lga-1700-atx-ddr4-pcie-5-0-3-x-pcie-4-0-m-2-displayport-vga-hdmi-sata-6-gb-s-usb-3-2-gen-2-thunderbolt-usb4-support-aura-sync-rgb\/#primaryimage\",\"url\":\"https:\/\/proplaystore.lu\/wp-content\/uploads\/2025\/08\/81q9RpcrWfL._AC_SX425_.jpg\",\"contentUrl\":\"https:\/\/proplaystore.lu\/wp-content\/uploads\/2025\/08\/81q9RpcrWfL._AC_SX425_.jpg\",\"width\":425,\"height\":308},{\"@type\":\"BreadcrumbList\",\"@id\":\"https:\/\/proplaystore.lu\/index.php\/produit\/asus-prime-b760-plus-d4-carte-mere-intel-b760-lga-1700-atx-ddr4-pcie-5-0-3-x-pcie-4-0-m-2-displayport-vga-hdmi-sata-6-gb-s-usb-3-2-gen-2-thunderbolt-usb4-support-aura-sync-rgb\/#breadcrumb\",\"itemListElement\":[{\"@type\":\"ListItem\",\"position\":1,\"name\":\"Accueil\",\"item\":\"https:\/\/proplaystore.lu\/\"},{\"@type\":\"ListItem\",\"position\":2,\"name\":\"Shop\",\"item\":\"https:\/\/proplaystore.lu\/index.php\/shop\/\"},{\"@type\":\"ListItem\",\"position\":3,\"name\":\"ASUS PRIME B760-PLUS D4 \u2013 Carte m\u00e8re Intel B760 LGA 1700 ATX (DDR4, PCIe 5.0, 3 x PCIe 4.0 M.2, DisplayPort, VGA, HDMI, SATA 6 Gb\/s, USB 3.2 Gen 2, Thunderbolt USB4 support, Aura Sync RGB)\"}]},{\"@type\":\"WebSite\",\"@id\":\"https:\/\/proplaystore.lu\/#website\",\"url\":\"https:\/\/proplaystore.lu\/\",\"name\":\"ProPlaystore\",\"description\":\"proplaysre\",\"potentialAction\":[{\"@type\":\"SearchAction\",\"target\":{\"@type\":\"EntryPoint\",\"urlTemplate\":\"https:\/\/proplaystore.lu\/?s={search_term_string}\"},\"query-input\":{\"@type\":\"PropertyValueSpecification\",\"valueRequired\":true,\"valueName\":\"search_term_string\"}}],\"inLanguage\":\"en-US\"}]}<\/script>\n<!-- \/ Yoast SEO plugin. -->","yoast_head_json":{"title":"ASUS PRIME B760-PLUS D4 \u2013 Carte m\u00e8re Intel B760 LGA 1700 ATX (DDR4, PCIe 5.0, 3 x PCIe 4.0 M.2, DisplayPort, VGA, HDMI, SATA 6 Gb\/s, USB 3.2 Gen 2, Thunderbolt USB4 support, Aura Sync RGB) - ProPlaystore","robots":{"index":"index","follow":"follow","max-snippet":"max-snippet:-1","max-image-preview":"max-image-preview:large","max-video-preview":"max-video-preview:-1"},"canonical":"https:\/\/proplaystore.lu\/index.php\/produit\/asus-prime-b760-plus-d4-carte-mere-intel-b760-lga-1700-atx-ddr4-pcie-5-0-3-x-pcie-4-0-m-2-displayport-vga-hdmi-sata-6-gb-s-usb-3-2-gen-2-thunderbolt-usb4-support-aura-sync-rgb\/","og_locale":"en_US","og_type":"article","og_title":"ASUS PRIME B760-PLUS D4 \u2013 Carte m\u00e8re Intel B760 LGA 1700 ATX (DDR4, PCIe 5.0, 3 x PCIe 4.0 M.2, DisplayPort, VGA, HDMI, SATA 6 Gb\/s, USB 3.2 Gen 2, Thunderbolt USB4 support, Aura Sync RGB) - ProPlaystore","og_description":"Socket Intel LGA 1700 : Compatible avec les 13e et 12e Gen de processeurs Intel  Connectivit\u00e9 ultra-rapide : PCIe 5.0, trois PCIe 4.0 M.2, Realtek 2.5Gb Ethernet, USB 3.2 Gen 2x2 Type-C, USB 3.2 Gen 1 Type-C avant et support connecteur Thunderbolt (USB4)  Refroidissement total : Radiateurs VRM, dissipateur thermique du M.2, dissipateur PCH, connecteurs pour ventilateurs hybrides et Fan Xpert 2+  ASUS OptiMem : Acheminement minutieux des trac\u00e9s et des vias pour pr\u00e9server l'int\u00e9grit\u00e9 des signaux et am\u00e9liorer la stabilit\u00e9 de la m\u00e9moire  \u00c9clairage Aura Sync RGB : Connecteurs Gen 2 adressables int\u00e9gr\u00e9s et connecteur Aura RGB pour bandes de LED RGB, facilement synchronis\u00e9s avec le mat\u00e9riel compatible Aura Sync","og_url":"https:\/\/proplaystore.lu\/index.php\/produit\/asus-prime-b760-plus-d4-carte-mere-intel-b760-lga-1700-atx-ddr4-pcie-5-0-3-x-pcie-4-0-m-2-displayport-vga-hdmi-sata-6-gb-s-usb-3-2-gen-2-thunderbolt-usb4-support-aura-sync-rgb\/","og_site_name":"ProPlaystore","article_modified_time":"2025-08-18T18:56:40+00:00","og_image":[{"width":425,"height":308,"url":"https:\/\/proplaystore.lu\/wp-content\/uploads\/2025\/08\/81q9RpcrWfL._AC_SX425_.jpg","type":"image\/jpeg"}],"twitter_card":"summary_large_image","twitter_misc":{"Est. reading time":"1 minute"},"schema":{"@context":"https:\/\/schema.org","@graph":[{"@type":"WebPage","@id":"https:\/\/proplaystore.lu\/index.php\/produit\/asus-prime-b760-plus-d4-carte-mere-intel-b760-lga-1700-atx-ddr4-pcie-5-0-3-x-pcie-4-0-m-2-displayport-vga-hdmi-sata-6-gb-s-usb-3-2-gen-2-thunderbolt-usb4-support-aura-sync-rgb\/","url":"https:\/\/proplaystore.lu\/index.php\/produit\/asus-prime-b760-plus-d4-carte-mere-intel-b760-lga-1700-atx-ddr4-pcie-5-0-3-x-pcie-4-0-m-2-displayport-vga-hdmi-sata-6-gb-s-usb-3-2-gen-2-thunderbolt-usb4-support-aura-sync-rgb\/","name":"ASUS PRIME B760-PLUS D4 \u2013 Carte m\u00e8re Intel B760 LGA 1700 ATX (DDR4, PCIe 5.0, 3 x PCIe 4.0 M.2, DisplayPort, VGA, HDMI, SATA 6 Gb\/s, USB 3.2 Gen 2, Thunderbolt USB4 support, Aura Sync RGB) - ProPlaystore","isPartOf":{"@id":"https:\/\/proplaystore.lu\/#website"},"primaryImageOfPage":{"@id":"https:\/\/proplaystore.lu\/index.php\/produit\/asus-prime-b760-plus-d4-carte-mere-intel-b760-lga-1700-atx-ddr4-pcie-5-0-3-x-pcie-4-0-m-2-displayport-vga-hdmi-sata-6-gb-s-usb-3-2-gen-2-thunderbolt-usb4-support-aura-sync-rgb\/#primaryimage"},"image":{"@id":"https:\/\/proplaystore.lu\/index.php\/produit\/asus-prime-b760-plus-d4-carte-mere-intel-b760-lga-1700-atx-ddr4-pcie-5-0-3-x-pcie-4-0-m-2-displayport-vga-hdmi-sata-6-gb-s-usb-3-2-gen-2-thunderbolt-usb4-support-aura-sync-rgb\/#primaryimage"},"thumbnailUrl":"https:\/\/proplaystore.lu\/wp-content\/uploads\/2025\/08\/81q9RpcrWfL._AC_SX425_.jpg","datePublished":"2025-08-17T21:02:54+00:00","dateModified":"2025-08-18T18:56:40+00:00","breadcrumb":{"@id":"https:\/\/proplaystore.lu\/index.php\/produit\/asus-prime-b760-plus-d4-carte-mere-intel-b760-lga-1700-atx-ddr4-pcie-5-0-3-x-pcie-4-0-m-2-displayport-vga-hdmi-sata-6-gb-s-usb-3-2-gen-2-thunderbolt-usb4-support-aura-sync-rgb\/#breadcrumb"},"inLanguage":"en-US","potentialAction":[{"@type":"ReadAction","target":["https:\/\/proplaystore.lu\/index.php\/produit\/asus-prime-b760-plus-d4-carte-mere-intel-b760-lga-1700-atx-ddr4-pcie-5-0-3-x-pcie-4-0-m-2-displayport-vga-hdmi-sata-6-gb-s-usb-3-2-gen-2-thunderbolt-usb4-support-aura-sync-rgb\/"]}]},{"@type":"ImageObject","inLanguage":"en-US","@id":"https:\/\/proplaystore.lu\/index.php\/produit\/asus-prime-b760-plus-d4-carte-mere-intel-b760-lga-1700-atx-ddr4-pcie-5-0-3-x-pcie-4-0-m-2-displayport-vga-hdmi-sata-6-gb-s-usb-3-2-gen-2-thunderbolt-usb4-support-aura-sync-rgb\/#primaryimage","url":"https:\/\/proplaystore.lu\/wp-content\/uploads\/2025\/08\/81q9RpcrWfL._AC_SX425_.jpg","contentUrl":"https:\/\/proplaystore.lu\/wp-content\/uploads\/2025\/08\/81q9RpcrWfL._AC_SX425_.jpg","width":425,"height":308},{"@type":"BreadcrumbList","@id":"https:\/\/proplaystore.lu\/index.php\/produit\/asus-prime-b760-plus-d4-carte-mere-intel-b760-lga-1700-atx-ddr4-pcie-5-0-3-x-pcie-4-0-m-2-displayport-vga-hdmi-sata-6-gb-s-usb-3-2-gen-2-thunderbolt-usb4-support-aura-sync-rgb\/#breadcrumb","itemListElement":[{"@type":"ListItem","position":1,"name":"Accueil","item":"https:\/\/proplaystore.lu\/"},{"@type":"ListItem","position":2,"name":"Shop","item":"https:\/\/proplaystore.lu\/index.php\/shop\/"},{"@type":"ListItem","position":3,"name":"ASUS PRIME B760-PLUS D4 \u2013 Carte m\u00e8re Intel B760 LGA 1700 ATX (DDR4, PCIe 5.0, 3 x PCIe 4.0 M.2, DisplayPort, VGA, HDMI, SATA 6 Gb\/s, USB 3.2 Gen 2, Thunderbolt USB4 support, Aura Sync RGB)"}]},{"@type":"WebSite","@id":"https:\/\/proplaystore.lu\/#website","url":"https:\/\/proplaystore.lu\/","name":"ProPlaystore","description":"proplaysre","potentialAction":[{"@type":"SearchAction","target":{"@type":"EntryPoint","urlTemplate":"https:\/\/proplaystore.lu\/?s={search_term_string}"},"query-input":{"@type":"PropertyValueSpecification","valueRequired":true,"valueName":"search_term_string"}}],"inLanguage":"en-US"}]}},"_links":{"self":[{"href":"https:\/\/proplaystore.lu\/index.php\/wp-json\/wp\/v2\/product\/7698","targetHints":{"allow":["GET"]}}],"collection":[{"href":"https:\/\/proplaystore.lu\/index.php\/wp-json\/wp\/v2\/product"}],"about":[{"href":"https:\/\/proplaystore.lu\/index.php\/wp-json\/wp\/v2\/types\/product"}],"replies":[{"embeddable":true,"href":"https:\/\/proplaystore.lu\/index.php\/wp-json\/wp\/v2\/comments?post=7698"}],"wp:featuredmedia":[{"embeddable":true,"href":"https:\/\/proplaystore.lu\/index.php\/wp-json\/wp\/v2\/media\/7701"}],"wp:attachment":[{"href":"https:\/\/proplaystore.lu\/index.php\/wp-json\/wp\/v2\/media?parent=7698"}],"wp:term":[{"taxonomy":"product_brand","embeddable":true,"href":"https:\/\/proplaystore.lu\/index.php\/wp-json\/wp\/v2\/product_brand?post=7698"},{"taxonomy":"product_cat","embeddable":true,"href":"https:\/\/proplaystore.lu\/index.php\/wp-json\/wp\/v2\/product_cat?post=7698"},{"taxonomy":"product_tag","embeddable":true,"href":"https:\/\/proplaystore.lu\/index.php\/wp-json\/wp\/v2\/product_tag?post=7698"}],"curies":[{"name":"wp","href":"https:\/\/api.w.org\/{rel}","templated":true}]}}