{"id":7702,"date":"2025-08-17T21:04:42","date_gmt":"2025-08-17T21:04:42","guid":{"rendered":"https:\/\/proplaystore.lu\/?post_type=product&#038;p=7702"},"modified":"2025-08-18T18:55:24","modified_gmt":"2025-08-18T18:55:24","slug":"gigabyte-carte-mere-b760m-gaming-plus-wifi-ddr4-prend-en-charge-les-processeurs-intel-core-de-14e-generation-vrm-411-phases-jusqua-5333-mhz-ddr4-oc-2-x-pcie-4-0-m-2-wi-fi-6-1-gbe-lan-usb","status":"publish","type":"product","link":"https:\/\/proplaystore.lu\/index.php\/produit\/gigabyte-carte-mere-b760m-gaming-plus-wifi-ddr4-prend-en-charge-les-processeurs-intel-core-de-14e-generation-vrm-411-phases-jusqua-5333-mhz-ddr4-oc-2-x-pcie-4-0-m-2-wi-fi-6-1-gbe-lan-usb\/","title":{"rendered":"GIGABYTE Carte m\u00e8re B760M Gaming Plus WiFi DDR4 &#8211; Prend en Charge Les processeurs Intel Core de 14e g\u00e9n\u00e9ration, VRM 4+1+1 Phases, jusqu&#8217;\u00e0 5333 MHz DDR4 (OC), 2 x PCIe 4.0 M.2, Wi-FI 6, 1 GbE LAN, USB"},"content":{"rendered":"<h2 data-start=\"1558\" data-end=\"1580\"><strong data-start=\"1561\" data-end=\"1580\">Fiche technique<\/strong><\/h2>\n<table class=\"a-normal a-spacing-micro\" role=\"list\">\n<tbody>\n<tr class=\"a-spacing-small po-brand\" role=\"listitem\">\n<td class=\"a-span3\" role=\"presentation\"><span class=\"a-size-base a-text-bold\">Marque<\/span><\/td>\n<td class=\"a-span9\" role=\"presentation\"><span class=\"a-size-base po-break-word\">GIGABYTE<\/span><\/td>\n<\/tr>\n<tr class=\"a-spacing-small po-cpu_model.socket\" role=\"listitem\">\n<td class=\"a-span3\" role=\"presentation\"><span class=\"a-size-base a-text-bold\">Socket du CPU<\/span><\/td>\n<td class=\"a-span9\" role=\"presentation\"><span class=\"a-size-base po-break-word\">LGA 1700<\/span><\/td>\n<\/tr>\n<tr class=\"a-spacing-small po-compatible_devices\" role=\"listitem\">\n<td class=\"a-span3\" role=\"presentation\"><span class=\"a-size-base a-text-bold\">Appareils compatibles<\/span><\/td>\n<td class=\"a-span9\" role=\"presentation\"><span class=\"a-size-base po-break-word\">Ordinateur personnel<\/span><\/td>\n<\/tr>\n<tr class=\"a-spacing-small po-ram_memory.technology\" role=\"listitem\">\n<td class=\"a-span3\" role=\"presentation\"><span class=\"a-size-base a-text-bold\">Technologie de m\u00e9moire RAM<\/span><\/td>\n<td class=\"a-span9\" role=\"presentation\"><span class=\"a-size-base po-break-word\">DDR4<\/span><\/td>\n<\/tr>\n<tr class=\"a-spacing-small po-compatible_processor_types\" role=\"listitem\">\n<td class=\"a-span3\" role=\"presentation\"><span class=\"a-size-base a-text-bold\">Processeurs compatibles<\/span><\/td>\n<td class=\"a-span9\" role=\"presentation\"><span class=\"a-size-base\"><span class=\"a-truncate po-truncate-attribute\" data-a-word-break=\"normal\" data-a-truncate-name=\"po-attribute-truncate-4\" data-a-max-rows=\"3\" data-a-overflow-marker=\"&amp;hellip;\" data-a-recalculate=\"false\" data-a-updated=\"true\"><span class=\"a-truncate-full a-offscreen\">Intel Celeron, Intel Core i3 12e g\u00e9n\u00e9ration, Intel Core i3 13e g\u00e9n\u00e9ration, Intel Core i3 14e g\u00e9n\u00e9ration, Intel Core i5 12e g\u00e9n\u00e9ration, Intel Core i5 13e g\u00e9n\u00e9ration, Intel Core i5 14e g\u00e9n\u00e9ration, Intel Core i7 12e g\u00e9n\u00e9ration, Intel Core i7 14e g\u00e9n\u00e9ration, Intel Core i7 14e g\u00e9n\u00e9ration, Intel Core i9 1. 2e g\u00e9n\u00e9ration, Intel Core i9 13e g\u00e9n\u00e9ration, Intel Core i9 14e g\u00e9n\u00e9ration, Intel Pentium<\/span><span class=\"a-truncate-cut\" aria-hidden=\"true\">Intel Celeron, Intel Core i3 12e g\u00e9n\u00e9ration, Intel Core i3 13e g\u00e9n\u00e9ration, Intel Core i3 14e g\u00e9n\u00e9ration, Intel Core i5 12e g\u00e9n\u00e9ration, Intel Core i5 13e g\u00e9n\u00e9ration, Intel Core i5 14e g\u00e9n\u00e9ration, Intel Core i7 12e g\u00e9n\u00e9ration, Intel Core i7 14e g\u00e9n\u00e9ration, Intel Core i\u2026<\/span><\/span>\u00a0<\/span><\/td>\n<\/tr>\n<tr class=\"a-spacing-small po-chipset_type\" role=\"listitem\">\n<td class=\"a-span3\" role=\"presentation\"><span class=\"a-size-base a-text-bold\">Type de chipset<\/span><\/td>\n<td class=\"a-span9\" role=\"presentation\"><span class=\"a-size-base po-break-word\">Intel B760<\/span><\/td>\n<\/tr>\n<tr class=\"a-spacing-small po-memory_clock_speed\" role=\"listitem\">\n<td class=\"a-span3\" role=\"presentation\"><span class=\"a-size-base a-text-bold\">Vitesse d&#8217;horloge de m\u00e9moire<\/span><\/td>\n<td class=\"a-span9\" role=\"presentation\"><span class=\"a-size-base po-break-word\">5333 MHz<\/span><\/td>\n<\/tr>\n<tr class=\"a-spacing-small po-platform\" role=\"listitem\">\n<td class=\"a-span3\" role=\"presentation\"><span class=\"a-size-base a-text-bold\">Plateforme<\/span><\/td>\n<td class=\"a-span9\" role=\"presentation\"><span class=\"a-size-base po-break-word\">Windows<\/span><\/td>\n<\/tr>\n<tr class=\"a-spacing-small po-model_name\" role=\"listitem\">\n<td class=\"a-span3\" role=\"presentation\"><span class=\"a-size-base a-text-bold\">Nom de mod\u00e8le<\/span><\/td>\n<td class=\"a-span9\" role=\"presentation\"><span class=\"a-size-base po-break-word\">B760M G P WIFI DDR4<\/span><\/td>\n<\/tr>\n<tr class=\"a-spacing-small po-cpu_model.family\" role=\"listitem\">\n<td class=\"a-span3\" role=\"presentation\"><span class=\"a-size-base a-text-bold\">Mod\u00e8le du\u00a0CPU<\/span><\/td>\n<td class=\"a-span9\" role=\"presentation\"><span class=\"a-size-base po-break-word\">Celeron<\/span><\/td>\n<\/tr>\n<\/tbody>\n<\/table>\n<p>&nbsp;<\/p>\n<p>&nbsp;<\/p>\n<p>&nbsp;<\/p>\n","protected":false},"excerpt":{"rendered":"<ul class=\"a-unordered-list a-vertical\">\n<li class=\"a-spacing-mini\"><span class=\"a-list-item\">Performance in\u00e9gal\u00e9e : solution VRM num\u00e9rique hybride 4+1+1 phases<\/span><\/li>\n<li class=\"a-spacing-mini\"><span class=\"a-list-item\">Double canal DDR4 : 4 modules de m\u00e9moire DIMM XMP<\/span><\/li>\n<li class=\"a-spacing-mini\"><span class=\"a-list-item\">Stockage nouvelle g\u00e9n\u00e9ration : 2 connecteurs PCIe 4.0 x4 M.2<\/span><\/li>\n<li class=\"a-spacing-mini\"><span class=\"a-list-item\">R\u00e9seaux rapides : Wi-Fi 6 802.11ax, GbE LAN<\/span><\/li>\n<li class=\"a-spacing-mini\"><span class=\"a-list-item\">Connectivit\u00e9 \u00e9tendue : USB-C 5 Go\/s, DP, HDMI<\/span><\/li>\n<li class=\"a-spacing-mini\"><span class=\"a-list-item\">Ventilateur intelligent 6 : dispose de plusieurs capteurs de temp\u00e9rature, d&#8217;en-t\u00eates de ventilateur hybrides avec arr\u00eat du ventilateur<\/span><\/li>\n<li class=\"a-spacing-mini\"><span class=\"a-list-item\">Q-Flash Plus : mise \u00e0 jour du BIOS sans installer le processeur, la m\u00e9moire et la carte graphique<\/span><\/li>\n<\/ul>\n","protected":false},"featured_media":7705,"comment_status":"open","ping_status":"closed","template":"","meta":[],"product_brand":[],"product_cat":[66],"product_tag":[79],"class_list":{"0":"post-7702","1":"product","2":"type-product","3":"status-publish","4":"has-post-thumbnail","6":"product_cat-carte-mere","7":"product_tag-carte-mere","9":"first","10":"instock","11":"shipping-taxable","12":"purchasable","13":"product-type-simple"},"yoast_head":"<!-- This site is optimized with the Yoast SEO plugin v26.4 - https:\/\/yoast.com\/wordpress\/plugins\/seo\/ -->\n<title>GIGABYTE Carte m\u00e8re B760M Gaming Plus WiFi DDR4 - Prend en Charge Les processeurs Intel Core de 14e g\u00e9n\u00e9ration, VRM 4+1+1 Phases, jusqu&#039;\u00e0 5333 MHz DDR4 (OC), 2 x PCIe 4.0 M.2, Wi-FI 6, 1 GbE LAN, USB - ProPlaystore<\/title>\n<meta name=\"robots\" content=\"index, follow, max-snippet:-1, max-image-preview:large, max-video-preview:-1\" \/>\n<link rel=\"canonical\" href=\"https:\/\/proplaystore.lu\/index.php\/produit\/gigabyte-carte-mere-b760m-gaming-plus-wifi-ddr4-prend-en-charge-les-processeurs-intel-core-de-14e-generation-vrm-411-phases-jusqua-5333-mhz-ddr4-oc-2-x-pcie-4-0-m-2-wi-fi-6-1-gbe-lan-usb\/\" \/>\n<meta property=\"og:locale\" content=\"en_US\" \/>\n<meta property=\"og:type\" content=\"article\" \/>\n<meta property=\"og:title\" content=\"GIGABYTE Carte m\u00e8re B760M Gaming Plus WiFi DDR4 - Prend en Charge Les processeurs Intel Core de 14e g\u00e9n\u00e9ration, VRM 4+1+1 Phases, jusqu&#039;\u00e0 5333 MHz DDR4 (OC), 2 x PCIe 4.0 M.2, Wi-FI 6, 1 GbE LAN, USB - ProPlaystore\" \/>\n<meta property=\"og:description\" content=\"Performance in\u00e9gal\u00e9e : solution VRM num\u00e9rique hybride 4+1+1 phases  Double canal DDR4 : 4 modules de m\u00e9moire DIMM XMP  Stockage nouvelle g\u00e9n\u00e9ration : 2 connecteurs PCIe 4.0 x4 M.2  R\u00e9seaux rapides : Wi-Fi 6 802.11ax, GbE LAN  Connectivit\u00e9 \u00e9tendue : USB-C 5 Go\/s, DP, HDMI  Ventilateur intelligent 6 : dispose de plusieurs capteurs de temp\u00e9rature, d&#039;en-t\u00eates de ventilateur hybrides avec arr\u00eat du ventilateur  Q-Flash Plus : mise \u00e0 jour du BIOS sans installer le processeur, la m\u00e9moire et la carte graphique\" \/>\n<meta property=\"og:url\" content=\"https:\/\/proplaystore.lu\/index.php\/produit\/gigabyte-carte-mere-b760m-gaming-plus-wifi-ddr4-prend-en-charge-les-processeurs-intel-core-de-14e-generation-vrm-411-phases-jusqua-5333-mhz-ddr4-oc-2-x-pcie-4-0-m-2-wi-fi-6-1-gbe-lan-usb\/\" \/>\n<meta property=\"og:site_name\" content=\"ProPlaystore\" \/>\n<meta property=\"article:modified_time\" content=\"2025-08-18T18:55:24+00:00\" \/>\n<meta property=\"og:image\" content=\"https:\/\/proplaystore.lu\/wp-content\/uploads\/2025\/08\/81RRqNOJOL._AC_SX425_.jpg\" \/>\n\t<meta property=\"og:image:width\" content=\"425\" \/>\n\t<meta property=\"og:image:height\" content=\"264\" \/>\n\t<meta property=\"og:image:type\" content=\"image\/jpeg\" \/>\n<meta name=\"twitter:card\" content=\"summary_large_image\" \/>\n<meta name=\"twitter:label1\" content=\"Est. reading time\" \/>\n\t<meta name=\"twitter:data1\" content=\"1 minute\" \/>\n<script type=\"application\/ld+json\" class=\"yoast-schema-graph\">{\"@context\":\"https:\/\/schema.org\",\"@graph\":[{\"@type\":\"WebPage\",\"@id\":\"https:\/\/proplaystore.lu\/index.php\/produit\/gigabyte-carte-mere-b760m-gaming-plus-wifi-ddr4-prend-en-charge-les-processeurs-intel-core-de-14e-generation-vrm-411-phases-jusqua-5333-mhz-ddr4-oc-2-x-pcie-4-0-m-2-wi-fi-6-1-gbe-lan-usb\/\",\"url\":\"https:\/\/proplaystore.lu\/index.php\/produit\/gigabyte-carte-mere-b760m-gaming-plus-wifi-ddr4-prend-en-charge-les-processeurs-intel-core-de-14e-generation-vrm-411-phases-jusqua-5333-mhz-ddr4-oc-2-x-pcie-4-0-m-2-wi-fi-6-1-gbe-lan-usb\/\",\"name\":\"GIGABYTE Carte m\u00e8re B760M Gaming Plus WiFi DDR4 - Prend en Charge Les processeurs Intel Core de 14e g\u00e9n\u00e9ration, VRM 4+1+1 Phases, jusqu'\u00e0 5333 MHz DDR4 (OC), 2 x PCIe 4.0 M.2, Wi-FI 6, 1 GbE LAN, USB - ProPlaystore\",\"isPartOf\":{\"@id\":\"https:\/\/proplaystore.lu\/#website\"},\"primaryImageOfPage\":{\"@id\":\"https:\/\/proplaystore.lu\/index.php\/produit\/gigabyte-carte-mere-b760m-gaming-plus-wifi-ddr4-prend-en-charge-les-processeurs-intel-core-de-14e-generation-vrm-411-phases-jusqua-5333-mhz-ddr4-oc-2-x-pcie-4-0-m-2-wi-fi-6-1-gbe-lan-usb\/#primaryimage\"},\"image\":{\"@id\":\"https:\/\/proplaystore.lu\/index.php\/produit\/gigabyte-carte-mere-b760m-gaming-plus-wifi-ddr4-prend-en-charge-les-processeurs-intel-core-de-14e-generation-vrm-411-phases-jusqua-5333-mhz-ddr4-oc-2-x-pcie-4-0-m-2-wi-fi-6-1-gbe-lan-usb\/#primaryimage\"},\"thumbnailUrl\":\"https:\/\/proplaystore.lu\/wp-content\/uploads\/2025\/08\/81RRqNOJOL._AC_SX425_.jpg\",\"datePublished\":\"2025-08-17T21:04:42+00:00\",\"dateModified\":\"2025-08-18T18:55:24+00:00\",\"breadcrumb\":{\"@id\":\"https:\/\/proplaystore.lu\/index.php\/produit\/gigabyte-carte-mere-b760m-gaming-plus-wifi-ddr4-prend-en-charge-les-processeurs-intel-core-de-14e-generation-vrm-411-phases-jusqua-5333-mhz-ddr4-oc-2-x-pcie-4-0-m-2-wi-fi-6-1-gbe-lan-usb\/#breadcrumb\"},\"inLanguage\":\"en-US\",\"potentialAction\":[{\"@type\":\"ReadAction\",\"target\":[\"https:\/\/proplaystore.lu\/index.php\/produit\/gigabyte-carte-mere-b760m-gaming-plus-wifi-ddr4-prend-en-charge-les-processeurs-intel-core-de-14e-generation-vrm-411-phases-jusqua-5333-mhz-ddr4-oc-2-x-pcie-4-0-m-2-wi-fi-6-1-gbe-lan-usb\/\"]}]},{\"@type\":\"ImageObject\",\"inLanguage\":\"en-US\",\"@id\":\"https:\/\/proplaystore.lu\/index.php\/produit\/gigabyte-carte-mere-b760m-gaming-plus-wifi-ddr4-prend-en-charge-les-processeurs-intel-core-de-14e-generation-vrm-411-phases-jusqua-5333-mhz-ddr4-oc-2-x-pcie-4-0-m-2-wi-fi-6-1-gbe-lan-usb\/#primaryimage\",\"url\":\"https:\/\/proplaystore.lu\/wp-content\/uploads\/2025\/08\/81RRqNOJOL._AC_SX425_.jpg\",\"contentUrl\":\"https:\/\/proplaystore.lu\/wp-content\/uploads\/2025\/08\/81RRqNOJOL._AC_SX425_.jpg\",\"width\":425,\"height\":264},{\"@type\":\"BreadcrumbList\",\"@id\":\"https:\/\/proplaystore.lu\/index.php\/produit\/gigabyte-carte-mere-b760m-gaming-plus-wifi-ddr4-prend-en-charge-les-processeurs-intel-core-de-14e-generation-vrm-411-phases-jusqua-5333-mhz-ddr4-oc-2-x-pcie-4-0-m-2-wi-fi-6-1-gbe-lan-usb\/#breadcrumb\",\"itemListElement\":[{\"@type\":\"ListItem\",\"position\":1,\"name\":\"Accueil\",\"item\":\"https:\/\/proplaystore.lu\/\"},{\"@type\":\"ListItem\",\"position\":2,\"name\":\"Shop\",\"item\":\"https:\/\/proplaystore.lu\/index.php\/shop\/\"},{\"@type\":\"ListItem\",\"position\":3,\"name\":\"GIGABYTE Carte m\u00e8re B760M Gaming Plus WiFi DDR4 &#8211; Prend en Charge Les processeurs Intel Core de 14e g\u00e9n\u00e9ration, VRM 4+1+1 Phases, jusqu&#8217;\u00e0 5333 MHz DDR4 (OC), 2 x PCIe 4.0 M.2, Wi-FI 6, 1 GbE LAN, USB\"}]},{\"@type\":\"WebSite\",\"@id\":\"https:\/\/proplaystore.lu\/#website\",\"url\":\"https:\/\/proplaystore.lu\/\",\"name\":\"ProPlaystore\",\"description\":\"proplaysre\",\"potentialAction\":[{\"@type\":\"SearchAction\",\"target\":{\"@type\":\"EntryPoint\",\"urlTemplate\":\"https:\/\/proplaystore.lu\/?s={search_term_string}\"},\"query-input\":{\"@type\":\"PropertyValueSpecification\",\"valueRequired\":true,\"valueName\":\"search_term_string\"}}],\"inLanguage\":\"en-US\"}]}<\/script>\n<!-- \/ Yoast SEO plugin. -->","yoast_head_json":{"title":"GIGABYTE Carte m\u00e8re B760M Gaming Plus WiFi DDR4 - Prend en Charge Les processeurs Intel Core de 14e g\u00e9n\u00e9ration, VRM 4+1+1 Phases, jusqu'\u00e0 5333 MHz DDR4 (OC), 2 x PCIe 4.0 M.2, Wi-FI 6, 1 GbE LAN, USB - ProPlaystore","robots":{"index":"index","follow":"follow","max-snippet":"max-snippet:-1","max-image-preview":"max-image-preview:large","max-video-preview":"max-video-preview:-1"},"canonical":"https:\/\/proplaystore.lu\/index.php\/produit\/gigabyte-carte-mere-b760m-gaming-plus-wifi-ddr4-prend-en-charge-les-processeurs-intel-core-de-14e-generation-vrm-411-phases-jusqua-5333-mhz-ddr4-oc-2-x-pcie-4-0-m-2-wi-fi-6-1-gbe-lan-usb\/","og_locale":"en_US","og_type":"article","og_title":"GIGABYTE Carte m\u00e8re B760M Gaming Plus WiFi DDR4 - Prend en Charge Les processeurs Intel Core de 14e g\u00e9n\u00e9ration, VRM 4+1+1 Phases, jusqu'\u00e0 5333 MHz DDR4 (OC), 2 x PCIe 4.0 M.2, Wi-FI 6, 1 GbE LAN, USB - ProPlaystore","og_description":"Performance in\u00e9gal\u00e9e : solution VRM num\u00e9rique hybride 4+1+1 phases  Double canal DDR4 : 4 modules de m\u00e9moire DIMM XMP  Stockage nouvelle g\u00e9n\u00e9ration : 2 connecteurs PCIe 4.0 x4 M.2  R\u00e9seaux rapides : Wi-Fi 6 802.11ax, GbE LAN  Connectivit\u00e9 \u00e9tendue : USB-C 5 Go\/s, DP, HDMI  Ventilateur intelligent 6 : dispose de plusieurs capteurs de temp\u00e9rature, d'en-t\u00eates de ventilateur hybrides avec arr\u00eat du ventilateur  Q-Flash Plus : mise \u00e0 jour du BIOS sans installer le processeur, la m\u00e9moire et la carte graphique","og_url":"https:\/\/proplaystore.lu\/index.php\/produit\/gigabyte-carte-mere-b760m-gaming-plus-wifi-ddr4-prend-en-charge-les-processeurs-intel-core-de-14e-generation-vrm-411-phases-jusqua-5333-mhz-ddr4-oc-2-x-pcie-4-0-m-2-wi-fi-6-1-gbe-lan-usb\/","og_site_name":"ProPlaystore","article_modified_time":"2025-08-18T18:55:24+00:00","og_image":[{"width":425,"height":264,"url":"https:\/\/proplaystore.lu\/wp-content\/uploads\/2025\/08\/81RRqNOJOL._AC_SX425_.jpg","type":"image\/jpeg"}],"twitter_card":"summary_large_image","twitter_misc":{"Est. reading time":"1 minute"},"schema":{"@context":"https:\/\/schema.org","@graph":[{"@type":"WebPage","@id":"https:\/\/proplaystore.lu\/index.php\/produit\/gigabyte-carte-mere-b760m-gaming-plus-wifi-ddr4-prend-en-charge-les-processeurs-intel-core-de-14e-generation-vrm-411-phases-jusqua-5333-mhz-ddr4-oc-2-x-pcie-4-0-m-2-wi-fi-6-1-gbe-lan-usb\/","url":"https:\/\/proplaystore.lu\/index.php\/produit\/gigabyte-carte-mere-b760m-gaming-plus-wifi-ddr4-prend-en-charge-les-processeurs-intel-core-de-14e-generation-vrm-411-phases-jusqua-5333-mhz-ddr4-oc-2-x-pcie-4-0-m-2-wi-fi-6-1-gbe-lan-usb\/","name":"GIGABYTE Carte m\u00e8re B760M Gaming Plus WiFi DDR4 - Prend en Charge Les processeurs Intel Core de 14e g\u00e9n\u00e9ration, VRM 4+1+1 Phases, jusqu'\u00e0 5333 MHz DDR4 (OC), 2 x PCIe 4.0 M.2, Wi-FI 6, 1 GbE LAN, USB - ProPlaystore","isPartOf":{"@id":"https:\/\/proplaystore.lu\/#website"},"primaryImageOfPage":{"@id":"https:\/\/proplaystore.lu\/index.php\/produit\/gigabyte-carte-mere-b760m-gaming-plus-wifi-ddr4-prend-en-charge-les-processeurs-intel-core-de-14e-generation-vrm-411-phases-jusqua-5333-mhz-ddr4-oc-2-x-pcie-4-0-m-2-wi-fi-6-1-gbe-lan-usb\/#primaryimage"},"image":{"@id":"https:\/\/proplaystore.lu\/index.php\/produit\/gigabyte-carte-mere-b760m-gaming-plus-wifi-ddr4-prend-en-charge-les-processeurs-intel-core-de-14e-generation-vrm-411-phases-jusqua-5333-mhz-ddr4-oc-2-x-pcie-4-0-m-2-wi-fi-6-1-gbe-lan-usb\/#primaryimage"},"thumbnailUrl":"https:\/\/proplaystore.lu\/wp-content\/uploads\/2025\/08\/81RRqNOJOL._AC_SX425_.jpg","datePublished":"2025-08-17T21:04:42+00:00","dateModified":"2025-08-18T18:55:24+00:00","breadcrumb":{"@id":"https:\/\/proplaystore.lu\/index.php\/produit\/gigabyte-carte-mere-b760m-gaming-plus-wifi-ddr4-prend-en-charge-les-processeurs-intel-core-de-14e-generation-vrm-411-phases-jusqua-5333-mhz-ddr4-oc-2-x-pcie-4-0-m-2-wi-fi-6-1-gbe-lan-usb\/#breadcrumb"},"inLanguage":"en-US","potentialAction":[{"@type":"ReadAction","target":["https:\/\/proplaystore.lu\/index.php\/produit\/gigabyte-carte-mere-b760m-gaming-plus-wifi-ddr4-prend-en-charge-les-processeurs-intel-core-de-14e-generation-vrm-411-phases-jusqua-5333-mhz-ddr4-oc-2-x-pcie-4-0-m-2-wi-fi-6-1-gbe-lan-usb\/"]}]},{"@type":"ImageObject","inLanguage":"en-US","@id":"https:\/\/proplaystore.lu\/index.php\/produit\/gigabyte-carte-mere-b760m-gaming-plus-wifi-ddr4-prend-en-charge-les-processeurs-intel-core-de-14e-generation-vrm-411-phases-jusqua-5333-mhz-ddr4-oc-2-x-pcie-4-0-m-2-wi-fi-6-1-gbe-lan-usb\/#primaryimage","url":"https:\/\/proplaystore.lu\/wp-content\/uploads\/2025\/08\/81RRqNOJOL._AC_SX425_.jpg","contentUrl":"https:\/\/proplaystore.lu\/wp-content\/uploads\/2025\/08\/81RRqNOJOL._AC_SX425_.jpg","width":425,"height":264},{"@type":"BreadcrumbList","@id":"https:\/\/proplaystore.lu\/index.php\/produit\/gigabyte-carte-mere-b760m-gaming-plus-wifi-ddr4-prend-en-charge-les-processeurs-intel-core-de-14e-generation-vrm-411-phases-jusqua-5333-mhz-ddr4-oc-2-x-pcie-4-0-m-2-wi-fi-6-1-gbe-lan-usb\/#breadcrumb","itemListElement":[{"@type":"ListItem","position":1,"name":"Accueil","item":"https:\/\/proplaystore.lu\/"},{"@type":"ListItem","position":2,"name":"Shop","item":"https:\/\/proplaystore.lu\/index.php\/shop\/"},{"@type":"ListItem","position":3,"name":"GIGABYTE Carte m\u00e8re B760M Gaming Plus WiFi DDR4 &#8211; Prend en Charge Les processeurs Intel Core de 14e g\u00e9n\u00e9ration, VRM 4+1+1 Phases, jusqu&#8217;\u00e0 5333 MHz DDR4 (OC), 2 x PCIe 4.0 M.2, Wi-FI 6, 1 GbE LAN, USB"}]},{"@type":"WebSite","@id":"https:\/\/proplaystore.lu\/#website","url":"https:\/\/proplaystore.lu\/","name":"ProPlaystore","description":"proplaysre","potentialAction":[{"@type":"SearchAction","target":{"@type":"EntryPoint","urlTemplate":"https:\/\/proplaystore.lu\/?s={search_term_string}"},"query-input":{"@type":"PropertyValueSpecification","valueRequired":true,"valueName":"search_term_string"}}],"inLanguage":"en-US"}]}},"_links":{"self":[{"href":"https:\/\/proplaystore.lu\/index.php\/wp-json\/wp\/v2\/product\/7702","targetHints":{"allow":["GET"]}}],"collection":[{"href":"https:\/\/proplaystore.lu\/index.php\/wp-json\/wp\/v2\/product"}],"about":[{"href":"https:\/\/proplaystore.lu\/index.php\/wp-json\/wp\/v2\/types\/product"}],"replies":[{"embeddable":true,"href":"https:\/\/proplaystore.lu\/index.php\/wp-json\/wp\/v2\/comments?post=7702"}],"wp:featuredmedia":[{"embeddable":true,"href":"https:\/\/proplaystore.lu\/index.php\/wp-json\/wp\/v2\/media\/7705"}],"wp:attachment":[{"href":"https:\/\/proplaystore.lu\/index.php\/wp-json\/wp\/v2\/media?parent=7702"}],"wp:term":[{"taxonomy":"product_brand","embeddable":true,"href":"https:\/\/proplaystore.lu\/index.php\/wp-json\/wp\/v2\/product_brand?post=7702"},{"taxonomy":"product_cat","embeddable":true,"href":"https:\/\/proplaystore.lu\/index.php\/wp-json\/wp\/v2\/product_cat?post=7702"},{"taxonomy":"product_tag","embeddable":true,"href":"https:\/\/proplaystore.lu\/index.php\/wp-json\/wp\/v2\/product_tag?post=7702"}],"curies":[{"name":"wp","href":"https:\/\/api.w.org\/{rel}","templated":true}]}}