{"id":7719,"date":"2025-08-17T21:15:31","date_gmt":"2025-08-17T21:15:31","guid":{"rendered":"https:\/\/proplaystore.lu\/?post_type=product&#038;p=7719"},"modified":"2025-08-18T18:44:42","modified_gmt":"2025-08-18T18:44:42","slug":"msi-b760-b760-gaming-plus-wifi-carte-mere-atx-pour-processeurs-intel-core-14e-13e-12e-generation-lga-1700-ddr5-memory-boost-6800mhz-oc-slots-pcie-4-0-x16-slots-m-2-gen4-wi-fi-6e","status":"publish","type":"product","link":"https:\/\/proplaystore.lu\/index.php\/produit\/msi-b760-b760-gaming-plus-wifi-carte-mere-atx-pour-processeurs-intel-core-14e-13e-12e-generation-lga-1700-ddr5-memory-boost-6800mhz-oc-slots-pcie-4-0-x16-slots-m-2-gen4-wi-fi-6e\/","title":{"rendered":"MSI B760 B760 GAMING PLUS WIFI Carte M\u00e8re, ATX &#8211; Pour Processeurs Intel Core 14e, 13e &#038; 12e G\u00e9n\u00e9ration, LGA 1700 &#8211; DDR5 Memory Boost 6800+MHz\/OC, Slots PCIe 4.0 x16, Slots M.2 Gen4, Wi-Fi 6E"},"content":{"rendered":"<h2 data-start=\"1558\" data-end=\"1580\"><strong data-start=\"1561\" data-end=\"1580\">Fiche technique<\/strong><\/h2>\n<table class=\"a-normal a-spacing-micro\" role=\"list\">\n<tbody>\n<tr class=\"a-spacing-small po-brand\" role=\"listitem\">\n<td class=\"a-span3\" role=\"presentation\"><span class=\"a-size-base a-text-bold\">Marque<\/span><\/td>\n<td class=\"a-span9\" role=\"presentation\"><span class=\"a-size-base po-break-word\">MSI<\/span><\/td>\n<\/tr>\n<tr class=\"a-spacing-small po-cpu_model.socket\" role=\"listitem\">\n<td class=\"a-span3\" role=\"presentation\"><span class=\"a-size-base a-text-bold\">Socket du CPU<\/span><\/td>\n<td class=\"a-span9\" role=\"presentation\"><span class=\"a-size-base po-break-word\">LGA 1700<\/span><\/td>\n<\/tr>\n<tr class=\"a-spacing-small po-compatible_devices\" role=\"listitem\">\n<td class=\"a-span3\" role=\"presentation\"><span class=\"a-size-base a-text-bold\">Appareils compatibles<\/span><\/td>\n<td class=\"a-span9\" role=\"presentation\"><span class=\"a-size-base po-break-word\">Ordinateur personnel<\/span><\/td>\n<\/tr>\n<tr class=\"a-spacing-small po-ram_memory.technology\" role=\"listitem\">\n<td class=\"a-span3\" role=\"presentation\"><span class=\"a-size-base a-text-bold\">Technologie de m\u00e9moire RAM<\/span><\/td>\n<td class=\"a-span9\" role=\"presentation\"><span class=\"a-size-base po-break-word\">DDR5<\/span><\/td>\n<\/tr>\n<tr class=\"a-spacing-small po-compatible_processor_types\" role=\"listitem\">\n<td class=\"a-span3\" role=\"presentation\"><span class=\"a-size-base a-text-bold\">Processeurs compatibles<\/span><\/td>\n<td class=\"a-span9\" role=\"presentation\"><span class=\"a-size-base\"><span class=\"a-truncate po-truncate-attribute\" data-a-word-break=\"normal\" data-a-truncate-name=\"po-attribute-truncate-4\" data-a-max-rows=\"3\" data-a-overflow-marker=\"&amp;hellip;\" data-a-recalculate=\"false\" data-a-updated=\"true\"><span class=\"a-truncate-full a-offscreen\">Intel Celeron, Intel Core de 12e g\u00e9n\u00e9ration, Intel Core de 13e g\u00e9n\u00e9ration, Intel Core de 14e g\u00e9n\u00e9ration, Intel Pentium Gold<\/span><span class=\"a-truncate-cut\" aria-hidden=\"true\">Intel Celeron, Intel Core de 12e g\u00e9n\u00e9ration, Intel Core de 13e g\u00e9n\u00e9ration, Intel Core de 14e g\u00e9n\u00e9ration, Intel Pentium Gold<\/span><\/span><\/span><\/td>\n<\/tr>\n<tr class=\"a-spacing-small po-chipset_type\" role=\"listitem\">\n<td class=\"a-span3\" role=\"presentation\"><span class=\"a-size-base a-text-bold\">Type de chipset<\/span><\/td>\n<td class=\"a-span9\" role=\"presentation\"><span class=\"a-size-base po-break-word\">Intel B760<\/span><\/td>\n<\/tr>\n<tr class=\"a-spacing-small po-memory_clock_speed\" role=\"listitem\">\n<td class=\"a-span3\" role=\"presentation\"><span class=\"a-size-base a-text-bold\">Vitesse d&#8217;horloge de m\u00e9moire<\/span><\/td>\n<td class=\"a-span9\" role=\"presentation\"><span class=\"a-size-base po-break-word\">6800 MHz<\/span><\/td>\n<\/tr>\n<tr class=\"a-spacing-small po-platform\" role=\"listitem\">\n<td class=\"a-span3\" role=\"presentation\"><span class=\"a-size-base a-text-bold\">Plateforme<\/span><\/td>\n<td class=\"a-span9\" role=\"presentation\"><span class=\"a-size-base po-break-word\">Windows 10<\/span><\/td>\n<\/tr>\n<tr class=\"a-spacing-small po-model_name\" role=\"listitem\">\n<td class=\"a-span3\" role=\"presentation\"><span class=\"a-size-base a-text-bold\">Nom de mod\u00e8le<\/span><\/td>\n<td class=\"a-span9\" role=\"presentation\"><span class=\"a-size-base po-break-word\">B760 GAMING PLUS WIFI<\/span><\/td>\n<\/tr>\n<tr class=\"a-spacing-small po-cpu_model.family\" role=\"listitem\">\n<td class=\"a-span3\" role=\"presentation\"><span class=\"a-size-base a-text-bold\">Mod\u00e8le du\u00a0CPU<\/span><\/td>\n<td class=\"a-span9\" role=\"presentation\"><span class=\"a-size-base po-break-word\">Core i7 2,7 GHz<\/span><\/td>\n<\/tr>\n<\/tbody>\n<\/table>\n<p>&nbsp;<\/p>\n<p>&nbsp;<\/p>\n<p>&nbsp;<\/p>\n<p>&nbsp;<\/p>\n<p>&nbsp;<\/p>\n<p>&nbsp;<\/p>\n<p>&nbsp;<\/p>\n","protected":false},"excerpt":{"rendered":"<ul class=\"a-unordered-list a-vertical\">\n<li class=\"a-spacing-mini\">B760 GAMING PLUS WIFI : Vainquez la concurrenceCon\u00e7ue pour le jeu et bas\u00e9e sur le chipset Intel B760 (processeurs Intel Core de 14\u00e8me, 13\u00e8me ou 12\u00e8me G\u00e9n\u00e9ration, LGA 1700), la carte m\u00e8re MSI B760 GAMING PLUS WIFI inclut une compatibilit\u00e9 optimale avec les cartes graphiques gr\u00e2ce aux slots PCIe 4.0 x16, une meilleure prise en charge de la m\u00e9moire DDR5 (6800+MHz\/OC), et deux emplacements de stockage M.2 (Gen4) avec Shield Frozr sur le principal.Pour alimenter les processeurs Intel Core de 14e, 13e ou 12e g\u00e9n\u00e9ration, la MSI B760 GAMING PLUS WIFI est \u00e9quip\u00e9e d&#8217;un syst\u00e8me d&#8217;alimentation \u00e0 double rail \u00e0 12 phases (P-PAK) et d&#8217;une plate-forme VRM enti\u00e8rement num\u00e9rique avec Core Boost, compl\u00e9t\u00e9e par de nombreuses fonctions de refroidissement passif.La carte m\u00e8re MSI B760 GAMING PLUS WIFI est dot\u00e9e d&#8217;un circuit imprim\u00e9 robuste \u00e0 6 couches avec 2oz de cuivre \u00e9paiss et de la protection PCIe Steel Armor pour renforcer l&#8217;emplacement principal destin\u00e9 \u00e0 accueillir la carte graphique.La connectivit\u00e9 comprend les technologies Intel Wi-Fi 6E et Bluetooth 5.3, Realtek 2.5G LAN, USB Type-C &amp; Type-A 3.2 Gen 2 (10 Gb\/s), la prise en charge de l&#8217;affichage 4K \/ 60Hz et le son HD 7.1.\n<p>La carte m\u00e8re MSI B760 GAMING PLUS WIFI est le choix id\u00e9al pour les joueurs \u00e0 la recherche d&#8217;une plateforme Intel Core de 14e, 13e ou 12e g\u00e9n\u00e9ration qui r\u00e9unit une architecture de carte graphique PCIe 4.0 x16, une prise en charge am\u00e9lior\u00e9e de la m\u00e9moire DDR5 et des options de stockage M.2 Gen4 au sein d&#8217;un mod\u00e8le \u00e9l\u00e9gant.<\/li>\n<\/ul>\n","protected":false},"featured_media":7720,"comment_status":"open","ping_status":"closed","template":"","meta":[],"product_brand":[],"product_cat":[66],"product_tag":[79,78],"class_list":{"0":"post-7719","1":"product","2":"type-product","3":"status-publish","4":"has-post-thumbnail","6":"product_cat-carte-mere","7":"product_tag-carte-mere","8":"product_tag-intel","10":"first","11":"instock","12":"shipping-taxable","13":"purchasable","14":"product-type-simple"},"yoast_head":"<!-- This site is optimized with the Yoast SEO plugin v26.4 - https:\/\/yoast.com\/wordpress\/plugins\/seo\/ -->\n<title>MSI B760 B760 GAMING PLUS WIFI Carte M\u00e8re, ATX - Pour Processeurs Intel Core 14e, 13e &amp; 12e G\u00e9n\u00e9ration, LGA 1700 - DDR5 Memory Boost 6800+MHz\/OC, Slots PCIe 4.0 x16, Slots M.2 Gen4, Wi-Fi 6E - ProPlaystore<\/title>\n<meta name=\"robots\" content=\"index, follow, max-snippet:-1, max-image-preview:large, max-video-preview:-1\" \/>\n<link rel=\"canonical\" href=\"https:\/\/proplaystore.lu\/index.php\/produit\/msi-b760-b760-gaming-plus-wifi-carte-mere-atx-pour-processeurs-intel-core-14e-13e-12e-generation-lga-1700-ddr5-memory-boost-6800mhz-oc-slots-pcie-4-0-x16-slots-m-2-gen4-wi-fi-6e\/\" \/>\n<meta property=\"og:locale\" content=\"en_US\" \/>\n<meta property=\"og:type\" content=\"article\" \/>\n<meta property=\"og:title\" content=\"MSI B760 B760 GAMING PLUS WIFI Carte M\u00e8re, ATX - Pour Processeurs Intel Core 14e, 13e &amp; 12e G\u00e9n\u00e9ration, LGA 1700 - DDR5 Memory Boost 6800+MHz\/OC, Slots PCIe 4.0 x16, Slots M.2 Gen4, Wi-Fi 6E - ProPlaystore\" \/>\n<meta property=\"og:description\" content=\"B760 GAMING PLUS WIFI : Vainquez la concurrenceCon\u00e7ue pour le jeu et bas\u00e9e sur le chipset Intel B760 (processeurs Intel Core de 14\u00e8me, 13\u00e8me ou 12\u00e8me G\u00e9n\u00e9ration, LGA 1700), la carte m\u00e8re MSI B760 GAMING PLUS WIFI inclut une compatibilit\u00e9 optimale avec les cartes graphiques gr\u00e2ce aux slots PCIe 4.0 x16, une meilleure prise en charge de la m\u00e9moire DDR5 (6800+MHz\/OC), et deux emplacements de stockage M.2 (Gen4) avec Shield Frozr sur le principal.Pour alimenter les processeurs Intel Core de 14e, 13e ou 12e g\u00e9n\u00e9ration, la MSI B760 GAMING PLUS WIFI est \u00e9quip\u00e9e d&#039;un syst\u00e8me d&#039;alimentation \u00e0 double rail \u00e0 12 phases (P-PAK) et d&#039;une plate-forme VRM enti\u00e8rement num\u00e9rique avec Core Boost, compl\u00e9t\u00e9e par de nombreuses fonctions de refroidissement passif.La carte m\u00e8re MSI B760 GAMING PLUS WIFI est dot\u00e9e d&#039;un circuit imprim\u00e9 robuste \u00e0 6 couches avec 2oz de cuivre \u00e9paiss et de la protection PCIe Steel Armor pour renforcer l&#039;emplacement principal destin\u00e9 \u00e0 accueillir la carte graphique.La connectivit\u00e9 comprend les technologies Intel Wi-Fi 6E et Bluetooth 5.3, Realtek 2.5G LAN, USB Type-C &amp; Type-A 3.2 Gen 2 (10 Gb\/s), la prise en charge de l&#039;affichage 4K \/ 60Hz et le son HD 7.1.  La carte m\u00e8re MSI B760 GAMING PLUS WIFI est le choix id\u00e9al pour les joueurs \u00e0 la recherche d&#039;une plateforme Intel Core de 14e, 13e ou 12e g\u00e9n\u00e9ration qui r\u00e9unit une architecture de carte graphique PCIe 4.0 x16, une prise en charge am\u00e9lior\u00e9e de la m\u00e9moire DDR5 et des options de stockage M.2 Gen4 au sein d&#039;un mod\u00e8le \u00e9l\u00e9gant.\" \/>\n<meta property=\"og:url\" content=\"https:\/\/proplaystore.lu\/index.php\/produit\/msi-b760-b760-gaming-plus-wifi-carte-mere-atx-pour-processeurs-intel-core-14e-13e-12e-generation-lga-1700-ddr5-memory-boost-6800mhz-oc-slots-pcie-4-0-x16-slots-m-2-gen4-wi-fi-6e\/\" \/>\n<meta property=\"og:site_name\" content=\"ProPlaystore\" \/>\n<meta property=\"article:modified_time\" content=\"2025-08-18T18:44:42+00:00\" \/>\n<meta property=\"og:image\" content=\"https:\/\/proplaystore.lu\/wp-content\/uploads\/2025\/08\/811Jj0m5eL._AC_SX425_.jpg\" \/>\n\t<meta property=\"og:image:width\" content=\"425\" \/>\n\t<meta property=\"og:image:height\" content=\"291\" \/>\n\t<meta property=\"og:image:type\" content=\"image\/jpeg\" \/>\n<meta name=\"twitter:card\" content=\"summary_large_image\" \/>\n<meta name=\"twitter:label1\" content=\"Est. reading time\" \/>\n\t<meta name=\"twitter:data1\" content=\"1 minute\" \/>\n<script type=\"application\/ld+json\" class=\"yoast-schema-graph\">{\"@context\":\"https:\/\/schema.org\",\"@graph\":[{\"@type\":\"WebPage\",\"@id\":\"https:\/\/proplaystore.lu\/index.php\/produit\/msi-b760-b760-gaming-plus-wifi-carte-mere-atx-pour-processeurs-intel-core-14e-13e-12e-generation-lga-1700-ddr5-memory-boost-6800mhz-oc-slots-pcie-4-0-x16-slots-m-2-gen4-wi-fi-6e\/\",\"url\":\"https:\/\/proplaystore.lu\/index.php\/produit\/msi-b760-b760-gaming-plus-wifi-carte-mere-atx-pour-processeurs-intel-core-14e-13e-12e-generation-lga-1700-ddr5-memory-boost-6800mhz-oc-slots-pcie-4-0-x16-slots-m-2-gen4-wi-fi-6e\/\",\"name\":\"MSI B760 B760 GAMING PLUS WIFI Carte M\u00e8re, ATX - Pour Processeurs Intel Core 14e, 13e & 12e G\u00e9n\u00e9ration, LGA 1700 - DDR5 Memory Boost 6800+MHz\/OC, Slots PCIe 4.0 x16, Slots M.2 Gen4, Wi-Fi 6E - ProPlaystore\",\"isPartOf\":{\"@id\":\"https:\/\/proplaystore.lu\/#website\"},\"primaryImageOfPage\":{\"@id\":\"https:\/\/proplaystore.lu\/index.php\/produit\/msi-b760-b760-gaming-plus-wifi-carte-mere-atx-pour-processeurs-intel-core-14e-13e-12e-generation-lga-1700-ddr5-memory-boost-6800mhz-oc-slots-pcie-4-0-x16-slots-m-2-gen4-wi-fi-6e\/#primaryimage\"},\"image\":{\"@id\":\"https:\/\/proplaystore.lu\/index.php\/produit\/msi-b760-b760-gaming-plus-wifi-carte-mere-atx-pour-processeurs-intel-core-14e-13e-12e-generation-lga-1700-ddr5-memory-boost-6800mhz-oc-slots-pcie-4-0-x16-slots-m-2-gen4-wi-fi-6e\/#primaryimage\"},\"thumbnailUrl\":\"https:\/\/proplaystore.lu\/wp-content\/uploads\/2025\/08\/811Jj0m5eL._AC_SX425_.jpg\",\"datePublished\":\"2025-08-17T21:15:31+00:00\",\"dateModified\":\"2025-08-18T18:44:42+00:00\",\"breadcrumb\":{\"@id\":\"https:\/\/proplaystore.lu\/index.php\/produit\/msi-b760-b760-gaming-plus-wifi-carte-mere-atx-pour-processeurs-intel-core-14e-13e-12e-generation-lga-1700-ddr5-memory-boost-6800mhz-oc-slots-pcie-4-0-x16-slots-m-2-gen4-wi-fi-6e\/#breadcrumb\"},\"inLanguage\":\"en-US\",\"potentialAction\":[{\"@type\":\"ReadAction\",\"target\":[\"https:\/\/proplaystore.lu\/index.php\/produit\/msi-b760-b760-gaming-plus-wifi-carte-mere-atx-pour-processeurs-intel-core-14e-13e-12e-generation-lga-1700-ddr5-memory-boost-6800mhz-oc-slots-pcie-4-0-x16-slots-m-2-gen4-wi-fi-6e\/\"]}]},{\"@type\":\"ImageObject\",\"inLanguage\":\"en-US\",\"@id\":\"https:\/\/proplaystore.lu\/index.php\/produit\/msi-b760-b760-gaming-plus-wifi-carte-mere-atx-pour-processeurs-intel-core-14e-13e-12e-generation-lga-1700-ddr5-memory-boost-6800mhz-oc-slots-pcie-4-0-x16-slots-m-2-gen4-wi-fi-6e\/#primaryimage\",\"url\":\"https:\/\/proplaystore.lu\/wp-content\/uploads\/2025\/08\/811Jj0m5eL._AC_SX425_.jpg\",\"contentUrl\":\"https:\/\/proplaystore.lu\/wp-content\/uploads\/2025\/08\/811Jj0m5eL._AC_SX425_.jpg\",\"width\":425,\"height\":291},{\"@type\":\"BreadcrumbList\",\"@id\":\"https:\/\/proplaystore.lu\/index.php\/produit\/msi-b760-b760-gaming-plus-wifi-carte-mere-atx-pour-processeurs-intel-core-14e-13e-12e-generation-lga-1700-ddr5-memory-boost-6800mhz-oc-slots-pcie-4-0-x16-slots-m-2-gen4-wi-fi-6e\/#breadcrumb\",\"itemListElement\":[{\"@type\":\"ListItem\",\"position\":1,\"name\":\"Accueil\",\"item\":\"https:\/\/proplaystore.lu\/\"},{\"@type\":\"ListItem\",\"position\":2,\"name\":\"Shop\",\"item\":\"https:\/\/proplaystore.lu\/index.php\/shop\/\"},{\"@type\":\"ListItem\",\"position\":3,\"name\":\"MSI B760 B760 GAMING PLUS WIFI Carte M\u00e8re, ATX &#8211; Pour Processeurs Intel Core 14e, 13e &#038; 12e G\u00e9n\u00e9ration, LGA 1700 &#8211; DDR5 Memory Boost 6800+MHz\/OC, Slots PCIe 4.0 x16, Slots M.2 Gen4, Wi-Fi 6E\"}]},{\"@type\":\"WebSite\",\"@id\":\"https:\/\/proplaystore.lu\/#website\",\"url\":\"https:\/\/proplaystore.lu\/\",\"name\":\"ProPlaystore\",\"description\":\"proplaysre\",\"potentialAction\":[{\"@type\":\"SearchAction\",\"target\":{\"@type\":\"EntryPoint\",\"urlTemplate\":\"https:\/\/proplaystore.lu\/?s={search_term_string}\"},\"query-input\":{\"@type\":\"PropertyValueSpecification\",\"valueRequired\":true,\"valueName\":\"search_term_string\"}}],\"inLanguage\":\"en-US\"}]}<\/script>\n<!-- \/ Yoast SEO plugin. -->","yoast_head_json":{"title":"MSI B760 B760 GAMING PLUS WIFI Carte M\u00e8re, ATX - Pour Processeurs Intel Core 14e, 13e & 12e G\u00e9n\u00e9ration, LGA 1700 - DDR5 Memory Boost 6800+MHz\/OC, Slots PCIe 4.0 x16, Slots M.2 Gen4, Wi-Fi 6E - ProPlaystore","robots":{"index":"index","follow":"follow","max-snippet":"max-snippet:-1","max-image-preview":"max-image-preview:large","max-video-preview":"max-video-preview:-1"},"canonical":"https:\/\/proplaystore.lu\/index.php\/produit\/msi-b760-b760-gaming-plus-wifi-carte-mere-atx-pour-processeurs-intel-core-14e-13e-12e-generation-lga-1700-ddr5-memory-boost-6800mhz-oc-slots-pcie-4-0-x16-slots-m-2-gen4-wi-fi-6e\/","og_locale":"en_US","og_type":"article","og_title":"MSI B760 B760 GAMING PLUS WIFI Carte M\u00e8re, ATX - Pour Processeurs Intel Core 14e, 13e & 12e G\u00e9n\u00e9ration, LGA 1700 - DDR5 Memory Boost 6800+MHz\/OC, Slots PCIe 4.0 x16, Slots M.2 Gen4, Wi-Fi 6E - ProPlaystore","og_description":"B760 GAMING PLUS WIFI : Vainquez la concurrenceCon\u00e7ue pour le jeu et bas\u00e9e sur le chipset Intel B760 (processeurs Intel Core de 14\u00e8me, 13\u00e8me ou 12\u00e8me G\u00e9n\u00e9ration, LGA 1700), la carte m\u00e8re MSI B760 GAMING PLUS WIFI inclut une compatibilit\u00e9 optimale avec les cartes graphiques gr\u00e2ce aux slots PCIe 4.0 x16, une meilleure prise en charge de la m\u00e9moire DDR5 (6800+MHz\/OC), et deux emplacements de stockage M.2 (Gen4) avec Shield Frozr sur le principal.Pour alimenter les processeurs Intel Core de 14e, 13e ou 12e g\u00e9n\u00e9ration, la MSI B760 GAMING PLUS WIFI est \u00e9quip\u00e9e d'un syst\u00e8me d'alimentation \u00e0 double rail \u00e0 12 phases (P-PAK) et d'une plate-forme VRM enti\u00e8rement num\u00e9rique avec Core Boost, compl\u00e9t\u00e9e par de nombreuses fonctions de refroidissement passif.La carte m\u00e8re MSI B760 GAMING PLUS WIFI est dot\u00e9e d'un circuit imprim\u00e9 robuste \u00e0 6 couches avec 2oz de cuivre \u00e9paiss et de la protection PCIe Steel Armor pour renforcer l'emplacement principal destin\u00e9 \u00e0 accueillir la carte graphique.La connectivit\u00e9 comprend les technologies Intel Wi-Fi 6E et Bluetooth 5.3, Realtek 2.5G LAN, USB Type-C &amp; Type-A 3.2 Gen 2 (10 Gb\/s), la prise en charge de l'affichage 4K \/ 60Hz et le son HD 7.1.  La carte m\u00e8re MSI B760 GAMING PLUS WIFI est le choix id\u00e9al pour les joueurs \u00e0 la recherche d'une plateforme Intel Core de 14e, 13e ou 12e g\u00e9n\u00e9ration qui r\u00e9unit une architecture de carte graphique PCIe 4.0 x16, une prise en charge am\u00e9lior\u00e9e de la m\u00e9moire DDR5 et des options de stockage M.2 Gen4 au sein d'un mod\u00e8le \u00e9l\u00e9gant.","og_url":"https:\/\/proplaystore.lu\/index.php\/produit\/msi-b760-b760-gaming-plus-wifi-carte-mere-atx-pour-processeurs-intel-core-14e-13e-12e-generation-lga-1700-ddr5-memory-boost-6800mhz-oc-slots-pcie-4-0-x16-slots-m-2-gen4-wi-fi-6e\/","og_site_name":"ProPlaystore","article_modified_time":"2025-08-18T18:44:42+00:00","og_image":[{"width":425,"height":291,"url":"https:\/\/proplaystore.lu\/wp-content\/uploads\/2025\/08\/811Jj0m5eL._AC_SX425_.jpg","type":"image\/jpeg"}],"twitter_card":"summary_large_image","twitter_misc":{"Est. reading time":"1 minute"},"schema":{"@context":"https:\/\/schema.org","@graph":[{"@type":"WebPage","@id":"https:\/\/proplaystore.lu\/index.php\/produit\/msi-b760-b760-gaming-plus-wifi-carte-mere-atx-pour-processeurs-intel-core-14e-13e-12e-generation-lga-1700-ddr5-memory-boost-6800mhz-oc-slots-pcie-4-0-x16-slots-m-2-gen4-wi-fi-6e\/","url":"https:\/\/proplaystore.lu\/index.php\/produit\/msi-b760-b760-gaming-plus-wifi-carte-mere-atx-pour-processeurs-intel-core-14e-13e-12e-generation-lga-1700-ddr5-memory-boost-6800mhz-oc-slots-pcie-4-0-x16-slots-m-2-gen4-wi-fi-6e\/","name":"MSI B760 B760 GAMING PLUS WIFI Carte M\u00e8re, ATX - Pour Processeurs Intel Core 14e, 13e & 12e G\u00e9n\u00e9ration, LGA 1700 - DDR5 Memory Boost 6800+MHz\/OC, Slots PCIe 4.0 x16, Slots M.2 Gen4, Wi-Fi 6E - ProPlaystore","isPartOf":{"@id":"https:\/\/proplaystore.lu\/#website"},"primaryImageOfPage":{"@id":"https:\/\/proplaystore.lu\/index.php\/produit\/msi-b760-b760-gaming-plus-wifi-carte-mere-atx-pour-processeurs-intel-core-14e-13e-12e-generation-lga-1700-ddr5-memory-boost-6800mhz-oc-slots-pcie-4-0-x16-slots-m-2-gen4-wi-fi-6e\/#primaryimage"},"image":{"@id":"https:\/\/proplaystore.lu\/index.php\/produit\/msi-b760-b760-gaming-plus-wifi-carte-mere-atx-pour-processeurs-intel-core-14e-13e-12e-generation-lga-1700-ddr5-memory-boost-6800mhz-oc-slots-pcie-4-0-x16-slots-m-2-gen4-wi-fi-6e\/#primaryimage"},"thumbnailUrl":"https:\/\/proplaystore.lu\/wp-content\/uploads\/2025\/08\/811Jj0m5eL._AC_SX425_.jpg","datePublished":"2025-08-17T21:15:31+00:00","dateModified":"2025-08-18T18:44:42+00:00","breadcrumb":{"@id":"https:\/\/proplaystore.lu\/index.php\/produit\/msi-b760-b760-gaming-plus-wifi-carte-mere-atx-pour-processeurs-intel-core-14e-13e-12e-generation-lga-1700-ddr5-memory-boost-6800mhz-oc-slots-pcie-4-0-x16-slots-m-2-gen4-wi-fi-6e\/#breadcrumb"},"inLanguage":"en-US","potentialAction":[{"@type":"ReadAction","target":["https:\/\/proplaystore.lu\/index.php\/produit\/msi-b760-b760-gaming-plus-wifi-carte-mere-atx-pour-processeurs-intel-core-14e-13e-12e-generation-lga-1700-ddr5-memory-boost-6800mhz-oc-slots-pcie-4-0-x16-slots-m-2-gen4-wi-fi-6e\/"]}]},{"@type":"ImageObject","inLanguage":"en-US","@id":"https:\/\/proplaystore.lu\/index.php\/produit\/msi-b760-b760-gaming-plus-wifi-carte-mere-atx-pour-processeurs-intel-core-14e-13e-12e-generation-lga-1700-ddr5-memory-boost-6800mhz-oc-slots-pcie-4-0-x16-slots-m-2-gen4-wi-fi-6e\/#primaryimage","url":"https:\/\/proplaystore.lu\/wp-content\/uploads\/2025\/08\/811Jj0m5eL._AC_SX425_.jpg","contentUrl":"https:\/\/proplaystore.lu\/wp-content\/uploads\/2025\/08\/811Jj0m5eL._AC_SX425_.jpg","width":425,"height":291},{"@type":"BreadcrumbList","@id":"https:\/\/proplaystore.lu\/index.php\/produit\/msi-b760-b760-gaming-plus-wifi-carte-mere-atx-pour-processeurs-intel-core-14e-13e-12e-generation-lga-1700-ddr5-memory-boost-6800mhz-oc-slots-pcie-4-0-x16-slots-m-2-gen4-wi-fi-6e\/#breadcrumb","itemListElement":[{"@type":"ListItem","position":1,"name":"Accueil","item":"https:\/\/proplaystore.lu\/"},{"@type":"ListItem","position":2,"name":"Shop","item":"https:\/\/proplaystore.lu\/index.php\/shop\/"},{"@type":"ListItem","position":3,"name":"MSI B760 B760 GAMING PLUS WIFI Carte M\u00e8re, ATX &#8211; Pour Processeurs Intel Core 14e, 13e &#038; 12e G\u00e9n\u00e9ration, LGA 1700 &#8211; DDR5 Memory Boost 6800+MHz\/OC, Slots PCIe 4.0 x16, Slots M.2 Gen4, Wi-Fi 6E"}]},{"@type":"WebSite","@id":"https:\/\/proplaystore.lu\/#website","url":"https:\/\/proplaystore.lu\/","name":"ProPlaystore","description":"proplaysre","potentialAction":[{"@type":"SearchAction","target":{"@type":"EntryPoint","urlTemplate":"https:\/\/proplaystore.lu\/?s={search_term_string}"},"query-input":{"@type":"PropertyValueSpecification","valueRequired":true,"valueName":"search_term_string"}}],"inLanguage":"en-US"}]}},"_links":{"self":[{"href":"https:\/\/proplaystore.lu\/index.php\/wp-json\/wp\/v2\/product\/7719","targetHints":{"allow":["GET"]}}],"collection":[{"href":"https:\/\/proplaystore.lu\/index.php\/wp-json\/wp\/v2\/product"}],"about":[{"href":"https:\/\/proplaystore.lu\/index.php\/wp-json\/wp\/v2\/types\/product"}],"replies":[{"embeddable":true,"href":"https:\/\/proplaystore.lu\/index.php\/wp-json\/wp\/v2\/comments?post=7719"}],"wp:featuredmedia":[{"embeddable":true,"href":"https:\/\/proplaystore.lu\/index.php\/wp-json\/wp\/v2\/media\/7720"}],"wp:attachment":[{"href":"https:\/\/proplaystore.lu\/index.php\/wp-json\/wp\/v2\/media?parent=7719"}],"wp:term":[{"taxonomy":"product_brand","embeddable":true,"href":"https:\/\/proplaystore.lu\/index.php\/wp-json\/wp\/v2\/product_brand?post=7719"},{"taxonomy":"product_cat","embeddable":true,"href":"https:\/\/proplaystore.lu\/index.php\/wp-json\/wp\/v2\/product_cat?post=7719"},{"taxonomy":"product_tag","embeddable":true,"href":"https:\/\/proplaystore.lu\/index.php\/wp-json\/wp\/v2\/product_tag?post=7719"}],"curies":[{"name":"wp","href":"https:\/\/api.w.org\/{rel}","templated":true}]}}