{"id":7729,"date":"2025-08-17T21:21:27","date_gmt":"2025-08-17T21:21:27","guid":{"rendered":"https:\/\/proplaystore.lu\/?post_type=product&#038;p=7729"},"modified":"2025-08-18T23:10:13","modified_gmt":"2025-08-18T23:10:13","slug":"thermalright-frozen-edge-240-refroidisseur-deau-pour-processeur-noir-avec-ventilateurs-pwm-vitesse-de-la-pompe-3300-tr-min-roulement-s-fdb-pour-amd-am4-am5-intel","status":"publish","type":"product","link":"https:\/\/proplaystore.lu\/index.php\/produit\/thermalright-frozen-edge-240-refroidisseur-deau-pour-processeur-noir-avec-ventilateurs-pwm-vitesse-de-la-pompe-3300-tr-min-roulement-s-fdb-pour-amd-am4-am5-intel\/","title":{"rendered":"Thermalright Frozen Edge 240 Refroidisseur d&#8217;eau pour processeur, noir, avec ventilateurs PWM, vitesse de la pompe 3300 tr\/min, roulement S-FDB pour AMD AM4\/AM5, Intel"},"content":{"rendered":"<h2 data-start=\"1558\" data-end=\"1580\"><strong data-start=\"1561\" data-end=\"1580\">Fiche technique<\/strong><\/h2>\n<table class=\"a-normal a-spacing-micro\" role=\"list\">\n<tbody>\n<tr class=\"a-spacing-small po-item_length_width_height\" role=\"listitem\">\n<td class=\"a-span3\" role=\"presentation\"><span class=\"a-size-base a-text-bold\">Dimensions du produit<\/span><\/td>\n<td class=\"a-span9\" role=\"presentation\"><span class=\"a-size-base po-break-word\">25L x 120l x 120H millim\u00e8tres<\/span><\/td>\n<\/tr>\n<tr class=\"a-spacing-small po-brand\" role=\"listitem\">\n<td class=\"a-span3\" role=\"presentation\"><span class=\"a-size-base a-text-bold\">Marque<\/span><\/td>\n<td class=\"a-span9\" role=\"presentation\"><span class=\"a-size-base po-break-word\">Thermalright<\/span><\/td>\n<\/tr>\n<tr class=\"a-spacing-small po-power_connector_type\" role=\"listitem\">\n<td class=\"a-span3\" role=\"presentation\"><span class=\"a-size-base a-text-bold\">Type de connecteur d&#8217;alimentation<\/span><\/td>\n<td class=\"a-span9\" role=\"presentation\"><span class=\"a-size-base po-break-word\">3 broche<\/span><\/td>\n<\/tr>\n<tr class=\"a-spacing-small po-voltage\" role=\"listitem\">\n<td class=\"a-span3\" role=\"presentation\"><span class=\"a-size-base a-text-bold\">Tension<\/span><\/td>\n<td class=\"a-span9\" role=\"presentation\"><span class=\"a-size-base po-break-word\">12 Volts<\/span><\/td>\n<\/tr>\n<tr class=\"a-spacing-small po-wattage\" role=\"listitem\">\n<td class=\"a-span3\" role=\"presentation\"><span class=\"a-size-base a-text-bold\">Puissance<\/span><\/td>\n<td class=\"a-span9\" role=\"presentation\"><span class=\"a-size-base po-break-word\">4.8 Watts<\/span><\/td>\n<\/tr>\n<tr class=\"a-spacing-small po-cooling_method\" role=\"listitem\">\n<td class=\"a-span3\" role=\"presentation\"><span class=\"a-size-base a-text-bold\">M\u00e9thode de refroidissement<\/span><\/td>\n<td class=\"a-span9\" role=\"presentation\"><span class=\"a-size-base po-break-word\">Eau<\/span><\/td>\n<\/tr>\n<tr class=\"a-spacing-small po-compatible_devices\" role=\"listitem\">\n<td class=\"a-span3\" role=\"presentation\"><span class=\"a-size-base a-text-bold\">Appareils compatibles<\/span><\/td>\n<td class=\"a-span9\" role=\"presentation\"><span class=\"a-size-base po-break-word\">Ordinateur<\/span><\/td>\n<\/tr>\n<tr class=\"a-spacing-small po-noise_level\" role=\"listitem\">\n<td class=\"a-span3\" role=\"presentation\"><span class=\"a-size-base a-text-bold\">Niveau sonore<\/span><\/td>\n<td class=\"a-span9\" role=\"presentation\"><span class=\"a-size-base po-break-word\">28,1 dB<\/span><\/td>\n<\/tr>\n<tr class=\"a-spacing-small po-material\" role=\"listitem\">\n<td class=\"a-span3\" role=\"presentation\"><span class=\"a-size-base a-text-bold\">Mat\u00e9riau<\/span><\/td>\n<td class=\"a-span9\" role=\"presentation\"><span class=\"a-size-base po-break-word\">Alliage d&#8217;aluminium, tuyaux en polym\u00e8re<\/span><\/td>\n<\/tr>\n<tr class=\"a-spacing-small po-maximum_rotational_speed\" role=\"listitem\">\n<td class=\"a-span3\" role=\"presentation\"><span class=\"a-size-base a-text-bold\">Vitesse de rotation maximale<\/span><\/td>\n<td class=\"a-span9\" role=\"presentation\"><span class=\"a-size-base po-break-word\">3.3E+3 tr\/min<\/span><\/td>\n<\/tr>\n<\/tbody>\n<\/table>\n<p>&nbsp;<\/p>\n<p>&nbsp;<\/p>\n<p>&nbsp;<\/p>\n<p>&nbsp;<\/p>\n<p>&nbsp;<\/p>\n<p>&nbsp;<\/p>\n<p>&nbsp;<\/p>\n<p>&nbsp;<\/p>\n","protected":false},"excerpt":{"rendered":"<ul class=\"a-unordered-list a-vertical\">\n<li class=\"a-spacing-mini\"><span class=\"a-list-item\">Introduction De La Marque : Thermalright Est Une Marque Ta\u00efwanaise Avec Plus De 20 Ans D&#8217;Histoire De D\u00e9veloppement. Il Jouit D\u2019Une Certaine Popularit\u00e9 Sur Les March\u00e9s Nationaux Et Internationaux Et A Un Impact Significatif Sur Le March\u00e9 Des R\u00e9frig\u00e9rateurs. Nous Nous Sommes Concentr\u00e9s Sur La Recherche Et Le D\u00e9veloppement D&#8217;Accessoires Informatiques, Et Nos Gammes De Produits De Recherche Et D\u00e9veloppement Comprennent : Les Refroidisseurs Air\/Eau Pour Processeur, Les Ventilateurs De Bo\u00eetier, La<\/span><\/li>\n<li class=\"a-spacing-mini\"><span class=\"a-list-item\">Meilleur Refroidissement : T\u00eate De Radiateur En Alliage D&#8217;Aluminium + Plaque De Refroidissement \u00c0 Lamelles En Aluminium Noir De 240 Cm + Protection Contre La Compilation De Polym\u00e8res + Configuration Standard De Ventilateur Haute Vitesse De 120 Mm Pour Cr\u00e9er Une Faible R\u00e9sistance, Un Refroidissement \u00c9lev\u00e9 Et Une Longue Dur\u00e9e De Vie.<\/span><\/li>\n<li class=\"a-spacing-mini\"><span class=\"a-list-item\">Optimisation Des D\u00e9tails : Le Refroidisseur Liquide De Processeur Est Fabriqu\u00e9 En Pbt+Pc, Des Coussinets En Silicone Souple Autour Du Ventilateur Peuvent R\u00e9duire Les Vibrations Et Obtenir L&#8217;Effet De R\u00e9duction Du Bruit, Le Connecteur Du Bo\u00eetier Configur\u00e9 Peut \u00catre Directement Branch\u00e9 Sur Le Ventilateur Du Connecteur Pour Une Utilisation.<\/span><\/li>\n<li class=\"a-spacing-mini\"><span class=\"a-list-item\">Roulement De Qualit\u00e9 : Les Roulements De Qualit\u00e9 S-Fdb Soigneusement Con\u00e7us R\u00e9solvent Le Probl\u00e8me Des Secousses Des Pales Du Ventilateur En Mode Levage, Maintiennent Le Bruit Du Ventilateur Au Minimum, Tout En Fournissant Une Puissance De Refroidissement Maximale En Cas De Besoin Et Prolongent La Dur\u00e9e De Vie Du Ventilateur.<\/span><\/li>\n<\/ul>\n","protected":false},"featured_media":7734,"comment_status":"open","ping_status":"closed","template":"","meta":[],"product_brand":[],"product_cat":[67],"product_tag":[80,81],"class_list":{"0":"post-7729","1":"product","2":"type-product","3":"status-publish","4":"has-post-thumbnail","6":"product_cat-watercooling","7":"product_tag-refroidisseur","8":"product_tag-watercooling","10":"first","11":"instock","12":"shipping-taxable","13":"purchasable","14":"product-type-simple"},"yoast_head":"<!-- This site is optimized with the Yoast SEO plugin v26.4 - https:\/\/yoast.com\/wordpress\/plugins\/seo\/ -->\n<title>Thermalright Frozen Edge 240 Refroidisseur d&#039;eau pour processeur, noir, avec ventilateurs PWM, vitesse de la pompe 3300 tr\/min, roulement S-FDB pour AMD AM4\/AM5, Intel - ProPlaystore<\/title>\n<meta name=\"robots\" content=\"index, follow, max-snippet:-1, max-image-preview:large, max-video-preview:-1\" \/>\n<link rel=\"canonical\" href=\"https:\/\/proplaystore.lu\/index.php\/produit\/thermalright-frozen-edge-240-refroidisseur-deau-pour-processeur-noir-avec-ventilateurs-pwm-vitesse-de-la-pompe-3300-tr-min-roulement-s-fdb-pour-amd-am4-am5-intel\/\" \/>\n<meta property=\"og:locale\" content=\"en_US\" \/>\n<meta property=\"og:type\" content=\"article\" \/>\n<meta property=\"og:title\" content=\"Thermalright Frozen Edge 240 Refroidisseur d&#039;eau pour processeur, noir, avec ventilateurs PWM, vitesse de la pompe 3300 tr\/min, roulement S-FDB pour AMD AM4\/AM5, Intel - ProPlaystore\" \/>\n<meta property=\"og:description\" content=\"Introduction De La Marque : Thermalright Est Une Marque Ta\u00efwanaise Avec Plus De 20 Ans D&#039;Histoire De D\u00e9veloppement. Il Jouit D\u2019Une Certaine Popularit\u00e9 Sur Les March\u00e9s Nationaux Et Internationaux Et A Un Impact Significatif Sur Le March\u00e9 Des R\u00e9frig\u00e9rateurs. Nous Nous Sommes Concentr\u00e9s Sur La Recherche Et Le D\u00e9veloppement D&#039;Accessoires Informatiques, Et Nos Gammes De Produits De Recherche Et D\u00e9veloppement Comprennent : Les Refroidisseurs Air\/Eau Pour Processeur, Les Ventilateurs De Bo\u00eetier, La  Meilleur Refroidissement : T\u00eate De Radiateur En Alliage D&#039;Aluminium + Plaque De Refroidissement \u00c0 Lamelles En Aluminium Noir De 240 Cm + Protection Contre La Compilation De Polym\u00e8res + Configuration Standard De Ventilateur Haute Vitesse De 120 Mm Pour Cr\u00e9er Une Faible R\u00e9sistance, Un Refroidissement \u00c9lev\u00e9 Et Une Longue Dur\u00e9e De Vie.  Optimisation Des D\u00e9tails : Le Refroidisseur Liquide De Processeur Est Fabriqu\u00e9 En Pbt+Pc, Des Coussinets En Silicone Souple Autour Du Ventilateur Peuvent R\u00e9duire Les Vibrations Et Obtenir L&#039;Effet De R\u00e9duction Du Bruit, Le Connecteur Du Bo\u00eetier Configur\u00e9 Peut \u00catre Directement Branch\u00e9 Sur Le Ventilateur Du Connecteur Pour Une Utilisation.  Roulement De Qualit\u00e9 : Les Roulements De Qualit\u00e9 S-Fdb Soigneusement Con\u00e7us R\u00e9solvent Le Probl\u00e8me Des Secousses Des Pales Du Ventilateur En Mode Levage, Maintiennent Le Bruit Du Ventilateur Au Minimum, Tout En Fournissant Une Puissance De Refroidissement Maximale En Cas De Besoin Et Prolongent La Dur\u00e9e De Vie Du Ventilateur.\" \/>\n<meta property=\"og:url\" content=\"https:\/\/proplaystore.lu\/index.php\/produit\/thermalright-frozen-edge-240-refroidisseur-deau-pour-processeur-noir-avec-ventilateurs-pwm-vitesse-de-la-pompe-3300-tr-min-roulement-s-fdb-pour-amd-am4-am5-intel\/\" \/>\n<meta property=\"og:site_name\" content=\"ProPlaystore\" \/>\n<meta property=\"article:modified_time\" content=\"2025-08-18T23:10:13+00:00\" \/>\n<meta property=\"og:image\" content=\"https:\/\/proplaystore.lu\/wp-content\/uploads\/2025\/08\/51ANdklLWAL._SX522_.jpg\" \/>\n\t<meta property=\"og:image:width\" content=\"522\" \/>\n\t<meta property=\"og:image:height\" content=\"522\" \/>\n\t<meta property=\"og:image:type\" content=\"image\/jpeg\" \/>\n<meta name=\"twitter:card\" content=\"summary_large_image\" \/>\n<meta name=\"twitter:label1\" content=\"Est. reading time\" \/>\n\t<meta name=\"twitter:data1\" content=\"1 minute\" \/>\n<script type=\"application\/ld+json\" class=\"yoast-schema-graph\">{\"@context\":\"https:\/\/schema.org\",\"@graph\":[{\"@type\":\"WebPage\",\"@id\":\"https:\/\/proplaystore.lu\/index.php\/produit\/thermalright-frozen-edge-240-refroidisseur-deau-pour-processeur-noir-avec-ventilateurs-pwm-vitesse-de-la-pompe-3300-tr-min-roulement-s-fdb-pour-amd-am4-am5-intel\/\",\"url\":\"https:\/\/proplaystore.lu\/index.php\/produit\/thermalright-frozen-edge-240-refroidisseur-deau-pour-processeur-noir-avec-ventilateurs-pwm-vitesse-de-la-pompe-3300-tr-min-roulement-s-fdb-pour-amd-am4-am5-intel\/\",\"name\":\"Thermalright Frozen Edge 240 Refroidisseur d'eau pour processeur, noir, avec ventilateurs PWM, vitesse de la pompe 3300 tr\/min, roulement S-FDB pour AMD AM4\/AM5, Intel - ProPlaystore\",\"isPartOf\":{\"@id\":\"https:\/\/proplaystore.lu\/#website\"},\"primaryImageOfPage\":{\"@id\":\"https:\/\/proplaystore.lu\/index.php\/produit\/thermalright-frozen-edge-240-refroidisseur-deau-pour-processeur-noir-avec-ventilateurs-pwm-vitesse-de-la-pompe-3300-tr-min-roulement-s-fdb-pour-amd-am4-am5-intel\/#primaryimage\"},\"image\":{\"@id\":\"https:\/\/proplaystore.lu\/index.php\/produit\/thermalright-frozen-edge-240-refroidisseur-deau-pour-processeur-noir-avec-ventilateurs-pwm-vitesse-de-la-pompe-3300-tr-min-roulement-s-fdb-pour-amd-am4-am5-intel\/#primaryimage\"},\"thumbnailUrl\":\"https:\/\/proplaystore.lu\/wp-content\/uploads\/2025\/08\/51ANdklLWAL._SX522_.jpg\",\"datePublished\":\"2025-08-17T21:21:27+00:00\",\"dateModified\":\"2025-08-18T23:10:13+00:00\",\"breadcrumb\":{\"@id\":\"https:\/\/proplaystore.lu\/index.php\/produit\/thermalright-frozen-edge-240-refroidisseur-deau-pour-processeur-noir-avec-ventilateurs-pwm-vitesse-de-la-pompe-3300-tr-min-roulement-s-fdb-pour-amd-am4-am5-intel\/#breadcrumb\"},\"inLanguage\":\"en-US\",\"potentialAction\":[{\"@type\":\"ReadAction\",\"target\":[\"https:\/\/proplaystore.lu\/index.php\/produit\/thermalright-frozen-edge-240-refroidisseur-deau-pour-processeur-noir-avec-ventilateurs-pwm-vitesse-de-la-pompe-3300-tr-min-roulement-s-fdb-pour-amd-am4-am5-intel\/\"]}]},{\"@type\":\"ImageObject\",\"inLanguage\":\"en-US\",\"@id\":\"https:\/\/proplaystore.lu\/index.php\/produit\/thermalright-frozen-edge-240-refroidisseur-deau-pour-processeur-noir-avec-ventilateurs-pwm-vitesse-de-la-pompe-3300-tr-min-roulement-s-fdb-pour-amd-am4-am5-intel\/#primaryimage\",\"url\":\"https:\/\/proplaystore.lu\/wp-content\/uploads\/2025\/08\/51ANdklLWAL._SX522_.jpg\",\"contentUrl\":\"https:\/\/proplaystore.lu\/wp-content\/uploads\/2025\/08\/51ANdklLWAL._SX522_.jpg\",\"width\":522,\"height\":522},{\"@type\":\"BreadcrumbList\",\"@id\":\"https:\/\/proplaystore.lu\/index.php\/produit\/thermalright-frozen-edge-240-refroidisseur-deau-pour-processeur-noir-avec-ventilateurs-pwm-vitesse-de-la-pompe-3300-tr-min-roulement-s-fdb-pour-amd-am4-am5-intel\/#breadcrumb\",\"itemListElement\":[{\"@type\":\"ListItem\",\"position\":1,\"name\":\"Accueil\",\"item\":\"https:\/\/proplaystore.lu\/\"},{\"@type\":\"ListItem\",\"position\":2,\"name\":\"Shop\",\"item\":\"https:\/\/proplaystore.lu\/index.php\/shop\/\"},{\"@type\":\"ListItem\",\"position\":3,\"name\":\"Thermalright Frozen Edge 240 Refroidisseur d&#8217;eau pour processeur, noir, avec ventilateurs PWM, vitesse de la pompe 3300 tr\/min, roulement S-FDB pour AMD AM4\/AM5, Intel\"}]},{\"@type\":\"WebSite\",\"@id\":\"https:\/\/proplaystore.lu\/#website\",\"url\":\"https:\/\/proplaystore.lu\/\",\"name\":\"ProPlaystore\",\"description\":\"proplaysre\",\"potentialAction\":[{\"@type\":\"SearchAction\",\"target\":{\"@type\":\"EntryPoint\",\"urlTemplate\":\"https:\/\/proplaystore.lu\/?s={search_term_string}\"},\"query-input\":{\"@type\":\"PropertyValueSpecification\",\"valueRequired\":true,\"valueName\":\"search_term_string\"}}],\"inLanguage\":\"en-US\"}]}<\/script>\n<!-- \/ Yoast SEO plugin. -->","yoast_head_json":{"title":"Thermalright Frozen Edge 240 Refroidisseur d'eau pour processeur, noir, avec ventilateurs PWM, vitesse de la pompe 3300 tr\/min, roulement S-FDB pour AMD AM4\/AM5, Intel - ProPlaystore","robots":{"index":"index","follow":"follow","max-snippet":"max-snippet:-1","max-image-preview":"max-image-preview:large","max-video-preview":"max-video-preview:-1"},"canonical":"https:\/\/proplaystore.lu\/index.php\/produit\/thermalright-frozen-edge-240-refroidisseur-deau-pour-processeur-noir-avec-ventilateurs-pwm-vitesse-de-la-pompe-3300-tr-min-roulement-s-fdb-pour-amd-am4-am5-intel\/","og_locale":"en_US","og_type":"article","og_title":"Thermalright Frozen Edge 240 Refroidisseur d'eau pour processeur, noir, avec ventilateurs PWM, vitesse de la pompe 3300 tr\/min, roulement S-FDB pour AMD AM4\/AM5, Intel - ProPlaystore","og_description":"Introduction De La Marque : Thermalright Est Une Marque Ta\u00efwanaise Avec Plus De 20 Ans D'Histoire De D\u00e9veloppement. Il Jouit D\u2019Une Certaine Popularit\u00e9 Sur Les March\u00e9s Nationaux Et Internationaux Et A Un Impact Significatif Sur Le March\u00e9 Des R\u00e9frig\u00e9rateurs. Nous Nous Sommes Concentr\u00e9s Sur La Recherche Et Le D\u00e9veloppement D'Accessoires Informatiques, Et Nos Gammes De Produits De Recherche Et D\u00e9veloppement Comprennent : Les Refroidisseurs Air\/Eau Pour Processeur, Les Ventilateurs De Bo\u00eetier, La  Meilleur Refroidissement : T\u00eate De Radiateur En Alliage D'Aluminium + Plaque De Refroidissement \u00c0 Lamelles En Aluminium Noir De 240 Cm + Protection Contre La Compilation De Polym\u00e8res + Configuration Standard De Ventilateur Haute Vitesse De 120 Mm Pour Cr\u00e9er Une Faible R\u00e9sistance, Un Refroidissement \u00c9lev\u00e9 Et Une Longue Dur\u00e9e De Vie.  Optimisation Des D\u00e9tails : Le Refroidisseur Liquide De Processeur Est Fabriqu\u00e9 En Pbt+Pc, Des Coussinets En Silicone Souple Autour Du Ventilateur Peuvent R\u00e9duire Les Vibrations Et Obtenir L'Effet De R\u00e9duction Du Bruit, Le Connecteur Du Bo\u00eetier Configur\u00e9 Peut \u00catre Directement Branch\u00e9 Sur Le Ventilateur Du Connecteur Pour Une Utilisation.  Roulement De Qualit\u00e9 : Les Roulements De Qualit\u00e9 S-Fdb Soigneusement Con\u00e7us R\u00e9solvent Le Probl\u00e8me Des Secousses Des Pales Du Ventilateur En Mode Levage, Maintiennent Le Bruit Du Ventilateur Au Minimum, Tout En Fournissant Une Puissance De Refroidissement Maximale En Cas De Besoin Et Prolongent La Dur\u00e9e De Vie Du Ventilateur.","og_url":"https:\/\/proplaystore.lu\/index.php\/produit\/thermalright-frozen-edge-240-refroidisseur-deau-pour-processeur-noir-avec-ventilateurs-pwm-vitesse-de-la-pompe-3300-tr-min-roulement-s-fdb-pour-amd-am4-am5-intel\/","og_site_name":"ProPlaystore","article_modified_time":"2025-08-18T23:10:13+00:00","og_image":[{"width":522,"height":522,"url":"https:\/\/proplaystore.lu\/wp-content\/uploads\/2025\/08\/51ANdklLWAL._SX522_.jpg","type":"image\/jpeg"}],"twitter_card":"summary_large_image","twitter_misc":{"Est. reading time":"1 minute"},"schema":{"@context":"https:\/\/schema.org","@graph":[{"@type":"WebPage","@id":"https:\/\/proplaystore.lu\/index.php\/produit\/thermalright-frozen-edge-240-refroidisseur-deau-pour-processeur-noir-avec-ventilateurs-pwm-vitesse-de-la-pompe-3300-tr-min-roulement-s-fdb-pour-amd-am4-am5-intel\/","url":"https:\/\/proplaystore.lu\/index.php\/produit\/thermalright-frozen-edge-240-refroidisseur-deau-pour-processeur-noir-avec-ventilateurs-pwm-vitesse-de-la-pompe-3300-tr-min-roulement-s-fdb-pour-amd-am4-am5-intel\/","name":"Thermalright Frozen Edge 240 Refroidisseur d'eau pour processeur, noir, avec ventilateurs PWM, vitesse de la pompe 3300 tr\/min, roulement S-FDB pour AMD AM4\/AM5, Intel - ProPlaystore","isPartOf":{"@id":"https:\/\/proplaystore.lu\/#website"},"primaryImageOfPage":{"@id":"https:\/\/proplaystore.lu\/index.php\/produit\/thermalright-frozen-edge-240-refroidisseur-deau-pour-processeur-noir-avec-ventilateurs-pwm-vitesse-de-la-pompe-3300-tr-min-roulement-s-fdb-pour-amd-am4-am5-intel\/#primaryimage"},"image":{"@id":"https:\/\/proplaystore.lu\/index.php\/produit\/thermalright-frozen-edge-240-refroidisseur-deau-pour-processeur-noir-avec-ventilateurs-pwm-vitesse-de-la-pompe-3300-tr-min-roulement-s-fdb-pour-amd-am4-am5-intel\/#primaryimage"},"thumbnailUrl":"https:\/\/proplaystore.lu\/wp-content\/uploads\/2025\/08\/51ANdklLWAL._SX522_.jpg","datePublished":"2025-08-17T21:21:27+00:00","dateModified":"2025-08-18T23:10:13+00:00","breadcrumb":{"@id":"https:\/\/proplaystore.lu\/index.php\/produit\/thermalright-frozen-edge-240-refroidisseur-deau-pour-processeur-noir-avec-ventilateurs-pwm-vitesse-de-la-pompe-3300-tr-min-roulement-s-fdb-pour-amd-am4-am5-intel\/#breadcrumb"},"inLanguage":"en-US","potentialAction":[{"@type":"ReadAction","target":["https:\/\/proplaystore.lu\/index.php\/produit\/thermalright-frozen-edge-240-refroidisseur-deau-pour-processeur-noir-avec-ventilateurs-pwm-vitesse-de-la-pompe-3300-tr-min-roulement-s-fdb-pour-amd-am4-am5-intel\/"]}]},{"@type":"ImageObject","inLanguage":"en-US","@id":"https:\/\/proplaystore.lu\/index.php\/produit\/thermalright-frozen-edge-240-refroidisseur-deau-pour-processeur-noir-avec-ventilateurs-pwm-vitesse-de-la-pompe-3300-tr-min-roulement-s-fdb-pour-amd-am4-am5-intel\/#primaryimage","url":"https:\/\/proplaystore.lu\/wp-content\/uploads\/2025\/08\/51ANdklLWAL._SX522_.jpg","contentUrl":"https:\/\/proplaystore.lu\/wp-content\/uploads\/2025\/08\/51ANdklLWAL._SX522_.jpg","width":522,"height":522},{"@type":"BreadcrumbList","@id":"https:\/\/proplaystore.lu\/index.php\/produit\/thermalright-frozen-edge-240-refroidisseur-deau-pour-processeur-noir-avec-ventilateurs-pwm-vitesse-de-la-pompe-3300-tr-min-roulement-s-fdb-pour-amd-am4-am5-intel\/#breadcrumb","itemListElement":[{"@type":"ListItem","position":1,"name":"Accueil","item":"https:\/\/proplaystore.lu\/"},{"@type":"ListItem","position":2,"name":"Shop","item":"https:\/\/proplaystore.lu\/index.php\/shop\/"},{"@type":"ListItem","position":3,"name":"Thermalright Frozen Edge 240 Refroidisseur d&#8217;eau pour processeur, noir, avec ventilateurs PWM, vitesse de la pompe 3300 tr\/min, roulement S-FDB pour AMD AM4\/AM5, Intel"}]},{"@type":"WebSite","@id":"https:\/\/proplaystore.lu\/#website","url":"https:\/\/proplaystore.lu\/","name":"ProPlaystore","description":"proplaysre","potentialAction":[{"@type":"SearchAction","target":{"@type":"EntryPoint","urlTemplate":"https:\/\/proplaystore.lu\/?s={search_term_string}"},"query-input":{"@type":"PropertyValueSpecification","valueRequired":true,"valueName":"search_term_string"}}],"inLanguage":"en-US"}]}},"_links":{"self":[{"href":"https:\/\/proplaystore.lu\/index.php\/wp-json\/wp\/v2\/product\/7729","targetHints":{"allow":["GET"]}}],"collection":[{"href":"https:\/\/proplaystore.lu\/index.php\/wp-json\/wp\/v2\/product"}],"about":[{"href":"https:\/\/proplaystore.lu\/index.php\/wp-json\/wp\/v2\/types\/product"}],"replies":[{"embeddable":true,"href":"https:\/\/proplaystore.lu\/index.php\/wp-json\/wp\/v2\/comments?post=7729"}],"wp:featuredmedia":[{"embeddable":true,"href":"https:\/\/proplaystore.lu\/index.php\/wp-json\/wp\/v2\/media\/7734"}],"wp:attachment":[{"href":"https:\/\/proplaystore.lu\/index.php\/wp-json\/wp\/v2\/media?parent=7729"}],"wp:term":[{"taxonomy":"product_brand","embeddable":true,"href":"https:\/\/proplaystore.lu\/index.php\/wp-json\/wp\/v2\/product_brand?post=7729"},{"taxonomy":"product_cat","embeddable":true,"href":"https:\/\/proplaystore.lu\/index.php\/wp-json\/wp\/v2\/product_cat?post=7729"},{"taxonomy":"product_tag","embeddable":true,"href":"https:\/\/proplaystore.lu\/index.php\/wp-json\/wp\/v2\/product_tag?post=7729"}],"curies":[{"name":"wp","href":"https:\/\/api.w.org\/{rel}","templated":true}]}}