{"id":7735,"date":"2025-08-17T21:24:18","date_gmt":"2025-08-17T21:24:18","guid":{"rendered":"https:\/\/proplaystore.lu\/?post_type=product&#038;p=7735"},"modified":"2025-08-18T23:09:32","modified_gmt":"2025-08-18T23:09:32","slug":"uphere-e240kc-watercooling-240mm-refroidisseur-cpucompatible-amd-am5-am4-et-intel-1851-1700aio-240mm-refroidisseur-deau-tout-en-un-performant-avec-ventilateursinstallation-facile-et-silenc","status":"publish","type":"product","link":"https:\/\/proplaystore.lu\/index.php\/produit\/uphere-e240kc-watercooling-240mm-refroidisseur-cpucompatible-amd-am5-am4-et-intel-1851-1700aio-240mm-refroidisseur-deau-tout-en-un-performant-avec-ventilateursinstallation-facile-et-silenc\/","title":{"rendered":"upHere E240KC Watercooling 240mm Refroidisseur CPU,Compatible AMD AM5 AM4 et Intel 1851 1700,AIO 240mm Refroidisseur d\u2019Eau Tout-en-Un Performant avec Ventilateurs,Installation Facile et Silencieuse"},"content":{"rendered":"<h2 data-start=\"1558\" data-end=\"1580\"><strong data-start=\"1561\" data-end=\"1580\">Fiche technique<\/strong><\/h2>\n<table class=\"a-normal a-spacing-micro\" role=\"list\">\n<tbody>\n<tr class=\"a-spacing-small po-item_length_width_height\" role=\"listitem\">\n<td class=\"a-span3\" role=\"presentation\"><span class=\"a-size-base a-text-bold\">Dimensions du produit<\/span><\/td>\n<td class=\"a-span9\" role=\"presentation\"><span class=\"a-size-base po-break-word\">27,7L x 12l x 2,7H centim\u00e8tres<\/span><\/td>\n<\/tr>\n<tr class=\"a-spacing-small po-brand\" role=\"listitem\">\n<td class=\"a-span3\" role=\"presentation\"><span class=\"a-size-base a-text-bold\">Marque<\/span><\/td>\n<td class=\"a-span9\" role=\"presentation\"><span class=\"a-size-base po-break-word\">upHere<\/span><\/td>\n<\/tr>\n<tr class=\"a-spacing-small po-power_connector_type\" role=\"listitem\">\n<td class=\"a-span3\" role=\"presentation\"><span class=\"a-size-base a-text-bold\">Type de connecteur d&#8217;alimentation<\/span><\/td>\n<td class=\"a-span9\" role=\"presentation\"><span class=\"a-size-base po-break-word\">3 broche<\/span><\/td>\n<\/tr>\n<tr class=\"a-spacing-small po-voltage\" role=\"listitem\">\n<td class=\"a-span3\" role=\"presentation\"><span class=\"a-size-base a-text-bold\">Tension<\/span><\/td>\n<td class=\"a-span9\" role=\"presentation\"><span class=\"a-size-base po-break-word\">12 Volts (courant continu)<\/span><\/td>\n<\/tr>\n<tr class=\"a-spacing-small po-wattage\" role=\"listitem\">\n<td class=\"a-span3\" role=\"presentation\"><span class=\"a-size-base a-text-bold\">Puissance<\/span><\/td>\n<td class=\"a-span9\" role=\"presentation\"><span class=\"a-size-base po-break-word\">4.2 Watts<\/span><\/td>\n<\/tr>\n<tr class=\"a-spacing-small po-cooling_method\" role=\"listitem\">\n<td class=\"a-span3\" role=\"presentation\"><span class=\"a-size-base a-text-bold\">M\u00e9thode de refroidissement<\/span><\/td>\n<td class=\"a-span9\" role=\"presentation\"><span class=\"a-size-base po-break-word\">Eau<\/span><\/td>\n<\/tr>\n<tr class=\"a-spacing-small po-compatible_devices\" role=\"listitem\">\n<td class=\"a-span3\" role=\"presentation\"><span class=\"a-size-base a-text-bold\">Appareils compatibles<\/span><\/td>\n<td class=\"a-span9\" role=\"presentation\"><span class=\"a-size-base po-break-word\">ordinateur de bureau, ordinateur portable<\/span><\/td>\n<\/tr>\n<tr class=\"a-spacing-small po-material\" role=\"listitem\">\n<td class=\"a-span3\" role=\"presentation\"><span class=\"a-size-base a-text-bold\">Mat\u00e9riau<\/span><\/td>\n<td class=\"a-span9\" role=\"presentation\"><span class=\"a-size-base po-break-word\">Aluminium<\/span><\/td>\n<\/tr>\n<tr class=\"a-spacing-small po-maximum_rotational_speed\" role=\"listitem\">\n<td class=\"a-span3\" role=\"presentation\"><span class=\"a-size-base a-text-bold\">Vitesse de rotation maximale<\/span><\/td>\n<td class=\"a-span9\" role=\"presentation\"><span class=\"a-size-base po-break-word\">1800 tr\/min<\/span><\/td>\n<\/tr>\n<tr class=\"a-spacing-small po-air_flow_capacity\" role=\"listitem\">\n<td class=\"a-span3\" role=\"presentation\"><span class=\"a-size-base a-text-bold\">Capacit\u00e9 de d\u00e9bit d&#8217;air<\/span><\/td>\n<td class=\"a-span9\" role=\"presentation\"><span class=\"a-size-base po-break-word\">71 centim\u00e8tres cubes par minute<\/span><\/td>\n<\/tr>\n<\/tbody>\n<\/table>\n<p>&nbsp;<\/p>\n<p>&nbsp;<\/p>\n<p>&nbsp;<\/p>\n<p>&nbsp;<\/p>\n<p>&nbsp;<\/p>\n<p>&nbsp;<\/p>\n<p>&nbsp;<\/p>\n<p>&nbsp;<\/p>\n<p>&nbsp;<\/p>\n","protected":false},"excerpt":{"rendered":"<ul class=\"a-unordered-list a-vertical\">\n<li class=\"a-spacing-mini\"><span class=\"a-list-item\">\u3010Compatible avec Intel et AMD\u3011 Le refroidisseur de CPU liquide de la s\u00e9rie E est largement compatible avec les derni\u00e8res sockets Intel LGA 1851\/1700\/115x\/1200\/2011\/2066 et AMD AM5\/AM4. Gr\u00e2ce aux supports de montage et aux fixations fournis, il peut \u00eatre facilement install\u00e9 sur diverses plateformes. Ce syst\u00e8me de watercooling 240mm offre une installation simple et une compatibilit\u00e9 exceptionnelle pour les configurations haut de gamme.<\/span><\/li>\n<li class=\"a-spacing-mini\"><span class=\"a-list-item\">\u3010Design Double Vue\u3011 Le refroidisseur CPU liquide utilise une conception \u00e0 pompe unique, \u00e0 la fois minimaliste et performante. Le design double vue vous permet de choisir le style que vous pr\u00e9f\u00e9rez. Le couvercle magn\u00e9tique de la pompe est facile \u00e0 retirer, facilitant la maintenance et la personnalisation. Ce syst\u00e8me AIO 240mm allie performance et design dans un syst\u00e8me de refroidissement efficace.<\/span><\/li>\n<li class=\"a-spacing-mini\"><span class=\"a-list-item\">\u3010Performances de Refroidissement Puissantes 280W TDP\u3011 Le refroidisseur liquide de la s\u00e9rie E supporte jusqu&#8217;\u00e0 280W TDP, g\u00e9rant efficacement la chaleur g\u00e9n\u00e9r\u00e9e par les CPU hautes performances. La vitesse de la pompe de 800-2500 tr\/min \u00b110% assure un fonctionnement silencieux et des performances de refroidissement optimales. M\u00eame sous charge lourde, le CPU reste frais, garantissant des performances maximales pendant le gaming et les t\u00e2ches cr\u00e9atives. Ce syst\u00e8me de watercooling AM5 maintient votre PC au frais et maximise ses performances.<\/span><\/li>\n<li class=\"a-spacing-mini\"><span class=\"a-list-item\">\u3010Esth\u00e9tique ARGB\u3011 La t\u00eate du refroidisseur CPU liquide est \u00e9quip\u00e9e de 15 LEDs ARGB, et les ventilateurs disposent \u00e9galement de fonctions ARGB, offrant une vari\u00e9t\u00e9 d&#8217;effets lumineux. Il fournit un refroidissement efficace et silencieux tout en illuminant votre bo\u00eetier de mani\u00e8re unique. Ajoutez une touche visuelle \u00e0 vos activit\u00e9s de gaming et cr\u00e9atives, et personnalisez les couleurs et effets pour cr\u00e9er un environnement PC unique. Ce syst\u00e8me de water cooling est parfait pour les passionn\u00e9s qui allient performance et esth\u00e9tique.<\/span><\/li>\n<li class=\"a-spacing-mini\"><span class=\"a-list-item\">\u3010Ventilateurs de Refroidissement Int\u00e9gr\u00e9s\u3011 Le refroidisseur CPU liquide est \u00e9quip\u00e9 de deux ventilateurs PWM de 120 mm, ajustant automatiquement leur vitesse entre 600 et 1800 tr\/min en fonction de la temp\u00e9rature du CPU. La gestion int\u00e9gr\u00e9e des c\u00e2bles simplifie l&#8217;installation, avec un niveau sonore inf\u00e9rieur \u00e0 27 dB(A), un d\u00e9bit d&#8217;air de 71 CFM et une pression statique de 2,67 mm\/H2O. Ce syst\u00e8me AIO 240mm offre un refroidissement durable, silencieux et performant pour votre PC.<\/span><\/li>\n<li class=\"a-spacing-mini\"><\/li>\n<\/ul>\n","protected":false},"featured_media":7740,"comment_status":"open","ping_status":"closed","template":"","meta":[],"product_brand":[],"product_cat":[67],"product_tag":[80,81],"class_list":{"0":"post-7735","1":"product","2":"type-product","3":"status-publish","4":"has-post-thumbnail","6":"product_cat-watercooling","7":"product_tag-refroidisseur","8":"product_tag-watercooling","10":"first","11":"instock","12":"shipping-taxable","13":"purchasable","14":"product-type-simple"},"yoast_head":"<!-- This site is optimized with the Yoast SEO plugin v26.4 - https:\/\/yoast.com\/wordpress\/plugins\/seo\/ -->\n<title>upHere E240KC Watercooling 240mm Refroidisseur CPU,Compatible AMD AM5 AM4 et Intel 1851 1700,AIO 240mm Refroidisseur d\u2019Eau Tout-en-Un Performant avec Ventilateurs,Installation Facile et Silencieuse - ProPlaystore<\/title>\n<meta name=\"robots\" content=\"index, follow, max-snippet:-1, max-image-preview:large, max-video-preview:-1\" \/>\n<link rel=\"canonical\" href=\"https:\/\/proplaystore.lu\/index.php\/produit\/uphere-e240kc-watercooling-240mm-refroidisseur-cpucompatible-amd-am5-am4-et-intel-1851-1700aio-240mm-refroidisseur-deau-tout-en-un-performant-avec-ventilateursinstallation-facile-et-silenc\/\" \/>\n<meta property=\"og:locale\" content=\"en_US\" \/>\n<meta property=\"og:type\" content=\"article\" \/>\n<meta property=\"og:title\" content=\"upHere E240KC Watercooling 240mm Refroidisseur CPU,Compatible AMD AM5 AM4 et Intel 1851 1700,AIO 240mm Refroidisseur d\u2019Eau Tout-en-Un Performant avec Ventilateurs,Installation Facile et Silencieuse - ProPlaystore\" \/>\n<meta property=\"og:description\" content=\"\u3010Compatible avec Intel et AMD\u3011 Le refroidisseur de CPU liquide de la s\u00e9rie E est largement compatible avec les derni\u00e8res sockets Intel LGA 1851\/1700\/115x\/1200\/2011\/2066 et AMD AM5\/AM4. Gr\u00e2ce aux supports de montage et aux fixations fournis, il peut \u00eatre facilement install\u00e9 sur diverses plateformes. Ce syst\u00e8me de watercooling 240mm offre une installation simple et une compatibilit\u00e9 exceptionnelle pour les configurations haut de gamme.  \u3010Design Double Vue\u3011 Le refroidisseur CPU liquide utilise une conception \u00e0 pompe unique, \u00e0 la fois minimaliste et performante. Le design double vue vous permet de choisir le style que vous pr\u00e9f\u00e9rez. Le couvercle magn\u00e9tique de la pompe est facile \u00e0 retirer, facilitant la maintenance et la personnalisation. Ce syst\u00e8me AIO 240mm allie performance et design dans un syst\u00e8me de refroidissement efficace.  \u3010Performances de Refroidissement Puissantes 280W TDP\u3011 Le refroidisseur liquide de la s\u00e9rie E supporte jusqu&#039;\u00e0 280W TDP, g\u00e9rant efficacement la chaleur g\u00e9n\u00e9r\u00e9e par les CPU hautes performances. La vitesse de la pompe de 800-2500 tr\/min \u00b110% assure un fonctionnement silencieux et des performances de refroidissement optimales. M\u00eame sous charge lourde, le CPU reste frais, garantissant des performances maximales pendant le gaming et les t\u00e2ches cr\u00e9atives. Ce syst\u00e8me de watercooling AM5 maintient votre PC au frais et maximise ses performances.  \u3010Esth\u00e9tique ARGB\u3011 La t\u00eate du refroidisseur CPU liquide est \u00e9quip\u00e9e de 15 LEDs ARGB, et les ventilateurs disposent \u00e9galement de fonctions ARGB, offrant une vari\u00e9t\u00e9 d&#039;effets lumineux. Il fournit un refroidissement efficace et silencieux tout en illuminant votre bo\u00eetier de mani\u00e8re unique. Ajoutez une touche visuelle \u00e0 vos activit\u00e9s de gaming et cr\u00e9atives, et personnalisez les couleurs et effets pour cr\u00e9er un environnement PC unique. Ce syst\u00e8me de water cooling est parfait pour les passionn\u00e9s qui allient performance et esth\u00e9tique.  \u3010Ventilateurs de Refroidissement Int\u00e9gr\u00e9s\u3011 Le refroidisseur CPU liquide est \u00e9quip\u00e9 de deux ventilateurs PWM de 120 mm, ajustant automatiquement leur vitesse entre 600 et 1800 tr\/min en fonction de la temp\u00e9rature du CPU. La gestion int\u00e9gr\u00e9e des c\u00e2bles simplifie l&#039;installation, avec un niveau sonore inf\u00e9rieur \u00e0 27 dB(A), un d\u00e9bit d&#039;air de 71 CFM et une pression statique de 2,67 mm\/H2O. Ce syst\u00e8me AIO 240mm offre un refroidissement durable, silencieux et performant pour votre PC.\" \/>\n<meta property=\"og:url\" content=\"https:\/\/proplaystore.lu\/index.php\/produit\/uphere-e240kc-watercooling-240mm-refroidisseur-cpucompatible-amd-am5-am4-et-intel-1851-1700aio-240mm-refroidisseur-deau-tout-en-un-performant-avec-ventilateursinstallation-facile-et-silenc\/\" \/>\n<meta property=\"og:site_name\" content=\"ProPlaystore\" \/>\n<meta property=\"article:modified_time\" content=\"2025-08-18T23:09:32+00:00\" \/>\n<meta property=\"og:image\" content=\"https:\/\/proplaystore.lu\/wp-content\/uploads\/2025\/08\/7140brh2oIL._SY500_.jpg\" \/>\n\t<meta property=\"og:image:width\" content=\"385\" \/>\n\t<meta property=\"og:image:height\" content=\"500\" \/>\n\t<meta property=\"og:image:type\" content=\"image\/jpeg\" \/>\n<meta name=\"twitter:card\" content=\"summary_large_image\" \/>\n<meta name=\"twitter:label1\" content=\"Est. reading time\" \/>\n\t<meta name=\"twitter:data1\" content=\"1 minute\" \/>\n<script type=\"application\/ld+json\" class=\"yoast-schema-graph\">{\"@context\":\"https:\/\/schema.org\",\"@graph\":[{\"@type\":\"WebPage\",\"@id\":\"https:\/\/proplaystore.lu\/index.php\/produit\/uphere-e240kc-watercooling-240mm-refroidisseur-cpucompatible-amd-am5-am4-et-intel-1851-1700aio-240mm-refroidisseur-deau-tout-en-un-performant-avec-ventilateursinstallation-facile-et-silenc\/\",\"url\":\"https:\/\/proplaystore.lu\/index.php\/produit\/uphere-e240kc-watercooling-240mm-refroidisseur-cpucompatible-amd-am5-am4-et-intel-1851-1700aio-240mm-refroidisseur-deau-tout-en-un-performant-avec-ventilateursinstallation-facile-et-silenc\/\",\"name\":\"upHere E240KC Watercooling 240mm Refroidisseur CPU,Compatible AMD AM5 AM4 et Intel 1851 1700,AIO 240mm Refroidisseur d\u2019Eau Tout-en-Un Performant avec Ventilateurs,Installation Facile et Silencieuse - ProPlaystore\",\"isPartOf\":{\"@id\":\"https:\/\/proplaystore.lu\/#website\"},\"primaryImageOfPage\":{\"@id\":\"https:\/\/proplaystore.lu\/index.php\/produit\/uphere-e240kc-watercooling-240mm-refroidisseur-cpucompatible-amd-am5-am4-et-intel-1851-1700aio-240mm-refroidisseur-deau-tout-en-un-performant-avec-ventilateursinstallation-facile-et-silenc\/#primaryimage\"},\"image\":{\"@id\":\"https:\/\/proplaystore.lu\/index.php\/produit\/uphere-e240kc-watercooling-240mm-refroidisseur-cpucompatible-amd-am5-am4-et-intel-1851-1700aio-240mm-refroidisseur-deau-tout-en-un-performant-avec-ventilateursinstallation-facile-et-silenc\/#primaryimage\"},\"thumbnailUrl\":\"https:\/\/proplaystore.lu\/wp-content\/uploads\/2025\/08\/7140brh2oIL._SY500_.jpg\",\"datePublished\":\"2025-08-17T21:24:18+00:00\",\"dateModified\":\"2025-08-18T23:09:32+00:00\",\"breadcrumb\":{\"@id\":\"https:\/\/proplaystore.lu\/index.php\/produit\/uphere-e240kc-watercooling-240mm-refroidisseur-cpucompatible-amd-am5-am4-et-intel-1851-1700aio-240mm-refroidisseur-deau-tout-en-un-performant-avec-ventilateursinstallation-facile-et-silenc\/#breadcrumb\"},\"inLanguage\":\"en-US\",\"potentialAction\":[{\"@type\":\"ReadAction\",\"target\":[\"https:\/\/proplaystore.lu\/index.php\/produit\/uphere-e240kc-watercooling-240mm-refroidisseur-cpucompatible-amd-am5-am4-et-intel-1851-1700aio-240mm-refroidisseur-deau-tout-en-un-performant-avec-ventilateursinstallation-facile-et-silenc\/\"]}]},{\"@type\":\"ImageObject\",\"inLanguage\":\"en-US\",\"@id\":\"https:\/\/proplaystore.lu\/index.php\/produit\/uphere-e240kc-watercooling-240mm-refroidisseur-cpucompatible-amd-am5-am4-et-intel-1851-1700aio-240mm-refroidisseur-deau-tout-en-un-performant-avec-ventilateursinstallation-facile-et-silenc\/#primaryimage\",\"url\":\"https:\/\/proplaystore.lu\/wp-content\/uploads\/2025\/08\/7140brh2oIL._SY500_.jpg\",\"contentUrl\":\"https:\/\/proplaystore.lu\/wp-content\/uploads\/2025\/08\/7140brh2oIL._SY500_.jpg\",\"width\":385,\"height\":500},{\"@type\":\"BreadcrumbList\",\"@id\":\"https:\/\/proplaystore.lu\/index.php\/produit\/uphere-e240kc-watercooling-240mm-refroidisseur-cpucompatible-amd-am5-am4-et-intel-1851-1700aio-240mm-refroidisseur-deau-tout-en-un-performant-avec-ventilateursinstallation-facile-et-silenc\/#breadcrumb\",\"itemListElement\":[{\"@type\":\"ListItem\",\"position\":1,\"name\":\"Accueil\",\"item\":\"https:\/\/proplaystore.lu\/\"},{\"@type\":\"ListItem\",\"position\":2,\"name\":\"Shop\",\"item\":\"https:\/\/proplaystore.lu\/index.php\/shop\/\"},{\"@type\":\"ListItem\",\"position\":3,\"name\":\"upHere E240KC Watercooling 240mm Refroidisseur CPU,Compatible AMD AM5 AM4 et Intel 1851 1700,AIO 240mm Refroidisseur d\u2019Eau Tout-en-Un Performant avec Ventilateurs,Installation Facile et Silencieuse\"}]},{\"@type\":\"WebSite\",\"@id\":\"https:\/\/proplaystore.lu\/#website\",\"url\":\"https:\/\/proplaystore.lu\/\",\"name\":\"ProPlaystore\",\"description\":\"proplaysre\",\"potentialAction\":[{\"@type\":\"SearchAction\",\"target\":{\"@type\":\"EntryPoint\",\"urlTemplate\":\"https:\/\/proplaystore.lu\/?s={search_term_string}\"},\"query-input\":{\"@type\":\"PropertyValueSpecification\",\"valueRequired\":true,\"valueName\":\"search_term_string\"}}],\"inLanguage\":\"en-US\"}]}<\/script>\n<!-- \/ Yoast SEO plugin. -->","yoast_head_json":{"title":"upHere E240KC Watercooling 240mm Refroidisseur CPU,Compatible AMD AM5 AM4 et Intel 1851 1700,AIO 240mm Refroidisseur d\u2019Eau Tout-en-Un Performant avec Ventilateurs,Installation Facile et Silencieuse - ProPlaystore","robots":{"index":"index","follow":"follow","max-snippet":"max-snippet:-1","max-image-preview":"max-image-preview:large","max-video-preview":"max-video-preview:-1"},"canonical":"https:\/\/proplaystore.lu\/index.php\/produit\/uphere-e240kc-watercooling-240mm-refroidisseur-cpucompatible-amd-am5-am4-et-intel-1851-1700aio-240mm-refroidisseur-deau-tout-en-un-performant-avec-ventilateursinstallation-facile-et-silenc\/","og_locale":"en_US","og_type":"article","og_title":"upHere E240KC Watercooling 240mm Refroidisseur CPU,Compatible AMD AM5 AM4 et Intel 1851 1700,AIO 240mm Refroidisseur d\u2019Eau Tout-en-Un Performant avec Ventilateurs,Installation Facile et Silencieuse - ProPlaystore","og_description":"\u3010Compatible avec Intel et AMD\u3011 Le refroidisseur de CPU liquide de la s\u00e9rie E est largement compatible avec les derni\u00e8res sockets Intel LGA 1851\/1700\/115x\/1200\/2011\/2066 et AMD AM5\/AM4. Gr\u00e2ce aux supports de montage et aux fixations fournis, il peut \u00eatre facilement install\u00e9 sur diverses plateformes. Ce syst\u00e8me de watercooling 240mm offre une installation simple et une compatibilit\u00e9 exceptionnelle pour les configurations haut de gamme.  \u3010Design Double Vue\u3011 Le refroidisseur CPU liquide utilise une conception \u00e0 pompe unique, \u00e0 la fois minimaliste et performante. Le design double vue vous permet de choisir le style que vous pr\u00e9f\u00e9rez. Le couvercle magn\u00e9tique de la pompe est facile \u00e0 retirer, facilitant la maintenance et la personnalisation. Ce syst\u00e8me AIO 240mm allie performance et design dans un syst\u00e8me de refroidissement efficace.  \u3010Performances de Refroidissement Puissantes 280W TDP\u3011 Le refroidisseur liquide de la s\u00e9rie E supporte jusqu'\u00e0 280W TDP, g\u00e9rant efficacement la chaleur g\u00e9n\u00e9r\u00e9e par les CPU hautes performances. La vitesse de la pompe de 800-2500 tr\/min \u00b110% assure un fonctionnement silencieux et des performances de refroidissement optimales. M\u00eame sous charge lourde, le CPU reste frais, garantissant des performances maximales pendant le gaming et les t\u00e2ches cr\u00e9atives. Ce syst\u00e8me de watercooling AM5 maintient votre PC au frais et maximise ses performances.  \u3010Esth\u00e9tique ARGB\u3011 La t\u00eate du refroidisseur CPU liquide est \u00e9quip\u00e9e de 15 LEDs ARGB, et les ventilateurs disposent \u00e9galement de fonctions ARGB, offrant une vari\u00e9t\u00e9 d'effets lumineux. Il fournit un refroidissement efficace et silencieux tout en illuminant votre bo\u00eetier de mani\u00e8re unique. Ajoutez une touche visuelle \u00e0 vos activit\u00e9s de gaming et cr\u00e9atives, et personnalisez les couleurs et effets pour cr\u00e9er un environnement PC unique. Ce syst\u00e8me de water cooling est parfait pour les passionn\u00e9s qui allient performance et esth\u00e9tique.  \u3010Ventilateurs de Refroidissement Int\u00e9gr\u00e9s\u3011 Le refroidisseur CPU liquide est \u00e9quip\u00e9 de deux ventilateurs PWM de 120 mm, ajustant automatiquement leur vitesse entre 600 et 1800 tr\/min en fonction de la temp\u00e9rature du CPU. La gestion int\u00e9gr\u00e9e des c\u00e2bles simplifie l'installation, avec un niveau sonore inf\u00e9rieur \u00e0 27 dB(A), un d\u00e9bit d'air de 71 CFM et une pression statique de 2,67 mm\/H2O. Ce syst\u00e8me AIO 240mm offre un refroidissement durable, silencieux et performant pour votre PC.","og_url":"https:\/\/proplaystore.lu\/index.php\/produit\/uphere-e240kc-watercooling-240mm-refroidisseur-cpucompatible-amd-am5-am4-et-intel-1851-1700aio-240mm-refroidisseur-deau-tout-en-un-performant-avec-ventilateursinstallation-facile-et-silenc\/","og_site_name":"ProPlaystore","article_modified_time":"2025-08-18T23:09:32+00:00","og_image":[{"width":385,"height":500,"url":"https:\/\/proplaystore.lu\/wp-content\/uploads\/2025\/08\/7140brh2oIL._SY500_.jpg","type":"image\/jpeg"}],"twitter_card":"summary_large_image","twitter_misc":{"Est. reading time":"1 minute"},"schema":{"@context":"https:\/\/schema.org","@graph":[{"@type":"WebPage","@id":"https:\/\/proplaystore.lu\/index.php\/produit\/uphere-e240kc-watercooling-240mm-refroidisseur-cpucompatible-amd-am5-am4-et-intel-1851-1700aio-240mm-refroidisseur-deau-tout-en-un-performant-avec-ventilateursinstallation-facile-et-silenc\/","url":"https:\/\/proplaystore.lu\/index.php\/produit\/uphere-e240kc-watercooling-240mm-refroidisseur-cpucompatible-amd-am5-am4-et-intel-1851-1700aio-240mm-refroidisseur-deau-tout-en-un-performant-avec-ventilateursinstallation-facile-et-silenc\/","name":"upHere E240KC Watercooling 240mm Refroidisseur CPU,Compatible AMD AM5 AM4 et Intel 1851 1700,AIO 240mm Refroidisseur d\u2019Eau Tout-en-Un Performant avec Ventilateurs,Installation Facile et Silencieuse - ProPlaystore","isPartOf":{"@id":"https:\/\/proplaystore.lu\/#website"},"primaryImageOfPage":{"@id":"https:\/\/proplaystore.lu\/index.php\/produit\/uphere-e240kc-watercooling-240mm-refroidisseur-cpucompatible-amd-am5-am4-et-intel-1851-1700aio-240mm-refroidisseur-deau-tout-en-un-performant-avec-ventilateursinstallation-facile-et-silenc\/#primaryimage"},"image":{"@id":"https:\/\/proplaystore.lu\/index.php\/produit\/uphere-e240kc-watercooling-240mm-refroidisseur-cpucompatible-amd-am5-am4-et-intel-1851-1700aio-240mm-refroidisseur-deau-tout-en-un-performant-avec-ventilateursinstallation-facile-et-silenc\/#primaryimage"},"thumbnailUrl":"https:\/\/proplaystore.lu\/wp-content\/uploads\/2025\/08\/7140brh2oIL._SY500_.jpg","datePublished":"2025-08-17T21:24:18+00:00","dateModified":"2025-08-18T23:09:32+00:00","breadcrumb":{"@id":"https:\/\/proplaystore.lu\/index.php\/produit\/uphere-e240kc-watercooling-240mm-refroidisseur-cpucompatible-amd-am5-am4-et-intel-1851-1700aio-240mm-refroidisseur-deau-tout-en-un-performant-avec-ventilateursinstallation-facile-et-silenc\/#breadcrumb"},"inLanguage":"en-US","potentialAction":[{"@type":"ReadAction","target":["https:\/\/proplaystore.lu\/index.php\/produit\/uphere-e240kc-watercooling-240mm-refroidisseur-cpucompatible-amd-am5-am4-et-intel-1851-1700aio-240mm-refroidisseur-deau-tout-en-un-performant-avec-ventilateursinstallation-facile-et-silenc\/"]}]},{"@type":"ImageObject","inLanguage":"en-US","@id":"https:\/\/proplaystore.lu\/index.php\/produit\/uphere-e240kc-watercooling-240mm-refroidisseur-cpucompatible-amd-am5-am4-et-intel-1851-1700aio-240mm-refroidisseur-deau-tout-en-un-performant-avec-ventilateursinstallation-facile-et-silenc\/#primaryimage","url":"https:\/\/proplaystore.lu\/wp-content\/uploads\/2025\/08\/7140brh2oIL._SY500_.jpg","contentUrl":"https:\/\/proplaystore.lu\/wp-content\/uploads\/2025\/08\/7140brh2oIL._SY500_.jpg","width":385,"height":500},{"@type":"BreadcrumbList","@id":"https:\/\/proplaystore.lu\/index.php\/produit\/uphere-e240kc-watercooling-240mm-refroidisseur-cpucompatible-amd-am5-am4-et-intel-1851-1700aio-240mm-refroidisseur-deau-tout-en-un-performant-avec-ventilateursinstallation-facile-et-silenc\/#breadcrumb","itemListElement":[{"@type":"ListItem","position":1,"name":"Accueil","item":"https:\/\/proplaystore.lu\/"},{"@type":"ListItem","position":2,"name":"Shop","item":"https:\/\/proplaystore.lu\/index.php\/shop\/"},{"@type":"ListItem","position":3,"name":"upHere E240KC Watercooling 240mm Refroidisseur CPU,Compatible AMD AM5 AM4 et Intel 1851 1700,AIO 240mm Refroidisseur d\u2019Eau Tout-en-Un Performant avec Ventilateurs,Installation Facile et Silencieuse"}]},{"@type":"WebSite","@id":"https:\/\/proplaystore.lu\/#website","url":"https:\/\/proplaystore.lu\/","name":"ProPlaystore","description":"proplaysre","potentialAction":[{"@type":"SearchAction","target":{"@type":"EntryPoint","urlTemplate":"https:\/\/proplaystore.lu\/?s={search_term_string}"},"query-input":{"@type":"PropertyValueSpecification","valueRequired":true,"valueName":"search_term_string"}}],"inLanguage":"en-US"}]}},"_links":{"self":[{"href":"https:\/\/proplaystore.lu\/index.php\/wp-json\/wp\/v2\/product\/7735","targetHints":{"allow":["GET"]}}],"collection":[{"href":"https:\/\/proplaystore.lu\/index.php\/wp-json\/wp\/v2\/product"}],"about":[{"href":"https:\/\/proplaystore.lu\/index.php\/wp-json\/wp\/v2\/types\/product"}],"replies":[{"embeddable":true,"href":"https:\/\/proplaystore.lu\/index.php\/wp-json\/wp\/v2\/comments?post=7735"}],"wp:featuredmedia":[{"embeddable":true,"href":"https:\/\/proplaystore.lu\/index.php\/wp-json\/wp\/v2\/media\/7740"}],"wp:attachment":[{"href":"https:\/\/proplaystore.lu\/index.php\/wp-json\/wp\/v2\/media?parent=7735"}],"wp:term":[{"taxonomy":"product_brand","embeddable":true,"href":"https:\/\/proplaystore.lu\/index.php\/wp-json\/wp\/v2\/product_brand?post=7735"},{"taxonomy":"product_cat","embeddable":true,"href":"https:\/\/proplaystore.lu\/index.php\/wp-json\/wp\/v2\/product_cat?post=7735"},{"taxonomy":"product_tag","embeddable":true,"href":"https:\/\/proplaystore.lu\/index.php\/wp-json\/wp\/v2\/product_tag?post=7735"}],"curies":[{"name":"wp","href":"https:\/\/api.w.org\/{rel}","templated":true}]}}