{"id":7753,"date":"2025-08-17T21:31:21","date_gmt":"2025-08-17T21:31:21","guid":{"rendered":"https:\/\/proplaystore.lu\/?post_type=product&#038;p=7753"},"modified":"2025-08-18T23:08:20","modified_gmt":"2025-08-18T23:08:20","slug":"uphere-gaming-argb-refroidisseur-cpu-ventirad-low-profile85mm-hauteur-ventirad-pc6-caloducs-ventirad-cpumini-itx-am4-profile-design180w-tdp-refroidisseur-cpu120mm-rgb-ventilateuravec-amdintel","status":"publish","type":"product","link":"https:\/\/proplaystore.lu\/index.php\/produit\/uphere-gaming-argb-refroidisseur-cpu-ventirad-low-profile85mm-hauteur-ventirad-pc6-caloducs-ventirad-cpumini-itx-am4-profile-design180w-tdp-refroidisseur-cpu120mm-rgb-ventilateuravec-amdintel\/","title":{"rendered":"upHere gaming ARGB Refroidisseur CPU Ventirad Low-Profile,85mm Hauteur Ventirad PC,6 Caloducs Ventirad CPU,MINI ITX AM4 Profile Design,180W TDP Refroidisseur CPU,120mm RGB Ventilateur,avec AMD&#038;Intel"},"content":{"rendered":"<h2 data-start=\"1558\" data-end=\"1580\"><strong data-start=\"1561\" data-end=\"1580\">Fiche technique<\/strong><\/h2>\n<table class=\"a-normal a-spacing-micro\" role=\"list\">\n<tbody>\n<tr class=\"a-spacing-small po-brand\" role=\"listitem\">\n<td class=\"a-span3\" role=\"presentation\"><span class=\"a-size-base a-text-bold\">Marque<\/span><\/td>\n<td class=\"a-span9\" role=\"presentation\"><span class=\"a-size-base po-break-word\">upHere gaming<\/span><\/td>\n<\/tr>\n<tr class=\"a-spacing-small po-power_connector_type\" role=\"listitem\">\n<td class=\"a-span3\" role=\"presentation\"><span class=\"a-size-base a-text-bold\">Type de connecteur d&#8217;alimentation<\/span><\/td>\n<td class=\"a-span9\" role=\"presentation\"><span class=\"a-size-base po-break-word\">4 broche<\/span><\/td>\n<\/tr>\n<tr class=\"a-spacing-small po-wattage\" role=\"listitem\">\n<td class=\"a-span3\" role=\"presentation\"><span class=\"a-size-base a-text-bold\">Puissance<\/span><\/td>\n<td class=\"a-span9\" role=\"presentation\"><span class=\"a-size-base po-break-word\">180 Watts<\/span><\/td>\n<\/tr>\n<tr class=\"a-spacing-small po-cooling_method\" role=\"listitem\">\n<td class=\"a-span3\" role=\"presentation\"><span class=\"a-size-base a-text-bold\">M\u00e9thode de refroidissement<\/span><\/td>\n<td class=\"a-span9\" role=\"presentation\"><span class=\"a-size-base po-break-word\">Air<\/span><\/td>\n<\/tr>\n<tr class=\"a-spacing-small po-compatible_devices\" role=\"listitem\">\n<td class=\"a-span3\" role=\"presentation\"><span class=\"a-size-base a-text-bold\">Appareils compatibles<\/span><\/td>\n<td class=\"a-span9\" role=\"presentation\"><span class=\"a-size-base po-break-word\">Ordinateur<\/span><\/td>\n<\/tr>\n<tr class=\"a-spacing-small po-material\" role=\"listitem\">\n<td class=\"a-span3\" role=\"presentation\"><span class=\"a-size-base a-text-bold\">Mat\u00e9riau<\/span><\/td>\n<td class=\"a-span9\" role=\"presentation\"><span class=\"a-size-base po-break-word\">Cuivre<\/span><\/td>\n<\/tr>\n<tr class=\"a-spacing-small po-manufacturer\" role=\"listitem\">\n<td class=\"a-span3\" role=\"presentation\"><span class=\"a-size-base a-text-bold\">Fabricant<\/span><\/td>\n<td class=\"a-span9\" role=\"presentation\"><span class=\"a-size-base po-break-word\">upHere gaming<\/span><\/td>\n<\/tr>\n<tr class=\"a-spacing-small po-number_of_items\" role=\"listitem\">\n<td class=\"a-span3\" role=\"presentation\"><span class=\"a-size-base a-text-bold\">Nombre d&#8217;articles<\/span><\/td>\n<td class=\"a-span9\" role=\"presentation\"><span class=\"a-size-base po-break-word\">1<\/span><\/td>\n<\/tr>\n<\/tbody>\n<\/table>\n<p>&nbsp;<\/p>\n<p>&nbsp;<\/p>\n<p>&nbsp;<\/p>\n<p>&nbsp;<\/p>\n<p>&nbsp;<\/p>\n<p>&nbsp;<\/p>\n<p>&nbsp;<\/p>\n<p>&nbsp;<\/p>\n<p>&nbsp;<\/p>\n","protected":false},"excerpt":{"rendered":"<ul class=\"a-unordered-list a-vertical\">\n<li class=\"a-spacing-mini\"><span class=\"a-list-item\">[Support Intel &amp; AMD] Le refroidisseur cpu ventirad H85KC6 prend en charge plusieurs types de supports, y compris LGA 2011\/2066\/1700\/1851 et AMD AM5\/AM4\/AM3.<\/span><\/li>\n<li class=\"a-spacing-mini\"><span class=\"a-list-item\">[Design Compact] Le ventirad pc H85KC6 pr\u00e9sente une disposition unique des tubes de chaleur et un Low-Profile design. Avec une hauteur totale du ventirad de seulement 85 mm, il est id\u00e9al pour les montages ITX et Small Form Factor.<\/span><\/li>\n<li class=\"a-spacing-mini\"><span class=\"a-list-item\">[Refroidissement de Haute Performance] Le refroidisseur cpu H85KC6 est dot\u00e9 de 6 tubes de chaleur en cuivre de 6X\u03a66 mm, fabriqu\u00e9s avec pr\u00e9cision pour s&#8217;adapter parfaitement autour du c\u0153ur du cpu cooler, en contact direct avec le ventirad, offrant un transfert de chaleur maximal et un refroidissement efficace pour une dissipation de chaleur optimale.<\/span><\/li>\n<li class=\"a-spacing-mini\"><span class=\"a-list-item\">[100% de Franchisement pour la RAM] Notre ventirad est con\u00e7u pour offrir un franchissement de 100% pour les modules de RAM, garantissant que vous pouvez installer vos modules de m\u00e9moire sans aucun probl\u00e8me. De plus, notre refroidisseur cpu est compatible avec une large gamme de supports de processeurs, ce qui en fait un excellent choix pour les personnes qui souhaitent effectuer des mises \u00e0 niveau et les constructeurs.<\/span><\/li>\n<li class=\"a-spacing-mini\"><span class=\"a-list-item\">[Ventilateur PWM de Haute Performance] Le ventirad pc H85KC6 est \u00e9quip\u00e9 d&#8217;un ventilateur PWM de 120 mm. Avec des paliers hydrauliques avanc\u00e9s pour garantir un fonctionnement stable et silencieux m\u00eame \u00e0 des vitesses \u00e9lev\u00e9es.<\/span><\/li>\n<li class=\"a-spacing-mini\"><span class=\"a-list-item\">[Installation Facile] La refroidisseur cpu ventirad H85KC6 permet une installation facile sans avoir \u00e0 retirer le ventilateur, ce qui facilite le d\u00e9marrage et le bon fonctionnement de votre syst\u00e8me.<\/span><\/li>\n<li class=\"a-spacing-mini\"><span class=\"a-list-item\">[\u00c9clairage RGB] Am\u00e9liorez l&#8217;esth\u00e9tique de votre PC avec la luminosit\u00e9 vibrante des LED RGB (ARGB) adressables, ce ventirad CPU est personnalisable pour correspondre au th\u00e8me et \u00e0 l&#8217;humeur de votre syst\u00e8me.<\/span><\/li>\n<li class=\"a-spacing-mini\"><\/li>\n<\/ul>\n","protected":false},"featured_media":7755,"comment_status":"open","ping_status":"closed","template":"","meta":[],"product_brand":[],"product_cat":[67],"product_tag":[80,81],"class_list":{"0":"post-7753","1":"product","2":"type-product","3":"status-publish","4":"has-post-thumbnail","6":"product_cat-watercooling","7":"product_tag-refroidisseur","8":"product_tag-watercooling","10":"first","11":"instock","12":"shipping-taxable","13":"purchasable","14":"product-type-simple"},"yoast_head":"<!-- This site is optimized with the Yoast SEO plugin v26.4 - https:\/\/yoast.com\/wordpress\/plugins\/seo\/ -->\n<title>upHere gaming ARGB Refroidisseur CPU Ventirad Low-Profile,85mm Hauteur Ventirad PC,6 Caloducs Ventirad CPU,MINI ITX AM4 Profile Design,180W TDP Refroidisseur CPU,120mm RGB Ventilateur,avec AMD&amp;Intel - ProPlaystore<\/title>\n<meta name=\"robots\" content=\"index, follow, max-snippet:-1, max-image-preview:large, max-video-preview:-1\" \/>\n<link rel=\"canonical\" href=\"https:\/\/proplaystore.lu\/index.php\/produit\/uphere-gaming-argb-refroidisseur-cpu-ventirad-low-profile85mm-hauteur-ventirad-pc6-caloducs-ventirad-cpumini-itx-am4-profile-design180w-tdp-refroidisseur-cpu120mm-rgb-ventilateuravec-amdintel\/\" \/>\n<meta property=\"og:locale\" content=\"en_US\" \/>\n<meta property=\"og:type\" content=\"article\" \/>\n<meta property=\"og:title\" content=\"upHere gaming ARGB Refroidisseur CPU Ventirad Low-Profile,85mm Hauteur Ventirad PC,6 Caloducs Ventirad CPU,MINI ITX AM4 Profile Design,180W TDP Refroidisseur CPU,120mm RGB Ventilateur,avec AMD&amp;Intel - ProPlaystore\" \/>\n<meta property=\"og:description\" content=\"[Support Intel &amp; AMD] Le refroidisseur cpu ventirad H85KC6 prend en charge plusieurs types de supports, y compris LGA 2011\/2066\/1700\/1851 et AMD AM5\/AM4\/AM3.  [Design Compact] Le ventirad pc H85KC6 pr\u00e9sente une disposition unique des tubes de chaleur et un Low-Profile design. Avec une hauteur totale du ventirad de seulement 85 mm, il est id\u00e9al pour les montages ITX et Small Form Factor.  [Refroidissement de Haute Performance] Le refroidisseur cpu H85KC6 est dot\u00e9 de 6 tubes de chaleur en cuivre de 6X\u03a66 mm, fabriqu\u00e9s avec pr\u00e9cision pour s&#039;adapter parfaitement autour du c\u0153ur du cpu cooler, en contact direct avec le ventirad, offrant un transfert de chaleur maximal et un refroidissement efficace pour une dissipation de chaleur optimale.  [100% de Franchisement pour la RAM] Notre ventirad est con\u00e7u pour offrir un franchissement de 100% pour les modules de RAM, garantissant que vous pouvez installer vos modules de m\u00e9moire sans aucun probl\u00e8me. De plus, notre refroidisseur cpu est compatible avec une large gamme de supports de processeurs, ce qui en fait un excellent choix pour les personnes qui souhaitent effectuer des mises \u00e0 niveau et les constructeurs.  [Ventilateur PWM de Haute Performance] Le ventirad pc H85KC6 est \u00e9quip\u00e9 d&#039;un ventilateur PWM de 120 mm. Avec des paliers hydrauliques avanc\u00e9s pour garantir un fonctionnement stable et silencieux m\u00eame \u00e0 des vitesses \u00e9lev\u00e9es.  [Installation Facile] La refroidisseur cpu ventirad H85KC6 permet une installation facile sans avoir \u00e0 retirer le ventilateur, ce qui facilite le d\u00e9marrage et le bon fonctionnement de votre syst\u00e8me.  [\u00c9clairage RGB] Am\u00e9liorez l&#039;esth\u00e9tique de votre PC avec la luminosit\u00e9 vibrante des LED RGB (ARGB) adressables, ce ventirad CPU est personnalisable pour correspondre au th\u00e8me et \u00e0 l&#039;humeur de votre syst\u00e8me.\" \/>\n<meta property=\"og:url\" content=\"https:\/\/proplaystore.lu\/index.php\/produit\/uphere-gaming-argb-refroidisseur-cpu-ventirad-low-profile85mm-hauteur-ventirad-pc6-caloducs-ventirad-cpumini-itx-am4-profile-design180w-tdp-refroidisseur-cpu120mm-rgb-ventilateuravec-amdintel\/\" \/>\n<meta property=\"og:site_name\" content=\"ProPlaystore\" \/>\n<meta property=\"article:modified_time\" content=\"2025-08-18T23:08:20+00:00\" \/>\n<meta property=\"og:image\" content=\"https:\/\/proplaystore.lu\/wp-content\/uploads\/2025\/08\/71uUPEKpv2L._SX522_.jpg\" \/>\n\t<meta property=\"og:image:width\" content=\"522\" \/>\n\t<meta property=\"og:image:height\" content=\"522\" \/>\n\t<meta property=\"og:image:type\" content=\"image\/jpeg\" \/>\n<meta name=\"twitter:card\" content=\"summary_large_image\" \/>\n<meta name=\"twitter:label1\" content=\"Est. reading time\" \/>\n\t<meta name=\"twitter:data1\" content=\"1 minute\" \/>\n<script type=\"application\/ld+json\" class=\"yoast-schema-graph\">{\"@context\":\"https:\/\/schema.org\",\"@graph\":[{\"@type\":\"WebPage\",\"@id\":\"https:\/\/proplaystore.lu\/index.php\/produit\/uphere-gaming-argb-refroidisseur-cpu-ventirad-low-profile85mm-hauteur-ventirad-pc6-caloducs-ventirad-cpumini-itx-am4-profile-design180w-tdp-refroidisseur-cpu120mm-rgb-ventilateuravec-amdintel\/\",\"url\":\"https:\/\/proplaystore.lu\/index.php\/produit\/uphere-gaming-argb-refroidisseur-cpu-ventirad-low-profile85mm-hauteur-ventirad-pc6-caloducs-ventirad-cpumini-itx-am4-profile-design180w-tdp-refroidisseur-cpu120mm-rgb-ventilateuravec-amdintel\/\",\"name\":\"upHere gaming ARGB Refroidisseur CPU Ventirad Low-Profile,85mm Hauteur Ventirad PC,6 Caloducs Ventirad CPU,MINI ITX AM4 Profile Design,180W TDP Refroidisseur CPU,120mm RGB Ventilateur,avec AMD&Intel - ProPlaystore\",\"isPartOf\":{\"@id\":\"https:\/\/proplaystore.lu\/#website\"},\"primaryImageOfPage\":{\"@id\":\"https:\/\/proplaystore.lu\/index.php\/produit\/uphere-gaming-argb-refroidisseur-cpu-ventirad-low-profile85mm-hauteur-ventirad-pc6-caloducs-ventirad-cpumini-itx-am4-profile-design180w-tdp-refroidisseur-cpu120mm-rgb-ventilateuravec-amdintel\/#primaryimage\"},\"image\":{\"@id\":\"https:\/\/proplaystore.lu\/index.php\/produit\/uphere-gaming-argb-refroidisseur-cpu-ventirad-low-profile85mm-hauteur-ventirad-pc6-caloducs-ventirad-cpumini-itx-am4-profile-design180w-tdp-refroidisseur-cpu120mm-rgb-ventilateuravec-amdintel\/#primaryimage\"},\"thumbnailUrl\":\"https:\/\/proplaystore.lu\/wp-content\/uploads\/2025\/08\/71uUPEKpv2L._SX522_.jpg\",\"datePublished\":\"2025-08-17T21:31:21+00:00\",\"dateModified\":\"2025-08-18T23:08:20+00:00\",\"breadcrumb\":{\"@id\":\"https:\/\/proplaystore.lu\/index.php\/produit\/uphere-gaming-argb-refroidisseur-cpu-ventirad-low-profile85mm-hauteur-ventirad-pc6-caloducs-ventirad-cpumini-itx-am4-profile-design180w-tdp-refroidisseur-cpu120mm-rgb-ventilateuravec-amdintel\/#breadcrumb\"},\"inLanguage\":\"en-US\",\"potentialAction\":[{\"@type\":\"ReadAction\",\"target\":[\"https:\/\/proplaystore.lu\/index.php\/produit\/uphere-gaming-argb-refroidisseur-cpu-ventirad-low-profile85mm-hauteur-ventirad-pc6-caloducs-ventirad-cpumini-itx-am4-profile-design180w-tdp-refroidisseur-cpu120mm-rgb-ventilateuravec-amdintel\/\"]}]},{\"@type\":\"ImageObject\",\"inLanguage\":\"en-US\",\"@id\":\"https:\/\/proplaystore.lu\/index.php\/produit\/uphere-gaming-argb-refroidisseur-cpu-ventirad-low-profile85mm-hauteur-ventirad-pc6-caloducs-ventirad-cpumini-itx-am4-profile-design180w-tdp-refroidisseur-cpu120mm-rgb-ventilateuravec-amdintel\/#primaryimage\",\"url\":\"https:\/\/proplaystore.lu\/wp-content\/uploads\/2025\/08\/71uUPEKpv2L._SX522_.jpg\",\"contentUrl\":\"https:\/\/proplaystore.lu\/wp-content\/uploads\/2025\/08\/71uUPEKpv2L._SX522_.jpg\",\"width\":522,\"height\":522},{\"@type\":\"BreadcrumbList\",\"@id\":\"https:\/\/proplaystore.lu\/index.php\/produit\/uphere-gaming-argb-refroidisseur-cpu-ventirad-low-profile85mm-hauteur-ventirad-pc6-caloducs-ventirad-cpumini-itx-am4-profile-design180w-tdp-refroidisseur-cpu120mm-rgb-ventilateuravec-amdintel\/#breadcrumb\",\"itemListElement\":[{\"@type\":\"ListItem\",\"position\":1,\"name\":\"Accueil\",\"item\":\"https:\/\/proplaystore.lu\/\"},{\"@type\":\"ListItem\",\"position\":2,\"name\":\"Shop\",\"item\":\"https:\/\/proplaystore.lu\/index.php\/shop\/\"},{\"@type\":\"ListItem\",\"position\":3,\"name\":\"upHere gaming ARGB Refroidisseur CPU Ventirad Low-Profile,85mm Hauteur Ventirad PC,6 Caloducs Ventirad CPU,MINI ITX AM4 Profile Design,180W TDP Refroidisseur CPU,120mm RGB Ventilateur,avec AMD&#038;Intel\"}]},{\"@type\":\"WebSite\",\"@id\":\"https:\/\/proplaystore.lu\/#website\",\"url\":\"https:\/\/proplaystore.lu\/\",\"name\":\"ProPlaystore\",\"description\":\"proplaysre\",\"potentialAction\":[{\"@type\":\"SearchAction\",\"target\":{\"@type\":\"EntryPoint\",\"urlTemplate\":\"https:\/\/proplaystore.lu\/?s={search_term_string}\"},\"query-input\":{\"@type\":\"PropertyValueSpecification\",\"valueRequired\":true,\"valueName\":\"search_term_string\"}}],\"inLanguage\":\"en-US\"}]}<\/script>\n<!-- \/ Yoast SEO plugin. -->","yoast_head_json":{"title":"upHere gaming ARGB Refroidisseur CPU Ventirad Low-Profile,85mm Hauteur Ventirad PC,6 Caloducs Ventirad CPU,MINI ITX AM4 Profile Design,180W TDP Refroidisseur CPU,120mm RGB Ventilateur,avec AMD&Intel - ProPlaystore","robots":{"index":"index","follow":"follow","max-snippet":"max-snippet:-1","max-image-preview":"max-image-preview:large","max-video-preview":"max-video-preview:-1"},"canonical":"https:\/\/proplaystore.lu\/index.php\/produit\/uphere-gaming-argb-refroidisseur-cpu-ventirad-low-profile85mm-hauteur-ventirad-pc6-caloducs-ventirad-cpumini-itx-am4-profile-design180w-tdp-refroidisseur-cpu120mm-rgb-ventilateuravec-amdintel\/","og_locale":"en_US","og_type":"article","og_title":"upHere gaming ARGB Refroidisseur CPU Ventirad Low-Profile,85mm Hauteur Ventirad PC,6 Caloducs Ventirad CPU,MINI ITX AM4 Profile Design,180W TDP Refroidisseur CPU,120mm RGB Ventilateur,avec AMD&Intel - ProPlaystore","og_description":"[Support Intel &amp; AMD] Le refroidisseur cpu ventirad H85KC6 prend en charge plusieurs types de supports, y compris LGA 2011\/2066\/1700\/1851 et AMD AM5\/AM4\/AM3.  [Design Compact] Le ventirad pc H85KC6 pr\u00e9sente une disposition unique des tubes de chaleur et un Low-Profile design. Avec une hauteur totale du ventirad de seulement 85 mm, il est id\u00e9al pour les montages ITX et Small Form Factor.  [Refroidissement de Haute Performance] Le refroidisseur cpu H85KC6 est dot\u00e9 de 6 tubes de chaleur en cuivre de 6X\u03a66 mm, fabriqu\u00e9s avec pr\u00e9cision pour s'adapter parfaitement autour du c\u0153ur du cpu cooler, en contact direct avec le ventirad, offrant un transfert de chaleur maximal et un refroidissement efficace pour une dissipation de chaleur optimale.  [100% de Franchisement pour la RAM] Notre ventirad est con\u00e7u pour offrir un franchissement de 100% pour les modules de RAM, garantissant que vous pouvez installer vos modules de m\u00e9moire sans aucun probl\u00e8me. De plus, notre refroidisseur cpu est compatible avec une large gamme de supports de processeurs, ce qui en fait un excellent choix pour les personnes qui souhaitent effectuer des mises \u00e0 niveau et les constructeurs.  [Ventilateur PWM de Haute Performance] Le ventirad pc H85KC6 est \u00e9quip\u00e9 d'un ventilateur PWM de 120 mm. Avec des paliers hydrauliques avanc\u00e9s pour garantir un fonctionnement stable et silencieux m\u00eame \u00e0 des vitesses \u00e9lev\u00e9es.  [Installation Facile] La refroidisseur cpu ventirad H85KC6 permet une installation facile sans avoir \u00e0 retirer le ventilateur, ce qui facilite le d\u00e9marrage et le bon fonctionnement de votre syst\u00e8me.  [\u00c9clairage RGB] Am\u00e9liorez l'esth\u00e9tique de votre PC avec la luminosit\u00e9 vibrante des LED RGB (ARGB) adressables, ce ventirad CPU est personnalisable pour correspondre au th\u00e8me et \u00e0 l'humeur de votre syst\u00e8me.","og_url":"https:\/\/proplaystore.lu\/index.php\/produit\/uphere-gaming-argb-refroidisseur-cpu-ventirad-low-profile85mm-hauteur-ventirad-pc6-caloducs-ventirad-cpumini-itx-am4-profile-design180w-tdp-refroidisseur-cpu120mm-rgb-ventilateuravec-amdintel\/","og_site_name":"ProPlaystore","article_modified_time":"2025-08-18T23:08:20+00:00","og_image":[{"width":522,"height":522,"url":"https:\/\/proplaystore.lu\/wp-content\/uploads\/2025\/08\/71uUPEKpv2L._SX522_.jpg","type":"image\/jpeg"}],"twitter_card":"summary_large_image","twitter_misc":{"Est. reading time":"1 minute"},"schema":{"@context":"https:\/\/schema.org","@graph":[{"@type":"WebPage","@id":"https:\/\/proplaystore.lu\/index.php\/produit\/uphere-gaming-argb-refroidisseur-cpu-ventirad-low-profile85mm-hauteur-ventirad-pc6-caloducs-ventirad-cpumini-itx-am4-profile-design180w-tdp-refroidisseur-cpu120mm-rgb-ventilateuravec-amdintel\/","url":"https:\/\/proplaystore.lu\/index.php\/produit\/uphere-gaming-argb-refroidisseur-cpu-ventirad-low-profile85mm-hauteur-ventirad-pc6-caloducs-ventirad-cpumini-itx-am4-profile-design180w-tdp-refroidisseur-cpu120mm-rgb-ventilateuravec-amdintel\/","name":"upHere gaming ARGB Refroidisseur CPU Ventirad Low-Profile,85mm Hauteur Ventirad PC,6 Caloducs Ventirad CPU,MINI ITX AM4 Profile Design,180W TDP Refroidisseur CPU,120mm RGB Ventilateur,avec AMD&Intel - ProPlaystore","isPartOf":{"@id":"https:\/\/proplaystore.lu\/#website"},"primaryImageOfPage":{"@id":"https:\/\/proplaystore.lu\/index.php\/produit\/uphere-gaming-argb-refroidisseur-cpu-ventirad-low-profile85mm-hauteur-ventirad-pc6-caloducs-ventirad-cpumini-itx-am4-profile-design180w-tdp-refroidisseur-cpu120mm-rgb-ventilateuravec-amdintel\/#primaryimage"},"image":{"@id":"https:\/\/proplaystore.lu\/index.php\/produit\/uphere-gaming-argb-refroidisseur-cpu-ventirad-low-profile85mm-hauteur-ventirad-pc6-caloducs-ventirad-cpumini-itx-am4-profile-design180w-tdp-refroidisseur-cpu120mm-rgb-ventilateuravec-amdintel\/#primaryimage"},"thumbnailUrl":"https:\/\/proplaystore.lu\/wp-content\/uploads\/2025\/08\/71uUPEKpv2L._SX522_.jpg","datePublished":"2025-08-17T21:31:21+00:00","dateModified":"2025-08-18T23:08:20+00:00","breadcrumb":{"@id":"https:\/\/proplaystore.lu\/index.php\/produit\/uphere-gaming-argb-refroidisseur-cpu-ventirad-low-profile85mm-hauteur-ventirad-pc6-caloducs-ventirad-cpumini-itx-am4-profile-design180w-tdp-refroidisseur-cpu120mm-rgb-ventilateuravec-amdintel\/#breadcrumb"},"inLanguage":"en-US","potentialAction":[{"@type":"ReadAction","target":["https:\/\/proplaystore.lu\/index.php\/produit\/uphere-gaming-argb-refroidisseur-cpu-ventirad-low-profile85mm-hauteur-ventirad-pc6-caloducs-ventirad-cpumini-itx-am4-profile-design180w-tdp-refroidisseur-cpu120mm-rgb-ventilateuravec-amdintel\/"]}]},{"@type":"ImageObject","inLanguage":"en-US","@id":"https:\/\/proplaystore.lu\/index.php\/produit\/uphere-gaming-argb-refroidisseur-cpu-ventirad-low-profile85mm-hauteur-ventirad-pc6-caloducs-ventirad-cpumini-itx-am4-profile-design180w-tdp-refroidisseur-cpu120mm-rgb-ventilateuravec-amdintel\/#primaryimage","url":"https:\/\/proplaystore.lu\/wp-content\/uploads\/2025\/08\/71uUPEKpv2L._SX522_.jpg","contentUrl":"https:\/\/proplaystore.lu\/wp-content\/uploads\/2025\/08\/71uUPEKpv2L._SX522_.jpg","width":522,"height":522},{"@type":"BreadcrumbList","@id":"https:\/\/proplaystore.lu\/index.php\/produit\/uphere-gaming-argb-refroidisseur-cpu-ventirad-low-profile85mm-hauteur-ventirad-pc6-caloducs-ventirad-cpumini-itx-am4-profile-design180w-tdp-refroidisseur-cpu120mm-rgb-ventilateuravec-amdintel\/#breadcrumb","itemListElement":[{"@type":"ListItem","position":1,"name":"Accueil","item":"https:\/\/proplaystore.lu\/"},{"@type":"ListItem","position":2,"name":"Shop","item":"https:\/\/proplaystore.lu\/index.php\/shop\/"},{"@type":"ListItem","position":3,"name":"upHere gaming ARGB Refroidisseur CPU Ventirad Low-Profile,85mm Hauteur Ventirad PC,6 Caloducs Ventirad CPU,MINI ITX AM4 Profile Design,180W TDP Refroidisseur CPU,120mm RGB Ventilateur,avec AMD&#038;Intel"}]},{"@type":"WebSite","@id":"https:\/\/proplaystore.lu\/#website","url":"https:\/\/proplaystore.lu\/","name":"ProPlaystore","description":"proplaysre","potentialAction":[{"@type":"SearchAction","target":{"@type":"EntryPoint","urlTemplate":"https:\/\/proplaystore.lu\/?s={search_term_string}"},"query-input":{"@type":"PropertyValueSpecification","valueRequired":true,"valueName":"search_term_string"}}],"inLanguage":"en-US"}]}},"_links":{"self":[{"href":"https:\/\/proplaystore.lu\/index.php\/wp-json\/wp\/v2\/product\/7753","targetHints":{"allow":["GET"]}}],"collection":[{"href":"https:\/\/proplaystore.lu\/index.php\/wp-json\/wp\/v2\/product"}],"about":[{"href":"https:\/\/proplaystore.lu\/index.php\/wp-json\/wp\/v2\/types\/product"}],"replies":[{"embeddable":true,"href":"https:\/\/proplaystore.lu\/index.php\/wp-json\/wp\/v2\/comments?post=7753"}],"wp:featuredmedia":[{"embeddable":true,"href":"https:\/\/proplaystore.lu\/index.php\/wp-json\/wp\/v2\/media\/7755"}],"wp:attachment":[{"href":"https:\/\/proplaystore.lu\/index.php\/wp-json\/wp\/v2\/media?parent=7753"}],"wp:term":[{"taxonomy":"product_brand","embeddable":true,"href":"https:\/\/proplaystore.lu\/index.php\/wp-json\/wp\/v2\/product_brand?post=7753"},{"taxonomy":"product_cat","embeddable":true,"href":"https:\/\/proplaystore.lu\/index.php\/wp-json\/wp\/v2\/product_cat?post=7753"},{"taxonomy":"product_tag","embeddable":true,"href":"https:\/\/proplaystore.lu\/index.php\/wp-json\/wp\/v2\/product_tag?post=7753"}],"curies":[{"name":"wp","href":"https:\/\/api.w.org\/{rel}","templated":true}]}}