{"id":7764,"date":"2025-08-17T21:36:08","date_gmt":"2025-08-17T21:36:08","guid":{"rendered":"https:\/\/proplaystore.lu\/?post_type=product&#038;p=7764"},"modified":"2025-08-18T23:06:20","modified_gmt":"2025-08-18T23:06:20","slug":"uphere-gaming-argb-refroidisseur-cpudouble-towers-6-heat-pipescpu-cooler120mm-ventilateur-pcsans-enlever-le-ventilateur-pour-linstallercpu-coolerpour-ventirad-am4-am5-intel-2011-2066up2tc6","status":"publish","type":"product","link":"https:\/\/proplaystore.lu\/index.php\/produit\/uphere-gaming-argb-refroidisseur-cpudouble-towers-6-heat-pipescpu-cooler120mm-ventilateur-pcsans-enlever-le-ventilateur-pour-linstallercpu-coolerpour-ventirad-am4-am5-intel-2011-2066up2tc6\/","title":{"rendered":"upHere gaming ARGB Refroidisseur CPU,Double Towers 6 Heat Pipes,CPU Cooler,120MM Ventilateur PC,Sans Enlever le Ventilateur pour l&#8217;installer,CPU Cooler,pour Ventirad AM4 AM5\/Intel 2011\/2066,up2TC6"},"content":{"rendered":"<h2 data-start=\"1558\" data-end=\"1580\"><strong data-start=\"1561\" data-end=\"1580\">Fiche technique<\/strong><\/h2>\n<table class=\"a-normal a-spacing-micro\" role=\"list\">\n<tbody>\n<tr class=\"a-spacing-small po-brand\" role=\"listitem\">\n<td class=\"a-span3\" role=\"presentation\"><span class=\"a-size-base a-text-bold\">Marque<\/span><\/td>\n<td class=\"a-span9\" role=\"presentation\"><span class=\"a-size-base po-break-word\">upHere gaming<\/span><\/td>\n<\/tr>\n<tr class=\"a-spacing-small po-power_connector_type\" role=\"listitem\">\n<td class=\"a-span3\" role=\"presentation\"><span class=\"a-size-base a-text-bold\">Type de connecteur d&#8217;alimentation<\/span><\/td>\n<td class=\"a-span9\" role=\"presentation\"><span class=\"a-size-base po-break-word\">4 broche<\/span><\/td>\n<\/tr>\n<tr class=\"a-spacing-small po-cooling_method\" role=\"listitem\">\n<td class=\"a-span3\" role=\"presentation\"><span class=\"a-size-base a-text-bold\">M\u00e9thode de refroidissement<\/span><\/td>\n<td class=\"a-span9\" role=\"presentation\"><span class=\"a-size-base po-break-word\">Air<\/span><\/td>\n<\/tr>\n<tr class=\"a-spacing-small po-compatible_devices\" role=\"listitem\">\n<td class=\"a-span3\" role=\"presentation\"><span class=\"a-size-base a-text-bold\">Appareils compatibles<\/span><\/td>\n<td class=\"a-span9\" role=\"presentation\"><span class=\"a-size-base po-break-word\">Ordinateur<\/span><\/td>\n<\/tr>\n<tr class=\"a-spacing-small po-material\" role=\"listitem\">\n<td class=\"a-span3\" role=\"presentation\"><span class=\"a-size-base a-text-bold\">Mat\u00e9riau<\/span><\/td>\n<td class=\"a-span9\" role=\"presentation\"><span class=\"a-size-base po-break-word\">Cuivre<\/span><\/td>\n<\/tr>\n<tr class=\"a-spacing-small po-manufacturer\" role=\"listitem\">\n<td class=\"a-span3\" role=\"presentation\"><span class=\"a-size-base a-text-bold\">Fabricant<\/span><\/td>\n<td class=\"a-span9\" role=\"presentation\"><span class=\"a-size-base po-break-word\">upHere gaming<\/span><\/td>\n<\/tr>\n<tr class=\"a-spacing-small po-number_of_items\" role=\"listitem\">\n<td class=\"a-span3\" role=\"presentation\"><span class=\"a-size-base a-text-bold\">Nombre d&#8217;articles<\/span><\/td>\n<td class=\"a-span9\" role=\"presentation\"><span class=\"a-size-base po-break-word\">1<\/span><\/td>\n<\/tr>\n<\/tbody>\n<\/table>\n<p>&nbsp;<\/p>\n<p>&nbsp;<\/p>\n<p>&nbsp;<\/p>\n<p>&nbsp;<\/p>\n<p>&nbsp;<\/p>\n<p>&nbsp;<\/p>\n","protected":false},"excerpt":{"rendered":"<ul class=\"a-unordered-list a-vertical\">\n<li class=\"a-spacing-mini\">\n<div id=\"featurebullets_feature_div\" class=\"celwidget\" data-feature-name=\"featurebullets\" data-csa-c-type=\"widget\" data-csa-c-content-id=\"featurebullets\" data-csa-c-slot-id=\"featurebullets_feature_div\" data-csa-c-asin=\"B0D91ZVSZN\" data-csa-c-is-in-initial-active-row=\"false\" data-csa-c-id=\"bmp17a-upnhct-hacff1-rpwwo5\" data-cel-widget=\"featurebullets_feature_div\">\n<div id=\"feature-bullets\" class=\"a-section a-spacing-medium a-spacing-top-small\">\n<ul class=\"a-unordered-list a-vertical a-spacing-mini\">\n<li class=\"a-spacing-mini\">\n<div id=\"featurebullets_feature_div\" class=\"celwidget\" data-feature-name=\"featurebullets\" data-csa-c-type=\"widget\" data-csa-c-content-id=\"featurebullets\" data-csa-c-slot-id=\"featurebullets_feature_div\" data-csa-c-asin=\"B0D91ZVSZN\" data-csa-c-is-in-initial-active-row=\"false\" data-csa-c-id=\"bmp17a-upnhct-hacff1-rpwwo5\" data-cel-widget=\"featurebullets_feature_div\">\n<div id=\"feature-bullets\" class=\"a-section a-spacing-medium a-spacing-top-small\">\n<ul class=\"a-unordered-list a-vertical a-spacing-mini\">\n<li class=\"a-spacing-mini\"><span class=\"a-list-item\">[Compatible avec Intel et AMD] Le refroidisseur cpu de la s\u00e9rie up2 prend en charge plusieurs types de prises, y compris Intel LGA2011\/2066\/1700 et AMD AM5\/AM4\/AM3\/AM2\/AM3+\/AM2+\/FM2\/FM1.<\/span><\/li>\n<li class=\"a-spacing-mini\"><span class=\"a-list-item\">[6X\u03a66mm Tuyaux de chauffage en cuivre] Le up2 s\u00e9rie cpu cooler utilise 6 tuyaux de chauffage en cuivre pur de 6X\u03a66mm et un design de double tour, fabriqu\u00e9 avec pr\u00e9cision, chaque tuyau de chaleur pouvant \u00eatre en contact direct avec le refroidisseur cpu et s&#8217;adapter parfaitement, offrant ainsi un transfert de chaleur maximal et un refroidissement efficace, atteignant une dissipation de chaleur optimale.<\/span><\/li>\n<li class=\"a-spacing-mini\"><span class=\"a-list-item\">[100% de compatibilit\u00e9 avec la RAM] Le dissipateur de chaleur \u00e0 air du ventilateur cpu de la s\u00e9rie up2 d&#8217;upHere gaming est con\u00e7u avec une compatibilit\u00e9 100% avec la RAM pour garantir une installation sans faille. Avec une hauteur compacte de 158 mm, il s&#8217;adapte parfaitement \u00e0 la plupart des cartes m\u00e8res et des bo\u00eetiers. Am\u00e9liorez votre syst\u00e8me avec notre solution de refroidissement efficace et sans souci.<\/span><\/li>\n<li class=\"a-spacing-mini\"><span class=\"a-list-item\">[2 ventilateurs PWM] Le dissipateur de chaleur \u00e0 cpu cooler de la s\u00e9rie up2 pr\u00e9sente un design enti\u00e8rement ferm\u00e9 qui optimise le flux d&#8217;air, r\u00e9duisant le bruit des ventilateurs \u00e0 25 dB(A) tout en am\u00e9liorant les performances de refroidissement. Les deux ventilateurs PWM \u00e9tablissent un \u00e9quilibre parfait entre un fonctionnement silencieux et une dissipation de chaleur efficace.<\/span><\/li>\n<li class=\"a-spacing-mini\"><span class=\"a-list-item\">[5V ARGB SYNC] Le dissipateur de chaleur \u00e0 air du ventilateur cpu de la s\u00e9rie up2 prend en charge l&#8217;\u00e9clairage ARGB 5V, vous permettant de synchroniser ses effets lumineux avec vos autres composants syst\u00e8me pour un affichage visuel \u00e9poustouflant.<\/span><\/li>\n<li class=\"a-spacing-mini\"><span class=\"a-list-item\">[Installation Facile] Le refroidisseur cpu de la s\u00e9rie upHere gaming up2 offre un processus d&#8217;installation simplifi\u00e9 qui vous permet d&#8217;installer le refroidisseur cpu sur votre carte m\u00e8re et de le fixer au support sans retirer le ventilateur, rendant le d\u00e9marrage facile et rapide.<\/span><\/li>\n<\/ul>\n<\/div>\n<\/div>\n<div id=\"productDetailsVoyagerAccordion_feature_div\" class=\"celwidget\" data-feature-name=\"productDetailsVoyagerAccordion\" data-csa-c-type=\"widget\" data-csa-c-content-id=\"productDetailsVoyagerAccordion\" data-csa-c-slot-id=\"productDetailsVoyagerAccordion_feature_div\" data-csa-c-asin=\"B0D91ZVSZN\" data-csa-c-is-in-initial-active-row=\"false\" data-csa-c-id=\"pecg0d-w57asq-m1uuhc-g0lonf\" data-cel-widget=\"productDetailsVoyagerAccordion_feature_div\"><\/div>\n<div id=\"sustZoneATF_feature_div\" class=\"celwidget\" data-feature-name=\"sustZoneATF\" data-csa-c-type=\"widget\" data-csa-c-content-id=\"sustZoneATF\" data-csa-c-slot-id=\"sustZoneATF_feature_div\" data-csa-c-asin=\"B0D91ZVSZN\" data-csa-c-is-in-initial-active-row=\"false\" data-csa-c-id=\"fmm1em-7i075j-qaoflo-ejrh7p\" data-cel-widget=\"sustZoneATF_feature_div\"><\/div>\n<div id=\"tellAmazon_feature_div\" class=\"celwidget\" data-feature-name=\"tellAmazon\" data-csa-c-type=\"widget\" data-csa-c-content-id=\"tellAmazon\" data-csa-c-slot-id=\"tellAmazon_feature_div\" data-csa-c-asin=\"B0D91ZVSZN\" data-csa-c-is-in-initial-active-row=\"false\" data-csa-c-id=\"90ugf0-raed81-qnc8mz-8kkoqh\" data-cel-widget=\"tellAmazon_feature_div\">\n<div class=\"celwidget c-f\" data-csa-op-log-render=\"\" data-csa-c-content-id=\"DsUnknown\" data-csa-c-slot-id=\"DsUnknown-3\" data-csa-c-type=\"widget\" data-csa-c-painter=\"tell-amazon-desktop-cards\" data-csa-c-id=\"8kaiki-ng9kbr-lcr4zz-rrrqbs\" data-cel-widget=\"tell-amazon-desktop_DetailPage_2\"><\/div>\n<\/div>\n<\/li>\n<\/ul>\n<\/div>\n<\/div>\n<div id=\"tellAmazon_feature_div\" class=\"celwidget\" data-feature-name=\"tellAmazon\" data-csa-c-type=\"widget\" data-csa-c-content-id=\"tellAmazon\" data-csa-c-slot-id=\"tellAmazon_feature_div\" data-csa-c-asin=\"B0D91ZVSZN\" data-csa-c-is-in-initial-active-row=\"false\" data-csa-c-id=\"90ugf0-raed81-qnc8mz-8kkoqh\" data-cel-widget=\"tellAmazon_feature_div\">\n<div class=\"celwidget c-f\" data-csa-op-log-render=\"\" data-csa-c-content-id=\"DsUnknown\" data-csa-c-slot-id=\"DsUnknown-3\" data-csa-c-type=\"widget\" data-csa-c-painter=\"tell-amazon-desktop-cards\" data-csa-c-id=\"8kaiki-ng9kbr-lcr4zz-rrrqbs\" data-cel-widget=\"tell-amazon-desktop_DetailPage_2\">\n<div id=\"CardInstance29DDW259YcpodFiGloo-fw\" data-card-metrics-id=\"tell-amazon-desktop_DetailPage_2\" data-acp-tracking=\"{}\" data-mix-claimed=\"true\"><\/div>\n<\/div>\n<\/div>\n<\/li>\n<\/ul>\n","protected":false},"featured_media":7771,"comment_status":"open","ping_status":"closed","template":"","meta":[],"product_brand":[],"product_cat":[67],"product_tag":[80,81],"class_list":{"0":"post-7764","1":"product","2":"type-product","3":"status-publish","4":"has-post-thumbnail","6":"product_cat-watercooling","7":"product_tag-refroidisseur","8":"product_tag-watercooling","10":"first","11":"instock","12":"shipping-taxable","13":"purchasable","14":"product-type-simple"},"yoast_head":"<!-- This site is optimized with the Yoast SEO plugin v26.4 - https:\/\/yoast.com\/wordpress\/plugins\/seo\/ -->\n<title>upHere gaming ARGB Refroidisseur CPU,Double Towers 6 Heat Pipes,CPU Cooler,120MM Ventilateur PC,Sans Enlever le Ventilateur pour l&#039;installer,CPU Cooler,pour Ventirad AM4 AM5\/Intel 2011\/2066,up2TC6 - ProPlaystore<\/title>\n<meta name=\"robots\" content=\"index, follow, max-snippet:-1, max-image-preview:large, max-video-preview:-1\" \/>\n<link rel=\"canonical\" href=\"https:\/\/proplaystore.lu\/index.php\/produit\/uphere-gaming-argb-refroidisseur-cpudouble-towers-6-heat-pipescpu-cooler120mm-ventilateur-pcsans-enlever-le-ventilateur-pour-linstallercpu-coolerpour-ventirad-am4-am5-intel-2011-2066up2tc6\/\" \/>\n<meta property=\"og:locale\" content=\"en_US\" \/>\n<meta property=\"og:type\" content=\"article\" \/>\n<meta property=\"og:title\" content=\"upHere gaming ARGB Refroidisseur CPU,Double Towers 6 Heat Pipes,CPU Cooler,120MM Ventilateur PC,Sans Enlever le Ventilateur pour l&#039;installer,CPU Cooler,pour Ventirad AM4 AM5\/Intel 2011\/2066,up2TC6 - ProPlaystore\" \/>\n<meta property=\"og:description\" content=\"[Compatible avec Intel et AMD] Le refroidisseur cpu de la s\u00e9rie up2 prend en charge plusieurs types de prises, y compris Intel LGA2011\/2066\/1700 et AMD AM5\/AM4\/AM3\/AM2\/AM3+\/AM2+\/FM2\/FM1.  [6X\u03a66mm Tuyaux de chauffage en cuivre] Le up2 s\u00e9rie cpu cooler utilise 6 tuyaux de chauffage en cuivre pur de 6X\u03a66mm et un design de double tour, fabriqu\u00e9 avec pr\u00e9cision, chaque tuyau de chaleur pouvant \u00eatre en contact direct avec le refroidisseur cpu et s&#039;adapter parfaitement, offrant ainsi un transfert de chaleur maximal et un refroidissement efficace, atteignant une dissipation de chaleur optimale.  [100% de compatibilit\u00e9 avec la RAM] Le dissipateur de chaleur \u00e0 air du ventilateur cpu de la s\u00e9rie up2 d&#039;upHere gaming est con\u00e7u avec une compatibilit\u00e9 100% avec la RAM pour garantir une installation sans faille. Avec une hauteur compacte de 158 mm, il s&#039;adapte parfaitement \u00e0 la plupart des cartes m\u00e8res et des bo\u00eetiers. Am\u00e9liorez votre syst\u00e8me avec notre solution de refroidissement efficace et sans souci.  [2 ventilateurs PWM] Le dissipateur de chaleur \u00e0 cpu cooler de la s\u00e9rie up2 pr\u00e9sente un design enti\u00e8rement ferm\u00e9 qui optimise le flux d&#039;air, r\u00e9duisant le bruit des ventilateurs \u00e0 25 dB(A) tout en am\u00e9liorant les performances de refroidissement. Les deux ventilateurs PWM \u00e9tablissent un \u00e9quilibre parfait entre un fonctionnement silencieux et une dissipation de chaleur efficace.  [5V ARGB SYNC] Le dissipateur de chaleur \u00e0 air du ventilateur cpu de la s\u00e9rie up2 prend en charge l&#039;\u00e9clairage ARGB 5V, vous permettant de synchroniser ses effets lumineux avec vos autres composants syst\u00e8me pour un affichage visuel \u00e9poustouflant.  [Installation Facile] Le refroidisseur cpu de la s\u00e9rie upHere gaming up2 offre un processus d&#039;installation simplifi\u00e9 qui vous permet d&#039;installer le refroidisseur cpu sur votre carte m\u00e8re et de le fixer au support sans retirer le ventilateur, rendant le d\u00e9marrage facile et rapide.\" \/>\n<meta property=\"og:url\" content=\"https:\/\/proplaystore.lu\/index.php\/produit\/uphere-gaming-argb-refroidisseur-cpudouble-towers-6-heat-pipescpu-cooler120mm-ventilateur-pcsans-enlever-le-ventilateur-pour-linstallercpu-coolerpour-ventirad-am4-am5-intel-2011-2066up2tc6\/\" \/>\n<meta property=\"og:site_name\" content=\"ProPlaystore\" \/>\n<meta property=\"article:modified_time\" content=\"2025-08-18T23:06:20+00:00\" \/>\n<meta property=\"og:image\" content=\"https:\/\/proplaystore.lu\/wp-content\/uploads\/2025\/08\/719d5yTb5KL._SY500_.jpg\" \/>\n\t<meta property=\"og:image:width\" content=\"385\" \/>\n\t<meta property=\"og:image:height\" content=\"500\" \/>\n\t<meta property=\"og:image:type\" content=\"image\/jpeg\" \/>\n<meta name=\"twitter:card\" content=\"summary_large_image\" \/>\n<meta name=\"twitter:label1\" content=\"Est. reading time\" \/>\n\t<meta name=\"twitter:data1\" content=\"1 minute\" \/>\n<script type=\"application\/ld+json\" class=\"yoast-schema-graph\">{\"@context\":\"https:\/\/schema.org\",\"@graph\":[{\"@type\":\"WebPage\",\"@id\":\"https:\/\/proplaystore.lu\/index.php\/produit\/uphere-gaming-argb-refroidisseur-cpudouble-towers-6-heat-pipescpu-cooler120mm-ventilateur-pcsans-enlever-le-ventilateur-pour-linstallercpu-coolerpour-ventirad-am4-am5-intel-2011-2066up2tc6\/\",\"url\":\"https:\/\/proplaystore.lu\/index.php\/produit\/uphere-gaming-argb-refroidisseur-cpudouble-towers-6-heat-pipescpu-cooler120mm-ventilateur-pcsans-enlever-le-ventilateur-pour-linstallercpu-coolerpour-ventirad-am4-am5-intel-2011-2066up2tc6\/\",\"name\":\"upHere gaming ARGB Refroidisseur CPU,Double Towers 6 Heat Pipes,CPU Cooler,120MM Ventilateur PC,Sans Enlever le Ventilateur pour l'installer,CPU Cooler,pour Ventirad AM4 AM5\/Intel 2011\/2066,up2TC6 - ProPlaystore\",\"isPartOf\":{\"@id\":\"https:\/\/proplaystore.lu\/#website\"},\"primaryImageOfPage\":{\"@id\":\"https:\/\/proplaystore.lu\/index.php\/produit\/uphere-gaming-argb-refroidisseur-cpudouble-towers-6-heat-pipescpu-cooler120mm-ventilateur-pcsans-enlever-le-ventilateur-pour-linstallercpu-coolerpour-ventirad-am4-am5-intel-2011-2066up2tc6\/#primaryimage\"},\"image\":{\"@id\":\"https:\/\/proplaystore.lu\/index.php\/produit\/uphere-gaming-argb-refroidisseur-cpudouble-towers-6-heat-pipescpu-cooler120mm-ventilateur-pcsans-enlever-le-ventilateur-pour-linstallercpu-coolerpour-ventirad-am4-am5-intel-2011-2066up2tc6\/#primaryimage\"},\"thumbnailUrl\":\"https:\/\/proplaystore.lu\/wp-content\/uploads\/2025\/08\/719d5yTb5KL._SY500_.jpg\",\"datePublished\":\"2025-08-17T21:36:08+00:00\",\"dateModified\":\"2025-08-18T23:06:20+00:00\",\"breadcrumb\":{\"@id\":\"https:\/\/proplaystore.lu\/index.php\/produit\/uphere-gaming-argb-refroidisseur-cpudouble-towers-6-heat-pipescpu-cooler120mm-ventilateur-pcsans-enlever-le-ventilateur-pour-linstallercpu-coolerpour-ventirad-am4-am5-intel-2011-2066up2tc6\/#breadcrumb\"},\"inLanguage\":\"en-US\",\"potentialAction\":[{\"@type\":\"ReadAction\",\"target\":[\"https:\/\/proplaystore.lu\/index.php\/produit\/uphere-gaming-argb-refroidisseur-cpudouble-towers-6-heat-pipescpu-cooler120mm-ventilateur-pcsans-enlever-le-ventilateur-pour-linstallercpu-coolerpour-ventirad-am4-am5-intel-2011-2066up2tc6\/\"]}]},{\"@type\":\"ImageObject\",\"inLanguage\":\"en-US\",\"@id\":\"https:\/\/proplaystore.lu\/index.php\/produit\/uphere-gaming-argb-refroidisseur-cpudouble-towers-6-heat-pipescpu-cooler120mm-ventilateur-pcsans-enlever-le-ventilateur-pour-linstallercpu-coolerpour-ventirad-am4-am5-intel-2011-2066up2tc6\/#primaryimage\",\"url\":\"https:\/\/proplaystore.lu\/wp-content\/uploads\/2025\/08\/719d5yTb5KL._SY500_.jpg\",\"contentUrl\":\"https:\/\/proplaystore.lu\/wp-content\/uploads\/2025\/08\/719d5yTb5KL._SY500_.jpg\",\"width\":385,\"height\":500},{\"@type\":\"BreadcrumbList\",\"@id\":\"https:\/\/proplaystore.lu\/index.php\/produit\/uphere-gaming-argb-refroidisseur-cpudouble-towers-6-heat-pipescpu-cooler120mm-ventilateur-pcsans-enlever-le-ventilateur-pour-linstallercpu-coolerpour-ventirad-am4-am5-intel-2011-2066up2tc6\/#breadcrumb\",\"itemListElement\":[{\"@type\":\"ListItem\",\"position\":1,\"name\":\"Accueil\",\"item\":\"https:\/\/proplaystore.lu\/\"},{\"@type\":\"ListItem\",\"position\":2,\"name\":\"Shop\",\"item\":\"https:\/\/proplaystore.lu\/index.php\/shop\/\"},{\"@type\":\"ListItem\",\"position\":3,\"name\":\"upHere gaming ARGB Refroidisseur CPU,Double Towers 6 Heat Pipes,CPU Cooler,120MM Ventilateur PC,Sans Enlever le Ventilateur pour l&#8217;installer,CPU Cooler,pour Ventirad AM4 AM5\/Intel 2011\/2066,up2TC6\"}]},{\"@type\":\"WebSite\",\"@id\":\"https:\/\/proplaystore.lu\/#website\",\"url\":\"https:\/\/proplaystore.lu\/\",\"name\":\"ProPlaystore\",\"description\":\"proplaysre\",\"potentialAction\":[{\"@type\":\"SearchAction\",\"target\":{\"@type\":\"EntryPoint\",\"urlTemplate\":\"https:\/\/proplaystore.lu\/?s={search_term_string}\"},\"query-input\":{\"@type\":\"PropertyValueSpecification\",\"valueRequired\":true,\"valueName\":\"search_term_string\"}}],\"inLanguage\":\"en-US\"}]}<\/script>\n<!-- \/ Yoast SEO plugin. -->","yoast_head_json":{"title":"upHere gaming ARGB Refroidisseur CPU,Double Towers 6 Heat Pipes,CPU Cooler,120MM Ventilateur PC,Sans Enlever le Ventilateur pour l'installer,CPU Cooler,pour Ventirad AM4 AM5\/Intel 2011\/2066,up2TC6 - ProPlaystore","robots":{"index":"index","follow":"follow","max-snippet":"max-snippet:-1","max-image-preview":"max-image-preview:large","max-video-preview":"max-video-preview:-1"},"canonical":"https:\/\/proplaystore.lu\/index.php\/produit\/uphere-gaming-argb-refroidisseur-cpudouble-towers-6-heat-pipescpu-cooler120mm-ventilateur-pcsans-enlever-le-ventilateur-pour-linstallercpu-coolerpour-ventirad-am4-am5-intel-2011-2066up2tc6\/","og_locale":"en_US","og_type":"article","og_title":"upHere gaming ARGB Refroidisseur CPU,Double Towers 6 Heat Pipes,CPU Cooler,120MM Ventilateur PC,Sans Enlever le Ventilateur pour l'installer,CPU Cooler,pour Ventirad AM4 AM5\/Intel 2011\/2066,up2TC6 - ProPlaystore","og_description":"[Compatible avec Intel et AMD] Le refroidisseur cpu de la s\u00e9rie up2 prend en charge plusieurs types de prises, y compris Intel LGA2011\/2066\/1700 et AMD AM5\/AM4\/AM3\/AM2\/AM3+\/AM2+\/FM2\/FM1.  [6X\u03a66mm Tuyaux de chauffage en cuivre] Le up2 s\u00e9rie cpu cooler utilise 6 tuyaux de chauffage en cuivre pur de 6X\u03a66mm et un design de double tour, fabriqu\u00e9 avec pr\u00e9cision, chaque tuyau de chaleur pouvant \u00eatre en contact direct avec le refroidisseur cpu et s'adapter parfaitement, offrant ainsi un transfert de chaleur maximal et un refroidissement efficace, atteignant une dissipation de chaleur optimale.  [100% de compatibilit\u00e9 avec la RAM] Le dissipateur de chaleur \u00e0 air du ventilateur cpu de la s\u00e9rie up2 d'upHere gaming est con\u00e7u avec une compatibilit\u00e9 100% avec la RAM pour garantir une installation sans faille. Avec une hauteur compacte de 158 mm, il s'adapte parfaitement \u00e0 la plupart des cartes m\u00e8res et des bo\u00eetiers. Am\u00e9liorez votre syst\u00e8me avec notre solution de refroidissement efficace et sans souci.  [2 ventilateurs PWM] Le dissipateur de chaleur \u00e0 cpu cooler de la s\u00e9rie up2 pr\u00e9sente un design enti\u00e8rement ferm\u00e9 qui optimise le flux d'air, r\u00e9duisant le bruit des ventilateurs \u00e0 25 dB(A) tout en am\u00e9liorant les performances de refroidissement. Les deux ventilateurs PWM \u00e9tablissent un \u00e9quilibre parfait entre un fonctionnement silencieux et une dissipation de chaleur efficace.  [5V ARGB SYNC] Le dissipateur de chaleur \u00e0 air du ventilateur cpu de la s\u00e9rie up2 prend en charge l'\u00e9clairage ARGB 5V, vous permettant de synchroniser ses effets lumineux avec vos autres composants syst\u00e8me pour un affichage visuel \u00e9poustouflant.  [Installation Facile] Le refroidisseur cpu de la s\u00e9rie upHere gaming up2 offre un processus d'installation simplifi\u00e9 qui vous permet d'installer le refroidisseur cpu sur votre carte m\u00e8re et de le fixer au support sans retirer le ventilateur, rendant le d\u00e9marrage facile et rapide.","og_url":"https:\/\/proplaystore.lu\/index.php\/produit\/uphere-gaming-argb-refroidisseur-cpudouble-towers-6-heat-pipescpu-cooler120mm-ventilateur-pcsans-enlever-le-ventilateur-pour-linstallercpu-coolerpour-ventirad-am4-am5-intel-2011-2066up2tc6\/","og_site_name":"ProPlaystore","article_modified_time":"2025-08-18T23:06:20+00:00","og_image":[{"width":385,"height":500,"url":"https:\/\/proplaystore.lu\/wp-content\/uploads\/2025\/08\/719d5yTb5KL._SY500_.jpg","type":"image\/jpeg"}],"twitter_card":"summary_large_image","twitter_misc":{"Est. reading time":"1 minute"},"schema":{"@context":"https:\/\/schema.org","@graph":[{"@type":"WebPage","@id":"https:\/\/proplaystore.lu\/index.php\/produit\/uphere-gaming-argb-refroidisseur-cpudouble-towers-6-heat-pipescpu-cooler120mm-ventilateur-pcsans-enlever-le-ventilateur-pour-linstallercpu-coolerpour-ventirad-am4-am5-intel-2011-2066up2tc6\/","url":"https:\/\/proplaystore.lu\/index.php\/produit\/uphere-gaming-argb-refroidisseur-cpudouble-towers-6-heat-pipescpu-cooler120mm-ventilateur-pcsans-enlever-le-ventilateur-pour-linstallercpu-coolerpour-ventirad-am4-am5-intel-2011-2066up2tc6\/","name":"upHere gaming ARGB Refroidisseur CPU,Double Towers 6 Heat Pipes,CPU Cooler,120MM Ventilateur PC,Sans Enlever le Ventilateur pour l'installer,CPU Cooler,pour Ventirad AM4 AM5\/Intel 2011\/2066,up2TC6 - ProPlaystore","isPartOf":{"@id":"https:\/\/proplaystore.lu\/#website"},"primaryImageOfPage":{"@id":"https:\/\/proplaystore.lu\/index.php\/produit\/uphere-gaming-argb-refroidisseur-cpudouble-towers-6-heat-pipescpu-cooler120mm-ventilateur-pcsans-enlever-le-ventilateur-pour-linstallercpu-coolerpour-ventirad-am4-am5-intel-2011-2066up2tc6\/#primaryimage"},"image":{"@id":"https:\/\/proplaystore.lu\/index.php\/produit\/uphere-gaming-argb-refroidisseur-cpudouble-towers-6-heat-pipescpu-cooler120mm-ventilateur-pcsans-enlever-le-ventilateur-pour-linstallercpu-coolerpour-ventirad-am4-am5-intel-2011-2066up2tc6\/#primaryimage"},"thumbnailUrl":"https:\/\/proplaystore.lu\/wp-content\/uploads\/2025\/08\/719d5yTb5KL._SY500_.jpg","datePublished":"2025-08-17T21:36:08+00:00","dateModified":"2025-08-18T23:06:20+00:00","breadcrumb":{"@id":"https:\/\/proplaystore.lu\/index.php\/produit\/uphere-gaming-argb-refroidisseur-cpudouble-towers-6-heat-pipescpu-cooler120mm-ventilateur-pcsans-enlever-le-ventilateur-pour-linstallercpu-coolerpour-ventirad-am4-am5-intel-2011-2066up2tc6\/#breadcrumb"},"inLanguage":"en-US","potentialAction":[{"@type":"ReadAction","target":["https:\/\/proplaystore.lu\/index.php\/produit\/uphere-gaming-argb-refroidisseur-cpudouble-towers-6-heat-pipescpu-cooler120mm-ventilateur-pcsans-enlever-le-ventilateur-pour-linstallercpu-coolerpour-ventirad-am4-am5-intel-2011-2066up2tc6\/"]}]},{"@type":"ImageObject","inLanguage":"en-US","@id":"https:\/\/proplaystore.lu\/index.php\/produit\/uphere-gaming-argb-refroidisseur-cpudouble-towers-6-heat-pipescpu-cooler120mm-ventilateur-pcsans-enlever-le-ventilateur-pour-linstallercpu-coolerpour-ventirad-am4-am5-intel-2011-2066up2tc6\/#primaryimage","url":"https:\/\/proplaystore.lu\/wp-content\/uploads\/2025\/08\/719d5yTb5KL._SY500_.jpg","contentUrl":"https:\/\/proplaystore.lu\/wp-content\/uploads\/2025\/08\/719d5yTb5KL._SY500_.jpg","width":385,"height":500},{"@type":"BreadcrumbList","@id":"https:\/\/proplaystore.lu\/index.php\/produit\/uphere-gaming-argb-refroidisseur-cpudouble-towers-6-heat-pipescpu-cooler120mm-ventilateur-pcsans-enlever-le-ventilateur-pour-linstallercpu-coolerpour-ventirad-am4-am5-intel-2011-2066up2tc6\/#breadcrumb","itemListElement":[{"@type":"ListItem","position":1,"name":"Accueil","item":"https:\/\/proplaystore.lu\/"},{"@type":"ListItem","position":2,"name":"Shop","item":"https:\/\/proplaystore.lu\/index.php\/shop\/"},{"@type":"ListItem","position":3,"name":"upHere gaming ARGB Refroidisseur CPU,Double Towers 6 Heat Pipes,CPU Cooler,120MM Ventilateur PC,Sans Enlever le Ventilateur pour l&#8217;installer,CPU Cooler,pour Ventirad AM4 AM5\/Intel 2011\/2066,up2TC6"}]},{"@type":"WebSite","@id":"https:\/\/proplaystore.lu\/#website","url":"https:\/\/proplaystore.lu\/","name":"ProPlaystore","description":"proplaysre","potentialAction":[{"@type":"SearchAction","target":{"@type":"EntryPoint","urlTemplate":"https:\/\/proplaystore.lu\/?s={search_term_string}"},"query-input":{"@type":"PropertyValueSpecification","valueRequired":true,"valueName":"search_term_string"}}],"inLanguage":"en-US"}]}},"_links":{"self":[{"href":"https:\/\/proplaystore.lu\/index.php\/wp-json\/wp\/v2\/product\/7764","targetHints":{"allow":["GET"]}}],"collection":[{"href":"https:\/\/proplaystore.lu\/index.php\/wp-json\/wp\/v2\/product"}],"about":[{"href":"https:\/\/proplaystore.lu\/index.php\/wp-json\/wp\/v2\/types\/product"}],"replies":[{"embeddable":true,"href":"https:\/\/proplaystore.lu\/index.php\/wp-json\/wp\/v2\/comments?post=7764"}],"wp:featuredmedia":[{"embeddable":true,"href":"https:\/\/proplaystore.lu\/index.php\/wp-json\/wp\/v2\/media\/7771"}],"wp:attachment":[{"href":"https:\/\/proplaystore.lu\/index.php\/wp-json\/wp\/v2\/media?parent=7764"}],"wp:term":[{"taxonomy":"product_brand","embeddable":true,"href":"https:\/\/proplaystore.lu\/index.php\/wp-json\/wp\/v2\/product_brand?post=7764"},{"taxonomy":"product_cat","embeddable":true,"href":"https:\/\/proplaystore.lu\/index.php\/wp-json\/wp\/v2\/product_cat?post=7764"},{"taxonomy":"product_tag","embeddable":true,"href":"https:\/\/proplaystore.lu\/index.php\/wp-json\/wp\/v2\/product_tag?post=7764"}],"curies":[{"name":"wp","href":"https:\/\/api.w.org\/{rel}","templated":true}]}}