{"id":7777,"date":"2025-08-17T21:41:09","date_gmt":"2025-08-17T21:41:09","guid":{"rendered":"https:\/\/proplaystore.lu\/?post_type=product&#038;p=7777"},"modified":"2025-08-18T23:04:49","modified_gmt":"2025-08-18T23:04:49","slug":"tzmrit-kf420-dgt-argb-cpu-with-temperature-display-for-intel-lga-1700-1200-115x-1851-1366-2011-for-amd-am4-am5-wh","status":"publish","type":"product","link":"https:\/\/proplaystore.lu\/index.php\/produit\/tzmrit-kf420-dgt-argb-cpu-with-temperature-display-for-intel-lga-1700-1200-115x-1851-1366-2011-for-amd-am4-am5-wh\/","title":{"rendered":"TZMRIT KF420 DGT ARGB CPU with temperature display, for Intel LGA 1700\/1200\/115X\/1851\/1366\/2011, for AMD AM4\/AM5 (WH)"},"content":{"rendered":"<h2 data-start=\"1558\" data-end=\"1580\"><strong data-start=\"1561\" data-end=\"1580\">Fiche technique<\/strong><\/h2>\n<table class=\"a-normal a-spacing-micro\" role=\"list\">\n<tbody>\n<tr class=\"a-spacing-small po-item_length_width_height\" role=\"listitem\">\n<td class=\"a-span3\" role=\"presentation\"><span class=\"a-size-base a-text-bold\">Dimensions du produit<\/span><\/td>\n<td class=\"a-span9\" role=\"presentation\"><span class=\"a-size-base po-break-word\">14L x 14l x 2,5H centim\u00e8tres<\/span><\/td>\n<\/tr>\n<tr class=\"a-spacing-small po-brand\" role=\"listitem\">\n<td class=\"a-span3\" role=\"presentation\"><span class=\"a-size-base a-text-bold\">Marque<\/span><\/td>\n<td class=\"a-span9\" role=\"presentation\"><span class=\"a-size-base po-break-word\">TZMRIT<\/span><\/td>\n<\/tr>\n<tr class=\"a-spacing-small po-power_connector_type\" role=\"listitem\">\n<td class=\"a-span3\" role=\"presentation\"><span class=\"a-size-base a-text-bold\">Type de connecteur d&#8217;alimentation<\/span><\/td>\n<td class=\"a-span9\" role=\"presentation\"><span class=\"a-size-base po-break-word\">4 broches + 3 broches<\/span><\/td>\n<\/tr>\n<tr class=\"a-spacing-small po-voltage\" role=\"listitem\">\n<td class=\"a-span3\" role=\"presentation\"><span class=\"a-size-base a-text-bold\">Tension<\/span><\/td>\n<td class=\"a-span9\" role=\"presentation\"><span class=\"a-size-base po-break-word\">12 Volts (courant alternatif)<\/span><\/td>\n<\/tr>\n<tr class=\"a-spacing-small po-cooling_method\" role=\"listitem\">\n<td class=\"a-span3\" role=\"presentation\"><span class=\"a-size-base a-text-bold\">M\u00e9thode de refroidissement<\/span><\/td>\n<td class=\"a-span9\" role=\"presentation\"><span class=\"a-size-base po-break-word\">Air<\/span><\/td>\n<\/tr>\n<tr class=\"a-spacing-small po-compatible_devices\" role=\"listitem\">\n<td class=\"a-span3\" role=\"presentation\"><span class=\"a-size-base a-text-bold\">Appareils compatibles<\/span><\/td>\n<td class=\"a-span9\" role=\"presentation\"><span class=\"a-size-base po-break-word\">ordinateur de bureau, ordinateur portable<\/span><\/td>\n<\/tr>\n<tr class=\"a-spacing-small po-noise_level\" role=\"listitem\">\n<td class=\"a-span3\" role=\"presentation\"><span class=\"a-size-base a-text-bold\">Niveau sonore<\/span><\/td>\n<td class=\"a-span9\" role=\"presentation\"><span class=\"a-size-base po-break-word\">37 dB<\/span><\/td>\n<\/tr>\n<tr class=\"a-spacing-small po-maximum_rotational_speed\" role=\"listitem\">\n<td class=\"a-span3\" role=\"presentation\"><span class=\"a-size-base a-text-bold\">Vitesse de rotation maximale<\/span><\/td>\n<td class=\"a-span9\" role=\"presentation\"><span class=\"a-size-base po-break-word\">1800 tr\/min<\/span><\/td>\n<\/tr>\n<tr class=\"a-spacing-small po-air_flow_capacity\" role=\"listitem\">\n<td class=\"a-span3\" role=\"presentation\"><span class=\"a-size-base a-text-bold\">Capacit\u00e9 de d\u00e9bit d&#8217;air<\/span><\/td>\n<td class=\"a-span9\" role=\"presentation\"><span class=\"a-size-base po-break-word\">69 pieds cubes par minute<\/span><\/td>\n<\/tr>\n<tr class=\"a-spacing-small po-manufacturer\" role=\"listitem\">\n<td class=\"a-span3\" role=\"presentation\"><span class=\"a-size-base a-text-bold\">Fabricant<\/span><\/td>\n<td class=\"a-span9\" role=\"presentation\"><span class=\"a-size-base po-break-word\">TZMRIT<\/span><\/td>\n<\/tr>\n<\/tbody>\n<\/table>\n<p>&nbsp;<\/p>\n<p>&nbsp;<\/p>\n<p>&nbsp;<\/p>\n<p>&nbsp;<\/p>\n<p>&nbsp;<\/p>\n<p>&nbsp;<\/p>\n","protected":false},"excerpt":{"rendered":"<ul class=\"a-unordered-list a-vertical a-spacing-mini\">\n<li class=\"a-spacing-mini\"><span class=\"a-list-item\">Veuillez installer notre logiciel d&#8217;affichage de la temp\u00e9rature: l&#8217;installation du logiciel s&#8217;ouvrira automatiquement apr\u00e8s l&#8217;installation du radiateur kf420 DGT. Veuillez autoriser l&#8217;installation de notre logiciel \u00e0 continuer<\/span><\/li>\n<li class=\"a-spacing-mini\"><span class=\"a-list-item\">Le kf420 DGT dispose de quatre caloducs de 6 mm de diam\u00e8tre optimis\u00e9s pour l&#8217;anti &#8211; gravit\u00e9, d&#8217;un affichage intuitif de la temp\u00e9rature du processeur et d&#8217;une vitesse de ventilateur de 1800 tr \/ min \u00b1 10%. Le contr\u00f4le de temp\u00e9rature intelligent PWM, les roulements HDB sont durables et r\u00e9solvent l&#8217;impact de la gravit\u00e9 sur la dissipation de chaleur. Un contact plus fort et un transfert de chaleur plus direct contribuent \u00e0 maintenir un fonctionnement stable et fiable.<\/span><\/li>\n<li class=\"a-spacing-mini\"><span class=\"a-list-item\">Kf420 DGT taille du ventilateur CPU 120 (l) x 120 (w) x 25 (h) mm, contr\u00f4le de temp\u00e9rature intelligent 4pin PWM, vitesse de rotation \u00e0 pleine charge 1800rpm, volume d&#8217;air \u00e9lev\u00e9 69cfm, pression d&#8217;air \u00e9lev\u00e9e 1.9mm H2O, bruit \u2264 37dba, tension d&#8217;entr\u00e9e 12V, courant d&#8217;entr\u00e9e 0.25a, roulements HDB. Une dur\u00e9e de vie plus longue permet de maintenir un environnement informatique frais et silencieux pour le syst\u00e8me.<\/span><\/li>\n<li class=\"a-spacing-mini\"><span class=\"a-list-item\">Le logement du dissipateur de chaleur du processeur prend en charge les plates &#8211; formes Intel LGA 1700 \/ 1200 \/ 115x \/ 1851 \/ 1366 \/ 2011, AMD am4 \/ am5 et les dimensions du dissipateur de chaleur du processeur sont de 120 (l) x 68 (w) x 155 (h) MM.<\/span><\/li>\n<li class=\"a-spacing-mini\"><span class=\"a-list-item\">La plate &#8211; forme de slot CPU int\u00e9gr\u00e9e offre des plates &#8211; formes de montage ou des fixations correspondantes, faciles \u00e0 installer et \u00e0 utiliser, et est livr\u00e9e avec un kit de montage convivial (voir le manuel de l&#8217;utilisateur).<\/span><\/li>\n<li class=\"a-spacing-mini\"><span class=\"a-list-item\">Remarque: la p\u00e2te chaude fournie peut avoir une viscosit\u00e9 \/ duret\u00e9 \u00e9lev\u00e9e. Si c&#8217;est difficile \u00e0 utiliser, il est recommand\u00e9 de ne pas l&#8217;utiliser.<\/span><\/li>\n<li class=\"a-spacing-mini\"><\/li>\n<\/ul>\n","protected":false},"featured_media":7781,"comment_status":"open","ping_status":"closed","template":"","meta":[],"product_brand":[],"product_cat":[67],"product_tag":[80,81],"class_list":{"0":"post-7777","1":"product","2":"type-product","3":"status-publish","4":"has-post-thumbnail","6":"product_cat-watercooling","7":"product_tag-refroidisseur","8":"product_tag-watercooling","10":"first","11":"instock","12":"shipping-taxable","13":"purchasable","14":"product-type-simple"},"yoast_head":"<!-- This site is optimized with the Yoast SEO plugin v26.4 - https:\/\/yoast.com\/wordpress\/plugins\/seo\/ -->\n<title>TZMRIT KF420 DGT ARGB CPU with temperature display, for Intel LGA 1700\/1200\/115X\/1851\/1366\/2011, for AMD AM4\/AM5 (WH) - ProPlaystore<\/title>\n<meta name=\"robots\" content=\"index, follow, max-snippet:-1, max-image-preview:large, max-video-preview:-1\" \/>\n<link rel=\"canonical\" href=\"https:\/\/proplaystore.lu\/index.php\/produit\/tzmrit-kf420-dgt-argb-cpu-with-temperature-display-for-intel-lga-1700-1200-115x-1851-1366-2011-for-amd-am4-am5-wh\/\" \/>\n<meta property=\"og:locale\" content=\"en_US\" \/>\n<meta property=\"og:type\" content=\"article\" \/>\n<meta property=\"og:title\" content=\"TZMRIT KF420 DGT ARGB CPU with temperature display, for Intel LGA 1700\/1200\/115X\/1851\/1366\/2011, for AMD AM4\/AM5 (WH) - ProPlaystore\" \/>\n<meta property=\"og:description\" content=\"Veuillez installer notre logiciel d&#039;affichage de la temp\u00e9rature: l&#039;installation du logiciel s&#039;ouvrira automatiquement apr\u00e8s l&#039;installation du radiateur kf420 DGT. Veuillez autoriser l&#039;installation de notre logiciel \u00e0 continuer  Le kf420 DGT dispose de quatre caloducs de 6 mm de diam\u00e8tre optimis\u00e9s pour l&#039;anti - gravit\u00e9, d&#039;un affichage intuitif de la temp\u00e9rature du processeur et d&#039;une vitesse de ventilateur de 1800 tr \/ min \u00b1 10%. Le contr\u00f4le de temp\u00e9rature intelligent PWM, les roulements HDB sont durables et r\u00e9solvent l&#039;impact de la gravit\u00e9 sur la dissipation de chaleur. Un contact plus fort et un transfert de chaleur plus direct contribuent \u00e0 maintenir un fonctionnement stable et fiable.  Kf420 DGT taille du ventilateur CPU 120 (l) x 120 (w) x 25 (h) mm, contr\u00f4le de temp\u00e9rature intelligent 4pin PWM, vitesse de rotation \u00e0 pleine charge 1800rpm, volume d&#039;air \u00e9lev\u00e9 69cfm, pression d&#039;air \u00e9lev\u00e9e 1.9mm H2O, bruit \u2264 37dba, tension d&#039;entr\u00e9e 12V, courant d&#039;entr\u00e9e 0.25a, roulements HDB. Une dur\u00e9e de vie plus longue permet de maintenir un environnement informatique frais et silencieux pour le syst\u00e8me.  Le logement du dissipateur de chaleur du processeur prend en charge les plates - formes Intel LGA 1700 \/ 1200 \/ 115x \/ 1851 \/ 1366 \/ 2011, AMD am4 \/ am5 et les dimensions du dissipateur de chaleur du processeur sont de 120 (l) x 68 (w) x 155 (h) MM.  La plate - forme de slot CPU int\u00e9gr\u00e9e offre des plates - formes de montage ou des fixations correspondantes, faciles \u00e0 installer et \u00e0 utiliser, et est livr\u00e9e avec un kit de montage convivial (voir le manuel de l&#039;utilisateur).  Remarque: la p\u00e2te chaude fournie peut avoir une viscosit\u00e9 \/ duret\u00e9 \u00e9lev\u00e9e. Si c&#039;est difficile \u00e0 utiliser, il est recommand\u00e9 de ne pas l&#039;utiliser.\" \/>\n<meta property=\"og:url\" content=\"https:\/\/proplaystore.lu\/index.php\/produit\/tzmrit-kf420-dgt-argb-cpu-with-temperature-display-for-intel-lga-1700-1200-115x-1851-1366-2011-for-amd-am4-am5-wh\/\" \/>\n<meta property=\"og:site_name\" content=\"ProPlaystore\" \/>\n<meta property=\"article:modified_time\" content=\"2025-08-18T23:04:49+00:00\" \/>\n<meta property=\"og:image\" content=\"https:\/\/proplaystore.lu\/wp-content\/uploads\/2025\/08\/61dYecXvDKL._SX522_.jpg\" \/>\n\t<meta property=\"og:image:width\" content=\"522\" \/>\n\t<meta property=\"og:image:height\" content=\"522\" \/>\n\t<meta property=\"og:image:type\" content=\"image\/jpeg\" \/>\n<meta name=\"twitter:card\" content=\"summary_large_image\" \/>\n<meta name=\"twitter:label1\" content=\"Est. reading time\" \/>\n\t<meta name=\"twitter:data1\" content=\"1 minute\" \/>\n<script type=\"application\/ld+json\" class=\"yoast-schema-graph\">{\"@context\":\"https:\/\/schema.org\",\"@graph\":[{\"@type\":\"WebPage\",\"@id\":\"https:\/\/proplaystore.lu\/index.php\/produit\/tzmrit-kf420-dgt-argb-cpu-with-temperature-display-for-intel-lga-1700-1200-115x-1851-1366-2011-for-amd-am4-am5-wh\/\",\"url\":\"https:\/\/proplaystore.lu\/index.php\/produit\/tzmrit-kf420-dgt-argb-cpu-with-temperature-display-for-intel-lga-1700-1200-115x-1851-1366-2011-for-amd-am4-am5-wh\/\",\"name\":\"TZMRIT KF420 DGT ARGB CPU with temperature display, for Intel LGA 1700\/1200\/115X\/1851\/1366\/2011, for AMD AM4\/AM5 (WH) - ProPlaystore\",\"isPartOf\":{\"@id\":\"https:\/\/proplaystore.lu\/#website\"},\"primaryImageOfPage\":{\"@id\":\"https:\/\/proplaystore.lu\/index.php\/produit\/tzmrit-kf420-dgt-argb-cpu-with-temperature-display-for-intel-lga-1700-1200-115x-1851-1366-2011-for-amd-am4-am5-wh\/#primaryimage\"},\"image\":{\"@id\":\"https:\/\/proplaystore.lu\/index.php\/produit\/tzmrit-kf420-dgt-argb-cpu-with-temperature-display-for-intel-lga-1700-1200-115x-1851-1366-2011-for-amd-am4-am5-wh\/#primaryimage\"},\"thumbnailUrl\":\"https:\/\/proplaystore.lu\/wp-content\/uploads\/2025\/08\/61dYecXvDKL._SX522_.jpg\",\"datePublished\":\"2025-08-17T21:41:09+00:00\",\"dateModified\":\"2025-08-18T23:04:49+00:00\",\"breadcrumb\":{\"@id\":\"https:\/\/proplaystore.lu\/index.php\/produit\/tzmrit-kf420-dgt-argb-cpu-with-temperature-display-for-intel-lga-1700-1200-115x-1851-1366-2011-for-amd-am4-am5-wh\/#breadcrumb\"},\"inLanguage\":\"en-US\",\"potentialAction\":[{\"@type\":\"ReadAction\",\"target\":[\"https:\/\/proplaystore.lu\/index.php\/produit\/tzmrit-kf420-dgt-argb-cpu-with-temperature-display-for-intel-lga-1700-1200-115x-1851-1366-2011-for-amd-am4-am5-wh\/\"]}]},{\"@type\":\"ImageObject\",\"inLanguage\":\"en-US\",\"@id\":\"https:\/\/proplaystore.lu\/index.php\/produit\/tzmrit-kf420-dgt-argb-cpu-with-temperature-display-for-intel-lga-1700-1200-115x-1851-1366-2011-for-amd-am4-am5-wh\/#primaryimage\",\"url\":\"https:\/\/proplaystore.lu\/wp-content\/uploads\/2025\/08\/61dYecXvDKL._SX522_.jpg\",\"contentUrl\":\"https:\/\/proplaystore.lu\/wp-content\/uploads\/2025\/08\/61dYecXvDKL._SX522_.jpg\",\"width\":522,\"height\":522},{\"@type\":\"BreadcrumbList\",\"@id\":\"https:\/\/proplaystore.lu\/index.php\/produit\/tzmrit-kf420-dgt-argb-cpu-with-temperature-display-for-intel-lga-1700-1200-115x-1851-1366-2011-for-amd-am4-am5-wh\/#breadcrumb\",\"itemListElement\":[{\"@type\":\"ListItem\",\"position\":1,\"name\":\"Accueil\",\"item\":\"https:\/\/proplaystore.lu\/\"},{\"@type\":\"ListItem\",\"position\":2,\"name\":\"Shop\",\"item\":\"https:\/\/proplaystore.lu\/index.php\/shop\/\"},{\"@type\":\"ListItem\",\"position\":3,\"name\":\"TZMRIT KF420 DGT ARGB CPU with temperature display, for Intel LGA 1700\/1200\/115X\/1851\/1366\/2011, for AMD AM4\/AM5 (WH)\"}]},{\"@type\":\"WebSite\",\"@id\":\"https:\/\/proplaystore.lu\/#website\",\"url\":\"https:\/\/proplaystore.lu\/\",\"name\":\"ProPlaystore\",\"description\":\"proplaysre\",\"potentialAction\":[{\"@type\":\"SearchAction\",\"target\":{\"@type\":\"EntryPoint\",\"urlTemplate\":\"https:\/\/proplaystore.lu\/?s={search_term_string}\"},\"query-input\":{\"@type\":\"PropertyValueSpecification\",\"valueRequired\":true,\"valueName\":\"search_term_string\"}}],\"inLanguage\":\"en-US\"}]}<\/script>\n<!-- \/ Yoast SEO plugin. -->","yoast_head_json":{"title":"TZMRIT KF420 DGT ARGB CPU with temperature display, for Intel LGA 1700\/1200\/115X\/1851\/1366\/2011, for AMD AM4\/AM5 (WH) - ProPlaystore","robots":{"index":"index","follow":"follow","max-snippet":"max-snippet:-1","max-image-preview":"max-image-preview:large","max-video-preview":"max-video-preview:-1"},"canonical":"https:\/\/proplaystore.lu\/index.php\/produit\/tzmrit-kf420-dgt-argb-cpu-with-temperature-display-for-intel-lga-1700-1200-115x-1851-1366-2011-for-amd-am4-am5-wh\/","og_locale":"en_US","og_type":"article","og_title":"TZMRIT KF420 DGT ARGB CPU with temperature display, for Intel LGA 1700\/1200\/115X\/1851\/1366\/2011, for AMD AM4\/AM5 (WH) - ProPlaystore","og_description":"Veuillez installer notre logiciel d'affichage de la temp\u00e9rature: l'installation du logiciel s'ouvrira automatiquement apr\u00e8s l'installation du radiateur kf420 DGT. Veuillez autoriser l'installation de notre logiciel \u00e0 continuer  Le kf420 DGT dispose de quatre caloducs de 6 mm de diam\u00e8tre optimis\u00e9s pour l'anti - gravit\u00e9, d'un affichage intuitif de la temp\u00e9rature du processeur et d'une vitesse de ventilateur de 1800 tr \/ min \u00b1 10%. Le contr\u00f4le de temp\u00e9rature intelligent PWM, les roulements HDB sont durables et r\u00e9solvent l'impact de la gravit\u00e9 sur la dissipation de chaleur. Un contact plus fort et un transfert de chaleur plus direct contribuent \u00e0 maintenir un fonctionnement stable et fiable.  Kf420 DGT taille du ventilateur CPU 120 (l) x 120 (w) x 25 (h) mm, contr\u00f4le de temp\u00e9rature intelligent 4pin PWM, vitesse de rotation \u00e0 pleine charge 1800rpm, volume d'air \u00e9lev\u00e9 69cfm, pression d'air \u00e9lev\u00e9e 1.9mm H2O, bruit \u2264 37dba, tension d'entr\u00e9e 12V, courant d'entr\u00e9e 0.25a, roulements HDB. Une dur\u00e9e de vie plus longue permet de maintenir un environnement informatique frais et silencieux pour le syst\u00e8me.  Le logement du dissipateur de chaleur du processeur prend en charge les plates - formes Intel LGA 1700 \/ 1200 \/ 115x \/ 1851 \/ 1366 \/ 2011, AMD am4 \/ am5 et les dimensions du dissipateur de chaleur du processeur sont de 120 (l) x 68 (w) x 155 (h) MM.  La plate - forme de slot CPU int\u00e9gr\u00e9e offre des plates - formes de montage ou des fixations correspondantes, faciles \u00e0 installer et \u00e0 utiliser, et est livr\u00e9e avec un kit de montage convivial (voir le manuel de l'utilisateur).  Remarque: la p\u00e2te chaude fournie peut avoir une viscosit\u00e9 \/ duret\u00e9 \u00e9lev\u00e9e. Si c'est difficile \u00e0 utiliser, il est recommand\u00e9 de ne pas l'utiliser.","og_url":"https:\/\/proplaystore.lu\/index.php\/produit\/tzmrit-kf420-dgt-argb-cpu-with-temperature-display-for-intel-lga-1700-1200-115x-1851-1366-2011-for-amd-am4-am5-wh\/","og_site_name":"ProPlaystore","article_modified_time":"2025-08-18T23:04:49+00:00","og_image":[{"width":522,"height":522,"url":"https:\/\/proplaystore.lu\/wp-content\/uploads\/2025\/08\/61dYecXvDKL._SX522_.jpg","type":"image\/jpeg"}],"twitter_card":"summary_large_image","twitter_misc":{"Est. reading time":"1 minute"},"schema":{"@context":"https:\/\/schema.org","@graph":[{"@type":"WebPage","@id":"https:\/\/proplaystore.lu\/index.php\/produit\/tzmrit-kf420-dgt-argb-cpu-with-temperature-display-for-intel-lga-1700-1200-115x-1851-1366-2011-for-amd-am4-am5-wh\/","url":"https:\/\/proplaystore.lu\/index.php\/produit\/tzmrit-kf420-dgt-argb-cpu-with-temperature-display-for-intel-lga-1700-1200-115x-1851-1366-2011-for-amd-am4-am5-wh\/","name":"TZMRIT KF420 DGT ARGB CPU with temperature display, for Intel LGA 1700\/1200\/115X\/1851\/1366\/2011, for AMD AM4\/AM5 (WH) - ProPlaystore","isPartOf":{"@id":"https:\/\/proplaystore.lu\/#website"},"primaryImageOfPage":{"@id":"https:\/\/proplaystore.lu\/index.php\/produit\/tzmrit-kf420-dgt-argb-cpu-with-temperature-display-for-intel-lga-1700-1200-115x-1851-1366-2011-for-amd-am4-am5-wh\/#primaryimage"},"image":{"@id":"https:\/\/proplaystore.lu\/index.php\/produit\/tzmrit-kf420-dgt-argb-cpu-with-temperature-display-for-intel-lga-1700-1200-115x-1851-1366-2011-for-amd-am4-am5-wh\/#primaryimage"},"thumbnailUrl":"https:\/\/proplaystore.lu\/wp-content\/uploads\/2025\/08\/61dYecXvDKL._SX522_.jpg","datePublished":"2025-08-17T21:41:09+00:00","dateModified":"2025-08-18T23:04:49+00:00","breadcrumb":{"@id":"https:\/\/proplaystore.lu\/index.php\/produit\/tzmrit-kf420-dgt-argb-cpu-with-temperature-display-for-intel-lga-1700-1200-115x-1851-1366-2011-for-amd-am4-am5-wh\/#breadcrumb"},"inLanguage":"en-US","potentialAction":[{"@type":"ReadAction","target":["https:\/\/proplaystore.lu\/index.php\/produit\/tzmrit-kf420-dgt-argb-cpu-with-temperature-display-for-intel-lga-1700-1200-115x-1851-1366-2011-for-amd-am4-am5-wh\/"]}]},{"@type":"ImageObject","inLanguage":"en-US","@id":"https:\/\/proplaystore.lu\/index.php\/produit\/tzmrit-kf420-dgt-argb-cpu-with-temperature-display-for-intel-lga-1700-1200-115x-1851-1366-2011-for-amd-am4-am5-wh\/#primaryimage","url":"https:\/\/proplaystore.lu\/wp-content\/uploads\/2025\/08\/61dYecXvDKL._SX522_.jpg","contentUrl":"https:\/\/proplaystore.lu\/wp-content\/uploads\/2025\/08\/61dYecXvDKL._SX522_.jpg","width":522,"height":522},{"@type":"BreadcrumbList","@id":"https:\/\/proplaystore.lu\/index.php\/produit\/tzmrit-kf420-dgt-argb-cpu-with-temperature-display-for-intel-lga-1700-1200-115x-1851-1366-2011-for-amd-am4-am5-wh\/#breadcrumb","itemListElement":[{"@type":"ListItem","position":1,"name":"Accueil","item":"https:\/\/proplaystore.lu\/"},{"@type":"ListItem","position":2,"name":"Shop","item":"https:\/\/proplaystore.lu\/index.php\/shop\/"},{"@type":"ListItem","position":3,"name":"TZMRIT KF420 DGT ARGB CPU with temperature display, for Intel LGA 1700\/1200\/115X\/1851\/1366\/2011, for AMD AM4\/AM5 (WH)"}]},{"@type":"WebSite","@id":"https:\/\/proplaystore.lu\/#website","url":"https:\/\/proplaystore.lu\/","name":"ProPlaystore","description":"proplaysre","potentialAction":[{"@type":"SearchAction","target":{"@type":"EntryPoint","urlTemplate":"https:\/\/proplaystore.lu\/?s={search_term_string}"},"query-input":{"@type":"PropertyValueSpecification","valueRequired":true,"valueName":"search_term_string"}}],"inLanguage":"en-US"}]}},"_links":{"self":[{"href":"https:\/\/proplaystore.lu\/index.php\/wp-json\/wp\/v2\/product\/7777","targetHints":{"allow":["GET"]}}],"collection":[{"href":"https:\/\/proplaystore.lu\/index.php\/wp-json\/wp\/v2\/product"}],"about":[{"href":"https:\/\/proplaystore.lu\/index.php\/wp-json\/wp\/v2\/types\/product"}],"replies":[{"embeddable":true,"href":"https:\/\/proplaystore.lu\/index.php\/wp-json\/wp\/v2\/comments?post=7777"}],"wp:featuredmedia":[{"embeddable":true,"href":"https:\/\/proplaystore.lu\/index.php\/wp-json\/wp\/v2\/media\/7781"}],"wp:attachment":[{"href":"https:\/\/proplaystore.lu\/index.php\/wp-json\/wp\/v2\/media?parent=7777"}],"wp:term":[{"taxonomy":"product_brand","embeddable":true,"href":"https:\/\/proplaystore.lu\/index.php\/wp-json\/wp\/v2\/product_brand?post=7777"},{"taxonomy":"product_cat","embeddable":true,"href":"https:\/\/proplaystore.lu\/index.php\/wp-json\/wp\/v2\/product_cat?post=7777"},{"taxonomy":"product_tag","embeddable":true,"href":"https:\/\/proplaystore.lu\/index.php\/wp-json\/wp\/v2\/product_tag?post=7777"}],"curies":[{"name":"wp","href":"https:\/\/api.w.org\/{rel}","templated":true}]}}