{"id":7787,"date":"2025-08-17T21:50:40","date_gmt":"2025-08-17T21:50:40","guid":{"rendered":"https:\/\/proplaystore.lu\/?post_type=product&#038;p=7787"},"modified":"2025-08-18T23:11:34","modified_gmt":"2025-08-18T23:11:34","slug":"be-quiet-light-wings-lx-120mm-pwm-high-speed-ventilateur-pack-de-3-ventilateurs-hub-eclaire-et-pales-depolies-des-effets-declairage-spectaculaires-16-led-rgb-adressables-9-pales-de-ventilateur","status":"publish","type":"product","link":"https:\/\/proplaystore.lu\/index.php\/produit\/be-quiet-light-wings-lx-120mm-pwm-high-speed-ventilateur-pack-de-3-ventilateurs-hub-eclaire-et-pales-depolies-des-effets-declairage-spectaculaires-16-led-rgb-adressables-9-pales-de-ventilateur\/","title":{"rendered":"be quiet! Light Wings LX 120mm PWM high-speed ventilateur, Pack de 3 ventilateurs, hub \u00e9clair\u00e9 et pales d\u00e9polies, des effets d&#8217;\u00e9clairage spectaculaires, 16 LED RGB adressables, 9 pales de ventilateur"},"content":{"rendered":"<h2 data-start=\"1558\" data-end=\"1580\"><strong data-start=\"1561\" data-end=\"1580\">Fiche technique<\/strong><\/h2>\n<table class=\"a-normal a-spacing-micro\" role=\"list\">\n<tbody>\n<tr class=\"a-spacing-small po-brand\" role=\"listitem\">\n<td class=\"a-span3\" role=\"presentation\"><span class=\"a-size-base a-text-bold\">Marque<\/span><\/td>\n<td class=\"a-span9\" role=\"presentation\"><span class=\"a-size-base po-break-word\">be quiet!<\/span><\/td>\n<\/tr>\n<tr class=\"a-spacing-small po-power_connector_type\" role=\"listitem\">\n<td class=\"a-span3\" role=\"presentation\"><span class=\"a-size-base a-text-bold\">Type de connecteur d&#8217;alimentation<\/span><\/td>\n<td class=\"a-span9\" role=\"presentation\"><span class=\"a-size-base po-break-word\">4 broche<\/span><\/td>\n<\/tr>\n<tr class=\"a-spacing-small po-voltage\" role=\"listitem\">\n<td class=\"a-span3\" role=\"presentation\"><span class=\"a-size-base a-text-bold\">Tension<\/span><\/td>\n<td class=\"a-span9\" role=\"presentation\"><span class=\"a-size-base po-break-word\">12 Volts (courant continu)<\/span><\/td>\n<\/tr>\n<tr class=\"a-spacing-small po-wattage\" role=\"listitem\">\n<td class=\"a-span3\" role=\"presentation\"><span class=\"a-size-base a-text-bold\">Puissance<\/span><\/td>\n<td class=\"a-span9\" role=\"presentation\"><span class=\"a-size-base po-break-word\">3.6 Watts<\/span><\/td>\n<\/tr>\n<tr class=\"a-spacing-small po-cooling_method\" role=\"listitem\">\n<td class=\"a-span3\" role=\"presentation\"><span class=\"a-size-base a-text-bold\">M\u00e9thode de refroidissement<\/span><\/td>\n<td class=\"a-span9\" role=\"presentation\"><span class=\"a-size-base po-break-word\">Air forc\u00e9<\/span><\/td>\n<\/tr>\n<tr class=\"a-spacing-small po-compatible_devices\" role=\"listitem\">\n<td class=\"a-span3\" role=\"presentation\"><span class=\"a-size-base a-text-bold\">Appareils compatibles<\/span><\/td>\n<td class=\"a-span9\" role=\"presentation\"><span class=\"a-size-base po-break-word\">Ordinateur<\/span><\/td>\n<\/tr>\n<tr class=\"a-spacing-small po-noise_level\" role=\"listitem\">\n<td class=\"a-span3\" role=\"presentation\"><span class=\"a-size-base a-text-bold\">Niveau sonore<\/span><\/td>\n<td class=\"a-span9\" role=\"presentation\"><span class=\"a-size-base po-break-word\">20,6 dB<\/span><\/td>\n<\/tr>\n<tr class=\"a-spacing-small po-material\" role=\"listitem\">\n<td class=\"a-span3\" role=\"presentation\"><span class=\"a-size-base a-text-bold\">Mat\u00e9riau<\/span><\/td>\n<td class=\"a-span9\" role=\"presentation\"><span class=\"a-size-base po-break-word\">Plastique M\u00e9tal<\/span><\/td>\n<\/tr>\n<tr class=\"a-spacing-small po-gtin\" role=\"listitem\">\n<td class=\"a-span3\" role=\"presentation\"><span class=\"a-size-base a-text-bold\">Code article international<\/span><\/td>\n<td class=\"a-span9\" role=\"presentation\"><span class=\"a-size-base po-break-word\">04260052191668<\/span><\/td>\n<\/tr>\n<tr class=\"a-spacing-small po-manufacturer\" role=\"listitem\">\n<td class=\"a-span3\" role=\"presentation\"><span class=\"a-size-base a-text-bold\">Fabricant<\/span><\/td>\n<td class=\"a-span9\" role=\"presentation\"><span class=\"a-size-base po-break-word\">be quiet!<\/span><\/td>\n<\/tr>\n<\/tbody>\n<\/table>\n<p>&nbsp;<\/p>\n<p>&nbsp;<\/p>\n<p>&nbsp;<\/p>\n<p>&nbsp;<\/p>\n<p>&nbsp;<\/p>\n<p>&nbsp;<\/p>\n<p>&nbsp;<\/p>\n","protected":false},"excerpt":{"rendered":"<ul class=\"a-unordered-list a-vertical a-spacing-mini\">\n<li class=\"a-spacing-mini\"><span class=\"a-list-item\">Le ventilateur Light Wings LX 140 mm PWM White est un v\u00e9ritable atout esth\u00e9tique pour tous les bo\u00eetiers PC, gr\u00e2ce \u00e0 son \u00e9clairage qui ne laisse personne indiff\u00e9rent. Les bo\u00eetiers vitr\u00e9s sont sublim\u00e9s par les qualit\u00e9s de ce ventilateur ARGB, qui apporte une touche de couleur et de dynamisme \u00e0 l&#8217;ensemble de la configuration. Si vous \u00eates un passionn\u00e9 de PC et que vous souhaitez impressionner vos proches avec un set up hors du commun, n&#8217;h\u00e9sitez pas \u00e0 en int\u00e9grer plusieurs dans votre bo\u00eetier.<\/span><\/li>\n<li class=\"a-spacing-mini\"><span class=\"a-list-item\">16 LED sont int\u00e9gr\u00e9es au niveau du moyeu du ventilateur Light Wings LX 140 mm PWM White et diffusent leur lumi\u00e8re vers l&#8217;ext\u00e9rieur sur les pales d\u00e9polies. Cela cr\u00e9e un look incomparable et vous permet d&#8217;exprimer votre cr\u00e9ativit\u00e9.<\/span><\/li>\n<li class=\"a-spacing-mini\"><span class=\"a-list-item\">Le ventilateur Light Wings LX 140 mm PWM White se distingue par son cadre de ventilateur con\u00e7u pour minimiser les fuites d&#8217;air. De plus, ses pales sont optimis\u00e9es pour fournir un d\u00e9bit d&#8217;air maximal, faisant de ce ventilateur un choix incontournable pour la plupart des configurations.<\/span><\/li>\n<li class=\"a-spacing-mini\"><span class=\"a-list-item\">Le c\u00e2ble de connexion ARGB est dot\u00e9 d&#8217;un connecteur d&#8217;entr\u00e9e et d&#8217;un connecteur de sortie. Le connecteur d&#8217;entr\u00e9e peut \u00eatre utilis\u00e9 pour brancher le ventilateur \u00e0 votre carte m\u00e8re ou \u00e0 un contr\u00f4leur ARGB, mais aussi pour le connecter en cha\u00eene avec le connecteur de sortie d&#8217;autres ventilateurs Light Wings LX.<\/span><\/li>\n<li class=\"a-spacing-mini\"><span class=\"a-list-item\">Le ventilateur Light Wings LX 140 mm PWM White est con\u00e7u pour durer. Gr\u00e2ce \u00e0 sa technologie de roulement \u00e0 billes \u00e9prouv\u00e9e, il offre en moyenne une dur\u00e9e de vie de 60 000 heures. Vous pouvez donc compter sur lui pour vous accompagner longtemps.<\/span><\/li>\n<\/ul>\n","protected":false},"featured_media":7788,"comment_status":"open","ping_status":"closed","template":"","meta":[],"product_brand":[],"product_cat":[67],"product_tag":[80,81],"class_list":{"0":"post-7787","1":"product","2":"type-product","3":"status-publish","4":"has-post-thumbnail","6":"product_cat-watercooling","7":"product_tag-refroidisseur","8":"product_tag-watercooling","10":"first","11":"instock","12":"shipping-taxable","13":"purchasable","14":"product-type-simple"},"yoast_head":"<!-- This site is optimized with the Yoast SEO plugin v26.4 - https:\/\/yoast.com\/wordpress\/plugins\/seo\/ -->\n<title>be quiet! Light Wings LX 120mm PWM high-speed ventilateur, Pack de 3 ventilateurs, hub \u00e9clair\u00e9 et pales d\u00e9polies, des effets d&#039;\u00e9clairage spectaculaires, 16 LED RGB adressables, 9 pales de ventilateur - ProPlaystore<\/title>\n<meta name=\"robots\" content=\"index, follow, max-snippet:-1, max-image-preview:large, max-video-preview:-1\" \/>\n<link rel=\"canonical\" href=\"https:\/\/proplaystore.lu\/index.php\/produit\/be-quiet-light-wings-lx-120mm-pwm-high-speed-ventilateur-pack-de-3-ventilateurs-hub-eclaire-et-pales-depolies-des-effets-declairage-spectaculaires-16-led-rgb-adressables-9-pales-de-ventilateur\/\" \/>\n<meta property=\"og:locale\" content=\"en_US\" \/>\n<meta property=\"og:type\" content=\"article\" \/>\n<meta property=\"og:title\" content=\"be quiet! Light Wings LX 120mm PWM high-speed ventilateur, Pack de 3 ventilateurs, hub \u00e9clair\u00e9 et pales d\u00e9polies, des effets d&#039;\u00e9clairage spectaculaires, 16 LED RGB adressables, 9 pales de ventilateur - ProPlaystore\" \/>\n<meta property=\"og:description\" content=\"Le ventilateur Light Wings LX 140 mm PWM White est un v\u00e9ritable atout esth\u00e9tique pour tous les bo\u00eetiers PC, gr\u00e2ce \u00e0 son \u00e9clairage qui ne laisse personne indiff\u00e9rent. Les bo\u00eetiers vitr\u00e9s sont sublim\u00e9s par les qualit\u00e9s de ce ventilateur ARGB, qui apporte une touche de couleur et de dynamisme \u00e0 l&#039;ensemble de la configuration. Si vous \u00eates un passionn\u00e9 de PC et que vous souhaitez impressionner vos proches avec un set up hors du commun, n&#039;h\u00e9sitez pas \u00e0 en int\u00e9grer plusieurs dans votre bo\u00eetier.  16 LED sont int\u00e9gr\u00e9es au niveau du moyeu du ventilateur Light Wings LX 140 mm PWM White et diffusent leur lumi\u00e8re vers l&#039;ext\u00e9rieur sur les pales d\u00e9polies. Cela cr\u00e9e un look incomparable et vous permet d&#039;exprimer votre cr\u00e9ativit\u00e9.  Le ventilateur Light Wings LX 140 mm PWM White se distingue par son cadre de ventilateur con\u00e7u pour minimiser les fuites d&#039;air. De plus, ses pales sont optimis\u00e9es pour fournir un d\u00e9bit d&#039;air maximal, faisant de ce ventilateur un choix incontournable pour la plupart des configurations.  Le c\u00e2ble de connexion ARGB est dot\u00e9 d&#039;un connecteur d&#039;entr\u00e9e et d&#039;un connecteur de sortie. Le connecteur d&#039;entr\u00e9e peut \u00eatre utilis\u00e9 pour brancher le ventilateur \u00e0 votre carte m\u00e8re ou \u00e0 un contr\u00f4leur ARGB, mais aussi pour le connecter en cha\u00eene avec le connecteur de sortie d&#039;autres ventilateurs Light Wings LX.  Le ventilateur Light Wings LX 140 mm PWM White est con\u00e7u pour durer. Gr\u00e2ce \u00e0 sa technologie de roulement \u00e0 billes \u00e9prouv\u00e9e, il offre en moyenne une dur\u00e9e de vie de 60 000 heures. Vous pouvez donc compter sur lui pour vous accompagner longtemps.\" \/>\n<meta property=\"og:url\" content=\"https:\/\/proplaystore.lu\/index.php\/produit\/be-quiet-light-wings-lx-120mm-pwm-high-speed-ventilateur-pack-de-3-ventilateurs-hub-eclaire-et-pales-depolies-des-effets-declairage-spectaculaires-16-led-rgb-adressables-9-pales-de-ventilateur\/\" \/>\n<meta property=\"og:site_name\" content=\"ProPlaystore\" \/>\n<meta property=\"article:modified_time\" content=\"2025-08-18T23:11:34+00:00\" \/>\n<meta property=\"og:image\" content=\"https:\/\/proplaystore.lu\/wp-content\/uploads\/2025\/08\/617Uw0YYuaL._SX522_.jpg\" \/>\n\t<meta property=\"og:image:width\" content=\"522\" \/>\n\t<meta property=\"og:image:height\" content=\"522\" \/>\n\t<meta property=\"og:image:type\" content=\"image\/jpeg\" \/>\n<meta name=\"twitter:card\" content=\"summary_large_image\" \/>\n<meta name=\"twitter:label1\" content=\"Est. reading time\" \/>\n\t<meta name=\"twitter:data1\" content=\"1 minute\" \/>\n<script type=\"application\/ld+json\" class=\"yoast-schema-graph\">{\"@context\":\"https:\/\/schema.org\",\"@graph\":[{\"@type\":\"WebPage\",\"@id\":\"https:\/\/proplaystore.lu\/index.php\/produit\/be-quiet-light-wings-lx-120mm-pwm-high-speed-ventilateur-pack-de-3-ventilateurs-hub-eclaire-et-pales-depolies-des-effets-declairage-spectaculaires-16-led-rgb-adressables-9-pales-de-ventilateur\/\",\"url\":\"https:\/\/proplaystore.lu\/index.php\/produit\/be-quiet-light-wings-lx-120mm-pwm-high-speed-ventilateur-pack-de-3-ventilateurs-hub-eclaire-et-pales-depolies-des-effets-declairage-spectaculaires-16-led-rgb-adressables-9-pales-de-ventilateur\/\",\"name\":\"be quiet! Light Wings LX 120mm PWM high-speed ventilateur, Pack de 3 ventilateurs, hub \u00e9clair\u00e9 et pales d\u00e9polies, des effets d'\u00e9clairage spectaculaires, 16 LED RGB adressables, 9 pales de ventilateur - ProPlaystore\",\"isPartOf\":{\"@id\":\"https:\/\/proplaystore.lu\/#website\"},\"primaryImageOfPage\":{\"@id\":\"https:\/\/proplaystore.lu\/index.php\/produit\/be-quiet-light-wings-lx-120mm-pwm-high-speed-ventilateur-pack-de-3-ventilateurs-hub-eclaire-et-pales-depolies-des-effets-declairage-spectaculaires-16-led-rgb-adressables-9-pales-de-ventilateur\/#primaryimage\"},\"image\":{\"@id\":\"https:\/\/proplaystore.lu\/index.php\/produit\/be-quiet-light-wings-lx-120mm-pwm-high-speed-ventilateur-pack-de-3-ventilateurs-hub-eclaire-et-pales-depolies-des-effets-declairage-spectaculaires-16-led-rgb-adressables-9-pales-de-ventilateur\/#primaryimage\"},\"thumbnailUrl\":\"https:\/\/proplaystore.lu\/wp-content\/uploads\/2025\/08\/617Uw0YYuaL._SX522_.jpg\",\"datePublished\":\"2025-08-17T21:50:40+00:00\",\"dateModified\":\"2025-08-18T23:11:34+00:00\",\"breadcrumb\":{\"@id\":\"https:\/\/proplaystore.lu\/index.php\/produit\/be-quiet-light-wings-lx-120mm-pwm-high-speed-ventilateur-pack-de-3-ventilateurs-hub-eclaire-et-pales-depolies-des-effets-declairage-spectaculaires-16-led-rgb-adressables-9-pales-de-ventilateur\/#breadcrumb\"},\"inLanguage\":\"en-US\",\"potentialAction\":[{\"@type\":\"ReadAction\",\"target\":[\"https:\/\/proplaystore.lu\/index.php\/produit\/be-quiet-light-wings-lx-120mm-pwm-high-speed-ventilateur-pack-de-3-ventilateurs-hub-eclaire-et-pales-depolies-des-effets-declairage-spectaculaires-16-led-rgb-adressables-9-pales-de-ventilateur\/\"]}]},{\"@type\":\"ImageObject\",\"inLanguage\":\"en-US\",\"@id\":\"https:\/\/proplaystore.lu\/index.php\/produit\/be-quiet-light-wings-lx-120mm-pwm-high-speed-ventilateur-pack-de-3-ventilateurs-hub-eclaire-et-pales-depolies-des-effets-declairage-spectaculaires-16-led-rgb-adressables-9-pales-de-ventilateur\/#primaryimage\",\"url\":\"https:\/\/proplaystore.lu\/wp-content\/uploads\/2025\/08\/617Uw0YYuaL._SX522_.jpg\",\"contentUrl\":\"https:\/\/proplaystore.lu\/wp-content\/uploads\/2025\/08\/617Uw0YYuaL._SX522_.jpg\",\"width\":522,\"height\":522},{\"@type\":\"BreadcrumbList\",\"@id\":\"https:\/\/proplaystore.lu\/index.php\/produit\/be-quiet-light-wings-lx-120mm-pwm-high-speed-ventilateur-pack-de-3-ventilateurs-hub-eclaire-et-pales-depolies-des-effets-declairage-spectaculaires-16-led-rgb-adressables-9-pales-de-ventilateur\/#breadcrumb\",\"itemListElement\":[{\"@type\":\"ListItem\",\"position\":1,\"name\":\"Accueil\",\"item\":\"https:\/\/proplaystore.lu\/\"},{\"@type\":\"ListItem\",\"position\":2,\"name\":\"Shop\",\"item\":\"https:\/\/proplaystore.lu\/index.php\/shop\/\"},{\"@type\":\"ListItem\",\"position\":3,\"name\":\"be quiet! Light Wings LX 120mm PWM high-speed ventilateur, Pack de 3 ventilateurs, hub \u00e9clair\u00e9 et pales d\u00e9polies, des effets d&#8217;\u00e9clairage spectaculaires, 16 LED RGB adressables, 9 pales de ventilateur\"}]},{\"@type\":\"WebSite\",\"@id\":\"https:\/\/proplaystore.lu\/#website\",\"url\":\"https:\/\/proplaystore.lu\/\",\"name\":\"ProPlaystore\",\"description\":\"proplaysre\",\"potentialAction\":[{\"@type\":\"SearchAction\",\"target\":{\"@type\":\"EntryPoint\",\"urlTemplate\":\"https:\/\/proplaystore.lu\/?s={search_term_string}\"},\"query-input\":{\"@type\":\"PropertyValueSpecification\",\"valueRequired\":true,\"valueName\":\"search_term_string\"}}],\"inLanguage\":\"en-US\"}]}<\/script>\n<!-- \/ Yoast SEO plugin. -->","yoast_head_json":{"title":"be quiet! Light Wings LX 120mm PWM high-speed ventilateur, Pack de 3 ventilateurs, hub \u00e9clair\u00e9 et pales d\u00e9polies, des effets d'\u00e9clairage spectaculaires, 16 LED RGB adressables, 9 pales de ventilateur - ProPlaystore","robots":{"index":"index","follow":"follow","max-snippet":"max-snippet:-1","max-image-preview":"max-image-preview:large","max-video-preview":"max-video-preview:-1"},"canonical":"https:\/\/proplaystore.lu\/index.php\/produit\/be-quiet-light-wings-lx-120mm-pwm-high-speed-ventilateur-pack-de-3-ventilateurs-hub-eclaire-et-pales-depolies-des-effets-declairage-spectaculaires-16-led-rgb-adressables-9-pales-de-ventilateur\/","og_locale":"en_US","og_type":"article","og_title":"be quiet! Light Wings LX 120mm PWM high-speed ventilateur, Pack de 3 ventilateurs, hub \u00e9clair\u00e9 et pales d\u00e9polies, des effets d'\u00e9clairage spectaculaires, 16 LED RGB adressables, 9 pales de ventilateur - ProPlaystore","og_description":"Le ventilateur Light Wings LX 140 mm PWM White est un v\u00e9ritable atout esth\u00e9tique pour tous les bo\u00eetiers PC, gr\u00e2ce \u00e0 son \u00e9clairage qui ne laisse personne indiff\u00e9rent. Les bo\u00eetiers vitr\u00e9s sont sublim\u00e9s par les qualit\u00e9s de ce ventilateur ARGB, qui apporte une touche de couleur et de dynamisme \u00e0 l'ensemble de la configuration. Si vous \u00eates un passionn\u00e9 de PC et que vous souhaitez impressionner vos proches avec un set up hors du commun, n'h\u00e9sitez pas \u00e0 en int\u00e9grer plusieurs dans votre bo\u00eetier.  16 LED sont int\u00e9gr\u00e9es au niveau du moyeu du ventilateur Light Wings LX 140 mm PWM White et diffusent leur lumi\u00e8re vers l'ext\u00e9rieur sur les pales d\u00e9polies. Cela cr\u00e9e un look incomparable et vous permet d'exprimer votre cr\u00e9ativit\u00e9.  Le ventilateur Light Wings LX 140 mm PWM White se distingue par son cadre de ventilateur con\u00e7u pour minimiser les fuites d'air. De plus, ses pales sont optimis\u00e9es pour fournir un d\u00e9bit d'air maximal, faisant de ce ventilateur un choix incontournable pour la plupart des configurations.  Le c\u00e2ble de connexion ARGB est dot\u00e9 d'un connecteur d'entr\u00e9e et d'un connecteur de sortie. Le connecteur d'entr\u00e9e peut \u00eatre utilis\u00e9 pour brancher le ventilateur \u00e0 votre carte m\u00e8re ou \u00e0 un contr\u00f4leur ARGB, mais aussi pour le connecter en cha\u00eene avec le connecteur de sortie d'autres ventilateurs Light Wings LX.  Le ventilateur Light Wings LX 140 mm PWM White est con\u00e7u pour durer. Gr\u00e2ce \u00e0 sa technologie de roulement \u00e0 billes \u00e9prouv\u00e9e, il offre en moyenne une dur\u00e9e de vie de 60 000 heures. Vous pouvez donc compter sur lui pour vous accompagner longtemps.","og_url":"https:\/\/proplaystore.lu\/index.php\/produit\/be-quiet-light-wings-lx-120mm-pwm-high-speed-ventilateur-pack-de-3-ventilateurs-hub-eclaire-et-pales-depolies-des-effets-declairage-spectaculaires-16-led-rgb-adressables-9-pales-de-ventilateur\/","og_site_name":"ProPlaystore","article_modified_time":"2025-08-18T23:11:34+00:00","og_image":[{"width":522,"height":522,"url":"https:\/\/proplaystore.lu\/wp-content\/uploads\/2025\/08\/617Uw0YYuaL._SX522_.jpg","type":"image\/jpeg"}],"twitter_card":"summary_large_image","twitter_misc":{"Est. reading time":"1 minute"},"schema":{"@context":"https:\/\/schema.org","@graph":[{"@type":"WebPage","@id":"https:\/\/proplaystore.lu\/index.php\/produit\/be-quiet-light-wings-lx-120mm-pwm-high-speed-ventilateur-pack-de-3-ventilateurs-hub-eclaire-et-pales-depolies-des-effets-declairage-spectaculaires-16-led-rgb-adressables-9-pales-de-ventilateur\/","url":"https:\/\/proplaystore.lu\/index.php\/produit\/be-quiet-light-wings-lx-120mm-pwm-high-speed-ventilateur-pack-de-3-ventilateurs-hub-eclaire-et-pales-depolies-des-effets-declairage-spectaculaires-16-led-rgb-adressables-9-pales-de-ventilateur\/","name":"be quiet! Light Wings LX 120mm PWM high-speed ventilateur, Pack de 3 ventilateurs, hub \u00e9clair\u00e9 et pales d\u00e9polies, des effets d'\u00e9clairage spectaculaires, 16 LED RGB adressables, 9 pales de ventilateur - ProPlaystore","isPartOf":{"@id":"https:\/\/proplaystore.lu\/#website"},"primaryImageOfPage":{"@id":"https:\/\/proplaystore.lu\/index.php\/produit\/be-quiet-light-wings-lx-120mm-pwm-high-speed-ventilateur-pack-de-3-ventilateurs-hub-eclaire-et-pales-depolies-des-effets-declairage-spectaculaires-16-led-rgb-adressables-9-pales-de-ventilateur\/#primaryimage"},"image":{"@id":"https:\/\/proplaystore.lu\/index.php\/produit\/be-quiet-light-wings-lx-120mm-pwm-high-speed-ventilateur-pack-de-3-ventilateurs-hub-eclaire-et-pales-depolies-des-effets-declairage-spectaculaires-16-led-rgb-adressables-9-pales-de-ventilateur\/#primaryimage"},"thumbnailUrl":"https:\/\/proplaystore.lu\/wp-content\/uploads\/2025\/08\/617Uw0YYuaL._SX522_.jpg","datePublished":"2025-08-17T21:50:40+00:00","dateModified":"2025-08-18T23:11:34+00:00","breadcrumb":{"@id":"https:\/\/proplaystore.lu\/index.php\/produit\/be-quiet-light-wings-lx-120mm-pwm-high-speed-ventilateur-pack-de-3-ventilateurs-hub-eclaire-et-pales-depolies-des-effets-declairage-spectaculaires-16-led-rgb-adressables-9-pales-de-ventilateur\/#breadcrumb"},"inLanguage":"en-US","potentialAction":[{"@type":"ReadAction","target":["https:\/\/proplaystore.lu\/index.php\/produit\/be-quiet-light-wings-lx-120mm-pwm-high-speed-ventilateur-pack-de-3-ventilateurs-hub-eclaire-et-pales-depolies-des-effets-declairage-spectaculaires-16-led-rgb-adressables-9-pales-de-ventilateur\/"]}]},{"@type":"ImageObject","inLanguage":"en-US","@id":"https:\/\/proplaystore.lu\/index.php\/produit\/be-quiet-light-wings-lx-120mm-pwm-high-speed-ventilateur-pack-de-3-ventilateurs-hub-eclaire-et-pales-depolies-des-effets-declairage-spectaculaires-16-led-rgb-adressables-9-pales-de-ventilateur\/#primaryimage","url":"https:\/\/proplaystore.lu\/wp-content\/uploads\/2025\/08\/617Uw0YYuaL._SX522_.jpg","contentUrl":"https:\/\/proplaystore.lu\/wp-content\/uploads\/2025\/08\/617Uw0YYuaL._SX522_.jpg","width":522,"height":522},{"@type":"BreadcrumbList","@id":"https:\/\/proplaystore.lu\/index.php\/produit\/be-quiet-light-wings-lx-120mm-pwm-high-speed-ventilateur-pack-de-3-ventilateurs-hub-eclaire-et-pales-depolies-des-effets-declairage-spectaculaires-16-led-rgb-adressables-9-pales-de-ventilateur\/#breadcrumb","itemListElement":[{"@type":"ListItem","position":1,"name":"Accueil","item":"https:\/\/proplaystore.lu\/"},{"@type":"ListItem","position":2,"name":"Shop","item":"https:\/\/proplaystore.lu\/index.php\/shop\/"},{"@type":"ListItem","position":3,"name":"be quiet! Light Wings LX 120mm PWM high-speed ventilateur, Pack de 3 ventilateurs, hub \u00e9clair\u00e9 et pales d\u00e9polies, des effets d&#8217;\u00e9clairage spectaculaires, 16 LED RGB adressables, 9 pales de ventilateur"}]},{"@type":"WebSite","@id":"https:\/\/proplaystore.lu\/#website","url":"https:\/\/proplaystore.lu\/","name":"ProPlaystore","description":"proplaysre","potentialAction":[{"@type":"SearchAction","target":{"@type":"EntryPoint","urlTemplate":"https:\/\/proplaystore.lu\/?s={search_term_string}"},"query-input":{"@type":"PropertyValueSpecification","valueRequired":true,"valueName":"search_term_string"}}],"inLanguage":"en-US"}]}},"_links":{"self":[{"href":"https:\/\/proplaystore.lu\/index.php\/wp-json\/wp\/v2\/product\/7787","targetHints":{"allow":["GET"]}}],"collection":[{"href":"https:\/\/proplaystore.lu\/index.php\/wp-json\/wp\/v2\/product"}],"about":[{"href":"https:\/\/proplaystore.lu\/index.php\/wp-json\/wp\/v2\/types\/product"}],"replies":[{"embeddable":true,"href":"https:\/\/proplaystore.lu\/index.php\/wp-json\/wp\/v2\/comments?post=7787"}],"wp:featuredmedia":[{"embeddable":true,"href":"https:\/\/proplaystore.lu\/index.php\/wp-json\/wp\/v2\/media\/7788"}],"wp:attachment":[{"href":"https:\/\/proplaystore.lu\/index.php\/wp-json\/wp\/v2\/media?parent=7787"}],"wp:term":[{"taxonomy":"product_brand","embeddable":true,"href":"https:\/\/proplaystore.lu\/index.php\/wp-json\/wp\/v2\/product_brand?post=7787"},{"taxonomy":"product_cat","embeddable":true,"href":"https:\/\/proplaystore.lu\/index.php\/wp-json\/wp\/v2\/product_cat?post=7787"},{"taxonomy":"product_tag","embeddable":true,"href":"https:\/\/proplaystore.lu\/index.php\/wp-json\/wp\/v2\/product_tag?post=7787"}],"curies":[{"name":"wp","href":"https:\/\/api.w.org\/{rel}","templated":true}]}}