{"id":7794,"date":"2025-08-17T21:56:43","date_gmt":"2025-08-17T21:56:43","guid":{"rendered":"https:\/\/proplaystore.lu\/?post_type=product&#038;p=7794"},"modified":"2025-08-19T07:57:55","modified_gmt":"2025-08-19T07:57:55","slug":"xfx-speedster-swft210-radeon-rx-7600-carte-graphique-blanche-avec-8-go-gddr6-hdmi-3-x-dp-amd-rdna-3-rx-76pswftwy","status":"publish","type":"product","link":"https:\/\/proplaystore.lu\/index.php\/produit\/xfx-speedster-swft210-radeon-rx-7600-carte-graphique-blanche-avec-8-go-gddr6-hdmi-3-x-dp-amd-rdna-3-rx-76pswftwy\/","title":{"rendered":"XFX Speedster SWFT210 Radeon RX 7600 Carte graphique blanche avec 8 Go GDDR6 HDMI 3 x DP, AMD RDNA 3 RX-76PSWFTWY"},"content":{"rendered":"<h2 data-start=\"1558\" data-end=\"1580\"><strong data-start=\"1561\" data-end=\"1580\">Fiche technique<\/strong><\/h2>\n<table class=\"a-normal a-spacing-micro\" role=\"list\">\n<tbody>\n<tr class=\"a-spacing-small po-graphics_coprocessor\" role=\"listitem\">\n<td class=\"a-span3\" role=\"presentation\"><span class=\"a-size-base a-text-bold\">Coprocesseur graphique<\/span><\/td>\n<td class=\"a-span9\" role=\"presentation\"><span class=\"a-size-base po-break-word\">AMD Radeon RX 7600<\/span><\/td>\n<\/tr>\n<tr class=\"a-spacing-small po-brand\" role=\"listitem\">\n<td class=\"a-span3\" role=\"presentation\"><span class=\"a-size-base a-text-bold\">Marque<\/span><\/td>\n<td class=\"a-span9\" role=\"presentation\"><span class=\"a-size-base po-break-word\">XFX<\/span><\/td>\n<\/tr>\n<tr class=\"a-spacing-small po-graphics_ram.size\" role=\"listitem\">\n<td class=\"a-span3\" role=\"presentation\"><span class=\"a-size-base a-text-bold\">Taille de la RAM graphique<\/span><\/td>\n<td class=\"a-span9\" role=\"presentation\"><span class=\"a-size-base po-break-word\">8192 MB<\/span><\/td>\n<\/tr>\n<tr class=\"a-spacing-small po-video_output_interface\" role=\"listitem\">\n<td class=\"a-span3\" role=\"presentation\"><span class=\"a-size-base a-text-bold\">Interface de sortie vid\u00e9o<\/span><\/td>\n<td class=\"a-span9\" role=\"presentation\"><span class=\"a-size-base po-break-word\">DisplayPort, HDMI<\/span><\/td>\n<\/tr>\n<tr class=\"a-spacing-small po-graphics_processor_manufacturer\" role=\"listitem\">\n<td class=\"a-span3\" role=\"presentation\"><span class=\"a-size-base a-text-bold\">Fabricant de processeurs graphiques<\/span><\/td>\n<td class=\"a-span9\" role=\"presentation\"><span class=\"a-size-base po-break-word\">AMD<\/span><\/td>\n<\/tr>\n<tr class=\"a-spacing-small po-graphics_ram.type\" role=\"listitem\">\n<td class=\"a-span3\" role=\"presentation\"><span class=\"a-size-base a-text-bold\">Type de RAM graphique<\/span><\/td>\n<td class=\"a-span9\" role=\"presentation\"><span class=\"a-size-base po-break-word\">M\u00e9moire GDDR6<\/span><\/td>\n<\/tr>\n<tr class=\"a-spacing-small po-included_components\" role=\"listitem\">\n<td class=\"a-span3\" role=\"presentation\"><span class=\"a-size-base a-text-bold\">Composants inclus<\/span><\/td>\n<td class=\"a-span9\" role=\"presentation\"><span class=\"a-size-base po-break-word\">Carte graphique<\/span><\/td>\n<\/tr>\n<tr class=\"a-spacing-small po-compatible_devices\" role=\"listitem\">\n<td class=\"a-span3\" role=\"presentation\"><span class=\"a-size-base a-text-bold\">Appareils compatibles<\/span><\/td>\n<td class=\"a-span9\" role=\"presentation\"><span class=\"a-size-base po-break-word\">Ordinateur de bureau<\/span><\/td>\n<\/tr>\n<tr class=\"a-spacing-small po-display.resolution_maximum\" role=\"listitem\">\n<td class=\"a-span3\" role=\"presentation\"><span class=\"a-size-base a-text-bold\">R\u00e9solution d&#8217;affichage maximale<\/span><\/td>\n<td class=\"a-span9\" role=\"presentation\"><span class=\"a-size-base po-break-word\">3840&#215;2160<\/span><\/td>\n<\/tr>\n<tr class=\"a-spacing-small po-graphics_card_interface\" role=\"listitem\">\n<td class=\"a-span3\" role=\"presentation\"><span class=\"a-size-base a-text-bold\">Interface de carte graphique<\/span><\/td>\n<td class=\"a-span9\" role=\"presentation\"><span class=\"a-size-base po-break-word\">PCI-Express x16<\/span><\/td>\n<\/tr>\n<\/tbody>\n<\/table>\n<p>&nbsp;<\/p>\n<p>&nbsp;<\/p>\n<p>&nbsp;<\/p>\n<p>&nbsp;<\/p>\n<p>&nbsp;<\/p>\n<p>&nbsp;<\/p>\n<p>&nbsp;<\/p>\n<p>&nbsp;<\/p>\n<p>&nbsp;<\/p>\n","protected":false},"excerpt":{"rendered":"<ul class=\"a-unordered-list a-vertical a-spacing-mini\">\n<li class=\"a-spacing-mini\"><span class=\"a-list-item\">Chipset : AMD RX 7600<\/span><\/li>\n<li class=\"a-spacing-mini\"><span class=\"a-list-item\">M\u00e9moire : 8 Go GDDR6<\/span><\/li>\n<li class=\"a-spacing-mini\"><span class=\"a-list-item\">XFX Solution de refroidissement SWFT \u00e0 double ventilateur<\/span><\/li>\n<li class=\"a-spacing-mini\"><span class=\"a-list-item\">Boost Clock : jusqu&#8217;\u00e0 2655 MHz<\/span><\/li>\n<li class=\"a-spacing-mini\"><\/li>\n<\/ul>\n","protected":false},"featured_media":7793,"comment_status":"open","ping_status":"closed","template":"","meta":[],"product_brand":[],"product_cat":[64],"product_tag":[83,82],"class_list":{"0":"post-7794","1":"product","2":"type-product","3":"status-publish","4":"has-post-thumbnail","6":"product_cat-carte-graphique","7":"product_tag-amd","8":"product_tag-carte-graphique","10":"first","11":"instock","12":"shipping-taxable","13":"purchasable","14":"product-type-simple"},"yoast_head":"<!-- This site is optimized with the Yoast SEO plugin v26.4 - https:\/\/yoast.com\/wordpress\/plugins\/seo\/ -->\n<title>XFX Speedster SWFT210 Radeon RX 7600 Carte graphique blanche avec 8 Go GDDR6 HDMI 3 x DP, AMD RDNA 3 RX-76PSWFTWY - ProPlaystore<\/title>\n<meta name=\"robots\" content=\"index, follow, max-snippet:-1, max-image-preview:large, max-video-preview:-1\" \/>\n<link rel=\"canonical\" href=\"https:\/\/proplaystore.lu\/index.php\/produit\/xfx-speedster-swft210-radeon-rx-7600-carte-graphique-blanche-avec-8-go-gddr6-hdmi-3-x-dp-amd-rdna-3-rx-76pswftwy\/\" \/>\n<meta property=\"og:locale\" content=\"en_US\" \/>\n<meta property=\"og:type\" content=\"article\" \/>\n<meta property=\"og:title\" content=\"XFX Speedster SWFT210 Radeon RX 7600 Carte graphique blanche avec 8 Go GDDR6 HDMI 3 x DP, AMD RDNA 3 RX-76PSWFTWY - ProPlaystore\" \/>\n<meta property=\"og:description\" content=\"Chipset : AMD RX 7600  M\u00e9moire : 8 Go GDDR6  XFX Solution de refroidissement SWFT \u00e0 double ventilateur  Boost Clock : jusqu&#039;\u00e0 2655 MHz\" \/>\n<meta property=\"og:url\" content=\"https:\/\/proplaystore.lu\/index.php\/produit\/xfx-speedster-swft210-radeon-rx-7600-carte-graphique-blanche-avec-8-go-gddr6-hdmi-3-x-dp-amd-rdna-3-rx-76pswftwy\/\" \/>\n<meta property=\"og:site_name\" content=\"ProPlaystore\" \/>\n<meta property=\"article:modified_time\" content=\"2025-08-19T07:57:55+00:00\" \/>\n<meta property=\"og:image\" content=\"https:\/\/proplaystore.lu\/wp-content\/uploads\/2025\/08\/6102GYZelLL._AC_SX300_SY300_QL70_ML2_.jpg\" \/>\n\t<meta property=\"og:image:width\" content=\"258\" \/>\n\t<meta property=\"og:image:height\" content=\"300\" \/>\n\t<meta property=\"og:image:type\" content=\"image\/jpeg\" \/>\n<meta name=\"twitter:card\" content=\"summary_large_image\" \/>\n<meta name=\"twitter:label1\" content=\"Est. reading time\" \/>\n\t<meta name=\"twitter:data1\" content=\"1 minute\" \/>\n<script type=\"application\/ld+json\" class=\"yoast-schema-graph\">{\"@context\":\"https:\/\/schema.org\",\"@graph\":[{\"@type\":\"WebPage\",\"@id\":\"https:\/\/proplaystore.lu\/index.php\/produit\/xfx-speedster-swft210-radeon-rx-7600-carte-graphique-blanche-avec-8-go-gddr6-hdmi-3-x-dp-amd-rdna-3-rx-76pswftwy\/\",\"url\":\"https:\/\/proplaystore.lu\/index.php\/produit\/xfx-speedster-swft210-radeon-rx-7600-carte-graphique-blanche-avec-8-go-gddr6-hdmi-3-x-dp-amd-rdna-3-rx-76pswftwy\/\",\"name\":\"XFX Speedster SWFT210 Radeon RX 7600 Carte graphique blanche avec 8 Go GDDR6 HDMI 3 x DP, AMD RDNA 3 RX-76PSWFTWY - ProPlaystore\",\"isPartOf\":{\"@id\":\"https:\/\/proplaystore.lu\/#website\"},\"primaryImageOfPage\":{\"@id\":\"https:\/\/proplaystore.lu\/index.php\/produit\/xfx-speedster-swft210-radeon-rx-7600-carte-graphique-blanche-avec-8-go-gddr6-hdmi-3-x-dp-amd-rdna-3-rx-76pswftwy\/#primaryimage\"},\"image\":{\"@id\":\"https:\/\/proplaystore.lu\/index.php\/produit\/xfx-speedster-swft210-radeon-rx-7600-carte-graphique-blanche-avec-8-go-gddr6-hdmi-3-x-dp-amd-rdna-3-rx-76pswftwy\/#primaryimage\"},\"thumbnailUrl\":\"https:\/\/proplaystore.lu\/wp-content\/uploads\/2025\/08\/6102GYZelLL._AC_SX300_SY300_QL70_ML2_.jpg\",\"datePublished\":\"2025-08-17T21:56:43+00:00\",\"dateModified\":\"2025-08-19T07:57:55+00:00\",\"breadcrumb\":{\"@id\":\"https:\/\/proplaystore.lu\/index.php\/produit\/xfx-speedster-swft210-radeon-rx-7600-carte-graphique-blanche-avec-8-go-gddr6-hdmi-3-x-dp-amd-rdna-3-rx-76pswftwy\/#breadcrumb\"},\"inLanguage\":\"en-US\",\"potentialAction\":[{\"@type\":\"ReadAction\",\"target\":[\"https:\/\/proplaystore.lu\/index.php\/produit\/xfx-speedster-swft210-radeon-rx-7600-carte-graphique-blanche-avec-8-go-gddr6-hdmi-3-x-dp-amd-rdna-3-rx-76pswftwy\/\"]}]},{\"@type\":\"ImageObject\",\"inLanguage\":\"en-US\",\"@id\":\"https:\/\/proplaystore.lu\/index.php\/produit\/xfx-speedster-swft210-radeon-rx-7600-carte-graphique-blanche-avec-8-go-gddr6-hdmi-3-x-dp-amd-rdna-3-rx-76pswftwy\/#primaryimage\",\"url\":\"https:\/\/proplaystore.lu\/wp-content\/uploads\/2025\/08\/6102GYZelLL._AC_SX300_SY300_QL70_ML2_.jpg\",\"contentUrl\":\"https:\/\/proplaystore.lu\/wp-content\/uploads\/2025\/08\/6102GYZelLL._AC_SX300_SY300_QL70_ML2_.jpg\",\"width\":258,\"height\":300},{\"@type\":\"BreadcrumbList\",\"@id\":\"https:\/\/proplaystore.lu\/index.php\/produit\/xfx-speedster-swft210-radeon-rx-7600-carte-graphique-blanche-avec-8-go-gddr6-hdmi-3-x-dp-amd-rdna-3-rx-76pswftwy\/#breadcrumb\",\"itemListElement\":[{\"@type\":\"ListItem\",\"position\":1,\"name\":\"Accueil\",\"item\":\"https:\/\/proplaystore.lu\/\"},{\"@type\":\"ListItem\",\"position\":2,\"name\":\"Shop\",\"item\":\"https:\/\/proplaystore.lu\/index.php\/shop\/\"},{\"@type\":\"ListItem\",\"position\":3,\"name\":\"XFX Speedster SWFT210 Radeon RX 7600 Carte graphique blanche avec 8 Go GDDR6 HDMI 3 x DP, AMD RDNA 3 RX-76PSWFTWY\"}]},{\"@type\":\"WebSite\",\"@id\":\"https:\/\/proplaystore.lu\/#website\",\"url\":\"https:\/\/proplaystore.lu\/\",\"name\":\"ProPlaystore\",\"description\":\"proplaysre\",\"potentialAction\":[{\"@type\":\"SearchAction\",\"target\":{\"@type\":\"EntryPoint\",\"urlTemplate\":\"https:\/\/proplaystore.lu\/?s={search_term_string}\"},\"query-input\":{\"@type\":\"PropertyValueSpecification\",\"valueRequired\":true,\"valueName\":\"search_term_string\"}}],\"inLanguage\":\"en-US\"}]}<\/script>\n<!-- \/ Yoast SEO plugin. -->","yoast_head_json":{"title":"XFX Speedster SWFT210 Radeon RX 7600 Carte graphique blanche avec 8 Go GDDR6 HDMI 3 x DP, AMD RDNA 3 RX-76PSWFTWY - ProPlaystore","robots":{"index":"index","follow":"follow","max-snippet":"max-snippet:-1","max-image-preview":"max-image-preview:large","max-video-preview":"max-video-preview:-1"},"canonical":"https:\/\/proplaystore.lu\/index.php\/produit\/xfx-speedster-swft210-radeon-rx-7600-carte-graphique-blanche-avec-8-go-gddr6-hdmi-3-x-dp-amd-rdna-3-rx-76pswftwy\/","og_locale":"en_US","og_type":"article","og_title":"XFX Speedster SWFT210 Radeon RX 7600 Carte graphique blanche avec 8 Go GDDR6 HDMI 3 x DP, AMD RDNA 3 RX-76PSWFTWY - ProPlaystore","og_description":"Chipset : AMD RX 7600  M\u00e9moire : 8 Go GDDR6  XFX Solution de refroidissement SWFT \u00e0 double ventilateur  Boost Clock : jusqu'\u00e0 2655 MHz","og_url":"https:\/\/proplaystore.lu\/index.php\/produit\/xfx-speedster-swft210-radeon-rx-7600-carte-graphique-blanche-avec-8-go-gddr6-hdmi-3-x-dp-amd-rdna-3-rx-76pswftwy\/","og_site_name":"ProPlaystore","article_modified_time":"2025-08-19T07:57:55+00:00","og_image":[{"width":258,"height":300,"url":"https:\/\/proplaystore.lu\/wp-content\/uploads\/2025\/08\/6102GYZelLL._AC_SX300_SY300_QL70_ML2_.jpg","type":"image\/jpeg"}],"twitter_card":"summary_large_image","twitter_misc":{"Est. reading time":"1 minute"},"schema":{"@context":"https:\/\/schema.org","@graph":[{"@type":"WebPage","@id":"https:\/\/proplaystore.lu\/index.php\/produit\/xfx-speedster-swft210-radeon-rx-7600-carte-graphique-blanche-avec-8-go-gddr6-hdmi-3-x-dp-amd-rdna-3-rx-76pswftwy\/","url":"https:\/\/proplaystore.lu\/index.php\/produit\/xfx-speedster-swft210-radeon-rx-7600-carte-graphique-blanche-avec-8-go-gddr6-hdmi-3-x-dp-amd-rdna-3-rx-76pswftwy\/","name":"XFX Speedster SWFT210 Radeon RX 7600 Carte graphique blanche avec 8 Go GDDR6 HDMI 3 x DP, AMD RDNA 3 RX-76PSWFTWY - ProPlaystore","isPartOf":{"@id":"https:\/\/proplaystore.lu\/#website"},"primaryImageOfPage":{"@id":"https:\/\/proplaystore.lu\/index.php\/produit\/xfx-speedster-swft210-radeon-rx-7600-carte-graphique-blanche-avec-8-go-gddr6-hdmi-3-x-dp-amd-rdna-3-rx-76pswftwy\/#primaryimage"},"image":{"@id":"https:\/\/proplaystore.lu\/index.php\/produit\/xfx-speedster-swft210-radeon-rx-7600-carte-graphique-blanche-avec-8-go-gddr6-hdmi-3-x-dp-amd-rdna-3-rx-76pswftwy\/#primaryimage"},"thumbnailUrl":"https:\/\/proplaystore.lu\/wp-content\/uploads\/2025\/08\/6102GYZelLL._AC_SX300_SY300_QL70_ML2_.jpg","datePublished":"2025-08-17T21:56:43+00:00","dateModified":"2025-08-19T07:57:55+00:00","breadcrumb":{"@id":"https:\/\/proplaystore.lu\/index.php\/produit\/xfx-speedster-swft210-radeon-rx-7600-carte-graphique-blanche-avec-8-go-gddr6-hdmi-3-x-dp-amd-rdna-3-rx-76pswftwy\/#breadcrumb"},"inLanguage":"en-US","potentialAction":[{"@type":"ReadAction","target":["https:\/\/proplaystore.lu\/index.php\/produit\/xfx-speedster-swft210-radeon-rx-7600-carte-graphique-blanche-avec-8-go-gddr6-hdmi-3-x-dp-amd-rdna-3-rx-76pswftwy\/"]}]},{"@type":"ImageObject","inLanguage":"en-US","@id":"https:\/\/proplaystore.lu\/index.php\/produit\/xfx-speedster-swft210-radeon-rx-7600-carte-graphique-blanche-avec-8-go-gddr6-hdmi-3-x-dp-amd-rdna-3-rx-76pswftwy\/#primaryimage","url":"https:\/\/proplaystore.lu\/wp-content\/uploads\/2025\/08\/6102GYZelLL._AC_SX300_SY300_QL70_ML2_.jpg","contentUrl":"https:\/\/proplaystore.lu\/wp-content\/uploads\/2025\/08\/6102GYZelLL._AC_SX300_SY300_QL70_ML2_.jpg","width":258,"height":300},{"@type":"BreadcrumbList","@id":"https:\/\/proplaystore.lu\/index.php\/produit\/xfx-speedster-swft210-radeon-rx-7600-carte-graphique-blanche-avec-8-go-gddr6-hdmi-3-x-dp-amd-rdna-3-rx-76pswftwy\/#breadcrumb","itemListElement":[{"@type":"ListItem","position":1,"name":"Accueil","item":"https:\/\/proplaystore.lu\/"},{"@type":"ListItem","position":2,"name":"Shop","item":"https:\/\/proplaystore.lu\/index.php\/shop\/"},{"@type":"ListItem","position":3,"name":"XFX Speedster SWFT210 Radeon RX 7600 Carte graphique blanche avec 8 Go GDDR6 HDMI 3 x DP, AMD RDNA 3 RX-76PSWFTWY"}]},{"@type":"WebSite","@id":"https:\/\/proplaystore.lu\/#website","url":"https:\/\/proplaystore.lu\/","name":"ProPlaystore","description":"proplaysre","potentialAction":[{"@type":"SearchAction","target":{"@type":"EntryPoint","urlTemplate":"https:\/\/proplaystore.lu\/?s={search_term_string}"},"query-input":{"@type":"PropertyValueSpecification","valueRequired":true,"valueName":"search_term_string"}}],"inLanguage":"en-US"}]}},"_links":{"self":[{"href":"https:\/\/proplaystore.lu\/index.php\/wp-json\/wp\/v2\/product\/7794","targetHints":{"allow":["GET"]}}],"collection":[{"href":"https:\/\/proplaystore.lu\/index.php\/wp-json\/wp\/v2\/product"}],"about":[{"href":"https:\/\/proplaystore.lu\/index.php\/wp-json\/wp\/v2\/types\/product"}],"replies":[{"embeddable":true,"href":"https:\/\/proplaystore.lu\/index.php\/wp-json\/wp\/v2\/comments?post=7794"}],"wp:featuredmedia":[{"embeddable":true,"href":"https:\/\/proplaystore.lu\/index.php\/wp-json\/wp\/v2\/media\/7793"}],"wp:attachment":[{"href":"https:\/\/proplaystore.lu\/index.php\/wp-json\/wp\/v2\/media?parent=7794"}],"wp:term":[{"taxonomy":"product_brand","embeddable":true,"href":"https:\/\/proplaystore.lu\/index.php\/wp-json\/wp\/v2\/product_brand?post=7794"},{"taxonomy":"product_cat","embeddable":true,"href":"https:\/\/proplaystore.lu\/index.php\/wp-json\/wp\/v2\/product_cat?post=7794"},{"taxonomy":"product_tag","embeddable":true,"href":"https:\/\/proplaystore.lu\/index.php\/wp-json\/wp\/v2\/product_tag?post=7794"}],"curies":[{"name":"wp","href":"https:\/\/api.w.org\/{rel}","templated":true}]}}