{"id":7795,"date":"2025-08-17T21:58:10","date_gmt":"2025-08-17T21:58:10","guid":{"rendered":"https:\/\/proplaystore.lu\/?post_type=product&#038;p=7795"},"modified":"2025-08-19T07:49:31","modified_gmt":"2025-08-19T07:49:31","slug":"asus-dual-nvidia-geforce-rtx-3060-v2-oc-edition-12gb-gddr6-carte-graphique-gaming-pcie-4-0-12gb-hdmi-2-1-displayport-1-4a-2-slot-ventilateurs-axiaux-0db-technologie","status":"publish","type":"product","link":"https:\/\/proplaystore.lu\/index.php\/produit\/asus-dual-nvidia-geforce-rtx-3060-v2-oc-edition-12gb-gddr6-carte-graphique-gaming-pcie-4-0-12gb-hdmi-2-1-displayport-1-4a-2-slot-ventilateurs-axiaux-0db-technologie\/","title":{"rendered":"ASUS DUAL NVIDIA GeForce RTX 3060 V2 OC Edition 12GB GDDR6 \u2013 Carte Graphique Gaming (PCIe 4.0, 12GB, HDMI 2.1, DisplayPort 1.4a, 2-slot, ventilateurs axiaux, 0dB technologie)"},"content":{"rendered":"<h2 data-start=\"1558\" data-end=\"1580\"><strong data-start=\"1561\" data-end=\"1580\">Fiche technique<\/strong><\/h2>\n<table class=\"a-normal a-spacing-micro\" role=\"list\">\n<tbody>\n<tr class=\"a-spacing-small po-graphics_coprocessor\" role=\"listitem\">\n<td class=\"a-span3\" role=\"presentation\"><span class=\"a-size-base a-text-bold\">Coprocesseur graphique<\/span><\/td>\n<td class=\"a-span9\" role=\"presentation\"><span class=\"a-size-base po-break-word\">NVIDIA GeForce RTX 3060<\/span><\/td>\n<\/tr>\n<tr class=\"a-spacing-small po-brand\" role=\"listitem\">\n<td class=\"a-span3\" role=\"presentation\"><span class=\"a-size-base a-text-bold\">Marque<\/span><\/td>\n<td class=\"a-span9\" role=\"presentation\"><span class=\"a-size-base po-break-word\">ASUS<\/span><\/td>\n<\/tr>\n<tr class=\"a-spacing-small po-graphics_ram.size\" role=\"listitem\">\n<td class=\"a-span3\" role=\"presentation\"><span class=\"a-size-base a-text-bold\">Taille de la RAM graphique<\/span><\/td>\n<td class=\"a-span9\" role=\"presentation\"><span class=\"a-size-base po-break-word\">12 Go<\/span><\/td>\n<\/tr>\n<tr class=\"a-spacing-small po-video_output_interface\" role=\"listitem\">\n<td class=\"a-span3\" role=\"presentation\"><span class=\"a-size-base a-text-bold\">Interface de sortie vid\u00e9o<\/span><\/td>\n<td class=\"a-span9\" role=\"presentation\"><span class=\"a-size-base po-break-word\">DisplayPort<\/span><\/td>\n<\/tr>\n<tr class=\"a-spacing-small po-graphics_processor_manufacturer\" role=\"listitem\">\n<td class=\"a-span3\" role=\"presentation\"><span class=\"a-size-base a-text-bold\">Fabricant de processeurs graphiques<\/span><\/td>\n<td class=\"a-span9\" role=\"presentation\"><span class=\"a-size-base po-break-word\">NVIDIA<\/span><\/td>\n<\/tr>\n<tr class=\"a-spacing-small po-graphics_ram.type\" role=\"listitem\">\n<td class=\"a-span3\" role=\"presentation\"><span class=\"a-size-base a-text-bold\">Type de RAM graphique<\/span><\/td>\n<td class=\"a-span9\" role=\"presentation\"><span class=\"a-size-base po-break-word\">M\u00e9moire GDDR6<\/span><\/td>\n<\/tr>\n<tr class=\"a-spacing-small po-recommended_uses_for_product\" role=\"listitem\">\n<td class=\"a-span3\" role=\"presentation\"><span class=\"a-size-base a-text-bold\">Usages recommand\u00e9s pour le produit<\/span><\/td>\n<td class=\"a-span9\" role=\"presentation\"><span class=\"a-size-base po-break-word\">Jeu<\/span><\/td>\n<\/tr>\n<tr class=\"a-spacing-small po-included_components\" role=\"listitem\">\n<td class=\"a-span3\" role=\"presentation\"><span class=\"a-size-base a-text-bold\">Composants inclus<\/span><\/td>\n<td class=\"a-span9\" role=\"presentation\"><span class=\"a-size-base po-break-word\">NVIDIA Dual DUAL-RTX3060-O12G-V2; Manuel d&#8217;utilisation<\/span><\/td>\n<\/tr>\n<tr class=\"a-spacing-small po-compatible_devices\" role=\"listitem\">\n<td class=\"a-span3\" role=\"presentation\"><span class=\"a-size-base a-text-bold\">Appareils compatibles<\/span><\/td>\n<td class=\"a-span9\" role=\"presentation\"><span class=\"a-size-base po-break-word\">Ordinateur de bureau<\/span><\/td>\n<\/tr>\n<tr class=\"a-spacing-small po-display.resolution_maximum\" role=\"listitem\">\n<td class=\"a-span3\" role=\"presentation\"><span class=\"a-size-base a-text-bold\">R\u00e9solution d&#8217;affichage maximale<\/span><\/td>\n<td class=\"a-span9\" role=\"presentation\"><span class=\"a-size-base po-break-word\">7680 x 4320 pixels<\/span><\/td>\n<\/tr>\n<\/tbody>\n<\/table>\n<p>&nbsp;<\/p>\n<p>&nbsp;<\/p>\n<p>&nbsp;<\/p>\n<p>&nbsp;<\/p>\n<p>&nbsp;<\/p>\n<p>&nbsp;<\/p>\n<p>&nbsp;<\/p>\n<p>&nbsp;<\/p>\n","protected":false},"excerpt":{"rendered":"<ul class=\"a-unordered-list a-vertical a-spacing-mini\">\n<li class=\"a-spacing-mini\"><span class=\"a-list-item\">Nouveaux multiprocesseurs de streaming NVIDIA Ampere : Indispensables pour la cr\u00e9ation du GPU le plus rapide et le plus performant au monde, ils multiplient par deux le d\u00e9bit en FP32 et am\u00e9liorent l\u2019efficience \u00e9nerg\u00e9tique du GPU<\/span><\/li>\n<li class=\"a-spacing-mini\"><span class=\"a-list-item\">C\u0153urs RT de deuxi\u00e8me g\u00e9n\u00e9ration : Les nouveaux c\u0153urs RT offrent un rendement multipli\u00e9 par deux en comparaison avec ceux de la 1e g\u00e9n\u00e9ration, ainsi que des fonctions simultan\u00e9es de ray tracing et de shading pour des performances in\u00e9dites<\/span><\/li>\n<li class=\"a-spacing-mini\"><span class=\"a-list-item\">C\u0153urs Tensor de troisi\u00e8me g\u00e9n\u00e9ration : Les nouveaux c\u0153urs Tensor offrent un rendement multipli\u00e9 par deux avec l\u2019aide d\u2019une matrice dite clairsem\u00e9e et d\u2019algorithmes avanc\u00e9s d\u2019Intelligence Artificielle tels que la technologie DLSS.<\/span><\/li>\n<li class=\"a-spacing-mini\"><span class=\"a-list-item\">D\u00e9sormais compatibles avec les r\u00e9solutions 8K, ces c\u0153urs boostent consid\u00e9rablement les performances gaming tout en proposant des technologies d\u2019IA in\u00e9dites<\/span><\/li>\n<li class=\"a-spacing-mini\"><span class=\"a-list-item\">Ventilateur axial : nouvelle technologie avec ventilateur central \u00e0 direction invers\u00e9e pour r\u00e9duire les turbulences<\/span><\/li>\n<li class=\"a-spacing-mini\"><span class=\"a-list-item\">Slot de 2\u2019\u2019 : agrandissement de la surface de refroidissement pour renforcer la puissance du double ventilateur axial<\/span><\/li>\n<\/ul>\n","protected":false},"featured_media":7797,"comment_status":"open","ping_status":"closed","template":"","meta":[],"product_brand":[],"product_cat":[64],"product_tag":[83,82],"class_list":{"0":"post-7795","1":"product","2":"type-product","3":"status-publish","4":"has-post-thumbnail","6":"product_cat-carte-graphique","7":"product_tag-amd","8":"product_tag-carte-graphique","10":"first","11":"instock","12":"shipping-taxable","13":"purchasable","14":"product-type-simple"},"yoast_head":"<!-- This site is optimized with the Yoast SEO plugin v26.4 - https:\/\/yoast.com\/wordpress\/plugins\/seo\/ -->\n<title>ASUS DUAL NVIDIA GeForce RTX 3060 V2 OC Edition 12GB GDDR6 \u2013 Carte Graphique Gaming (PCIe 4.0, 12GB, HDMI 2.1, DisplayPort 1.4a, 2-slot, ventilateurs axiaux, 0dB technologie) - ProPlaystore<\/title>\n<meta name=\"robots\" content=\"index, follow, max-snippet:-1, max-image-preview:large, max-video-preview:-1\" \/>\n<link rel=\"canonical\" href=\"https:\/\/proplaystore.lu\/index.php\/produit\/asus-dual-nvidia-geforce-rtx-3060-v2-oc-edition-12gb-gddr6-carte-graphique-gaming-pcie-4-0-12gb-hdmi-2-1-displayport-1-4a-2-slot-ventilateurs-axiaux-0db-technologie\/\" \/>\n<meta property=\"og:locale\" content=\"en_US\" \/>\n<meta property=\"og:type\" content=\"article\" \/>\n<meta property=\"og:title\" content=\"ASUS DUAL NVIDIA GeForce RTX 3060 V2 OC Edition 12GB GDDR6 \u2013 Carte Graphique Gaming (PCIe 4.0, 12GB, HDMI 2.1, DisplayPort 1.4a, 2-slot, ventilateurs axiaux, 0dB technologie) - ProPlaystore\" \/>\n<meta property=\"og:description\" content=\"Nouveaux multiprocesseurs de streaming NVIDIA Ampere : Indispensables pour la cr\u00e9ation du GPU le plus rapide et le plus performant au monde, ils multiplient par deux le d\u00e9bit en FP32 et am\u00e9liorent l\u2019efficience \u00e9nerg\u00e9tique du GPU  C\u0153urs RT de deuxi\u00e8me g\u00e9n\u00e9ration : Les nouveaux c\u0153urs RT offrent un rendement multipli\u00e9 par deux en comparaison avec ceux de la 1e g\u00e9n\u00e9ration, ainsi que des fonctions simultan\u00e9es de ray tracing et de shading pour des performances in\u00e9dites  C\u0153urs Tensor de troisi\u00e8me g\u00e9n\u00e9ration : Les nouveaux c\u0153urs Tensor offrent un rendement multipli\u00e9 par deux avec l\u2019aide d\u2019une matrice dite clairsem\u00e9e et d\u2019algorithmes avanc\u00e9s d\u2019Intelligence Artificielle tels que la technologie DLSS.  D\u00e9sormais compatibles avec les r\u00e9solutions 8K, ces c\u0153urs boostent consid\u00e9rablement les performances gaming tout en proposant des technologies d\u2019IA in\u00e9dites  Ventilateur axial : nouvelle technologie avec ventilateur central \u00e0 direction invers\u00e9e pour r\u00e9duire les turbulences  Slot de 2\u2019\u2019 : agrandissement de la surface de refroidissement pour renforcer la puissance du double ventilateur axial\" \/>\n<meta property=\"og:url\" content=\"https:\/\/proplaystore.lu\/index.php\/produit\/asus-dual-nvidia-geforce-rtx-3060-v2-oc-edition-12gb-gddr6-carte-graphique-gaming-pcie-4-0-12gb-hdmi-2-1-displayport-1-4a-2-slot-ventilateurs-axiaux-0db-technologie\/\" \/>\n<meta property=\"og:site_name\" content=\"ProPlaystore\" \/>\n<meta property=\"article:modified_time\" content=\"2025-08-19T07:49:31+00:00\" \/>\n<meta property=\"og:image\" content=\"https:\/\/proplaystore.lu\/wp-content\/uploads\/2025\/08\/71hoPufXoDL._AC_SY450_.jpg\" \/>\n\t<meta property=\"og:image:width\" content=\"398\" \/>\n\t<meta property=\"og:image:height\" content=\"450\" \/>\n\t<meta property=\"og:image:type\" content=\"image\/jpeg\" \/>\n<meta name=\"twitter:card\" content=\"summary_large_image\" \/>\n<meta name=\"twitter:label1\" content=\"Est. reading time\" \/>\n\t<meta name=\"twitter:data1\" content=\"1 minute\" \/>\n<script type=\"application\/ld+json\" class=\"yoast-schema-graph\">{\"@context\":\"https:\/\/schema.org\",\"@graph\":[{\"@type\":\"WebPage\",\"@id\":\"https:\/\/proplaystore.lu\/index.php\/produit\/asus-dual-nvidia-geforce-rtx-3060-v2-oc-edition-12gb-gddr6-carte-graphique-gaming-pcie-4-0-12gb-hdmi-2-1-displayport-1-4a-2-slot-ventilateurs-axiaux-0db-technologie\/\",\"url\":\"https:\/\/proplaystore.lu\/index.php\/produit\/asus-dual-nvidia-geforce-rtx-3060-v2-oc-edition-12gb-gddr6-carte-graphique-gaming-pcie-4-0-12gb-hdmi-2-1-displayport-1-4a-2-slot-ventilateurs-axiaux-0db-technologie\/\",\"name\":\"ASUS DUAL NVIDIA GeForce RTX 3060 V2 OC Edition 12GB GDDR6 \u2013 Carte Graphique Gaming (PCIe 4.0, 12GB, HDMI 2.1, DisplayPort 1.4a, 2-slot, ventilateurs axiaux, 0dB technologie) - ProPlaystore\",\"isPartOf\":{\"@id\":\"https:\/\/proplaystore.lu\/#website\"},\"primaryImageOfPage\":{\"@id\":\"https:\/\/proplaystore.lu\/index.php\/produit\/asus-dual-nvidia-geforce-rtx-3060-v2-oc-edition-12gb-gddr6-carte-graphique-gaming-pcie-4-0-12gb-hdmi-2-1-displayport-1-4a-2-slot-ventilateurs-axiaux-0db-technologie\/#primaryimage\"},\"image\":{\"@id\":\"https:\/\/proplaystore.lu\/index.php\/produit\/asus-dual-nvidia-geforce-rtx-3060-v2-oc-edition-12gb-gddr6-carte-graphique-gaming-pcie-4-0-12gb-hdmi-2-1-displayport-1-4a-2-slot-ventilateurs-axiaux-0db-technologie\/#primaryimage\"},\"thumbnailUrl\":\"https:\/\/proplaystore.lu\/wp-content\/uploads\/2025\/08\/71hoPufXoDL._AC_SY450_.jpg\",\"datePublished\":\"2025-08-17T21:58:10+00:00\",\"dateModified\":\"2025-08-19T07:49:31+00:00\",\"breadcrumb\":{\"@id\":\"https:\/\/proplaystore.lu\/index.php\/produit\/asus-dual-nvidia-geforce-rtx-3060-v2-oc-edition-12gb-gddr6-carte-graphique-gaming-pcie-4-0-12gb-hdmi-2-1-displayport-1-4a-2-slot-ventilateurs-axiaux-0db-technologie\/#breadcrumb\"},\"inLanguage\":\"en-US\",\"potentialAction\":[{\"@type\":\"ReadAction\",\"target\":[\"https:\/\/proplaystore.lu\/index.php\/produit\/asus-dual-nvidia-geforce-rtx-3060-v2-oc-edition-12gb-gddr6-carte-graphique-gaming-pcie-4-0-12gb-hdmi-2-1-displayport-1-4a-2-slot-ventilateurs-axiaux-0db-technologie\/\"]}]},{\"@type\":\"ImageObject\",\"inLanguage\":\"en-US\",\"@id\":\"https:\/\/proplaystore.lu\/index.php\/produit\/asus-dual-nvidia-geforce-rtx-3060-v2-oc-edition-12gb-gddr6-carte-graphique-gaming-pcie-4-0-12gb-hdmi-2-1-displayport-1-4a-2-slot-ventilateurs-axiaux-0db-technologie\/#primaryimage\",\"url\":\"https:\/\/proplaystore.lu\/wp-content\/uploads\/2025\/08\/71hoPufXoDL._AC_SY450_.jpg\",\"contentUrl\":\"https:\/\/proplaystore.lu\/wp-content\/uploads\/2025\/08\/71hoPufXoDL._AC_SY450_.jpg\",\"width\":398,\"height\":450},{\"@type\":\"BreadcrumbList\",\"@id\":\"https:\/\/proplaystore.lu\/index.php\/produit\/asus-dual-nvidia-geforce-rtx-3060-v2-oc-edition-12gb-gddr6-carte-graphique-gaming-pcie-4-0-12gb-hdmi-2-1-displayport-1-4a-2-slot-ventilateurs-axiaux-0db-technologie\/#breadcrumb\",\"itemListElement\":[{\"@type\":\"ListItem\",\"position\":1,\"name\":\"Accueil\",\"item\":\"https:\/\/proplaystore.lu\/\"},{\"@type\":\"ListItem\",\"position\":2,\"name\":\"Shop\",\"item\":\"https:\/\/proplaystore.lu\/index.php\/shop\/\"},{\"@type\":\"ListItem\",\"position\":3,\"name\":\"ASUS DUAL NVIDIA GeForce RTX 3060 V2 OC Edition 12GB GDDR6 \u2013 Carte Graphique Gaming (PCIe 4.0, 12GB, HDMI 2.1, DisplayPort 1.4a, 2-slot, ventilateurs axiaux, 0dB technologie)\"}]},{\"@type\":\"WebSite\",\"@id\":\"https:\/\/proplaystore.lu\/#website\",\"url\":\"https:\/\/proplaystore.lu\/\",\"name\":\"ProPlaystore\",\"description\":\"proplaysre\",\"potentialAction\":[{\"@type\":\"SearchAction\",\"target\":{\"@type\":\"EntryPoint\",\"urlTemplate\":\"https:\/\/proplaystore.lu\/?s={search_term_string}\"},\"query-input\":{\"@type\":\"PropertyValueSpecification\",\"valueRequired\":true,\"valueName\":\"search_term_string\"}}],\"inLanguage\":\"en-US\"}]}<\/script>\n<!-- \/ Yoast SEO plugin. -->","yoast_head_json":{"title":"ASUS DUAL NVIDIA GeForce RTX 3060 V2 OC Edition 12GB GDDR6 \u2013 Carte Graphique Gaming (PCIe 4.0, 12GB, HDMI 2.1, DisplayPort 1.4a, 2-slot, ventilateurs axiaux, 0dB technologie) - ProPlaystore","robots":{"index":"index","follow":"follow","max-snippet":"max-snippet:-1","max-image-preview":"max-image-preview:large","max-video-preview":"max-video-preview:-1"},"canonical":"https:\/\/proplaystore.lu\/index.php\/produit\/asus-dual-nvidia-geforce-rtx-3060-v2-oc-edition-12gb-gddr6-carte-graphique-gaming-pcie-4-0-12gb-hdmi-2-1-displayport-1-4a-2-slot-ventilateurs-axiaux-0db-technologie\/","og_locale":"en_US","og_type":"article","og_title":"ASUS DUAL NVIDIA GeForce RTX 3060 V2 OC Edition 12GB GDDR6 \u2013 Carte Graphique Gaming (PCIe 4.0, 12GB, HDMI 2.1, DisplayPort 1.4a, 2-slot, ventilateurs axiaux, 0dB technologie) - ProPlaystore","og_description":"Nouveaux multiprocesseurs de streaming NVIDIA Ampere : Indispensables pour la cr\u00e9ation du GPU le plus rapide et le plus performant au monde, ils multiplient par deux le d\u00e9bit en FP32 et am\u00e9liorent l\u2019efficience \u00e9nerg\u00e9tique du GPU  C\u0153urs RT de deuxi\u00e8me g\u00e9n\u00e9ration : Les nouveaux c\u0153urs RT offrent un rendement multipli\u00e9 par deux en comparaison avec ceux de la 1e g\u00e9n\u00e9ration, ainsi que des fonctions simultan\u00e9es de ray tracing et de shading pour des performances in\u00e9dites  C\u0153urs Tensor de troisi\u00e8me g\u00e9n\u00e9ration : Les nouveaux c\u0153urs Tensor offrent un rendement multipli\u00e9 par deux avec l\u2019aide d\u2019une matrice dite clairsem\u00e9e et d\u2019algorithmes avanc\u00e9s d\u2019Intelligence Artificielle tels que la technologie DLSS.  D\u00e9sormais compatibles avec les r\u00e9solutions 8K, ces c\u0153urs boostent consid\u00e9rablement les performances gaming tout en proposant des technologies d\u2019IA in\u00e9dites  Ventilateur axial : nouvelle technologie avec ventilateur central \u00e0 direction invers\u00e9e pour r\u00e9duire les turbulences  Slot de 2\u2019\u2019 : agrandissement de la surface de refroidissement pour renforcer la puissance du double ventilateur axial","og_url":"https:\/\/proplaystore.lu\/index.php\/produit\/asus-dual-nvidia-geforce-rtx-3060-v2-oc-edition-12gb-gddr6-carte-graphique-gaming-pcie-4-0-12gb-hdmi-2-1-displayport-1-4a-2-slot-ventilateurs-axiaux-0db-technologie\/","og_site_name":"ProPlaystore","article_modified_time":"2025-08-19T07:49:31+00:00","og_image":[{"width":398,"height":450,"url":"https:\/\/proplaystore.lu\/wp-content\/uploads\/2025\/08\/71hoPufXoDL._AC_SY450_.jpg","type":"image\/jpeg"}],"twitter_card":"summary_large_image","twitter_misc":{"Est. reading time":"1 minute"},"schema":{"@context":"https:\/\/schema.org","@graph":[{"@type":"WebPage","@id":"https:\/\/proplaystore.lu\/index.php\/produit\/asus-dual-nvidia-geforce-rtx-3060-v2-oc-edition-12gb-gddr6-carte-graphique-gaming-pcie-4-0-12gb-hdmi-2-1-displayport-1-4a-2-slot-ventilateurs-axiaux-0db-technologie\/","url":"https:\/\/proplaystore.lu\/index.php\/produit\/asus-dual-nvidia-geforce-rtx-3060-v2-oc-edition-12gb-gddr6-carte-graphique-gaming-pcie-4-0-12gb-hdmi-2-1-displayport-1-4a-2-slot-ventilateurs-axiaux-0db-technologie\/","name":"ASUS DUAL NVIDIA GeForce RTX 3060 V2 OC Edition 12GB GDDR6 \u2013 Carte Graphique Gaming (PCIe 4.0, 12GB, HDMI 2.1, DisplayPort 1.4a, 2-slot, ventilateurs axiaux, 0dB technologie) - ProPlaystore","isPartOf":{"@id":"https:\/\/proplaystore.lu\/#website"},"primaryImageOfPage":{"@id":"https:\/\/proplaystore.lu\/index.php\/produit\/asus-dual-nvidia-geforce-rtx-3060-v2-oc-edition-12gb-gddr6-carte-graphique-gaming-pcie-4-0-12gb-hdmi-2-1-displayport-1-4a-2-slot-ventilateurs-axiaux-0db-technologie\/#primaryimage"},"image":{"@id":"https:\/\/proplaystore.lu\/index.php\/produit\/asus-dual-nvidia-geforce-rtx-3060-v2-oc-edition-12gb-gddr6-carte-graphique-gaming-pcie-4-0-12gb-hdmi-2-1-displayport-1-4a-2-slot-ventilateurs-axiaux-0db-technologie\/#primaryimage"},"thumbnailUrl":"https:\/\/proplaystore.lu\/wp-content\/uploads\/2025\/08\/71hoPufXoDL._AC_SY450_.jpg","datePublished":"2025-08-17T21:58:10+00:00","dateModified":"2025-08-19T07:49:31+00:00","breadcrumb":{"@id":"https:\/\/proplaystore.lu\/index.php\/produit\/asus-dual-nvidia-geforce-rtx-3060-v2-oc-edition-12gb-gddr6-carte-graphique-gaming-pcie-4-0-12gb-hdmi-2-1-displayport-1-4a-2-slot-ventilateurs-axiaux-0db-technologie\/#breadcrumb"},"inLanguage":"en-US","potentialAction":[{"@type":"ReadAction","target":["https:\/\/proplaystore.lu\/index.php\/produit\/asus-dual-nvidia-geforce-rtx-3060-v2-oc-edition-12gb-gddr6-carte-graphique-gaming-pcie-4-0-12gb-hdmi-2-1-displayport-1-4a-2-slot-ventilateurs-axiaux-0db-technologie\/"]}]},{"@type":"ImageObject","inLanguage":"en-US","@id":"https:\/\/proplaystore.lu\/index.php\/produit\/asus-dual-nvidia-geforce-rtx-3060-v2-oc-edition-12gb-gddr6-carte-graphique-gaming-pcie-4-0-12gb-hdmi-2-1-displayport-1-4a-2-slot-ventilateurs-axiaux-0db-technologie\/#primaryimage","url":"https:\/\/proplaystore.lu\/wp-content\/uploads\/2025\/08\/71hoPufXoDL._AC_SY450_.jpg","contentUrl":"https:\/\/proplaystore.lu\/wp-content\/uploads\/2025\/08\/71hoPufXoDL._AC_SY450_.jpg","width":398,"height":450},{"@type":"BreadcrumbList","@id":"https:\/\/proplaystore.lu\/index.php\/produit\/asus-dual-nvidia-geforce-rtx-3060-v2-oc-edition-12gb-gddr6-carte-graphique-gaming-pcie-4-0-12gb-hdmi-2-1-displayport-1-4a-2-slot-ventilateurs-axiaux-0db-technologie\/#breadcrumb","itemListElement":[{"@type":"ListItem","position":1,"name":"Accueil","item":"https:\/\/proplaystore.lu\/"},{"@type":"ListItem","position":2,"name":"Shop","item":"https:\/\/proplaystore.lu\/index.php\/shop\/"},{"@type":"ListItem","position":3,"name":"ASUS DUAL NVIDIA GeForce RTX 3060 V2 OC Edition 12GB GDDR6 \u2013 Carte Graphique Gaming (PCIe 4.0, 12GB, HDMI 2.1, DisplayPort 1.4a, 2-slot, ventilateurs axiaux, 0dB technologie)"}]},{"@type":"WebSite","@id":"https:\/\/proplaystore.lu\/#website","url":"https:\/\/proplaystore.lu\/","name":"ProPlaystore","description":"proplaysre","potentialAction":[{"@type":"SearchAction","target":{"@type":"EntryPoint","urlTemplate":"https:\/\/proplaystore.lu\/?s={search_term_string}"},"query-input":{"@type":"PropertyValueSpecification","valueRequired":true,"valueName":"search_term_string"}}],"inLanguage":"en-US"}]}},"_links":{"self":[{"href":"https:\/\/proplaystore.lu\/index.php\/wp-json\/wp\/v2\/product\/7795","targetHints":{"allow":["GET"]}}],"collection":[{"href":"https:\/\/proplaystore.lu\/index.php\/wp-json\/wp\/v2\/product"}],"about":[{"href":"https:\/\/proplaystore.lu\/index.php\/wp-json\/wp\/v2\/types\/product"}],"replies":[{"embeddable":true,"href":"https:\/\/proplaystore.lu\/index.php\/wp-json\/wp\/v2\/comments?post=7795"}],"wp:featuredmedia":[{"embeddable":true,"href":"https:\/\/proplaystore.lu\/index.php\/wp-json\/wp\/v2\/media\/7797"}],"wp:attachment":[{"href":"https:\/\/proplaystore.lu\/index.php\/wp-json\/wp\/v2\/media?parent=7795"}],"wp:term":[{"taxonomy":"product_brand","embeddable":true,"href":"https:\/\/proplaystore.lu\/index.php\/wp-json\/wp\/v2\/product_brand?post=7795"},{"taxonomy":"product_cat","embeddable":true,"href":"https:\/\/proplaystore.lu\/index.php\/wp-json\/wp\/v2\/product_cat?post=7795"},{"taxonomy":"product_tag","embeddable":true,"href":"https:\/\/proplaystore.lu\/index.php\/wp-json\/wp\/v2\/product_tag?post=7795"}],"curies":[{"name":"wp","href":"https:\/\/api.w.org\/{rel}","templated":true}]}}