{"id":7809,"date":"2025-08-17T22:05:54","date_gmt":"2025-08-17T22:05:54","guid":{"rendered":"https:\/\/proplaystore.lu\/?post_type=product&#038;p=7809"},"modified":"2025-08-19T07:51:56","modified_gmt":"2025-08-19T07:51:56","slug":"xfx-carte-graphique-swift-amd-radeon-rx-9060-xt-oc-white-triple-fan-gaming-edition-16-go-rx-96ts316w7","status":"publish","type":"product","link":"https:\/\/proplaystore.lu\/index.php\/produit\/xfx-carte-graphique-swift-amd-radeon-rx-9060-xt-oc-white-triple-fan-gaming-edition-16-go-rx-96ts316w7\/","title":{"rendered":"XFX Carte Graphique Swift AMD Radeon RX 9060 XT OC White Triple Fan Gaming Edition 16 Go (RX-96TS316W7)"},"content":{"rendered":"<h2 data-start=\"1558\" data-end=\"1580\"><strong data-start=\"1561\" data-end=\"1580\">Fiche technique<\/strong><\/h2>\n<table class=\"a-normal a-spacing-micro\" role=\"list\">\n<tbody>\n<tr class=\"a-spacing-small po-graphics_coprocessor\" role=\"listitem\">\n<td class=\"a-span3\" role=\"presentation\"><span class=\"a-size-base a-text-bold\">Coprocesseur graphique<\/span><\/td>\n<td class=\"a-span9\" role=\"presentation\"><span class=\"a-size-base po-break-word\">AMD RADEON RX 9060 XT<\/span><\/td>\n<\/tr>\n<tr class=\"a-spacing-small po-brand\" role=\"listitem\">\n<td class=\"a-span3\" role=\"presentation\"><span class=\"a-size-base a-text-bold\">Marque<\/span><\/td>\n<td class=\"a-span9\" role=\"presentation\"><span class=\"a-size-base po-break-word\">XFX<\/span><\/td>\n<\/tr>\n<tr class=\"a-spacing-small po-graphics_ram.size\" role=\"listitem\">\n<td class=\"a-span3\" role=\"presentation\"><span class=\"a-size-base a-text-bold\">Taille de la RAM graphique<\/span><\/td>\n<td class=\"a-span9\" role=\"presentation\"><span class=\"a-size-base po-break-word\">16 Go<\/span><\/td>\n<\/tr>\n<tr class=\"a-spacing-small po-video_output_interface\" role=\"listitem\">\n<td class=\"a-span3\" role=\"presentation\"><span class=\"a-size-base a-text-bold\">Interface de sortie vid\u00e9o<\/span><\/td>\n<td class=\"a-span9\" role=\"presentation\"><span class=\"a-size-base po-break-word\">DisplayPort, HDMI<\/span><\/td>\n<\/tr>\n<tr class=\"a-spacing-small po-graphics_processor_manufacturer\" role=\"listitem\">\n<td class=\"a-span3\" role=\"presentation\"><span class=\"a-size-base a-text-bold\">Fabricant de processeurs graphiques<\/span><\/td>\n<td class=\"a-span9\" role=\"presentation\"><span class=\"a-size-base po-break-word\">AMD<\/span><\/td>\n<\/tr>\n<tr class=\"a-spacing-small po-graphics_ram.type\" role=\"listitem\">\n<td class=\"a-span3\" role=\"presentation\"><span class=\"a-size-base a-text-bold\">Type de RAM graphique<\/span><\/td>\n<td class=\"a-span9\" role=\"presentation\"><span class=\"a-size-base po-break-word\">M\u00e9moire GDDR6<\/span><\/td>\n<\/tr>\n<tr class=\"a-spacing-small po-recommended_uses_for_product\" role=\"listitem\">\n<td class=\"a-span3\" role=\"presentation\"><span class=\"a-size-base a-text-bold\">Usages recommand\u00e9s pour le produit<\/span><\/td>\n<td class=\"a-span9\" role=\"presentation\"><span class=\"a-size-base po-break-word\">Jeu, Professionnel<\/span><\/td>\n<\/tr>\n<tr class=\"a-spacing-small po-included_components\" role=\"listitem\">\n<td class=\"a-span3\" role=\"presentation\"><span class=\"a-size-base a-text-bold\">Composants inclus<\/span><\/td>\n<td class=\"a-span9\" role=\"presentation\"><span class=\"a-size-base po-break-word\">Carte de garantie<\/span><\/td>\n<\/tr>\n<tr class=\"a-spacing-small po-display.resolution_maximum\" role=\"listitem\">\n<td class=\"a-span3\" role=\"presentation\"><span class=\"a-size-base a-text-bold\">R\u00e9solution d&#8217;affichage maximale<\/span><\/td>\n<td class=\"a-span9\" role=\"presentation\"><span class=\"a-size-base po-break-word\">3840&#215;2160 Pixels<\/span><\/td>\n<\/tr>\n<tr class=\"a-spacing-small po-graphics_card_interface\" role=\"listitem\">\n<td class=\"a-span3\" role=\"presentation\"><span class=\"a-size-base a-text-bold\">Interface de carte graphique<\/span><\/td>\n<td class=\"a-span9\" role=\"presentation\"><span class=\"a-size-base po-break-word\">PCI-Express x16<\/span><\/td>\n<\/tr>\n<\/tbody>\n<\/table>\n<p>&nbsp;<\/p>\n<p>&nbsp;<\/p>\n<p>&nbsp;<\/p>\n<p>&nbsp;<\/p>\n<p>&nbsp;<\/p>\n<p>&nbsp;<\/p>\n","protected":false},"excerpt":{"rendered":"<ul class=\"a-unordered-list a-vertical a-spacing-mini\">\n<li class=\"a-spacing-mini\"><span class=\"a-list-item\">Type de bus : PCI-E 5.0 Vitesse d&#8217;horloge principale :Horloge de base jusqu&#8217;\u00e0 : 1900 MHz Horloge de jeu jusqu&#8217;\u00e0 : 2780 MHz Horloge boost jusqu&#8217;\u00e0 : 3320 MHz Processeurs de flux : 2048 Unit\u00e9s de calcul : 32 Bus de m\u00e9moire : 128 bits<\/span><\/li>\n<li class=\"a-spacing-mini\"><span class=\"a-list-item\">Horloge de m\u00e9moire : 20 Gbps Taille de la m\u00e9moire : 16 Go Bande passante de la m\u00e9moire : jusqu&#8217;\u00e0 340 Go\/s<\/span><\/li>\n<li class=\"a-spacing-mini\"><span class=\"a-list-item\">Type de m\u00e9moire : GDDR6 Profil de la carte : Double slot Solution thermique : 3 ventilateurs<\/span><\/li>\n<\/ul>\n","protected":false},"featured_media":7813,"comment_status":"open","ping_status":"closed","template":"","meta":[],"product_brand":[],"product_cat":[64],"product_tag":[83,82,56],"class_list":{"0":"post-7809","1":"product","2":"type-product","3":"status-publish","4":"has-post-thumbnail","6":"product_cat-carte-graphique","7":"product_tag-amd","8":"product_tag-carte-graphique","9":"product_tag-rtx","11":"first","12":"instock","13":"shipping-taxable","14":"purchasable","15":"product-type-simple"},"yoast_head":"<!-- This site is optimized with the Yoast SEO plugin v26.4 - https:\/\/yoast.com\/wordpress\/plugins\/seo\/ -->\n<title>XFX Carte Graphique Swift AMD Radeon RX 9060 XT OC White Triple Fan Gaming Edition 16 Go (RX-96TS316W7) - ProPlaystore<\/title>\n<meta name=\"robots\" content=\"index, follow, max-snippet:-1, max-image-preview:large, max-video-preview:-1\" \/>\n<link rel=\"canonical\" href=\"https:\/\/proplaystore.lu\/index.php\/produit\/xfx-carte-graphique-swift-amd-radeon-rx-9060-xt-oc-white-triple-fan-gaming-edition-16-go-rx-96ts316w7\/\" \/>\n<meta property=\"og:locale\" content=\"en_US\" \/>\n<meta property=\"og:type\" content=\"article\" \/>\n<meta property=\"og:title\" content=\"XFX Carte Graphique Swift AMD Radeon RX 9060 XT OC White Triple Fan Gaming Edition 16 Go (RX-96TS316W7) - ProPlaystore\" \/>\n<meta property=\"og:description\" content=\"Type de bus : PCI-E 5.0 Vitesse d&#039;horloge principale :Horloge de base jusqu&#039;\u00e0 : 1900 MHz Horloge de jeu jusqu&#039;\u00e0 : 2780 MHz Horloge boost jusqu&#039;\u00e0 : 3320 MHz Processeurs de flux : 2048 Unit\u00e9s de calcul : 32 Bus de m\u00e9moire : 128 bits  Horloge de m\u00e9moire : 20 Gbps Taille de la m\u00e9moire : 16 Go Bande passante de la m\u00e9moire : jusqu&#039;\u00e0 340 Go\/s  Type de m\u00e9moire : GDDR6 Profil de la carte : Double slot Solution thermique : 3 ventilateurs\" \/>\n<meta property=\"og:url\" content=\"https:\/\/proplaystore.lu\/index.php\/produit\/xfx-carte-graphique-swift-amd-radeon-rx-9060-xt-oc-white-triple-fan-gaming-edition-16-go-rx-96ts316w7\/\" \/>\n<meta property=\"og:site_name\" content=\"ProPlaystore\" \/>\n<meta property=\"article:modified_time\" content=\"2025-08-19T07:51:56+00:00\" \/>\n<meta property=\"og:image\" content=\"https:\/\/proplaystore.lu\/wp-content\/uploads\/2025\/08\/61G2DdtghxL._AC_SX425_.jpg\" \/>\n\t<meta property=\"og:image:width\" content=\"425\" \/>\n\t<meta property=\"og:image:height\" content=\"494\" \/>\n\t<meta property=\"og:image:type\" content=\"image\/jpeg\" \/>\n<meta name=\"twitter:card\" content=\"summary_large_image\" \/>\n<meta name=\"twitter:label1\" content=\"Est. reading time\" \/>\n\t<meta name=\"twitter:data1\" content=\"1 minute\" \/>\n<script type=\"application\/ld+json\" class=\"yoast-schema-graph\">{\"@context\":\"https:\/\/schema.org\",\"@graph\":[{\"@type\":\"WebPage\",\"@id\":\"https:\/\/proplaystore.lu\/index.php\/produit\/xfx-carte-graphique-swift-amd-radeon-rx-9060-xt-oc-white-triple-fan-gaming-edition-16-go-rx-96ts316w7\/\",\"url\":\"https:\/\/proplaystore.lu\/index.php\/produit\/xfx-carte-graphique-swift-amd-radeon-rx-9060-xt-oc-white-triple-fan-gaming-edition-16-go-rx-96ts316w7\/\",\"name\":\"XFX Carte Graphique Swift AMD Radeon RX 9060 XT OC White Triple Fan Gaming Edition 16 Go (RX-96TS316W7) - ProPlaystore\",\"isPartOf\":{\"@id\":\"https:\/\/proplaystore.lu\/#website\"},\"primaryImageOfPage\":{\"@id\":\"https:\/\/proplaystore.lu\/index.php\/produit\/xfx-carte-graphique-swift-amd-radeon-rx-9060-xt-oc-white-triple-fan-gaming-edition-16-go-rx-96ts316w7\/#primaryimage\"},\"image\":{\"@id\":\"https:\/\/proplaystore.lu\/index.php\/produit\/xfx-carte-graphique-swift-amd-radeon-rx-9060-xt-oc-white-triple-fan-gaming-edition-16-go-rx-96ts316w7\/#primaryimage\"},\"thumbnailUrl\":\"https:\/\/proplaystore.lu\/wp-content\/uploads\/2025\/08\/61G2DdtghxL._AC_SX425_.jpg\",\"datePublished\":\"2025-08-17T22:05:54+00:00\",\"dateModified\":\"2025-08-19T07:51:56+00:00\",\"breadcrumb\":{\"@id\":\"https:\/\/proplaystore.lu\/index.php\/produit\/xfx-carte-graphique-swift-amd-radeon-rx-9060-xt-oc-white-triple-fan-gaming-edition-16-go-rx-96ts316w7\/#breadcrumb\"},\"inLanguage\":\"en-US\",\"potentialAction\":[{\"@type\":\"ReadAction\",\"target\":[\"https:\/\/proplaystore.lu\/index.php\/produit\/xfx-carte-graphique-swift-amd-radeon-rx-9060-xt-oc-white-triple-fan-gaming-edition-16-go-rx-96ts316w7\/\"]}]},{\"@type\":\"ImageObject\",\"inLanguage\":\"en-US\",\"@id\":\"https:\/\/proplaystore.lu\/index.php\/produit\/xfx-carte-graphique-swift-amd-radeon-rx-9060-xt-oc-white-triple-fan-gaming-edition-16-go-rx-96ts316w7\/#primaryimage\",\"url\":\"https:\/\/proplaystore.lu\/wp-content\/uploads\/2025\/08\/61G2DdtghxL._AC_SX425_.jpg\",\"contentUrl\":\"https:\/\/proplaystore.lu\/wp-content\/uploads\/2025\/08\/61G2DdtghxL._AC_SX425_.jpg\",\"width\":425,\"height\":494},{\"@type\":\"BreadcrumbList\",\"@id\":\"https:\/\/proplaystore.lu\/index.php\/produit\/xfx-carte-graphique-swift-amd-radeon-rx-9060-xt-oc-white-triple-fan-gaming-edition-16-go-rx-96ts316w7\/#breadcrumb\",\"itemListElement\":[{\"@type\":\"ListItem\",\"position\":1,\"name\":\"Accueil\",\"item\":\"https:\/\/proplaystore.lu\/\"},{\"@type\":\"ListItem\",\"position\":2,\"name\":\"Shop\",\"item\":\"https:\/\/proplaystore.lu\/index.php\/shop\/\"},{\"@type\":\"ListItem\",\"position\":3,\"name\":\"XFX Carte Graphique Swift AMD Radeon RX 9060 XT OC White Triple Fan Gaming Edition 16 Go (RX-96TS316W7)\"}]},{\"@type\":\"WebSite\",\"@id\":\"https:\/\/proplaystore.lu\/#website\",\"url\":\"https:\/\/proplaystore.lu\/\",\"name\":\"ProPlaystore\",\"description\":\"proplaysre\",\"potentialAction\":[{\"@type\":\"SearchAction\",\"target\":{\"@type\":\"EntryPoint\",\"urlTemplate\":\"https:\/\/proplaystore.lu\/?s={search_term_string}\"},\"query-input\":{\"@type\":\"PropertyValueSpecification\",\"valueRequired\":true,\"valueName\":\"search_term_string\"}}],\"inLanguage\":\"en-US\"}]}<\/script>\n<!-- \/ Yoast SEO plugin. -->","yoast_head_json":{"title":"XFX Carte Graphique Swift AMD Radeon RX 9060 XT OC White Triple Fan Gaming Edition 16 Go (RX-96TS316W7) - ProPlaystore","robots":{"index":"index","follow":"follow","max-snippet":"max-snippet:-1","max-image-preview":"max-image-preview:large","max-video-preview":"max-video-preview:-1"},"canonical":"https:\/\/proplaystore.lu\/index.php\/produit\/xfx-carte-graphique-swift-amd-radeon-rx-9060-xt-oc-white-triple-fan-gaming-edition-16-go-rx-96ts316w7\/","og_locale":"en_US","og_type":"article","og_title":"XFX Carte Graphique Swift AMD Radeon RX 9060 XT OC White Triple Fan Gaming Edition 16 Go (RX-96TS316W7) - ProPlaystore","og_description":"Type de bus : PCI-E 5.0 Vitesse d'horloge principale :Horloge de base jusqu'\u00e0 : 1900 MHz Horloge de jeu jusqu'\u00e0 : 2780 MHz Horloge boost jusqu'\u00e0 : 3320 MHz Processeurs de flux : 2048 Unit\u00e9s de calcul : 32 Bus de m\u00e9moire : 128 bits  Horloge de m\u00e9moire : 20 Gbps Taille de la m\u00e9moire : 16 Go Bande passante de la m\u00e9moire : jusqu'\u00e0 340 Go\/s  Type de m\u00e9moire : GDDR6 Profil de la carte : Double slot Solution thermique : 3 ventilateurs","og_url":"https:\/\/proplaystore.lu\/index.php\/produit\/xfx-carte-graphique-swift-amd-radeon-rx-9060-xt-oc-white-triple-fan-gaming-edition-16-go-rx-96ts316w7\/","og_site_name":"ProPlaystore","article_modified_time":"2025-08-19T07:51:56+00:00","og_image":[{"width":425,"height":494,"url":"https:\/\/proplaystore.lu\/wp-content\/uploads\/2025\/08\/61G2DdtghxL._AC_SX425_.jpg","type":"image\/jpeg"}],"twitter_card":"summary_large_image","twitter_misc":{"Est. reading time":"1 minute"},"schema":{"@context":"https:\/\/schema.org","@graph":[{"@type":"WebPage","@id":"https:\/\/proplaystore.lu\/index.php\/produit\/xfx-carte-graphique-swift-amd-radeon-rx-9060-xt-oc-white-triple-fan-gaming-edition-16-go-rx-96ts316w7\/","url":"https:\/\/proplaystore.lu\/index.php\/produit\/xfx-carte-graphique-swift-amd-radeon-rx-9060-xt-oc-white-triple-fan-gaming-edition-16-go-rx-96ts316w7\/","name":"XFX Carte Graphique Swift AMD Radeon RX 9060 XT OC White Triple Fan Gaming Edition 16 Go (RX-96TS316W7) - ProPlaystore","isPartOf":{"@id":"https:\/\/proplaystore.lu\/#website"},"primaryImageOfPage":{"@id":"https:\/\/proplaystore.lu\/index.php\/produit\/xfx-carte-graphique-swift-amd-radeon-rx-9060-xt-oc-white-triple-fan-gaming-edition-16-go-rx-96ts316w7\/#primaryimage"},"image":{"@id":"https:\/\/proplaystore.lu\/index.php\/produit\/xfx-carte-graphique-swift-amd-radeon-rx-9060-xt-oc-white-triple-fan-gaming-edition-16-go-rx-96ts316w7\/#primaryimage"},"thumbnailUrl":"https:\/\/proplaystore.lu\/wp-content\/uploads\/2025\/08\/61G2DdtghxL._AC_SX425_.jpg","datePublished":"2025-08-17T22:05:54+00:00","dateModified":"2025-08-19T07:51:56+00:00","breadcrumb":{"@id":"https:\/\/proplaystore.lu\/index.php\/produit\/xfx-carte-graphique-swift-amd-radeon-rx-9060-xt-oc-white-triple-fan-gaming-edition-16-go-rx-96ts316w7\/#breadcrumb"},"inLanguage":"en-US","potentialAction":[{"@type":"ReadAction","target":["https:\/\/proplaystore.lu\/index.php\/produit\/xfx-carte-graphique-swift-amd-radeon-rx-9060-xt-oc-white-triple-fan-gaming-edition-16-go-rx-96ts316w7\/"]}]},{"@type":"ImageObject","inLanguage":"en-US","@id":"https:\/\/proplaystore.lu\/index.php\/produit\/xfx-carte-graphique-swift-amd-radeon-rx-9060-xt-oc-white-triple-fan-gaming-edition-16-go-rx-96ts316w7\/#primaryimage","url":"https:\/\/proplaystore.lu\/wp-content\/uploads\/2025\/08\/61G2DdtghxL._AC_SX425_.jpg","contentUrl":"https:\/\/proplaystore.lu\/wp-content\/uploads\/2025\/08\/61G2DdtghxL._AC_SX425_.jpg","width":425,"height":494},{"@type":"BreadcrumbList","@id":"https:\/\/proplaystore.lu\/index.php\/produit\/xfx-carte-graphique-swift-amd-radeon-rx-9060-xt-oc-white-triple-fan-gaming-edition-16-go-rx-96ts316w7\/#breadcrumb","itemListElement":[{"@type":"ListItem","position":1,"name":"Accueil","item":"https:\/\/proplaystore.lu\/"},{"@type":"ListItem","position":2,"name":"Shop","item":"https:\/\/proplaystore.lu\/index.php\/shop\/"},{"@type":"ListItem","position":3,"name":"XFX Carte Graphique Swift AMD Radeon RX 9060 XT OC White Triple Fan Gaming Edition 16 Go (RX-96TS316W7)"}]},{"@type":"WebSite","@id":"https:\/\/proplaystore.lu\/#website","url":"https:\/\/proplaystore.lu\/","name":"ProPlaystore","description":"proplaysre","potentialAction":[{"@type":"SearchAction","target":{"@type":"EntryPoint","urlTemplate":"https:\/\/proplaystore.lu\/?s={search_term_string}"},"query-input":{"@type":"PropertyValueSpecification","valueRequired":true,"valueName":"search_term_string"}}],"inLanguage":"en-US"}]}},"_links":{"self":[{"href":"https:\/\/proplaystore.lu\/index.php\/wp-json\/wp\/v2\/product\/7809","targetHints":{"allow":["GET"]}}],"collection":[{"href":"https:\/\/proplaystore.lu\/index.php\/wp-json\/wp\/v2\/product"}],"about":[{"href":"https:\/\/proplaystore.lu\/index.php\/wp-json\/wp\/v2\/types\/product"}],"replies":[{"embeddable":true,"href":"https:\/\/proplaystore.lu\/index.php\/wp-json\/wp\/v2\/comments?post=7809"}],"wp:featuredmedia":[{"embeddable":true,"href":"https:\/\/proplaystore.lu\/index.php\/wp-json\/wp\/v2\/media\/7813"}],"wp:attachment":[{"href":"https:\/\/proplaystore.lu\/index.php\/wp-json\/wp\/v2\/media?parent=7809"}],"wp:term":[{"taxonomy":"product_brand","embeddable":true,"href":"https:\/\/proplaystore.lu\/index.php\/wp-json\/wp\/v2\/product_brand?post=7809"},{"taxonomy":"product_cat","embeddable":true,"href":"https:\/\/proplaystore.lu\/index.php\/wp-json\/wp\/v2\/product_cat?post=7809"},{"taxonomy":"product_tag","embeddable":true,"href":"https:\/\/proplaystore.lu\/index.php\/wp-json\/wp\/v2\/product_tag?post=7809"}],"curies":[{"name":"wp","href":"https:\/\/api.w.org\/{rel}","templated":true}]}}