{"id":7832,"date":"2025-08-17T22:13:32","date_gmt":"2025-08-17T22:13:32","guid":{"rendered":"https:\/\/proplaystore.lu\/?post_type=product&#038;p=7832"},"modified":"2025-08-18T20:07:42","modified_gmt":"2025-08-18T20:07:42","slug":"mars-gaming-mc-3tcorem-boitier-gaming-custom-micro-atx-triple-fenetre-en-verre-trempe-double-chambre-laterale-support-refroidissement-liquide-360mm-gestion-cablage-mini-tour-pc-usb-c-blanc","status":"publish","type":"product","link":"https:\/\/proplaystore.lu\/index.php\/produit\/mars-gaming-mc-3tcorem-boitier-gaming-custom-micro-atx-triple-fenetre-en-verre-trempe-double-chambre-laterale-support-refroidissement-liquide-360mm-gestion-cablage-mini-tour-pc-usb-c-blanc\/","title":{"rendered":"Mars Gaming MC-3TCOREM, Bo\u00eetier Gaming Custom Micro-ATX, Triple Fen\u00eatre en Verre Tremp\u00e9, Double Chambre Lat\u00e9rale, Support Refroidissement Liquide 360mm, Gestion C\u00e2blage, Mini-Tour PC, USB-C, Blanc"},"content":{"rendered":"<h2 data-start=\"1558\" data-end=\"1580\"><strong data-start=\"1561\" data-end=\"1580\">Fiche technique<\/strong><\/h2>\n<table class=\"a-normal a-spacing-micro\" role=\"list\">\n<tbody>\n<tr class=\"a-spacing-small po-brand\" role=\"listitem\">\n<td class=\"a-span3\" role=\"presentation\"><span class=\"a-size-base a-text-bold\">Marque<\/span><\/td>\n<td class=\"a-span9\" role=\"presentation\"><span class=\"a-size-base po-break-word\">Mars Gaming<\/span><\/td>\n<\/tr>\n<tr class=\"a-spacing-small po-supported_motherboard\" role=\"listitem\">\n<td class=\"a-span3\" role=\"presentation\"><span class=\"a-size-base a-text-bold\">Compatibilit\u00e9 de la carte m\u00e8re<\/span><\/td>\n<td class=\"a-span9\" role=\"presentation\"><span class=\"a-size-base po-break-word\">Micro ATX, Mini ITX<\/span><\/td>\n<\/tr>\n<tr class=\"a-spacing-small po-case.type\" role=\"listitem\">\n<td class=\"a-span3\" role=\"presentation\"><span class=\"a-size-base a-text-bold\">Type de cas<\/span><\/td>\n<td class=\"a-span9\" role=\"presentation\"><span class=\"a-size-base po-break-word\">Tour<\/span><\/td>\n<\/tr>\n<tr class=\"a-spacing-small po-color\" role=\"listitem\">\n<td class=\"a-span3\" role=\"presentation\"><span class=\"a-size-base a-text-bold\">Couleur<\/span><\/td>\n<td class=\"a-span9\" role=\"presentation\"><span class=\"a-size-base po-break-word\">Blanc<\/span><\/td>\n<\/tr>\n<tr class=\"a-spacing-small po-power_supply_mounting_type\" role=\"listitem\">\n<td class=\"a-span3\" role=\"presentation\"><span class=\"a-size-base a-text-bold\">Type de fixation de l&#8217;alimentation<\/span><\/td>\n<td class=\"a-span9\" role=\"presentation\"><span class=\"a-size-base po-break-word\">Montage inf\u00e9rieur<\/span><\/td>\n<\/tr>\n<tr class=\"a-spacing-small po-cooling_method\" role=\"listitem\">\n<td class=\"a-span3\" role=\"presentation\"><span class=\"a-size-base a-text-bold\">M\u00e9thode de refroidissement<\/span><\/td>\n<td class=\"a-span9\" role=\"presentation\"><span class=\"a-size-base po-break-word\">Air et eau<\/span><\/td>\n<\/tr>\n<tr class=\"a-spacing-small po-model_name\" role=\"listitem\">\n<td class=\"a-span3\" role=\"presentation\"><span class=\"a-size-base a-text-bold\">Nom de mod\u00e8le<\/span><\/td>\n<td class=\"a-span9\" role=\"presentation\"><span class=\"a-size-base po-break-word\">MC3TCOREMW<\/span><\/td>\n<\/tr>\n<tr class=\"a-spacing-small po-item_weight\" role=\"listitem\">\n<td class=\"a-span3\" role=\"presentation\"><span class=\"a-size-base a-text-bold\">Poids de l&#8217;article<\/span><\/td>\n<td class=\"a-span9\" role=\"presentation\"><span class=\"a-size-base po-break-word\">5,6 Kilogrammes<\/span><\/td>\n<\/tr>\n<tr class=\"a-spacing-small po-total_expansion_slots_quantity\" role=\"listitem\">\n<td class=\"a-span3\" role=\"presentation\"><span class=\"a-size-base a-text-bold\">Nombre d&#8217;emplacements d&#8217;extension<\/span><\/td>\n<td class=\"a-span9\" role=\"presentation\"><span class=\"a-size-base po-break-word\">5<\/span><\/td>\n<\/tr>\n<tr class=\"a-spacing-small po-total_usb_2_0_ports\" role=\"listitem\">\n<td class=\"a-span3\" role=\"presentation\"><span class=\"a-size-base a-text-bold\">Nombre de ports USB\u00a02<\/span><\/td>\n<td class=\"a-span9\" role=\"presentation\"><span class=\"a-size-base po-break-word\">1<\/span><\/td>\n<\/tr>\n<\/tbody>\n<\/table>\n<p>&nbsp;<\/p>\n<p>&nbsp;<\/p>\n<p>&nbsp;<\/p>\n<p>&nbsp;<\/p>\n<p>&nbsp;<\/p>\n<p>&nbsp;<\/p>\n","protected":false},"excerpt":{"rendered":"<ul class=\"a-unordered-list a-vertical a-spacing-mini\">\n<li class=\"a-spacing-mini\"><span class=\"a-list-item\">\u00c9DITION CUSTOM: Le bo\u00eetier Micro-ATX MC-3TCOREM, con\u00e7u sur un concept custom, permet d&#8217;ajuster chaque d\u00e9tail pour un montage sans contraintes; Cr\u00e9ez une configuration unique avec une esth\u00e9tique personnalis\u00e9e et des performances \u00e0 la hauteur de vos attentes<\/span><\/li>\n<li class=\"a-spacing-mini\"><span class=\"a-list-item\">TRIPLE VERRE TREMP\u00c9: Avec trois panneaux en verre tremp\u00e9, le bo\u00eetier gaming MC-3TCOREM offre une vue compl\u00e8te de l&#8217;int\u00e9rieur; Cette vision panoramique met en valeur chaque composant et facilite l&#8217;acc\u00e8s pour ajustements ou maintenance, alliant \u00e9l\u00e9gance et fonctionnalit\u00e9<\/span><\/li>\n<li class=\"a-spacing-mini\"><span class=\"a-list-item\">REFROIDISSEMENT AVANC\u00c9: Le bo\u00eetier PC custom MC-3TCOREM peut accueillir jusqu&#8217;\u00e0 9 ventilateurs de 120mm et des syst\u00e8mes de refroidissement liquide jusqu&#8217;\u00e0 360mm; Avec un syst\u00e8me de gestion des c\u00e2bles interne et des filtres magn\u00e9tiques sup\u00e9rieur et inf\u00e9rieur, il garantit un refroidissement efficace et silencieux<\/span><\/li>\n<li class=\"a-spacing-mini\"><span class=\"a-list-item\">CAPACIT\u00c9 OPTIMIS\u00c9E: Con\u00e7u pour les cartes m\u00e8res MicroATX et Mini-ITX, le bo\u00eetier MC-3TCOREM dispose d&#8217;un design interne \u00e0 double chambre, 5 slots d&#8217;extension et des baies internes pour 2&#215;3.5&#8243; HDD et 3&#215;2.5&#8243; SSD; Vous pouvez \u00e9galement installer des cartes graphiques jusqu&#8217;\u00e0 415mm de long et 150mm de large, ainsi que des dissipateurs jusqu&#8217;\u00e0 160mm<\/span><\/li>\n<li class=\"a-spacing-mini\"><span class=\"a-list-item\">CONNECTIVIT\u00c9 TOTALE: La mini-tour MC-3TCOREM de Mars Gaming garantit une connectivit\u00e9 ultra-rapide pour tous vos p\u00e9riph\u00e9riques gr\u00e2ce \u00e0 ses ports USB 3.0, USB 2.0, USB-C et ses connexions pour microphone et audio HD<\/span><\/li>\n<\/ul>\n","protected":false},"featured_media":7836,"comment_status":"open","ping_status":"closed","template":"","meta":[],"product_brand":[],"product_cat":[71],"product_tag":[75],"class_list":{"0":"post-7832","1":"product","2":"type-product","3":"status-publish","4":"has-post-thumbnail","6":"product_cat-boitier","7":"product_tag-case","9":"first","10":"instock","11":"shipping-taxable","12":"purchasable","13":"product-type-simple"},"yoast_head":"<!-- This site is optimized with the Yoast SEO plugin v26.4 - https:\/\/yoast.com\/wordpress\/plugins\/seo\/ -->\n<title>Mars Gaming MC-3TCOREM, Bo\u00eetier Gaming Custom Micro-ATX, Triple Fen\u00eatre en Verre Tremp\u00e9, Double Chambre Lat\u00e9rale, Support Refroidissement Liquide 360mm, Gestion C\u00e2blage, Mini-Tour PC, USB-C, Blanc - ProPlaystore<\/title>\n<meta name=\"robots\" content=\"index, follow, max-snippet:-1, max-image-preview:large, max-video-preview:-1\" \/>\n<link rel=\"canonical\" href=\"https:\/\/proplaystore.lu\/index.php\/produit\/mars-gaming-mc-3tcorem-boitier-gaming-custom-micro-atx-triple-fenetre-en-verre-trempe-double-chambre-laterale-support-refroidissement-liquide-360mm-gestion-cablage-mini-tour-pc-usb-c-blanc\/\" \/>\n<meta property=\"og:locale\" content=\"en_US\" \/>\n<meta property=\"og:type\" content=\"article\" \/>\n<meta property=\"og:title\" content=\"Mars Gaming MC-3TCOREM, Bo\u00eetier Gaming Custom Micro-ATX, Triple Fen\u00eatre en Verre Tremp\u00e9, Double Chambre Lat\u00e9rale, Support Refroidissement Liquide 360mm, Gestion C\u00e2blage, Mini-Tour PC, USB-C, Blanc - ProPlaystore\" \/>\n<meta property=\"og:description\" content=\"\u00c9DITION CUSTOM: Le bo\u00eetier Micro-ATX MC-3TCOREM, con\u00e7u sur un concept custom, permet d&#039;ajuster chaque d\u00e9tail pour un montage sans contraintes; Cr\u00e9ez une configuration unique avec une esth\u00e9tique personnalis\u00e9e et des performances \u00e0 la hauteur de vos attentes  TRIPLE VERRE TREMP\u00c9: Avec trois panneaux en verre tremp\u00e9, le bo\u00eetier gaming MC-3TCOREM offre une vue compl\u00e8te de l&#039;int\u00e9rieur; Cette vision panoramique met en valeur chaque composant et facilite l&#039;acc\u00e8s pour ajustements ou maintenance, alliant \u00e9l\u00e9gance et fonctionnalit\u00e9  REFROIDISSEMENT AVANC\u00c9: Le bo\u00eetier PC custom MC-3TCOREM peut accueillir jusqu&#039;\u00e0 9 ventilateurs de 120mm et des syst\u00e8mes de refroidissement liquide jusqu&#039;\u00e0 360mm; Avec un syst\u00e8me de gestion des c\u00e2bles interne et des filtres magn\u00e9tiques sup\u00e9rieur et inf\u00e9rieur, il garantit un refroidissement efficace et silencieux  CAPACIT\u00c9 OPTIMIS\u00c9E: Con\u00e7u pour les cartes m\u00e8res MicroATX et Mini-ITX, le bo\u00eetier MC-3TCOREM dispose d&#039;un design interne \u00e0 double chambre, 5 slots d&#039;extension et des baies internes pour 2x3.5&quot; HDD et 3x2.5&quot; SSD; Vous pouvez \u00e9galement installer des cartes graphiques jusqu&#039;\u00e0 415mm de long et 150mm de large, ainsi que des dissipateurs jusqu&#039;\u00e0 160mm  CONNECTIVIT\u00c9 TOTALE: La mini-tour MC-3TCOREM de Mars Gaming garantit une connectivit\u00e9 ultra-rapide pour tous vos p\u00e9riph\u00e9riques gr\u00e2ce \u00e0 ses ports USB 3.0, USB 2.0, USB-C et ses connexions pour microphone et audio HD\" \/>\n<meta property=\"og:url\" content=\"https:\/\/proplaystore.lu\/index.php\/produit\/mars-gaming-mc-3tcorem-boitier-gaming-custom-micro-atx-triple-fenetre-en-verre-trempe-double-chambre-laterale-support-refroidissement-liquide-360mm-gestion-cablage-mini-tour-pc-usb-c-blanc\/\" \/>\n<meta property=\"og:site_name\" content=\"ProPlaystore\" \/>\n<meta property=\"article:modified_time\" content=\"2025-08-18T20:07:42+00:00\" \/>\n<meta property=\"og:image\" content=\"https:\/\/proplaystore.lu\/wp-content\/uploads\/2025\/08\/81OU21obneL._AC_SX679_.jpg\" \/>\n\t<meta property=\"og:image:width\" content=\"679\" \/>\n\t<meta property=\"og:image:height\" content=\"632\" \/>\n\t<meta property=\"og:image:type\" content=\"image\/jpeg\" \/>\n<meta name=\"twitter:card\" content=\"summary_large_image\" \/>\n<meta name=\"twitter:label1\" content=\"Est. reading time\" \/>\n\t<meta name=\"twitter:data1\" content=\"1 minute\" \/>\n<script type=\"application\/ld+json\" class=\"yoast-schema-graph\">{\"@context\":\"https:\/\/schema.org\",\"@graph\":[{\"@type\":\"WebPage\",\"@id\":\"https:\/\/proplaystore.lu\/index.php\/produit\/mars-gaming-mc-3tcorem-boitier-gaming-custom-micro-atx-triple-fenetre-en-verre-trempe-double-chambre-laterale-support-refroidissement-liquide-360mm-gestion-cablage-mini-tour-pc-usb-c-blanc\/\",\"url\":\"https:\/\/proplaystore.lu\/index.php\/produit\/mars-gaming-mc-3tcorem-boitier-gaming-custom-micro-atx-triple-fenetre-en-verre-trempe-double-chambre-laterale-support-refroidissement-liquide-360mm-gestion-cablage-mini-tour-pc-usb-c-blanc\/\",\"name\":\"Mars Gaming MC-3TCOREM, Bo\u00eetier Gaming Custom Micro-ATX, Triple Fen\u00eatre en Verre Tremp\u00e9, Double Chambre Lat\u00e9rale, Support Refroidissement Liquide 360mm, Gestion C\u00e2blage, Mini-Tour PC, USB-C, Blanc - ProPlaystore\",\"isPartOf\":{\"@id\":\"https:\/\/proplaystore.lu\/#website\"},\"primaryImageOfPage\":{\"@id\":\"https:\/\/proplaystore.lu\/index.php\/produit\/mars-gaming-mc-3tcorem-boitier-gaming-custom-micro-atx-triple-fenetre-en-verre-trempe-double-chambre-laterale-support-refroidissement-liquide-360mm-gestion-cablage-mini-tour-pc-usb-c-blanc\/#primaryimage\"},\"image\":{\"@id\":\"https:\/\/proplaystore.lu\/index.php\/produit\/mars-gaming-mc-3tcorem-boitier-gaming-custom-micro-atx-triple-fenetre-en-verre-trempe-double-chambre-laterale-support-refroidissement-liquide-360mm-gestion-cablage-mini-tour-pc-usb-c-blanc\/#primaryimage\"},\"thumbnailUrl\":\"https:\/\/proplaystore.lu\/wp-content\/uploads\/2025\/08\/81OU21obneL._AC_SX679_.jpg\",\"datePublished\":\"2025-08-17T22:13:32+00:00\",\"dateModified\":\"2025-08-18T20:07:42+00:00\",\"breadcrumb\":{\"@id\":\"https:\/\/proplaystore.lu\/index.php\/produit\/mars-gaming-mc-3tcorem-boitier-gaming-custom-micro-atx-triple-fenetre-en-verre-trempe-double-chambre-laterale-support-refroidissement-liquide-360mm-gestion-cablage-mini-tour-pc-usb-c-blanc\/#breadcrumb\"},\"inLanguage\":\"en-US\",\"potentialAction\":[{\"@type\":\"ReadAction\",\"target\":[\"https:\/\/proplaystore.lu\/index.php\/produit\/mars-gaming-mc-3tcorem-boitier-gaming-custom-micro-atx-triple-fenetre-en-verre-trempe-double-chambre-laterale-support-refroidissement-liquide-360mm-gestion-cablage-mini-tour-pc-usb-c-blanc\/\"]}]},{\"@type\":\"ImageObject\",\"inLanguage\":\"en-US\",\"@id\":\"https:\/\/proplaystore.lu\/index.php\/produit\/mars-gaming-mc-3tcorem-boitier-gaming-custom-micro-atx-triple-fenetre-en-verre-trempe-double-chambre-laterale-support-refroidissement-liquide-360mm-gestion-cablage-mini-tour-pc-usb-c-blanc\/#primaryimage\",\"url\":\"https:\/\/proplaystore.lu\/wp-content\/uploads\/2025\/08\/81OU21obneL._AC_SX679_.jpg\",\"contentUrl\":\"https:\/\/proplaystore.lu\/wp-content\/uploads\/2025\/08\/81OU21obneL._AC_SX679_.jpg\",\"width\":679,\"height\":632},{\"@type\":\"BreadcrumbList\",\"@id\":\"https:\/\/proplaystore.lu\/index.php\/produit\/mars-gaming-mc-3tcorem-boitier-gaming-custom-micro-atx-triple-fenetre-en-verre-trempe-double-chambre-laterale-support-refroidissement-liquide-360mm-gestion-cablage-mini-tour-pc-usb-c-blanc\/#breadcrumb\",\"itemListElement\":[{\"@type\":\"ListItem\",\"position\":1,\"name\":\"Accueil\",\"item\":\"https:\/\/proplaystore.lu\/\"},{\"@type\":\"ListItem\",\"position\":2,\"name\":\"Shop\",\"item\":\"https:\/\/proplaystore.lu\/index.php\/shop\/\"},{\"@type\":\"ListItem\",\"position\":3,\"name\":\"Mars Gaming MC-3TCOREM, Bo\u00eetier Gaming Custom Micro-ATX, Triple Fen\u00eatre en Verre Tremp\u00e9, Double Chambre Lat\u00e9rale, Support Refroidissement Liquide 360mm, Gestion C\u00e2blage, Mini-Tour PC, USB-C, Blanc\"}]},{\"@type\":\"WebSite\",\"@id\":\"https:\/\/proplaystore.lu\/#website\",\"url\":\"https:\/\/proplaystore.lu\/\",\"name\":\"ProPlaystore\",\"description\":\"proplaysre\",\"potentialAction\":[{\"@type\":\"SearchAction\",\"target\":{\"@type\":\"EntryPoint\",\"urlTemplate\":\"https:\/\/proplaystore.lu\/?s={search_term_string}\"},\"query-input\":{\"@type\":\"PropertyValueSpecification\",\"valueRequired\":true,\"valueName\":\"search_term_string\"}}],\"inLanguage\":\"en-US\"}]}<\/script>\n<!-- \/ Yoast SEO plugin. -->","yoast_head_json":{"title":"Mars Gaming MC-3TCOREM, Bo\u00eetier Gaming Custom Micro-ATX, Triple Fen\u00eatre en Verre Tremp\u00e9, Double Chambre Lat\u00e9rale, Support Refroidissement Liquide 360mm, Gestion C\u00e2blage, Mini-Tour PC, USB-C, Blanc - ProPlaystore","robots":{"index":"index","follow":"follow","max-snippet":"max-snippet:-1","max-image-preview":"max-image-preview:large","max-video-preview":"max-video-preview:-1"},"canonical":"https:\/\/proplaystore.lu\/index.php\/produit\/mars-gaming-mc-3tcorem-boitier-gaming-custom-micro-atx-triple-fenetre-en-verre-trempe-double-chambre-laterale-support-refroidissement-liquide-360mm-gestion-cablage-mini-tour-pc-usb-c-blanc\/","og_locale":"en_US","og_type":"article","og_title":"Mars Gaming MC-3TCOREM, Bo\u00eetier Gaming Custom Micro-ATX, Triple Fen\u00eatre en Verre Tremp\u00e9, Double Chambre Lat\u00e9rale, Support Refroidissement Liquide 360mm, Gestion C\u00e2blage, Mini-Tour PC, USB-C, Blanc - ProPlaystore","og_description":"\u00c9DITION CUSTOM: Le bo\u00eetier Micro-ATX MC-3TCOREM, con\u00e7u sur un concept custom, permet d'ajuster chaque d\u00e9tail pour un montage sans contraintes; Cr\u00e9ez une configuration unique avec une esth\u00e9tique personnalis\u00e9e et des performances \u00e0 la hauteur de vos attentes  TRIPLE VERRE TREMP\u00c9: Avec trois panneaux en verre tremp\u00e9, le bo\u00eetier gaming MC-3TCOREM offre une vue compl\u00e8te de l'int\u00e9rieur; Cette vision panoramique met en valeur chaque composant et facilite l'acc\u00e8s pour ajustements ou maintenance, alliant \u00e9l\u00e9gance et fonctionnalit\u00e9  REFROIDISSEMENT AVANC\u00c9: Le bo\u00eetier PC custom MC-3TCOREM peut accueillir jusqu'\u00e0 9 ventilateurs de 120mm et des syst\u00e8mes de refroidissement liquide jusqu'\u00e0 360mm; Avec un syst\u00e8me de gestion des c\u00e2bles interne et des filtres magn\u00e9tiques sup\u00e9rieur et inf\u00e9rieur, il garantit un refroidissement efficace et silencieux  CAPACIT\u00c9 OPTIMIS\u00c9E: Con\u00e7u pour les cartes m\u00e8res MicroATX et Mini-ITX, le bo\u00eetier MC-3TCOREM dispose d'un design interne \u00e0 double chambre, 5 slots d'extension et des baies internes pour 2x3.5\" HDD et 3x2.5\" SSD; Vous pouvez \u00e9galement installer des cartes graphiques jusqu'\u00e0 415mm de long et 150mm de large, ainsi que des dissipateurs jusqu'\u00e0 160mm  CONNECTIVIT\u00c9 TOTALE: La mini-tour MC-3TCOREM de Mars Gaming garantit une connectivit\u00e9 ultra-rapide pour tous vos p\u00e9riph\u00e9riques gr\u00e2ce \u00e0 ses ports USB 3.0, USB 2.0, USB-C et ses connexions pour microphone et audio HD","og_url":"https:\/\/proplaystore.lu\/index.php\/produit\/mars-gaming-mc-3tcorem-boitier-gaming-custom-micro-atx-triple-fenetre-en-verre-trempe-double-chambre-laterale-support-refroidissement-liquide-360mm-gestion-cablage-mini-tour-pc-usb-c-blanc\/","og_site_name":"ProPlaystore","article_modified_time":"2025-08-18T20:07:42+00:00","og_image":[{"width":679,"height":632,"url":"https:\/\/proplaystore.lu\/wp-content\/uploads\/2025\/08\/81OU21obneL._AC_SX679_.jpg","type":"image\/jpeg"}],"twitter_card":"summary_large_image","twitter_misc":{"Est. reading time":"1 minute"},"schema":{"@context":"https:\/\/schema.org","@graph":[{"@type":"WebPage","@id":"https:\/\/proplaystore.lu\/index.php\/produit\/mars-gaming-mc-3tcorem-boitier-gaming-custom-micro-atx-triple-fenetre-en-verre-trempe-double-chambre-laterale-support-refroidissement-liquide-360mm-gestion-cablage-mini-tour-pc-usb-c-blanc\/","url":"https:\/\/proplaystore.lu\/index.php\/produit\/mars-gaming-mc-3tcorem-boitier-gaming-custom-micro-atx-triple-fenetre-en-verre-trempe-double-chambre-laterale-support-refroidissement-liquide-360mm-gestion-cablage-mini-tour-pc-usb-c-blanc\/","name":"Mars Gaming MC-3TCOREM, Bo\u00eetier Gaming Custom Micro-ATX, Triple Fen\u00eatre en Verre Tremp\u00e9, Double Chambre Lat\u00e9rale, Support Refroidissement Liquide 360mm, Gestion C\u00e2blage, Mini-Tour PC, USB-C, Blanc - ProPlaystore","isPartOf":{"@id":"https:\/\/proplaystore.lu\/#website"},"primaryImageOfPage":{"@id":"https:\/\/proplaystore.lu\/index.php\/produit\/mars-gaming-mc-3tcorem-boitier-gaming-custom-micro-atx-triple-fenetre-en-verre-trempe-double-chambre-laterale-support-refroidissement-liquide-360mm-gestion-cablage-mini-tour-pc-usb-c-blanc\/#primaryimage"},"image":{"@id":"https:\/\/proplaystore.lu\/index.php\/produit\/mars-gaming-mc-3tcorem-boitier-gaming-custom-micro-atx-triple-fenetre-en-verre-trempe-double-chambre-laterale-support-refroidissement-liquide-360mm-gestion-cablage-mini-tour-pc-usb-c-blanc\/#primaryimage"},"thumbnailUrl":"https:\/\/proplaystore.lu\/wp-content\/uploads\/2025\/08\/81OU21obneL._AC_SX679_.jpg","datePublished":"2025-08-17T22:13:32+00:00","dateModified":"2025-08-18T20:07:42+00:00","breadcrumb":{"@id":"https:\/\/proplaystore.lu\/index.php\/produit\/mars-gaming-mc-3tcorem-boitier-gaming-custom-micro-atx-triple-fenetre-en-verre-trempe-double-chambre-laterale-support-refroidissement-liquide-360mm-gestion-cablage-mini-tour-pc-usb-c-blanc\/#breadcrumb"},"inLanguage":"en-US","potentialAction":[{"@type":"ReadAction","target":["https:\/\/proplaystore.lu\/index.php\/produit\/mars-gaming-mc-3tcorem-boitier-gaming-custom-micro-atx-triple-fenetre-en-verre-trempe-double-chambre-laterale-support-refroidissement-liquide-360mm-gestion-cablage-mini-tour-pc-usb-c-blanc\/"]}]},{"@type":"ImageObject","inLanguage":"en-US","@id":"https:\/\/proplaystore.lu\/index.php\/produit\/mars-gaming-mc-3tcorem-boitier-gaming-custom-micro-atx-triple-fenetre-en-verre-trempe-double-chambre-laterale-support-refroidissement-liquide-360mm-gestion-cablage-mini-tour-pc-usb-c-blanc\/#primaryimage","url":"https:\/\/proplaystore.lu\/wp-content\/uploads\/2025\/08\/81OU21obneL._AC_SX679_.jpg","contentUrl":"https:\/\/proplaystore.lu\/wp-content\/uploads\/2025\/08\/81OU21obneL._AC_SX679_.jpg","width":679,"height":632},{"@type":"BreadcrumbList","@id":"https:\/\/proplaystore.lu\/index.php\/produit\/mars-gaming-mc-3tcorem-boitier-gaming-custom-micro-atx-triple-fenetre-en-verre-trempe-double-chambre-laterale-support-refroidissement-liquide-360mm-gestion-cablage-mini-tour-pc-usb-c-blanc\/#breadcrumb","itemListElement":[{"@type":"ListItem","position":1,"name":"Accueil","item":"https:\/\/proplaystore.lu\/"},{"@type":"ListItem","position":2,"name":"Shop","item":"https:\/\/proplaystore.lu\/index.php\/shop\/"},{"@type":"ListItem","position":3,"name":"Mars Gaming MC-3TCOREM, Bo\u00eetier Gaming Custom Micro-ATX, Triple Fen\u00eatre en Verre Tremp\u00e9, Double Chambre Lat\u00e9rale, Support Refroidissement Liquide 360mm, Gestion C\u00e2blage, Mini-Tour PC, USB-C, Blanc"}]},{"@type":"WebSite","@id":"https:\/\/proplaystore.lu\/#website","url":"https:\/\/proplaystore.lu\/","name":"ProPlaystore","description":"proplaysre","potentialAction":[{"@type":"SearchAction","target":{"@type":"EntryPoint","urlTemplate":"https:\/\/proplaystore.lu\/?s={search_term_string}"},"query-input":{"@type":"PropertyValueSpecification","valueRequired":true,"valueName":"search_term_string"}}],"inLanguage":"en-US"}]}},"_links":{"self":[{"href":"https:\/\/proplaystore.lu\/index.php\/wp-json\/wp\/v2\/product\/7832","targetHints":{"allow":["GET"]}}],"collection":[{"href":"https:\/\/proplaystore.lu\/index.php\/wp-json\/wp\/v2\/product"}],"about":[{"href":"https:\/\/proplaystore.lu\/index.php\/wp-json\/wp\/v2\/types\/product"}],"replies":[{"embeddable":true,"href":"https:\/\/proplaystore.lu\/index.php\/wp-json\/wp\/v2\/comments?post=7832"}],"wp:featuredmedia":[{"embeddable":true,"href":"https:\/\/proplaystore.lu\/index.php\/wp-json\/wp\/v2\/media\/7836"}],"wp:attachment":[{"href":"https:\/\/proplaystore.lu\/index.php\/wp-json\/wp\/v2\/media?parent=7832"}],"wp:term":[{"taxonomy":"product_brand","embeddable":true,"href":"https:\/\/proplaystore.lu\/index.php\/wp-json\/wp\/v2\/product_brand?post=7832"},{"taxonomy":"product_cat","embeddable":true,"href":"https:\/\/proplaystore.lu\/index.php\/wp-json\/wp\/v2\/product_cat?post=7832"},{"taxonomy":"product_tag","embeddable":true,"href":"https:\/\/proplaystore.lu\/index.php\/wp-json\/wp\/v2\/product_tag?post=7832"}],"curies":[{"name":"wp","href":"https:\/\/api.w.org\/{rel}","templated":true}]}}