{"id":7844,"date":"2025-08-17T22:17:34","date_gmt":"2025-08-17T22:17:34","guid":{"rendered":"https:\/\/proplaystore.lu\/?post_type=product&#038;p=7844"},"modified":"2025-08-18T20:04:44","modified_gmt":"2025-08-18T20:04:44","slug":"musetex-boitier-pc-atx-3-non-led-ventilateurs-pre-installes-boitiers-pc-gaming-type-c-mid-tour-avec-double-verre-trempe-pleine-vue-boitier-pc-gamerblanck2","status":"publish","type":"product","link":"https:\/\/proplaystore.lu\/index.php\/produit\/musetex-boitier-pc-atx-3-non-led-ventilateurs-pre-installes-boitiers-pc-gaming-type-c-mid-tour-avec-double-verre-trempe-pleine-vue-boitier-pc-gamerblanck2\/","title":{"rendered":"MUSETEX Boitier PC ATX 3 Non-LED Ventilateurs pr\u00e9-install\u00e9s, Bo\u00eetiers PC Gaming Type-C Mid Tour avec Double Verre tremp\u00e9 Pleine Vue, Boitier PC Gamer,Blanc(K2)"},"content":{"rendered":"<h2 data-start=\"1558\" data-end=\"1580\"><strong data-start=\"1561\" data-end=\"1580\">Fiche technique<\/strong><\/h2>\n<table class=\"a-normal a-spacing-micro\" role=\"list\">\n<tbody>\n<tr class=\"a-spacing-small po-brand\" role=\"listitem\">\n<td class=\"a-span3\" role=\"presentation\"><span class=\"a-size-base a-text-bold\">Marque<\/span><\/td>\n<td class=\"a-span9\" role=\"presentation\"><span class=\"a-size-base po-break-word\">MUSETEX<\/span><\/td>\n<\/tr>\n<tr class=\"a-spacing-small po-supported_motherboard\" role=\"listitem\">\n<td class=\"a-span3\" role=\"presentation\"><span class=\"a-size-base a-text-bold\">Compatibilit\u00e9 de la carte m\u00e8re<\/span><\/td>\n<td class=\"a-span9\" role=\"presentation\"><span class=\"a-size-base po-break-word\">ATX<\/span><\/td>\n<\/tr>\n<tr class=\"a-spacing-small po-case.type\" role=\"listitem\">\n<td class=\"a-span3\" role=\"presentation\"><span class=\"a-size-base a-text-bold\">Type de cas<\/span><\/td>\n<td class=\"a-span9\" role=\"presentation\"><span class=\"a-size-base po-break-word\">Tour m\u00e9dian<\/span><\/td>\n<\/tr>\n<tr class=\"a-spacing-small po-recommended_uses_for_product\" role=\"listitem\">\n<td class=\"a-span3\" role=\"presentation\"><span class=\"a-size-base a-text-bold\">Usages recommand\u00e9s pour le produit<\/span><\/td>\n<td class=\"a-span9\" role=\"presentation\"><span class=\"a-size-base po-break-word\">Commercial, Jeu<\/span><\/td>\n<\/tr>\n<tr class=\"a-spacing-small po-color\" role=\"listitem\">\n<td class=\"a-span3\" role=\"presentation\"><span class=\"a-size-base a-text-bold\">Couleur<\/span><\/td>\n<td class=\"a-span9\" role=\"presentation\"><span class=\"a-size-base po-break-word\">Blanc<\/span><\/td>\n<\/tr>\n<tr class=\"a-spacing-small po-material\" role=\"listitem\">\n<td class=\"a-span3\" role=\"presentation\"><span class=\"a-size-base a-text-bold\">Mat\u00e9riau<\/span><\/td>\n<td class=\"a-span9\" role=\"presentation\"><span class=\"a-size-base po-break-word\">M\u00e9tal<\/span><\/td>\n<\/tr>\n<tr class=\"a-spacing-small po-power_supply_mounting_type\" role=\"listitem\">\n<td class=\"a-span3\" role=\"presentation\"><span class=\"a-size-base a-text-bold\">Type de fixation de l&#8217;alimentation<\/span><\/td>\n<td class=\"a-span9\" role=\"presentation\"><span class=\"a-size-base po-break-word\">Montage inf\u00e9rieur<\/span><\/td>\n<\/tr>\n<tr class=\"a-spacing-small po-cooling_method\" role=\"listitem\">\n<td class=\"a-span3\" role=\"presentation\"><span class=\"a-size-base a-text-bold\">M\u00e9thode de refroidissement<\/span><\/td>\n<td class=\"a-span9\" role=\"presentation\"><span class=\"a-size-base po-break-word\">Air, Eau<\/span><\/td>\n<\/tr>\n<tr class=\"a-spacing-small po-model_name\" role=\"listitem\">\n<td class=\"a-span3\" role=\"presentation\"><span class=\"a-size-base a-text-bold\">Nom de mod\u00e8le<\/span><\/td>\n<td class=\"a-span9\" role=\"presentation\"><span class=\"a-size-base po-break-word\">K2<\/span><\/td>\n<\/tr>\n<tr class=\"a-spacing-small po-fan_size\" role=\"listitem\">\n<td class=\"a-span3\" role=\"presentation\"><span class=\"a-size-base a-text-bold\">Taille du ventilateur<\/span><\/td>\n<td class=\"a-span9\" role=\"presentation\"><span class=\"a-size-base po-break-word\">120 Millim\u00e8tres<\/span><\/td>\n<\/tr>\n<\/tbody>\n<\/table>\n<p>&nbsp;<\/p>\n<p>&nbsp;<\/p>\n<p>&nbsp;<\/p>\n<p>&nbsp;<\/p>\n<p>&nbsp;<\/p>\n<p>&nbsp;<\/p>\n","protected":false},"excerpt":{"rendered":"<ul class=\"a-unordered-list a-vertical a-spacing-mini\">\n<li class=\"a-spacing-mini\"><span class=\"a-list-item\">MUSETEX vous apporte le K2, un boitier PC de jeu avec une excellente exp\u00e9rience visuelle et une excellente exp\u00e9rience d&#8217;installation, avec une configuration \u00e9lev\u00e9e et polyvalente et un excellent rapport qualit\u00e9-prix. Le bo\u00eetier un espace d&#8217;installation extra large et une vitre en verre tremp\u00e9 double tremp\u00e9 enti\u00e8rement transparent \u00e0 270\u00b0 pour une vision plus large pour pr\u00e9senter le mat\u00e9riel PC haut de gamme cool et les poup\u00e9es bien-aim\u00e9es<\/span><\/li>\n<li class=\"a-spacing-mini\"><span class=\"a-list-item\">La puissante r\u00e9partition de l&#8217;espace du boitier tour &#8211; la structure interne du boitier ATX a \u00e9t\u00e9 ordonn\u00e9e par MUSETEX et chaque espace d&#8217;installation a \u00e9t\u00e9 intelligemment con\u00e7u, de sorte que le bo\u00eetier peut \u00eatre install\u00e9 sans entrave et est compatible avec la plupart des mat\u00e9riels traditionnels du march\u00e9. Il prend en charge les cartes graphiques jusqu&#8217;\u00e0 420 mm (16,54&#8243;), les hauteurs de refroidissement du processeur jusqu&#8217;\u00e0 176 mm, les refroidisseurs liquides \u00e0 montage haut de gamme jusqu&#8217;\u00e0 360 mm et les alimentations jusqu&#8217;\u00e0 238 mm (9,37&#8243;).<\/span><\/li>\n<li class=\"a-spacing-mini\"><span class=\"a-list-item\">Ports d&#8217;extension E\/S \u00e0 grande vitesse am\u00e9lior\u00e9s &#8211; Ce boitier pc gamer d&#8217;ordinateur est riche en ports externes pour r\u00e9pondre aux exigences multifonctionnelles du fonctionnement quotidien de bureau et de jeu. Augmentez les co\u00fbts en configurant deux ports USB 3.0 et TYPE-C haute vitesse pour une connexion facile \u00e0 divers nouveaux p\u00e9riph\u00e9riques standard, profitez de vitesses de transfert plus \u00e9lev\u00e9es et \u00e9conomisez du temps d&#8217;attente.<\/span><\/li>\n<li class=\"a-spacing-mini\"><span class=\"a-list-item\">Pratique et d\u00e9coratif &#8211; La structure rectangulaire du boitier Mid Tower ne prend pas de place suppl\u00e9mentaire sur le bureau et est \u00e0 la fois esth\u00e9tique et \u00e9l\u00e9gante. Le bo\u00eetier de jeu est compos\u00e9 de deux vitres en verre tremp\u00e9 hautement transparentes qui offrent une transmission naturelle de la lumi\u00e8re, une duret\u00e9 \u00e9lev\u00e9e du verre tremp\u00e9 qui n&#8217;est pas facile \u00e0 endommager et une bonne isolation acoustique, ce qui garantit un grand confort pour les environnements de bureau et de jeu!<\/span><\/li>\n<li class=\"a-spacing-mini\"><span class=\"a-list-item\">Pratique et d\u00e9coratif &#8211; La structure rectangulaire du boitier Mid Tower ne prend pas de place suppl\u00e9mentaire sur le bureau et est \u00e0 la fois esth\u00e9tique et \u00e9l\u00e9gante. Le bo\u00eetier de jeu est compos\u00e9 de deux vitres en verre tremp\u00e9 hautement transparentes qui offrent une transmission naturelle de la lumi\u00e8re, une duret\u00e9 \u00e9lev\u00e9e du verre tremp\u00e9 qui n&#8217;est pas facile \u00e0 endommager et une bonne isolation acoustique, ce qui garantit un grand confort pour les environnements de bureau et de jeu!<\/span><\/li>\n<\/ul>\n","protected":false},"featured_media":7849,"comment_status":"open","ping_status":"closed","template":"","meta":[],"product_brand":[],"product_cat":[71],"product_tag":[75],"class_list":{"0":"post-7844","1":"product","2":"type-product","3":"status-publish","4":"has-post-thumbnail","6":"product_cat-boitier","7":"product_tag-case","9":"first","10":"instock","11":"shipping-taxable","12":"purchasable","13":"product-type-simple"},"yoast_head":"<!-- This site is optimized with the Yoast SEO plugin v26.4 - https:\/\/yoast.com\/wordpress\/plugins\/seo\/ -->\n<title>MUSETEX Boitier PC ATX 3 Non-LED Ventilateurs pr\u00e9-install\u00e9s, Bo\u00eetiers PC Gaming Type-C Mid Tour avec Double Verre tremp\u00e9 Pleine Vue, Boitier PC Gamer,Blanc(K2) - ProPlaystore<\/title>\n<meta name=\"robots\" content=\"index, follow, max-snippet:-1, max-image-preview:large, max-video-preview:-1\" \/>\n<link rel=\"canonical\" href=\"https:\/\/proplaystore.lu\/index.php\/produit\/musetex-boitier-pc-atx-3-non-led-ventilateurs-pre-installes-boitiers-pc-gaming-type-c-mid-tour-avec-double-verre-trempe-pleine-vue-boitier-pc-gamerblanck2\/\" \/>\n<meta property=\"og:locale\" content=\"en_US\" \/>\n<meta property=\"og:type\" content=\"article\" \/>\n<meta property=\"og:title\" content=\"MUSETEX Boitier PC ATX 3 Non-LED Ventilateurs pr\u00e9-install\u00e9s, Bo\u00eetiers PC Gaming Type-C Mid Tour avec Double Verre tremp\u00e9 Pleine Vue, Boitier PC Gamer,Blanc(K2) - ProPlaystore\" \/>\n<meta property=\"og:description\" content=\"MUSETEX vous apporte le K2, un boitier PC de jeu avec une excellente exp\u00e9rience visuelle et une excellente exp\u00e9rience d&#039;installation, avec une configuration \u00e9lev\u00e9e et polyvalente et un excellent rapport qualit\u00e9-prix. Le bo\u00eetier un espace d&#039;installation extra large et une vitre en verre tremp\u00e9 double tremp\u00e9 enti\u00e8rement transparent \u00e0 270\u00b0 pour une vision plus large pour pr\u00e9senter le mat\u00e9riel PC haut de gamme cool et les poup\u00e9es bien-aim\u00e9es  La puissante r\u00e9partition de l&#039;espace du boitier tour - la structure interne du boitier ATX a \u00e9t\u00e9 ordonn\u00e9e par MUSETEX et chaque espace d&#039;installation a \u00e9t\u00e9 intelligemment con\u00e7u, de sorte que le bo\u00eetier peut \u00eatre install\u00e9 sans entrave et est compatible avec la plupart des mat\u00e9riels traditionnels du march\u00e9. Il prend en charge les cartes graphiques jusqu&#039;\u00e0 420 mm (16,54&quot;), les hauteurs de refroidissement du processeur jusqu&#039;\u00e0 176 mm, les refroidisseurs liquides \u00e0 montage haut de gamme jusqu&#039;\u00e0 360 mm et les alimentations jusqu&#039;\u00e0 238 mm (9,37&quot;).  Ports d&#039;extension E\/S \u00e0 grande vitesse am\u00e9lior\u00e9s - Ce boitier pc gamer d&#039;ordinateur est riche en ports externes pour r\u00e9pondre aux exigences multifonctionnelles du fonctionnement quotidien de bureau et de jeu. Augmentez les co\u00fbts en configurant deux ports USB 3.0 et TYPE-C haute vitesse pour une connexion facile \u00e0 divers nouveaux p\u00e9riph\u00e9riques standard, profitez de vitesses de transfert plus \u00e9lev\u00e9es et \u00e9conomisez du temps d&#039;attente.  Pratique et d\u00e9coratif - La structure rectangulaire du boitier Mid Tower ne prend pas de place suppl\u00e9mentaire sur le bureau et est \u00e0 la fois esth\u00e9tique et \u00e9l\u00e9gante. Le bo\u00eetier de jeu est compos\u00e9 de deux vitres en verre tremp\u00e9 hautement transparentes qui offrent une transmission naturelle de la lumi\u00e8re, une duret\u00e9 \u00e9lev\u00e9e du verre tremp\u00e9 qui n&#039;est pas facile \u00e0 endommager et une bonne isolation acoustique, ce qui garantit un grand confort pour les environnements de bureau et de jeu!  Pratique et d\u00e9coratif - La structure rectangulaire du boitier Mid Tower ne prend pas de place suppl\u00e9mentaire sur le bureau et est \u00e0 la fois esth\u00e9tique et \u00e9l\u00e9gante. Le bo\u00eetier de jeu est compos\u00e9 de deux vitres en verre tremp\u00e9 hautement transparentes qui offrent une transmission naturelle de la lumi\u00e8re, une duret\u00e9 \u00e9lev\u00e9e du verre tremp\u00e9 qui n&#039;est pas facile \u00e0 endommager et une bonne isolation acoustique, ce qui garantit un grand confort pour les environnements de bureau et de jeu!\" \/>\n<meta property=\"og:url\" content=\"https:\/\/proplaystore.lu\/index.php\/produit\/musetex-boitier-pc-atx-3-non-led-ventilateurs-pre-installes-boitiers-pc-gaming-type-c-mid-tour-avec-double-verre-trempe-pleine-vue-boitier-pc-gamerblanck2\/\" \/>\n<meta property=\"og:site_name\" content=\"ProPlaystore\" \/>\n<meta property=\"article:modified_time\" content=\"2025-08-18T20:04:44+00:00\" \/>\n<meta property=\"og:image\" content=\"https:\/\/proplaystore.lu\/wp-content\/uploads\/2025\/08\/71iZDhO91SL._AC_SY550_.jpg\" \/>\n\t<meta property=\"og:image:width\" content=\"404\" \/>\n\t<meta property=\"og:image:height\" content=\"550\" \/>\n\t<meta property=\"og:image:type\" content=\"image\/jpeg\" \/>\n<meta name=\"twitter:card\" content=\"summary_large_image\" \/>\n<meta name=\"twitter:label1\" content=\"Est. reading time\" \/>\n\t<meta name=\"twitter:data1\" content=\"1 minute\" \/>\n<script type=\"application\/ld+json\" class=\"yoast-schema-graph\">{\"@context\":\"https:\/\/schema.org\",\"@graph\":[{\"@type\":\"WebPage\",\"@id\":\"https:\/\/proplaystore.lu\/index.php\/produit\/musetex-boitier-pc-atx-3-non-led-ventilateurs-pre-installes-boitiers-pc-gaming-type-c-mid-tour-avec-double-verre-trempe-pleine-vue-boitier-pc-gamerblanck2\/\",\"url\":\"https:\/\/proplaystore.lu\/index.php\/produit\/musetex-boitier-pc-atx-3-non-led-ventilateurs-pre-installes-boitiers-pc-gaming-type-c-mid-tour-avec-double-verre-trempe-pleine-vue-boitier-pc-gamerblanck2\/\",\"name\":\"MUSETEX Boitier PC ATX 3 Non-LED Ventilateurs pr\u00e9-install\u00e9s, Bo\u00eetiers PC Gaming Type-C Mid Tour avec Double Verre tremp\u00e9 Pleine Vue, Boitier PC Gamer,Blanc(K2) - ProPlaystore\",\"isPartOf\":{\"@id\":\"https:\/\/proplaystore.lu\/#website\"},\"primaryImageOfPage\":{\"@id\":\"https:\/\/proplaystore.lu\/index.php\/produit\/musetex-boitier-pc-atx-3-non-led-ventilateurs-pre-installes-boitiers-pc-gaming-type-c-mid-tour-avec-double-verre-trempe-pleine-vue-boitier-pc-gamerblanck2\/#primaryimage\"},\"image\":{\"@id\":\"https:\/\/proplaystore.lu\/index.php\/produit\/musetex-boitier-pc-atx-3-non-led-ventilateurs-pre-installes-boitiers-pc-gaming-type-c-mid-tour-avec-double-verre-trempe-pleine-vue-boitier-pc-gamerblanck2\/#primaryimage\"},\"thumbnailUrl\":\"https:\/\/proplaystore.lu\/wp-content\/uploads\/2025\/08\/71iZDhO91SL._AC_SY550_.jpg\",\"datePublished\":\"2025-08-17T22:17:34+00:00\",\"dateModified\":\"2025-08-18T20:04:44+00:00\",\"breadcrumb\":{\"@id\":\"https:\/\/proplaystore.lu\/index.php\/produit\/musetex-boitier-pc-atx-3-non-led-ventilateurs-pre-installes-boitiers-pc-gaming-type-c-mid-tour-avec-double-verre-trempe-pleine-vue-boitier-pc-gamerblanck2\/#breadcrumb\"},\"inLanguage\":\"en-US\",\"potentialAction\":[{\"@type\":\"ReadAction\",\"target\":[\"https:\/\/proplaystore.lu\/index.php\/produit\/musetex-boitier-pc-atx-3-non-led-ventilateurs-pre-installes-boitiers-pc-gaming-type-c-mid-tour-avec-double-verre-trempe-pleine-vue-boitier-pc-gamerblanck2\/\"]}]},{\"@type\":\"ImageObject\",\"inLanguage\":\"en-US\",\"@id\":\"https:\/\/proplaystore.lu\/index.php\/produit\/musetex-boitier-pc-atx-3-non-led-ventilateurs-pre-installes-boitiers-pc-gaming-type-c-mid-tour-avec-double-verre-trempe-pleine-vue-boitier-pc-gamerblanck2\/#primaryimage\",\"url\":\"https:\/\/proplaystore.lu\/wp-content\/uploads\/2025\/08\/71iZDhO91SL._AC_SY550_.jpg\",\"contentUrl\":\"https:\/\/proplaystore.lu\/wp-content\/uploads\/2025\/08\/71iZDhO91SL._AC_SY550_.jpg\",\"width\":404,\"height\":550},{\"@type\":\"BreadcrumbList\",\"@id\":\"https:\/\/proplaystore.lu\/index.php\/produit\/musetex-boitier-pc-atx-3-non-led-ventilateurs-pre-installes-boitiers-pc-gaming-type-c-mid-tour-avec-double-verre-trempe-pleine-vue-boitier-pc-gamerblanck2\/#breadcrumb\",\"itemListElement\":[{\"@type\":\"ListItem\",\"position\":1,\"name\":\"Accueil\",\"item\":\"https:\/\/proplaystore.lu\/\"},{\"@type\":\"ListItem\",\"position\":2,\"name\":\"Shop\",\"item\":\"https:\/\/proplaystore.lu\/index.php\/shop\/\"},{\"@type\":\"ListItem\",\"position\":3,\"name\":\"MUSETEX Boitier PC ATX 3 Non-LED Ventilateurs pr\u00e9-install\u00e9s, Bo\u00eetiers PC Gaming Type-C Mid Tour avec Double Verre tremp\u00e9 Pleine Vue, Boitier PC Gamer,Blanc(K2)\"}]},{\"@type\":\"WebSite\",\"@id\":\"https:\/\/proplaystore.lu\/#website\",\"url\":\"https:\/\/proplaystore.lu\/\",\"name\":\"ProPlaystore\",\"description\":\"proplaysre\",\"potentialAction\":[{\"@type\":\"SearchAction\",\"target\":{\"@type\":\"EntryPoint\",\"urlTemplate\":\"https:\/\/proplaystore.lu\/?s={search_term_string}\"},\"query-input\":{\"@type\":\"PropertyValueSpecification\",\"valueRequired\":true,\"valueName\":\"search_term_string\"}}],\"inLanguage\":\"en-US\"}]}<\/script>\n<!-- \/ Yoast SEO plugin. -->","yoast_head_json":{"title":"MUSETEX Boitier PC ATX 3 Non-LED Ventilateurs pr\u00e9-install\u00e9s, Bo\u00eetiers PC Gaming Type-C Mid Tour avec Double Verre tremp\u00e9 Pleine Vue, Boitier PC Gamer,Blanc(K2) - ProPlaystore","robots":{"index":"index","follow":"follow","max-snippet":"max-snippet:-1","max-image-preview":"max-image-preview:large","max-video-preview":"max-video-preview:-1"},"canonical":"https:\/\/proplaystore.lu\/index.php\/produit\/musetex-boitier-pc-atx-3-non-led-ventilateurs-pre-installes-boitiers-pc-gaming-type-c-mid-tour-avec-double-verre-trempe-pleine-vue-boitier-pc-gamerblanck2\/","og_locale":"en_US","og_type":"article","og_title":"MUSETEX Boitier PC ATX 3 Non-LED Ventilateurs pr\u00e9-install\u00e9s, Bo\u00eetiers PC Gaming Type-C Mid Tour avec Double Verre tremp\u00e9 Pleine Vue, Boitier PC Gamer,Blanc(K2) - ProPlaystore","og_description":"MUSETEX vous apporte le K2, un boitier PC de jeu avec une excellente exp\u00e9rience visuelle et une excellente exp\u00e9rience d'installation, avec une configuration \u00e9lev\u00e9e et polyvalente et un excellent rapport qualit\u00e9-prix. Le bo\u00eetier un espace d'installation extra large et une vitre en verre tremp\u00e9 double tremp\u00e9 enti\u00e8rement transparent \u00e0 270\u00b0 pour une vision plus large pour pr\u00e9senter le mat\u00e9riel PC haut de gamme cool et les poup\u00e9es bien-aim\u00e9es  La puissante r\u00e9partition de l'espace du boitier tour - la structure interne du boitier ATX a \u00e9t\u00e9 ordonn\u00e9e par MUSETEX et chaque espace d'installation a \u00e9t\u00e9 intelligemment con\u00e7u, de sorte que le bo\u00eetier peut \u00eatre install\u00e9 sans entrave et est compatible avec la plupart des mat\u00e9riels traditionnels du march\u00e9. Il prend en charge les cartes graphiques jusqu'\u00e0 420 mm (16,54\"), les hauteurs de refroidissement du processeur jusqu'\u00e0 176 mm, les refroidisseurs liquides \u00e0 montage haut de gamme jusqu'\u00e0 360 mm et les alimentations jusqu'\u00e0 238 mm (9,37\").  Ports d'extension E\/S \u00e0 grande vitesse am\u00e9lior\u00e9s - Ce boitier pc gamer d'ordinateur est riche en ports externes pour r\u00e9pondre aux exigences multifonctionnelles du fonctionnement quotidien de bureau et de jeu. Augmentez les co\u00fbts en configurant deux ports USB 3.0 et TYPE-C haute vitesse pour une connexion facile \u00e0 divers nouveaux p\u00e9riph\u00e9riques standard, profitez de vitesses de transfert plus \u00e9lev\u00e9es et \u00e9conomisez du temps d'attente.  Pratique et d\u00e9coratif - La structure rectangulaire du boitier Mid Tower ne prend pas de place suppl\u00e9mentaire sur le bureau et est \u00e0 la fois esth\u00e9tique et \u00e9l\u00e9gante. Le bo\u00eetier de jeu est compos\u00e9 de deux vitres en verre tremp\u00e9 hautement transparentes qui offrent une transmission naturelle de la lumi\u00e8re, une duret\u00e9 \u00e9lev\u00e9e du verre tremp\u00e9 qui n'est pas facile \u00e0 endommager et une bonne isolation acoustique, ce qui garantit un grand confort pour les environnements de bureau et de jeu!  Pratique et d\u00e9coratif - La structure rectangulaire du boitier Mid Tower ne prend pas de place suppl\u00e9mentaire sur le bureau et est \u00e0 la fois esth\u00e9tique et \u00e9l\u00e9gante. Le bo\u00eetier de jeu est compos\u00e9 de deux vitres en verre tremp\u00e9 hautement transparentes qui offrent une transmission naturelle de la lumi\u00e8re, une duret\u00e9 \u00e9lev\u00e9e du verre tremp\u00e9 qui n'est pas facile \u00e0 endommager et une bonne isolation acoustique, ce qui garantit un grand confort pour les environnements de bureau et de jeu!","og_url":"https:\/\/proplaystore.lu\/index.php\/produit\/musetex-boitier-pc-atx-3-non-led-ventilateurs-pre-installes-boitiers-pc-gaming-type-c-mid-tour-avec-double-verre-trempe-pleine-vue-boitier-pc-gamerblanck2\/","og_site_name":"ProPlaystore","article_modified_time":"2025-08-18T20:04:44+00:00","og_image":[{"width":404,"height":550,"url":"https:\/\/proplaystore.lu\/wp-content\/uploads\/2025\/08\/71iZDhO91SL._AC_SY550_.jpg","type":"image\/jpeg"}],"twitter_card":"summary_large_image","twitter_misc":{"Est. reading time":"1 minute"},"schema":{"@context":"https:\/\/schema.org","@graph":[{"@type":"WebPage","@id":"https:\/\/proplaystore.lu\/index.php\/produit\/musetex-boitier-pc-atx-3-non-led-ventilateurs-pre-installes-boitiers-pc-gaming-type-c-mid-tour-avec-double-verre-trempe-pleine-vue-boitier-pc-gamerblanck2\/","url":"https:\/\/proplaystore.lu\/index.php\/produit\/musetex-boitier-pc-atx-3-non-led-ventilateurs-pre-installes-boitiers-pc-gaming-type-c-mid-tour-avec-double-verre-trempe-pleine-vue-boitier-pc-gamerblanck2\/","name":"MUSETEX Boitier PC ATX 3 Non-LED Ventilateurs pr\u00e9-install\u00e9s, Bo\u00eetiers PC Gaming Type-C Mid Tour avec Double Verre tremp\u00e9 Pleine Vue, Boitier PC Gamer,Blanc(K2) - ProPlaystore","isPartOf":{"@id":"https:\/\/proplaystore.lu\/#website"},"primaryImageOfPage":{"@id":"https:\/\/proplaystore.lu\/index.php\/produit\/musetex-boitier-pc-atx-3-non-led-ventilateurs-pre-installes-boitiers-pc-gaming-type-c-mid-tour-avec-double-verre-trempe-pleine-vue-boitier-pc-gamerblanck2\/#primaryimage"},"image":{"@id":"https:\/\/proplaystore.lu\/index.php\/produit\/musetex-boitier-pc-atx-3-non-led-ventilateurs-pre-installes-boitiers-pc-gaming-type-c-mid-tour-avec-double-verre-trempe-pleine-vue-boitier-pc-gamerblanck2\/#primaryimage"},"thumbnailUrl":"https:\/\/proplaystore.lu\/wp-content\/uploads\/2025\/08\/71iZDhO91SL._AC_SY550_.jpg","datePublished":"2025-08-17T22:17:34+00:00","dateModified":"2025-08-18T20:04:44+00:00","breadcrumb":{"@id":"https:\/\/proplaystore.lu\/index.php\/produit\/musetex-boitier-pc-atx-3-non-led-ventilateurs-pre-installes-boitiers-pc-gaming-type-c-mid-tour-avec-double-verre-trempe-pleine-vue-boitier-pc-gamerblanck2\/#breadcrumb"},"inLanguage":"en-US","potentialAction":[{"@type":"ReadAction","target":["https:\/\/proplaystore.lu\/index.php\/produit\/musetex-boitier-pc-atx-3-non-led-ventilateurs-pre-installes-boitiers-pc-gaming-type-c-mid-tour-avec-double-verre-trempe-pleine-vue-boitier-pc-gamerblanck2\/"]}]},{"@type":"ImageObject","inLanguage":"en-US","@id":"https:\/\/proplaystore.lu\/index.php\/produit\/musetex-boitier-pc-atx-3-non-led-ventilateurs-pre-installes-boitiers-pc-gaming-type-c-mid-tour-avec-double-verre-trempe-pleine-vue-boitier-pc-gamerblanck2\/#primaryimage","url":"https:\/\/proplaystore.lu\/wp-content\/uploads\/2025\/08\/71iZDhO91SL._AC_SY550_.jpg","contentUrl":"https:\/\/proplaystore.lu\/wp-content\/uploads\/2025\/08\/71iZDhO91SL._AC_SY550_.jpg","width":404,"height":550},{"@type":"BreadcrumbList","@id":"https:\/\/proplaystore.lu\/index.php\/produit\/musetex-boitier-pc-atx-3-non-led-ventilateurs-pre-installes-boitiers-pc-gaming-type-c-mid-tour-avec-double-verre-trempe-pleine-vue-boitier-pc-gamerblanck2\/#breadcrumb","itemListElement":[{"@type":"ListItem","position":1,"name":"Accueil","item":"https:\/\/proplaystore.lu\/"},{"@type":"ListItem","position":2,"name":"Shop","item":"https:\/\/proplaystore.lu\/index.php\/shop\/"},{"@type":"ListItem","position":3,"name":"MUSETEX Boitier PC ATX 3 Non-LED Ventilateurs pr\u00e9-install\u00e9s, Bo\u00eetiers PC Gaming Type-C Mid Tour avec Double Verre tremp\u00e9 Pleine Vue, Boitier PC Gamer,Blanc(K2)"}]},{"@type":"WebSite","@id":"https:\/\/proplaystore.lu\/#website","url":"https:\/\/proplaystore.lu\/","name":"ProPlaystore","description":"proplaysre","potentialAction":[{"@type":"SearchAction","target":{"@type":"EntryPoint","urlTemplate":"https:\/\/proplaystore.lu\/?s={search_term_string}"},"query-input":{"@type":"PropertyValueSpecification","valueRequired":true,"valueName":"search_term_string"}}],"inLanguage":"en-US"}]}},"_links":{"self":[{"href":"https:\/\/proplaystore.lu\/index.php\/wp-json\/wp\/v2\/product\/7844","targetHints":{"allow":["GET"]}}],"collection":[{"href":"https:\/\/proplaystore.lu\/index.php\/wp-json\/wp\/v2\/product"}],"about":[{"href":"https:\/\/proplaystore.lu\/index.php\/wp-json\/wp\/v2\/types\/product"}],"replies":[{"embeddable":true,"href":"https:\/\/proplaystore.lu\/index.php\/wp-json\/wp\/v2\/comments?post=7844"}],"wp:featuredmedia":[{"embeddable":true,"href":"https:\/\/proplaystore.lu\/index.php\/wp-json\/wp\/v2\/media\/7849"}],"wp:attachment":[{"href":"https:\/\/proplaystore.lu\/index.php\/wp-json\/wp\/v2\/media?parent=7844"}],"wp:term":[{"taxonomy":"product_brand","embeddable":true,"href":"https:\/\/proplaystore.lu\/index.php\/wp-json\/wp\/v2\/product_brand?post=7844"},{"taxonomy":"product_cat","embeddable":true,"href":"https:\/\/proplaystore.lu\/index.php\/wp-json\/wp\/v2\/product_cat?post=7844"},{"taxonomy":"product_tag","embeddable":true,"href":"https:\/\/proplaystore.lu\/index.php\/wp-json\/wp\/v2\/product_tag?post=7844"}],"curies":[{"name":"wp","href":"https:\/\/api.w.org\/{rel}","templated":true}]}}