{"id":7857,"date":"2025-08-17T22:21:53","date_gmt":"2025-08-17T22:21:53","guid":{"rendered":"https:\/\/proplaystore.lu\/?post_type=product&#038;p=7857"},"modified":"2025-08-19T08:05:28","modified_gmt":"2025-08-19T08:05:28","slug":"fractal-design-north-xl-rc-chalk-white-tg-clear-boitier-pc-gaming-atx-ventile-avec-panneaux-en-bois-3-ventilateurs-pwm-140mm-et-usb-type-c-inclus","status":"publish","type":"product","link":"https:\/\/proplaystore.lu\/index.php\/produit\/fractal-design-north-xl-rc-chalk-white-tg-clear-boitier-pc-gaming-atx-ventile-avec-panneaux-en-bois-3-ventilateurs-pwm-140mm-et-usb-type-c-inclus\/","title":{"rendered":"Fractal Design North XL RC Chalk White TG Clear &#8211; Bo\u00eetier PC Gaming ATX Ventil\u00e9 avec Panneaux en Bois &#8211; 3 Ventilateurs PWM 140mm et USB Type C Inclus"},"content":{"rendered":"<h2 data-start=\"1558\" data-end=\"1580\"><strong data-start=\"1561\" data-end=\"1580\">Fiche technique<\/strong><\/h2>\n<table class=\"a-normal a-spacing-micro\" role=\"list\">\n<tbody>\n<tr class=\"a-spacing-small po-brand\" role=\"listitem\">\n<td class=\"a-span3\" role=\"presentation\"><span class=\"a-size-base a-text-bold\">Marque<\/span><\/td>\n<td class=\"a-span9\" role=\"presentation\"><span class=\"a-size-base po-break-word\">Fractal Design<\/span><\/td>\n<\/tr>\n<tr class=\"a-spacing-small po-supported_motherboard\" role=\"listitem\">\n<td class=\"a-span3\" role=\"presentation\"><span class=\"a-size-base a-text-bold\">Compatibilit\u00e9 de la carte m\u00e8re<\/span><\/td>\n<td class=\"a-span9\" role=\"presentation\"><span class=\"a-size-base po-break-word\">ATX, Micro ATX<\/span><\/td>\n<\/tr>\n<tr class=\"a-spacing-small po-case.type\" role=\"listitem\">\n<td class=\"a-span3\" role=\"presentation\"><span class=\"a-size-base a-text-bold\">Type de cas<\/span><\/td>\n<td class=\"a-span9\" role=\"presentation\"><span class=\"a-size-base po-break-word\">Tour m\u00e9dian<\/span><\/td>\n<\/tr>\n<tr class=\"a-spacing-small po-recommended_uses_for_product\" role=\"listitem\">\n<td class=\"a-span3\" role=\"presentation\"><span class=\"a-size-base a-text-bold\">Usages recommand\u00e9s pour le produit<\/span><\/td>\n<td class=\"a-span9\" role=\"presentation\"><span class=\"a-size-base po-break-word\">Jeu<\/span><\/td>\n<\/tr>\n<tr class=\"a-spacing-small po-color\" role=\"listitem\">\n<td class=\"a-span3\" role=\"presentation\"><span class=\"a-size-base a-text-bold\">Couleur<\/span><\/td>\n<td class=\"a-span9\" role=\"presentation\"><span class=\"a-size-base po-break-word\">Chalk White &#8211; Tempered Glass Clear Tint<\/span><\/td>\n<\/tr>\n<tr class=\"a-spacing-small po-material\" role=\"listitem\">\n<td class=\"a-span3\" role=\"presentation\"><span class=\"a-size-base a-text-bold\">Mat\u00e9riau<\/span><\/td>\n<td class=\"a-span9\" role=\"presentation\"><span class=\"a-size-base po-break-word\">M\u00e9tal<\/span><\/td>\n<\/tr>\n<tr class=\"a-spacing-small po-power_supply_mounting_type\" role=\"listitem\">\n<td class=\"a-span3\" role=\"presentation\"><span class=\"a-size-base a-text-bold\">Type de fixation de l&#8217;alimentation<\/span><\/td>\n<td class=\"a-span9\" role=\"presentation\"><span class=\"a-size-base po-break-word\">Montage avant<\/span><\/td>\n<\/tr>\n<tr class=\"a-spacing-small po-cooling_method\" role=\"listitem\">\n<td class=\"a-span3\" role=\"presentation\"><span class=\"a-size-base a-text-bold\">M\u00e9thode de refroidissement<\/span><\/td>\n<td class=\"a-span9\" role=\"presentation\"><span class=\"a-size-base po-break-word\">Air<\/span><\/td>\n<\/tr>\n<tr class=\"a-spacing-small po-model_name\" role=\"listitem\">\n<td class=\"a-span3\" role=\"presentation\"><span class=\"a-size-base a-text-bold\">Nom de mod\u00e8le<\/span><\/td>\n<td class=\"a-span9\" role=\"presentation\"><span class=\"a-size-base po-break-word\">North XL RC Chalk White TG Clear<\/span><\/td>\n<\/tr>\n<tr class=\"a-spacing-small po-item_depth_width_height\" role=\"listitem\">\n<td class=\"a-span3\" role=\"presentation\"><span class=\"a-size-base a-text-bold\">Dimensions du produit<\/span><\/td>\n<td class=\"a-span9\" role=\"presentation\"><span class=\"a-size-base po-break-word\">50,3P x 24l x 50,9H centim\u00e8tres<\/span><\/td>\n<\/tr>\n<\/tbody>\n<\/table>\n<p>&nbsp;<\/p>\n<p>&nbsp;<\/p>\n<p>&nbsp;<\/p>\n<p>&nbsp;<\/p>\n<p>&nbsp;<\/p>\n<p>&nbsp;<\/p>\n","protected":false},"excerpt":{"rendered":"<ul class=\"a-unordered-list a-vertical a-spacing-mini\">\n<li class=\"a-spacing-mini\"><span class=\"a-list-item\">Con\u00e7u pour les cartes m\u00e8res ATX et mATX avec des connecteurs cach\u00e9s \u00e0 l&#8217;arri\u00e8re (les cartes m\u00e8res \u00e0 connexion standard ne sont pas prises en charge).<\/span><\/li>\n<li class=\"a-spacing-mini\"><span class=\"a-list-item\">Am\u00e9liorez l&#8217;apparence de votre station de jeu avec des d\u00e9tails en bois et en alliage \u00e9l\u00e9gants.<\/span><\/li>\n<li class=\"a-spacing-mini\"><span class=\"a-list-item\">Profitez d&#8217;une ventilation naturelle gr\u00e2ce \u00e0 un devant ouvert et un mesh int\u00e9gr\u00e9 au design styl\u00e9.<\/span><\/li>\n<li class=\"a-spacing-mini\"><span class=\"a-list-item\">Choisissez un GPU jusqu&#8217;\u00e0 413 mm, ou jusqu&#8217;\u00e0 380 mm avec un radiateur avant de 420 mm.<\/span><\/li>\n<li class=\"a-spacing-mini\"><span class=\"a-list-item\">Prenez de l&#8217;avance sur votre construction avec les trois ventilateurs PWM Aspect de 140 mm inclus.<\/span><\/li>\n<\/ul>\n","protected":false},"featured_media":7865,"comment_status":"open","ping_status":"closed","template":"","meta":[],"product_brand":[],"product_cat":[71],"product_tag":[75],"class_list":{"0":"post-7857","1":"product","2":"type-product","3":"status-publish","4":"has-post-thumbnail","6":"product_cat-boitier","7":"product_tag-case","9":"first","10":"instock","11":"shipping-taxable","12":"purchasable","13":"product-type-simple"},"yoast_head":"<!-- This site is optimized with the Yoast SEO plugin v26.4 - https:\/\/yoast.com\/wordpress\/plugins\/seo\/ -->\n<title>Fractal Design North XL RC Chalk White TG Clear - Bo\u00eetier PC Gaming ATX Ventil\u00e9 avec Panneaux en Bois - 3 Ventilateurs PWM 140mm et USB Type C Inclus - ProPlaystore<\/title>\n<meta name=\"robots\" content=\"index, follow, max-snippet:-1, max-image-preview:large, max-video-preview:-1\" \/>\n<link rel=\"canonical\" href=\"https:\/\/proplaystore.lu\/index.php\/produit\/fractal-design-north-xl-rc-chalk-white-tg-clear-boitier-pc-gaming-atx-ventile-avec-panneaux-en-bois-3-ventilateurs-pwm-140mm-et-usb-type-c-inclus\/\" \/>\n<meta property=\"og:locale\" content=\"en_US\" \/>\n<meta property=\"og:type\" content=\"article\" \/>\n<meta property=\"og:title\" content=\"Fractal Design North XL RC Chalk White TG Clear - Bo\u00eetier PC Gaming ATX Ventil\u00e9 avec Panneaux en Bois - 3 Ventilateurs PWM 140mm et USB Type C Inclus - ProPlaystore\" \/>\n<meta property=\"og:description\" content=\"Con\u00e7u pour les cartes m\u00e8res ATX et mATX avec des connecteurs cach\u00e9s \u00e0 l&#039;arri\u00e8re (les cartes m\u00e8res \u00e0 connexion standard ne sont pas prises en charge).  Am\u00e9liorez l&#039;apparence de votre station de jeu avec des d\u00e9tails en bois et en alliage \u00e9l\u00e9gants.  Profitez d&#039;une ventilation naturelle gr\u00e2ce \u00e0 un devant ouvert et un mesh int\u00e9gr\u00e9 au design styl\u00e9.  Choisissez un GPU jusqu&#039;\u00e0 413 mm, ou jusqu&#039;\u00e0 380 mm avec un radiateur avant de 420 mm.  Prenez de l&#039;avance sur votre construction avec les trois ventilateurs PWM Aspect de 140 mm inclus.\" \/>\n<meta property=\"og:url\" content=\"https:\/\/proplaystore.lu\/index.php\/produit\/fractal-design-north-xl-rc-chalk-white-tg-clear-boitier-pc-gaming-atx-ventile-avec-panneaux-en-bois-3-ventilateurs-pwm-140mm-et-usb-type-c-inclus\/\" \/>\n<meta property=\"og:site_name\" content=\"ProPlaystore\" \/>\n<meta property=\"article:modified_time\" content=\"2025-08-19T08:05:28+00:00\" \/>\n<meta property=\"og:image\" content=\"https:\/\/proplaystore.lu\/wp-content\/uploads\/2025\/08\/71j52xmNb4L._AC_SX679_.jpg\" \/>\n\t<meta property=\"og:image:width\" content=\"679\" \/>\n\t<meta property=\"og:image:height\" content=\"821\" \/>\n\t<meta property=\"og:image:type\" content=\"image\/jpeg\" \/>\n<meta name=\"twitter:card\" content=\"summary_large_image\" \/>\n<meta name=\"twitter:label1\" content=\"Est. reading time\" \/>\n\t<meta name=\"twitter:data1\" content=\"1 minute\" \/>\n<script type=\"application\/ld+json\" class=\"yoast-schema-graph\">{\"@context\":\"https:\/\/schema.org\",\"@graph\":[{\"@type\":\"WebPage\",\"@id\":\"https:\/\/proplaystore.lu\/index.php\/produit\/fractal-design-north-xl-rc-chalk-white-tg-clear-boitier-pc-gaming-atx-ventile-avec-panneaux-en-bois-3-ventilateurs-pwm-140mm-et-usb-type-c-inclus\/\",\"url\":\"https:\/\/proplaystore.lu\/index.php\/produit\/fractal-design-north-xl-rc-chalk-white-tg-clear-boitier-pc-gaming-atx-ventile-avec-panneaux-en-bois-3-ventilateurs-pwm-140mm-et-usb-type-c-inclus\/\",\"name\":\"Fractal Design North XL RC Chalk White TG Clear - Bo\u00eetier PC Gaming ATX Ventil\u00e9 avec Panneaux en Bois - 3 Ventilateurs PWM 140mm et USB Type C Inclus - ProPlaystore\",\"isPartOf\":{\"@id\":\"https:\/\/proplaystore.lu\/#website\"},\"primaryImageOfPage\":{\"@id\":\"https:\/\/proplaystore.lu\/index.php\/produit\/fractal-design-north-xl-rc-chalk-white-tg-clear-boitier-pc-gaming-atx-ventile-avec-panneaux-en-bois-3-ventilateurs-pwm-140mm-et-usb-type-c-inclus\/#primaryimage\"},\"image\":{\"@id\":\"https:\/\/proplaystore.lu\/index.php\/produit\/fractal-design-north-xl-rc-chalk-white-tg-clear-boitier-pc-gaming-atx-ventile-avec-panneaux-en-bois-3-ventilateurs-pwm-140mm-et-usb-type-c-inclus\/#primaryimage\"},\"thumbnailUrl\":\"https:\/\/proplaystore.lu\/wp-content\/uploads\/2025\/08\/71j52xmNb4L._AC_SX679_.jpg\",\"datePublished\":\"2025-08-17T22:21:53+00:00\",\"dateModified\":\"2025-08-19T08:05:28+00:00\",\"breadcrumb\":{\"@id\":\"https:\/\/proplaystore.lu\/index.php\/produit\/fractal-design-north-xl-rc-chalk-white-tg-clear-boitier-pc-gaming-atx-ventile-avec-panneaux-en-bois-3-ventilateurs-pwm-140mm-et-usb-type-c-inclus\/#breadcrumb\"},\"inLanguage\":\"en-US\",\"potentialAction\":[{\"@type\":\"ReadAction\",\"target\":[\"https:\/\/proplaystore.lu\/index.php\/produit\/fractal-design-north-xl-rc-chalk-white-tg-clear-boitier-pc-gaming-atx-ventile-avec-panneaux-en-bois-3-ventilateurs-pwm-140mm-et-usb-type-c-inclus\/\"]}]},{\"@type\":\"ImageObject\",\"inLanguage\":\"en-US\",\"@id\":\"https:\/\/proplaystore.lu\/index.php\/produit\/fractal-design-north-xl-rc-chalk-white-tg-clear-boitier-pc-gaming-atx-ventile-avec-panneaux-en-bois-3-ventilateurs-pwm-140mm-et-usb-type-c-inclus\/#primaryimage\",\"url\":\"https:\/\/proplaystore.lu\/wp-content\/uploads\/2025\/08\/71j52xmNb4L._AC_SX679_.jpg\",\"contentUrl\":\"https:\/\/proplaystore.lu\/wp-content\/uploads\/2025\/08\/71j52xmNb4L._AC_SX679_.jpg\",\"width\":679,\"height\":821},{\"@type\":\"BreadcrumbList\",\"@id\":\"https:\/\/proplaystore.lu\/index.php\/produit\/fractal-design-north-xl-rc-chalk-white-tg-clear-boitier-pc-gaming-atx-ventile-avec-panneaux-en-bois-3-ventilateurs-pwm-140mm-et-usb-type-c-inclus\/#breadcrumb\",\"itemListElement\":[{\"@type\":\"ListItem\",\"position\":1,\"name\":\"Accueil\",\"item\":\"https:\/\/proplaystore.lu\/\"},{\"@type\":\"ListItem\",\"position\":2,\"name\":\"Shop\",\"item\":\"https:\/\/proplaystore.lu\/index.php\/shop\/\"},{\"@type\":\"ListItem\",\"position\":3,\"name\":\"Fractal Design North XL RC Chalk White TG Clear &#8211; Bo\u00eetier PC Gaming ATX Ventil\u00e9 avec Panneaux en Bois &#8211; 3 Ventilateurs PWM 140mm et USB Type C Inclus\"}]},{\"@type\":\"WebSite\",\"@id\":\"https:\/\/proplaystore.lu\/#website\",\"url\":\"https:\/\/proplaystore.lu\/\",\"name\":\"ProPlaystore\",\"description\":\"proplaysre\",\"potentialAction\":[{\"@type\":\"SearchAction\",\"target\":{\"@type\":\"EntryPoint\",\"urlTemplate\":\"https:\/\/proplaystore.lu\/?s={search_term_string}\"},\"query-input\":{\"@type\":\"PropertyValueSpecification\",\"valueRequired\":true,\"valueName\":\"search_term_string\"}}],\"inLanguage\":\"en-US\"}]}<\/script>\n<!-- \/ Yoast SEO plugin. -->","yoast_head_json":{"title":"Fractal Design North XL RC Chalk White TG Clear - Bo\u00eetier PC Gaming ATX Ventil\u00e9 avec Panneaux en Bois - 3 Ventilateurs PWM 140mm et USB Type C Inclus - ProPlaystore","robots":{"index":"index","follow":"follow","max-snippet":"max-snippet:-1","max-image-preview":"max-image-preview:large","max-video-preview":"max-video-preview:-1"},"canonical":"https:\/\/proplaystore.lu\/index.php\/produit\/fractal-design-north-xl-rc-chalk-white-tg-clear-boitier-pc-gaming-atx-ventile-avec-panneaux-en-bois-3-ventilateurs-pwm-140mm-et-usb-type-c-inclus\/","og_locale":"en_US","og_type":"article","og_title":"Fractal Design North XL RC Chalk White TG Clear - Bo\u00eetier PC Gaming ATX Ventil\u00e9 avec Panneaux en Bois - 3 Ventilateurs PWM 140mm et USB Type C Inclus - ProPlaystore","og_description":"Con\u00e7u pour les cartes m\u00e8res ATX et mATX avec des connecteurs cach\u00e9s \u00e0 l'arri\u00e8re (les cartes m\u00e8res \u00e0 connexion standard ne sont pas prises en charge).  Am\u00e9liorez l'apparence de votre station de jeu avec des d\u00e9tails en bois et en alliage \u00e9l\u00e9gants.  Profitez d'une ventilation naturelle gr\u00e2ce \u00e0 un devant ouvert et un mesh int\u00e9gr\u00e9 au design styl\u00e9.  Choisissez un GPU jusqu'\u00e0 413 mm, ou jusqu'\u00e0 380 mm avec un radiateur avant de 420 mm.  Prenez de l'avance sur votre construction avec les trois ventilateurs PWM Aspect de 140 mm inclus.","og_url":"https:\/\/proplaystore.lu\/index.php\/produit\/fractal-design-north-xl-rc-chalk-white-tg-clear-boitier-pc-gaming-atx-ventile-avec-panneaux-en-bois-3-ventilateurs-pwm-140mm-et-usb-type-c-inclus\/","og_site_name":"ProPlaystore","article_modified_time":"2025-08-19T08:05:28+00:00","og_image":[{"width":679,"height":821,"url":"https:\/\/proplaystore.lu\/wp-content\/uploads\/2025\/08\/71j52xmNb4L._AC_SX679_.jpg","type":"image\/jpeg"}],"twitter_card":"summary_large_image","twitter_misc":{"Est. reading time":"1 minute"},"schema":{"@context":"https:\/\/schema.org","@graph":[{"@type":"WebPage","@id":"https:\/\/proplaystore.lu\/index.php\/produit\/fractal-design-north-xl-rc-chalk-white-tg-clear-boitier-pc-gaming-atx-ventile-avec-panneaux-en-bois-3-ventilateurs-pwm-140mm-et-usb-type-c-inclus\/","url":"https:\/\/proplaystore.lu\/index.php\/produit\/fractal-design-north-xl-rc-chalk-white-tg-clear-boitier-pc-gaming-atx-ventile-avec-panneaux-en-bois-3-ventilateurs-pwm-140mm-et-usb-type-c-inclus\/","name":"Fractal Design North XL RC Chalk White TG Clear - Bo\u00eetier PC Gaming ATX Ventil\u00e9 avec Panneaux en Bois - 3 Ventilateurs PWM 140mm et USB Type C Inclus - ProPlaystore","isPartOf":{"@id":"https:\/\/proplaystore.lu\/#website"},"primaryImageOfPage":{"@id":"https:\/\/proplaystore.lu\/index.php\/produit\/fractal-design-north-xl-rc-chalk-white-tg-clear-boitier-pc-gaming-atx-ventile-avec-panneaux-en-bois-3-ventilateurs-pwm-140mm-et-usb-type-c-inclus\/#primaryimage"},"image":{"@id":"https:\/\/proplaystore.lu\/index.php\/produit\/fractal-design-north-xl-rc-chalk-white-tg-clear-boitier-pc-gaming-atx-ventile-avec-panneaux-en-bois-3-ventilateurs-pwm-140mm-et-usb-type-c-inclus\/#primaryimage"},"thumbnailUrl":"https:\/\/proplaystore.lu\/wp-content\/uploads\/2025\/08\/71j52xmNb4L._AC_SX679_.jpg","datePublished":"2025-08-17T22:21:53+00:00","dateModified":"2025-08-19T08:05:28+00:00","breadcrumb":{"@id":"https:\/\/proplaystore.lu\/index.php\/produit\/fractal-design-north-xl-rc-chalk-white-tg-clear-boitier-pc-gaming-atx-ventile-avec-panneaux-en-bois-3-ventilateurs-pwm-140mm-et-usb-type-c-inclus\/#breadcrumb"},"inLanguage":"en-US","potentialAction":[{"@type":"ReadAction","target":["https:\/\/proplaystore.lu\/index.php\/produit\/fractal-design-north-xl-rc-chalk-white-tg-clear-boitier-pc-gaming-atx-ventile-avec-panneaux-en-bois-3-ventilateurs-pwm-140mm-et-usb-type-c-inclus\/"]}]},{"@type":"ImageObject","inLanguage":"en-US","@id":"https:\/\/proplaystore.lu\/index.php\/produit\/fractal-design-north-xl-rc-chalk-white-tg-clear-boitier-pc-gaming-atx-ventile-avec-panneaux-en-bois-3-ventilateurs-pwm-140mm-et-usb-type-c-inclus\/#primaryimage","url":"https:\/\/proplaystore.lu\/wp-content\/uploads\/2025\/08\/71j52xmNb4L._AC_SX679_.jpg","contentUrl":"https:\/\/proplaystore.lu\/wp-content\/uploads\/2025\/08\/71j52xmNb4L._AC_SX679_.jpg","width":679,"height":821},{"@type":"BreadcrumbList","@id":"https:\/\/proplaystore.lu\/index.php\/produit\/fractal-design-north-xl-rc-chalk-white-tg-clear-boitier-pc-gaming-atx-ventile-avec-panneaux-en-bois-3-ventilateurs-pwm-140mm-et-usb-type-c-inclus\/#breadcrumb","itemListElement":[{"@type":"ListItem","position":1,"name":"Accueil","item":"https:\/\/proplaystore.lu\/"},{"@type":"ListItem","position":2,"name":"Shop","item":"https:\/\/proplaystore.lu\/index.php\/shop\/"},{"@type":"ListItem","position":3,"name":"Fractal Design North XL RC Chalk White TG Clear &#8211; Bo\u00eetier PC Gaming ATX Ventil\u00e9 avec Panneaux en Bois &#8211; 3 Ventilateurs PWM 140mm et USB Type C Inclus"}]},{"@type":"WebSite","@id":"https:\/\/proplaystore.lu\/#website","url":"https:\/\/proplaystore.lu\/","name":"ProPlaystore","description":"proplaysre","potentialAction":[{"@type":"SearchAction","target":{"@type":"EntryPoint","urlTemplate":"https:\/\/proplaystore.lu\/?s={search_term_string}"},"query-input":{"@type":"PropertyValueSpecification","valueRequired":true,"valueName":"search_term_string"}}],"inLanguage":"en-US"}]}},"_links":{"self":[{"href":"https:\/\/proplaystore.lu\/index.php\/wp-json\/wp\/v2\/product\/7857","targetHints":{"allow":["GET"]}}],"collection":[{"href":"https:\/\/proplaystore.lu\/index.php\/wp-json\/wp\/v2\/product"}],"about":[{"href":"https:\/\/proplaystore.lu\/index.php\/wp-json\/wp\/v2\/types\/product"}],"replies":[{"embeddable":true,"href":"https:\/\/proplaystore.lu\/index.php\/wp-json\/wp\/v2\/comments?post=7857"}],"wp:featuredmedia":[{"embeddable":true,"href":"https:\/\/proplaystore.lu\/index.php\/wp-json\/wp\/v2\/media\/7865"}],"wp:attachment":[{"href":"https:\/\/proplaystore.lu\/index.php\/wp-json\/wp\/v2\/media?parent=7857"}],"wp:term":[{"taxonomy":"product_brand","embeddable":true,"href":"https:\/\/proplaystore.lu\/index.php\/wp-json\/wp\/v2\/product_brand?post=7857"},{"taxonomy":"product_cat","embeddable":true,"href":"https:\/\/proplaystore.lu\/index.php\/wp-json\/wp\/v2\/product_cat?post=7857"},{"taxonomy":"product_tag","embeddable":true,"href":"https:\/\/proplaystore.lu\/index.php\/wp-json\/wp\/v2\/product_tag?post=7857"}],"curies":[{"name":"wp","href":"https:\/\/api.w.org\/{rel}","templated":true}]}}