{"id":7875,"date":"2025-08-17T22:25:31","date_gmt":"2025-08-17T22:25:31","guid":{"rendered":"https:\/\/proplaystore.lu\/?post_type=product&#038;p=7875"},"modified":"2025-08-18T20:01:50","modified_gmt":"2025-08-18T20:01:50","slug":"musetex-boitier-pc-atx-support-rad-360mm-verre-trempe-270-full-view-boitier-pc-gamer-with-type-c-3-ventilateurs-120mm-preinstalles-mid-tower-gaming-boitiers-pc-blanc-y6","status":"publish","type":"product","link":"https:\/\/proplaystore.lu\/index.php\/produit\/musetex-boitier-pc-atx-support-rad-360mm-verre-trempe-270-full-view-boitier-pc-gamer-with-type-c-3-ventilateurs-120mm-preinstalles-mid-tower-gaming-boitiers-pc-blanc-y6\/","title":{"rendered":"MUSETEX Boitier PC ATX, Support RAD 360MM, Verre tremp\u00e9 270\u00b0 Full View Boitier Pc Gamer with Type-C, 3 Ventilateurs 120mm pr\u00e9install\u00e9s, Mid Tower Gaming Bo\u00eetiers PC, Blanc, Y6"},"content":{"rendered":"<h2 data-start=\"1558\" data-end=\"1580\"><strong data-start=\"1561\" data-end=\"1580\">Fiche technique<\/strong><\/h2>\n<table class=\"a-normal a-spacing-micro\" role=\"list\">\n<tbody>\n<tr class=\"a-spacing-small po-brand\" role=\"listitem\">\n<td class=\"a-span3\" role=\"presentation\"><span class=\"a-size-base a-text-bold\">Marque<\/span><\/td>\n<td class=\"a-span9\" role=\"presentation\"><span class=\"a-size-base po-break-word\">MUSETEX<\/span><\/td>\n<\/tr>\n<tr class=\"a-spacing-small po-supported_motherboard\" role=\"listitem\">\n<td class=\"a-span3\" role=\"presentation\"><span class=\"a-size-base a-text-bold\">Compatibilit\u00e9 de la carte m\u00e8re<\/span><\/td>\n<td class=\"a-span9\" role=\"presentation\"><span class=\"a-size-base po-break-word\">ATX<\/span><\/td>\n<\/tr>\n<tr class=\"a-spacing-small po-case.type\" role=\"listitem\">\n<td class=\"a-span3\" role=\"presentation\"><span class=\"a-size-base a-text-bold\">Type de cas<\/span><\/td>\n<td class=\"a-span9\" role=\"presentation\"><span class=\"a-size-base po-break-word\">Tour m\u00e9dian<\/span><\/td>\n<\/tr>\n<tr class=\"a-spacing-small po-recommended_uses_for_product\" role=\"listitem\">\n<td class=\"a-span3\" role=\"presentation\"><span class=\"a-size-base a-text-bold\">Usages recommand\u00e9s pour le produit<\/span><\/td>\n<td class=\"a-span9\" role=\"presentation\"><span class=\"a-size-base po-break-word\">Commercial, Jeu<\/span><\/td>\n<\/tr>\n<tr class=\"a-spacing-small po-color\" role=\"listitem\">\n<td class=\"a-span3\" role=\"presentation\"><span class=\"a-size-base a-text-bold\">Couleur<\/span><\/td>\n<td class=\"a-span9\" role=\"presentation\"><span class=\"a-size-base po-break-word\">Blanc<\/span><\/td>\n<\/tr>\n<tr class=\"a-spacing-small po-material\" role=\"listitem\">\n<td class=\"a-span3\" role=\"presentation\"><span class=\"a-size-base a-text-bold\">Mat\u00e9riau<\/span><\/td>\n<td class=\"a-span9\" role=\"presentation\"><span class=\"a-size-base po-break-word\">M\u00e9tal<\/span><\/td>\n<\/tr>\n<tr class=\"a-spacing-small po-power_supply_mounting_type\" role=\"listitem\">\n<td class=\"a-span3\" role=\"presentation\"><span class=\"a-size-base a-text-bold\">Type de fixation de l&#8217;alimentation<\/span><\/td>\n<td class=\"a-span9\" role=\"presentation\"><span class=\"a-size-base po-break-word\">Montage inf\u00e9rieur<\/span><\/td>\n<\/tr>\n<tr class=\"a-spacing-small po-cooling_method\" role=\"listitem\">\n<td class=\"a-span3\" role=\"presentation\"><span class=\"a-size-base a-text-bold\">M\u00e9thode de refroidissement<\/span><\/td>\n<td class=\"a-span9\" role=\"presentation\"><span class=\"a-size-base po-break-word\">Air<\/span><\/td>\n<\/tr>\n<tr class=\"a-spacing-small po-model_name\" role=\"listitem\">\n<td class=\"a-span3\" role=\"presentation\"><span class=\"a-size-base a-text-bold\">Nom de mod\u00e8le<\/span><\/td>\n<td class=\"a-span9\" role=\"presentation\"><span class=\"a-size-base po-break-word\">Y6<\/span><\/td>\n<\/tr>\n<tr class=\"a-spacing-small po-light_color\" role=\"listitem\">\n<td class=\"a-span3\" role=\"presentation\"><span class=\"a-size-base a-text-bold\">Couleur de la lumi\u00e8re<\/span><\/td>\n<td class=\"a-span9\" role=\"presentation\"><span class=\"a-size-base po-break-word\">RGB<\/span><\/td>\n<\/tr>\n<\/tbody>\n<\/table>\n<p>&nbsp;<\/p>\n<p>&nbsp;<\/p>\n<p>&nbsp;<\/p>\n<p>&nbsp;<\/p>\n<p>&nbsp;<\/p>\n<p>&nbsp;<\/p>\n","protected":false},"excerpt":{"rendered":"<ul class=\"a-unordered-list a-vertical a-spacing-mini\">\n<li class=\"a-spacing-mini\"><span class=\"a-list-item\">MUSETEX Offre un excellent boitier PC de jeu Y6 pour une exp\u00e9rience visuelle et une exp\u00e9rience de configuration. Le bo\u00eetiers pc blanc en polycarbonate brise l&#8217;impression conventionnelle en noir avec des vitres en verre tremp\u00e9 double enti\u00e8rement transparent \u00e0 270 \u00b0 pour un champ de vision plus large que la plupart des m\u00eames boitier ATX sur le march\u00e9, qui peut afficher les utilisateurs de mat\u00e9riel PC haut de gamme et de poup\u00e9es bien-aim\u00e9es, et r\u00e9coltera l&#8217;admiration cool des amis<\/span><\/li>\n<li class=\"a-spacing-mini\"><span class=\"a-list-item\">Bo\u00eetiers pc tour &#8211; Disposition de l&#8217;espace puissante &#8211; L&#8217;int\u00e9rieur du boitier ATX est divis\u00e9 de mani\u00e8re ordonn\u00e9e, chaque pi\u00e8ce est habilement am\u00e9nag\u00e9e, la plaque adopte un design Snap-on qui peut \u00eatre rapidement retir\u00e9 sans outils pour une exp\u00e9rience d&#8217;installation pratique. Le bo\u00eetier PC Y6 est compatible avec la plupart des produits mat\u00e9riels traditionnels sur le march\u00e9, ce qui permet \u00e0 l&#8217;utilisateur de profiter du charme du bricolage. Prend en charge le GPU jusqu&#8217;\u00e0 400 mm (15,75&#8243;), refroidissement du processeur jusqu&#8217;\u00e0 176 mm, prend en charge le montage sup\u00e9rieur jusqu&#8217;\u00e0 360 mm, prend en charge le PSU jusqu&#8217;\u00e0 200 mm.<\/span><\/li>\n<li class=\"a-spacing-mini\"><span class=\"a-list-item\">Interface d&#8217;extension IO haute vitesse &#8211; Ce boitiers pc gamer d&#8217;ordinateur est riche en interfaces externes pour augmenter les co\u00fbts, configur\u00e9 avec une interface USB 3.2\/TYPE-C haute vitesse et USB 3.0 et d&#8217;autres interfaces qui sont pratiques pour connecter une vari\u00e9t\u00e9 de nouveaux appareils standard, profitez d&#8217;un taux de transfert plus \u00e9lev\u00e9 et \u00e9conomisez du temps d&#8217;attente ; profitez d&#8217;une merveilleuse exp\u00e9rience gr\u00e2ce \u00e0 une puissance d&#8217;alimentation plus \u00e9lev\u00e9e.<\/span><\/li>\n<li class=\"a-spacing-mini\"><span class=\"a-list-item\">Conception scientifique et attentive aux d\u00e9tails : le bo\u00eetier pc Y6 adopte intelligemment une conception \u00e0 double chambre pour am\u00e9liorer les performances thermiques globales. Il est pr\u00e9-install\u00e9 avec trois ventilateurs de 120mm pour assurer la dissipation de la chaleur \u00e0 l&#8217;int\u00e9rieur du boitier gaming, et le compartiment de l&#8217;alimentation est con\u00e7u avec un canal de ventilation ind\u00e9pendant pour l&#8217;alimentation, le haut et le bas du bo\u00eetier de l&#8217;ordinateur sont \u00e9quip\u00e9s de filtres \u00e0 poussi\u00e8re magn\u00e9tiques, r\u00e9duisant la poussi\u00e8re sur votre ordinateur tout en maintenant une bonne dissipation de la chaleur.<\/span><\/li>\n<li class=\"a-spacing-mini\"><span class=\"a-list-item\">Coexistence pratique et ornementale &#8211; La structure rectangulaire du bo\u00eetier de la tour moyenne ne prend pas d&#8217;espace suppl\u00e9mentaire sur le bureau, ce qui lui conf\u00e8re une texture \u00e0 la fois belle et \u00e9l\u00e9gante. Le bo\u00eetier pc atx est compos\u00e9 de deux panneaux en verre tremp\u00e9 hautement translucide, transmettant la lumi\u00e8re naturellement, la duret\u00e9 du verre tremp\u00e9 est \u00e9lev\u00e9e, il n&#8217;est pas facile de l&#8217;endommager, et l&#8217;effet d&#8217;isolation acoustique est bon, fournissant un grand confort pour l&#8217;environnement de bureau\/jeu !<\/span><\/li>\n<li class=\"a-spacing-mini\"><\/li>\n<\/ul>\n","protected":false},"featured_media":7881,"comment_status":"open","ping_status":"closed","template":"","meta":[],"product_brand":[],"product_cat":[71],"product_tag":[75],"class_list":{"0":"post-7875","1":"product","2":"type-product","3":"status-publish","4":"has-post-thumbnail","6":"product_cat-boitier","7":"product_tag-case","9":"first","10":"instock","11":"shipping-taxable","12":"purchasable","13":"product-type-simple"},"yoast_head":"<!-- This site is optimized with the Yoast SEO plugin v26.4 - https:\/\/yoast.com\/wordpress\/plugins\/seo\/ -->\n<title>MUSETEX Boitier PC ATX, Support RAD 360MM, Verre tremp\u00e9 270\u00b0 Full View Boitier Pc Gamer with Type-C, 3 Ventilateurs 120mm pr\u00e9install\u00e9s, Mid Tower Gaming Bo\u00eetiers PC, Blanc, Y6 - ProPlaystore<\/title>\n<meta name=\"robots\" content=\"index, follow, max-snippet:-1, max-image-preview:large, max-video-preview:-1\" \/>\n<link rel=\"canonical\" href=\"https:\/\/proplaystore.lu\/index.php\/produit\/musetex-boitier-pc-atx-support-rad-360mm-verre-trempe-270-full-view-boitier-pc-gamer-with-type-c-3-ventilateurs-120mm-preinstalles-mid-tower-gaming-boitiers-pc-blanc-y6\/\" \/>\n<meta property=\"og:locale\" content=\"en_US\" \/>\n<meta property=\"og:type\" content=\"article\" \/>\n<meta property=\"og:title\" content=\"MUSETEX Boitier PC ATX, Support RAD 360MM, Verre tremp\u00e9 270\u00b0 Full View Boitier Pc Gamer with Type-C, 3 Ventilateurs 120mm pr\u00e9install\u00e9s, Mid Tower Gaming Bo\u00eetiers PC, Blanc, Y6 - ProPlaystore\" \/>\n<meta property=\"og:description\" content=\"MUSETEX Offre un excellent boitier PC de jeu Y6 pour une exp\u00e9rience visuelle et une exp\u00e9rience de configuration. Le bo\u00eetiers pc blanc en polycarbonate brise l&#039;impression conventionnelle en noir avec des vitres en verre tremp\u00e9 double enti\u00e8rement transparent \u00e0 270 \u00b0 pour un champ de vision plus large que la plupart des m\u00eames boitier ATX sur le march\u00e9, qui peut afficher les utilisateurs de mat\u00e9riel PC haut de gamme et de poup\u00e9es bien-aim\u00e9es, et r\u00e9coltera l&#039;admiration cool des amis  Bo\u00eetiers pc tour - Disposition de l&#039;espace puissante - L&#039;int\u00e9rieur du boitier ATX est divis\u00e9 de mani\u00e8re ordonn\u00e9e, chaque pi\u00e8ce est habilement am\u00e9nag\u00e9e, la plaque adopte un design Snap-on qui peut \u00eatre rapidement retir\u00e9 sans outils pour une exp\u00e9rience d&#039;installation pratique. Le bo\u00eetier PC Y6 est compatible avec la plupart des produits mat\u00e9riels traditionnels sur le march\u00e9, ce qui permet \u00e0 l&#039;utilisateur de profiter du charme du bricolage. Prend en charge le GPU jusqu&#039;\u00e0 400 mm (15,75&quot;), refroidissement du processeur jusqu&#039;\u00e0 176 mm, prend en charge le montage sup\u00e9rieur jusqu&#039;\u00e0 360 mm, prend en charge le PSU jusqu&#039;\u00e0 200 mm.  Interface d&#039;extension IO haute vitesse - Ce boitiers pc gamer d&#039;ordinateur est riche en interfaces externes pour augmenter les co\u00fbts, configur\u00e9 avec une interface USB 3.2\/TYPE-C haute vitesse et USB 3.0 et d&#039;autres interfaces qui sont pratiques pour connecter une vari\u00e9t\u00e9 de nouveaux appareils standard, profitez d&#039;un taux de transfert plus \u00e9lev\u00e9 et \u00e9conomisez du temps d&#039;attente ; profitez d&#039;une merveilleuse exp\u00e9rience gr\u00e2ce \u00e0 une puissance d&#039;alimentation plus \u00e9lev\u00e9e.  Conception scientifique et attentive aux d\u00e9tails : le bo\u00eetier pc Y6 adopte intelligemment une conception \u00e0 double chambre pour am\u00e9liorer les performances thermiques globales. Il est pr\u00e9-install\u00e9 avec trois ventilateurs de 120mm pour assurer la dissipation de la chaleur \u00e0 l&#039;int\u00e9rieur du boitier gaming, et le compartiment de l&#039;alimentation est con\u00e7u avec un canal de ventilation ind\u00e9pendant pour l&#039;alimentation, le haut et le bas du bo\u00eetier de l&#039;ordinateur sont \u00e9quip\u00e9s de filtres \u00e0 poussi\u00e8re magn\u00e9tiques, r\u00e9duisant la poussi\u00e8re sur votre ordinateur tout en maintenant une bonne dissipation de la chaleur.  Coexistence pratique et ornementale - La structure rectangulaire du bo\u00eetier de la tour moyenne ne prend pas d&#039;espace suppl\u00e9mentaire sur le bureau, ce qui lui conf\u00e8re une texture \u00e0 la fois belle et \u00e9l\u00e9gante. Le bo\u00eetier pc atx est compos\u00e9 de deux panneaux en verre tremp\u00e9 hautement translucide, transmettant la lumi\u00e8re naturellement, la duret\u00e9 du verre tremp\u00e9 est \u00e9lev\u00e9e, il n&#039;est pas facile de l&#039;endommager, et l&#039;effet d&#039;isolation acoustique est bon, fournissant un grand confort pour l&#039;environnement de bureau\/jeu !\" \/>\n<meta property=\"og:url\" content=\"https:\/\/proplaystore.lu\/index.php\/produit\/musetex-boitier-pc-atx-support-rad-360mm-verre-trempe-270-full-view-boitier-pc-gamer-with-type-c-3-ventilateurs-120mm-preinstalles-mid-tower-gaming-boitiers-pc-blanc-y6\/\" \/>\n<meta property=\"og:site_name\" content=\"ProPlaystore\" \/>\n<meta property=\"article:modified_time\" content=\"2025-08-18T20:01:50+00:00\" \/>\n<meta property=\"og:image\" content=\"https:\/\/proplaystore.lu\/wp-content\/uploads\/2025\/08\/81KFJM3ElNL._AC_SY450_.jpg\" \/>\n\t<meta property=\"og:image:width\" content=\"408\" \/>\n\t<meta property=\"og:image:height\" content=\"450\" \/>\n\t<meta property=\"og:image:type\" content=\"image\/jpeg\" \/>\n<meta name=\"twitter:card\" content=\"summary_large_image\" \/>\n<meta name=\"twitter:label1\" content=\"Est. reading time\" \/>\n\t<meta name=\"twitter:data1\" content=\"1 minute\" \/>\n<script type=\"application\/ld+json\" class=\"yoast-schema-graph\">{\"@context\":\"https:\/\/schema.org\",\"@graph\":[{\"@type\":\"WebPage\",\"@id\":\"https:\/\/proplaystore.lu\/index.php\/produit\/musetex-boitier-pc-atx-support-rad-360mm-verre-trempe-270-full-view-boitier-pc-gamer-with-type-c-3-ventilateurs-120mm-preinstalles-mid-tower-gaming-boitiers-pc-blanc-y6\/\",\"url\":\"https:\/\/proplaystore.lu\/index.php\/produit\/musetex-boitier-pc-atx-support-rad-360mm-verre-trempe-270-full-view-boitier-pc-gamer-with-type-c-3-ventilateurs-120mm-preinstalles-mid-tower-gaming-boitiers-pc-blanc-y6\/\",\"name\":\"MUSETEX Boitier PC ATX, Support RAD 360MM, Verre tremp\u00e9 270\u00b0 Full View Boitier Pc Gamer with Type-C, 3 Ventilateurs 120mm pr\u00e9install\u00e9s, Mid Tower Gaming Bo\u00eetiers PC, Blanc, Y6 - ProPlaystore\",\"isPartOf\":{\"@id\":\"https:\/\/proplaystore.lu\/#website\"},\"primaryImageOfPage\":{\"@id\":\"https:\/\/proplaystore.lu\/index.php\/produit\/musetex-boitier-pc-atx-support-rad-360mm-verre-trempe-270-full-view-boitier-pc-gamer-with-type-c-3-ventilateurs-120mm-preinstalles-mid-tower-gaming-boitiers-pc-blanc-y6\/#primaryimage\"},\"image\":{\"@id\":\"https:\/\/proplaystore.lu\/index.php\/produit\/musetex-boitier-pc-atx-support-rad-360mm-verre-trempe-270-full-view-boitier-pc-gamer-with-type-c-3-ventilateurs-120mm-preinstalles-mid-tower-gaming-boitiers-pc-blanc-y6\/#primaryimage\"},\"thumbnailUrl\":\"https:\/\/proplaystore.lu\/wp-content\/uploads\/2025\/08\/81KFJM3ElNL._AC_SY450_.jpg\",\"datePublished\":\"2025-08-17T22:25:31+00:00\",\"dateModified\":\"2025-08-18T20:01:50+00:00\",\"breadcrumb\":{\"@id\":\"https:\/\/proplaystore.lu\/index.php\/produit\/musetex-boitier-pc-atx-support-rad-360mm-verre-trempe-270-full-view-boitier-pc-gamer-with-type-c-3-ventilateurs-120mm-preinstalles-mid-tower-gaming-boitiers-pc-blanc-y6\/#breadcrumb\"},\"inLanguage\":\"en-US\",\"potentialAction\":[{\"@type\":\"ReadAction\",\"target\":[\"https:\/\/proplaystore.lu\/index.php\/produit\/musetex-boitier-pc-atx-support-rad-360mm-verre-trempe-270-full-view-boitier-pc-gamer-with-type-c-3-ventilateurs-120mm-preinstalles-mid-tower-gaming-boitiers-pc-blanc-y6\/\"]}]},{\"@type\":\"ImageObject\",\"inLanguage\":\"en-US\",\"@id\":\"https:\/\/proplaystore.lu\/index.php\/produit\/musetex-boitier-pc-atx-support-rad-360mm-verre-trempe-270-full-view-boitier-pc-gamer-with-type-c-3-ventilateurs-120mm-preinstalles-mid-tower-gaming-boitiers-pc-blanc-y6\/#primaryimage\",\"url\":\"https:\/\/proplaystore.lu\/wp-content\/uploads\/2025\/08\/81KFJM3ElNL._AC_SY450_.jpg\",\"contentUrl\":\"https:\/\/proplaystore.lu\/wp-content\/uploads\/2025\/08\/81KFJM3ElNL._AC_SY450_.jpg\",\"width\":408,\"height\":450},{\"@type\":\"BreadcrumbList\",\"@id\":\"https:\/\/proplaystore.lu\/index.php\/produit\/musetex-boitier-pc-atx-support-rad-360mm-verre-trempe-270-full-view-boitier-pc-gamer-with-type-c-3-ventilateurs-120mm-preinstalles-mid-tower-gaming-boitiers-pc-blanc-y6\/#breadcrumb\",\"itemListElement\":[{\"@type\":\"ListItem\",\"position\":1,\"name\":\"Accueil\",\"item\":\"https:\/\/proplaystore.lu\/\"},{\"@type\":\"ListItem\",\"position\":2,\"name\":\"Shop\",\"item\":\"https:\/\/proplaystore.lu\/index.php\/shop\/\"},{\"@type\":\"ListItem\",\"position\":3,\"name\":\"MUSETEX Boitier PC ATX, Support RAD 360MM, Verre tremp\u00e9 270\u00b0 Full View Boitier Pc Gamer with Type-C, 3 Ventilateurs 120mm pr\u00e9install\u00e9s, Mid Tower Gaming Bo\u00eetiers PC, Blanc, Y6\"}]},{\"@type\":\"WebSite\",\"@id\":\"https:\/\/proplaystore.lu\/#website\",\"url\":\"https:\/\/proplaystore.lu\/\",\"name\":\"ProPlaystore\",\"description\":\"proplaysre\",\"potentialAction\":[{\"@type\":\"SearchAction\",\"target\":{\"@type\":\"EntryPoint\",\"urlTemplate\":\"https:\/\/proplaystore.lu\/?s={search_term_string}\"},\"query-input\":{\"@type\":\"PropertyValueSpecification\",\"valueRequired\":true,\"valueName\":\"search_term_string\"}}],\"inLanguage\":\"en-US\"}]}<\/script>\n<!-- \/ Yoast SEO plugin. -->","yoast_head_json":{"title":"MUSETEX Boitier PC ATX, Support RAD 360MM, Verre tremp\u00e9 270\u00b0 Full View Boitier Pc Gamer with Type-C, 3 Ventilateurs 120mm pr\u00e9install\u00e9s, Mid Tower Gaming Bo\u00eetiers PC, Blanc, Y6 - ProPlaystore","robots":{"index":"index","follow":"follow","max-snippet":"max-snippet:-1","max-image-preview":"max-image-preview:large","max-video-preview":"max-video-preview:-1"},"canonical":"https:\/\/proplaystore.lu\/index.php\/produit\/musetex-boitier-pc-atx-support-rad-360mm-verre-trempe-270-full-view-boitier-pc-gamer-with-type-c-3-ventilateurs-120mm-preinstalles-mid-tower-gaming-boitiers-pc-blanc-y6\/","og_locale":"en_US","og_type":"article","og_title":"MUSETEX Boitier PC ATX, Support RAD 360MM, Verre tremp\u00e9 270\u00b0 Full View Boitier Pc Gamer with Type-C, 3 Ventilateurs 120mm pr\u00e9install\u00e9s, Mid Tower Gaming Bo\u00eetiers PC, Blanc, Y6 - ProPlaystore","og_description":"MUSETEX Offre un excellent boitier PC de jeu Y6 pour une exp\u00e9rience visuelle et une exp\u00e9rience de configuration. Le bo\u00eetiers pc blanc en polycarbonate brise l'impression conventionnelle en noir avec des vitres en verre tremp\u00e9 double enti\u00e8rement transparent \u00e0 270 \u00b0 pour un champ de vision plus large que la plupart des m\u00eames boitier ATX sur le march\u00e9, qui peut afficher les utilisateurs de mat\u00e9riel PC haut de gamme et de poup\u00e9es bien-aim\u00e9es, et r\u00e9coltera l'admiration cool des amis  Bo\u00eetiers pc tour - Disposition de l'espace puissante - L'int\u00e9rieur du boitier ATX est divis\u00e9 de mani\u00e8re ordonn\u00e9e, chaque pi\u00e8ce est habilement am\u00e9nag\u00e9e, la plaque adopte un design Snap-on qui peut \u00eatre rapidement retir\u00e9 sans outils pour une exp\u00e9rience d'installation pratique. Le bo\u00eetier PC Y6 est compatible avec la plupart des produits mat\u00e9riels traditionnels sur le march\u00e9, ce qui permet \u00e0 l'utilisateur de profiter du charme du bricolage. Prend en charge le GPU jusqu'\u00e0 400 mm (15,75\"), refroidissement du processeur jusqu'\u00e0 176 mm, prend en charge le montage sup\u00e9rieur jusqu'\u00e0 360 mm, prend en charge le PSU jusqu'\u00e0 200 mm.  Interface d'extension IO haute vitesse - Ce boitiers pc gamer d'ordinateur est riche en interfaces externes pour augmenter les co\u00fbts, configur\u00e9 avec une interface USB 3.2\/TYPE-C haute vitesse et USB 3.0 et d'autres interfaces qui sont pratiques pour connecter une vari\u00e9t\u00e9 de nouveaux appareils standard, profitez d'un taux de transfert plus \u00e9lev\u00e9 et \u00e9conomisez du temps d'attente ; profitez d'une merveilleuse exp\u00e9rience gr\u00e2ce \u00e0 une puissance d'alimentation plus \u00e9lev\u00e9e.  Conception scientifique et attentive aux d\u00e9tails : le bo\u00eetier pc Y6 adopte intelligemment une conception \u00e0 double chambre pour am\u00e9liorer les performances thermiques globales. Il est pr\u00e9-install\u00e9 avec trois ventilateurs de 120mm pour assurer la dissipation de la chaleur \u00e0 l'int\u00e9rieur du boitier gaming, et le compartiment de l'alimentation est con\u00e7u avec un canal de ventilation ind\u00e9pendant pour l'alimentation, le haut et le bas du bo\u00eetier de l'ordinateur sont \u00e9quip\u00e9s de filtres \u00e0 poussi\u00e8re magn\u00e9tiques, r\u00e9duisant la poussi\u00e8re sur votre ordinateur tout en maintenant une bonne dissipation de la chaleur.  Coexistence pratique et ornementale - La structure rectangulaire du bo\u00eetier de la tour moyenne ne prend pas d'espace suppl\u00e9mentaire sur le bureau, ce qui lui conf\u00e8re une texture \u00e0 la fois belle et \u00e9l\u00e9gante. Le bo\u00eetier pc atx est compos\u00e9 de deux panneaux en verre tremp\u00e9 hautement translucide, transmettant la lumi\u00e8re naturellement, la duret\u00e9 du verre tremp\u00e9 est \u00e9lev\u00e9e, il n'est pas facile de l'endommager, et l'effet d'isolation acoustique est bon, fournissant un grand confort pour l'environnement de bureau\/jeu !","og_url":"https:\/\/proplaystore.lu\/index.php\/produit\/musetex-boitier-pc-atx-support-rad-360mm-verre-trempe-270-full-view-boitier-pc-gamer-with-type-c-3-ventilateurs-120mm-preinstalles-mid-tower-gaming-boitiers-pc-blanc-y6\/","og_site_name":"ProPlaystore","article_modified_time":"2025-08-18T20:01:50+00:00","og_image":[{"width":408,"height":450,"url":"https:\/\/proplaystore.lu\/wp-content\/uploads\/2025\/08\/81KFJM3ElNL._AC_SY450_.jpg","type":"image\/jpeg"}],"twitter_card":"summary_large_image","twitter_misc":{"Est. reading time":"1 minute"},"schema":{"@context":"https:\/\/schema.org","@graph":[{"@type":"WebPage","@id":"https:\/\/proplaystore.lu\/index.php\/produit\/musetex-boitier-pc-atx-support-rad-360mm-verre-trempe-270-full-view-boitier-pc-gamer-with-type-c-3-ventilateurs-120mm-preinstalles-mid-tower-gaming-boitiers-pc-blanc-y6\/","url":"https:\/\/proplaystore.lu\/index.php\/produit\/musetex-boitier-pc-atx-support-rad-360mm-verre-trempe-270-full-view-boitier-pc-gamer-with-type-c-3-ventilateurs-120mm-preinstalles-mid-tower-gaming-boitiers-pc-blanc-y6\/","name":"MUSETEX Boitier PC ATX, Support RAD 360MM, Verre tremp\u00e9 270\u00b0 Full View Boitier Pc Gamer with Type-C, 3 Ventilateurs 120mm pr\u00e9install\u00e9s, Mid Tower Gaming Bo\u00eetiers PC, Blanc, Y6 - ProPlaystore","isPartOf":{"@id":"https:\/\/proplaystore.lu\/#website"},"primaryImageOfPage":{"@id":"https:\/\/proplaystore.lu\/index.php\/produit\/musetex-boitier-pc-atx-support-rad-360mm-verre-trempe-270-full-view-boitier-pc-gamer-with-type-c-3-ventilateurs-120mm-preinstalles-mid-tower-gaming-boitiers-pc-blanc-y6\/#primaryimage"},"image":{"@id":"https:\/\/proplaystore.lu\/index.php\/produit\/musetex-boitier-pc-atx-support-rad-360mm-verre-trempe-270-full-view-boitier-pc-gamer-with-type-c-3-ventilateurs-120mm-preinstalles-mid-tower-gaming-boitiers-pc-blanc-y6\/#primaryimage"},"thumbnailUrl":"https:\/\/proplaystore.lu\/wp-content\/uploads\/2025\/08\/81KFJM3ElNL._AC_SY450_.jpg","datePublished":"2025-08-17T22:25:31+00:00","dateModified":"2025-08-18T20:01:50+00:00","breadcrumb":{"@id":"https:\/\/proplaystore.lu\/index.php\/produit\/musetex-boitier-pc-atx-support-rad-360mm-verre-trempe-270-full-view-boitier-pc-gamer-with-type-c-3-ventilateurs-120mm-preinstalles-mid-tower-gaming-boitiers-pc-blanc-y6\/#breadcrumb"},"inLanguage":"en-US","potentialAction":[{"@type":"ReadAction","target":["https:\/\/proplaystore.lu\/index.php\/produit\/musetex-boitier-pc-atx-support-rad-360mm-verre-trempe-270-full-view-boitier-pc-gamer-with-type-c-3-ventilateurs-120mm-preinstalles-mid-tower-gaming-boitiers-pc-blanc-y6\/"]}]},{"@type":"ImageObject","inLanguage":"en-US","@id":"https:\/\/proplaystore.lu\/index.php\/produit\/musetex-boitier-pc-atx-support-rad-360mm-verre-trempe-270-full-view-boitier-pc-gamer-with-type-c-3-ventilateurs-120mm-preinstalles-mid-tower-gaming-boitiers-pc-blanc-y6\/#primaryimage","url":"https:\/\/proplaystore.lu\/wp-content\/uploads\/2025\/08\/81KFJM3ElNL._AC_SY450_.jpg","contentUrl":"https:\/\/proplaystore.lu\/wp-content\/uploads\/2025\/08\/81KFJM3ElNL._AC_SY450_.jpg","width":408,"height":450},{"@type":"BreadcrumbList","@id":"https:\/\/proplaystore.lu\/index.php\/produit\/musetex-boitier-pc-atx-support-rad-360mm-verre-trempe-270-full-view-boitier-pc-gamer-with-type-c-3-ventilateurs-120mm-preinstalles-mid-tower-gaming-boitiers-pc-blanc-y6\/#breadcrumb","itemListElement":[{"@type":"ListItem","position":1,"name":"Accueil","item":"https:\/\/proplaystore.lu\/"},{"@type":"ListItem","position":2,"name":"Shop","item":"https:\/\/proplaystore.lu\/index.php\/shop\/"},{"@type":"ListItem","position":3,"name":"MUSETEX Boitier PC ATX, Support RAD 360MM, Verre tremp\u00e9 270\u00b0 Full View Boitier Pc Gamer with Type-C, 3 Ventilateurs 120mm pr\u00e9install\u00e9s, Mid Tower Gaming Bo\u00eetiers PC, Blanc, Y6"}]},{"@type":"WebSite","@id":"https:\/\/proplaystore.lu\/#website","url":"https:\/\/proplaystore.lu\/","name":"ProPlaystore","description":"proplaysre","potentialAction":[{"@type":"SearchAction","target":{"@type":"EntryPoint","urlTemplate":"https:\/\/proplaystore.lu\/?s={search_term_string}"},"query-input":{"@type":"PropertyValueSpecification","valueRequired":true,"valueName":"search_term_string"}}],"inLanguage":"en-US"}]}},"_links":{"self":[{"href":"https:\/\/proplaystore.lu\/index.php\/wp-json\/wp\/v2\/product\/7875","targetHints":{"allow":["GET"]}}],"collection":[{"href":"https:\/\/proplaystore.lu\/index.php\/wp-json\/wp\/v2\/product"}],"about":[{"href":"https:\/\/proplaystore.lu\/index.php\/wp-json\/wp\/v2\/types\/product"}],"replies":[{"embeddable":true,"href":"https:\/\/proplaystore.lu\/index.php\/wp-json\/wp\/v2\/comments?post=7875"}],"wp:featuredmedia":[{"embeddable":true,"href":"https:\/\/proplaystore.lu\/index.php\/wp-json\/wp\/v2\/media\/7881"}],"wp:attachment":[{"href":"https:\/\/proplaystore.lu\/index.php\/wp-json\/wp\/v2\/media?parent=7875"}],"wp:term":[{"taxonomy":"product_brand","embeddable":true,"href":"https:\/\/proplaystore.lu\/index.php\/wp-json\/wp\/v2\/product_brand?post=7875"},{"taxonomy":"product_cat","embeddable":true,"href":"https:\/\/proplaystore.lu\/index.php\/wp-json\/wp\/v2\/product_cat?post=7875"},{"taxonomy":"product_tag","embeddable":true,"href":"https:\/\/proplaystore.lu\/index.php\/wp-json\/wp\/v2\/product_tag?post=7875"}],"curies":[{"name":"wp","href":"https:\/\/api.w.org\/{rel}","templated":true}]}}