{"id":7889,"date":"2025-08-17T22:31:50","date_gmt":"2025-08-17T22:31:50","guid":{"rendered":"https:\/\/proplaystore.lu\/?post_type=product&#038;p=7889"},"modified":"2025-08-19T07:15:19","modified_gmt":"2025-08-19T07:15:19","slug":"asus-tuf-gaming-1000w-gold-white-edition-bloc-dalimentation-1000-watt-modulable-80-gold-atx-3-1-pcie-5-1-ventilateurs-axiaux-a-double-roulement-a-billes-revetement-protecteur-pcb","status":"publish","type":"product","link":"https:\/\/proplaystore.lu\/index.php\/produit\/asus-tuf-gaming-1000w-gold-white-edition-bloc-dalimentation-1000-watt-modulable-80-gold-atx-3-1-pcie-5-1-ventilateurs-axiaux-a-double-roulement-a-billes-revetement-protecteur-pcb\/","title":{"rendered":"ASUS TUF Gaming 1000W Gold White Edition \u2013 Bloc d&#8217;alimentation (1000 Watt, modulable, 80+ Gold, ATX 3.1, PCIE 5.1, Ventilateurs axiaux \u00e0 Double roulement \u00e0 Billes, Rev\u00eatement Protecteur PCB)"},"content":{"rendered":"<h2 data-start=\"1558\" data-end=\"1580\"><strong data-start=\"1561\" data-end=\"1580\">Fiche technique<\/strong><\/h2>\n<table class=\"a-normal a-spacing-micro\" role=\"list\">\n<tbody>\n<tr class=\"a-spacing-small po-model_name\" role=\"listitem\">\n<td class=\"a-span3\" role=\"presentation\"><span class=\"a-size-base a-text-bold\">Nom de mod\u00e8le<\/span><\/td>\n<td class=\"a-span9\" role=\"presentation\"><span class=\"a-size-base po-break-word\">TUF Gaming 1000W Gold White Edition<\/span><\/td>\n<\/tr>\n<tr class=\"a-spacing-small po-brand\" role=\"listitem\">\n<td class=\"a-span3\" role=\"presentation\"><span class=\"a-size-base a-text-bold\">Marque<\/span><\/td>\n<td class=\"a-span9\" role=\"presentation\"><span class=\"a-size-base po-break-word\">ASUS<\/span><\/td>\n<\/tr>\n<tr class=\"a-spacing-small po-compatible_devices\" role=\"listitem\">\n<td class=\"a-span3\" role=\"presentation\"><span class=\"a-size-base a-text-bold\">Appareils compatibles<\/span><\/td>\n<td class=\"a-span9\" role=\"presentation\"><span class=\"a-size-base po-break-word\">Ordinateur personnel<\/span><\/td>\n<\/tr>\n<tr class=\"a-spacing-small po-connector_type\" role=\"listitem\">\n<td class=\"a-span3\" role=\"presentation\"><span class=\"a-size-base a-text-bold\">Type de connecteur<\/span><\/td>\n<td class=\"a-span9\" role=\"presentation\"><span class=\"a-size-base po-break-word\">ATX<\/span><\/td>\n<\/tr>\n<tr class=\"a-spacing-small po-output_wattage\" role=\"listitem\">\n<td class=\"a-span3\" role=\"presentation\"><span class=\"a-size-base a-text-bold\">Puissance de sortie<\/span><\/td>\n<td class=\"a-span9\" role=\"presentation\"><span class=\"a-size-base po-break-word\">1000<\/span><\/td>\n<\/tr>\n<tr class=\"a-spacing-small po-form_factor\" role=\"listitem\">\n<td class=\"a-span3\" role=\"presentation\"><span class=\"a-size-base a-text-bold\">Facteur de forme<\/span><\/td>\n<td class=\"a-span9\" role=\"presentation\"><span class=\"a-size-base po-break-word\">ATX<\/span><\/td>\n<\/tr>\n<tr class=\"a-spacing-small po-wattage\" role=\"listitem\">\n<td class=\"a-span3\" role=\"presentation\"><span class=\"a-size-base a-text-bold\">Puissance<\/span><\/td>\n<td class=\"a-span9\" role=\"presentation\"><span class=\"a-size-base po-break-word\">1000 Watts<\/span><\/td>\n<\/tr>\n<tr class=\"a-spacing-small po-cooling_method\" role=\"listitem\">\n<td class=\"a-span3\" role=\"presentation\"><span class=\"a-size-base a-text-bold\">M\u00e9thode de refroidissement<\/span><\/td>\n<td class=\"a-span9\" role=\"presentation\"><span class=\"a-size-base po-break-word\">Ventilateur<\/span><\/td>\n<\/tr>\n<tr class=\"a-spacing-small po-item_dimensions\" role=\"listitem\">\n<td class=\"a-span3\" role=\"presentation\"><span class=\"a-size-base a-text-bold\">Dimensions de l&#8217;article L\u00a0x\u00a0l\u00a0x\u00a0H<\/span><\/td>\n<td class=\"a-span9\" role=\"presentation\"><span class=\"a-size-base po-break-word\">15 x 15 x 8,6 centim\u00e8tres<\/span><\/td>\n<\/tr>\n<tr class=\"a-spacing-small po-item_weight\" role=\"listitem\">\n<td class=\"a-span3\" role=\"presentation\"><span class=\"a-size-base a-text-bold\">Poids de l&#8217;article<\/span><\/td>\n<td class=\"a-span9\" role=\"presentation\"><span class=\"a-size-base po-break-word\">2,5 Kilogrammes<\/span><\/td>\n<\/tr>\n<\/tbody>\n<\/table>\n<p>&nbsp;<\/p>\n<p>&nbsp;<\/p>\n<p>&nbsp;<\/p>\n<p>&nbsp;<\/p>\n<p>&nbsp;<\/p>\n<p>&nbsp;<\/p>\n<p>&nbsp;<\/p>\n<p>&nbsp;<\/p>\n","protected":false},"excerpt":{"rendered":"<ul class=\"a-unordered-list a-vertical a-spacing-mini\">\n<li class=\"a-spacing-mini\"><span class=\"a-list-item\">Les condensateurs et bobines ont r\u00e9ussi les tests exigeants de la certification militaire.<\/span><\/li>\n<li class=\"a-spacing-mini\"><span class=\"a-list-item\">Le double roulement \u00e0 billes b\u00e9n\u00e9ficie d&#8217;une dur\u00e9e de vie multipli\u00e9e par deux par rapport \u00e0 celle des ventilateurs \u00e0 roulement \u00e0 paliers lisses.<\/span><\/li>\n<li class=\"a-spacing-mini\"><span class=\"a-list-item\">Le rev\u00eatement protecteur du circuit imprim\u00e9 permet d\u2019\u00e9viter les dommages caus\u00e9s par l\u2019humidit\u00e9, la poussi\u00e8re et les temp\u00e9ratures extr\u00eames.<\/span><\/li>\n<li class=\"a-spacing-mini\"><span class=\"a-list-item\">La certification 80 Plus Gold prouve que ces cartes sont fabriqu\u00e9es avec des condensateurs japonais et de nombreux autres composants premium.<\/span><\/li>\n<li class=\"a-spacing-mini\"><span class=\"a-list-item\">Les ventilateurs axiaux pr\u00e9sentent un moyeu plus petit, des pales plus grandes et un anneau am\u00e9liorant la pression descendante de l&#8217;air.<\/span><\/li>\n<\/ul>\n","protected":false},"featured_media":7898,"comment_status":"open","ping_status":"closed","template":"","meta":[],"product_brand":[],"product_cat":[70],"product_tag":[84],"class_list":{"0":"post-7889","1":"product","2":"type-product","3":"status-publish","4":"has-post-thumbnail","6":"product_cat-alimentation","7":"product_tag-source","9":"first","10":"instock","11":"shipping-taxable","12":"purchasable","13":"product-type-simple"},"yoast_head":"<!-- This site is optimized with the Yoast SEO plugin v26.4 - https:\/\/yoast.com\/wordpress\/plugins\/seo\/ -->\n<title>ASUS TUF Gaming 1000W Gold White Edition \u2013 Bloc d&#039;alimentation (1000 Watt, modulable, 80+ Gold, ATX 3.1, PCIE 5.1, Ventilateurs axiaux \u00e0 Double roulement \u00e0 Billes, Rev\u00eatement Protecteur PCB) - ProPlaystore<\/title>\n<meta name=\"robots\" content=\"index, follow, max-snippet:-1, max-image-preview:large, max-video-preview:-1\" \/>\n<link rel=\"canonical\" href=\"https:\/\/proplaystore.lu\/index.php\/produit\/asus-tuf-gaming-1000w-gold-white-edition-bloc-dalimentation-1000-watt-modulable-80-gold-atx-3-1-pcie-5-1-ventilateurs-axiaux-a-double-roulement-a-billes-revetement-protecteur-pcb\/\" \/>\n<meta property=\"og:locale\" content=\"en_US\" \/>\n<meta property=\"og:type\" content=\"article\" \/>\n<meta property=\"og:title\" content=\"ASUS TUF Gaming 1000W Gold White Edition \u2013 Bloc d&#039;alimentation (1000 Watt, modulable, 80+ Gold, ATX 3.1, PCIE 5.1, Ventilateurs axiaux \u00e0 Double roulement \u00e0 Billes, Rev\u00eatement Protecteur PCB) - ProPlaystore\" \/>\n<meta property=\"og:description\" content=\"Les condensateurs et bobines ont r\u00e9ussi les tests exigeants de la certification militaire.  Le double roulement \u00e0 billes b\u00e9n\u00e9ficie d&#039;une dur\u00e9e de vie multipli\u00e9e par deux par rapport \u00e0 celle des ventilateurs \u00e0 roulement \u00e0 paliers lisses.  Le rev\u00eatement protecteur du circuit imprim\u00e9 permet d\u2019\u00e9viter les dommages caus\u00e9s par l\u2019humidit\u00e9, la poussi\u00e8re et les temp\u00e9ratures extr\u00eames.  La certification 80 Plus Gold prouve que ces cartes sont fabriqu\u00e9es avec des condensateurs japonais et de nombreux autres composants premium.  Les ventilateurs axiaux pr\u00e9sentent un moyeu plus petit, des pales plus grandes et un anneau am\u00e9liorant la pression descendante de l&#039;air.\" \/>\n<meta property=\"og:url\" content=\"https:\/\/proplaystore.lu\/index.php\/produit\/asus-tuf-gaming-1000w-gold-white-edition-bloc-dalimentation-1000-watt-modulable-80-gold-atx-3-1-pcie-5-1-ventilateurs-axiaux-a-double-roulement-a-billes-revetement-protecteur-pcb\/\" \/>\n<meta property=\"og:site_name\" content=\"ProPlaystore\" \/>\n<meta property=\"article:modified_time\" content=\"2025-08-19T07:15:19+00:00\" \/>\n<meta property=\"og:image\" content=\"https:\/\/proplaystore.lu\/wp-content\/uploads\/2025\/08\/71TbIqteGNL._AC_SX425_.jpg\" \/>\n\t<meta property=\"og:image:width\" content=\"425\" \/>\n\t<meta property=\"og:image:height\" content=\"394\" \/>\n\t<meta property=\"og:image:type\" content=\"image\/jpeg\" \/>\n<meta name=\"twitter:card\" content=\"summary_large_image\" \/>\n<meta name=\"twitter:label1\" content=\"Est. reading time\" \/>\n\t<meta name=\"twitter:data1\" content=\"1 minute\" \/>\n<script type=\"application\/ld+json\" class=\"yoast-schema-graph\">{\"@context\":\"https:\/\/schema.org\",\"@graph\":[{\"@type\":\"WebPage\",\"@id\":\"https:\/\/proplaystore.lu\/index.php\/produit\/asus-tuf-gaming-1000w-gold-white-edition-bloc-dalimentation-1000-watt-modulable-80-gold-atx-3-1-pcie-5-1-ventilateurs-axiaux-a-double-roulement-a-billes-revetement-protecteur-pcb\/\",\"url\":\"https:\/\/proplaystore.lu\/index.php\/produit\/asus-tuf-gaming-1000w-gold-white-edition-bloc-dalimentation-1000-watt-modulable-80-gold-atx-3-1-pcie-5-1-ventilateurs-axiaux-a-double-roulement-a-billes-revetement-protecteur-pcb\/\",\"name\":\"ASUS TUF Gaming 1000W Gold White Edition \u2013 Bloc d'alimentation (1000 Watt, modulable, 80+ Gold, ATX 3.1, PCIE 5.1, Ventilateurs axiaux \u00e0 Double roulement \u00e0 Billes, Rev\u00eatement Protecteur PCB) - ProPlaystore\",\"isPartOf\":{\"@id\":\"https:\/\/proplaystore.lu\/#website\"},\"primaryImageOfPage\":{\"@id\":\"https:\/\/proplaystore.lu\/index.php\/produit\/asus-tuf-gaming-1000w-gold-white-edition-bloc-dalimentation-1000-watt-modulable-80-gold-atx-3-1-pcie-5-1-ventilateurs-axiaux-a-double-roulement-a-billes-revetement-protecteur-pcb\/#primaryimage\"},\"image\":{\"@id\":\"https:\/\/proplaystore.lu\/index.php\/produit\/asus-tuf-gaming-1000w-gold-white-edition-bloc-dalimentation-1000-watt-modulable-80-gold-atx-3-1-pcie-5-1-ventilateurs-axiaux-a-double-roulement-a-billes-revetement-protecteur-pcb\/#primaryimage\"},\"thumbnailUrl\":\"https:\/\/proplaystore.lu\/wp-content\/uploads\/2025\/08\/71TbIqteGNL._AC_SX425_.jpg\",\"datePublished\":\"2025-08-17T22:31:50+00:00\",\"dateModified\":\"2025-08-19T07:15:19+00:00\",\"breadcrumb\":{\"@id\":\"https:\/\/proplaystore.lu\/index.php\/produit\/asus-tuf-gaming-1000w-gold-white-edition-bloc-dalimentation-1000-watt-modulable-80-gold-atx-3-1-pcie-5-1-ventilateurs-axiaux-a-double-roulement-a-billes-revetement-protecteur-pcb\/#breadcrumb\"},\"inLanguage\":\"en-US\",\"potentialAction\":[{\"@type\":\"ReadAction\",\"target\":[\"https:\/\/proplaystore.lu\/index.php\/produit\/asus-tuf-gaming-1000w-gold-white-edition-bloc-dalimentation-1000-watt-modulable-80-gold-atx-3-1-pcie-5-1-ventilateurs-axiaux-a-double-roulement-a-billes-revetement-protecteur-pcb\/\"]}]},{\"@type\":\"ImageObject\",\"inLanguage\":\"en-US\",\"@id\":\"https:\/\/proplaystore.lu\/index.php\/produit\/asus-tuf-gaming-1000w-gold-white-edition-bloc-dalimentation-1000-watt-modulable-80-gold-atx-3-1-pcie-5-1-ventilateurs-axiaux-a-double-roulement-a-billes-revetement-protecteur-pcb\/#primaryimage\",\"url\":\"https:\/\/proplaystore.lu\/wp-content\/uploads\/2025\/08\/71TbIqteGNL._AC_SX425_.jpg\",\"contentUrl\":\"https:\/\/proplaystore.lu\/wp-content\/uploads\/2025\/08\/71TbIqteGNL._AC_SX425_.jpg\",\"width\":425,\"height\":394},{\"@type\":\"BreadcrumbList\",\"@id\":\"https:\/\/proplaystore.lu\/index.php\/produit\/asus-tuf-gaming-1000w-gold-white-edition-bloc-dalimentation-1000-watt-modulable-80-gold-atx-3-1-pcie-5-1-ventilateurs-axiaux-a-double-roulement-a-billes-revetement-protecteur-pcb\/#breadcrumb\",\"itemListElement\":[{\"@type\":\"ListItem\",\"position\":1,\"name\":\"Accueil\",\"item\":\"https:\/\/proplaystore.lu\/\"},{\"@type\":\"ListItem\",\"position\":2,\"name\":\"Shop\",\"item\":\"https:\/\/proplaystore.lu\/index.php\/shop\/\"},{\"@type\":\"ListItem\",\"position\":3,\"name\":\"ASUS TUF Gaming 1000W Gold White Edition \u2013 Bloc d&#8217;alimentation (1000 Watt, modulable, 80+ Gold, ATX 3.1, PCIE 5.1, Ventilateurs axiaux \u00e0 Double roulement \u00e0 Billes, Rev\u00eatement Protecteur PCB)\"}]},{\"@type\":\"WebSite\",\"@id\":\"https:\/\/proplaystore.lu\/#website\",\"url\":\"https:\/\/proplaystore.lu\/\",\"name\":\"ProPlaystore\",\"description\":\"proplaysre\",\"potentialAction\":[{\"@type\":\"SearchAction\",\"target\":{\"@type\":\"EntryPoint\",\"urlTemplate\":\"https:\/\/proplaystore.lu\/?s={search_term_string}\"},\"query-input\":{\"@type\":\"PropertyValueSpecification\",\"valueRequired\":true,\"valueName\":\"search_term_string\"}}],\"inLanguage\":\"en-US\"}]}<\/script>\n<!-- \/ Yoast SEO plugin. -->","yoast_head_json":{"title":"ASUS TUF Gaming 1000W Gold White Edition \u2013 Bloc d'alimentation (1000 Watt, modulable, 80+ Gold, ATX 3.1, PCIE 5.1, Ventilateurs axiaux \u00e0 Double roulement \u00e0 Billes, Rev\u00eatement Protecteur PCB) - ProPlaystore","robots":{"index":"index","follow":"follow","max-snippet":"max-snippet:-1","max-image-preview":"max-image-preview:large","max-video-preview":"max-video-preview:-1"},"canonical":"https:\/\/proplaystore.lu\/index.php\/produit\/asus-tuf-gaming-1000w-gold-white-edition-bloc-dalimentation-1000-watt-modulable-80-gold-atx-3-1-pcie-5-1-ventilateurs-axiaux-a-double-roulement-a-billes-revetement-protecteur-pcb\/","og_locale":"en_US","og_type":"article","og_title":"ASUS TUF Gaming 1000W Gold White Edition \u2013 Bloc d'alimentation (1000 Watt, modulable, 80+ Gold, ATX 3.1, PCIE 5.1, Ventilateurs axiaux \u00e0 Double roulement \u00e0 Billes, Rev\u00eatement Protecteur PCB) - ProPlaystore","og_description":"Les condensateurs et bobines ont r\u00e9ussi les tests exigeants de la certification militaire.  Le double roulement \u00e0 billes b\u00e9n\u00e9ficie d'une dur\u00e9e de vie multipli\u00e9e par deux par rapport \u00e0 celle des ventilateurs \u00e0 roulement \u00e0 paliers lisses.  Le rev\u00eatement protecteur du circuit imprim\u00e9 permet d\u2019\u00e9viter les dommages caus\u00e9s par l\u2019humidit\u00e9, la poussi\u00e8re et les temp\u00e9ratures extr\u00eames.  La certification 80 Plus Gold prouve que ces cartes sont fabriqu\u00e9es avec des condensateurs japonais et de nombreux autres composants premium.  Les ventilateurs axiaux pr\u00e9sentent un moyeu plus petit, des pales plus grandes et un anneau am\u00e9liorant la pression descendante de l'air.","og_url":"https:\/\/proplaystore.lu\/index.php\/produit\/asus-tuf-gaming-1000w-gold-white-edition-bloc-dalimentation-1000-watt-modulable-80-gold-atx-3-1-pcie-5-1-ventilateurs-axiaux-a-double-roulement-a-billes-revetement-protecteur-pcb\/","og_site_name":"ProPlaystore","article_modified_time":"2025-08-19T07:15:19+00:00","og_image":[{"width":425,"height":394,"url":"https:\/\/proplaystore.lu\/wp-content\/uploads\/2025\/08\/71TbIqteGNL._AC_SX425_.jpg","type":"image\/jpeg"}],"twitter_card":"summary_large_image","twitter_misc":{"Est. reading time":"1 minute"},"schema":{"@context":"https:\/\/schema.org","@graph":[{"@type":"WebPage","@id":"https:\/\/proplaystore.lu\/index.php\/produit\/asus-tuf-gaming-1000w-gold-white-edition-bloc-dalimentation-1000-watt-modulable-80-gold-atx-3-1-pcie-5-1-ventilateurs-axiaux-a-double-roulement-a-billes-revetement-protecteur-pcb\/","url":"https:\/\/proplaystore.lu\/index.php\/produit\/asus-tuf-gaming-1000w-gold-white-edition-bloc-dalimentation-1000-watt-modulable-80-gold-atx-3-1-pcie-5-1-ventilateurs-axiaux-a-double-roulement-a-billes-revetement-protecteur-pcb\/","name":"ASUS TUF Gaming 1000W Gold White Edition \u2013 Bloc d'alimentation (1000 Watt, modulable, 80+ Gold, ATX 3.1, PCIE 5.1, Ventilateurs axiaux \u00e0 Double roulement \u00e0 Billes, Rev\u00eatement Protecteur PCB) - ProPlaystore","isPartOf":{"@id":"https:\/\/proplaystore.lu\/#website"},"primaryImageOfPage":{"@id":"https:\/\/proplaystore.lu\/index.php\/produit\/asus-tuf-gaming-1000w-gold-white-edition-bloc-dalimentation-1000-watt-modulable-80-gold-atx-3-1-pcie-5-1-ventilateurs-axiaux-a-double-roulement-a-billes-revetement-protecteur-pcb\/#primaryimage"},"image":{"@id":"https:\/\/proplaystore.lu\/index.php\/produit\/asus-tuf-gaming-1000w-gold-white-edition-bloc-dalimentation-1000-watt-modulable-80-gold-atx-3-1-pcie-5-1-ventilateurs-axiaux-a-double-roulement-a-billes-revetement-protecteur-pcb\/#primaryimage"},"thumbnailUrl":"https:\/\/proplaystore.lu\/wp-content\/uploads\/2025\/08\/71TbIqteGNL._AC_SX425_.jpg","datePublished":"2025-08-17T22:31:50+00:00","dateModified":"2025-08-19T07:15:19+00:00","breadcrumb":{"@id":"https:\/\/proplaystore.lu\/index.php\/produit\/asus-tuf-gaming-1000w-gold-white-edition-bloc-dalimentation-1000-watt-modulable-80-gold-atx-3-1-pcie-5-1-ventilateurs-axiaux-a-double-roulement-a-billes-revetement-protecteur-pcb\/#breadcrumb"},"inLanguage":"en-US","potentialAction":[{"@type":"ReadAction","target":["https:\/\/proplaystore.lu\/index.php\/produit\/asus-tuf-gaming-1000w-gold-white-edition-bloc-dalimentation-1000-watt-modulable-80-gold-atx-3-1-pcie-5-1-ventilateurs-axiaux-a-double-roulement-a-billes-revetement-protecteur-pcb\/"]}]},{"@type":"ImageObject","inLanguage":"en-US","@id":"https:\/\/proplaystore.lu\/index.php\/produit\/asus-tuf-gaming-1000w-gold-white-edition-bloc-dalimentation-1000-watt-modulable-80-gold-atx-3-1-pcie-5-1-ventilateurs-axiaux-a-double-roulement-a-billes-revetement-protecteur-pcb\/#primaryimage","url":"https:\/\/proplaystore.lu\/wp-content\/uploads\/2025\/08\/71TbIqteGNL._AC_SX425_.jpg","contentUrl":"https:\/\/proplaystore.lu\/wp-content\/uploads\/2025\/08\/71TbIqteGNL._AC_SX425_.jpg","width":425,"height":394},{"@type":"BreadcrumbList","@id":"https:\/\/proplaystore.lu\/index.php\/produit\/asus-tuf-gaming-1000w-gold-white-edition-bloc-dalimentation-1000-watt-modulable-80-gold-atx-3-1-pcie-5-1-ventilateurs-axiaux-a-double-roulement-a-billes-revetement-protecteur-pcb\/#breadcrumb","itemListElement":[{"@type":"ListItem","position":1,"name":"Accueil","item":"https:\/\/proplaystore.lu\/"},{"@type":"ListItem","position":2,"name":"Shop","item":"https:\/\/proplaystore.lu\/index.php\/shop\/"},{"@type":"ListItem","position":3,"name":"ASUS TUF Gaming 1000W Gold White Edition \u2013 Bloc d&#8217;alimentation (1000 Watt, modulable, 80+ Gold, ATX 3.1, PCIE 5.1, Ventilateurs axiaux \u00e0 Double roulement \u00e0 Billes, Rev\u00eatement Protecteur PCB)"}]},{"@type":"WebSite","@id":"https:\/\/proplaystore.lu\/#website","url":"https:\/\/proplaystore.lu\/","name":"ProPlaystore","description":"proplaysre","potentialAction":[{"@type":"SearchAction","target":{"@type":"EntryPoint","urlTemplate":"https:\/\/proplaystore.lu\/?s={search_term_string}"},"query-input":{"@type":"PropertyValueSpecification","valueRequired":true,"valueName":"search_term_string"}}],"inLanguage":"en-US"}]}},"_links":{"self":[{"href":"https:\/\/proplaystore.lu\/index.php\/wp-json\/wp\/v2\/product\/7889","targetHints":{"allow":["GET"]}}],"collection":[{"href":"https:\/\/proplaystore.lu\/index.php\/wp-json\/wp\/v2\/product"}],"about":[{"href":"https:\/\/proplaystore.lu\/index.php\/wp-json\/wp\/v2\/types\/product"}],"replies":[{"embeddable":true,"href":"https:\/\/proplaystore.lu\/index.php\/wp-json\/wp\/v2\/comments?post=7889"}],"wp:featuredmedia":[{"embeddable":true,"href":"https:\/\/proplaystore.lu\/index.php\/wp-json\/wp\/v2\/media\/7898"}],"wp:attachment":[{"href":"https:\/\/proplaystore.lu\/index.php\/wp-json\/wp\/v2\/media?parent=7889"}],"wp:term":[{"taxonomy":"product_brand","embeddable":true,"href":"https:\/\/proplaystore.lu\/index.php\/wp-json\/wp\/v2\/product_brand?post=7889"},{"taxonomy":"product_cat","embeddable":true,"href":"https:\/\/proplaystore.lu\/index.php\/wp-json\/wp\/v2\/product_cat?post=7889"},{"taxonomy":"product_tag","embeddable":true,"href":"https:\/\/proplaystore.lu\/index.php\/wp-json\/wp\/v2\/product_tag?post=7889"}],"curies":[{"name":"wp","href":"https:\/\/api.w.org\/{rel}","templated":true}]}}