{"id":7970,"date":"2025-08-20T16:01:27","date_gmt":"2025-08-20T16:01:27","guid":{"rendered":"https:\/\/proplaystore.lu\/?post_type=product&#038;p=7970"},"modified":"2025-08-20T16:10:22","modified_gmt":"2025-08-20T16:10:22","slug":"msi-b550m-pro-vdh-carte-mere-amd-b550-emplacement-am4-micro-atx","status":"publish","type":"product","link":"https:\/\/proplaystore.lu\/index.php\/produit\/msi-b550m-pro-vdh-carte-mere-amd-b550-emplacement-am4-micro-atx\/","title":{"rendered":"MSI B550M Pro-VDH Carte m\u00e8re AMD B550 Emplacement AM4 Micro ATX"},"content":{"rendered":"<h2 data-start=\"1558\" data-end=\"1580\"><strong data-start=\"1561\" data-end=\"1580\">Fiche technique<\/strong><\/h2>\n<table class=\"a-normal a-spacing-micro\" role=\"list\">\n<tbody>\n<tr class=\"a-spacing-small po-brand\" role=\"listitem\">\n<td class=\"a-span3\" role=\"presentation\"><span class=\"a-size-base a-text-bold\">Marque<\/span><\/td>\n<td class=\"a-span9\" role=\"presentation\"><span class=\"a-size-base po-break-word\">MSI<\/span><\/td>\n<\/tr>\n<tr class=\"a-spacing-small po-cpu_model.socket\" role=\"listitem\">\n<td class=\"a-span3\" role=\"presentation\"><span class=\"a-size-base a-text-bold\">Socket du CPU<\/span><\/td>\n<td class=\"a-span9\" role=\"presentation\"><span class=\"a-size-base po-break-word\">Socket AM4<\/span><\/td>\n<\/tr>\n<tr class=\"a-spacing-small po-compatible_devices\" role=\"listitem\">\n<td class=\"a-span3\" role=\"presentation\"><span class=\"a-size-base a-text-bold\">Appareils compatibles<\/span><\/td>\n<td class=\"a-span9\" role=\"presentation\"><span class=\"a-size-base po-break-word\">Ordinateur personnel<\/span><\/td>\n<\/tr>\n<tr class=\"a-spacing-small po-ram_memory.technology\" role=\"listitem\">\n<td class=\"a-span3\" role=\"presentation\"><span class=\"a-size-base a-text-bold\">Technologie de m\u00e9moire RAM<\/span><\/td>\n<td class=\"a-span9\" role=\"presentation\"><span class=\"a-size-base po-break-word\">DDR4<\/span><\/td>\n<\/tr>\n<tr class=\"a-spacing-small po-compatible_processor_types\" role=\"listitem\">\n<td class=\"a-span3\" role=\"presentation\"><span class=\"a-size-base a-text-bold\">Processeurs compatibles<\/span><\/td>\n<td class=\"a-span9\" role=\"presentation\"><span class=\"a-size-base po-break-word\">AMD Ryzen 5, AMD Ryzen 7, AMD Ryzen 9 3rd Gen<\/span><\/td>\n<\/tr>\n<tr class=\"a-spacing-small po-chipset_type\" role=\"listitem\">\n<td class=\"a-span3\" role=\"presentation\"><span class=\"a-size-base a-text-bold\">Type de chipset<\/span><\/td>\n<td class=\"a-span9\" role=\"presentation\"><span class=\"a-size-base po-break-word\">AMD B550<\/span><\/td>\n<\/tr>\n<tr class=\"a-spacing-small po-memory_clock_speed\" role=\"listitem\">\n<td class=\"a-span3\" role=\"presentation\"><span class=\"a-size-base a-text-bold\">Vitesse d&#8217;horloge de m\u00e9moire<\/span><\/td>\n<td class=\"a-span9\" role=\"presentation\"><span class=\"a-size-base po-break-word\">4400 Modificateur inconnu<\/span><\/td>\n<\/tr>\n<tr class=\"a-spacing-small po-platform\" role=\"listitem\">\n<td class=\"a-span3\" role=\"presentation\"><span class=\"a-size-base a-text-bold\">Plateforme<\/span><\/td>\n<td class=\"a-span9\" role=\"presentation\"><span class=\"a-size-base po-break-word\">Windows 10<\/span><\/td>\n<\/tr>\n<tr class=\"a-spacing-small po-model_name\" role=\"listitem\">\n<td class=\"a-span3\" role=\"presentation\"><span class=\"a-size-base a-text-bold\">Nom de mod\u00e8le<\/span><\/td>\n<td class=\"a-span9\" role=\"presentation\"><span class=\"a-size-base po-break-word\">B550M PRO-VDH<\/span><\/td>\n<\/tr>\n<tr class=\"a-spacing-small po-cpu_model.family\" role=\"listitem\">\n<td class=\"a-span3\" role=\"presentation\"><span class=\"a-size-base a-text-bold\">Mod\u00e8le du\u00a0CPU<\/span><\/td>\n<td class=\"a-span9\" role=\"presentation\"><span class=\"a-size-base po-break-word\">Ryzen 9<\/span><\/td>\n<\/tr>\n<\/tbody>\n<\/table>\n<p>&nbsp;<\/p>\n<p>&nbsp;<\/p>\n<p>&nbsp;<\/p>\n<p>&nbsp;<\/p>\n<p>&nbsp;<\/p>\n<p>&nbsp;<\/p>\n","protected":false},"excerpt":{"rendered":"<ul class=\"a-unordered-list a-vertical\">\n<li class=\"a-spacing-mini\"><span class=\"a-list-item\">Aliment\u00e9 par AMD Ryzen 9, Ryzen7, Ryzen 5 AM4 de 3e g\u00e9n\u00e9ration pour optimiser la connectivit\u00e9 et la vitesse avec Lightning M.2, PCIe 4.0, USB 3.2 Gen1 et jusqu&#8217;\u00e0 128 Go de DDR4 (4400 MHz)<\/span><\/li>\n<li class=\"a-spacing-mini\"><span class=\"a-list-item\">La technologie Core Boost combine des dispositions de circuit d&#8217;alimentation optimis\u00e9es et un design d&#8217;alimentation num\u00e9rique qui permet un d\u00e9bit pr\u00e9cis et constant au processeur<\/span><\/li>\n<li class=\"a-spacing-mini\"><span class=\"a-list-item\">Avec les processeurs Ryzen de 3e g\u00e9n\u00e9ration<\/span><\/li>\n<li class=\"a-spacing-mini\"><span class=\"a-list-item\">La LED adressable pr\u00eate avec l&#8217;extension de lumi\u00e8re Mystic fournit un connecteur JRAINBOW pour une fonction compl\u00e8te pour se connecter \u00e0 des bandes RVB adressables et contr\u00f4ler la lumi\u00e8re RVB tout autour du syst\u00e8me<\/span><\/li>\n<\/ul>\n","protected":false},"featured_media":7974,"comment_status":"open","ping_status":"closed","template":"","meta":[],"product_brand":[],"product_cat":[66],"product_tag":[79],"class_list":{"0":"post-7970","1":"product","2":"type-product","3":"status-publish","4":"has-post-thumbnail","6":"product_cat-carte-mere","7":"product_tag-carte-mere","9":"first","10":"instock","11":"shipping-taxable","12":"purchasable","13":"product-type-simple"},"yoast_head":"<!-- This site is optimized with the Yoast SEO plugin v26.4 - https:\/\/yoast.com\/wordpress\/plugins\/seo\/ -->\n<title>MSI B550M Pro-VDH Carte m\u00e8re AMD B550 Emplacement AM4 Micro ATX - ProPlaystore<\/title>\n<meta name=\"robots\" content=\"index, follow, max-snippet:-1, max-image-preview:large, max-video-preview:-1\" \/>\n<link rel=\"canonical\" href=\"https:\/\/proplaystore.lu\/index.php\/produit\/msi-b550m-pro-vdh-carte-mere-amd-b550-emplacement-am4-micro-atx\/\" \/>\n<meta property=\"og:locale\" content=\"en_US\" \/>\n<meta property=\"og:type\" content=\"article\" \/>\n<meta property=\"og:title\" content=\"MSI B550M Pro-VDH Carte m\u00e8re AMD B550 Emplacement AM4 Micro ATX - ProPlaystore\" \/>\n<meta property=\"og:description\" content=\"Aliment\u00e9 par AMD Ryzen 9, Ryzen7, Ryzen 5 AM4 de 3e g\u00e9n\u00e9ration pour optimiser la connectivit\u00e9 et la vitesse avec Lightning M.2, PCIe 4.0, USB 3.2 Gen1 et jusqu&#039;\u00e0 128 Go de DDR4 (4400 MHz)  La technologie Core Boost combine des dispositions de circuit d&#039;alimentation optimis\u00e9es et un design d&#039;alimentation num\u00e9rique qui permet un d\u00e9bit pr\u00e9cis et constant au processeur  Avec les processeurs Ryzen de 3e g\u00e9n\u00e9ration  La LED adressable pr\u00eate avec l&#039;extension de lumi\u00e8re Mystic fournit un connecteur JRAINBOW pour une fonction compl\u00e8te pour se connecter \u00e0 des bandes RVB adressables et contr\u00f4ler la lumi\u00e8re RVB tout autour du syst\u00e8me\" \/>\n<meta property=\"og:url\" content=\"https:\/\/proplaystore.lu\/index.php\/produit\/msi-b550m-pro-vdh-carte-mere-amd-b550-emplacement-am4-micro-atx\/\" \/>\n<meta property=\"og:site_name\" content=\"ProPlaystore\" \/>\n<meta property=\"article:modified_time\" content=\"2025-08-20T16:10:22+00:00\" \/>\n<meta property=\"og:image\" content=\"https:\/\/proplaystore.lu\/wp-content\/uploads\/2025\/08\/617VKIqOwDL._AC_SX679_.jpg\" \/>\n\t<meta property=\"og:image:width\" content=\"679\" \/>\n\t<meta property=\"og:image:height\" content=\"417\" \/>\n\t<meta property=\"og:image:type\" content=\"image\/jpeg\" \/>\n<meta name=\"twitter:card\" content=\"summary_large_image\" \/>\n<meta name=\"twitter:label1\" content=\"Est. reading time\" \/>\n\t<meta name=\"twitter:data1\" content=\"1 minute\" \/>\n<script type=\"application\/ld+json\" class=\"yoast-schema-graph\">{\"@context\":\"https:\/\/schema.org\",\"@graph\":[{\"@type\":\"WebPage\",\"@id\":\"https:\/\/proplaystore.lu\/index.php\/produit\/msi-b550m-pro-vdh-carte-mere-amd-b550-emplacement-am4-micro-atx\/\",\"url\":\"https:\/\/proplaystore.lu\/index.php\/produit\/msi-b550m-pro-vdh-carte-mere-amd-b550-emplacement-am4-micro-atx\/\",\"name\":\"MSI B550M Pro-VDH Carte m\u00e8re AMD B550 Emplacement AM4 Micro ATX - ProPlaystore\",\"isPartOf\":{\"@id\":\"https:\/\/proplaystore.lu\/#website\"},\"primaryImageOfPage\":{\"@id\":\"https:\/\/proplaystore.lu\/index.php\/produit\/msi-b550m-pro-vdh-carte-mere-amd-b550-emplacement-am4-micro-atx\/#primaryimage\"},\"image\":{\"@id\":\"https:\/\/proplaystore.lu\/index.php\/produit\/msi-b550m-pro-vdh-carte-mere-amd-b550-emplacement-am4-micro-atx\/#primaryimage\"},\"thumbnailUrl\":\"https:\/\/proplaystore.lu\/wp-content\/uploads\/2025\/08\/617VKIqOwDL._AC_SX679_.jpg\",\"datePublished\":\"2025-08-20T16:01:27+00:00\",\"dateModified\":\"2025-08-20T16:10:22+00:00\",\"breadcrumb\":{\"@id\":\"https:\/\/proplaystore.lu\/index.php\/produit\/msi-b550m-pro-vdh-carte-mere-amd-b550-emplacement-am4-micro-atx\/#breadcrumb\"},\"inLanguage\":\"en-US\",\"potentialAction\":[{\"@type\":\"ReadAction\",\"target\":[\"https:\/\/proplaystore.lu\/index.php\/produit\/msi-b550m-pro-vdh-carte-mere-amd-b550-emplacement-am4-micro-atx\/\"]}]},{\"@type\":\"ImageObject\",\"inLanguage\":\"en-US\",\"@id\":\"https:\/\/proplaystore.lu\/index.php\/produit\/msi-b550m-pro-vdh-carte-mere-amd-b550-emplacement-am4-micro-atx\/#primaryimage\",\"url\":\"https:\/\/proplaystore.lu\/wp-content\/uploads\/2025\/08\/617VKIqOwDL._AC_SX679_.jpg\",\"contentUrl\":\"https:\/\/proplaystore.lu\/wp-content\/uploads\/2025\/08\/617VKIqOwDL._AC_SX679_.jpg\",\"width\":679,\"height\":417},{\"@type\":\"BreadcrumbList\",\"@id\":\"https:\/\/proplaystore.lu\/index.php\/produit\/msi-b550m-pro-vdh-carte-mere-amd-b550-emplacement-am4-micro-atx\/#breadcrumb\",\"itemListElement\":[{\"@type\":\"ListItem\",\"position\":1,\"name\":\"Accueil\",\"item\":\"https:\/\/proplaystore.lu\/\"},{\"@type\":\"ListItem\",\"position\":2,\"name\":\"Shop\",\"item\":\"https:\/\/proplaystore.lu\/index.php\/shop\/\"},{\"@type\":\"ListItem\",\"position\":3,\"name\":\"MSI B550M Pro-VDH Carte m\u00e8re AMD B550 Emplacement AM4 Micro ATX\"}]},{\"@type\":\"WebSite\",\"@id\":\"https:\/\/proplaystore.lu\/#website\",\"url\":\"https:\/\/proplaystore.lu\/\",\"name\":\"ProPlaystore\",\"description\":\"proplaysre\",\"potentialAction\":[{\"@type\":\"SearchAction\",\"target\":{\"@type\":\"EntryPoint\",\"urlTemplate\":\"https:\/\/proplaystore.lu\/?s={search_term_string}\"},\"query-input\":{\"@type\":\"PropertyValueSpecification\",\"valueRequired\":true,\"valueName\":\"search_term_string\"}}],\"inLanguage\":\"en-US\"}]}<\/script>\n<!-- \/ Yoast SEO plugin. -->","yoast_head_json":{"title":"MSI B550M Pro-VDH Carte m\u00e8re AMD B550 Emplacement AM4 Micro ATX - ProPlaystore","robots":{"index":"index","follow":"follow","max-snippet":"max-snippet:-1","max-image-preview":"max-image-preview:large","max-video-preview":"max-video-preview:-1"},"canonical":"https:\/\/proplaystore.lu\/index.php\/produit\/msi-b550m-pro-vdh-carte-mere-amd-b550-emplacement-am4-micro-atx\/","og_locale":"en_US","og_type":"article","og_title":"MSI B550M Pro-VDH Carte m\u00e8re AMD B550 Emplacement AM4 Micro ATX - ProPlaystore","og_description":"Aliment\u00e9 par AMD Ryzen 9, Ryzen7, Ryzen 5 AM4 de 3e g\u00e9n\u00e9ration pour optimiser la connectivit\u00e9 et la vitesse avec Lightning M.2, PCIe 4.0, USB 3.2 Gen1 et jusqu'\u00e0 128 Go de DDR4 (4400 MHz)  La technologie Core Boost combine des dispositions de circuit d'alimentation optimis\u00e9es et un design d'alimentation num\u00e9rique qui permet un d\u00e9bit pr\u00e9cis et constant au processeur  Avec les processeurs Ryzen de 3e g\u00e9n\u00e9ration  La LED adressable pr\u00eate avec l'extension de lumi\u00e8re Mystic fournit un connecteur JRAINBOW pour une fonction compl\u00e8te pour se connecter \u00e0 des bandes RVB adressables et contr\u00f4ler la lumi\u00e8re RVB tout autour du syst\u00e8me","og_url":"https:\/\/proplaystore.lu\/index.php\/produit\/msi-b550m-pro-vdh-carte-mere-amd-b550-emplacement-am4-micro-atx\/","og_site_name":"ProPlaystore","article_modified_time":"2025-08-20T16:10:22+00:00","og_image":[{"width":679,"height":417,"url":"https:\/\/proplaystore.lu\/wp-content\/uploads\/2025\/08\/617VKIqOwDL._AC_SX679_.jpg","type":"image\/jpeg"}],"twitter_card":"summary_large_image","twitter_misc":{"Est. reading time":"1 minute"},"schema":{"@context":"https:\/\/schema.org","@graph":[{"@type":"WebPage","@id":"https:\/\/proplaystore.lu\/index.php\/produit\/msi-b550m-pro-vdh-carte-mere-amd-b550-emplacement-am4-micro-atx\/","url":"https:\/\/proplaystore.lu\/index.php\/produit\/msi-b550m-pro-vdh-carte-mere-amd-b550-emplacement-am4-micro-atx\/","name":"MSI B550M Pro-VDH Carte m\u00e8re AMD B550 Emplacement AM4 Micro ATX - ProPlaystore","isPartOf":{"@id":"https:\/\/proplaystore.lu\/#website"},"primaryImageOfPage":{"@id":"https:\/\/proplaystore.lu\/index.php\/produit\/msi-b550m-pro-vdh-carte-mere-amd-b550-emplacement-am4-micro-atx\/#primaryimage"},"image":{"@id":"https:\/\/proplaystore.lu\/index.php\/produit\/msi-b550m-pro-vdh-carte-mere-amd-b550-emplacement-am4-micro-atx\/#primaryimage"},"thumbnailUrl":"https:\/\/proplaystore.lu\/wp-content\/uploads\/2025\/08\/617VKIqOwDL._AC_SX679_.jpg","datePublished":"2025-08-20T16:01:27+00:00","dateModified":"2025-08-20T16:10:22+00:00","breadcrumb":{"@id":"https:\/\/proplaystore.lu\/index.php\/produit\/msi-b550m-pro-vdh-carte-mere-amd-b550-emplacement-am4-micro-atx\/#breadcrumb"},"inLanguage":"en-US","potentialAction":[{"@type":"ReadAction","target":["https:\/\/proplaystore.lu\/index.php\/produit\/msi-b550m-pro-vdh-carte-mere-amd-b550-emplacement-am4-micro-atx\/"]}]},{"@type":"ImageObject","inLanguage":"en-US","@id":"https:\/\/proplaystore.lu\/index.php\/produit\/msi-b550m-pro-vdh-carte-mere-amd-b550-emplacement-am4-micro-atx\/#primaryimage","url":"https:\/\/proplaystore.lu\/wp-content\/uploads\/2025\/08\/617VKIqOwDL._AC_SX679_.jpg","contentUrl":"https:\/\/proplaystore.lu\/wp-content\/uploads\/2025\/08\/617VKIqOwDL._AC_SX679_.jpg","width":679,"height":417},{"@type":"BreadcrumbList","@id":"https:\/\/proplaystore.lu\/index.php\/produit\/msi-b550m-pro-vdh-carte-mere-amd-b550-emplacement-am4-micro-atx\/#breadcrumb","itemListElement":[{"@type":"ListItem","position":1,"name":"Accueil","item":"https:\/\/proplaystore.lu\/"},{"@type":"ListItem","position":2,"name":"Shop","item":"https:\/\/proplaystore.lu\/index.php\/shop\/"},{"@type":"ListItem","position":3,"name":"MSI B550M Pro-VDH Carte m\u00e8re AMD B550 Emplacement AM4 Micro ATX"}]},{"@type":"WebSite","@id":"https:\/\/proplaystore.lu\/#website","url":"https:\/\/proplaystore.lu\/","name":"ProPlaystore","description":"proplaysre","potentialAction":[{"@type":"SearchAction","target":{"@type":"EntryPoint","urlTemplate":"https:\/\/proplaystore.lu\/?s={search_term_string}"},"query-input":{"@type":"PropertyValueSpecification","valueRequired":true,"valueName":"search_term_string"}}],"inLanguage":"en-US"}]}},"_links":{"self":[{"href":"https:\/\/proplaystore.lu\/index.php\/wp-json\/wp\/v2\/product\/7970","targetHints":{"allow":["GET"]}}],"collection":[{"href":"https:\/\/proplaystore.lu\/index.php\/wp-json\/wp\/v2\/product"}],"about":[{"href":"https:\/\/proplaystore.lu\/index.php\/wp-json\/wp\/v2\/types\/product"}],"replies":[{"embeddable":true,"href":"https:\/\/proplaystore.lu\/index.php\/wp-json\/wp\/v2\/comments?post=7970"}],"wp:featuredmedia":[{"embeddable":true,"href":"https:\/\/proplaystore.lu\/index.php\/wp-json\/wp\/v2\/media\/7974"}],"wp:attachment":[{"href":"https:\/\/proplaystore.lu\/index.php\/wp-json\/wp\/v2\/media?parent=7970"}],"wp:term":[{"taxonomy":"product_brand","embeddable":true,"href":"https:\/\/proplaystore.lu\/index.php\/wp-json\/wp\/v2\/product_brand?post=7970"},{"taxonomy":"product_cat","embeddable":true,"href":"https:\/\/proplaystore.lu\/index.php\/wp-json\/wp\/v2\/product_cat?post=7970"},{"taxonomy":"product_tag","embeddable":true,"href":"https:\/\/proplaystore.lu\/index.php\/wp-json\/wp\/v2\/product_tag?post=7970"}],"curies":[{"name":"wp","href":"https:\/\/api.w.org\/{rel}","templated":true}]}}