{"id":7980,"date":"2025-08-21T07:15:56","date_gmt":"2025-08-21T07:15:56","guid":{"rendered":"https:\/\/proplaystore.lu\/?post_type=product&#038;p=7980"},"modified":"2025-08-21T07:20:24","modified_gmt":"2025-08-21T07:20:24","slug":"gigabyte-b550m-aorus-elite-carte-mere-processeurs-amd-ryzen-5000-vrm-53-phases-jusqua-4733-mhz-ddr4-1xpcie-4-0-1xpcie-3-0-m-2-lan-1gbe-usb-3-2-gen-1","status":"publish","type":"product","link":"https:\/\/proplaystore.lu\/index.php\/produit\/gigabyte-b550m-aorus-elite-carte-mere-processeurs-amd-ryzen-5000-vrm-53-phases-jusqua-4733-mhz-ddr4-1xpcie-4-0-1xpcie-3-0-m-2-lan-1gbe-usb-3-2-gen-1\/","title":{"rendered":"GIGABYTE B550M AORUS Elite Carte m\u00e8re &#8211; Processeurs AMD Ryzen 5000, VRM 5+3 Phases, jusqu&#8217;\u00e0 4733 MHz DDR4, 1xPCIe 4.0 + 1xPCIe 3.0 M.2, LAN 1GbE, USB 3.2 Gen 1"},"content":{"rendered":"<h2 data-start=\"1558\" data-end=\"1580\"><strong data-start=\"1561\" data-end=\"1580\">Fiche technique<\/strong><\/h2>\n<table class=\"a-normal a-spacing-micro\" role=\"list\">\n<tbody>\n<tr class=\"a-spacing-small po-brand\" role=\"listitem\">\n<td class=\"a-span3\" role=\"presentation\"><span class=\"a-size-base a-text-bold\">Marque<\/span><\/td>\n<td class=\"a-span9\" role=\"presentation\"><span class=\"a-size-base po-break-word\">GIGABYTE<\/span><\/td>\n<\/tr>\n<tr class=\"a-spacing-small po-cpu_model.socket\" role=\"listitem\">\n<td class=\"a-span3\" role=\"presentation\"><span class=\"a-size-base a-text-bold\">Socket du CPU<\/span><\/td>\n<td class=\"a-span9\" role=\"presentation\"><span class=\"a-size-base po-break-word\">Socket AM4<\/span><\/td>\n<\/tr>\n<tr class=\"a-spacing-small po-compatible_devices\" role=\"listitem\">\n<td class=\"a-span3\" role=\"presentation\"><span class=\"a-size-base a-text-bold\">Appareils compatibles<\/span><\/td>\n<td class=\"a-span9\" role=\"presentation\"><span class=\"a-size-base po-break-word\">Ordinateur personnel<\/span><\/td>\n<\/tr>\n<tr class=\"a-spacing-small po-ram_memory.technology\" role=\"listitem\">\n<td class=\"a-span3\" role=\"presentation\"><span class=\"a-size-base a-text-bold\">Technologie de m\u00e9moire RAM<\/span><\/td>\n<td class=\"a-span9\" role=\"presentation\"><span class=\"a-size-base po-break-word\">DDR4<\/span><\/td>\n<\/tr>\n<tr class=\"a-spacing-small po-compatible_processor_types\" role=\"listitem\">\n<td class=\"a-span3\" role=\"presentation\"><span class=\"a-size-base a-text-bold\">Processeurs compatibles<\/span><\/td>\n<td class=\"a-span9\" role=\"presentation\"><span class=\"a-size-base po-break-word\">AMD Ryzen 5000 Series<\/span><\/td>\n<\/tr>\n<tr class=\"a-spacing-small po-chipset_type\" role=\"listitem\">\n<td class=\"a-span3\" role=\"presentation\"><span class=\"a-size-base a-text-bold\">Type de chipset<\/span><\/td>\n<td class=\"a-span9\" role=\"presentation\"><span class=\"a-size-base po-break-word\">AMD B550<\/span><\/td>\n<\/tr>\n<tr class=\"a-spacing-small po-memory_clock_speed\" role=\"listitem\">\n<td class=\"a-span3\" role=\"presentation\"><span class=\"a-size-base a-text-bold\">Vitesse d&#8217;horloge de m\u00e9moire<\/span><\/td>\n<td class=\"a-span9\" role=\"presentation\"><span class=\"a-size-base po-break-word\">4733 MHz<\/span><\/td>\n<\/tr>\n<tr class=\"a-spacing-small po-platform\" role=\"listitem\">\n<td class=\"a-span3\" role=\"presentation\"><span class=\"a-size-base a-text-bold\">Plateforme<\/span><\/td>\n<td class=\"a-span9\" role=\"presentation\"><span class=\"a-size-base po-break-word\">Windows<\/span><\/td>\n<\/tr>\n<tr class=\"a-spacing-small po-model_name\" role=\"listitem\">\n<td class=\"a-span3\" role=\"presentation\"><span class=\"a-size-base a-text-bold\">Nom de mod\u00e8le<\/span><\/td>\n<td class=\"a-span9\" role=\"presentation\"><span class=\"a-size-base po-break-word\">B550M AORUS ELITE<\/span><\/td>\n<\/tr>\n<tr class=\"a-spacing-small po-cpu_model.family\" role=\"listitem\">\n<td class=\"a-span3\" role=\"presentation\"><span class=\"a-size-base a-text-bold\">Mod\u00e8le du\u00a0CPU<\/span><\/td>\n<td class=\"a-span9\" role=\"presentation\"><span class=\"a-size-base po-break-word\">Ryzen 3<\/span><\/td>\n<\/tr>\n<\/tbody>\n<\/table>\n<p>&nbsp;<\/p>\n<p>&nbsp;<\/p>\n<p>&nbsp;<\/p>\n<p>&nbsp;<\/p>\n<p>&nbsp;<\/p>\n<p>&nbsp;<\/p>\n<p>&nbsp;<\/p>\n<p>&nbsp;<\/p>\n","protected":false},"excerpt":{"rendered":"<ul class=\"a-unordered-list a-vertical\">\n<li class=\"a-spacing-mini\"><span class=\"a-list-item\">Prend en charge les processeurs AMD Ryzen 5000 Series\/ Ryzen 5000 G-Series\/ Ryzen 4000 G-Series\/ Ryzen 3000 et Ryzen 3000 G-Series<\/span><\/li>\n<li class=\"a-spacing-mini\"><span class=\"a-list-item\">DDR4 double canal sans tampon ECC\/ Non-ECC, 4 DIMMs<\/span><\/li>\n<li class=\"a-spacing-mini\"><span class=\"a-list-item\">Solution VRM Purement Digitale 5+3 Phases avec MOSFETs \u00e0 Faible RDS(on)<\/span><\/li>\n<li class=\"a-spacing-mini\"><span class=\"a-list-item\">Emplacement PCIe 4.0 Ultra Durable x16 Pr\u00eat<\/span><\/li>\n<li class=\"a-spacing-mini\"><span class=\"a-list-item\">Deux Connecteurs NVMe PCIe 4.0\/3.0 M.2 Ultra-Rapides<\/span><\/li>\n<li class=\"a-spacing-mini\"><span class=\"a-list-item\">Condensateurs Audio de Haute Qualit\u00e9 et Protection Contre le Bruit Audio pour une Qualit\u00e9 Audio Ultime<\/span><\/li>\n<li class=\"a-spacing-mini\"><span class=\"a-list-item\">R\u00e9seau LAN Realtek GbE avec Gestion de la Bande Passante<\/span><\/li>\n<\/ul>\n","protected":false},"featured_media":7984,"comment_status":"open","ping_status":"closed","template":"","meta":[],"product_brand":[],"product_cat":[66],"product_tag":[79],"class_list":{"0":"post-7980","1":"product","2":"type-product","3":"status-publish","4":"has-post-thumbnail","6":"product_cat-carte-mere","7":"product_tag-carte-mere","9":"first","10":"instock","11":"shipping-taxable","12":"purchasable","13":"product-type-simple"},"yoast_head":"<!-- This site is optimized with the Yoast SEO plugin v26.4 - https:\/\/yoast.com\/wordpress\/plugins\/seo\/ -->\n<title>GIGABYTE B550M AORUS Elite Carte m\u00e8re - Processeurs AMD Ryzen 5000, VRM 5+3 Phases, jusqu&#039;\u00e0 4733 MHz DDR4, 1xPCIe 4.0 + 1xPCIe 3.0 M.2, LAN 1GbE, USB 3.2 Gen 1 - ProPlaystore<\/title>\n<meta name=\"robots\" content=\"index, follow, max-snippet:-1, max-image-preview:large, max-video-preview:-1\" \/>\n<link rel=\"canonical\" href=\"https:\/\/proplaystore.lu\/index.php\/produit\/gigabyte-b550m-aorus-elite-carte-mere-processeurs-amd-ryzen-5000-vrm-53-phases-jusqua-4733-mhz-ddr4-1xpcie-4-0-1xpcie-3-0-m-2-lan-1gbe-usb-3-2-gen-1\/\" \/>\n<meta property=\"og:locale\" content=\"en_US\" \/>\n<meta property=\"og:type\" content=\"article\" \/>\n<meta property=\"og:title\" content=\"GIGABYTE B550M AORUS Elite Carte m\u00e8re - Processeurs AMD Ryzen 5000, VRM 5+3 Phases, jusqu&#039;\u00e0 4733 MHz DDR4, 1xPCIe 4.0 + 1xPCIe 3.0 M.2, LAN 1GbE, USB 3.2 Gen 1 - ProPlaystore\" \/>\n<meta property=\"og:description\" content=\"Prend en charge les processeurs AMD Ryzen 5000 Series\/ Ryzen 5000 G-Series\/ Ryzen 4000 G-Series\/ Ryzen 3000 et Ryzen 3000 G-Series  DDR4 double canal sans tampon ECC\/ Non-ECC, 4 DIMMs  Solution VRM Purement Digitale 5+3 Phases avec MOSFETs \u00e0 Faible RDS(on)  Emplacement PCIe 4.0 Ultra Durable x16 Pr\u00eat  Deux Connecteurs NVMe PCIe 4.0\/3.0 M.2 Ultra-Rapides  Condensateurs Audio de Haute Qualit\u00e9 et Protection Contre le Bruit Audio pour une Qualit\u00e9 Audio Ultime  R\u00e9seau LAN Realtek GbE avec Gestion de la Bande Passante\" \/>\n<meta property=\"og:url\" content=\"https:\/\/proplaystore.lu\/index.php\/produit\/gigabyte-b550m-aorus-elite-carte-mere-processeurs-amd-ryzen-5000-vrm-53-phases-jusqua-4733-mhz-ddr4-1xpcie-4-0-1xpcie-3-0-m-2-lan-1gbe-usb-3-2-gen-1\/\" \/>\n<meta property=\"og:site_name\" content=\"ProPlaystore\" \/>\n<meta property=\"article:modified_time\" content=\"2025-08-21T07:20:24+00:00\" \/>\n<meta property=\"og:image\" content=\"https:\/\/proplaystore.lu\/wp-content\/uploads\/2025\/08\/81QyMksmunL._AC_SX679_.jpg\" \/>\n\t<meta property=\"og:image:width\" content=\"679\" \/>\n\t<meta property=\"og:image:height\" content=\"453\" \/>\n\t<meta property=\"og:image:type\" content=\"image\/jpeg\" \/>\n<meta name=\"twitter:card\" content=\"summary_large_image\" \/>\n<meta name=\"twitter:label1\" content=\"Est. reading time\" \/>\n\t<meta name=\"twitter:data1\" content=\"1 minute\" \/>\n<script type=\"application\/ld+json\" class=\"yoast-schema-graph\">{\"@context\":\"https:\/\/schema.org\",\"@graph\":[{\"@type\":\"WebPage\",\"@id\":\"https:\/\/proplaystore.lu\/index.php\/produit\/gigabyte-b550m-aorus-elite-carte-mere-processeurs-amd-ryzen-5000-vrm-53-phases-jusqua-4733-mhz-ddr4-1xpcie-4-0-1xpcie-3-0-m-2-lan-1gbe-usb-3-2-gen-1\/\",\"url\":\"https:\/\/proplaystore.lu\/index.php\/produit\/gigabyte-b550m-aorus-elite-carte-mere-processeurs-amd-ryzen-5000-vrm-53-phases-jusqua-4733-mhz-ddr4-1xpcie-4-0-1xpcie-3-0-m-2-lan-1gbe-usb-3-2-gen-1\/\",\"name\":\"GIGABYTE B550M AORUS Elite Carte m\u00e8re - Processeurs AMD Ryzen 5000, VRM 5+3 Phases, jusqu'\u00e0 4733 MHz DDR4, 1xPCIe 4.0 + 1xPCIe 3.0 M.2, LAN 1GbE, USB 3.2 Gen 1 - ProPlaystore\",\"isPartOf\":{\"@id\":\"https:\/\/proplaystore.lu\/#website\"},\"primaryImageOfPage\":{\"@id\":\"https:\/\/proplaystore.lu\/index.php\/produit\/gigabyte-b550m-aorus-elite-carte-mere-processeurs-amd-ryzen-5000-vrm-53-phases-jusqua-4733-mhz-ddr4-1xpcie-4-0-1xpcie-3-0-m-2-lan-1gbe-usb-3-2-gen-1\/#primaryimage\"},\"image\":{\"@id\":\"https:\/\/proplaystore.lu\/index.php\/produit\/gigabyte-b550m-aorus-elite-carte-mere-processeurs-amd-ryzen-5000-vrm-53-phases-jusqua-4733-mhz-ddr4-1xpcie-4-0-1xpcie-3-0-m-2-lan-1gbe-usb-3-2-gen-1\/#primaryimage\"},\"thumbnailUrl\":\"https:\/\/proplaystore.lu\/wp-content\/uploads\/2025\/08\/81QyMksmunL._AC_SX679_.jpg\",\"datePublished\":\"2025-08-21T07:15:56+00:00\",\"dateModified\":\"2025-08-21T07:20:24+00:00\",\"breadcrumb\":{\"@id\":\"https:\/\/proplaystore.lu\/index.php\/produit\/gigabyte-b550m-aorus-elite-carte-mere-processeurs-amd-ryzen-5000-vrm-53-phases-jusqua-4733-mhz-ddr4-1xpcie-4-0-1xpcie-3-0-m-2-lan-1gbe-usb-3-2-gen-1\/#breadcrumb\"},\"inLanguage\":\"en-US\",\"potentialAction\":[{\"@type\":\"ReadAction\",\"target\":[\"https:\/\/proplaystore.lu\/index.php\/produit\/gigabyte-b550m-aorus-elite-carte-mere-processeurs-amd-ryzen-5000-vrm-53-phases-jusqua-4733-mhz-ddr4-1xpcie-4-0-1xpcie-3-0-m-2-lan-1gbe-usb-3-2-gen-1\/\"]}]},{\"@type\":\"ImageObject\",\"inLanguage\":\"en-US\",\"@id\":\"https:\/\/proplaystore.lu\/index.php\/produit\/gigabyte-b550m-aorus-elite-carte-mere-processeurs-amd-ryzen-5000-vrm-53-phases-jusqua-4733-mhz-ddr4-1xpcie-4-0-1xpcie-3-0-m-2-lan-1gbe-usb-3-2-gen-1\/#primaryimage\",\"url\":\"https:\/\/proplaystore.lu\/wp-content\/uploads\/2025\/08\/81QyMksmunL._AC_SX679_.jpg\",\"contentUrl\":\"https:\/\/proplaystore.lu\/wp-content\/uploads\/2025\/08\/81QyMksmunL._AC_SX679_.jpg\",\"width\":679,\"height\":453},{\"@type\":\"BreadcrumbList\",\"@id\":\"https:\/\/proplaystore.lu\/index.php\/produit\/gigabyte-b550m-aorus-elite-carte-mere-processeurs-amd-ryzen-5000-vrm-53-phases-jusqua-4733-mhz-ddr4-1xpcie-4-0-1xpcie-3-0-m-2-lan-1gbe-usb-3-2-gen-1\/#breadcrumb\",\"itemListElement\":[{\"@type\":\"ListItem\",\"position\":1,\"name\":\"Accueil\",\"item\":\"https:\/\/proplaystore.lu\/\"},{\"@type\":\"ListItem\",\"position\":2,\"name\":\"Shop\",\"item\":\"https:\/\/proplaystore.lu\/index.php\/shop\/\"},{\"@type\":\"ListItem\",\"position\":3,\"name\":\"GIGABYTE B550M AORUS Elite Carte m\u00e8re &#8211; Processeurs AMD Ryzen 5000, VRM 5+3 Phases, jusqu&#8217;\u00e0 4733 MHz DDR4, 1xPCIe 4.0 + 1xPCIe 3.0 M.2, LAN 1GbE, USB 3.2 Gen 1\"}]},{\"@type\":\"WebSite\",\"@id\":\"https:\/\/proplaystore.lu\/#website\",\"url\":\"https:\/\/proplaystore.lu\/\",\"name\":\"ProPlaystore\",\"description\":\"proplaysre\",\"potentialAction\":[{\"@type\":\"SearchAction\",\"target\":{\"@type\":\"EntryPoint\",\"urlTemplate\":\"https:\/\/proplaystore.lu\/?s={search_term_string}\"},\"query-input\":{\"@type\":\"PropertyValueSpecification\",\"valueRequired\":true,\"valueName\":\"search_term_string\"}}],\"inLanguage\":\"en-US\"}]}<\/script>\n<!-- \/ Yoast SEO plugin. -->","yoast_head_json":{"title":"GIGABYTE B550M AORUS Elite Carte m\u00e8re - Processeurs AMD Ryzen 5000, VRM 5+3 Phases, jusqu'\u00e0 4733 MHz DDR4, 1xPCIe 4.0 + 1xPCIe 3.0 M.2, LAN 1GbE, USB 3.2 Gen 1 - ProPlaystore","robots":{"index":"index","follow":"follow","max-snippet":"max-snippet:-1","max-image-preview":"max-image-preview:large","max-video-preview":"max-video-preview:-1"},"canonical":"https:\/\/proplaystore.lu\/index.php\/produit\/gigabyte-b550m-aorus-elite-carte-mere-processeurs-amd-ryzen-5000-vrm-53-phases-jusqua-4733-mhz-ddr4-1xpcie-4-0-1xpcie-3-0-m-2-lan-1gbe-usb-3-2-gen-1\/","og_locale":"en_US","og_type":"article","og_title":"GIGABYTE B550M AORUS Elite Carte m\u00e8re - Processeurs AMD Ryzen 5000, VRM 5+3 Phases, jusqu'\u00e0 4733 MHz DDR4, 1xPCIe 4.0 + 1xPCIe 3.0 M.2, LAN 1GbE, USB 3.2 Gen 1 - ProPlaystore","og_description":"Prend en charge les processeurs AMD Ryzen 5000 Series\/ Ryzen 5000 G-Series\/ Ryzen 4000 G-Series\/ Ryzen 3000 et Ryzen 3000 G-Series  DDR4 double canal sans tampon ECC\/ Non-ECC, 4 DIMMs  Solution VRM Purement Digitale 5+3 Phases avec MOSFETs \u00e0 Faible RDS(on)  Emplacement PCIe 4.0 Ultra Durable x16 Pr\u00eat  Deux Connecteurs NVMe PCIe 4.0\/3.0 M.2 Ultra-Rapides  Condensateurs Audio de Haute Qualit\u00e9 et Protection Contre le Bruit Audio pour une Qualit\u00e9 Audio Ultime  R\u00e9seau LAN Realtek GbE avec Gestion de la Bande Passante","og_url":"https:\/\/proplaystore.lu\/index.php\/produit\/gigabyte-b550m-aorus-elite-carte-mere-processeurs-amd-ryzen-5000-vrm-53-phases-jusqua-4733-mhz-ddr4-1xpcie-4-0-1xpcie-3-0-m-2-lan-1gbe-usb-3-2-gen-1\/","og_site_name":"ProPlaystore","article_modified_time":"2025-08-21T07:20:24+00:00","og_image":[{"width":679,"height":453,"url":"https:\/\/proplaystore.lu\/wp-content\/uploads\/2025\/08\/81QyMksmunL._AC_SX679_.jpg","type":"image\/jpeg"}],"twitter_card":"summary_large_image","twitter_misc":{"Est. reading time":"1 minute"},"schema":{"@context":"https:\/\/schema.org","@graph":[{"@type":"WebPage","@id":"https:\/\/proplaystore.lu\/index.php\/produit\/gigabyte-b550m-aorus-elite-carte-mere-processeurs-amd-ryzen-5000-vrm-53-phases-jusqua-4733-mhz-ddr4-1xpcie-4-0-1xpcie-3-0-m-2-lan-1gbe-usb-3-2-gen-1\/","url":"https:\/\/proplaystore.lu\/index.php\/produit\/gigabyte-b550m-aorus-elite-carte-mere-processeurs-amd-ryzen-5000-vrm-53-phases-jusqua-4733-mhz-ddr4-1xpcie-4-0-1xpcie-3-0-m-2-lan-1gbe-usb-3-2-gen-1\/","name":"GIGABYTE B550M AORUS Elite Carte m\u00e8re - Processeurs AMD Ryzen 5000, VRM 5+3 Phases, jusqu'\u00e0 4733 MHz DDR4, 1xPCIe 4.0 + 1xPCIe 3.0 M.2, LAN 1GbE, USB 3.2 Gen 1 - ProPlaystore","isPartOf":{"@id":"https:\/\/proplaystore.lu\/#website"},"primaryImageOfPage":{"@id":"https:\/\/proplaystore.lu\/index.php\/produit\/gigabyte-b550m-aorus-elite-carte-mere-processeurs-amd-ryzen-5000-vrm-53-phases-jusqua-4733-mhz-ddr4-1xpcie-4-0-1xpcie-3-0-m-2-lan-1gbe-usb-3-2-gen-1\/#primaryimage"},"image":{"@id":"https:\/\/proplaystore.lu\/index.php\/produit\/gigabyte-b550m-aorus-elite-carte-mere-processeurs-amd-ryzen-5000-vrm-53-phases-jusqua-4733-mhz-ddr4-1xpcie-4-0-1xpcie-3-0-m-2-lan-1gbe-usb-3-2-gen-1\/#primaryimage"},"thumbnailUrl":"https:\/\/proplaystore.lu\/wp-content\/uploads\/2025\/08\/81QyMksmunL._AC_SX679_.jpg","datePublished":"2025-08-21T07:15:56+00:00","dateModified":"2025-08-21T07:20:24+00:00","breadcrumb":{"@id":"https:\/\/proplaystore.lu\/index.php\/produit\/gigabyte-b550m-aorus-elite-carte-mere-processeurs-amd-ryzen-5000-vrm-53-phases-jusqua-4733-mhz-ddr4-1xpcie-4-0-1xpcie-3-0-m-2-lan-1gbe-usb-3-2-gen-1\/#breadcrumb"},"inLanguage":"en-US","potentialAction":[{"@type":"ReadAction","target":["https:\/\/proplaystore.lu\/index.php\/produit\/gigabyte-b550m-aorus-elite-carte-mere-processeurs-amd-ryzen-5000-vrm-53-phases-jusqua-4733-mhz-ddr4-1xpcie-4-0-1xpcie-3-0-m-2-lan-1gbe-usb-3-2-gen-1\/"]}]},{"@type":"ImageObject","inLanguage":"en-US","@id":"https:\/\/proplaystore.lu\/index.php\/produit\/gigabyte-b550m-aorus-elite-carte-mere-processeurs-amd-ryzen-5000-vrm-53-phases-jusqua-4733-mhz-ddr4-1xpcie-4-0-1xpcie-3-0-m-2-lan-1gbe-usb-3-2-gen-1\/#primaryimage","url":"https:\/\/proplaystore.lu\/wp-content\/uploads\/2025\/08\/81QyMksmunL._AC_SX679_.jpg","contentUrl":"https:\/\/proplaystore.lu\/wp-content\/uploads\/2025\/08\/81QyMksmunL._AC_SX679_.jpg","width":679,"height":453},{"@type":"BreadcrumbList","@id":"https:\/\/proplaystore.lu\/index.php\/produit\/gigabyte-b550m-aorus-elite-carte-mere-processeurs-amd-ryzen-5000-vrm-53-phases-jusqua-4733-mhz-ddr4-1xpcie-4-0-1xpcie-3-0-m-2-lan-1gbe-usb-3-2-gen-1\/#breadcrumb","itemListElement":[{"@type":"ListItem","position":1,"name":"Accueil","item":"https:\/\/proplaystore.lu\/"},{"@type":"ListItem","position":2,"name":"Shop","item":"https:\/\/proplaystore.lu\/index.php\/shop\/"},{"@type":"ListItem","position":3,"name":"GIGABYTE B550M AORUS Elite Carte m\u00e8re &#8211; Processeurs AMD Ryzen 5000, VRM 5+3 Phases, jusqu&#8217;\u00e0 4733 MHz DDR4, 1xPCIe 4.0 + 1xPCIe 3.0 M.2, LAN 1GbE, USB 3.2 Gen 1"}]},{"@type":"WebSite","@id":"https:\/\/proplaystore.lu\/#website","url":"https:\/\/proplaystore.lu\/","name":"ProPlaystore","description":"proplaysre","potentialAction":[{"@type":"SearchAction","target":{"@type":"EntryPoint","urlTemplate":"https:\/\/proplaystore.lu\/?s={search_term_string}"},"query-input":{"@type":"PropertyValueSpecification","valueRequired":true,"valueName":"search_term_string"}}],"inLanguage":"en-US"}]}},"_links":{"self":[{"href":"https:\/\/proplaystore.lu\/index.php\/wp-json\/wp\/v2\/product\/7980","targetHints":{"allow":["GET"]}}],"collection":[{"href":"https:\/\/proplaystore.lu\/index.php\/wp-json\/wp\/v2\/product"}],"about":[{"href":"https:\/\/proplaystore.lu\/index.php\/wp-json\/wp\/v2\/types\/product"}],"replies":[{"embeddable":true,"href":"https:\/\/proplaystore.lu\/index.php\/wp-json\/wp\/v2\/comments?post=7980"}],"wp:featuredmedia":[{"embeddable":true,"href":"https:\/\/proplaystore.lu\/index.php\/wp-json\/wp\/v2\/media\/7984"}],"wp:attachment":[{"href":"https:\/\/proplaystore.lu\/index.php\/wp-json\/wp\/v2\/media?parent=7980"}],"wp:term":[{"taxonomy":"product_brand","embeddable":true,"href":"https:\/\/proplaystore.lu\/index.php\/wp-json\/wp\/v2\/product_brand?post=7980"},{"taxonomy":"product_cat","embeddable":true,"href":"https:\/\/proplaystore.lu\/index.php\/wp-json\/wp\/v2\/product_cat?post=7980"},{"taxonomy":"product_tag","embeddable":true,"href":"https:\/\/proplaystore.lu\/index.php\/wp-json\/wp\/v2\/product_tag?post=7980"}],"curies":[{"name":"wp","href":"https:\/\/api.w.org\/{rel}","templated":true}]}}