{"id":7992,"date":"2025-08-21T07:23:03","date_gmt":"2025-08-21T07:23:03","guid":{"rendered":"https:\/\/proplaystore.lu\/?post_type=product&#038;p=7992"},"modified":"2025-08-21T07:25:31","modified_gmt":"2025-08-21T07:25:31","slug":"asus-tuf-b450-plus-gaming-ii-carte-mere-amd-b450-atx-ddr4-4400mhz-m-2-32-gb-s-hdmi-2-0b-usb-3-1-gen-2-type-c-aura-sync-rgb","status":"publish","type":"product","link":"https:\/\/proplaystore.lu\/index.php\/produit\/asus-tuf-b450-plus-gaming-ii-carte-mere-amd-b450-atx-ddr4-4400mhz-m-2-32-gb-s-hdmi-2-0b-usb-3-1-gen-2-type-c-aura-sync-rgb\/","title":{"rendered":"ASUS TUF B450-PLUS GAMING II Carte m\u00e8re AMD B450 ATX (DDR4 4400MHz, M.2 32 Gb\/s, HDMI 2.0b, USB 3.1 Gen 2 Type-C, Aura Sync RGB)"},"content":{"rendered":"<h2 data-start=\"1558\" data-end=\"1580\"><strong data-start=\"1561\" data-end=\"1580\">Fiche technique<\/strong><\/h2>\n<table class=\"a-normal a-spacing-micro\" role=\"list\">\n<tbody>\n<tr class=\"a-spacing-small po-brand\" role=\"listitem\">\n<td class=\"a-span3\" role=\"presentation\"><span class=\"a-size-base a-text-bold\">Marque<\/span><\/td>\n<td class=\"a-span9\" role=\"presentation\"><span class=\"a-size-base po-break-word\">ASUS<\/span><\/td>\n<\/tr>\n<tr class=\"a-spacing-small po-cpu_model.socket\" role=\"listitem\">\n<td class=\"a-span3\" role=\"presentation\"><span class=\"a-size-base a-text-bold\">Socket du CPU<\/span><\/td>\n<td class=\"a-span9\" role=\"presentation\"><span class=\"a-size-base po-break-word\">Socket AM4<\/span><\/td>\n<\/tr>\n<tr class=\"a-spacing-small po-compatible_devices\" role=\"listitem\">\n<td class=\"a-span3\" role=\"presentation\"><span class=\"a-size-base a-text-bold\">Appareils compatibles<\/span><\/td>\n<td class=\"a-span9\" role=\"presentation\"><span class=\"a-size-base po-break-word\">Ordinateur personnel<\/span><\/td>\n<\/tr>\n<tr class=\"a-spacing-small po-ram_memory.technology\" role=\"listitem\">\n<td class=\"a-span3\" role=\"presentation\"><span class=\"a-size-base a-text-bold\">Technologie de m\u00e9moire RAM<\/span><\/td>\n<td class=\"a-span9\" role=\"presentation\"><span class=\"a-size-base po-break-word\">DDR4<\/span><\/td>\n<\/tr>\n<tr class=\"a-spacing-small po-compatible_processor_types\" role=\"listitem\">\n<td class=\"a-span3\" role=\"presentation\"><span class=\"a-size-base a-text-bold\">Processeurs compatibles<\/span><\/td>\n<td class=\"a-span9\" role=\"presentation\"><span class=\"a-size-base po-break-word\">AMD Ryzen<\/span><\/td>\n<\/tr>\n<tr class=\"a-spacing-small po-chipset_type\" role=\"listitem\">\n<td class=\"a-span3\" role=\"presentation\"><span class=\"a-size-base a-text-bold\">Type de chipset<\/span><\/td>\n<td class=\"a-span9\" role=\"presentation\"><span class=\"a-size-base po-break-word\">AMD B450<\/span><\/td>\n<\/tr>\n<tr class=\"a-spacing-small po-memory_clock_speed\" role=\"listitem\">\n<td class=\"a-span3\" role=\"presentation\"><span class=\"a-size-base a-text-bold\">Vitesse d&#8217;horloge de m\u00e9moire<\/span><\/td>\n<td class=\"a-span9\" role=\"presentation\"><span class=\"a-size-base po-break-word\">4400 MHz<\/span><\/td>\n<\/tr>\n<tr class=\"a-spacing-small po-platform\" role=\"listitem\">\n<td class=\"a-span3\" role=\"presentation\"><span class=\"a-size-base a-text-bold\">Plateforme<\/span><\/td>\n<td class=\"a-span9\" role=\"presentation\"><span class=\"a-size-base po-break-word\">Windows 10<\/span><\/td>\n<\/tr>\n<tr class=\"a-spacing-small po-model_name\" role=\"listitem\">\n<td class=\"a-span3\" role=\"presentation\"><span class=\"a-size-base a-text-bold\">Nom de mod\u00e8le<\/span><\/td>\n<td class=\"a-span9\" role=\"presentation\"><span class=\"a-size-base po-break-word\">B450-PLUS<\/span><\/td>\n<\/tr>\n<tr class=\"a-spacing-small po-cpu_model.family\" role=\"listitem\">\n<td class=\"a-span3\" role=\"presentation\"><span class=\"a-size-base a-text-bold\">Mod\u00e8le du\u00a0CPU<\/span><\/td>\n<td class=\"a-span9\" role=\"presentation\"><span class=\"a-size-base po-break-word\">Xeon<\/span><\/td>\n<\/tr>\n<\/tbody>\n<\/table>\n<p>&nbsp;<\/p>\n<p>&nbsp;<\/p>\n<p>&nbsp;<\/p>\n<p>&nbsp;<\/p>\n<p>&nbsp;<\/p>\n<p>&nbsp;<\/p>\n<p>&nbsp;<\/p>\n<p>&nbsp;<\/p>\n<p>&nbsp;<\/p>\n<p>&nbsp;<\/p>\n","protected":false},"excerpt":{"rendered":"<ul class=\"a-unordered-list a-vertical\">\n<li class=\"a-spacing-mini\"><span class=\"a-list-item\">Fan Xpert 4 Core : assurez-vous que chaque ventilateur atteigne le meilleur \u00e9quilibre entre les performances de refroidissement et un bruit r\u00e9duit . G\u00e9rabilit\u00e9 : WOL par PME, PXE<\/span><\/li>\n<li class=\"a-spacing-mini\"><span class=\"a-list-item\">Protection TUF : SafeSlot, ESD Guards, protection contre les surtensions des DDR4, Digi+ VRM et des E\/S arri\u00e8re en acier inoxydable pour la fiabilit\u00e9 et la stabilit\u00e9 \u00e0 long terme<\/span><\/li>\n<li class=\"a-spacing-mini\"><span class=\"a-list-item\">Composants TUF : TUF LANGuard, bobines \u00e0 r\u00e9actance TUF, condensateurs TUF et MOSFET TUF pour une durabilit\u00e9 maximale<\/span><\/li>\n<li class=\"a-spacing-mini\"><span class=\"a-list-item\">Son DTS Custom : un son surround virtuel multi-canaux directement dans votre casque pour vous aider \u00e0 localiser vos ennemis et leurs actions<\/span><\/li>\n<li class=\"a-spacing-mini\"><span class=\"a-list-item\">Aura Sync RGB : synchronise l&#8217;\u00e9clairage RGB avec de nombreux p\u00e9riph\u00e9riques compatibles dont les bandes adressables RGB.<\/span><\/li>\n<\/ul>\n","protected":false},"featured_media":7996,"comment_status":"open","ping_status":"closed","template":"","meta":[],"product_brand":[],"product_cat":[66],"product_tag":[79],"class_list":{"0":"post-7992","1":"product","2":"type-product","3":"status-publish","4":"has-post-thumbnail","6":"product_cat-carte-mere","7":"product_tag-carte-mere","9":"first","10":"instock","11":"shipping-taxable","12":"purchasable","13":"product-type-simple"},"yoast_head":"<!-- This site is optimized with the Yoast SEO plugin v26.4 - https:\/\/yoast.com\/wordpress\/plugins\/seo\/ -->\n<title>ASUS TUF B450-PLUS GAMING II Carte m\u00e8re AMD B450 ATX (DDR4 4400MHz, M.2 32 Gb\/s, HDMI 2.0b, USB 3.1 Gen 2 Type-C, Aura Sync RGB) - ProPlaystore<\/title>\n<meta name=\"robots\" content=\"index, follow, max-snippet:-1, max-image-preview:large, max-video-preview:-1\" \/>\n<link rel=\"canonical\" href=\"https:\/\/proplaystore.lu\/index.php\/produit\/asus-tuf-b450-plus-gaming-ii-carte-mere-amd-b450-atx-ddr4-4400mhz-m-2-32-gb-s-hdmi-2-0b-usb-3-1-gen-2-type-c-aura-sync-rgb\/\" \/>\n<meta property=\"og:locale\" content=\"en_US\" \/>\n<meta property=\"og:type\" content=\"article\" \/>\n<meta property=\"og:title\" content=\"ASUS TUF B450-PLUS GAMING II Carte m\u00e8re AMD B450 ATX (DDR4 4400MHz, M.2 32 Gb\/s, HDMI 2.0b, USB 3.1 Gen 2 Type-C, Aura Sync RGB) - ProPlaystore\" \/>\n<meta property=\"og:description\" content=\"Fan Xpert 4 Core : assurez-vous que chaque ventilateur atteigne le meilleur \u00e9quilibre entre les performances de refroidissement et un bruit r\u00e9duit . G\u00e9rabilit\u00e9 : WOL par PME, PXE  Protection TUF : SafeSlot, ESD Guards, protection contre les surtensions des DDR4, Digi+ VRM et des E\/S arri\u00e8re en acier inoxydable pour la fiabilit\u00e9 et la stabilit\u00e9 \u00e0 long terme  Composants TUF : TUF LANGuard, bobines \u00e0 r\u00e9actance TUF, condensateurs TUF et MOSFET TUF pour une durabilit\u00e9 maximale  Son DTS Custom : un son surround virtuel multi-canaux directement dans votre casque pour vous aider \u00e0 localiser vos ennemis et leurs actions  Aura Sync RGB : synchronise l&#039;\u00e9clairage RGB avec de nombreux p\u00e9riph\u00e9riques compatibles dont les bandes adressables RGB.\" \/>\n<meta property=\"og:url\" content=\"https:\/\/proplaystore.lu\/index.php\/produit\/asus-tuf-b450-plus-gaming-ii-carte-mere-amd-b450-atx-ddr4-4400mhz-m-2-32-gb-s-hdmi-2-0b-usb-3-1-gen-2-type-c-aura-sync-rgb\/\" \/>\n<meta property=\"og:site_name\" content=\"ProPlaystore\" \/>\n<meta property=\"article:modified_time\" content=\"2025-08-21T07:25:31+00:00\" \/>\n<meta property=\"og:image\" content=\"https:\/\/proplaystore.lu\/wp-content\/uploads\/2025\/08\/81tZHWO6xQL._AC_SX679_-1.jpg\" \/>\n\t<meta property=\"og:image:width\" content=\"679\" \/>\n\t<meta property=\"og:image:height\" content=\"557\" \/>\n\t<meta property=\"og:image:type\" content=\"image\/jpeg\" \/>\n<meta name=\"twitter:card\" content=\"summary_large_image\" \/>\n<meta name=\"twitter:label1\" content=\"Est. reading time\" \/>\n\t<meta name=\"twitter:data1\" content=\"1 minute\" \/>\n<script type=\"application\/ld+json\" class=\"yoast-schema-graph\">{\"@context\":\"https:\/\/schema.org\",\"@graph\":[{\"@type\":\"WebPage\",\"@id\":\"https:\/\/proplaystore.lu\/index.php\/produit\/asus-tuf-b450-plus-gaming-ii-carte-mere-amd-b450-atx-ddr4-4400mhz-m-2-32-gb-s-hdmi-2-0b-usb-3-1-gen-2-type-c-aura-sync-rgb\/\",\"url\":\"https:\/\/proplaystore.lu\/index.php\/produit\/asus-tuf-b450-plus-gaming-ii-carte-mere-amd-b450-atx-ddr4-4400mhz-m-2-32-gb-s-hdmi-2-0b-usb-3-1-gen-2-type-c-aura-sync-rgb\/\",\"name\":\"ASUS TUF B450-PLUS GAMING II Carte m\u00e8re AMD B450 ATX (DDR4 4400MHz, M.2 32 Gb\/s, HDMI 2.0b, USB 3.1 Gen 2 Type-C, Aura Sync RGB) - ProPlaystore\",\"isPartOf\":{\"@id\":\"https:\/\/proplaystore.lu\/#website\"},\"primaryImageOfPage\":{\"@id\":\"https:\/\/proplaystore.lu\/index.php\/produit\/asus-tuf-b450-plus-gaming-ii-carte-mere-amd-b450-atx-ddr4-4400mhz-m-2-32-gb-s-hdmi-2-0b-usb-3-1-gen-2-type-c-aura-sync-rgb\/#primaryimage\"},\"image\":{\"@id\":\"https:\/\/proplaystore.lu\/index.php\/produit\/asus-tuf-b450-plus-gaming-ii-carte-mere-amd-b450-atx-ddr4-4400mhz-m-2-32-gb-s-hdmi-2-0b-usb-3-1-gen-2-type-c-aura-sync-rgb\/#primaryimage\"},\"thumbnailUrl\":\"https:\/\/proplaystore.lu\/wp-content\/uploads\/2025\/08\/81tZHWO6xQL._AC_SX679_-1.jpg\",\"datePublished\":\"2025-08-21T07:23:03+00:00\",\"dateModified\":\"2025-08-21T07:25:31+00:00\",\"breadcrumb\":{\"@id\":\"https:\/\/proplaystore.lu\/index.php\/produit\/asus-tuf-b450-plus-gaming-ii-carte-mere-amd-b450-atx-ddr4-4400mhz-m-2-32-gb-s-hdmi-2-0b-usb-3-1-gen-2-type-c-aura-sync-rgb\/#breadcrumb\"},\"inLanguage\":\"en-US\",\"potentialAction\":[{\"@type\":\"ReadAction\",\"target\":[\"https:\/\/proplaystore.lu\/index.php\/produit\/asus-tuf-b450-plus-gaming-ii-carte-mere-amd-b450-atx-ddr4-4400mhz-m-2-32-gb-s-hdmi-2-0b-usb-3-1-gen-2-type-c-aura-sync-rgb\/\"]}]},{\"@type\":\"ImageObject\",\"inLanguage\":\"en-US\",\"@id\":\"https:\/\/proplaystore.lu\/index.php\/produit\/asus-tuf-b450-plus-gaming-ii-carte-mere-amd-b450-atx-ddr4-4400mhz-m-2-32-gb-s-hdmi-2-0b-usb-3-1-gen-2-type-c-aura-sync-rgb\/#primaryimage\",\"url\":\"https:\/\/proplaystore.lu\/wp-content\/uploads\/2025\/08\/81tZHWO6xQL._AC_SX679_-1.jpg\",\"contentUrl\":\"https:\/\/proplaystore.lu\/wp-content\/uploads\/2025\/08\/81tZHWO6xQL._AC_SX679_-1.jpg\",\"width\":679,\"height\":557},{\"@type\":\"BreadcrumbList\",\"@id\":\"https:\/\/proplaystore.lu\/index.php\/produit\/asus-tuf-b450-plus-gaming-ii-carte-mere-amd-b450-atx-ddr4-4400mhz-m-2-32-gb-s-hdmi-2-0b-usb-3-1-gen-2-type-c-aura-sync-rgb\/#breadcrumb\",\"itemListElement\":[{\"@type\":\"ListItem\",\"position\":1,\"name\":\"Accueil\",\"item\":\"https:\/\/proplaystore.lu\/\"},{\"@type\":\"ListItem\",\"position\":2,\"name\":\"Shop\",\"item\":\"https:\/\/proplaystore.lu\/index.php\/shop\/\"},{\"@type\":\"ListItem\",\"position\":3,\"name\":\"ASUS TUF B450-PLUS GAMING II Carte m\u00e8re AMD B450 ATX (DDR4 4400MHz, M.2 32 Gb\/s, HDMI 2.0b, USB 3.1 Gen 2 Type-C, Aura Sync RGB)\"}]},{\"@type\":\"WebSite\",\"@id\":\"https:\/\/proplaystore.lu\/#website\",\"url\":\"https:\/\/proplaystore.lu\/\",\"name\":\"ProPlaystore\",\"description\":\"proplaysre\",\"potentialAction\":[{\"@type\":\"SearchAction\",\"target\":{\"@type\":\"EntryPoint\",\"urlTemplate\":\"https:\/\/proplaystore.lu\/?s={search_term_string}\"},\"query-input\":{\"@type\":\"PropertyValueSpecification\",\"valueRequired\":true,\"valueName\":\"search_term_string\"}}],\"inLanguage\":\"en-US\"}]}<\/script>\n<!-- \/ Yoast SEO plugin. -->","yoast_head_json":{"title":"ASUS TUF B450-PLUS GAMING II Carte m\u00e8re AMD B450 ATX (DDR4 4400MHz, M.2 32 Gb\/s, HDMI 2.0b, USB 3.1 Gen 2 Type-C, Aura Sync RGB) - ProPlaystore","robots":{"index":"index","follow":"follow","max-snippet":"max-snippet:-1","max-image-preview":"max-image-preview:large","max-video-preview":"max-video-preview:-1"},"canonical":"https:\/\/proplaystore.lu\/index.php\/produit\/asus-tuf-b450-plus-gaming-ii-carte-mere-amd-b450-atx-ddr4-4400mhz-m-2-32-gb-s-hdmi-2-0b-usb-3-1-gen-2-type-c-aura-sync-rgb\/","og_locale":"en_US","og_type":"article","og_title":"ASUS TUF B450-PLUS GAMING II Carte m\u00e8re AMD B450 ATX (DDR4 4400MHz, M.2 32 Gb\/s, HDMI 2.0b, USB 3.1 Gen 2 Type-C, Aura Sync RGB) - ProPlaystore","og_description":"Fan Xpert 4 Core : assurez-vous que chaque ventilateur atteigne le meilleur \u00e9quilibre entre les performances de refroidissement et un bruit r\u00e9duit . G\u00e9rabilit\u00e9 : WOL par PME, PXE  Protection TUF : SafeSlot, ESD Guards, protection contre les surtensions des DDR4, Digi+ VRM et des E\/S arri\u00e8re en acier inoxydable pour la fiabilit\u00e9 et la stabilit\u00e9 \u00e0 long terme  Composants TUF : TUF LANGuard, bobines \u00e0 r\u00e9actance TUF, condensateurs TUF et MOSFET TUF pour une durabilit\u00e9 maximale  Son DTS Custom : un son surround virtuel multi-canaux directement dans votre casque pour vous aider \u00e0 localiser vos ennemis et leurs actions  Aura Sync RGB : synchronise l'\u00e9clairage RGB avec de nombreux p\u00e9riph\u00e9riques compatibles dont les bandes adressables RGB.","og_url":"https:\/\/proplaystore.lu\/index.php\/produit\/asus-tuf-b450-plus-gaming-ii-carte-mere-amd-b450-atx-ddr4-4400mhz-m-2-32-gb-s-hdmi-2-0b-usb-3-1-gen-2-type-c-aura-sync-rgb\/","og_site_name":"ProPlaystore","article_modified_time":"2025-08-21T07:25:31+00:00","og_image":[{"width":679,"height":557,"url":"https:\/\/proplaystore.lu\/wp-content\/uploads\/2025\/08\/81tZHWO6xQL._AC_SX679_-1.jpg","type":"image\/jpeg"}],"twitter_card":"summary_large_image","twitter_misc":{"Est. reading time":"1 minute"},"schema":{"@context":"https:\/\/schema.org","@graph":[{"@type":"WebPage","@id":"https:\/\/proplaystore.lu\/index.php\/produit\/asus-tuf-b450-plus-gaming-ii-carte-mere-amd-b450-atx-ddr4-4400mhz-m-2-32-gb-s-hdmi-2-0b-usb-3-1-gen-2-type-c-aura-sync-rgb\/","url":"https:\/\/proplaystore.lu\/index.php\/produit\/asus-tuf-b450-plus-gaming-ii-carte-mere-amd-b450-atx-ddr4-4400mhz-m-2-32-gb-s-hdmi-2-0b-usb-3-1-gen-2-type-c-aura-sync-rgb\/","name":"ASUS TUF B450-PLUS GAMING II Carte m\u00e8re AMD B450 ATX (DDR4 4400MHz, M.2 32 Gb\/s, HDMI 2.0b, USB 3.1 Gen 2 Type-C, Aura Sync RGB) - ProPlaystore","isPartOf":{"@id":"https:\/\/proplaystore.lu\/#website"},"primaryImageOfPage":{"@id":"https:\/\/proplaystore.lu\/index.php\/produit\/asus-tuf-b450-plus-gaming-ii-carte-mere-amd-b450-atx-ddr4-4400mhz-m-2-32-gb-s-hdmi-2-0b-usb-3-1-gen-2-type-c-aura-sync-rgb\/#primaryimage"},"image":{"@id":"https:\/\/proplaystore.lu\/index.php\/produit\/asus-tuf-b450-plus-gaming-ii-carte-mere-amd-b450-atx-ddr4-4400mhz-m-2-32-gb-s-hdmi-2-0b-usb-3-1-gen-2-type-c-aura-sync-rgb\/#primaryimage"},"thumbnailUrl":"https:\/\/proplaystore.lu\/wp-content\/uploads\/2025\/08\/81tZHWO6xQL._AC_SX679_-1.jpg","datePublished":"2025-08-21T07:23:03+00:00","dateModified":"2025-08-21T07:25:31+00:00","breadcrumb":{"@id":"https:\/\/proplaystore.lu\/index.php\/produit\/asus-tuf-b450-plus-gaming-ii-carte-mere-amd-b450-atx-ddr4-4400mhz-m-2-32-gb-s-hdmi-2-0b-usb-3-1-gen-2-type-c-aura-sync-rgb\/#breadcrumb"},"inLanguage":"en-US","potentialAction":[{"@type":"ReadAction","target":["https:\/\/proplaystore.lu\/index.php\/produit\/asus-tuf-b450-plus-gaming-ii-carte-mere-amd-b450-atx-ddr4-4400mhz-m-2-32-gb-s-hdmi-2-0b-usb-3-1-gen-2-type-c-aura-sync-rgb\/"]}]},{"@type":"ImageObject","inLanguage":"en-US","@id":"https:\/\/proplaystore.lu\/index.php\/produit\/asus-tuf-b450-plus-gaming-ii-carte-mere-amd-b450-atx-ddr4-4400mhz-m-2-32-gb-s-hdmi-2-0b-usb-3-1-gen-2-type-c-aura-sync-rgb\/#primaryimage","url":"https:\/\/proplaystore.lu\/wp-content\/uploads\/2025\/08\/81tZHWO6xQL._AC_SX679_-1.jpg","contentUrl":"https:\/\/proplaystore.lu\/wp-content\/uploads\/2025\/08\/81tZHWO6xQL._AC_SX679_-1.jpg","width":679,"height":557},{"@type":"BreadcrumbList","@id":"https:\/\/proplaystore.lu\/index.php\/produit\/asus-tuf-b450-plus-gaming-ii-carte-mere-amd-b450-atx-ddr4-4400mhz-m-2-32-gb-s-hdmi-2-0b-usb-3-1-gen-2-type-c-aura-sync-rgb\/#breadcrumb","itemListElement":[{"@type":"ListItem","position":1,"name":"Accueil","item":"https:\/\/proplaystore.lu\/"},{"@type":"ListItem","position":2,"name":"Shop","item":"https:\/\/proplaystore.lu\/index.php\/shop\/"},{"@type":"ListItem","position":3,"name":"ASUS TUF B450-PLUS GAMING II Carte m\u00e8re AMD B450 ATX (DDR4 4400MHz, M.2 32 Gb\/s, HDMI 2.0b, USB 3.1 Gen 2 Type-C, Aura Sync RGB)"}]},{"@type":"WebSite","@id":"https:\/\/proplaystore.lu\/#website","url":"https:\/\/proplaystore.lu\/","name":"ProPlaystore","description":"proplaysre","potentialAction":[{"@type":"SearchAction","target":{"@type":"EntryPoint","urlTemplate":"https:\/\/proplaystore.lu\/?s={search_term_string}"},"query-input":{"@type":"PropertyValueSpecification","valueRequired":true,"valueName":"search_term_string"}}],"inLanguage":"en-US"}]}},"_links":{"self":[{"href":"https:\/\/proplaystore.lu\/index.php\/wp-json\/wp\/v2\/product\/7992","targetHints":{"allow":["GET"]}}],"collection":[{"href":"https:\/\/proplaystore.lu\/index.php\/wp-json\/wp\/v2\/product"}],"about":[{"href":"https:\/\/proplaystore.lu\/index.php\/wp-json\/wp\/v2\/types\/product"}],"replies":[{"embeddable":true,"href":"https:\/\/proplaystore.lu\/index.php\/wp-json\/wp\/v2\/comments?post=7992"}],"wp:featuredmedia":[{"embeddable":true,"href":"https:\/\/proplaystore.lu\/index.php\/wp-json\/wp\/v2\/media\/7996"}],"wp:attachment":[{"href":"https:\/\/proplaystore.lu\/index.php\/wp-json\/wp\/v2\/media?parent=7992"}],"wp:term":[{"taxonomy":"product_brand","embeddable":true,"href":"https:\/\/proplaystore.lu\/index.php\/wp-json\/wp\/v2\/product_brand?post=7992"},{"taxonomy":"product_cat","embeddable":true,"href":"https:\/\/proplaystore.lu\/index.php\/wp-json\/wp\/v2\/product_cat?post=7992"},{"taxonomy":"product_tag","embeddable":true,"href":"https:\/\/proplaystore.lu\/index.php\/wp-json\/wp\/v2\/product_tag?post=7992"}],"curies":[{"name":"wp","href":"https:\/\/api.w.org\/{rel}","templated":true}]}}