{"id":7997,"date":"2025-08-21T07:31:33","date_gmt":"2025-08-21T07:31:33","guid":{"rendered":"https:\/\/proplaystore.lu\/?post_type=product&#038;p=7997"},"modified":"2025-08-21T07:34:03","modified_gmt":"2025-08-21T07:34:03","slug":"mars-gaming-mpb850sim-alimentation-atx-850w-full-modulaire-garantie-7-ans-80plus-bronze-230v-eu-90-efficacite-ventilateur-si-extreme-silence-140mm-technologies-ai2-rpm-dc-dc-et-smd-blanc","status":"publish","type":"product","link":"https:\/\/proplaystore.lu\/index.php\/produit\/mars-gaming-mpb850sim-alimentation-atx-850w-full-modulaire-garantie-7-ans-80plus-bronze-230v-eu-90-efficacite-ventilateur-si-extreme-silence-140mm-technologies-ai2-rpm-dc-dc-et-smd-blanc\/","title":{"rendered":"MARS GAMING MPB850SIM, Alimentation ATX 850W Full Modulaire, Garantie 7 Ans, 80Plus Bronze 230V EU, 90% Efficacit\u00e9, Ventilateur SI Extreme Silence 140mm, Technologies AI2-RPM, DC-DC et SMD, Blanc"},"content":{"rendered":"<h2 data-start=\"1558\" data-end=\"1580\"><strong data-start=\"1561\" data-end=\"1580\">Fiche technique<\/strong><\/h2>\n<table class=\"a-normal a-spacing-micro\" role=\"list\">\n<tbody>\n<tr class=\"a-spacing-small po-model_name\" role=\"listitem\">\n<td class=\"a-span3\" role=\"presentation\"><span class=\"a-size-base a-text-bold\">Nom de mod\u00e8le<\/span><\/td>\n<td class=\"a-span9\" role=\"presentation\"><span class=\"a-size-base po-break-word\">MPB850SIMW<\/span><\/td>\n<\/tr>\n<tr class=\"a-spacing-small po-brand\" role=\"listitem\">\n<td class=\"a-span3\" role=\"presentation\"><span class=\"a-size-base a-text-bold\">Marque<\/span><\/td>\n<td class=\"a-span9\" role=\"presentation\"><span class=\"a-size-base po-break-word\">Mars Gaming<\/span><\/td>\n<\/tr>\n<tr class=\"a-spacing-small po-compatible_devices\" role=\"listitem\">\n<td class=\"a-span3\" role=\"presentation\"><span class=\"a-size-base a-text-bold\">Appareils compatibles<\/span><\/td>\n<td class=\"a-span9\" role=\"presentation\"><span class=\"a-size-base po-break-word\">Ordinateur personnel<\/span><\/td>\n<\/tr>\n<tr class=\"a-spacing-small po-connector_type\" role=\"listitem\">\n<td class=\"a-span3\" role=\"presentation\"><span class=\"a-size-base a-text-bold\">Type de connecteur<\/span><\/td>\n<td class=\"a-span9\" role=\"presentation\"><span class=\"a-size-base po-break-word\">ATX<\/span><\/td>\n<\/tr>\n<tr class=\"a-spacing-small po-output_wattage\" role=\"listitem\">\n<td class=\"a-span3\" role=\"presentation\"><span class=\"a-size-base a-text-bold\">Puissance de sortie<\/span><\/td>\n<td class=\"a-span9\" role=\"presentation\"><span class=\"a-size-base po-break-word\">850<\/span><\/td>\n<\/tr>\n<tr class=\"a-spacing-small po-form_factor\" role=\"listitem\">\n<td class=\"a-span3\" role=\"presentation\"><span class=\"a-size-base a-text-bold\">Facteur de forme<\/span><\/td>\n<td class=\"a-span9\" role=\"presentation\"><span class=\"a-size-base po-break-word\">ATX<\/span><\/td>\n<\/tr>\n<tr class=\"a-spacing-small po-wattage\" role=\"listitem\">\n<td class=\"a-span3\" role=\"presentation\"><span class=\"a-size-base a-text-bold\">Puissance<\/span><\/td>\n<td class=\"a-span9\" role=\"presentation\"><span class=\"a-size-base po-break-word\">850 Watts<\/span><\/td>\n<\/tr>\n<tr class=\"a-spacing-small po-cooling_method\" role=\"listitem\">\n<td class=\"a-span3\" role=\"presentation\"><span class=\"a-size-base a-text-bold\">M\u00e9thode de refroidissement<\/span><\/td>\n<td class=\"a-span9\" role=\"presentation\"><span class=\"a-size-base po-break-word\">Air<\/span><\/td>\n<\/tr>\n<tr class=\"a-spacing-small po-item_dimensions\" role=\"listitem\">\n<td class=\"a-span3\" role=\"presentation\"><span class=\"a-size-base a-text-bold\">Dimensions de l&#8217;article L\u00a0x\u00a0l\u00a0x\u00a0H<\/span><\/td>\n<td class=\"a-span9\" role=\"presentation\"><span class=\"a-size-base po-break-word\">15 x 16 x 8,5 centim\u00e8tres<\/span><\/td>\n<\/tr>\n<tr class=\"a-spacing-small po-item_weight\" role=\"listitem\">\n<td class=\"a-span3\" role=\"presentation\"><span class=\"a-size-base a-text-bold\">Poids de l&#8217;article<\/span><\/td>\n<td class=\"a-span9\" role=\"presentation\"><span class=\"a-size-base po-break-word\">1,7 Kilogrammes<\/span><\/td>\n<\/tr>\n<\/tbody>\n<\/table>\n<p>&nbsp;<\/p>\n<p>&nbsp;<\/p>\n<p>&nbsp;<\/p>\n<p>&nbsp;<\/p>\n<p>&nbsp;<\/p>\n<p>&nbsp;<\/p>\n<p>&nbsp;<\/p>\n<p>&nbsp;<\/p>\n<p>&nbsp;<\/p>\n","protected":false},"excerpt":{"rendered":"<ul class=\"a-unordered-list a-vertical a-spacing-mini\">\n<li class=\"a-spacing-mini\"><span class=\"a-list-item\">SILENCE EXTR\u00caME : L&#8217;alimentation ATX 850W MPB850SIM int\u00e8gre un ventilateur SI Extreme Silence de 140mm avec un noyau en cuivre et aluminium et roulements FDB, r\u00e9duisant la friction, prolongeant sa dur\u00e9e de vie et assurant un fonctionnement ultra-silencieux et stable; Sa structure de dissipation thermique avanc\u00e9e et ses canaux d\u2019acc\u00e9l\u00e9ration garantissent un refroidissement optimal et un flux d\u2019air constant<\/span><\/li>\n<li class=\"a-spacing-mini\"><span class=\"a-list-item\">GARANTIE 7 ANS : L\u2019alimentation PC MPB850SIM offre une garantie \u00e9tendue de 7 ans; Elle est dot\u00e9e des protections \u00e9lectroniques essentielles : OVP, UVP, OCP, OPP et SCP; D\u00e9velopp\u00e9e en Europe et certifi\u00e9e par le prestigieux laboratoire allemand T\u00dcV Rheinland<\/span><\/li>\n<li class=\"a-spacing-mini\"><span class=\"a-list-item\">CONTR\u00d4LE INTELLIGENT AI2-RPM : La technologie AI2-RPM de l\u2019alimentation 12V MPB850SIM utilise le machine learning et l\u2019intelligence artificielle pour ajuster en temps r\u00e9el la vitesse du ventilateur SI Extreme Silence en fonction de la charge du syst\u00e8me, garantissant un silence total et une efficacit\u00e9 maximale tout en offrant un refroidissement optimal et des performances constantes<\/span><\/li>\n<li class=\"a-spacing-mini\"><span class=\"a-list-item\">80 PLUS BRONZE ET C\u00c2BLAGE PREMIUM : Avec la certification 80 Plus Bronze 230V EU, l\u2019alimentation MPB850SIM offre une efficacit\u00e9 sup\u00e9rieure \u00e0 90%, garantissant un \u00e9quilibre parfait entre puissance, durabilit\u00e9 et performance; Son design full modulaire et ses c\u00e2bles plats noirs extra longs facilitent le montage; Connecteurs inclus : 1x ATX MB 24 PIN, 2x EPS +12V 4+4 PIN, 4x PCIe 6+2 PIN, 6x SATA, 3x Molex 4 PIN<\/span><\/li>\n<li class=\"a-spacing-mini\"><span class=\"a-list-item\">TECHNOLOGIES DC-DC ET SMD : L\u2019alimentation MPB850SIM de Mars Gaming int\u00e8gre la technologie DC-DC pour supporter les GPU exigeants avec un rail 12V puissant, et la technologie SMD con\u00e7ue pour augmenter sa durabilit\u00e9 et r\u00e9duire la consommation d\u2019\u00e9nergie de 20%, prot\u00e9geant les composants les plus sensibles<\/span><\/li>\n<\/ul>\n","protected":false},"featured_media":8002,"comment_status":"open","ping_status":"closed","template":"","meta":[],"product_brand":[],"product_cat":[70],"product_tag":[84],"class_list":{"0":"post-7997","1":"product","2":"type-product","3":"status-publish","4":"has-post-thumbnail","6":"product_cat-alimentation","7":"product_tag-source","9":"first","10":"instock","11":"shipping-taxable","12":"purchasable","13":"product-type-simple"},"yoast_head":"<!-- This site is optimized with the Yoast SEO plugin v26.4 - https:\/\/yoast.com\/wordpress\/plugins\/seo\/ -->\n<title>MARS GAMING MPB850SIM, Alimentation ATX 850W Full Modulaire, Garantie 7 Ans, 80Plus Bronze 230V EU, 90% Efficacit\u00e9, Ventilateur SI Extreme Silence 140mm, Technologies AI2-RPM, DC-DC et SMD, Blanc - ProPlaystore<\/title>\n<meta name=\"robots\" content=\"index, follow, max-snippet:-1, max-image-preview:large, max-video-preview:-1\" \/>\n<link rel=\"canonical\" href=\"https:\/\/proplaystore.lu\/index.php\/produit\/mars-gaming-mpb850sim-alimentation-atx-850w-full-modulaire-garantie-7-ans-80plus-bronze-230v-eu-90-efficacite-ventilateur-si-extreme-silence-140mm-technologies-ai2-rpm-dc-dc-et-smd-blanc\/\" \/>\n<meta property=\"og:locale\" content=\"en_US\" \/>\n<meta property=\"og:type\" content=\"article\" \/>\n<meta property=\"og:title\" content=\"MARS GAMING MPB850SIM, Alimentation ATX 850W Full Modulaire, Garantie 7 Ans, 80Plus Bronze 230V EU, 90% Efficacit\u00e9, Ventilateur SI Extreme Silence 140mm, Technologies AI2-RPM, DC-DC et SMD, Blanc - ProPlaystore\" \/>\n<meta property=\"og:description\" content=\"SILENCE EXTR\u00caME : L&#039;alimentation ATX 850W MPB850SIM int\u00e8gre un ventilateur SI Extreme Silence de 140mm avec un noyau en cuivre et aluminium et roulements FDB, r\u00e9duisant la friction, prolongeant sa dur\u00e9e de vie et assurant un fonctionnement ultra-silencieux et stable; Sa structure de dissipation thermique avanc\u00e9e et ses canaux d\u2019acc\u00e9l\u00e9ration garantissent un refroidissement optimal et un flux d\u2019air constant  GARANTIE 7 ANS : L\u2019alimentation PC MPB850SIM offre une garantie \u00e9tendue de 7 ans; Elle est dot\u00e9e des protections \u00e9lectroniques essentielles : OVP, UVP, OCP, OPP et SCP; D\u00e9velopp\u00e9e en Europe et certifi\u00e9e par le prestigieux laboratoire allemand T\u00dcV Rheinland  CONTR\u00d4LE INTELLIGENT AI2-RPM : La technologie AI2-RPM de l\u2019alimentation 12V MPB850SIM utilise le machine learning et l\u2019intelligence artificielle pour ajuster en temps r\u00e9el la vitesse du ventilateur SI Extreme Silence en fonction de la charge du syst\u00e8me, garantissant un silence total et une efficacit\u00e9 maximale tout en offrant un refroidissement optimal et des performances constantes  80 PLUS BRONZE ET C\u00c2BLAGE PREMIUM : Avec la certification 80 Plus Bronze 230V EU, l\u2019alimentation MPB850SIM offre une efficacit\u00e9 sup\u00e9rieure \u00e0 90%, garantissant un \u00e9quilibre parfait entre puissance, durabilit\u00e9 et performance; Son design full modulaire et ses c\u00e2bles plats noirs extra longs facilitent le montage; Connecteurs inclus : 1x ATX MB 24 PIN, 2x EPS +12V 4+4 PIN, 4x PCIe 6+2 PIN, 6x SATA, 3x Molex 4 PIN  TECHNOLOGIES DC-DC ET SMD : L\u2019alimentation MPB850SIM de Mars Gaming int\u00e8gre la technologie DC-DC pour supporter les GPU exigeants avec un rail 12V puissant, et la technologie SMD con\u00e7ue pour augmenter sa durabilit\u00e9 et r\u00e9duire la consommation d\u2019\u00e9nergie de 20%, prot\u00e9geant les composants les plus sensibles\" \/>\n<meta property=\"og:url\" content=\"https:\/\/proplaystore.lu\/index.php\/produit\/mars-gaming-mpb850sim-alimentation-atx-850w-full-modulaire-garantie-7-ans-80plus-bronze-230v-eu-90-efficacite-ventilateur-si-extreme-silence-140mm-technologies-ai2-rpm-dc-dc-et-smd-blanc\/\" \/>\n<meta property=\"og:site_name\" content=\"ProPlaystore\" \/>\n<meta property=\"article:modified_time\" content=\"2025-08-21T07:34:03+00:00\" \/>\n<meta property=\"og:image\" content=\"https:\/\/proplaystore.lu\/wp-content\/uploads\/2025\/08\/71SQVKd9V0L._AC_SX425_.jpg\" \/>\n\t<meta property=\"og:image:width\" content=\"425\" \/>\n\t<meta property=\"og:image:height\" content=\"385\" \/>\n\t<meta property=\"og:image:type\" content=\"image\/jpeg\" \/>\n<meta name=\"twitter:card\" content=\"summary_large_image\" \/>\n<meta name=\"twitter:label1\" content=\"Est. reading time\" \/>\n\t<meta name=\"twitter:data1\" content=\"1 minute\" \/>\n<script type=\"application\/ld+json\" class=\"yoast-schema-graph\">{\"@context\":\"https:\/\/schema.org\",\"@graph\":[{\"@type\":\"WebPage\",\"@id\":\"https:\/\/proplaystore.lu\/index.php\/produit\/mars-gaming-mpb850sim-alimentation-atx-850w-full-modulaire-garantie-7-ans-80plus-bronze-230v-eu-90-efficacite-ventilateur-si-extreme-silence-140mm-technologies-ai2-rpm-dc-dc-et-smd-blanc\/\",\"url\":\"https:\/\/proplaystore.lu\/index.php\/produit\/mars-gaming-mpb850sim-alimentation-atx-850w-full-modulaire-garantie-7-ans-80plus-bronze-230v-eu-90-efficacite-ventilateur-si-extreme-silence-140mm-technologies-ai2-rpm-dc-dc-et-smd-blanc\/\",\"name\":\"MARS GAMING MPB850SIM, Alimentation ATX 850W Full Modulaire, Garantie 7 Ans, 80Plus Bronze 230V EU, 90% Efficacit\u00e9, Ventilateur SI Extreme Silence 140mm, Technologies AI2-RPM, DC-DC et SMD, Blanc - ProPlaystore\",\"isPartOf\":{\"@id\":\"https:\/\/proplaystore.lu\/#website\"},\"primaryImageOfPage\":{\"@id\":\"https:\/\/proplaystore.lu\/index.php\/produit\/mars-gaming-mpb850sim-alimentation-atx-850w-full-modulaire-garantie-7-ans-80plus-bronze-230v-eu-90-efficacite-ventilateur-si-extreme-silence-140mm-technologies-ai2-rpm-dc-dc-et-smd-blanc\/#primaryimage\"},\"image\":{\"@id\":\"https:\/\/proplaystore.lu\/index.php\/produit\/mars-gaming-mpb850sim-alimentation-atx-850w-full-modulaire-garantie-7-ans-80plus-bronze-230v-eu-90-efficacite-ventilateur-si-extreme-silence-140mm-technologies-ai2-rpm-dc-dc-et-smd-blanc\/#primaryimage\"},\"thumbnailUrl\":\"https:\/\/proplaystore.lu\/wp-content\/uploads\/2025\/08\/71SQVKd9V0L._AC_SX425_.jpg\",\"datePublished\":\"2025-08-21T07:31:33+00:00\",\"dateModified\":\"2025-08-21T07:34:03+00:00\",\"breadcrumb\":{\"@id\":\"https:\/\/proplaystore.lu\/index.php\/produit\/mars-gaming-mpb850sim-alimentation-atx-850w-full-modulaire-garantie-7-ans-80plus-bronze-230v-eu-90-efficacite-ventilateur-si-extreme-silence-140mm-technologies-ai2-rpm-dc-dc-et-smd-blanc\/#breadcrumb\"},\"inLanguage\":\"en-US\",\"potentialAction\":[{\"@type\":\"ReadAction\",\"target\":[\"https:\/\/proplaystore.lu\/index.php\/produit\/mars-gaming-mpb850sim-alimentation-atx-850w-full-modulaire-garantie-7-ans-80plus-bronze-230v-eu-90-efficacite-ventilateur-si-extreme-silence-140mm-technologies-ai2-rpm-dc-dc-et-smd-blanc\/\"]}]},{\"@type\":\"ImageObject\",\"inLanguage\":\"en-US\",\"@id\":\"https:\/\/proplaystore.lu\/index.php\/produit\/mars-gaming-mpb850sim-alimentation-atx-850w-full-modulaire-garantie-7-ans-80plus-bronze-230v-eu-90-efficacite-ventilateur-si-extreme-silence-140mm-technologies-ai2-rpm-dc-dc-et-smd-blanc\/#primaryimage\",\"url\":\"https:\/\/proplaystore.lu\/wp-content\/uploads\/2025\/08\/71SQVKd9V0L._AC_SX425_.jpg\",\"contentUrl\":\"https:\/\/proplaystore.lu\/wp-content\/uploads\/2025\/08\/71SQVKd9V0L._AC_SX425_.jpg\",\"width\":425,\"height\":385},{\"@type\":\"BreadcrumbList\",\"@id\":\"https:\/\/proplaystore.lu\/index.php\/produit\/mars-gaming-mpb850sim-alimentation-atx-850w-full-modulaire-garantie-7-ans-80plus-bronze-230v-eu-90-efficacite-ventilateur-si-extreme-silence-140mm-technologies-ai2-rpm-dc-dc-et-smd-blanc\/#breadcrumb\",\"itemListElement\":[{\"@type\":\"ListItem\",\"position\":1,\"name\":\"Accueil\",\"item\":\"https:\/\/proplaystore.lu\/\"},{\"@type\":\"ListItem\",\"position\":2,\"name\":\"Shop\",\"item\":\"https:\/\/proplaystore.lu\/index.php\/shop\/\"},{\"@type\":\"ListItem\",\"position\":3,\"name\":\"MARS GAMING MPB850SIM, Alimentation ATX 850W Full Modulaire, Garantie 7 Ans, 80Plus Bronze 230V EU, 90% Efficacit\u00e9, Ventilateur SI Extreme Silence 140mm, Technologies AI2-RPM, DC-DC et SMD, Blanc\"}]},{\"@type\":\"WebSite\",\"@id\":\"https:\/\/proplaystore.lu\/#website\",\"url\":\"https:\/\/proplaystore.lu\/\",\"name\":\"ProPlaystore\",\"description\":\"proplaysre\",\"potentialAction\":[{\"@type\":\"SearchAction\",\"target\":{\"@type\":\"EntryPoint\",\"urlTemplate\":\"https:\/\/proplaystore.lu\/?s={search_term_string}\"},\"query-input\":{\"@type\":\"PropertyValueSpecification\",\"valueRequired\":true,\"valueName\":\"search_term_string\"}}],\"inLanguage\":\"en-US\"}]}<\/script>\n<!-- \/ Yoast SEO plugin. -->","yoast_head_json":{"title":"MARS GAMING MPB850SIM, Alimentation ATX 850W Full Modulaire, Garantie 7 Ans, 80Plus Bronze 230V EU, 90% Efficacit\u00e9, Ventilateur SI Extreme Silence 140mm, Technologies AI2-RPM, DC-DC et SMD, Blanc - ProPlaystore","robots":{"index":"index","follow":"follow","max-snippet":"max-snippet:-1","max-image-preview":"max-image-preview:large","max-video-preview":"max-video-preview:-1"},"canonical":"https:\/\/proplaystore.lu\/index.php\/produit\/mars-gaming-mpb850sim-alimentation-atx-850w-full-modulaire-garantie-7-ans-80plus-bronze-230v-eu-90-efficacite-ventilateur-si-extreme-silence-140mm-technologies-ai2-rpm-dc-dc-et-smd-blanc\/","og_locale":"en_US","og_type":"article","og_title":"MARS GAMING MPB850SIM, Alimentation ATX 850W Full Modulaire, Garantie 7 Ans, 80Plus Bronze 230V EU, 90% Efficacit\u00e9, Ventilateur SI Extreme Silence 140mm, Technologies AI2-RPM, DC-DC et SMD, Blanc - ProPlaystore","og_description":"SILENCE EXTR\u00caME : L'alimentation ATX 850W MPB850SIM int\u00e8gre un ventilateur SI Extreme Silence de 140mm avec un noyau en cuivre et aluminium et roulements FDB, r\u00e9duisant la friction, prolongeant sa dur\u00e9e de vie et assurant un fonctionnement ultra-silencieux et stable; Sa structure de dissipation thermique avanc\u00e9e et ses canaux d\u2019acc\u00e9l\u00e9ration garantissent un refroidissement optimal et un flux d\u2019air constant  GARANTIE 7 ANS : L\u2019alimentation PC MPB850SIM offre une garantie \u00e9tendue de 7 ans; Elle est dot\u00e9e des protections \u00e9lectroniques essentielles : OVP, UVP, OCP, OPP et SCP; D\u00e9velopp\u00e9e en Europe et certifi\u00e9e par le prestigieux laboratoire allemand T\u00dcV Rheinland  CONTR\u00d4LE INTELLIGENT AI2-RPM : La technologie AI2-RPM de l\u2019alimentation 12V MPB850SIM utilise le machine learning et l\u2019intelligence artificielle pour ajuster en temps r\u00e9el la vitesse du ventilateur SI Extreme Silence en fonction de la charge du syst\u00e8me, garantissant un silence total et une efficacit\u00e9 maximale tout en offrant un refroidissement optimal et des performances constantes  80 PLUS BRONZE ET C\u00c2BLAGE PREMIUM : Avec la certification 80 Plus Bronze 230V EU, l\u2019alimentation MPB850SIM offre une efficacit\u00e9 sup\u00e9rieure \u00e0 90%, garantissant un \u00e9quilibre parfait entre puissance, durabilit\u00e9 et performance; Son design full modulaire et ses c\u00e2bles plats noirs extra longs facilitent le montage; Connecteurs inclus : 1x ATX MB 24 PIN, 2x EPS +12V 4+4 PIN, 4x PCIe 6+2 PIN, 6x SATA, 3x Molex 4 PIN  TECHNOLOGIES DC-DC ET SMD : L\u2019alimentation MPB850SIM de Mars Gaming int\u00e8gre la technologie DC-DC pour supporter les GPU exigeants avec un rail 12V puissant, et la technologie SMD con\u00e7ue pour augmenter sa durabilit\u00e9 et r\u00e9duire la consommation d\u2019\u00e9nergie de 20%, prot\u00e9geant les composants les plus sensibles","og_url":"https:\/\/proplaystore.lu\/index.php\/produit\/mars-gaming-mpb850sim-alimentation-atx-850w-full-modulaire-garantie-7-ans-80plus-bronze-230v-eu-90-efficacite-ventilateur-si-extreme-silence-140mm-technologies-ai2-rpm-dc-dc-et-smd-blanc\/","og_site_name":"ProPlaystore","article_modified_time":"2025-08-21T07:34:03+00:00","og_image":[{"width":425,"height":385,"url":"https:\/\/proplaystore.lu\/wp-content\/uploads\/2025\/08\/71SQVKd9V0L._AC_SX425_.jpg","type":"image\/jpeg"}],"twitter_card":"summary_large_image","twitter_misc":{"Est. reading time":"1 minute"},"schema":{"@context":"https:\/\/schema.org","@graph":[{"@type":"WebPage","@id":"https:\/\/proplaystore.lu\/index.php\/produit\/mars-gaming-mpb850sim-alimentation-atx-850w-full-modulaire-garantie-7-ans-80plus-bronze-230v-eu-90-efficacite-ventilateur-si-extreme-silence-140mm-technologies-ai2-rpm-dc-dc-et-smd-blanc\/","url":"https:\/\/proplaystore.lu\/index.php\/produit\/mars-gaming-mpb850sim-alimentation-atx-850w-full-modulaire-garantie-7-ans-80plus-bronze-230v-eu-90-efficacite-ventilateur-si-extreme-silence-140mm-technologies-ai2-rpm-dc-dc-et-smd-blanc\/","name":"MARS GAMING MPB850SIM, Alimentation ATX 850W Full Modulaire, Garantie 7 Ans, 80Plus Bronze 230V EU, 90% Efficacit\u00e9, Ventilateur SI Extreme Silence 140mm, Technologies AI2-RPM, DC-DC et SMD, Blanc - ProPlaystore","isPartOf":{"@id":"https:\/\/proplaystore.lu\/#website"},"primaryImageOfPage":{"@id":"https:\/\/proplaystore.lu\/index.php\/produit\/mars-gaming-mpb850sim-alimentation-atx-850w-full-modulaire-garantie-7-ans-80plus-bronze-230v-eu-90-efficacite-ventilateur-si-extreme-silence-140mm-technologies-ai2-rpm-dc-dc-et-smd-blanc\/#primaryimage"},"image":{"@id":"https:\/\/proplaystore.lu\/index.php\/produit\/mars-gaming-mpb850sim-alimentation-atx-850w-full-modulaire-garantie-7-ans-80plus-bronze-230v-eu-90-efficacite-ventilateur-si-extreme-silence-140mm-technologies-ai2-rpm-dc-dc-et-smd-blanc\/#primaryimage"},"thumbnailUrl":"https:\/\/proplaystore.lu\/wp-content\/uploads\/2025\/08\/71SQVKd9V0L._AC_SX425_.jpg","datePublished":"2025-08-21T07:31:33+00:00","dateModified":"2025-08-21T07:34:03+00:00","breadcrumb":{"@id":"https:\/\/proplaystore.lu\/index.php\/produit\/mars-gaming-mpb850sim-alimentation-atx-850w-full-modulaire-garantie-7-ans-80plus-bronze-230v-eu-90-efficacite-ventilateur-si-extreme-silence-140mm-technologies-ai2-rpm-dc-dc-et-smd-blanc\/#breadcrumb"},"inLanguage":"en-US","potentialAction":[{"@type":"ReadAction","target":["https:\/\/proplaystore.lu\/index.php\/produit\/mars-gaming-mpb850sim-alimentation-atx-850w-full-modulaire-garantie-7-ans-80plus-bronze-230v-eu-90-efficacite-ventilateur-si-extreme-silence-140mm-technologies-ai2-rpm-dc-dc-et-smd-blanc\/"]}]},{"@type":"ImageObject","inLanguage":"en-US","@id":"https:\/\/proplaystore.lu\/index.php\/produit\/mars-gaming-mpb850sim-alimentation-atx-850w-full-modulaire-garantie-7-ans-80plus-bronze-230v-eu-90-efficacite-ventilateur-si-extreme-silence-140mm-technologies-ai2-rpm-dc-dc-et-smd-blanc\/#primaryimage","url":"https:\/\/proplaystore.lu\/wp-content\/uploads\/2025\/08\/71SQVKd9V0L._AC_SX425_.jpg","contentUrl":"https:\/\/proplaystore.lu\/wp-content\/uploads\/2025\/08\/71SQVKd9V0L._AC_SX425_.jpg","width":425,"height":385},{"@type":"BreadcrumbList","@id":"https:\/\/proplaystore.lu\/index.php\/produit\/mars-gaming-mpb850sim-alimentation-atx-850w-full-modulaire-garantie-7-ans-80plus-bronze-230v-eu-90-efficacite-ventilateur-si-extreme-silence-140mm-technologies-ai2-rpm-dc-dc-et-smd-blanc\/#breadcrumb","itemListElement":[{"@type":"ListItem","position":1,"name":"Accueil","item":"https:\/\/proplaystore.lu\/"},{"@type":"ListItem","position":2,"name":"Shop","item":"https:\/\/proplaystore.lu\/index.php\/shop\/"},{"@type":"ListItem","position":3,"name":"MARS GAMING MPB850SIM, Alimentation ATX 850W Full Modulaire, Garantie 7 Ans, 80Plus Bronze 230V EU, 90% Efficacit\u00e9, Ventilateur SI Extreme Silence 140mm, Technologies AI2-RPM, DC-DC et SMD, Blanc"}]},{"@type":"WebSite","@id":"https:\/\/proplaystore.lu\/#website","url":"https:\/\/proplaystore.lu\/","name":"ProPlaystore","description":"proplaysre","potentialAction":[{"@type":"SearchAction","target":{"@type":"EntryPoint","urlTemplate":"https:\/\/proplaystore.lu\/?s={search_term_string}"},"query-input":{"@type":"PropertyValueSpecification","valueRequired":true,"valueName":"search_term_string"}}],"inLanguage":"en-US"}]}},"_links":{"self":[{"href":"https:\/\/proplaystore.lu\/index.php\/wp-json\/wp\/v2\/product\/7997","targetHints":{"allow":["GET"]}}],"collection":[{"href":"https:\/\/proplaystore.lu\/index.php\/wp-json\/wp\/v2\/product"}],"about":[{"href":"https:\/\/proplaystore.lu\/index.php\/wp-json\/wp\/v2\/types\/product"}],"replies":[{"embeddable":true,"href":"https:\/\/proplaystore.lu\/index.php\/wp-json\/wp\/v2\/comments?post=7997"}],"wp:featuredmedia":[{"embeddable":true,"href":"https:\/\/proplaystore.lu\/index.php\/wp-json\/wp\/v2\/media\/8002"}],"wp:attachment":[{"href":"https:\/\/proplaystore.lu\/index.php\/wp-json\/wp\/v2\/media?parent=7997"}],"wp:term":[{"taxonomy":"product_brand","embeddable":true,"href":"https:\/\/proplaystore.lu\/index.php\/wp-json\/wp\/v2\/product_brand?post=7997"},{"taxonomy":"product_cat","embeddable":true,"href":"https:\/\/proplaystore.lu\/index.php\/wp-json\/wp\/v2\/product_cat?post=7997"},{"taxonomy":"product_tag","embeddable":true,"href":"https:\/\/proplaystore.lu\/index.php\/wp-json\/wp\/v2\/product_tag?post=7997"}],"curies":[{"name":"wp","href":"https:\/\/api.w.org\/{rel}","templated":true}]}}