{"id":8017,"date":"2025-08-21T21:29:33","date_gmt":"2025-08-21T21:29:33","guid":{"rendered":"https:\/\/proplaystore.lu\/?post_type=product&#038;p=8017"},"modified":"2025-08-21T21:35:48","modified_gmt":"2025-08-21T21:35:48","slug":"asus-prime-b650-plus-carte-mere-amd-ryzen-am5-atx-ddr5-pcie-5-0-m-2-support-2-5gb-ethernet-displayport-hdmi-sata-6-gbps-usb-3-2-gen-2-type-c-front-usb-3-2-gen-1-type-c-usb4-arua-sy","status":"publish","type":"product","link":"https:\/\/proplaystore.lu\/index.php\/produit\/asus-prime-b650-plus-carte-mere-amd-ryzen-am5-atx-ddr5-pcie-5-0-m-2-support-2-5gb-ethernet-displayport-hdmi-sata-6-gbps-usb-3-2-gen-2-type-c-front-usb-3-2-gen-1-type-c-usb4-arua-sy\/","title":{"rendered":"ASUS PRIME B650-PLUS \u2013 Carte m\u00e8re AMD Ryzen AM5 ATX (DDR5, PCIe 5.0 M.2 support, 2.5Gb Ethernet, DisplayPort, HDMI, SATA 6 Gbps, USB 3.2 Gen 2 Type-C, front USB 3.2 Gen 1 Type-C, USB4, Arua Sync RGB)"},"content":{"rendered":"<h2 data-start=\"1558\" data-end=\"1580\"><strong data-start=\"1561\" data-end=\"1580\">Fiche technique<\/strong><\/h2>\n<table class=\"a-normal a-spacing-micro\" role=\"list\">\n<tbody>\n<tr class=\"a-spacing-small po-brand\" role=\"listitem\">\n<td class=\"a-span3\" role=\"presentation\"><span class=\"a-size-base a-text-bold\">Marque<\/span><\/td>\n<td class=\"a-span9\" role=\"presentation\"><span class=\"a-size-base po-break-word\">ASUS<\/span><\/td>\n<\/tr>\n<tr class=\"a-spacing-small po-cpu_model.socket\" role=\"listitem\">\n<td class=\"a-span3\" role=\"presentation\"><span class=\"a-size-base a-text-bold\">Socket du CPU<\/span><\/td>\n<td class=\"a-span9\" role=\"presentation\"><span class=\"a-size-base po-break-word\">Socket AMD AM5<\/span><\/td>\n<\/tr>\n<tr class=\"a-spacing-small po-compatible_devices\" role=\"listitem\">\n<td class=\"a-span3\" role=\"presentation\"><span class=\"a-size-base a-text-bold\">Appareils compatibles<\/span><\/td>\n<td class=\"a-span9\" role=\"presentation\"><span class=\"a-size-base po-break-word\">Ordinateur personnel<\/span><\/td>\n<\/tr>\n<tr class=\"a-spacing-small po-ram_memory.technology\" role=\"listitem\">\n<td class=\"a-span3\" role=\"presentation\"><span class=\"a-size-base a-text-bold\">Technologie de m\u00e9moire RAM<\/span><\/td>\n<td class=\"a-span9\" role=\"presentation\"><span class=\"a-size-base po-break-word\">DDR5<\/span><\/td>\n<\/tr>\n<tr class=\"a-spacing-small po-compatible_processor_types\" role=\"listitem\">\n<td class=\"a-span3\" role=\"presentation\"><span class=\"a-size-base a-text-bold\">Processeurs compatibles<\/span><\/td>\n<td class=\"a-span9\" role=\"presentation\"><span class=\"a-size-base po-break-word\">AMD Ryzen 7000 Series<\/span><\/td>\n<\/tr>\n<tr class=\"a-spacing-small po-chipset_type\" role=\"listitem\">\n<td class=\"a-span3\" role=\"presentation\"><span class=\"a-size-base a-text-bold\">Type de chipset<\/span><\/td>\n<td class=\"a-span9\" role=\"presentation\"><span class=\"a-size-base po-break-word\">AMD B650<\/span><\/td>\n<\/tr>\n<tr class=\"a-spacing-small po-memory_clock_speed\" role=\"listitem\">\n<td class=\"a-span3\" role=\"presentation\"><span class=\"a-size-base a-text-bold\">Vitesse d&#8217;horloge de m\u00e9moire<\/span><\/td>\n<td class=\"a-span9\" role=\"presentation\"><span class=\"a-size-base po-break-word\">5.2E+3 MHz<\/span><\/td>\n<\/tr>\n<tr class=\"a-spacing-small po-platform\" role=\"listitem\">\n<td class=\"a-span3\" role=\"presentation\"><span class=\"a-size-base a-text-bold\">Plateforme<\/span><\/td>\n<td class=\"a-span9\" role=\"presentation\"><span class=\"a-size-base po-break-word\">Windows<\/span><\/td>\n<\/tr>\n<tr class=\"a-spacing-small po-model_name\" role=\"listitem\">\n<td class=\"a-span3\" role=\"presentation\"><span class=\"a-size-base a-text-bold\">Nom de mod\u00e8le<\/span><\/td>\n<td class=\"a-span9\" role=\"presentation\"><span class=\"a-size-base po-break-word\">PRIME B650-PLUS<\/span><\/td>\n<\/tr>\n<tr class=\"a-spacing-small po-cpu_model.family\" role=\"listitem\">\n<td class=\"a-span3\" role=\"presentation\"><span class=\"a-size-base a-text-bold\">Mod\u00e8le du\u00a0CPU<\/span><\/td>\n<td class=\"a-span9\" role=\"presentation\"><span class=\"a-size-base po-break-word\">Aucun<\/span><\/td>\n<\/tr>\n<\/tbody>\n<\/table>\n<p>&nbsp;<\/p>\n<p>&nbsp;<\/p>\n<p>&nbsp;<\/p>\n<p>&nbsp;<\/p>\n<p>&nbsp;<\/p>\n<p>&nbsp;<\/p>\n<p>&nbsp;<\/p>\n<p>&nbsp;<\/p>\n<p>&nbsp;<\/p>\n<p>&nbsp;<\/p>\n<p>&nbsp;<\/p>\n","protected":false},"excerpt":{"rendered":"<ul class=\"a-unordered-list a-vertical\">\n<li class=\"a-spacing-mini\"><span class=\"a-list-item\">ocket AMD AM5 : compatible avec les processeurs d\u2019ordinateurs de bureau Ryzen 7000 Series<\/span><\/li>\n<li class=\"a-spacing-mini\"><span class=\"a-list-item\">Connectivit\u00e9 ultra-rapide : M.2 PCIe 5.0, Realtek 2.5Gb Ethernet, USB 3.2 Gen 2 Type-C, USB 3.2 Gen 1 Type-C \u00e0 l\u2019avant, support USB4<\/span><\/li>\n<li class=\"a-spacing-mini\"><span class=\"a-list-item\">ASUS OptiMem II : acheminement minutieux des trac\u00e9s et des vias, plus des optimisations de la couche de terre pour pr\u00e9server l&#8217;int\u00e9grit\u00e9 du signal et ainsi am\u00e9liorer l&#8217;overclocking de la m\u00e9moire<\/span><\/li>\n<li class=\"a-spacing-mini\"><span class=\"a-list-item\">Refroidissement total : radiateur VRM, dissipateur thermique du M.2, dissipateur PCH, connecteurs pour ventilateurs hybrides et Fan Xpert 2+<\/span><\/li>\n<li class=\"a-spacing-mini\"><span class=\"a-list-item\">\u00c9clairage Aura Sync RGB : connecteurs Gen 2 adressables int\u00e9gr\u00e9s et connecteur Aura RGB pour bandes de LED RGB, facilement synchronis\u00e9s avec le mat\u00e9riel compatible Aura Sync<\/span><\/li>\n<\/ul>\n","protected":false},"featured_media":8020,"comment_status":"open","ping_status":"closed","template":"","meta":[],"product_brand":[],"product_cat":[66],"product_tag":[79],"class_list":{"0":"post-8017","1":"product","2":"type-product","3":"status-publish","4":"has-post-thumbnail","6":"product_cat-carte-mere","7":"product_tag-carte-mere","9":"first","10":"instock","11":"shipping-taxable","12":"purchasable","13":"product-type-simple"},"yoast_head":"<!-- This site is optimized with the Yoast SEO plugin v26.4 - https:\/\/yoast.com\/wordpress\/plugins\/seo\/ -->\n<title>ASUS PRIME B650-PLUS \u2013 Carte m\u00e8re AMD Ryzen AM5 ATX (DDR5, PCIe 5.0 M.2 support, 2.5Gb Ethernet, DisplayPort, HDMI, SATA 6 Gbps, USB 3.2 Gen 2 Type-C, front USB 3.2 Gen 1 Type-C, USB4, Arua Sync RGB) - ProPlaystore<\/title>\n<meta name=\"robots\" content=\"index, follow, max-snippet:-1, max-image-preview:large, max-video-preview:-1\" \/>\n<link rel=\"canonical\" href=\"https:\/\/proplaystore.lu\/index.php\/produit\/asus-prime-b650-plus-carte-mere-amd-ryzen-am5-atx-ddr5-pcie-5-0-m-2-support-2-5gb-ethernet-displayport-hdmi-sata-6-gbps-usb-3-2-gen-2-type-c-front-usb-3-2-gen-1-type-c-usb4-arua-sy\/\" \/>\n<meta property=\"og:locale\" content=\"en_US\" \/>\n<meta property=\"og:type\" content=\"article\" \/>\n<meta property=\"og:title\" content=\"ASUS PRIME B650-PLUS \u2013 Carte m\u00e8re AMD Ryzen AM5 ATX (DDR5, PCIe 5.0 M.2 support, 2.5Gb Ethernet, DisplayPort, HDMI, SATA 6 Gbps, USB 3.2 Gen 2 Type-C, front USB 3.2 Gen 1 Type-C, USB4, Arua Sync RGB) - ProPlaystore\" \/>\n<meta property=\"og:description\" content=\"ocket AMD AM5 : compatible avec les processeurs d\u2019ordinateurs de bureau Ryzen 7000 Series  Connectivit\u00e9 ultra-rapide : M.2 PCIe 5.0, Realtek 2.5Gb Ethernet, USB 3.2 Gen 2 Type-C, USB 3.2 Gen 1 Type-C \u00e0 l\u2019avant, support USB4  ASUS OptiMem II : acheminement minutieux des trac\u00e9s et des vias, plus des optimisations de la couche de terre pour pr\u00e9server l&#039;int\u00e9grit\u00e9 du signal et ainsi am\u00e9liorer l&#039;overclocking de la m\u00e9moire  Refroidissement total : radiateur VRM, dissipateur thermique du M.2, dissipateur PCH, connecteurs pour ventilateurs hybrides et Fan Xpert 2+  \u00c9clairage Aura Sync RGB : connecteurs Gen 2 adressables int\u00e9gr\u00e9s et connecteur Aura RGB pour bandes de LED RGB, facilement synchronis\u00e9s avec le mat\u00e9riel compatible Aura Sync\" \/>\n<meta property=\"og:url\" content=\"https:\/\/proplaystore.lu\/index.php\/produit\/asus-prime-b650-plus-carte-mere-amd-ryzen-am5-atx-ddr5-pcie-5-0-m-2-support-2-5gb-ethernet-displayport-hdmi-sata-6-gbps-usb-3-2-gen-2-type-c-front-usb-3-2-gen-1-type-c-usb4-arua-sy\/\" \/>\n<meta property=\"og:site_name\" content=\"ProPlaystore\" \/>\n<meta property=\"article:modified_time\" content=\"2025-08-21T21:35:48+00:00\" \/>\n<meta property=\"og:image\" content=\"https:\/\/proplaystore.lu\/wp-content\/uploads\/2025\/08\/81fRI8kUSVL._AC_SX679_.jpg\" \/>\n\t<meta property=\"og:image:width\" content=\"679\" \/>\n\t<meta property=\"og:image:height\" content=\"530\" \/>\n\t<meta property=\"og:image:type\" content=\"image\/jpeg\" \/>\n<meta name=\"twitter:card\" content=\"summary_large_image\" \/>\n<meta name=\"twitter:label1\" content=\"Est. reading time\" \/>\n\t<meta name=\"twitter:data1\" content=\"1 minute\" \/>\n<script type=\"application\/ld+json\" class=\"yoast-schema-graph\">{\"@context\":\"https:\/\/schema.org\",\"@graph\":[{\"@type\":\"WebPage\",\"@id\":\"https:\/\/proplaystore.lu\/index.php\/produit\/asus-prime-b650-plus-carte-mere-amd-ryzen-am5-atx-ddr5-pcie-5-0-m-2-support-2-5gb-ethernet-displayport-hdmi-sata-6-gbps-usb-3-2-gen-2-type-c-front-usb-3-2-gen-1-type-c-usb4-arua-sy\/\",\"url\":\"https:\/\/proplaystore.lu\/index.php\/produit\/asus-prime-b650-plus-carte-mere-amd-ryzen-am5-atx-ddr5-pcie-5-0-m-2-support-2-5gb-ethernet-displayport-hdmi-sata-6-gbps-usb-3-2-gen-2-type-c-front-usb-3-2-gen-1-type-c-usb4-arua-sy\/\",\"name\":\"ASUS PRIME B650-PLUS \u2013 Carte m\u00e8re AMD Ryzen AM5 ATX (DDR5, PCIe 5.0 M.2 support, 2.5Gb Ethernet, DisplayPort, HDMI, SATA 6 Gbps, USB 3.2 Gen 2 Type-C, front USB 3.2 Gen 1 Type-C, USB4, Arua Sync RGB) - ProPlaystore\",\"isPartOf\":{\"@id\":\"https:\/\/proplaystore.lu\/#website\"},\"primaryImageOfPage\":{\"@id\":\"https:\/\/proplaystore.lu\/index.php\/produit\/asus-prime-b650-plus-carte-mere-amd-ryzen-am5-atx-ddr5-pcie-5-0-m-2-support-2-5gb-ethernet-displayport-hdmi-sata-6-gbps-usb-3-2-gen-2-type-c-front-usb-3-2-gen-1-type-c-usb4-arua-sy\/#primaryimage\"},\"image\":{\"@id\":\"https:\/\/proplaystore.lu\/index.php\/produit\/asus-prime-b650-plus-carte-mere-amd-ryzen-am5-atx-ddr5-pcie-5-0-m-2-support-2-5gb-ethernet-displayport-hdmi-sata-6-gbps-usb-3-2-gen-2-type-c-front-usb-3-2-gen-1-type-c-usb4-arua-sy\/#primaryimage\"},\"thumbnailUrl\":\"https:\/\/proplaystore.lu\/wp-content\/uploads\/2025\/08\/81fRI8kUSVL._AC_SX679_.jpg\",\"datePublished\":\"2025-08-21T21:29:33+00:00\",\"dateModified\":\"2025-08-21T21:35:48+00:00\",\"breadcrumb\":{\"@id\":\"https:\/\/proplaystore.lu\/index.php\/produit\/asus-prime-b650-plus-carte-mere-amd-ryzen-am5-atx-ddr5-pcie-5-0-m-2-support-2-5gb-ethernet-displayport-hdmi-sata-6-gbps-usb-3-2-gen-2-type-c-front-usb-3-2-gen-1-type-c-usb4-arua-sy\/#breadcrumb\"},\"inLanguage\":\"en-US\",\"potentialAction\":[{\"@type\":\"ReadAction\",\"target\":[\"https:\/\/proplaystore.lu\/index.php\/produit\/asus-prime-b650-plus-carte-mere-amd-ryzen-am5-atx-ddr5-pcie-5-0-m-2-support-2-5gb-ethernet-displayport-hdmi-sata-6-gbps-usb-3-2-gen-2-type-c-front-usb-3-2-gen-1-type-c-usb4-arua-sy\/\"]}]},{\"@type\":\"ImageObject\",\"inLanguage\":\"en-US\",\"@id\":\"https:\/\/proplaystore.lu\/index.php\/produit\/asus-prime-b650-plus-carte-mere-amd-ryzen-am5-atx-ddr5-pcie-5-0-m-2-support-2-5gb-ethernet-displayport-hdmi-sata-6-gbps-usb-3-2-gen-2-type-c-front-usb-3-2-gen-1-type-c-usb4-arua-sy\/#primaryimage\",\"url\":\"https:\/\/proplaystore.lu\/wp-content\/uploads\/2025\/08\/81fRI8kUSVL._AC_SX679_.jpg\",\"contentUrl\":\"https:\/\/proplaystore.lu\/wp-content\/uploads\/2025\/08\/81fRI8kUSVL._AC_SX679_.jpg\",\"width\":679,\"height\":530},{\"@type\":\"BreadcrumbList\",\"@id\":\"https:\/\/proplaystore.lu\/index.php\/produit\/asus-prime-b650-plus-carte-mere-amd-ryzen-am5-atx-ddr5-pcie-5-0-m-2-support-2-5gb-ethernet-displayport-hdmi-sata-6-gbps-usb-3-2-gen-2-type-c-front-usb-3-2-gen-1-type-c-usb4-arua-sy\/#breadcrumb\",\"itemListElement\":[{\"@type\":\"ListItem\",\"position\":1,\"name\":\"Accueil\",\"item\":\"https:\/\/proplaystore.lu\/\"},{\"@type\":\"ListItem\",\"position\":2,\"name\":\"Shop\",\"item\":\"https:\/\/proplaystore.lu\/index.php\/shop\/\"},{\"@type\":\"ListItem\",\"position\":3,\"name\":\"ASUS PRIME B650-PLUS \u2013 Carte m\u00e8re AMD Ryzen AM5 ATX (DDR5, PCIe 5.0 M.2 support, 2.5Gb Ethernet, DisplayPort, HDMI, SATA 6 Gbps, USB 3.2 Gen 2 Type-C, front USB 3.2 Gen 1 Type-C, USB4, Arua Sync RGB)\"}]},{\"@type\":\"WebSite\",\"@id\":\"https:\/\/proplaystore.lu\/#website\",\"url\":\"https:\/\/proplaystore.lu\/\",\"name\":\"ProPlaystore\",\"description\":\"proplaysre\",\"potentialAction\":[{\"@type\":\"SearchAction\",\"target\":{\"@type\":\"EntryPoint\",\"urlTemplate\":\"https:\/\/proplaystore.lu\/?s={search_term_string}\"},\"query-input\":{\"@type\":\"PropertyValueSpecification\",\"valueRequired\":true,\"valueName\":\"search_term_string\"}}],\"inLanguage\":\"en-US\"}]}<\/script>\n<!-- \/ Yoast SEO plugin. -->","yoast_head_json":{"title":"ASUS PRIME B650-PLUS \u2013 Carte m\u00e8re AMD Ryzen AM5 ATX (DDR5, PCIe 5.0 M.2 support, 2.5Gb Ethernet, DisplayPort, HDMI, SATA 6 Gbps, USB 3.2 Gen 2 Type-C, front USB 3.2 Gen 1 Type-C, USB4, Arua Sync RGB) - ProPlaystore","robots":{"index":"index","follow":"follow","max-snippet":"max-snippet:-1","max-image-preview":"max-image-preview:large","max-video-preview":"max-video-preview:-1"},"canonical":"https:\/\/proplaystore.lu\/index.php\/produit\/asus-prime-b650-plus-carte-mere-amd-ryzen-am5-atx-ddr5-pcie-5-0-m-2-support-2-5gb-ethernet-displayport-hdmi-sata-6-gbps-usb-3-2-gen-2-type-c-front-usb-3-2-gen-1-type-c-usb4-arua-sy\/","og_locale":"en_US","og_type":"article","og_title":"ASUS PRIME B650-PLUS \u2013 Carte m\u00e8re AMD Ryzen AM5 ATX (DDR5, PCIe 5.0 M.2 support, 2.5Gb Ethernet, DisplayPort, HDMI, SATA 6 Gbps, USB 3.2 Gen 2 Type-C, front USB 3.2 Gen 1 Type-C, USB4, Arua Sync RGB) - ProPlaystore","og_description":"ocket AMD AM5 : compatible avec les processeurs d\u2019ordinateurs de bureau Ryzen 7000 Series  Connectivit\u00e9 ultra-rapide : M.2 PCIe 5.0, Realtek 2.5Gb Ethernet, USB 3.2 Gen 2 Type-C, USB 3.2 Gen 1 Type-C \u00e0 l\u2019avant, support USB4  ASUS OptiMem II : acheminement minutieux des trac\u00e9s et des vias, plus des optimisations de la couche de terre pour pr\u00e9server l'int\u00e9grit\u00e9 du signal et ainsi am\u00e9liorer l'overclocking de la m\u00e9moire  Refroidissement total : radiateur VRM, dissipateur thermique du M.2, dissipateur PCH, connecteurs pour ventilateurs hybrides et Fan Xpert 2+  \u00c9clairage Aura Sync RGB : connecteurs Gen 2 adressables int\u00e9gr\u00e9s et connecteur Aura RGB pour bandes de LED RGB, facilement synchronis\u00e9s avec le mat\u00e9riel compatible Aura Sync","og_url":"https:\/\/proplaystore.lu\/index.php\/produit\/asus-prime-b650-plus-carte-mere-amd-ryzen-am5-atx-ddr5-pcie-5-0-m-2-support-2-5gb-ethernet-displayport-hdmi-sata-6-gbps-usb-3-2-gen-2-type-c-front-usb-3-2-gen-1-type-c-usb4-arua-sy\/","og_site_name":"ProPlaystore","article_modified_time":"2025-08-21T21:35:48+00:00","og_image":[{"width":679,"height":530,"url":"https:\/\/proplaystore.lu\/wp-content\/uploads\/2025\/08\/81fRI8kUSVL._AC_SX679_.jpg","type":"image\/jpeg"}],"twitter_card":"summary_large_image","twitter_misc":{"Est. reading time":"1 minute"},"schema":{"@context":"https:\/\/schema.org","@graph":[{"@type":"WebPage","@id":"https:\/\/proplaystore.lu\/index.php\/produit\/asus-prime-b650-plus-carte-mere-amd-ryzen-am5-atx-ddr5-pcie-5-0-m-2-support-2-5gb-ethernet-displayport-hdmi-sata-6-gbps-usb-3-2-gen-2-type-c-front-usb-3-2-gen-1-type-c-usb4-arua-sy\/","url":"https:\/\/proplaystore.lu\/index.php\/produit\/asus-prime-b650-plus-carte-mere-amd-ryzen-am5-atx-ddr5-pcie-5-0-m-2-support-2-5gb-ethernet-displayport-hdmi-sata-6-gbps-usb-3-2-gen-2-type-c-front-usb-3-2-gen-1-type-c-usb4-arua-sy\/","name":"ASUS PRIME B650-PLUS \u2013 Carte m\u00e8re AMD Ryzen AM5 ATX (DDR5, PCIe 5.0 M.2 support, 2.5Gb Ethernet, DisplayPort, HDMI, SATA 6 Gbps, USB 3.2 Gen 2 Type-C, front USB 3.2 Gen 1 Type-C, USB4, Arua Sync RGB) - ProPlaystore","isPartOf":{"@id":"https:\/\/proplaystore.lu\/#website"},"primaryImageOfPage":{"@id":"https:\/\/proplaystore.lu\/index.php\/produit\/asus-prime-b650-plus-carte-mere-amd-ryzen-am5-atx-ddr5-pcie-5-0-m-2-support-2-5gb-ethernet-displayport-hdmi-sata-6-gbps-usb-3-2-gen-2-type-c-front-usb-3-2-gen-1-type-c-usb4-arua-sy\/#primaryimage"},"image":{"@id":"https:\/\/proplaystore.lu\/index.php\/produit\/asus-prime-b650-plus-carte-mere-amd-ryzen-am5-atx-ddr5-pcie-5-0-m-2-support-2-5gb-ethernet-displayport-hdmi-sata-6-gbps-usb-3-2-gen-2-type-c-front-usb-3-2-gen-1-type-c-usb4-arua-sy\/#primaryimage"},"thumbnailUrl":"https:\/\/proplaystore.lu\/wp-content\/uploads\/2025\/08\/81fRI8kUSVL._AC_SX679_.jpg","datePublished":"2025-08-21T21:29:33+00:00","dateModified":"2025-08-21T21:35:48+00:00","breadcrumb":{"@id":"https:\/\/proplaystore.lu\/index.php\/produit\/asus-prime-b650-plus-carte-mere-amd-ryzen-am5-atx-ddr5-pcie-5-0-m-2-support-2-5gb-ethernet-displayport-hdmi-sata-6-gbps-usb-3-2-gen-2-type-c-front-usb-3-2-gen-1-type-c-usb4-arua-sy\/#breadcrumb"},"inLanguage":"en-US","potentialAction":[{"@type":"ReadAction","target":["https:\/\/proplaystore.lu\/index.php\/produit\/asus-prime-b650-plus-carte-mere-amd-ryzen-am5-atx-ddr5-pcie-5-0-m-2-support-2-5gb-ethernet-displayport-hdmi-sata-6-gbps-usb-3-2-gen-2-type-c-front-usb-3-2-gen-1-type-c-usb4-arua-sy\/"]}]},{"@type":"ImageObject","inLanguage":"en-US","@id":"https:\/\/proplaystore.lu\/index.php\/produit\/asus-prime-b650-plus-carte-mere-amd-ryzen-am5-atx-ddr5-pcie-5-0-m-2-support-2-5gb-ethernet-displayport-hdmi-sata-6-gbps-usb-3-2-gen-2-type-c-front-usb-3-2-gen-1-type-c-usb4-arua-sy\/#primaryimage","url":"https:\/\/proplaystore.lu\/wp-content\/uploads\/2025\/08\/81fRI8kUSVL._AC_SX679_.jpg","contentUrl":"https:\/\/proplaystore.lu\/wp-content\/uploads\/2025\/08\/81fRI8kUSVL._AC_SX679_.jpg","width":679,"height":530},{"@type":"BreadcrumbList","@id":"https:\/\/proplaystore.lu\/index.php\/produit\/asus-prime-b650-plus-carte-mere-amd-ryzen-am5-atx-ddr5-pcie-5-0-m-2-support-2-5gb-ethernet-displayport-hdmi-sata-6-gbps-usb-3-2-gen-2-type-c-front-usb-3-2-gen-1-type-c-usb4-arua-sy\/#breadcrumb","itemListElement":[{"@type":"ListItem","position":1,"name":"Accueil","item":"https:\/\/proplaystore.lu\/"},{"@type":"ListItem","position":2,"name":"Shop","item":"https:\/\/proplaystore.lu\/index.php\/shop\/"},{"@type":"ListItem","position":3,"name":"ASUS PRIME B650-PLUS \u2013 Carte m\u00e8re AMD Ryzen AM5 ATX (DDR5, PCIe 5.0 M.2 support, 2.5Gb Ethernet, DisplayPort, HDMI, SATA 6 Gbps, USB 3.2 Gen 2 Type-C, front USB 3.2 Gen 1 Type-C, USB4, Arua Sync RGB)"}]},{"@type":"WebSite","@id":"https:\/\/proplaystore.lu\/#website","url":"https:\/\/proplaystore.lu\/","name":"ProPlaystore","description":"proplaysre","potentialAction":[{"@type":"SearchAction","target":{"@type":"EntryPoint","urlTemplate":"https:\/\/proplaystore.lu\/?s={search_term_string}"},"query-input":{"@type":"PropertyValueSpecification","valueRequired":true,"valueName":"search_term_string"}}],"inLanguage":"en-US"}]}},"_links":{"self":[{"href":"https:\/\/proplaystore.lu\/index.php\/wp-json\/wp\/v2\/product\/8017","targetHints":{"allow":["GET"]}}],"collection":[{"href":"https:\/\/proplaystore.lu\/index.php\/wp-json\/wp\/v2\/product"}],"about":[{"href":"https:\/\/proplaystore.lu\/index.php\/wp-json\/wp\/v2\/types\/product"}],"replies":[{"embeddable":true,"href":"https:\/\/proplaystore.lu\/index.php\/wp-json\/wp\/v2\/comments?post=8017"}],"wp:featuredmedia":[{"embeddable":true,"href":"https:\/\/proplaystore.lu\/index.php\/wp-json\/wp\/v2\/media\/8020"}],"wp:attachment":[{"href":"https:\/\/proplaystore.lu\/index.php\/wp-json\/wp\/v2\/media?parent=8017"}],"wp:term":[{"taxonomy":"product_brand","embeddable":true,"href":"https:\/\/proplaystore.lu\/index.php\/wp-json\/wp\/v2\/product_brand?post=8017"},{"taxonomy":"product_cat","embeddable":true,"href":"https:\/\/proplaystore.lu\/index.php\/wp-json\/wp\/v2\/product_cat?post=8017"},{"taxonomy":"product_tag","embeddable":true,"href":"https:\/\/proplaystore.lu\/index.php\/wp-json\/wp\/v2\/product_tag?post=8017"}],"curies":[{"name":"wp","href":"https:\/\/api.w.org\/{rel}","templated":true}]}}