{"id":8031,"date":"2025-08-21T21:51:29","date_gmt":"2025-08-21T21:51:29","guid":{"rendered":"https:\/\/proplaystore.lu\/?post_type=product&#038;p=8031"},"modified":"2025-08-21T21:53:27","modified_gmt":"2025-08-21T21:53:27","slug":"sudokoo-sk700v-blanc-ventirad-am5-exclusif-affichage-numerique-7-caloducs-ventilateur-de-processeur-tour-unique-ventilateur-120mm-fdb-pwm-acces-ram-complet-montage-facile-garantie-5-ans","status":"publish","type":"product","link":"https:\/\/proplaystore.lu\/index.php\/produit\/sudokoo-sk700v-blanc-ventirad-am5-exclusif-affichage-numerique-7-caloducs-ventilateur-de-processeur-tour-unique-ventilateur-120mm-fdb-pwm-acces-ram-complet-montage-facile-garantie-5-ans\/","title":{"rendered":"Sudokoo SK700V BLANC Ventirad AM5 Exclusif, Affichage Num\u00e9rique, 7 Caloducs Ventilateur de Processeur, Tour Unique, Ventilateur 120mm FDB PWM, Acc\u00e8s RAM Complet, Montage Facile, Garantie 5 Ans"},"content":{"rendered":"<h2 data-start=\"1558\" data-end=\"1580\"><strong data-start=\"1561\" data-end=\"1580\">Fiche technique<\/strong><\/h2>\n<table class=\"a-normal a-spacing-micro\" role=\"list\">\n<tbody>\n<tr class=\"a-spacing-small po-item_length_width_height\" role=\"listitem\">\n<td class=\"a-span3\" role=\"presentation\"><span class=\"a-size-base a-text-bold\">Dimensions du produit<\/span><\/td>\n<td class=\"a-span9\" role=\"presentation\"><span class=\"a-size-base po-break-word\">14,6L x 9,7l x 16,4H centim\u00e8tres<\/span><\/td>\n<\/tr>\n<tr class=\"a-spacing-small po-brand\" role=\"listitem\">\n<td class=\"a-span3\" role=\"presentation\"><span class=\"a-size-base a-text-bold\">Marque<\/span><\/td>\n<td class=\"a-span9\" role=\"presentation\"><span class=\"a-size-base po-break-word\">Sudokoo<\/span><\/td>\n<\/tr>\n<tr class=\"a-spacing-small po-power_connector_type\" role=\"listitem\">\n<td class=\"a-span3\" role=\"presentation\"><span class=\"a-size-base a-text-bold\">Type de connecteur d&#8217;alimentation<\/span><\/td>\n<td class=\"a-span9\" role=\"presentation\"><span class=\"a-size-base po-break-word\">4 broche<\/span><\/td>\n<\/tr>\n<tr class=\"a-spacing-small po-voltage\" role=\"listitem\">\n<td class=\"a-span3\" role=\"presentation\"><span class=\"a-size-base a-text-bold\">Tension<\/span><\/td>\n<td class=\"a-span9\" role=\"presentation\"><span class=\"a-size-base po-break-word\">12 Volts<\/span><\/td>\n<\/tr>\n<tr class=\"a-spacing-small po-wattage\" role=\"listitem\">\n<td class=\"a-span3\" role=\"presentation\"><span class=\"a-size-base a-text-bold\">Puissance<\/span><\/td>\n<td class=\"a-span9\" role=\"presentation\"><span class=\"a-size-base po-break-word\">3 Watts<\/span><\/td>\n<\/tr>\n<tr class=\"a-spacing-small po-cooling_method\" role=\"listitem\">\n<td class=\"a-span3\" role=\"presentation\"><span class=\"a-size-base a-text-bold\">M\u00e9thode de refroidissement<\/span><\/td>\n<td class=\"a-span9\" role=\"presentation\"><span class=\"a-size-base po-break-word\">Ventilateur<\/span><\/td>\n<\/tr>\n<tr class=\"a-spacing-small po-compatible_devices\" role=\"listitem\">\n<td class=\"a-span3\" role=\"presentation\"><span class=\"a-size-base a-text-bold\">Appareils compatibles<\/span><\/td>\n<td class=\"a-span9\" role=\"presentation\"><span class=\"a-size-base po-break-word\">CPU, Ordinateur<\/span><\/td>\n<\/tr>\n<tr class=\"a-spacing-small po-noise_level\" role=\"listitem\">\n<td class=\"a-span3\" role=\"presentation\"><span class=\"a-size-base a-text-bold\">Niveau sonore<\/span><\/td>\n<td class=\"a-span9\" role=\"presentation\"><span class=\"a-size-base po-break-word\">32,5 dB<\/span><\/td>\n<\/tr>\n<tr class=\"a-spacing-small po-maximum_rotational_speed\" role=\"listitem\">\n<td class=\"a-span3\" role=\"presentation\"><span class=\"a-size-base a-text-bold\">Vitesse de rotation maximale<\/span><\/td>\n<td class=\"a-span9\" role=\"presentation\"><span class=\"a-size-base po-break-word\">2200 tr\/min<\/span><\/td>\n<\/tr>\n<tr class=\"a-spacing-small po-air_flow_capacity\" role=\"listitem\">\n<td class=\"a-span3\" role=\"presentation\"><span class=\"a-size-base a-text-bold\">Capacit\u00e9 de d\u00e9bit d&#8217;air<\/span><\/td>\n<td class=\"a-span9\" role=\"presentation\"><span class=\"a-size-base po-break-word\">66,29 pieds cubes par minute<\/span><\/td>\n<\/tr>\n<\/tbody>\n<\/table>\n<p>&nbsp;<\/p>\n<p>&nbsp;<\/p>\n<p>&nbsp;<\/p>\n<p>&nbsp;<\/p>\n<p>&nbsp;<\/p>\n<p>&nbsp;<\/p>\n<p>&nbsp;<\/p>\n","protected":false},"excerpt":{"rendered":"<ul class=\"a-unordered-list a-vertical a-spacing-mini\">\n<li class=\"a-spacing-mini\"><span class=\"a-list-item\">COMPATIBILIT\u00c9 EXCLUSIVE AM5 ET GARANTIE DE 5 ANS\u3011Compatibilit\u00e9 du Socket: AMD AM5 UNIQUEMENT. Note Importante: Ce ventirad AM5 est m\u00e9caniquement incompatible avec la carte m\u00e8re MSI MAG B850M Mortar (WIFI).<\/span><\/li>\n<li class=\"a-spacing-mini\"><span class=\"a-list-item\">\u3010INSTALLATION SANS EFFORT\u3011Le montage par glissement sans outil permet un retrait et une maintenance faciles du ventilateur, assurant une configuration s\u00e9curis\u00e9e du refroidisseur pour socket AM5 en quelques secondes.<\/span><\/li>\n<li class=\"a-spacing-mini\"><span class=\"a-list-item\">\u3010LIBRE ACC\u00c8S \u00c0 LA M\u00c9MOIRE RAM\u3011Aucun blocage de la RAM: Libert\u00e9 totale pour la visibilit\u00e9 des \u00e9clairages RGB et des dissipateurs de chaleur hauts.<\/span><\/li>\n<li class=\"a-spacing-mini\"><span class=\"a-list-item\">\u3010BRUIT-FAIBLE AMD AM5 REFROIDISSEUR\u3011Le PC ventirad processeur SK700V BLANC pour AM5 est \u00e9quip\u00e9 d&#8217;un ventilateur PWM FDB de 120mm. Avec une vitesse r\u00e9glable de 500~2200 RPM\u00b110% et 0 RPM en dessous de 5% de charge PWM, il offre un \u00e9quilibre id\u00e9al entre refroidissement et silence.<\/span><\/li>\n<li class=\"a-spacing-mini\"><span class=\"a-list-item\">\u3010PROTECTION ANTI-FLEXION DU CPU AM5\u3011Le support peut supporter le poids du radiateur et emp\u00eacher la flexion du CPU. \u00c0 installer uniquement lorsque la carte m\u00e8re est plac\u00e9e horizontalement, pas verticalement.<\/span><\/li>\n<li class=\"a-spacing-mini\"><span class=\"a-list-item\">\u3010AFFICHAGE NUM\u00c9RIQUE EN TEMPS R\u00c9EL\u3011\u00c9quip\u00e9 d&#8217;un \u00e9cran digital, ce AM5 refroidisseur de processeur affiche les donn\u00e9es du CPU en temps r\u00e9el (temp\u00e9rature \u00b0C\/\u2109, charge et fr\u00e9quence). Ce ventirad avec \u00e9cran est contr\u00f4l\u00e9 via le logiciel Sudokoo Control Center MasterCraft (Win10\/11 UNIQUEMENT). Parfait pour les joueurs et les passionn\u00e9s d&#8217;overclocking qui exigent un suivi en temps r\u00e9el dans un refroidisseur d&#8217;air \u00e0 tour unique.<\/span><\/li>\n<\/ul>\n","protected":false},"featured_media":8037,"comment_status":"open","ping_status":"closed","template":"","meta":[],"product_brand":[],"product_cat":[67],"product_tag":[80,81],"class_list":{"0":"post-8031","1":"product","2":"type-product","3":"status-publish","4":"has-post-thumbnail","6":"product_cat-watercooling","7":"product_tag-refroidisseur","8":"product_tag-watercooling","10":"first","11":"instock","12":"shipping-taxable","13":"purchasable","14":"product-type-simple"},"yoast_head":"<!-- This site is optimized with the Yoast SEO plugin v26.4 - https:\/\/yoast.com\/wordpress\/plugins\/seo\/ -->\n<title>Sudokoo SK700V BLANC Ventirad AM5 Exclusif, Affichage Num\u00e9rique, 7 Caloducs Ventilateur de Processeur, Tour Unique, Ventilateur 120mm FDB PWM, Acc\u00e8s RAM Complet, Montage Facile, Garantie 5 Ans - ProPlaystore<\/title>\n<meta name=\"robots\" content=\"index, follow, max-snippet:-1, max-image-preview:large, max-video-preview:-1\" \/>\n<link rel=\"canonical\" href=\"https:\/\/proplaystore.lu\/index.php\/produit\/sudokoo-sk700v-blanc-ventirad-am5-exclusif-affichage-numerique-7-caloducs-ventilateur-de-processeur-tour-unique-ventilateur-120mm-fdb-pwm-acces-ram-complet-montage-facile-garantie-5-ans\/\" \/>\n<meta property=\"og:locale\" content=\"en_US\" \/>\n<meta property=\"og:type\" content=\"article\" \/>\n<meta property=\"og:title\" content=\"Sudokoo SK700V BLANC Ventirad AM5 Exclusif, Affichage Num\u00e9rique, 7 Caloducs Ventilateur de Processeur, Tour Unique, Ventilateur 120mm FDB PWM, Acc\u00e8s RAM Complet, Montage Facile, Garantie 5 Ans - ProPlaystore\" \/>\n<meta property=\"og:description\" content=\"COMPATIBILIT\u00c9 EXCLUSIVE AM5 ET GARANTIE DE 5 ANS\u3011Compatibilit\u00e9 du Socket: AMD AM5 UNIQUEMENT. Note Importante: Ce ventirad AM5 est m\u00e9caniquement incompatible avec la carte m\u00e8re MSI MAG B850M Mortar (WIFI).  \u3010INSTALLATION SANS EFFORT\u3011Le montage par glissement sans outil permet un retrait et une maintenance faciles du ventilateur, assurant une configuration s\u00e9curis\u00e9e du refroidisseur pour socket AM5 en quelques secondes.  \u3010LIBRE ACC\u00c8S \u00c0 LA M\u00c9MOIRE RAM\u3011Aucun blocage de la RAM: Libert\u00e9 totale pour la visibilit\u00e9 des \u00e9clairages RGB et des dissipateurs de chaleur hauts.  \u3010BRUIT-FAIBLE AMD AM5 REFROIDISSEUR\u3011Le PC ventirad processeur SK700V BLANC pour AM5 est \u00e9quip\u00e9 d&#039;un ventilateur PWM FDB de 120mm. Avec une vitesse r\u00e9glable de 500~2200 RPM\u00b110% et 0 RPM en dessous de 5% de charge PWM, il offre un \u00e9quilibre id\u00e9al entre refroidissement et silence.  \u3010PROTECTION ANTI-FLEXION DU CPU AM5\u3011Le support peut supporter le poids du radiateur et emp\u00eacher la flexion du CPU. \u00c0 installer uniquement lorsque la carte m\u00e8re est plac\u00e9e horizontalement, pas verticalement.  \u3010AFFICHAGE NUM\u00c9RIQUE EN TEMPS R\u00c9EL\u3011\u00c9quip\u00e9 d&#039;un \u00e9cran digital, ce AM5 refroidisseur de processeur affiche les donn\u00e9es du CPU en temps r\u00e9el (temp\u00e9rature \u00b0C\/\u2109, charge et fr\u00e9quence). Ce ventirad avec \u00e9cran est contr\u00f4l\u00e9 via le logiciel Sudokoo Control Center MasterCraft (Win10\/11 UNIQUEMENT). Parfait pour les joueurs et les passionn\u00e9s d&#039;overclocking qui exigent un suivi en temps r\u00e9el dans un refroidisseur d&#039;air \u00e0 tour unique.\" \/>\n<meta property=\"og:url\" content=\"https:\/\/proplaystore.lu\/index.php\/produit\/sudokoo-sk700v-blanc-ventirad-am5-exclusif-affichage-numerique-7-caloducs-ventilateur-de-processeur-tour-unique-ventilateur-120mm-fdb-pwm-acces-ram-complet-montage-facile-garantie-5-ans\/\" \/>\n<meta property=\"og:site_name\" content=\"ProPlaystore\" \/>\n<meta property=\"article:modified_time\" content=\"2025-08-21T21:53:27+00:00\" \/>\n<meta property=\"og:image\" content=\"https:\/\/proplaystore.lu\/wp-content\/uploads\/2025\/08\/61iURzl1onL._AC_SX425_.jpg\" \/>\n\t<meta property=\"og:image:width\" content=\"425\" \/>\n\t<meta property=\"og:image:height\" content=\"542\" \/>\n\t<meta property=\"og:image:type\" content=\"image\/jpeg\" \/>\n<meta name=\"twitter:card\" content=\"summary_large_image\" \/>\n<meta name=\"twitter:label1\" content=\"Est. reading time\" \/>\n\t<meta name=\"twitter:data1\" content=\"1 minute\" \/>\n<script type=\"application\/ld+json\" class=\"yoast-schema-graph\">{\"@context\":\"https:\/\/schema.org\",\"@graph\":[{\"@type\":\"WebPage\",\"@id\":\"https:\/\/proplaystore.lu\/index.php\/produit\/sudokoo-sk700v-blanc-ventirad-am5-exclusif-affichage-numerique-7-caloducs-ventilateur-de-processeur-tour-unique-ventilateur-120mm-fdb-pwm-acces-ram-complet-montage-facile-garantie-5-ans\/\",\"url\":\"https:\/\/proplaystore.lu\/index.php\/produit\/sudokoo-sk700v-blanc-ventirad-am5-exclusif-affichage-numerique-7-caloducs-ventilateur-de-processeur-tour-unique-ventilateur-120mm-fdb-pwm-acces-ram-complet-montage-facile-garantie-5-ans\/\",\"name\":\"Sudokoo SK700V BLANC Ventirad AM5 Exclusif, Affichage Num\u00e9rique, 7 Caloducs Ventilateur de Processeur, Tour Unique, Ventilateur 120mm FDB PWM, Acc\u00e8s RAM Complet, Montage Facile, Garantie 5 Ans - ProPlaystore\",\"isPartOf\":{\"@id\":\"https:\/\/proplaystore.lu\/#website\"},\"primaryImageOfPage\":{\"@id\":\"https:\/\/proplaystore.lu\/index.php\/produit\/sudokoo-sk700v-blanc-ventirad-am5-exclusif-affichage-numerique-7-caloducs-ventilateur-de-processeur-tour-unique-ventilateur-120mm-fdb-pwm-acces-ram-complet-montage-facile-garantie-5-ans\/#primaryimage\"},\"image\":{\"@id\":\"https:\/\/proplaystore.lu\/index.php\/produit\/sudokoo-sk700v-blanc-ventirad-am5-exclusif-affichage-numerique-7-caloducs-ventilateur-de-processeur-tour-unique-ventilateur-120mm-fdb-pwm-acces-ram-complet-montage-facile-garantie-5-ans\/#primaryimage\"},\"thumbnailUrl\":\"https:\/\/proplaystore.lu\/wp-content\/uploads\/2025\/08\/61iURzl1onL._AC_SX425_.jpg\",\"datePublished\":\"2025-08-21T21:51:29+00:00\",\"dateModified\":\"2025-08-21T21:53:27+00:00\",\"breadcrumb\":{\"@id\":\"https:\/\/proplaystore.lu\/index.php\/produit\/sudokoo-sk700v-blanc-ventirad-am5-exclusif-affichage-numerique-7-caloducs-ventilateur-de-processeur-tour-unique-ventilateur-120mm-fdb-pwm-acces-ram-complet-montage-facile-garantie-5-ans\/#breadcrumb\"},\"inLanguage\":\"en-US\",\"potentialAction\":[{\"@type\":\"ReadAction\",\"target\":[\"https:\/\/proplaystore.lu\/index.php\/produit\/sudokoo-sk700v-blanc-ventirad-am5-exclusif-affichage-numerique-7-caloducs-ventilateur-de-processeur-tour-unique-ventilateur-120mm-fdb-pwm-acces-ram-complet-montage-facile-garantie-5-ans\/\"]}]},{\"@type\":\"ImageObject\",\"inLanguage\":\"en-US\",\"@id\":\"https:\/\/proplaystore.lu\/index.php\/produit\/sudokoo-sk700v-blanc-ventirad-am5-exclusif-affichage-numerique-7-caloducs-ventilateur-de-processeur-tour-unique-ventilateur-120mm-fdb-pwm-acces-ram-complet-montage-facile-garantie-5-ans\/#primaryimage\",\"url\":\"https:\/\/proplaystore.lu\/wp-content\/uploads\/2025\/08\/61iURzl1onL._AC_SX425_.jpg\",\"contentUrl\":\"https:\/\/proplaystore.lu\/wp-content\/uploads\/2025\/08\/61iURzl1onL._AC_SX425_.jpg\",\"width\":425,\"height\":542},{\"@type\":\"BreadcrumbList\",\"@id\":\"https:\/\/proplaystore.lu\/index.php\/produit\/sudokoo-sk700v-blanc-ventirad-am5-exclusif-affichage-numerique-7-caloducs-ventilateur-de-processeur-tour-unique-ventilateur-120mm-fdb-pwm-acces-ram-complet-montage-facile-garantie-5-ans\/#breadcrumb\",\"itemListElement\":[{\"@type\":\"ListItem\",\"position\":1,\"name\":\"Accueil\",\"item\":\"https:\/\/proplaystore.lu\/\"},{\"@type\":\"ListItem\",\"position\":2,\"name\":\"Shop\",\"item\":\"https:\/\/proplaystore.lu\/index.php\/shop\/\"},{\"@type\":\"ListItem\",\"position\":3,\"name\":\"Sudokoo SK700V BLANC Ventirad AM5 Exclusif, Affichage Num\u00e9rique, 7 Caloducs Ventilateur de Processeur, Tour Unique, Ventilateur 120mm FDB PWM, Acc\u00e8s RAM Complet, Montage Facile, Garantie 5 Ans\"}]},{\"@type\":\"WebSite\",\"@id\":\"https:\/\/proplaystore.lu\/#website\",\"url\":\"https:\/\/proplaystore.lu\/\",\"name\":\"ProPlaystore\",\"description\":\"proplaysre\",\"potentialAction\":[{\"@type\":\"SearchAction\",\"target\":{\"@type\":\"EntryPoint\",\"urlTemplate\":\"https:\/\/proplaystore.lu\/?s={search_term_string}\"},\"query-input\":{\"@type\":\"PropertyValueSpecification\",\"valueRequired\":true,\"valueName\":\"search_term_string\"}}],\"inLanguage\":\"en-US\"}]}<\/script>\n<!-- \/ Yoast SEO plugin. -->","yoast_head_json":{"title":"Sudokoo SK700V BLANC Ventirad AM5 Exclusif, Affichage Num\u00e9rique, 7 Caloducs Ventilateur de Processeur, Tour Unique, Ventilateur 120mm FDB PWM, Acc\u00e8s RAM Complet, Montage Facile, Garantie 5 Ans - ProPlaystore","robots":{"index":"index","follow":"follow","max-snippet":"max-snippet:-1","max-image-preview":"max-image-preview:large","max-video-preview":"max-video-preview:-1"},"canonical":"https:\/\/proplaystore.lu\/index.php\/produit\/sudokoo-sk700v-blanc-ventirad-am5-exclusif-affichage-numerique-7-caloducs-ventilateur-de-processeur-tour-unique-ventilateur-120mm-fdb-pwm-acces-ram-complet-montage-facile-garantie-5-ans\/","og_locale":"en_US","og_type":"article","og_title":"Sudokoo SK700V BLANC Ventirad AM5 Exclusif, Affichage Num\u00e9rique, 7 Caloducs Ventilateur de Processeur, Tour Unique, Ventilateur 120mm FDB PWM, Acc\u00e8s RAM Complet, Montage Facile, Garantie 5 Ans - ProPlaystore","og_description":"COMPATIBILIT\u00c9 EXCLUSIVE AM5 ET GARANTIE DE 5 ANS\u3011Compatibilit\u00e9 du Socket: AMD AM5 UNIQUEMENT. Note Importante: Ce ventirad AM5 est m\u00e9caniquement incompatible avec la carte m\u00e8re MSI MAG B850M Mortar (WIFI).  \u3010INSTALLATION SANS EFFORT\u3011Le montage par glissement sans outil permet un retrait et une maintenance faciles du ventilateur, assurant une configuration s\u00e9curis\u00e9e du refroidisseur pour socket AM5 en quelques secondes.  \u3010LIBRE ACC\u00c8S \u00c0 LA M\u00c9MOIRE RAM\u3011Aucun blocage de la RAM: Libert\u00e9 totale pour la visibilit\u00e9 des \u00e9clairages RGB et des dissipateurs de chaleur hauts.  \u3010BRUIT-FAIBLE AMD AM5 REFROIDISSEUR\u3011Le PC ventirad processeur SK700V BLANC pour AM5 est \u00e9quip\u00e9 d'un ventilateur PWM FDB de 120mm. Avec une vitesse r\u00e9glable de 500~2200 RPM\u00b110% et 0 RPM en dessous de 5% de charge PWM, il offre un \u00e9quilibre id\u00e9al entre refroidissement et silence.  \u3010PROTECTION ANTI-FLEXION DU CPU AM5\u3011Le support peut supporter le poids du radiateur et emp\u00eacher la flexion du CPU. \u00c0 installer uniquement lorsque la carte m\u00e8re est plac\u00e9e horizontalement, pas verticalement.  \u3010AFFICHAGE NUM\u00c9RIQUE EN TEMPS R\u00c9EL\u3011\u00c9quip\u00e9 d'un \u00e9cran digital, ce AM5 refroidisseur de processeur affiche les donn\u00e9es du CPU en temps r\u00e9el (temp\u00e9rature \u00b0C\/\u2109, charge et fr\u00e9quence). Ce ventirad avec \u00e9cran est contr\u00f4l\u00e9 via le logiciel Sudokoo Control Center MasterCraft (Win10\/11 UNIQUEMENT). Parfait pour les joueurs et les passionn\u00e9s d'overclocking qui exigent un suivi en temps r\u00e9el dans un refroidisseur d'air \u00e0 tour unique.","og_url":"https:\/\/proplaystore.lu\/index.php\/produit\/sudokoo-sk700v-blanc-ventirad-am5-exclusif-affichage-numerique-7-caloducs-ventilateur-de-processeur-tour-unique-ventilateur-120mm-fdb-pwm-acces-ram-complet-montage-facile-garantie-5-ans\/","og_site_name":"ProPlaystore","article_modified_time":"2025-08-21T21:53:27+00:00","og_image":[{"width":425,"height":542,"url":"https:\/\/proplaystore.lu\/wp-content\/uploads\/2025\/08\/61iURzl1onL._AC_SX425_.jpg","type":"image\/jpeg"}],"twitter_card":"summary_large_image","twitter_misc":{"Est. reading time":"1 minute"},"schema":{"@context":"https:\/\/schema.org","@graph":[{"@type":"WebPage","@id":"https:\/\/proplaystore.lu\/index.php\/produit\/sudokoo-sk700v-blanc-ventirad-am5-exclusif-affichage-numerique-7-caloducs-ventilateur-de-processeur-tour-unique-ventilateur-120mm-fdb-pwm-acces-ram-complet-montage-facile-garantie-5-ans\/","url":"https:\/\/proplaystore.lu\/index.php\/produit\/sudokoo-sk700v-blanc-ventirad-am5-exclusif-affichage-numerique-7-caloducs-ventilateur-de-processeur-tour-unique-ventilateur-120mm-fdb-pwm-acces-ram-complet-montage-facile-garantie-5-ans\/","name":"Sudokoo SK700V BLANC Ventirad AM5 Exclusif, Affichage Num\u00e9rique, 7 Caloducs Ventilateur de Processeur, Tour Unique, Ventilateur 120mm FDB PWM, Acc\u00e8s RAM Complet, Montage Facile, Garantie 5 Ans - ProPlaystore","isPartOf":{"@id":"https:\/\/proplaystore.lu\/#website"},"primaryImageOfPage":{"@id":"https:\/\/proplaystore.lu\/index.php\/produit\/sudokoo-sk700v-blanc-ventirad-am5-exclusif-affichage-numerique-7-caloducs-ventilateur-de-processeur-tour-unique-ventilateur-120mm-fdb-pwm-acces-ram-complet-montage-facile-garantie-5-ans\/#primaryimage"},"image":{"@id":"https:\/\/proplaystore.lu\/index.php\/produit\/sudokoo-sk700v-blanc-ventirad-am5-exclusif-affichage-numerique-7-caloducs-ventilateur-de-processeur-tour-unique-ventilateur-120mm-fdb-pwm-acces-ram-complet-montage-facile-garantie-5-ans\/#primaryimage"},"thumbnailUrl":"https:\/\/proplaystore.lu\/wp-content\/uploads\/2025\/08\/61iURzl1onL._AC_SX425_.jpg","datePublished":"2025-08-21T21:51:29+00:00","dateModified":"2025-08-21T21:53:27+00:00","breadcrumb":{"@id":"https:\/\/proplaystore.lu\/index.php\/produit\/sudokoo-sk700v-blanc-ventirad-am5-exclusif-affichage-numerique-7-caloducs-ventilateur-de-processeur-tour-unique-ventilateur-120mm-fdb-pwm-acces-ram-complet-montage-facile-garantie-5-ans\/#breadcrumb"},"inLanguage":"en-US","potentialAction":[{"@type":"ReadAction","target":["https:\/\/proplaystore.lu\/index.php\/produit\/sudokoo-sk700v-blanc-ventirad-am5-exclusif-affichage-numerique-7-caloducs-ventilateur-de-processeur-tour-unique-ventilateur-120mm-fdb-pwm-acces-ram-complet-montage-facile-garantie-5-ans\/"]}]},{"@type":"ImageObject","inLanguage":"en-US","@id":"https:\/\/proplaystore.lu\/index.php\/produit\/sudokoo-sk700v-blanc-ventirad-am5-exclusif-affichage-numerique-7-caloducs-ventilateur-de-processeur-tour-unique-ventilateur-120mm-fdb-pwm-acces-ram-complet-montage-facile-garantie-5-ans\/#primaryimage","url":"https:\/\/proplaystore.lu\/wp-content\/uploads\/2025\/08\/61iURzl1onL._AC_SX425_.jpg","contentUrl":"https:\/\/proplaystore.lu\/wp-content\/uploads\/2025\/08\/61iURzl1onL._AC_SX425_.jpg","width":425,"height":542},{"@type":"BreadcrumbList","@id":"https:\/\/proplaystore.lu\/index.php\/produit\/sudokoo-sk700v-blanc-ventirad-am5-exclusif-affichage-numerique-7-caloducs-ventilateur-de-processeur-tour-unique-ventilateur-120mm-fdb-pwm-acces-ram-complet-montage-facile-garantie-5-ans\/#breadcrumb","itemListElement":[{"@type":"ListItem","position":1,"name":"Accueil","item":"https:\/\/proplaystore.lu\/"},{"@type":"ListItem","position":2,"name":"Shop","item":"https:\/\/proplaystore.lu\/index.php\/shop\/"},{"@type":"ListItem","position":3,"name":"Sudokoo SK700V BLANC Ventirad AM5 Exclusif, Affichage Num\u00e9rique, 7 Caloducs Ventilateur de Processeur, Tour Unique, Ventilateur 120mm FDB PWM, Acc\u00e8s RAM Complet, Montage Facile, Garantie 5 Ans"}]},{"@type":"WebSite","@id":"https:\/\/proplaystore.lu\/#website","url":"https:\/\/proplaystore.lu\/","name":"ProPlaystore","description":"proplaysre","potentialAction":[{"@type":"SearchAction","target":{"@type":"EntryPoint","urlTemplate":"https:\/\/proplaystore.lu\/?s={search_term_string}"},"query-input":{"@type":"PropertyValueSpecification","valueRequired":true,"valueName":"search_term_string"}}],"inLanguage":"en-US"}]}},"_links":{"self":[{"href":"https:\/\/proplaystore.lu\/index.php\/wp-json\/wp\/v2\/product\/8031","targetHints":{"allow":["GET"]}}],"collection":[{"href":"https:\/\/proplaystore.lu\/index.php\/wp-json\/wp\/v2\/product"}],"about":[{"href":"https:\/\/proplaystore.lu\/index.php\/wp-json\/wp\/v2\/types\/product"}],"replies":[{"embeddable":true,"href":"https:\/\/proplaystore.lu\/index.php\/wp-json\/wp\/v2\/comments?post=8031"}],"wp:featuredmedia":[{"embeddable":true,"href":"https:\/\/proplaystore.lu\/index.php\/wp-json\/wp\/v2\/media\/8037"}],"wp:attachment":[{"href":"https:\/\/proplaystore.lu\/index.php\/wp-json\/wp\/v2\/media?parent=8031"}],"wp:term":[{"taxonomy":"product_brand","embeddable":true,"href":"https:\/\/proplaystore.lu\/index.php\/wp-json\/wp\/v2\/product_brand?post=8031"},{"taxonomy":"product_cat","embeddable":true,"href":"https:\/\/proplaystore.lu\/index.php\/wp-json\/wp\/v2\/product_cat?post=8031"},{"taxonomy":"product_tag","embeddable":true,"href":"https:\/\/proplaystore.lu\/index.php\/wp-json\/wp\/v2\/product_tag?post=8031"}],"curies":[{"name":"wp","href":"https:\/\/api.w.org\/{rel}","templated":true}]}}