{"id":8048,"date":"2025-08-22T21:23:04","date_gmt":"2025-08-22T21:23:04","guid":{"rendered":"https:\/\/proplaystore.lu\/?post_type=product&#038;p=8048"},"modified":"2025-08-22T21:24:15","modified_gmt":"2025-08-22T21:24:15","slug":"lian-li-o11-vision-compact-torre-e-atx-cristal-templado-usb-c-3-0-blanca","status":"publish","type":"product","link":"https:\/\/proplaystore.lu\/index.php\/produit\/lian-li-o11-vision-compact-torre-e-atx-cristal-templado-usb-c-3-0-blanca\/","title":{"rendered":"Lian Li O11 Vision Compact Torre E-ATX Cristal Templado USB-C 3.0 Blanca"},"content":{"rendered":"<h2 data-start=\"1558\" data-end=\"1580\"><strong data-start=\"1561\" data-end=\"1580\">Fiche technique<\/strong><\/h2>\n<table class=\"a-normal a-spacing-micro\" role=\"list\">\n<tbody>\n<tr class=\"a-spacing-small po-brand\" role=\"listitem\">\n<td class=\"a-span3\" role=\"presentation\"><span class=\"a-size-base a-text-bold\">Marque<\/span><\/td>\n<td class=\"a-span9\" role=\"presentation\"><span class=\"a-size-base po-break-word\">Lian Li<\/span><\/td>\n<\/tr>\n<tr class=\"a-spacing-small po-supported_motherboard\" role=\"listitem\">\n<td class=\"a-span3\" role=\"presentation\"><span class=\"a-size-base a-text-bold\">Compatibilit\u00e9 de la carte m\u00e8re<\/span><\/td>\n<td class=\"a-span9\" role=\"presentation\"><span class=\"a-size-base po-break-word\">Extended ATX<\/span><\/td>\n<\/tr>\n<tr class=\"a-spacing-small po-case.type\" role=\"listitem\">\n<td class=\"a-span3\" role=\"presentation\"><span class=\"a-size-base a-text-bold\">Type de cas<\/span><\/td>\n<td class=\"a-span9\" role=\"presentation\"><span class=\"a-size-base po-break-word\">Tour m\u00e9dian<\/span><\/td>\n<\/tr>\n<tr class=\"a-spacing-small po-color\" role=\"listitem\">\n<td class=\"a-span3\" role=\"presentation\"><span class=\"a-size-base a-text-bold\">Couleur<\/span><\/td>\n<td class=\"a-span9\" role=\"presentation\"><span class=\"a-size-base po-break-word\">blanc<\/span><\/td>\n<\/tr>\n<tr class=\"a-spacing-small po-material\" role=\"listitem\">\n<td class=\"a-span3\" role=\"presentation\"><span class=\"a-size-base a-text-bold\">Mat\u00e9riau<\/span><\/td>\n<td class=\"a-span9\" role=\"presentation\"><span class=\"a-size-base po-break-word\">Acier alli\u00e9, Aluminium, Verre tremp\u00e9<\/span><\/td>\n<\/tr>\n<tr class=\"a-spacing-small po-power_supply_mounting_type\" role=\"listitem\">\n<td class=\"a-span3\" role=\"presentation\"><span class=\"a-size-base a-text-bold\">Type de fixation de l&#8217;alimentation<\/span><\/td>\n<td class=\"a-span9\" role=\"presentation\"><span class=\"a-size-base po-break-word\">Montage inf\u00e9rieur<\/span><\/td>\n<\/tr>\n<tr class=\"a-spacing-small po-cooling_method\" role=\"listitem\">\n<td class=\"a-span3\" role=\"presentation\"><span class=\"a-size-base a-text-bold\">M\u00e9thode de refroidissement<\/span><\/td>\n<td class=\"a-span9\" role=\"presentation\"><span class=\"a-size-base po-break-word\">Air, Eau<\/span><\/td>\n<\/tr>\n<tr class=\"a-spacing-small po-model_name\" role=\"listitem\">\n<td class=\"a-span3\" role=\"presentation\"><span class=\"a-size-base a-text-bold\">Nom de mod\u00e8le<\/span><\/td>\n<td class=\"a-span9\" role=\"presentation\"><span class=\"a-size-base po-break-word\">O11 Vision Compact<\/span><\/td>\n<\/tr>\n<tr class=\"a-spacing-small po-light_color\" role=\"listitem\">\n<td class=\"a-span3\" role=\"presentation\"><span class=\"a-size-base a-text-bold\">Couleur de la lumi\u00e8re<\/span><\/td>\n<td class=\"a-span9\" role=\"presentation\"><span class=\"a-size-base po-break-word\">Blanc<\/span><\/td>\n<\/tr>\n<tr class=\"a-spacing-small po-item_weight\" role=\"listitem\">\n<td class=\"a-span3\" role=\"presentation\"><span class=\"a-size-base a-text-bold\">Poids de l&#8217;article<\/span><\/td>\n<td class=\"a-span9\" role=\"presentation\"><span class=\"a-size-base po-break-word\">11,35 Kilogrammes<\/span><\/td>\n<\/tr>\n<\/tbody>\n<\/table>\n<p>&nbsp;<\/p>\n<p>&nbsp;<\/p>\n<p>&nbsp;<\/p>\n<p>&nbsp;<\/p>\n<p>&nbsp;<\/p>\n<p>&nbsp;<\/p>\n<p>&nbsp;<\/p>\n","protected":false},"excerpt":{"rendered":"<ul class=\"a-unordered-list a-vertical a-spacing-mini\">\n<li class=\"a-spacing-mini\"><span class=\"a-list-item\">Nouveau mod\u00e8le : le bo\u00eetier Lian Li O11 Vision Compact est l&#8217;un des derniers bo\u00eetiers PC de la s\u00e9rie pour tour moyenne. Ce bo\u00eetier PC style aquarium dispose d&#8217;un design \u00e0 deux compartiments pour un look propre et sans encombrement.<\/span><\/li>\n<li class=\"a-spacing-mini\"><span class=\"a-list-item\">Support mat\u00e9riel complet : l&#8217;int\u00e9rieur peut accueillir une large gamme de mat\u00e9riel de refroidissement et de jeu, y compris des radiateurs de 360 mm, des GPU de 408 mm mont\u00e9s verticalement (kit vendu s\u00e9par\u00e9ment) et des cartes m\u00e8res E-ATX (jusqu&#8217;\u00e0 280 mm).<\/span><\/li>\n<li class=\"a-spacing-mini\"><span class=\"a-list-item\">Bo\u00eetier PC ATX Showcase : affichez votre mat\u00e9riel de jeu avec style avec les trois panneaux en verre tremp\u00e9. Le verre avant, sup\u00e9rieur et lat\u00e9ral se fondent parfaitement pour cr\u00e9er une vue panoramique.<\/span><\/li>\n<li class=\"a-spacing-mini\"><span class=\"a-list-item\">Gestion am\u00e9lior\u00e9e des c\u00e2bles : pour une organisation sans effort des c\u00e2bles, l&#8217;\u00e9tui pour PC de jeu compact Lian Li O11 Vision en noir dispose d&#8217;une chambre secondaire am\u00e9lior\u00e9e avec des clips double couche et un couvercle amovible.<\/span><\/li>\n<li class=\"a-spacing-mini\"><span class=\"a-list-item\">Couvercle sup\u00e9rieur interchangeable : remplacez le couvercle sup\u00e9rieur pour transformer le Vision Compact en un bo\u00eetier PC qui prend en charge 11 ventilateurs et trois radiateurs de 360 mm pour un refroidissement maximal.<\/span><\/li>\n<\/ul>\n","protected":false},"featured_media":8051,"comment_status":"open","ping_status":"closed","template":"","meta":[],"product_brand":[],"product_cat":[71],"product_tag":[75],"class_list":{"0":"post-8048","1":"product","2":"type-product","3":"status-publish","4":"has-post-thumbnail","6":"product_cat-boitier","7":"product_tag-case","9":"first","10":"instock","11":"shipping-taxable","12":"purchasable","13":"product-type-simple"},"yoast_head":"<!-- This site is optimized with the Yoast SEO plugin v26.4 - https:\/\/yoast.com\/wordpress\/plugins\/seo\/ -->\n<title>Lian Li O11 Vision Compact Torre E-ATX Cristal Templado USB-C 3.0 Blanca - ProPlaystore<\/title>\n<meta name=\"robots\" content=\"index, follow, max-snippet:-1, max-image-preview:large, max-video-preview:-1\" \/>\n<link rel=\"canonical\" href=\"https:\/\/proplaystore.lu\/index.php\/produit\/lian-li-o11-vision-compact-torre-e-atx-cristal-templado-usb-c-3-0-blanca\/\" \/>\n<meta property=\"og:locale\" content=\"en_US\" \/>\n<meta property=\"og:type\" content=\"article\" \/>\n<meta property=\"og:title\" content=\"Lian Li O11 Vision Compact Torre E-ATX Cristal Templado USB-C 3.0 Blanca - ProPlaystore\" \/>\n<meta property=\"og:description\" content=\"Nouveau mod\u00e8le : le bo\u00eetier Lian Li O11 Vision Compact est l&#039;un des derniers bo\u00eetiers PC de la s\u00e9rie pour tour moyenne. Ce bo\u00eetier PC style aquarium dispose d&#039;un design \u00e0 deux compartiments pour un look propre et sans encombrement.  Support mat\u00e9riel complet : l&#039;int\u00e9rieur peut accueillir une large gamme de mat\u00e9riel de refroidissement et de jeu, y compris des radiateurs de 360 mm, des GPU de 408 mm mont\u00e9s verticalement (kit vendu s\u00e9par\u00e9ment) et des cartes m\u00e8res E-ATX (jusqu&#039;\u00e0 280 mm).  Bo\u00eetier PC ATX Showcase : affichez votre mat\u00e9riel de jeu avec style avec les trois panneaux en verre tremp\u00e9. Le verre avant, sup\u00e9rieur et lat\u00e9ral se fondent parfaitement pour cr\u00e9er une vue panoramique.  Gestion am\u00e9lior\u00e9e des c\u00e2bles : pour une organisation sans effort des c\u00e2bles, l&#039;\u00e9tui pour PC de jeu compact Lian Li O11 Vision en noir dispose d&#039;une chambre secondaire am\u00e9lior\u00e9e avec des clips double couche et un couvercle amovible.  Couvercle sup\u00e9rieur interchangeable : remplacez le couvercle sup\u00e9rieur pour transformer le Vision Compact en un bo\u00eetier PC qui prend en charge 11 ventilateurs et trois radiateurs de 360 mm pour un refroidissement maximal.\" \/>\n<meta property=\"og:url\" content=\"https:\/\/proplaystore.lu\/index.php\/produit\/lian-li-o11-vision-compact-torre-e-atx-cristal-templado-usb-c-3-0-blanca\/\" \/>\n<meta property=\"og:site_name\" content=\"ProPlaystore\" \/>\n<meta property=\"article:modified_time\" content=\"2025-08-22T21:24:15+00:00\" \/>\n<meta property=\"og:image\" content=\"https:\/\/proplaystore.lu\/wp-content\/uploads\/2025\/08\/71pRbo-ynJL._AC_SX679_.jpg\" \/>\n\t<meta property=\"og:image:width\" content=\"679\" \/>\n\t<meta property=\"og:image:height\" content=\"720\" \/>\n\t<meta property=\"og:image:type\" content=\"image\/jpeg\" \/>\n<meta name=\"twitter:card\" content=\"summary_large_image\" \/>\n<meta name=\"twitter:label1\" content=\"Est. reading time\" \/>\n\t<meta name=\"twitter:data1\" content=\"1 minute\" \/>\n<script type=\"application\/ld+json\" class=\"yoast-schema-graph\">{\"@context\":\"https:\/\/schema.org\",\"@graph\":[{\"@type\":\"WebPage\",\"@id\":\"https:\/\/proplaystore.lu\/index.php\/produit\/lian-li-o11-vision-compact-torre-e-atx-cristal-templado-usb-c-3-0-blanca\/\",\"url\":\"https:\/\/proplaystore.lu\/index.php\/produit\/lian-li-o11-vision-compact-torre-e-atx-cristal-templado-usb-c-3-0-blanca\/\",\"name\":\"Lian Li O11 Vision Compact Torre E-ATX Cristal Templado USB-C 3.0 Blanca - ProPlaystore\",\"isPartOf\":{\"@id\":\"https:\/\/proplaystore.lu\/#website\"},\"primaryImageOfPage\":{\"@id\":\"https:\/\/proplaystore.lu\/index.php\/produit\/lian-li-o11-vision-compact-torre-e-atx-cristal-templado-usb-c-3-0-blanca\/#primaryimage\"},\"image\":{\"@id\":\"https:\/\/proplaystore.lu\/index.php\/produit\/lian-li-o11-vision-compact-torre-e-atx-cristal-templado-usb-c-3-0-blanca\/#primaryimage\"},\"thumbnailUrl\":\"https:\/\/proplaystore.lu\/wp-content\/uploads\/2025\/08\/71pRbo-ynJL._AC_SX679_.jpg\",\"datePublished\":\"2025-08-22T21:23:04+00:00\",\"dateModified\":\"2025-08-22T21:24:15+00:00\",\"breadcrumb\":{\"@id\":\"https:\/\/proplaystore.lu\/index.php\/produit\/lian-li-o11-vision-compact-torre-e-atx-cristal-templado-usb-c-3-0-blanca\/#breadcrumb\"},\"inLanguage\":\"en-US\",\"potentialAction\":[{\"@type\":\"ReadAction\",\"target\":[\"https:\/\/proplaystore.lu\/index.php\/produit\/lian-li-o11-vision-compact-torre-e-atx-cristal-templado-usb-c-3-0-blanca\/\"]}]},{\"@type\":\"ImageObject\",\"inLanguage\":\"en-US\",\"@id\":\"https:\/\/proplaystore.lu\/index.php\/produit\/lian-li-o11-vision-compact-torre-e-atx-cristal-templado-usb-c-3-0-blanca\/#primaryimage\",\"url\":\"https:\/\/proplaystore.lu\/wp-content\/uploads\/2025\/08\/71pRbo-ynJL._AC_SX679_.jpg\",\"contentUrl\":\"https:\/\/proplaystore.lu\/wp-content\/uploads\/2025\/08\/71pRbo-ynJL._AC_SX679_.jpg\",\"width\":679,\"height\":720},{\"@type\":\"BreadcrumbList\",\"@id\":\"https:\/\/proplaystore.lu\/index.php\/produit\/lian-li-o11-vision-compact-torre-e-atx-cristal-templado-usb-c-3-0-blanca\/#breadcrumb\",\"itemListElement\":[{\"@type\":\"ListItem\",\"position\":1,\"name\":\"Accueil\",\"item\":\"https:\/\/proplaystore.lu\/\"},{\"@type\":\"ListItem\",\"position\":2,\"name\":\"Shop\",\"item\":\"https:\/\/proplaystore.lu\/index.php\/shop\/\"},{\"@type\":\"ListItem\",\"position\":3,\"name\":\"Lian Li O11 Vision Compact Torre E-ATX Cristal Templado USB-C 3.0 Blanca\"}]},{\"@type\":\"WebSite\",\"@id\":\"https:\/\/proplaystore.lu\/#website\",\"url\":\"https:\/\/proplaystore.lu\/\",\"name\":\"ProPlaystore\",\"description\":\"proplaysre\",\"potentialAction\":[{\"@type\":\"SearchAction\",\"target\":{\"@type\":\"EntryPoint\",\"urlTemplate\":\"https:\/\/proplaystore.lu\/?s={search_term_string}\"},\"query-input\":{\"@type\":\"PropertyValueSpecification\",\"valueRequired\":true,\"valueName\":\"search_term_string\"}}],\"inLanguage\":\"en-US\"}]}<\/script>\n<!-- \/ Yoast SEO plugin. -->","yoast_head_json":{"title":"Lian Li O11 Vision Compact Torre E-ATX Cristal Templado USB-C 3.0 Blanca - ProPlaystore","robots":{"index":"index","follow":"follow","max-snippet":"max-snippet:-1","max-image-preview":"max-image-preview:large","max-video-preview":"max-video-preview:-1"},"canonical":"https:\/\/proplaystore.lu\/index.php\/produit\/lian-li-o11-vision-compact-torre-e-atx-cristal-templado-usb-c-3-0-blanca\/","og_locale":"en_US","og_type":"article","og_title":"Lian Li O11 Vision Compact Torre E-ATX Cristal Templado USB-C 3.0 Blanca - ProPlaystore","og_description":"Nouveau mod\u00e8le : le bo\u00eetier Lian Li O11 Vision Compact est l'un des derniers bo\u00eetiers PC de la s\u00e9rie pour tour moyenne. Ce bo\u00eetier PC style aquarium dispose d'un design \u00e0 deux compartiments pour un look propre et sans encombrement.  Support mat\u00e9riel complet : l'int\u00e9rieur peut accueillir une large gamme de mat\u00e9riel de refroidissement et de jeu, y compris des radiateurs de 360 mm, des GPU de 408 mm mont\u00e9s verticalement (kit vendu s\u00e9par\u00e9ment) et des cartes m\u00e8res E-ATX (jusqu'\u00e0 280 mm).  Bo\u00eetier PC ATX Showcase : affichez votre mat\u00e9riel de jeu avec style avec les trois panneaux en verre tremp\u00e9. Le verre avant, sup\u00e9rieur et lat\u00e9ral se fondent parfaitement pour cr\u00e9er une vue panoramique.  Gestion am\u00e9lior\u00e9e des c\u00e2bles : pour une organisation sans effort des c\u00e2bles, l'\u00e9tui pour PC de jeu compact Lian Li O11 Vision en noir dispose d'une chambre secondaire am\u00e9lior\u00e9e avec des clips double couche et un couvercle amovible.  Couvercle sup\u00e9rieur interchangeable : remplacez le couvercle sup\u00e9rieur pour transformer le Vision Compact en un bo\u00eetier PC qui prend en charge 11 ventilateurs et trois radiateurs de 360 mm pour un refroidissement maximal.","og_url":"https:\/\/proplaystore.lu\/index.php\/produit\/lian-li-o11-vision-compact-torre-e-atx-cristal-templado-usb-c-3-0-blanca\/","og_site_name":"ProPlaystore","article_modified_time":"2025-08-22T21:24:15+00:00","og_image":[{"width":679,"height":720,"url":"https:\/\/proplaystore.lu\/wp-content\/uploads\/2025\/08\/71pRbo-ynJL._AC_SX679_.jpg","type":"image\/jpeg"}],"twitter_card":"summary_large_image","twitter_misc":{"Est. reading time":"1 minute"},"schema":{"@context":"https:\/\/schema.org","@graph":[{"@type":"WebPage","@id":"https:\/\/proplaystore.lu\/index.php\/produit\/lian-li-o11-vision-compact-torre-e-atx-cristal-templado-usb-c-3-0-blanca\/","url":"https:\/\/proplaystore.lu\/index.php\/produit\/lian-li-o11-vision-compact-torre-e-atx-cristal-templado-usb-c-3-0-blanca\/","name":"Lian Li O11 Vision Compact Torre E-ATX Cristal Templado USB-C 3.0 Blanca - ProPlaystore","isPartOf":{"@id":"https:\/\/proplaystore.lu\/#website"},"primaryImageOfPage":{"@id":"https:\/\/proplaystore.lu\/index.php\/produit\/lian-li-o11-vision-compact-torre-e-atx-cristal-templado-usb-c-3-0-blanca\/#primaryimage"},"image":{"@id":"https:\/\/proplaystore.lu\/index.php\/produit\/lian-li-o11-vision-compact-torre-e-atx-cristal-templado-usb-c-3-0-blanca\/#primaryimage"},"thumbnailUrl":"https:\/\/proplaystore.lu\/wp-content\/uploads\/2025\/08\/71pRbo-ynJL._AC_SX679_.jpg","datePublished":"2025-08-22T21:23:04+00:00","dateModified":"2025-08-22T21:24:15+00:00","breadcrumb":{"@id":"https:\/\/proplaystore.lu\/index.php\/produit\/lian-li-o11-vision-compact-torre-e-atx-cristal-templado-usb-c-3-0-blanca\/#breadcrumb"},"inLanguage":"en-US","potentialAction":[{"@type":"ReadAction","target":["https:\/\/proplaystore.lu\/index.php\/produit\/lian-li-o11-vision-compact-torre-e-atx-cristal-templado-usb-c-3-0-blanca\/"]}]},{"@type":"ImageObject","inLanguage":"en-US","@id":"https:\/\/proplaystore.lu\/index.php\/produit\/lian-li-o11-vision-compact-torre-e-atx-cristal-templado-usb-c-3-0-blanca\/#primaryimage","url":"https:\/\/proplaystore.lu\/wp-content\/uploads\/2025\/08\/71pRbo-ynJL._AC_SX679_.jpg","contentUrl":"https:\/\/proplaystore.lu\/wp-content\/uploads\/2025\/08\/71pRbo-ynJL._AC_SX679_.jpg","width":679,"height":720},{"@type":"BreadcrumbList","@id":"https:\/\/proplaystore.lu\/index.php\/produit\/lian-li-o11-vision-compact-torre-e-atx-cristal-templado-usb-c-3-0-blanca\/#breadcrumb","itemListElement":[{"@type":"ListItem","position":1,"name":"Accueil","item":"https:\/\/proplaystore.lu\/"},{"@type":"ListItem","position":2,"name":"Shop","item":"https:\/\/proplaystore.lu\/index.php\/shop\/"},{"@type":"ListItem","position":3,"name":"Lian Li O11 Vision Compact Torre E-ATX Cristal Templado USB-C 3.0 Blanca"}]},{"@type":"WebSite","@id":"https:\/\/proplaystore.lu\/#website","url":"https:\/\/proplaystore.lu\/","name":"ProPlaystore","description":"proplaysre","potentialAction":[{"@type":"SearchAction","target":{"@type":"EntryPoint","urlTemplate":"https:\/\/proplaystore.lu\/?s={search_term_string}"},"query-input":{"@type":"PropertyValueSpecification","valueRequired":true,"valueName":"search_term_string"}}],"inLanguage":"en-US"}]}},"_links":{"self":[{"href":"https:\/\/proplaystore.lu\/index.php\/wp-json\/wp\/v2\/product\/8048","targetHints":{"allow":["GET"]}}],"collection":[{"href":"https:\/\/proplaystore.lu\/index.php\/wp-json\/wp\/v2\/product"}],"about":[{"href":"https:\/\/proplaystore.lu\/index.php\/wp-json\/wp\/v2\/types\/product"}],"replies":[{"embeddable":true,"href":"https:\/\/proplaystore.lu\/index.php\/wp-json\/wp\/v2\/comments?post=8048"}],"wp:featuredmedia":[{"embeddable":true,"href":"https:\/\/proplaystore.lu\/index.php\/wp-json\/wp\/v2\/media\/8051"}],"wp:attachment":[{"href":"https:\/\/proplaystore.lu\/index.php\/wp-json\/wp\/v2\/media?parent=8048"}],"wp:term":[{"taxonomy":"product_brand","embeddable":true,"href":"https:\/\/proplaystore.lu\/index.php\/wp-json\/wp\/v2\/product_brand?post=8048"},{"taxonomy":"product_cat","embeddable":true,"href":"https:\/\/proplaystore.lu\/index.php\/wp-json\/wp\/v2\/product_cat?post=8048"},{"taxonomy":"product_tag","embeddable":true,"href":"https:\/\/proplaystore.lu\/index.php\/wp-json\/wp\/v2\/product_tag?post=8048"}],"curies":[{"name":"wp","href":"https:\/\/api.w.org\/{rel}","templated":true}]}}