{"id":8059,"date":"2025-08-22T21:27:11","date_gmt":"2025-08-22T21:27:11","guid":{"rendered":"https:\/\/proplaystore.lu\/?post_type=product&#038;p=8059"},"modified":"2025-08-22T21:28:46","modified_gmt":"2025-08-22T21:28:46","slug":"mars-gaming-mc-infinio-boitier-gaming-atx-verre-trempe-courbe-sans-cadre-2x-ventilateurs-argb-120mm-montage-vertical-cartes-graphiques-support-refroidissement-liquide-jusqua-360mm-usb-c-2","status":"publish","type":"product","link":"https:\/\/proplaystore.lu\/index.php\/produit\/mars-gaming-mc-infinio-boitier-gaming-atx-verre-trempe-courbe-sans-cadre-2x-ventilateurs-argb-120mm-montage-vertical-cartes-graphiques-support-refroidissement-liquide-jusqua-360mm-usb-c-2\/","title":{"rendered":"MARS GAMING MC-INFINIO, Bo\u00eetier Gaming ATX, Verre Tremp\u00e9 Courb\u00e9 sans Cadre, 2X Ventilateurs ARGB 120mm, Montage Vertical Cartes Graphiques, Support Refroidissement Liquide Jusqu\u2019\u00e0 360mm, USB-C, Noir"},"content":{"rendered":"<h2 data-start=\"1558\" data-end=\"1580\"><strong data-start=\"1561\" data-end=\"1580\">Fiche technique<\/strong><\/h2>\n<table class=\"a-normal a-spacing-micro\" role=\"list\">\n<tbody>\n<tr class=\"a-spacing-small po-brand\" role=\"listitem\">\n<td class=\"a-span3\" role=\"presentation\"><span class=\"a-size-base a-text-bold\">Marque<\/span><\/td>\n<td class=\"a-span9\" role=\"presentation\"><span class=\"a-size-base po-break-word\">Mars Gaming<\/span><\/td>\n<\/tr>\n<tr class=\"a-spacing-small po-supported_motherboard\" role=\"listitem\">\n<td class=\"a-span3\" role=\"presentation\"><span class=\"a-size-base a-text-bold\">Compatibilit\u00e9 de la carte m\u00e8re<\/span><\/td>\n<td class=\"a-span9\" role=\"presentation\"><span class=\"a-size-base po-break-word\">ATX, Micro ATX, Mini ITX<\/span><\/td>\n<\/tr>\n<tr class=\"a-spacing-small po-case.type\" role=\"listitem\">\n<td class=\"a-span3\" role=\"presentation\"><span class=\"a-size-base a-text-bold\">Type de cas<\/span><\/td>\n<td class=\"a-span9\" role=\"presentation\"><span class=\"a-size-base po-break-word\">Tour<\/span><\/td>\n<\/tr>\n<tr class=\"a-spacing-small po-recommended_uses_for_product\" role=\"listitem\">\n<td class=\"a-span3\" role=\"presentation\"><span class=\"a-size-base a-text-bold\">Usages recommand\u00e9s pour le produit<\/span><\/td>\n<td class=\"a-span9\" role=\"presentation\"><span class=\"a-size-base po-break-word\">Commercial, Entreprise, Jeu, Jeux vid\u00e9o, Personnel<\/span><\/td>\n<\/tr>\n<tr class=\"a-spacing-small po-color\" role=\"listitem\">\n<td class=\"a-span3\" role=\"presentation\"><span class=\"a-size-base a-text-bold\">Couleur<\/span><\/td>\n<td class=\"a-span9\" role=\"presentation\"><span class=\"a-size-base po-break-word\">Noir<\/span><\/td>\n<\/tr>\n<tr class=\"a-spacing-small po-material\" role=\"listitem\">\n<td class=\"a-span3\" role=\"presentation\"><span class=\"a-size-base a-text-bold\">Mat\u00e9riau<\/span><\/td>\n<td class=\"a-span9\" role=\"presentation\"><span class=\"a-size-base po-break-word\">Acier alli\u00e9, Verre tremp\u00e9<\/span><\/td>\n<\/tr>\n<tr class=\"a-spacing-small po-power_supply_mounting_type\" role=\"listitem\">\n<td class=\"a-span3\" role=\"presentation\"><span class=\"a-size-base a-text-bold\">Type de fixation de l&#8217;alimentation<\/span><\/td>\n<td class=\"a-span9\" role=\"presentation\"><span class=\"a-size-base po-break-word\">Montage inf\u00e9rieur<\/span><\/td>\n<\/tr>\n<tr class=\"a-spacing-small po-cooling_method\" role=\"listitem\">\n<td class=\"a-span3\" role=\"presentation\"><span class=\"a-size-base a-text-bold\">M\u00e9thode de refroidissement<\/span><\/td>\n<td class=\"a-span9\" role=\"presentation\"><span class=\"a-size-base po-break-word\">Eau<\/span><\/td>\n<\/tr>\n<tr class=\"a-spacing-small po-model_name\" role=\"listitem\">\n<td class=\"a-span3\" role=\"presentation\"><span class=\"a-size-base a-text-bold\">Nom de mod\u00e8le<\/span><\/td>\n<td class=\"a-span9\" role=\"presentation\"><span class=\"a-size-base po-break-word\">MCINFINIO<\/span><\/td>\n<\/tr>\n<tr class=\"a-spacing-small po-item_weight\" role=\"listitem\">\n<td class=\"a-span3\" role=\"presentation\"><span class=\"a-size-base a-text-bold\">Poids de l&#8217;article<\/span><\/td>\n<td class=\"a-span9\" role=\"presentation\"><span class=\"a-size-base po-break-word\">8,2 Kilogrammes<\/span><\/td>\n<\/tr>\n<\/tbody>\n<\/table>\n<p>&nbsp;<\/p>\n<p>&nbsp;<\/p>\n<p>&nbsp;<\/p>\n<p>&nbsp;<\/p>\n<p>&nbsp;<\/p>\n<p>&nbsp;<\/p>\n<p>&nbsp;<\/p>\n","protected":false},"excerpt":{"rendered":"<ul class=\"a-unordered-list a-vertical a-spacing-mini\">\n<li class=\"a-spacing-mini\"><span class=\"a-list-item\">Support mat\u00e9riel complet : l&#8217;int\u00e9rieur peut accueillir une large gamme de mat\u00e9riel de refroidissement et de jeu, y compris des radiateurs de 360 mm, des GPU de 408 mm mont\u00e9s verticalement (kit vendu s\u00e9par\u00e9ment) et des cartes m\u00e8res E-ATX (jusqu&#8217;\u00e0 280 mm).<\/span><\/li>\n<li class=\"a-spacing-mini\"><span class=\"a-list-item\">DESIGN IMMERSIF ET CAPACIT\u00c9 MAXIMALE : Le bo\u00eetier PC MC-INFINIO int\u00e8gre un verre tremp\u00e9 courb\u00e9 horizontal sans cadre, con\u00e7u en une seule pi\u00e8ce, accompagn\u00e9 d\u2019un panneau sup\u00e9rieur en verre, offrant une vue panoramique sur l\u2019int\u00e9rieur; Il est compatible avec les cartes m\u00e8res ATX, MicroATX et Mini-ITX, ainsi qu\u2019avec les cartes graphiques jusqu\u2019\u00e0 383mm de longueur, 155mm de largeur et les dissipateurs CPU jusqu\u2019\u00e0 165mm de hauteur, et comprend 7 slots d\u2019extension ainsi que des baies internes pour 1x HDD 3.5\u201d et 3x SSD 2.5\u201d<\/span><\/li>\n<li class=\"a-spacing-mini\"><span class=\"a-list-item\">REFROIDISSEMENT AVANC\u00c9 ARGB : La tour ATX MC-INFINIO comprend 2 ventilateurs ARGB arri\u00e8re pr\u00e9install\u00e9s de 120mm, un HUB ARGB avec t\u00e9l\u00e9commande, un support pour le refroidissement liquide jusqu\u2019\u00e0 360mm et la possibilit\u00e9 d\u2019installer jusqu\u2019\u00e0 8 ventilateurs de 120mm; Son syst\u00e8me d\u2019\u00e9clairage ARGB est totalement compatible avec les cartes m\u00e8res et contr\u00f4leurs ARGB, y compris ceux avec connecteurs invers\u00e9s<\/span><\/li>\n<li class=\"a-spacing-mini\"><span class=\"a-list-item\">MONTAGE VERTICAL DES CARTES GRAPHIQUES : Le bo\u00eetier ATX MC-INFINIO inclut une structure en acier pour l\u2019installation verticale des GPU, optimisant l\u2019espace, am\u00e9liorant le flux d\u2019air et garantissant une stabilit\u00e9 maximale; Compl\u00e9tez l\u2019installation avec un c\u00e2ble GPU Riser (non inclus) et profitez d\u2019un montage professionnel et efficace<\/span><\/li>\n<li class=\"a-spacing-mini\"><span class=\"a-list-item\">COMPATIBILIT\u00c9 AVEC LES CARTES M\u00c8RES \u00c0 CONNECTEUR INVERS\u00c9 : La tour Mars Gaming MC-INFINIO est totalement compatible avec les cartes m\u00e8res \u00e0 connecteur invers\u00e9, permettant une gestion optimis\u00e9e du c\u00e2blage; Cette conception am\u00e9liore le flux d\u2019air et optimise l\u2019esth\u00e9tique interne, garantissant des performances thermiques sup\u00e9rieures<\/span><\/li>\n<li class=\"a-spacing-mini\"><span class=\"a-list-item\">COMPATIBILIT\u00c9 ARGB ET CONNECTIVIT\u00c9 DE DERNI\u00c8RE G\u00c9N\u00c9RATION : La tour PC MC-INFINIO est totalement compatible avec les cartes m\u00e8res et contr\u00f4leurs ARGB, assurant une synchronisation parfaite avec le reste de votre setup; De plus, elle int\u00e8gre un panneau inf\u00e9rieur avec ports USB-C, USB 3.0, USB 2.0, HD Audio et Microphone, ainsi qu\u2019un syst\u00e8me de gestion du c\u00e2blage interne<\/span><\/li>\n<li class=\"a-spacing-mini\"><\/li>\n<\/ul>\n","protected":false},"featured_media":8064,"comment_status":"open","ping_status":"closed","template":"","meta":[],"product_brand":[],"product_cat":[71],"product_tag":[75],"class_list":{"0":"post-8059","1":"product","2":"type-product","3":"status-publish","4":"has-post-thumbnail","6":"product_cat-boitier","7":"product_tag-case","9":"first","10":"instock","11":"shipping-taxable","12":"purchasable","13":"product-type-simple"},"yoast_head":"<!-- This site is optimized with the Yoast SEO plugin v26.4 - https:\/\/yoast.com\/wordpress\/plugins\/seo\/ -->\n<title>MARS GAMING MC-INFINIO, Bo\u00eetier Gaming ATX, Verre Tremp\u00e9 Courb\u00e9 sans Cadre, 2X Ventilateurs ARGB 120mm, Montage Vertical Cartes Graphiques, Support Refroidissement Liquide Jusqu\u2019\u00e0 360mm, USB-C, Noir - ProPlaystore<\/title>\n<meta name=\"robots\" content=\"index, follow, max-snippet:-1, max-image-preview:large, max-video-preview:-1\" \/>\n<link rel=\"canonical\" href=\"https:\/\/proplaystore.lu\/index.php\/produit\/mars-gaming-mc-infinio-boitier-gaming-atx-verre-trempe-courbe-sans-cadre-2x-ventilateurs-argb-120mm-montage-vertical-cartes-graphiques-support-refroidissement-liquide-jusqua-360mm-usb-c-2\/\" \/>\n<meta property=\"og:locale\" content=\"en_US\" \/>\n<meta property=\"og:type\" content=\"article\" \/>\n<meta property=\"og:title\" content=\"MARS GAMING MC-INFINIO, Bo\u00eetier Gaming ATX, Verre Tremp\u00e9 Courb\u00e9 sans Cadre, 2X Ventilateurs ARGB 120mm, Montage Vertical Cartes Graphiques, Support Refroidissement Liquide Jusqu\u2019\u00e0 360mm, USB-C, Noir - ProPlaystore\" \/>\n<meta property=\"og:description\" content=\"Support mat\u00e9riel complet : l&#039;int\u00e9rieur peut accueillir une large gamme de mat\u00e9riel de refroidissement et de jeu, y compris des radiateurs de 360 mm, des GPU de 408 mm mont\u00e9s verticalement (kit vendu s\u00e9par\u00e9ment) et des cartes m\u00e8res E-ATX (jusqu&#039;\u00e0 280 mm).  DESIGN IMMERSIF ET CAPACIT\u00c9 MAXIMALE : Le bo\u00eetier PC MC-INFINIO int\u00e8gre un verre tremp\u00e9 courb\u00e9 horizontal sans cadre, con\u00e7u en une seule pi\u00e8ce, accompagn\u00e9 d\u2019un panneau sup\u00e9rieur en verre, offrant une vue panoramique sur l\u2019int\u00e9rieur; Il est compatible avec les cartes m\u00e8res ATX, MicroATX et Mini-ITX, ainsi qu\u2019avec les cartes graphiques jusqu\u2019\u00e0 383mm de longueur, 155mm de largeur et les dissipateurs CPU jusqu\u2019\u00e0 165mm de hauteur, et comprend 7 slots d\u2019extension ainsi que des baies internes pour 1x HDD 3.5\u201d et 3x SSD 2.5\u201d  REFROIDISSEMENT AVANC\u00c9 ARGB : La tour ATX MC-INFINIO comprend 2 ventilateurs ARGB arri\u00e8re pr\u00e9install\u00e9s de 120mm, un HUB ARGB avec t\u00e9l\u00e9commande, un support pour le refroidissement liquide jusqu\u2019\u00e0 360mm et la possibilit\u00e9 d\u2019installer jusqu\u2019\u00e0 8 ventilateurs de 120mm; Son syst\u00e8me d\u2019\u00e9clairage ARGB est totalement compatible avec les cartes m\u00e8res et contr\u00f4leurs ARGB, y compris ceux avec connecteurs invers\u00e9s  MONTAGE VERTICAL DES CARTES GRAPHIQUES : Le bo\u00eetier ATX MC-INFINIO inclut une structure en acier pour l\u2019installation verticale des GPU, optimisant l\u2019espace, am\u00e9liorant le flux d\u2019air et garantissant une stabilit\u00e9 maximale; Compl\u00e9tez l\u2019installation avec un c\u00e2ble GPU Riser (non inclus) et profitez d\u2019un montage professionnel et efficace  COMPATIBILIT\u00c9 AVEC LES CARTES M\u00c8RES \u00c0 CONNECTEUR INVERS\u00c9 : La tour Mars Gaming MC-INFINIO est totalement compatible avec les cartes m\u00e8res \u00e0 connecteur invers\u00e9, permettant une gestion optimis\u00e9e du c\u00e2blage; Cette conception am\u00e9liore le flux d\u2019air et optimise l\u2019esth\u00e9tique interne, garantissant des performances thermiques sup\u00e9rieures  COMPATIBILIT\u00c9 ARGB ET CONNECTIVIT\u00c9 DE DERNI\u00c8RE G\u00c9N\u00c9RATION : La tour PC MC-INFINIO est totalement compatible avec les cartes m\u00e8res et contr\u00f4leurs ARGB, assurant une synchronisation parfaite avec le reste de votre setup; De plus, elle int\u00e8gre un panneau inf\u00e9rieur avec ports USB-C, USB 3.0, USB 2.0, HD Audio et Microphone, ainsi qu\u2019un syst\u00e8me de gestion du c\u00e2blage interne\" \/>\n<meta property=\"og:url\" content=\"https:\/\/proplaystore.lu\/index.php\/produit\/mars-gaming-mc-infinio-boitier-gaming-atx-verre-trempe-courbe-sans-cadre-2x-ventilateurs-argb-120mm-montage-vertical-cartes-graphiques-support-refroidissement-liquide-jusqua-360mm-usb-c-2\/\" \/>\n<meta property=\"og:site_name\" content=\"ProPlaystore\" \/>\n<meta property=\"article:modified_time\" content=\"2025-08-22T21:28:46+00:00\" \/>\n<meta property=\"og:image\" content=\"https:\/\/proplaystore.lu\/wp-content\/uploads\/2025\/08\/716-F2ZDkTL._AC_SX679_.jpg\" \/>\n\t<meta property=\"og:image:width\" content=\"679\" \/>\n\t<meta property=\"og:image:height\" content=\"779\" \/>\n\t<meta property=\"og:image:type\" content=\"image\/jpeg\" \/>\n<meta name=\"twitter:card\" content=\"summary_large_image\" \/>\n<meta name=\"twitter:label1\" content=\"Est. reading time\" \/>\n\t<meta name=\"twitter:data1\" content=\"1 minute\" \/>\n<script type=\"application\/ld+json\" class=\"yoast-schema-graph\">{\"@context\":\"https:\/\/schema.org\",\"@graph\":[{\"@type\":\"WebPage\",\"@id\":\"https:\/\/proplaystore.lu\/index.php\/produit\/mars-gaming-mc-infinio-boitier-gaming-atx-verre-trempe-courbe-sans-cadre-2x-ventilateurs-argb-120mm-montage-vertical-cartes-graphiques-support-refroidissement-liquide-jusqua-360mm-usb-c-2\/\",\"url\":\"https:\/\/proplaystore.lu\/index.php\/produit\/mars-gaming-mc-infinio-boitier-gaming-atx-verre-trempe-courbe-sans-cadre-2x-ventilateurs-argb-120mm-montage-vertical-cartes-graphiques-support-refroidissement-liquide-jusqua-360mm-usb-c-2\/\",\"name\":\"MARS GAMING MC-INFINIO, Bo\u00eetier Gaming ATX, Verre Tremp\u00e9 Courb\u00e9 sans Cadre, 2X Ventilateurs ARGB 120mm, Montage Vertical Cartes Graphiques, Support Refroidissement Liquide Jusqu\u2019\u00e0 360mm, USB-C, Noir - ProPlaystore\",\"isPartOf\":{\"@id\":\"https:\/\/proplaystore.lu\/#website\"},\"primaryImageOfPage\":{\"@id\":\"https:\/\/proplaystore.lu\/index.php\/produit\/mars-gaming-mc-infinio-boitier-gaming-atx-verre-trempe-courbe-sans-cadre-2x-ventilateurs-argb-120mm-montage-vertical-cartes-graphiques-support-refroidissement-liquide-jusqua-360mm-usb-c-2\/#primaryimage\"},\"image\":{\"@id\":\"https:\/\/proplaystore.lu\/index.php\/produit\/mars-gaming-mc-infinio-boitier-gaming-atx-verre-trempe-courbe-sans-cadre-2x-ventilateurs-argb-120mm-montage-vertical-cartes-graphiques-support-refroidissement-liquide-jusqua-360mm-usb-c-2\/#primaryimage\"},\"thumbnailUrl\":\"https:\/\/proplaystore.lu\/wp-content\/uploads\/2025\/08\/716-F2ZDkTL._AC_SX679_.jpg\",\"datePublished\":\"2025-08-22T21:27:11+00:00\",\"dateModified\":\"2025-08-22T21:28:46+00:00\",\"breadcrumb\":{\"@id\":\"https:\/\/proplaystore.lu\/index.php\/produit\/mars-gaming-mc-infinio-boitier-gaming-atx-verre-trempe-courbe-sans-cadre-2x-ventilateurs-argb-120mm-montage-vertical-cartes-graphiques-support-refroidissement-liquide-jusqua-360mm-usb-c-2\/#breadcrumb\"},\"inLanguage\":\"en-US\",\"potentialAction\":[{\"@type\":\"ReadAction\",\"target\":[\"https:\/\/proplaystore.lu\/index.php\/produit\/mars-gaming-mc-infinio-boitier-gaming-atx-verre-trempe-courbe-sans-cadre-2x-ventilateurs-argb-120mm-montage-vertical-cartes-graphiques-support-refroidissement-liquide-jusqua-360mm-usb-c-2\/\"]}]},{\"@type\":\"ImageObject\",\"inLanguage\":\"en-US\",\"@id\":\"https:\/\/proplaystore.lu\/index.php\/produit\/mars-gaming-mc-infinio-boitier-gaming-atx-verre-trempe-courbe-sans-cadre-2x-ventilateurs-argb-120mm-montage-vertical-cartes-graphiques-support-refroidissement-liquide-jusqua-360mm-usb-c-2\/#primaryimage\",\"url\":\"https:\/\/proplaystore.lu\/wp-content\/uploads\/2025\/08\/716-F2ZDkTL._AC_SX679_.jpg\",\"contentUrl\":\"https:\/\/proplaystore.lu\/wp-content\/uploads\/2025\/08\/716-F2ZDkTL._AC_SX679_.jpg\",\"width\":679,\"height\":779},{\"@type\":\"BreadcrumbList\",\"@id\":\"https:\/\/proplaystore.lu\/index.php\/produit\/mars-gaming-mc-infinio-boitier-gaming-atx-verre-trempe-courbe-sans-cadre-2x-ventilateurs-argb-120mm-montage-vertical-cartes-graphiques-support-refroidissement-liquide-jusqua-360mm-usb-c-2\/#breadcrumb\",\"itemListElement\":[{\"@type\":\"ListItem\",\"position\":1,\"name\":\"Accueil\",\"item\":\"https:\/\/proplaystore.lu\/\"},{\"@type\":\"ListItem\",\"position\":2,\"name\":\"Shop\",\"item\":\"https:\/\/proplaystore.lu\/index.php\/shop\/\"},{\"@type\":\"ListItem\",\"position\":3,\"name\":\"MARS GAMING MC-INFINIO, Bo\u00eetier Gaming ATX, Verre Tremp\u00e9 Courb\u00e9 sans Cadre, 2X Ventilateurs ARGB 120mm, Montage Vertical Cartes Graphiques, Support Refroidissement Liquide Jusqu\u2019\u00e0 360mm, USB-C, Noir\"}]},{\"@type\":\"WebSite\",\"@id\":\"https:\/\/proplaystore.lu\/#website\",\"url\":\"https:\/\/proplaystore.lu\/\",\"name\":\"ProPlaystore\",\"description\":\"proplaysre\",\"potentialAction\":[{\"@type\":\"SearchAction\",\"target\":{\"@type\":\"EntryPoint\",\"urlTemplate\":\"https:\/\/proplaystore.lu\/?s={search_term_string}\"},\"query-input\":{\"@type\":\"PropertyValueSpecification\",\"valueRequired\":true,\"valueName\":\"search_term_string\"}}],\"inLanguage\":\"en-US\"}]}<\/script>\n<!-- \/ Yoast SEO plugin. -->","yoast_head_json":{"title":"MARS GAMING MC-INFINIO, Bo\u00eetier Gaming ATX, Verre Tremp\u00e9 Courb\u00e9 sans Cadre, 2X Ventilateurs ARGB 120mm, Montage Vertical Cartes Graphiques, Support Refroidissement Liquide Jusqu\u2019\u00e0 360mm, USB-C, Noir - ProPlaystore","robots":{"index":"index","follow":"follow","max-snippet":"max-snippet:-1","max-image-preview":"max-image-preview:large","max-video-preview":"max-video-preview:-1"},"canonical":"https:\/\/proplaystore.lu\/index.php\/produit\/mars-gaming-mc-infinio-boitier-gaming-atx-verre-trempe-courbe-sans-cadre-2x-ventilateurs-argb-120mm-montage-vertical-cartes-graphiques-support-refroidissement-liquide-jusqua-360mm-usb-c-2\/","og_locale":"en_US","og_type":"article","og_title":"MARS GAMING MC-INFINIO, Bo\u00eetier Gaming ATX, Verre Tremp\u00e9 Courb\u00e9 sans Cadre, 2X Ventilateurs ARGB 120mm, Montage Vertical Cartes Graphiques, Support Refroidissement Liquide Jusqu\u2019\u00e0 360mm, USB-C, Noir - ProPlaystore","og_description":"Support mat\u00e9riel complet : l'int\u00e9rieur peut accueillir une large gamme de mat\u00e9riel de refroidissement et de jeu, y compris des radiateurs de 360 mm, des GPU de 408 mm mont\u00e9s verticalement (kit vendu s\u00e9par\u00e9ment) et des cartes m\u00e8res E-ATX (jusqu'\u00e0 280 mm).  DESIGN IMMERSIF ET CAPACIT\u00c9 MAXIMALE : Le bo\u00eetier PC MC-INFINIO int\u00e8gre un verre tremp\u00e9 courb\u00e9 horizontal sans cadre, con\u00e7u en une seule pi\u00e8ce, accompagn\u00e9 d\u2019un panneau sup\u00e9rieur en verre, offrant une vue panoramique sur l\u2019int\u00e9rieur; Il est compatible avec les cartes m\u00e8res ATX, MicroATX et Mini-ITX, ainsi qu\u2019avec les cartes graphiques jusqu\u2019\u00e0 383mm de longueur, 155mm de largeur et les dissipateurs CPU jusqu\u2019\u00e0 165mm de hauteur, et comprend 7 slots d\u2019extension ainsi que des baies internes pour 1x HDD 3.5\u201d et 3x SSD 2.5\u201d  REFROIDISSEMENT AVANC\u00c9 ARGB : La tour ATX MC-INFINIO comprend 2 ventilateurs ARGB arri\u00e8re pr\u00e9install\u00e9s de 120mm, un HUB ARGB avec t\u00e9l\u00e9commande, un support pour le refroidissement liquide jusqu\u2019\u00e0 360mm et la possibilit\u00e9 d\u2019installer jusqu\u2019\u00e0 8 ventilateurs de 120mm; Son syst\u00e8me d\u2019\u00e9clairage ARGB est totalement compatible avec les cartes m\u00e8res et contr\u00f4leurs ARGB, y compris ceux avec connecteurs invers\u00e9s  MONTAGE VERTICAL DES CARTES GRAPHIQUES : Le bo\u00eetier ATX MC-INFINIO inclut une structure en acier pour l\u2019installation verticale des GPU, optimisant l\u2019espace, am\u00e9liorant le flux d\u2019air et garantissant une stabilit\u00e9 maximale; Compl\u00e9tez l\u2019installation avec un c\u00e2ble GPU Riser (non inclus) et profitez d\u2019un montage professionnel et efficace  COMPATIBILIT\u00c9 AVEC LES CARTES M\u00c8RES \u00c0 CONNECTEUR INVERS\u00c9 : La tour Mars Gaming MC-INFINIO est totalement compatible avec les cartes m\u00e8res \u00e0 connecteur invers\u00e9, permettant une gestion optimis\u00e9e du c\u00e2blage; Cette conception am\u00e9liore le flux d\u2019air et optimise l\u2019esth\u00e9tique interne, garantissant des performances thermiques sup\u00e9rieures  COMPATIBILIT\u00c9 ARGB ET CONNECTIVIT\u00c9 DE DERNI\u00c8RE G\u00c9N\u00c9RATION : La tour PC MC-INFINIO est totalement compatible avec les cartes m\u00e8res et contr\u00f4leurs ARGB, assurant une synchronisation parfaite avec le reste de votre setup; De plus, elle int\u00e8gre un panneau inf\u00e9rieur avec ports USB-C, USB 3.0, USB 2.0, HD Audio et Microphone, ainsi qu\u2019un syst\u00e8me de gestion du c\u00e2blage interne","og_url":"https:\/\/proplaystore.lu\/index.php\/produit\/mars-gaming-mc-infinio-boitier-gaming-atx-verre-trempe-courbe-sans-cadre-2x-ventilateurs-argb-120mm-montage-vertical-cartes-graphiques-support-refroidissement-liquide-jusqua-360mm-usb-c-2\/","og_site_name":"ProPlaystore","article_modified_time":"2025-08-22T21:28:46+00:00","og_image":[{"width":679,"height":779,"url":"https:\/\/proplaystore.lu\/wp-content\/uploads\/2025\/08\/716-F2ZDkTL._AC_SX679_.jpg","type":"image\/jpeg"}],"twitter_card":"summary_large_image","twitter_misc":{"Est. reading time":"1 minute"},"schema":{"@context":"https:\/\/schema.org","@graph":[{"@type":"WebPage","@id":"https:\/\/proplaystore.lu\/index.php\/produit\/mars-gaming-mc-infinio-boitier-gaming-atx-verre-trempe-courbe-sans-cadre-2x-ventilateurs-argb-120mm-montage-vertical-cartes-graphiques-support-refroidissement-liquide-jusqua-360mm-usb-c-2\/","url":"https:\/\/proplaystore.lu\/index.php\/produit\/mars-gaming-mc-infinio-boitier-gaming-atx-verre-trempe-courbe-sans-cadre-2x-ventilateurs-argb-120mm-montage-vertical-cartes-graphiques-support-refroidissement-liquide-jusqua-360mm-usb-c-2\/","name":"MARS GAMING MC-INFINIO, Bo\u00eetier Gaming ATX, Verre Tremp\u00e9 Courb\u00e9 sans Cadre, 2X Ventilateurs ARGB 120mm, Montage Vertical Cartes Graphiques, Support Refroidissement Liquide Jusqu\u2019\u00e0 360mm, USB-C, Noir - ProPlaystore","isPartOf":{"@id":"https:\/\/proplaystore.lu\/#website"},"primaryImageOfPage":{"@id":"https:\/\/proplaystore.lu\/index.php\/produit\/mars-gaming-mc-infinio-boitier-gaming-atx-verre-trempe-courbe-sans-cadre-2x-ventilateurs-argb-120mm-montage-vertical-cartes-graphiques-support-refroidissement-liquide-jusqua-360mm-usb-c-2\/#primaryimage"},"image":{"@id":"https:\/\/proplaystore.lu\/index.php\/produit\/mars-gaming-mc-infinio-boitier-gaming-atx-verre-trempe-courbe-sans-cadre-2x-ventilateurs-argb-120mm-montage-vertical-cartes-graphiques-support-refroidissement-liquide-jusqua-360mm-usb-c-2\/#primaryimage"},"thumbnailUrl":"https:\/\/proplaystore.lu\/wp-content\/uploads\/2025\/08\/716-F2ZDkTL._AC_SX679_.jpg","datePublished":"2025-08-22T21:27:11+00:00","dateModified":"2025-08-22T21:28:46+00:00","breadcrumb":{"@id":"https:\/\/proplaystore.lu\/index.php\/produit\/mars-gaming-mc-infinio-boitier-gaming-atx-verre-trempe-courbe-sans-cadre-2x-ventilateurs-argb-120mm-montage-vertical-cartes-graphiques-support-refroidissement-liquide-jusqua-360mm-usb-c-2\/#breadcrumb"},"inLanguage":"en-US","potentialAction":[{"@type":"ReadAction","target":["https:\/\/proplaystore.lu\/index.php\/produit\/mars-gaming-mc-infinio-boitier-gaming-atx-verre-trempe-courbe-sans-cadre-2x-ventilateurs-argb-120mm-montage-vertical-cartes-graphiques-support-refroidissement-liquide-jusqua-360mm-usb-c-2\/"]}]},{"@type":"ImageObject","inLanguage":"en-US","@id":"https:\/\/proplaystore.lu\/index.php\/produit\/mars-gaming-mc-infinio-boitier-gaming-atx-verre-trempe-courbe-sans-cadre-2x-ventilateurs-argb-120mm-montage-vertical-cartes-graphiques-support-refroidissement-liquide-jusqua-360mm-usb-c-2\/#primaryimage","url":"https:\/\/proplaystore.lu\/wp-content\/uploads\/2025\/08\/716-F2ZDkTL._AC_SX679_.jpg","contentUrl":"https:\/\/proplaystore.lu\/wp-content\/uploads\/2025\/08\/716-F2ZDkTL._AC_SX679_.jpg","width":679,"height":779},{"@type":"BreadcrumbList","@id":"https:\/\/proplaystore.lu\/index.php\/produit\/mars-gaming-mc-infinio-boitier-gaming-atx-verre-trempe-courbe-sans-cadre-2x-ventilateurs-argb-120mm-montage-vertical-cartes-graphiques-support-refroidissement-liquide-jusqua-360mm-usb-c-2\/#breadcrumb","itemListElement":[{"@type":"ListItem","position":1,"name":"Accueil","item":"https:\/\/proplaystore.lu\/"},{"@type":"ListItem","position":2,"name":"Shop","item":"https:\/\/proplaystore.lu\/index.php\/shop\/"},{"@type":"ListItem","position":3,"name":"MARS GAMING MC-INFINIO, Bo\u00eetier Gaming ATX, Verre Tremp\u00e9 Courb\u00e9 sans Cadre, 2X Ventilateurs ARGB 120mm, Montage Vertical Cartes Graphiques, Support Refroidissement Liquide Jusqu\u2019\u00e0 360mm, USB-C, Noir"}]},{"@type":"WebSite","@id":"https:\/\/proplaystore.lu\/#website","url":"https:\/\/proplaystore.lu\/","name":"ProPlaystore","description":"proplaysre","potentialAction":[{"@type":"SearchAction","target":{"@type":"EntryPoint","urlTemplate":"https:\/\/proplaystore.lu\/?s={search_term_string}"},"query-input":{"@type":"PropertyValueSpecification","valueRequired":true,"valueName":"search_term_string"}}],"inLanguage":"en-US"}]}},"_links":{"self":[{"href":"https:\/\/proplaystore.lu\/index.php\/wp-json\/wp\/v2\/product\/8059","targetHints":{"allow":["GET"]}}],"collection":[{"href":"https:\/\/proplaystore.lu\/index.php\/wp-json\/wp\/v2\/product"}],"about":[{"href":"https:\/\/proplaystore.lu\/index.php\/wp-json\/wp\/v2\/types\/product"}],"replies":[{"embeddable":true,"href":"https:\/\/proplaystore.lu\/index.php\/wp-json\/wp\/v2\/comments?post=8059"}],"wp:featuredmedia":[{"embeddable":true,"href":"https:\/\/proplaystore.lu\/index.php\/wp-json\/wp\/v2\/media\/8064"}],"wp:attachment":[{"href":"https:\/\/proplaystore.lu\/index.php\/wp-json\/wp\/v2\/media?parent=8059"}],"wp:term":[{"taxonomy":"product_brand","embeddable":true,"href":"https:\/\/proplaystore.lu\/index.php\/wp-json\/wp\/v2\/product_brand?post=8059"},{"taxonomy":"product_cat","embeddable":true,"href":"https:\/\/proplaystore.lu\/index.php\/wp-json\/wp\/v2\/product_cat?post=8059"},{"taxonomy":"product_tag","embeddable":true,"href":"https:\/\/proplaystore.lu\/index.php\/wp-json\/wp\/v2\/product_tag?post=8059"}],"curies":[{"name":"wp","href":"https:\/\/api.w.org\/{rel}","templated":true}]}}