{"id":8071,"date":"2025-08-22T21:31:26","date_gmt":"2025-08-22T21:31:26","guid":{"rendered":"https:\/\/proplaystore.lu\/?post_type=product&#038;p=8071"},"modified":"2025-08-22T21:34:52","modified_gmt":"2025-08-22T21:34:52","slug":"corsair-2000d-airflow-boitier-pc-mini-itx-format-mini-itx-panneaux-en-acier-maille-trois-emplacements-gpu-optimise-pour-le-refroidissement-entrees-sorties-modernes-en-facade-blanc","status":"publish","type":"product","link":"https:\/\/proplaystore.lu\/index.php\/produit\/corsair-2000d-airflow-boitier-pc-mini-itx-format-mini-itx-panneaux-en-acier-maille-trois-emplacements-gpu-optimise-pour-le-refroidissement-entrees-sorties-modernes-en-facade-blanc\/","title":{"rendered":"Corsair 2000D AIRFLOW Bo\u00eetier PC Mini-ITX &#8211; Format Mini-ITX &#8211; Panneaux en Acier Maill\u00e9 &#8211; Trois Emplacements GPU &#8211; Optimis\u00e9 Pour le Refroidissement &#8211; Entr\u00e9es\/Sorties Modernes en Fa\u00e7ade &#8211; Blanc"},"content":{"rendered":"<h2 data-start=\"1558\" data-end=\"1580\"><strong data-start=\"1561\" data-end=\"1580\">Fiche technique<\/strong><\/h2>\n<table class=\"a-normal a-spacing-micro\" role=\"list\">\n<tbody>\n<tr class=\"a-spacing-small po-brand\" role=\"listitem\">\n<td class=\"a-span3\" role=\"presentation\"><span class=\"a-size-base a-text-bold\">Marque<\/span><\/td>\n<td class=\"a-span9\" role=\"presentation\"><span class=\"a-size-base po-break-word\">Corsair<\/span><\/td>\n<\/tr>\n<tr class=\"a-spacing-small po-supported_motherboard\" role=\"listitem\">\n<td class=\"a-span3\" role=\"presentation\"><span class=\"a-size-base a-text-bold\">Compatibilit\u00e9 de la carte m\u00e8re<\/span><\/td>\n<td class=\"a-span9\" role=\"presentation\"><span class=\"a-size-base po-break-word\">Mini ITX<\/span><\/td>\n<\/tr>\n<tr class=\"a-spacing-small po-case.type\" role=\"listitem\">\n<td class=\"a-span3\" role=\"presentation\"><span class=\"a-size-base a-text-bold\">Type de cas<\/span><\/td>\n<td class=\"a-span9\" role=\"presentation\"><span class=\"a-size-base po-break-word\">Tour<\/span><\/td>\n<\/tr>\n<tr class=\"a-spacing-small po-recommended_uses_for_product\" role=\"listitem\">\n<td class=\"a-span3\" role=\"presentation\"><span class=\"a-size-base a-text-bold\">Usages recommand\u00e9s pour le produit<\/span><\/td>\n<td class=\"a-span9\" role=\"presentation\"><span class=\"a-size-base po-break-word\">Jeu<\/span><\/td>\n<\/tr>\n<tr class=\"a-spacing-small po-color\" role=\"listitem\">\n<td class=\"a-span3\" role=\"presentation\"><span class=\"a-size-base a-text-bold\">Couleur<\/span><\/td>\n<td class=\"a-span9\" role=\"presentation\"><span class=\"a-size-base po-break-word\">Blanc<\/span><\/td>\n<\/tr>\n<tr class=\"a-spacing-small po-material\" role=\"listitem\">\n<td class=\"a-span3\" role=\"presentation\"><span class=\"a-size-base a-text-bold\">Mat\u00e9riau<\/span><\/td>\n<td class=\"a-span9\" role=\"presentation\"><span class=\"a-size-base po-break-word\">Acier alli\u00e9<\/span><\/td>\n<\/tr>\n<tr class=\"a-spacing-small po-power_supply_mounting_type\" role=\"listitem\">\n<td class=\"a-span3\" role=\"presentation\"><span class=\"a-size-base a-text-bold\">Type de fixation de l&#8217;alimentation<\/span><\/td>\n<td class=\"a-span9\" role=\"presentation\"><span class=\"a-size-base po-break-word\">Montage inf\u00e9rieur ou arri\u00e8re<\/span><\/td>\n<\/tr>\n<tr class=\"a-spacing-small po-cooling_method\" role=\"listitem\">\n<td class=\"a-span3\" role=\"presentation\"><span class=\"a-size-base a-text-bold\">M\u00e9thode de refroidissement<\/span><\/td>\n<td class=\"a-span9\" role=\"presentation\"><span class=\"a-size-base po-break-word\">Air<\/span><\/td>\n<\/tr>\n<tr class=\"a-spacing-small po-model_name\" role=\"listitem\">\n<td class=\"a-span3\" role=\"presentation\"><span class=\"a-size-base a-text-bold\">Nom de mod\u00e8le<\/span><\/td>\n<td class=\"a-span9\" role=\"presentation\"><span class=\"a-size-base po-break-word\">2000D AIRFLOW<\/span><\/td>\n<\/tr>\n<tr class=\"a-spacing-small po-light_color\" role=\"listitem\">\n<td class=\"a-span3\" role=\"presentation\"><span class=\"a-size-base a-text-bold\">Couleur de la lumi\u00e8re<\/span><\/td>\n<td class=\"a-span9\" role=\"presentation\"><span class=\"a-size-base po-break-word\">RGB<\/span><\/td>\n<\/tr>\n<\/tbody>\n<\/table>\n<p>&nbsp;<\/p>\n<p>&nbsp;<\/p>\n<p>&nbsp;<\/p>\n<p>&nbsp;<\/p>\n<p>&nbsp;<\/p>\n<p>&nbsp;<\/p>\n","protected":false},"excerpt":{"rendered":"<ul class=\"a-unordered-list a-vertical a-spacing-mini\">\n<li class=\"a-spacing-mini\"><span class=\"a-list-item\">Ch\u00e2ssis compact &#8211; Le format Mini-ITX avec un volume de seulement 24,4 litres garantit un encombrement minimal sur ou sous votre bureau, avec des dimensions de 271 mm x 200 mm x 450 mm<\/span><\/li>\n<li class=\"a-spacing-mini\"><span class=\"a-list-item\">Panneaux amovibles \u00e0 flux d\u2019air \u00e9lev\u00e9 &#8211; Les panneaux maill\u00e9s en acier \u00e0 l\u2019avant, sur les c\u00f4t\u00e9s et \u00e0 l\u2019arri\u00e8re assurent une ventilation excellente depuis presque tous les c\u00f4t\u00e9s de votre syst\u00e8me pour un potentiel de refroidissement maximal<\/span><\/li>\n<li class=\"a-spacing-mini\"><span class=\"a-list-item\">Support pour carte graphique \u00e0 trois slots &#8211; Installez ais\u00e9ment une carte graphique \u00e0 trois slots mesurant jusqu\u2019\u00e0 320 mm de long pour obtenir un syst\u00e8me hautes performances occupant un minimum d\u2019espace<\/span><\/li>\n<li class=\"a-spacing-mini\"><span class=\"a-list-item\">Refroidissement ITX extr\u00eame &#8211; L\u2019int\u00e9rieur aux performances de refroidissement optimales permet d\u2019accueillir jusqu\u2019\u00e0 huit ventilateurs de 120 mm ou deux ventilateurs de 140 mm ainsi que plusieurs radiateurs, dont un de 360 mm sur le c\u00f4t\u00e9 et un de 240 mm \u00e0 l\u2019arri\u00e8re (selon la taille de la carte graphique)<\/span><\/li>\n<li class=\"a-spacing-mini\"><span class=\"a-list-item\">Panneau avant E\/S moderne &#8211; Acc\u00e9dez facilement \u00e0 vos connexions, notamment \u00e0 un port USB 3.1 Type C, \u00e0 deux ports USB 3.0 Type-A et \u00e0 une prise audio\/micro combin\u00e9e<\/span><\/li>\n<li class=\"a-spacing-mini\"><\/li>\n<\/ul>\n","protected":false},"featured_media":8078,"comment_status":"open","ping_status":"closed","template":"","meta":[],"product_brand":[],"product_cat":[71],"product_tag":[75],"class_list":{"0":"post-8071","1":"product","2":"type-product","3":"status-publish","4":"has-post-thumbnail","6":"product_cat-boitier","7":"product_tag-case","9":"first","10":"instock","11":"shipping-taxable","12":"purchasable","13":"product-type-simple"},"yoast_head":"<!-- This site is optimized with the Yoast SEO plugin v26.4 - https:\/\/yoast.com\/wordpress\/plugins\/seo\/ -->\n<title>Corsair 2000D AIRFLOW Bo\u00eetier PC Mini-ITX - Format Mini-ITX - Panneaux en Acier Maill\u00e9 - Trois Emplacements GPU - Optimis\u00e9 Pour le Refroidissement - Entr\u00e9es\/Sorties Modernes en Fa\u00e7ade - Blanc - ProPlaystore<\/title>\n<meta name=\"robots\" content=\"index, follow, max-snippet:-1, max-image-preview:large, max-video-preview:-1\" \/>\n<link rel=\"canonical\" href=\"https:\/\/proplaystore.lu\/index.php\/produit\/corsair-2000d-airflow-boitier-pc-mini-itx-format-mini-itx-panneaux-en-acier-maille-trois-emplacements-gpu-optimise-pour-le-refroidissement-entrees-sorties-modernes-en-facade-blanc\/\" \/>\n<meta property=\"og:locale\" content=\"en_US\" \/>\n<meta property=\"og:type\" content=\"article\" \/>\n<meta property=\"og:title\" content=\"Corsair 2000D AIRFLOW Bo\u00eetier PC Mini-ITX - Format Mini-ITX - Panneaux en Acier Maill\u00e9 - Trois Emplacements GPU - Optimis\u00e9 Pour le Refroidissement - Entr\u00e9es\/Sorties Modernes en Fa\u00e7ade - Blanc - ProPlaystore\" \/>\n<meta property=\"og:description\" content=\"Ch\u00e2ssis compact - Le format Mini-ITX avec un volume de seulement 24,4 litres garantit un encombrement minimal sur ou sous votre bureau, avec des dimensions de 271 mm x 200 mm x 450 mm  Panneaux amovibles \u00e0 flux d\u2019air \u00e9lev\u00e9 - Les panneaux maill\u00e9s en acier \u00e0 l\u2019avant, sur les c\u00f4t\u00e9s et \u00e0 l\u2019arri\u00e8re assurent une ventilation excellente depuis presque tous les c\u00f4t\u00e9s de votre syst\u00e8me pour un potentiel de refroidissement maximal  Support pour carte graphique \u00e0 trois slots - Installez ais\u00e9ment une carte graphique \u00e0 trois slots mesurant jusqu\u2019\u00e0 320 mm de long pour obtenir un syst\u00e8me hautes performances occupant un minimum d\u2019espace  Refroidissement ITX extr\u00eame - L\u2019int\u00e9rieur aux performances de refroidissement optimales permet d\u2019accueillir jusqu\u2019\u00e0 huit ventilateurs de 120 mm ou deux ventilateurs de 140 mm ainsi que plusieurs radiateurs, dont un de 360 mm sur le c\u00f4t\u00e9 et un de 240 mm \u00e0 l\u2019arri\u00e8re (selon la taille de la carte graphique)  Panneau avant E\/S moderne - Acc\u00e9dez facilement \u00e0 vos connexions, notamment \u00e0 un port USB 3.1 Type C, \u00e0 deux ports USB 3.0 Type-A et \u00e0 une prise audio\/micro combin\u00e9e\" \/>\n<meta property=\"og:url\" content=\"https:\/\/proplaystore.lu\/index.php\/produit\/corsair-2000d-airflow-boitier-pc-mini-itx-format-mini-itx-panneaux-en-acier-maille-trois-emplacements-gpu-optimise-pour-le-refroidissement-entrees-sorties-modernes-en-facade-blanc\/\" \/>\n<meta property=\"og:site_name\" content=\"ProPlaystore\" \/>\n<meta property=\"article:modified_time\" content=\"2025-08-22T21:34:52+00:00\" \/>\n<meta property=\"og:image\" content=\"https:\/\/proplaystore.lu\/wp-content\/uploads\/2025\/08\/A1vw95eZuPL._AC_SY450_.jpg\" \/>\n\t<meta property=\"og:image:width\" content=\"272\" \/>\n\t<meta property=\"og:image:height\" content=\"450\" \/>\n\t<meta property=\"og:image:type\" content=\"image\/jpeg\" \/>\n<meta name=\"twitter:card\" content=\"summary_large_image\" \/>\n<meta name=\"twitter:label1\" content=\"Est. reading time\" \/>\n\t<meta name=\"twitter:data1\" content=\"1 minute\" \/>\n<script type=\"application\/ld+json\" class=\"yoast-schema-graph\">{\"@context\":\"https:\/\/schema.org\",\"@graph\":[{\"@type\":\"WebPage\",\"@id\":\"https:\/\/proplaystore.lu\/index.php\/produit\/corsair-2000d-airflow-boitier-pc-mini-itx-format-mini-itx-panneaux-en-acier-maille-trois-emplacements-gpu-optimise-pour-le-refroidissement-entrees-sorties-modernes-en-facade-blanc\/\",\"url\":\"https:\/\/proplaystore.lu\/index.php\/produit\/corsair-2000d-airflow-boitier-pc-mini-itx-format-mini-itx-panneaux-en-acier-maille-trois-emplacements-gpu-optimise-pour-le-refroidissement-entrees-sorties-modernes-en-facade-blanc\/\",\"name\":\"Corsair 2000D AIRFLOW Bo\u00eetier PC Mini-ITX - Format Mini-ITX - Panneaux en Acier Maill\u00e9 - Trois Emplacements GPU - Optimis\u00e9 Pour le Refroidissement - Entr\u00e9es\/Sorties Modernes en Fa\u00e7ade - Blanc - ProPlaystore\",\"isPartOf\":{\"@id\":\"https:\/\/proplaystore.lu\/#website\"},\"primaryImageOfPage\":{\"@id\":\"https:\/\/proplaystore.lu\/index.php\/produit\/corsair-2000d-airflow-boitier-pc-mini-itx-format-mini-itx-panneaux-en-acier-maille-trois-emplacements-gpu-optimise-pour-le-refroidissement-entrees-sorties-modernes-en-facade-blanc\/#primaryimage\"},\"image\":{\"@id\":\"https:\/\/proplaystore.lu\/index.php\/produit\/corsair-2000d-airflow-boitier-pc-mini-itx-format-mini-itx-panneaux-en-acier-maille-trois-emplacements-gpu-optimise-pour-le-refroidissement-entrees-sorties-modernes-en-facade-blanc\/#primaryimage\"},\"thumbnailUrl\":\"https:\/\/proplaystore.lu\/wp-content\/uploads\/2025\/08\/A1vw95eZuPL._AC_SY450_.jpg\",\"datePublished\":\"2025-08-22T21:31:26+00:00\",\"dateModified\":\"2025-08-22T21:34:52+00:00\",\"breadcrumb\":{\"@id\":\"https:\/\/proplaystore.lu\/index.php\/produit\/corsair-2000d-airflow-boitier-pc-mini-itx-format-mini-itx-panneaux-en-acier-maille-trois-emplacements-gpu-optimise-pour-le-refroidissement-entrees-sorties-modernes-en-facade-blanc\/#breadcrumb\"},\"inLanguage\":\"en-US\",\"potentialAction\":[{\"@type\":\"ReadAction\",\"target\":[\"https:\/\/proplaystore.lu\/index.php\/produit\/corsair-2000d-airflow-boitier-pc-mini-itx-format-mini-itx-panneaux-en-acier-maille-trois-emplacements-gpu-optimise-pour-le-refroidissement-entrees-sorties-modernes-en-facade-blanc\/\"]}]},{\"@type\":\"ImageObject\",\"inLanguage\":\"en-US\",\"@id\":\"https:\/\/proplaystore.lu\/index.php\/produit\/corsair-2000d-airflow-boitier-pc-mini-itx-format-mini-itx-panneaux-en-acier-maille-trois-emplacements-gpu-optimise-pour-le-refroidissement-entrees-sorties-modernes-en-facade-blanc\/#primaryimage\",\"url\":\"https:\/\/proplaystore.lu\/wp-content\/uploads\/2025\/08\/A1vw95eZuPL._AC_SY450_.jpg\",\"contentUrl\":\"https:\/\/proplaystore.lu\/wp-content\/uploads\/2025\/08\/A1vw95eZuPL._AC_SY450_.jpg\",\"width\":272,\"height\":450},{\"@type\":\"BreadcrumbList\",\"@id\":\"https:\/\/proplaystore.lu\/index.php\/produit\/corsair-2000d-airflow-boitier-pc-mini-itx-format-mini-itx-panneaux-en-acier-maille-trois-emplacements-gpu-optimise-pour-le-refroidissement-entrees-sorties-modernes-en-facade-blanc\/#breadcrumb\",\"itemListElement\":[{\"@type\":\"ListItem\",\"position\":1,\"name\":\"Accueil\",\"item\":\"https:\/\/proplaystore.lu\/\"},{\"@type\":\"ListItem\",\"position\":2,\"name\":\"Shop\",\"item\":\"https:\/\/proplaystore.lu\/index.php\/shop\/\"},{\"@type\":\"ListItem\",\"position\":3,\"name\":\"Corsair 2000D AIRFLOW Bo\u00eetier PC Mini-ITX &#8211; Format Mini-ITX &#8211; Panneaux en Acier Maill\u00e9 &#8211; Trois Emplacements GPU &#8211; Optimis\u00e9 Pour le Refroidissement &#8211; Entr\u00e9es\/Sorties Modernes en Fa\u00e7ade &#8211; Blanc\"}]},{\"@type\":\"WebSite\",\"@id\":\"https:\/\/proplaystore.lu\/#website\",\"url\":\"https:\/\/proplaystore.lu\/\",\"name\":\"ProPlaystore\",\"description\":\"proplaysre\",\"potentialAction\":[{\"@type\":\"SearchAction\",\"target\":{\"@type\":\"EntryPoint\",\"urlTemplate\":\"https:\/\/proplaystore.lu\/?s={search_term_string}\"},\"query-input\":{\"@type\":\"PropertyValueSpecification\",\"valueRequired\":true,\"valueName\":\"search_term_string\"}}],\"inLanguage\":\"en-US\"}]}<\/script>\n<!-- \/ Yoast SEO plugin. -->","yoast_head_json":{"title":"Corsair 2000D AIRFLOW Bo\u00eetier PC Mini-ITX - Format Mini-ITX - Panneaux en Acier Maill\u00e9 - Trois Emplacements GPU - Optimis\u00e9 Pour le Refroidissement - Entr\u00e9es\/Sorties Modernes en Fa\u00e7ade - Blanc - ProPlaystore","robots":{"index":"index","follow":"follow","max-snippet":"max-snippet:-1","max-image-preview":"max-image-preview:large","max-video-preview":"max-video-preview:-1"},"canonical":"https:\/\/proplaystore.lu\/index.php\/produit\/corsair-2000d-airflow-boitier-pc-mini-itx-format-mini-itx-panneaux-en-acier-maille-trois-emplacements-gpu-optimise-pour-le-refroidissement-entrees-sorties-modernes-en-facade-blanc\/","og_locale":"en_US","og_type":"article","og_title":"Corsair 2000D AIRFLOW Bo\u00eetier PC Mini-ITX - Format Mini-ITX - Panneaux en Acier Maill\u00e9 - Trois Emplacements GPU - Optimis\u00e9 Pour le Refroidissement - Entr\u00e9es\/Sorties Modernes en Fa\u00e7ade - Blanc - ProPlaystore","og_description":"Ch\u00e2ssis compact - Le format Mini-ITX avec un volume de seulement 24,4 litres garantit un encombrement minimal sur ou sous votre bureau, avec des dimensions de 271 mm x 200 mm x 450 mm  Panneaux amovibles \u00e0 flux d\u2019air \u00e9lev\u00e9 - Les panneaux maill\u00e9s en acier \u00e0 l\u2019avant, sur les c\u00f4t\u00e9s et \u00e0 l\u2019arri\u00e8re assurent une ventilation excellente depuis presque tous les c\u00f4t\u00e9s de votre syst\u00e8me pour un potentiel de refroidissement maximal  Support pour carte graphique \u00e0 trois slots - Installez ais\u00e9ment une carte graphique \u00e0 trois slots mesurant jusqu\u2019\u00e0 320 mm de long pour obtenir un syst\u00e8me hautes performances occupant un minimum d\u2019espace  Refroidissement ITX extr\u00eame - L\u2019int\u00e9rieur aux performances de refroidissement optimales permet d\u2019accueillir jusqu\u2019\u00e0 huit ventilateurs de 120 mm ou deux ventilateurs de 140 mm ainsi que plusieurs radiateurs, dont un de 360 mm sur le c\u00f4t\u00e9 et un de 240 mm \u00e0 l\u2019arri\u00e8re (selon la taille de la carte graphique)  Panneau avant E\/S moderne - Acc\u00e9dez facilement \u00e0 vos connexions, notamment \u00e0 un port USB 3.1 Type C, \u00e0 deux ports USB 3.0 Type-A et \u00e0 une prise audio\/micro combin\u00e9e","og_url":"https:\/\/proplaystore.lu\/index.php\/produit\/corsair-2000d-airflow-boitier-pc-mini-itx-format-mini-itx-panneaux-en-acier-maille-trois-emplacements-gpu-optimise-pour-le-refroidissement-entrees-sorties-modernes-en-facade-blanc\/","og_site_name":"ProPlaystore","article_modified_time":"2025-08-22T21:34:52+00:00","og_image":[{"width":272,"height":450,"url":"https:\/\/proplaystore.lu\/wp-content\/uploads\/2025\/08\/A1vw95eZuPL._AC_SY450_.jpg","type":"image\/jpeg"}],"twitter_card":"summary_large_image","twitter_misc":{"Est. reading time":"1 minute"},"schema":{"@context":"https:\/\/schema.org","@graph":[{"@type":"WebPage","@id":"https:\/\/proplaystore.lu\/index.php\/produit\/corsair-2000d-airflow-boitier-pc-mini-itx-format-mini-itx-panneaux-en-acier-maille-trois-emplacements-gpu-optimise-pour-le-refroidissement-entrees-sorties-modernes-en-facade-blanc\/","url":"https:\/\/proplaystore.lu\/index.php\/produit\/corsair-2000d-airflow-boitier-pc-mini-itx-format-mini-itx-panneaux-en-acier-maille-trois-emplacements-gpu-optimise-pour-le-refroidissement-entrees-sorties-modernes-en-facade-blanc\/","name":"Corsair 2000D AIRFLOW Bo\u00eetier PC Mini-ITX - Format Mini-ITX - Panneaux en Acier Maill\u00e9 - Trois Emplacements GPU - Optimis\u00e9 Pour le Refroidissement - Entr\u00e9es\/Sorties Modernes en Fa\u00e7ade - Blanc - ProPlaystore","isPartOf":{"@id":"https:\/\/proplaystore.lu\/#website"},"primaryImageOfPage":{"@id":"https:\/\/proplaystore.lu\/index.php\/produit\/corsair-2000d-airflow-boitier-pc-mini-itx-format-mini-itx-panneaux-en-acier-maille-trois-emplacements-gpu-optimise-pour-le-refroidissement-entrees-sorties-modernes-en-facade-blanc\/#primaryimage"},"image":{"@id":"https:\/\/proplaystore.lu\/index.php\/produit\/corsair-2000d-airflow-boitier-pc-mini-itx-format-mini-itx-panneaux-en-acier-maille-trois-emplacements-gpu-optimise-pour-le-refroidissement-entrees-sorties-modernes-en-facade-blanc\/#primaryimage"},"thumbnailUrl":"https:\/\/proplaystore.lu\/wp-content\/uploads\/2025\/08\/A1vw95eZuPL._AC_SY450_.jpg","datePublished":"2025-08-22T21:31:26+00:00","dateModified":"2025-08-22T21:34:52+00:00","breadcrumb":{"@id":"https:\/\/proplaystore.lu\/index.php\/produit\/corsair-2000d-airflow-boitier-pc-mini-itx-format-mini-itx-panneaux-en-acier-maille-trois-emplacements-gpu-optimise-pour-le-refroidissement-entrees-sorties-modernes-en-facade-blanc\/#breadcrumb"},"inLanguage":"en-US","potentialAction":[{"@type":"ReadAction","target":["https:\/\/proplaystore.lu\/index.php\/produit\/corsair-2000d-airflow-boitier-pc-mini-itx-format-mini-itx-panneaux-en-acier-maille-trois-emplacements-gpu-optimise-pour-le-refroidissement-entrees-sorties-modernes-en-facade-blanc\/"]}]},{"@type":"ImageObject","inLanguage":"en-US","@id":"https:\/\/proplaystore.lu\/index.php\/produit\/corsair-2000d-airflow-boitier-pc-mini-itx-format-mini-itx-panneaux-en-acier-maille-trois-emplacements-gpu-optimise-pour-le-refroidissement-entrees-sorties-modernes-en-facade-blanc\/#primaryimage","url":"https:\/\/proplaystore.lu\/wp-content\/uploads\/2025\/08\/A1vw95eZuPL._AC_SY450_.jpg","contentUrl":"https:\/\/proplaystore.lu\/wp-content\/uploads\/2025\/08\/A1vw95eZuPL._AC_SY450_.jpg","width":272,"height":450},{"@type":"BreadcrumbList","@id":"https:\/\/proplaystore.lu\/index.php\/produit\/corsair-2000d-airflow-boitier-pc-mini-itx-format-mini-itx-panneaux-en-acier-maille-trois-emplacements-gpu-optimise-pour-le-refroidissement-entrees-sorties-modernes-en-facade-blanc\/#breadcrumb","itemListElement":[{"@type":"ListItem","position":1,"name":"Accueil","item":"https:\/\/proplaystore.lu\/"},{"@type":"ListItem","position":2,"name":"Shop","item":"https:\/\/proplaystore.lu\/index.php\/shop\/"},{"@type":"ListItem","position":3,"name":"Corsair 2000D AIRFLOW Bo\u00eetier PC Mini-ITX &#8211; Format Mini-ITX &#8211; Panneaux en Acier Maill\u00e9 &#8211; Trois Emplacements GPU &#8211; Optimis\u00e9 Pour le Refroidissement &#8211; Entr\u00e9es\/Sorties Modernes en Fa\u00e7ade &#8211; Blanc"}]},{"@type":"WebSite","@id":"https:\/\/proplaystore.lu\/#website","url":"https:\/\/proplaystore.lu\/","name":"ProPlaystore","description":"proplaysre","potentialAction":[{"@type":"SearchAction","target":{"@type":"EntryPoint","urlTemplate":"https:\/\/proplaystore.lu\/?s={search_term_string}"},"query-input":{"@type":"PropertyValueSpecification","valueRequired":true,"valueName":"search_term_string"}}],"inLanguage":"en-US"}]}},"_links":{"self":[{"href":"https:\/\/proplaystore.lu\/index.php\/wp-json\/wp\/v2\/product\/8071","targetHints":{"allow":["GET"]}}],"collection":[{"href":"https:\/\/proplaystore.lu\/index.php\/wp-json\/wp\/v2\/product"}],"about":[{"href":"https:\/\/proplaystore.lu\/index.php\/wp-json\/wp\/v2\/types\/product"}],"replies":[{"embeddable":true,"href":"https:\/\/proplaystore.lu\/index.php\/wp-json\/wp\/v2\/comments?post=8071"}],"wp:featuredmedia":[{"embeddable":true,"href":"https:\/\/proplaystore.lu\/index.php\/wp-json\/wp\/v2\/media\/8078"}],"wp:attachment":[{"href":"https:\/\/proplaystore.lu\/index.php\/wp-json\/wp\/v2\/media?parent=8071"}],"wp:term":[{"taxonomy":"product_brand","embeddable":true,"href":"https:\/\/proplaystore.lu\/index.php\/wp-json\/wp\/v2\/product_brand?post=8071"},{"taxonomy":"product_cat","embeddable":true,"href":"https:\/\/proplaystore.lu\/index.php\/wp-json\/wp\/v2\/product_cat?post=8071"},{"taxonomy":"product_tag","embeddable":true,"href":"https:\/\/proplaystore.lu\/index.php\/wp-json\/wp\/v2\/product_tag?post=8071"}],"curies":[{"name":"wp","href":"https:\/\/api.w.org\/{rel}","templated":true}]}}