{"id":8083,"date":"2025-08-22T21:36:51","date_gmt":"2025-08-22T21:36:51","guid":{"rendered":"https:\/\/proplaystore.lu\/?post_type=product&#038;p=8083"},"modified":"2025-08-22T21:38:25","modified_gmt":"2025-08-22T21:38:25","slug":"mars-gaming-mc-vision-boitier-gaming-atx-triple-verre-trempe-continu-sans-cadre-structure-a-double-chambre-compatible-avec-cartes-meres-a-connecteur-inverse-support-refroidissement-liquide-noir","status":"publish","type":"product","link":"https:\/\/proplaystore.lu\/index.php\/produit\/mars-gaming-mc-vision-boitier-gaming-atx-triple-verre-trempe-continu-sans-cadre-structure-a-double-chambre-compatible-avec-cartes-meres-a-connecteur-inverse-support-refroidissement-liquide-noir\/","title":{"rendered":"Mars Gaming MC-Vision, Bo\u00eetier Gaming ATX, Triple Verre Tremp\u00e9 Continu sans Cadre, Structure \u00e0 Double Chambre, Compatible avec Cartes M\u00e8res \u00e0 Connecteur Invers\u00e9, Support Refroidissement Liquide, Noir"},"content":{"rendered":"<h2 data-start=\"1558\" data-end=\"1580\"><strong data-start=\"1561\" data-end=\"1580\">Fiche technique<\/strong><\/h2>\n<table class=\"a-normal a-spacing-micro\" role=\"list\">\n<tbody>\n<tr class=\"a-spacing-small po-brand\" role=\"listitem\">\n<td class=\"a-span3\" role=\"presentation\"><span class=\"a-size-base a-text-bold\">Marque<\/span><\/td>\n<td class=\"a-span9\" role=\"presentation\"><span class=\"a-size-base po-break-word\">Mars Gaming<\/span><\/td>\n<\/tr>\n<tr class=\"a-spacing-small po-supported_motherboard\" role=\"listitem\">\n<td class=\"a-span3\" role=\"presentation\"><span class=\"a-size-base a-text-bold\">Compatibilit\u00e9 de la carte m\u00e8re<\/span><\/td>\n<td class=\"a-span9\" role=\"presentation\"><span class=\"a-size-base po-break-word\">ATX, Micro ATX, Mini ITX<\/span><\/td>\n<\/tr>\n<tr class=\"a-spacing-small po-case.type\" role=\"listitem\">\n<td class=\"a-span3\" role=\"presentation\"><span class=\"a-size-base a-text-bold\">Type de cas<\/span><\/td>\n<td class=\"a-span9\" role=\"presentation\"><span class=\"a-size-base po-break-word\">Tour<\/span><\/td>\n<\/tr>\n<tr class=\"a-spacing-small po-recommended_uses_for_product\" role=\"listitem\">\n<td class=\"a-span3\" role=\"presentation\"><span class=\"a-size-base a-text-bold\">Usages recommand\u00e9s pour le produit<\/span><\/td>\n<td class=\"a-span9\" role=\"presentation\"><span class=\"a-size-base po-break-word\">PC de jeu<\/span><\/td>\n<\/tr>\n<tr class=\"a-spacing-small po-color\" role=\"listitem\">\n<td class=\"a-span3\" role=\"presentation\"><span class=\"a-size-base a-text-bold\">Couleur<\/span><\/td>\n<td class=\"a-span9\" role=\"presentation\"><span class=\"a-size-base po-break-word\">Noir<\/span><\/td>\n<\/tr>\n<tr class=\"a-spacing-small po-material\" role=\"listitem\">\n<td class=\"a-span3\" role=\"presentation\"><span class=\"a-size-base a-text-bold\">Mat\u00e9riau<\/span><\/td>\n<td class=\"a-span9\" role=\"presentation\"><span class=\"a-size-base po-break-word\">Verre tremp\u00e9<\/span><\/td>\n<\/tr>\n<tr class=\"a-spacing-small po-power_supply_mounting_type\" role=\"listitem\">\n<td class=\"a-span3\" role=\"presentation\"><span class=\"a-size-base a-text-bold\">Type de fixation de l&#8217;alimentation<\/span><\/td>\n<td class=\"a-span9\" role=\"presentation\"><span class=\"a-size-base po-break-word\">Montage inf\u00e9rieur<\/span><\/td>\n<\/tr>\n<tr class=\"a-spacing-small po-cooling_method\" role=\"listitem\">\n<td class=\"a-span3\" role=\"presentation\"><span class=\"a-size-base a-text-bold\">M\u00e9thode de refroidissement<\/span><\/td>\n<td class=\"a-span9\" role=\"presentation\"><span class=\"a-size-base po-break-word\">Eau<\/span><\/td>\n<\/tr>\n<tr class=\"a-spacing-small po-model_name\" role=\"listitem\">\n<td class=\"a-span3\" role=\"presentation\"><span class=\"a-size-base a-text-bold\">Nom de mod\u00e8le<\/span><\/td>\n<td class=\"a-span9\" role=\"presentation\"><span class=\"a-size-base po-break-word\">MCVISION<\/span><\/td>\n<\/tr>\n<tr class=\"a-spacing-small po-item_weight\" role=\"listitem\">\n<td class=\"a-span3\" role=\"presentation\"><span class=\"a-size-base a-text-bold\">Poids de l&#8217;article<\/span><\/td>\n<td class=\"a-span9\" role=\"presentation\"><span class=\"a-size-base po-break-word\">6,2 Kilogrammes<\/span><\/td>\n<\/tr>\n<\/tbody>\n<\/table>\n<p>&nbsp;<\/p>\n<p>&nbsp;<\/p>\n<p>&nbsp;<\/p>\n<p>&nbsp;<\/p>\n<p>&nbsp;<\/p>\n<p>&nbsp;<\/p>\n<p>&nbsp;<\/p>\n<p>&nbsp;<\/p>\n","protected":false},"excerpt":{"rendered":"<ul class=\"a-unordered-list a-vertical a-spacing-mini\">\n<li class=\"a-spacing-mini\"><span class=\"a-list-item\">VUE PANORAMIQUE 3D : Le bo\u00eetier PC MC-VISION int\u00e8gre un design immersif avec un triple panneau en verre tremp\u00e9 continu sans cadre \u00e0 l\u2019avant, sur le c\u00f4t\u00e9 et sur le dessus, offrant une vue panoramique sur l\u2019int\u00e9rieur; Son fini minimaliste et sophistiqu\u00e9 allie esth\u00e9tique et fonctionnalit\u00e9<\/span><\/li>\n<li class=\"a-spacing-mini\"><span class=\"a-list-item\">REFROIDISSEMENT EXTR\u00caME : Avec un support pour refroidissement liquide jusqu\u2019\u00e0 360mm et une capacit\u00e9 pour jusqu\u2019\u00e0 7 ventilateurs de 120mm, le bo\u00eetier gaming MC-VISION assure un flux d\u2019air efficace et homog\u00e8ne; Sa conception \u00e0 double chambre s\u00e9pare l\u2019alimentation des composants principaux, optimisant la dissipation thermique<\/span><\/li>\n<li class=\"a-spacing-mini\"><span class=\"a-list-item\">\u00c9DITION CUSTOM : Le ch\u00e2ssis ATX MC-VISION est livr\u00e9 en format CUSTOM, sans composants pr\u00e9install\u00e9s, vous permettant de choisir chaque ventilateur, syst\u00e8me de refroidissement et mat\u00e9riel; Cr\u00e9ez une configuration unique qui correspond \u00e0 votre style et vos besoins sans aucune limite<\/span><\/li>\n<li class=\"a-spacing-mini\"><span class=\"a-list-item\">COMPATIBILIT\u00c9 TOTALE : Le bo\u00eetier MC-VISION de Mars Gaming est enti\u00e8rement compatible avec les cartes m\u00e8res \u00e0 connecteur invers\u00e9, permettant de dissimuler le c\u00e2blage derri\u00e8re le ch\u00e2ssis; Cette conception am\u00e9liore le flux d\u2019air et optimise l\u2019esth\u00e9tique interne, garantissant des performances thermiques sup\u00e9rieures<\/span><\/li>\n<li class=\"a-spacing-mini\"><span class=\"a-list-item\">ESPACE INTERNE OPTIMIS\u00c9 : La tour PC MC-VISION est compatible avec les cartes m\u00e8res ATX, MicroATX et Mini-ITX, prend en charge les cartes graphiques jusqu\u2019\u00e0 415mm de long et 146mm de large ainsi que les dissipateurs CPU jusqu\u2019\u00e0 156mm de hauteur; Avec 7 slots d\u2019extension, 1x HDD 3.5\u201d et 3x SSD 2.5\u201d, elle constitue la base id\u00e9ale pour tout build gaming ou professionnel<\/span><\/li>\n<\/ul>\n","protected":false},"featured_media":8086,"comment_status":"open","ping_status":"closed","template":"","meta":[],"product_brand":[],"product_cat":[71],"product_tag":[75],"class_list":{"0":"post-8083","1":"product","2":"type-product","3":"status-publish","4":"has-post-thumbnail","6":"product_cat-boitier","7":"product_tag-case","9":"first","10":"instock","11":"shipping-taxable","12":"purchasable","13":"product-type-simple"},"yoast_head":"<!-- This site is optimized with the Yoast SEO plugin v26.4 - https:\/\/yoast.com\/wordpress\/plugins\/seo\/ -->\n<title>Mars Gaming MC-Vision, Bo\u00eetier Gaming ATX, Triple Verre Tremp\u00e9 Continu sans Cadre, Structure \u00e0 Double Chambre, Compatible avec Cartes M\u00e8res \u00e0 Connecteur Invers\u00e9, Support Refroidissement Liquide, Noir - ProPlaystore<\/title>\n<meta name=\"robots\" content=\"index, follow, max-snippet:-1, max-image-preview:large, max-video-preview:-1\" \/>\n<link rel=\"canonical\" href=\"https:\/\/proplaystore.lu\/index.php\/produit\/mars-gaming-mc-vision-boitier-gaming-atx-triple-verre-trempe-continu-sans-cadre-structure-a-double-chambre-compatible-avec-cartes-meres-a-connecteur-inverse-support-refroidissement-liquide-noir\/\" \/>\n<meta property=\"og:locale\" content=\"en_US\" \/>\n<meta property=\"og:type\" content=\"article\" \/>\n<meta property=\"og:title\" content=\"Mars Gaming MC-Vision, Bo\u00eetier Gaming ATX, Triple Verre Tremp\u00e9 Continu sans Cadre, Structure \u00e0 Double Chambre, Compatible avec Cartes M\u00e8res \u00e0 Connecteur Invers\u00e9, Support Refroidissement Liquide, Noir - ProPlaystore\" \/>\n<meta property=\"og:description\" content=\"VUE PANORAMIQUE 3D : Le bo\u00eetier PC MC-VISION int\u00e8gre un design immersif avec un triple panneau en verre tremp\u00e9 continu sans cadre \u00e0 l\u2019avant, sur le c\u00f4t\u00e9 et sur le dessus, offrant une vue panoramique sur l\u2019int\u00e9rieur; Son fini minimaliste et sophistiqu\u00e9 allie esth\u00e9tique et fonctionnalit\u00e9  REFROIDISSEMENT EXTR\u00caME : Avec un support pour refroidissement liquide jusqu\u2019\u00e0 360mm et une capacit\u00e9 pour jusqu\u2019\u00e0 7 ventilateurs de 120mm, le bo\u00eetier gaming MC-VISION assure un flux d\u2019air efficace et homog\u00e8ne; Sa conception \u00e0 double chambre s\u00e9pare l\u2019alimentation des composants principaux, optimisant la dissipation thermique  \u00c9DITION CUSTOM : Le ch\u00e2ssis ATX MC-VISION est livr\u00e9 en format CUSTOM, sans composants pr\u00e9install\u00e9s, vous permettant de choisir chaque ventilateur, syst\u00e8me de refroidissement et mat\u00e9riel; Cr\u00e9ez une configuration unique qui correspond \u00e0 votre style et vos besoins sans aucune limite  COMPATIBILIT\u00c9 TOTALE : Le bo\u00eetier MC-VISION de Mars Gaming est enti\u00e8rement compatible avec les cartes m\u00e8res \u00e0 connecteur invers\u00e9, permettant de dissimuler le c\u00e2blage derri\u00e8re le ch\u00e2ssis; Cette conception am\u00e9liore le flux d\u2019air et optimise l\u2019esth\u00e9tique interne, garantissant des performances thermiques sup\u00e9rieures  ESPACE INTERNE OPTIMIS\u00c9 : La tour PC MC-VISION est compatible avec les cartes m\u00e8res ATX, MicroATX et Mini-ITX, prend en charge les cartes graphiques jusqu\u2019\u00e0 415mm de long et 146mm de large ainsi que les dissipateurs CPU jusqu\u2019\u00e0 156mm de hauteur; Avec 7 slots d\u2019extension, 1x HDD 3.5\u201d et 3x SSD 2.5\u201d, elle constitue la base id\u00e9ale pour tout build gaming ou professionnel\" \/>\n<meta property=\"og:url\" content=\"https:\/\/proplaystore.lu\/index.php\/produit\/mars-gaming-mc-vision-boitier-gaming-atx-triple-verre-trempe-continu-sans-cadre-structure-a-double-chambre-compatible-avec-cartes-meres-a-connecteur-inverse-support-refroidissement-liquide-noir\/\" \/>\n<meta property=\"og:site_name\" content=\"ProPlaystore\" \/>\n<meta property=\"article:modified_time\" content=\"2025-08-22T21:38:25+00:00\" \/>\n<meta property=\"og:image\" content=\"https:\/\/proplaystore.lu\/wp-content\/uploads\/2025\/08\/71JoIuAcdVL._AC_SX679_.jpg\" \/>\n\t<meta property=\"og:image:width\" content=\"679\" \/>\n\t<meta property=\"og:image:height\" content=\"794\" \/>\n\t<meta property=\"og:image:type\" content=\"image\/jpeg\" \/>\n<meta name=\"twitter:card\" content=\"summary_large_image\" \/>\n<meta name=\"twitter:label1\" content=\"Est. reading time\" \/>\n\t<meta name=\"twitter:data1\" content=\"1 minute\" \/>\n<script type=\"application\/ld+json\" class=\"yoast-schema-graph\">{\"@context\":\"https:\/\/schema.org\",\"@graph\":[{\"@type\":\"WebPage\",\"@id\":\"https:\/\/proplaystore.lu\/index.php\/produit\/mars-gaming-mc-vision-boitier-gaming-atx-triple-verre-trempe-continu-sans-cadre-structure-a-double-chambre-compatible-avec-cartes-meres-a-connecteur-inverse-support-refroidissement-liquide-noir\/\",\"url\":\"https:\/\/proplaystore.lu\/index.php\/produit\/mars-gaming-mc-vision-boitier-gaming-atx-triple-verre-trempe-continu-sans-cadre-structure-a-double-chambre-compatible-avec-cartes-meres-a-connecteur-inverse-support-refroidissement-liquide-noir\/\",\"name\":\"Mars Gaming MC-Vision, Bo\u00eetier Gaming ATX, Triple Verre Tremp\u00e9 Continu sans Cadre, Structure \u00e0 Double Chambre, Compatible avec Cartes M\u00e8res \u00e0 Connecteur Invers\u00e9, Support Refroidissement Liquide, Noir - ProPlaystore\",\"isPartOf\":{\"@id\":\"https:\/\/proplaystore.lu\/#website\"},\"primaryImageOfPage\":{\"@id\":\"https:\/\/proplaystore.lu\/index.php\/produit\/mars-gaming-mc-vision-boitier-gaming-atx-triple-verre-trempe-continu-sans-cadre-structure-a-double-chambre-compatible-avec-cartes-meres-a-connecteur-inverse-support-refroidissement-liquide-noir\/#primaryimage\"},\"image\":{\"@id\":\"https:\/\/proplaystore.lu\/index.php\/produit\/mars-gaming-mc-vision-boitier-gaming-atx-triple-verre-trempe-continu-sans-cadre-structure-a-double-chambre-compatible-avec-cartes-meres-a-connecteur-inverse-support-refroidissement-liquide-noir\/#primaryimage\"},\"thumbnailUrl\":\"https:\/\/proplaystore.lu\/wp-content\/uploads\/2025\/08\/71JoIuAcdVL._AC_SX679_.jpg\",\"datePublished\":\"2025-08-22T21:36:51+00:00\",\"dateModified\":\"2025-08-22T21:38:25+00:00\",\"breadcrumb\":{\"@id\":\"https:\/\/proplaystore.lu\/index.php\/produit\/mars-gaming-mc-vision-boitier-gaming-atx-triple-verre-trempe-continu-sans-cadre-structure-a-double-chambre-compatible-avec-cartes-meres-a-connecteur-inverse-support-refroidissement-liquide-noir\/#breadcrumb\"},\"inLanguage\":\"en-US\",\"potentialAction\":[{\"@type\":\"ReadAction\",\"target\":[\"https:\/\/proplaystore.lu\/index.php\/produit\/mars-gaming-mc-vision-boitier-gaming-atx-triple-verre-trempe-continu-sans-cadre-structure-a-double-chambre-compatible-avec-cartes-meres-a-connecteur-inverse-support-refroidissement-liquide-noir\/\"]}]},{\"@type\":\"ImageObject\",\"inLanguage\":\"en-US\",\"@id\":\"https:\/\/proplaystore.lu\/index.php\/produit\/mars-gaming-mc-vision-boitier-gaming-atx-triple-verre-trempe-continu-sans-cadre-structure-a-double-chambre-compatible-avec-cartes-meres-a-connecteur-inverse-support-refroidissement-liquide-noir\/#primaryimage\",\"url\":\"https:\/\/proplaystore.lu\/wp-content\/uploads\/2025\/08\/71JoIuAcdVL._AC_SX679_.jpg\",\"contentUrl\":\"https:\/\/proplaystore.lu\/wp-content\/uploads\/2025\/08\/71JoIuAcdVL._AC_SX679_.jpg\",\"width\":679,\"height\":794},{\"@type\":\"BreadcrumbList\",\"@id\":\"https:\/\/proplaystore.lu\/index.php\/produit\/mars-gaming-mc-vision-boitier-gaming-atx-triple-verre-trempe-continu-sans-cadre-structure-a-double-chambre-compatible-avec-cartes-meres-a-connecteur-inverse-support-refroidissement-liquide-noir\/#breadcrumb\",\"itemListElement\":[{\"@type\":\"ListItem\",\"position\":1,\"name\":\"Accueil\",\"item\":\"https:\/\/proplaystore.lu\/\"},{\"@type\":\"ListItem\",\"position\":2,\"name\":\"Shop\",\"item\":\"https:\/\/proplaystore.lu\/index.php\/shop\/\"},{\"@type\":\"ListItem\",\"position\":3,\"name\":\"Mars Gaming MC-Vision, Bo\u00eetier Gaming ATX, Triple Verre Tremp\u00e9 Continu sans Cadre, Structure \u00e0 Double Chambre, Compatible avec Cartes M\u00e8res \u00e0 Connecteur Invers\u00e9, Support Refroidissement Liquide, Noir\"}]},{\"@type\":\"WebSite\",\"@id\":\"https:\/\/proplaystore.lu\/#website\",\"url\":\"https:\/\/proplaystore.lu\/\",\"name\":\"ProPlaystore\",\"description\":\"proplaysre\",\"potentialAction\":[{\"@type\":\"SearchAction\",\"target\":{\"@type\":\"EntryPoint\",\"urlTemplate\":\"https:\/\/proplaystore.lu\/?s={search_term_string}\"},\"query-input\":{\"@type\":\"PropertyValueSpecification\",\"valueRequired\":true,\"valueName\":\"search_term_string\"}}],\"inLanguage\":\"en-US\"}]}<\/script>\n<!-- \/ Yoast SEO plugin. -->","yoast_head_json":{"title":"Mars Gaming MC-Vision, Bo\u00eetier Gaming ATX, Triple Verre Tremp\u00e9 Continu sans Cadre, Structure \u00e0 Double Chambre, Compatible avec Cartes M\u00e8res \u00e0 Connecteur Invers\u00e9, Support Refroidissement Liquide, Noir - ProPlaystore","robots":{"index":"index","follow":"follow","max-snippet":"max-snippet:-1","max-image-preview":"max-image-preview:large","max-video-preview":"max-video-preview:-1"},"canonical":"https:\/\/proplaystore.lu\/index.php\/produit\/mars-gaming-mc-vision-boitier-gaming-atx-triple-verre-trempe-continu-sans-cadre-structure-a-double-chambre-compatible-avec-cartes-meres-a-connecteur-inverse-support-refroidissement-liquide-noir\/","og_locale":"en_US","og_type":"article","og_title":"Mars Gaming MC-Vision, Bo\u00eetier Gaming ATX, Triple Verre Tremp\u00e9 Continu sans Cadre, Structure \u00e0 Double Chambre, Compatible avec Cartes M\u00e8res \u00e0 Connecteur Invers\u00e9, Support Refroidissement Liquide, Noir - ProPlaystore","og_description":"VUE PANORAMIQUE 3D : Le bo\u00eetier PC MC-VISION int\u00e8gre un design immersif avec un triple panneau en verre tremp\u00e9 continu sans cadre \u00e0 l\u2019avant, sur le c\u00f4t\u00e9 et sur le dessus, offrant une vue panoramique sur l\u2019int\u00e9rieur; Son fini minimaliste et sophistiqu\u00e9 allie esth\u00e9tique et fonctionnalit\u00e9  REFROIDISSEMENT EXTR\u00caME : Avec un support pour refroidissement liquide jusqu\u2019\u00e0 360mm et une capacit\u00e9 pour jusqu\u2019\u00e0 7 ventilateurs de 120mm, le bo\u00eetier gaming MC-VISION assure un flux d\u2019air efficace et homog\u00e8ne; Sa conception \u00e0 double chambre s\u00e9pare l\u2019alimentation des composants principaux, optimisant la dissipation thermique  \u00c9DITION CUSTOM : Le ch\u00e2ssis ATX MC-VISION est livr\u00e9 en format CUSTOM, sans composants pr\u00e9install\u00e9s, vous permettant de choisir chaque ventilateur, syst\u00e8me de refroidissement et mat\u00e9riel; Cr\u00e9ez une configuration unique qui correspond \u00e0 votre style et vos besoins sans aucune limite  COMPATIBILIT\u00c9 TOTALE : Le bo\u00eetier MC-VISION de Mars Gaming est enti\u00e8rement compatible avec les cartes m\u00e8res \u00e0 connecteur invers\u00e9, permettant de dissimuler le c\u00e2blage derri\u00e8re le ch\u00e2ssis; Cette conception am\u00e9liore le flux d\u2019air et optimise l\u2019esth\u00e9tique interne, garantissant des performances thermiques sup\u00e9rieures  ESPACE INTERNE OPTIMIS\u00c9 : La tour PC MC-VISION est compatible avec les cartes m\u00e8res ATX, MicroATX et Mini-ITX, prend en charge les cartes graphiques jusqu\u2019\u00e0 415mm de long et 146mm de large ainsi que les dissipateurs CPU jusqu\u2019\u00e0 156mm de hauteur; Avec 7 slots d\u2019extension, 1x HDD 3.5\u201d et 3x SSD 2.5\u201d, elle constitue la base id\u00e9ale pour tout build gaming ou professionnel","og_url":"https:\/\/proplaystore.lu\/index.php\/produit\/mars-gaming-mc-vision-boitier-gaming-atx-triple-verre-trempe-continu-sans-cadre-structure-a-double-chambre-compatible-avec-cartes-meres-a-connecteur-inverse-support-refroidissement-liquide-noir\/","og_site_name":"ProPlaystore","article_modified_time":"2025-08-22T21:38:25+00:00","og_image":[{"width":679,"height":794,"url":"https:\/\/proplaystore.lu\/wp-content\/uploads\/2025\/08\/71JoIuAcdVL._AC_SX679_.jpg","type":"image\/jpeg"}],"twitter_card":"summary_large_image","twitter_misc":{"Est. reading time":"1 minute"},"schema":{"@context":"https:\/\/schema.org","@graph":[{"@type":"WebPage","@id":"https:\/\/proplaystore.lu\/index.php\/produit\/mars-gaming-mc-vision-boitier-gaming-atx-triple-verre-trempe-continu-sans-cadre-structure-a-double-chambre-compatible-avec-cartes-meres-a-connecteur-inverse-support-refroidissement-liquide-noir\/","url":"https:\/\/proplaystore.lu\/index.php\/produit\/mars-gaming-mc-vision-boitier-gaming-atx-triple-verre-trempe-continu-sans-cadre-structure-a-double-chambre-compatible-avec-cartes-meres-a-connecteur-inverse-support-refroidissement-liquide-noir\/","name":"Mars Gaming MC-Vision, Bo\u00eetier Gaming ATX, Triple Verre Tremp\u00e9 Continu sans Cadre, Structure \u00e0 Double Chambre, Compatible avec Cartes M\u00e8res \u00e0 Connecteur Invers\u00e9, Support Refroidissement Liquide, Noir - ProPlaystore","isPartOf":{"@id":"https:\/\/proplaystore.lu\/#website"},"primaryImageOfPage":{"@id":"https:\/\/proplaystore.lu\/index.php\/produit\/mars-gaming-mc-vision-boitier-gaming-atx-triple-verre-trempe-continu-sans-cadre-structure-a-double-chambre-compatible-avec-cartes-meres-a-connecteur-inverse-support-refroidissement-liquide-noir\/#primaryimage"},"image":{"@id":"https:\/\/proplaystore.lu\/index.php\/produit\/mars-gaming-mc-vision-boitier-gaming-atx-triple-verre-trempe-continu-sans-cadre-structure-a-double-chambre-compatible-avec-cartes-meres-a-connecteur-inverse-support-refroidissement-liquide-noir\/#primaryimage"},"thumbnailUrl":"https:\/\/proplaystore.lu\/wp-content\/uploads\/2025\/08\/71JoIuAcdVL._AC_SX679_.jpg","datePublished":"2025-08-22T21:36:51+00:00","dateModified":"2025-08-22T21:38:25+00:00","breadcrumb":{"@id":"https:\/\/proplaystore.lu\/index.php\/produit\/mars-gaming-mc-vision-boitier-gaming-atx-triple-verre-trempe-continu-sans-cadre-structure-a-double-chambre-compatible-avec-cartes-meres-a-connecteur-inverse-support-refroidissement-liquide-noir\/#breadcrumb"},"inLanguage":"en-US","potentialAction":[{"@type":"ReadAction","target":["https:\/\/proplaystore.lu\/index.php\/produit\/mars-gaming-mc-vision-boitier-gaming-atx-triple-verre-trempe-continu-sans-cadre-structure-a-double-chambre-compatible-avec-cartes-meres-a-connecteur-inverse-support-refroidissement-liquide-noir\/"]}]},{"@type":"ImageObject","inLanguage":"en-US","@id":"https:\/\/proplaystore.lu\/index.php\/produit\/mars-gaming-mc-vision-boitier-gaming-atx-triple-verre-trempe-continu-sans-cadre-structure-a-double-chambre-compatible-avec-cartes-meres-a-connecteur-inverse-support-refroidissement-liquide-noir\/#primaryimage","url":"https:\/\/proplaystore.lu\/wp-content\/uploads\/2025\/08\/71JoIuAcdVL._AC_SX679_.jpg","contentUrl":"https:\/\/proplaystore.lu\/wp-content\/uploads\/2025\/08\/71JoIuAcdVL._AC_SX679_.jpg","width":679,"height":794},{"@type":"BreadcrumbList","@id":"https:\/\/proplaystore.lu\/index.php\/produit\/mars-gaming-mc-vision-boitier-gaming-atx-triple-verre-trempe-continu-sans-cadre-structure-a-double-chambre-compatible-avec-cartes-meres-a-connecteur-inverse-support-refroidissement-liquide-noir\/#breadcrumb","itemListElement":[{"@type":"ListItem","position":1,"name":"Accueil","item":"https:\/\/proplaystore.lu\/"},{"@type":"ListItem","position":2,"name":"Shop","item":"https:\/\/proplaystore.lu\/index.php\/shop\/"},{"@type":"ListItem","position":3,"name":"Mars Gaming MC-Vision, Bo\u00eetier Gaming ATX, Triple Verre Tremp\u00e9 Continu sans Cadre, Structure \u00e0 Double Chambre, Compatible avec Cartes M\u00e8res \u00e0 Connecteur Invers\u00e9, Support Refroidissement Liquide, Noir"}]},{"@type":"WebSite","@id":"https:\/\/proplaystore.lu\/#website","url":"https:\/\/proplaystore.lu\/","name":"ProPlaystore","description":"proplaysre","potentialAction":[{"@type":"SearchAction","target":{"@type":"EntryPoint","urlTemplate":"https:\/\/proplaystore.lu\/?s={search_term_string}"},"query-input":{"@type":"PropertyValueSpecification","valueRequired":true,"valueName":"search_term_string"}}],"inLanguage":"en-US"}]}},"_links":{"self":[{"href":"https:\/\/proplaystore.lu\/index.php\/wp-json\/wp\/v2\/product\/8083","targetHints":{"allow":["GET"]}}],"collection":[{"href":"https:\/\/proplaystore.lu\/index.php\/wp-json\/wp\/v2\/product"}],"about":[{"href":"https:\/\/proplaystore.lu\/index.php\/wp-json\/wp\/v2\/types\/product"}],"replies":[{"embeddable":true,"href":"https:\/\/proplaystore.lu\/index.php\/wp-json\/wp\/v2\/comments?post=8083"}],"wp:featuredmedia":[{"embeddable":true,"href":"https:\/\/proplaystore.lu\/index.php\/wp-json\/wp\/v2\/media\/8086"}],"wp:attachment":[{"href":"https:\/\/proplaystore.lu\/index.php\/wp-json\/wp\/v2\/media?parent=8083"}],"wp:term":[{"taxonomy":"product_brand","embeddable":true,"href":"https:\/\/proplaystore.lu\/index.php\/wp-json\/wp\/v2\/product_brand?post=8083"},{"taxonomy":"product_cat","embeddable":true,"href":"https:\/\/proplaystore.lu\/index.php\/wp-json\/wp\/v2\/product_cat?post=8083"},{"taxonomy":"product_tag","embeddable":true,"href":"https:\/\/proplaystore.lu\/index.php\/wp-json\/wp\/v2\/product_tag?post=8083"}],"curies":[{"name":"wp","href":"https:\/\/api.w.org\/{rel}","templated":true}]}}