{"id":8094,"date":"2025-08-23T00:29:32","date_gmt":"2025-08-23T00:29:32","guid":{"rendered":"https:\/\/proplaystore.lu\/?post_type=product&#038;p=8094"},"modified":"2025-08-23T00:31:38","modified_gmt":"2025-08-23T00:31:38","slug":"corsair-vengeance-lpx-32-go-2-x-16-go-ddr4-3600-pc4-28800-memoire-optimisee-amd-c18-135-v-noir","status":"publish","type":"product","link":"https:\/\/proplaystore.lu\/index.php\/produit\/corsair-vengeance-lpx-32-go-2-x-16-go-ddr4-3600-pc4-28800-memoire-optimisee-amd-c18-135-v-noir\/","title":{"rendered":"Corsair Vengeance LPX 32 Go (2 x 16 Go) DDR4 3600 (PC4-28800) M\u00e9moire Optimis\u00e9e AMD C18 1,35 V &#8211; Noir"},"content":{"rendered":"<h2 data-start=\"1558\" data-end=\"1580\"><strong data-start=\"1561\" data-end=\"1580\">Fiche technique<\/strong><\/h2>\n<table class=\"a-normal a-spacing-micro\" role=\"list\">\n<tbody>\n<tr class=\"a-spacing-small po-brand\" role=\"listitem\">\n<td class=\"a-span3\" role=\"presentation\"><span class=\"a-size-base a-text-bold\">Marque<\/span><\/td>\n<td class=\"a-span9\" role=\"presentation\"><span class=\"a-size-base po-break-word\">Corsair<\/span><\/td>\n<\/tr>\n<tr class=\"a-spacing-small po-computer_memory.size\" role=\"listitem\">\n<td class=\"a-span3\" role=\"presentation\"><span class=\"a-size-base a-text-bold\">Taille de la m\u00e9moire de l&#8217;ordinateur<\/span><\/td>\n<td class=\"a-span9\" role=\"presentation\"><span class=\"a-size-base po-break-word\">32 Go<\/span><\/td>\n<\/tr>\n<tr class=\"a-spacing-small po-ram_memory.technology\" role=\"listitem\">\n<td class=\"a-span3\" role=\"presentation\"><span class=\"a-size-base a-text-bold\">Technologie de m\u00e9moire RAM<\/span><\/td>\n<td class=\"a-span9\" role=\"presentation\"><span class=\"a-size-base po-break-word\">DDR4<\/span><\/td>\n<\/tr>\n<tr class=\"a-spacing-small po-memory_speed\" role=\"listitem\">\n<td class=\"a-span3\" role=\"presentation\"><span class=\"a-size-base a-text-bold\">Vitesse de m\u00e9moire<\/span><\/td>\n<td class=\"a-span9\" role=\"presentation\"><span class=\"a-size-base po-break-word\">3600 MHz<\/span><\/td>\n<\/tr>\n<tr class=\"a-spacing-small po-compatible_devices\" role=\"listitem\">\n<td class=\"a-span3\" role=\"presentation\"><span class=\"a-size-base a-text-bold\">Appareils compatibles<\/span><\/td>\n<td class=\"a-span9\" role=\"presentation\"><span class=\"a-size-base po-break-word\">Ordinateur de bureau<\/span><\/td>\n<\/tr>\n<tr class=\"a-spacing-small po-special_feature\" role=\"listitem\">\n<td class=\"a-span3\" role=\"presentation\"><span class=\"a-size-base a-text-bold\">Caract\u00e9ristique sp\u00e9ciale<\/span><\/td>\n<td class=\"a-span9\" role=\"presentation\"><span class=\"a-size-base po-break-word\">Overclocking haute performance<\/span><\/td>\n<\/tr>\n<tr class=\"a-spacing-small po-voltage\" role=\"listitem\">\n<td class=\"a-span3\" role=\"presentation\"><span class=\"a-size-base a-text-bold\">Tension<\/span><\/td>\n<td class=\"a-span9\" role=\"presentation\"><span class=\"a-size-base po-break-word\">1,35 Volts<\/span><\/td>\n<\/tr>\n<tr class=\"a-spacing-small po-column_address_strobe_latency\" role=\"listitem\">\n<td class=\"a-span3\" role=\"presentation\"><span class=\"a-size-base a-text-bold\">Latence stroboscopique d&#8217;adresse de colonne<\/span><\/td>\n<td class=\"a-span9\" role=\"presentation\"><span class=\"a-size-base po-break-word\">18 nanosecondes<\/span><\/td>\n<\/tr>\n<tr class=\"a-spacing-small po-form_factor\" role=\"listitem\">\n<td class=\"a-span3\" role=\"presentation\"><span class=\"a-size-base a-text-bold\">Facteur de forme<\/span><\/td>\n<td class=\"a-span9\" role=\"presentation\"><span class=\"a-size-base po-break-word\">DIMM<\/span><\/td>\n<\/tr>\n<tr class=\"a-spacing-small po-model_name\" role=\"listitem\">\n<td class=\"a-span3\" role=\"presentation\"><span class=\"a-size-base a-text-bold\">Nom de mod\u00e8le<\/span><\/td>\n<td class=\"a-span9\" role=\"presentation\"><span class=\"a-size-base po-break-word\">DDR4<\/span><\/td>\n<\/tr>\n<\/tbody>\n<\/table>\n<p>&nbsp;<\/p>\n<p>&nbsp;<\/p>\n","protected":false},"excerpt":{"rendered":"<ul class=\"a-unordered-list a-vertical\">\n<li class=\"a-spacing-mini\"><span class=\"a-list-item\">Con\u00e7u pour l&#8217;overclocking de haute performance : Chaque module VENGEANCE LPX est construit avec un diffuseur de chaleur en aluminium pur pour une dissipation de chaleur plus rapide. Vitesse SPD: 2666 MHz . Latence test\u00e9e : 18-22-22-42<\/span><\/li>\n<li class=\"a-spacing-mini\"><span class=\"a-list-item\">Con\u00e7u pour un look exceptionnel : Disponible en plusieurs couleurs pour s&#8217;harmoniser avec votre carte m\u00e8re, vos composants, ou simplement votre style<\/span><\/li>\n<li class=\"a-spacing-mini\"><span class=\"a-list-item\">Performance et compatibilit\u00e9 : Le VENGEANCE LPX est optimis\u00e9 et sa compatibilit\u00e9 est test\u00e9e pour les derni\u00e8res cartes m\u00e8res Intel et AMD DDR4<\/span><\/li>\n<li class=\"a-spacing-mini\"><span class=\"a-list-item\">Conception \u00e0 profil bas de l&#8217;\u00e9changeur thermique : La hauteur du module VENGEANCE LPX est soigneusement con\u00e7ue pour s&#8217;adapter aux espaces r\u00e9duits<\/span><\/li>\n<\/ul>\n","protected":false},"featured_media":8095,"comment_status":"open","ping_status":"closed","template":"","meta":[],"product_brand":[],"product_cat":[68],"product_tag":[73],"class_list":{"0":"post-8094","1":"product","2":"type-product","3":"status-publish","4":"has-post-thumbnail","6":"product_cat-ram","7":"product_tag-ram","9":"first","10":"instock","11":"shipping-taxable","12":"purchasable","13":"product-type-simple"},"yoast_head":"<!-- This site is optimized with the Yoast SEO plugin v26.4 - https:\/\/yoast.com\/wordpress\/plugins\/seo\/ -->\n<title>Corsair Vengeance LPX 32 Go (2 x 16 Go) DDR4 3600 (PC4-28800) M\u00e9moire Optimis\u00e9e AMD C18 1,35 V - Noir - ProPlaystore<\/title>\n<meta name=\"robots\" content=\"index, follow, max-snippet:-1, max-image-preview:large, max-video-preview:-1\" \/>\n<link rel=\"canonical\" href=\"https:\/\/proplaystore.lu\/index.php\/produit\/corsair-vengeance-lpx-32-go-2-x-16-go-ddr4-3600-pc4-28800-memoire-optimisee-amd-c18-135-v-noir\/\" \/>\n<meta property=\"og:locale\" content=\"en_US\" \/>\n<meta property=\"og:type\" content=\"article\" \/>\n<meta property=\"og:title\" content=\"Corsair Vengeance LPX 32 Go (2 x 16 Go) DDR4 3600 (PC4-28800) M\u00e9moire Optimis\u00e9e AMD C18 1,35 V - Noir - ProPlaystore\" \/>\n<meta property=\"og:description\" content=\"Con\u00e7u pour l&#039;overclocking de haute performance : Chaque module VENGEANCE LPX est construit avec un diffuseur de chaleur en aluminium pur pour une dissipation de chaleur plus rapide. Vitesse SPD: 2666 MHz . Latence test\u00e9e : 18-22-22-42  Con\u00e7u pour un look exceptionnel : Disponible en plusieurs couleurs pour s&#039;harmoniser avec votre carte m\u00e8re, vos composants, ou simplement votre style  Performance et compatibilit\u00e9 : Le VENGEANCE LPX est optimis\u00e9 et sa compatibilit\u00e9 est test\u00e9e pour les derni\u00e8res cartes m\u00e8res Intel et AMD DDR4  Conception \u00e0 profil bas de l&#039;\u00e9changeur thermique : La hauteur du module VENGEANCE LPX est soigneusement con\u00e7ue pour s&#039;adapter aux espaces r\u00e9duits\" \/>\n<meta property=\"og:url\" content=\"https:\/\/proplaystore.lu\/index.php\/produit\/corsair-vengeance-lpx-32-go-2-x-16-go-ddr4-3600-pc4-28800-memoire-optimisee-amd-c18-135-v-noir\/\" \/>\n<meta property=\"og:site_name\" content=\"ProPlaystore\" \/>\n<meta property=\"article:modified_time\" content=\"2025-08-23T00:31:38+00:00\" \/>\n<meta property=\"og:image\" content=\"https:\/\/proplaystore.lu\/wp-content\/uploads\/2025\/08\/61wCOVcyvFL._AC_SY450_.jpg\" \/>\n\t<meta property=\"og:image:width\" content=\"1229\" \/>\n\t<meta property=\"og:image:height\" content=\"450\" \/>\n\t<meta property=\"og:image:type\" content=\"image\/jpeg\" \/>\n<meta name=\"twitter:card\" content=\"summary_large_image\" \/>\n<meta name=\"twitter:label1\" content=\"Est. reading time\" \/>\n\t<meta name=\"twitter:data1\" content=\"1 minute\" \/>\n<script type=\"application\/ld+json\" class=\"yoast-schema-graph\">{\"@context\":\"https:\/\/schema.org\",\"@graph\":[{\"@type\":\"WebPage\",\"@id\":\"https:\/\/proplaystore.lu\/index.php\/produit\/corsair-vengeance-lpx-32-go-2-x-16-go-ddr4-3600-pc4-28800-memoire-optimisee-amd-c18-135-v-noir\/\",\"url\":\"https:\/\/proplaystore.lu\/index.php\/produit\/corsair-vengeance-lpx-32-go-2-x-16-go-ddr4-3600-pc4-28800-memoire-optimisee-amd-c18-135-v-noir\/\",\"name\":\"Corsair Vengeance LPX 32 Go (2 x 16 Go) DDR4 3600 (PC4-28800) M\u00e9moire Optimis\u00e9e AMD C18 1,35 V - Noir - ProPlaystore\",\"isPartOf\":{\"@id\":\"https:\/\/proplaystore.lu\/#website\"},\"primaryImageOfPage\":{\"@id\":\"https:\/\/proplaystore.lu\/index.php\/produit\/corsair-vengeance-lpx-32-go-2-x-16-go-ddr4-3600-pc4-28800-memoire-optimisee-amd-c18-135-v-noir\/#primaryimage\"},\"image\":{\"@id\":\"https:\/\/proplaystore.lu\/index.php\/produit\/corsair-vengeance-lpx-32-go-2-x-16-go-ddr4-3600-pc4-28800-memoire-optimisee-amd-c18-135-v-noir\/#primaryimage\"},\"thumbnailUrl\":\"https:\/\/proplaystore.lu\/wp-content\/uploads\/2025\/08\/61wCOVcyvFL._AC_SY450_.jpg\",\"datePublished\":\"2025-08-23T00:29:32+00:00\",\"dateModified\":\"2025-08-23T00:31:38+00:00\",\"breadcrumb\":{\"@id\":\"https:\/\/proplaystore.lu\/index.php\/produit\/corsair-vengeance-lpx-32-go-2-x-16-go-ddr4-3600-pc4-28800-memoire-optimisee-amd-c18-135-v-noir\/#breadcrumb\"},\"inLanguage\":\"en-US\",\"potentialAction\":[{\"@type\":\"ReadAction\",\"target\":[\"https:\/\/proplaystore.lu\/index.php\/produit\/corsair-vengeance-lpx-32-go-2-x-16-go-ddr4-3600-pc4-28800-memoire-optimisee-amd-c18-135-v-noir\/\"]}]},{\"@type\":\"ImageObject\",\"inLanguage\":\"en-US\",\"@id\":\"https:\/\/proplaystore.lu\/index.php\/produit\/corsair-vengeance-lpx-32-go-2-x-16-go-ddr4-3600-pc4-28800-memoire-optimisee-amd-c18-135-v-noir\/#primaryimage\",\"url\":\"https:\/\/proplaystore.lu\/wp-content\/uploads\/2025\/08\/61wCOVcyvFL._AC_SY450_.jpg\",\"contentUrl\":\"https:\/\/proplaystore.lu\/wp-content\/uploads\/2025\/08\/61wCOVcyvFL._AC_SY450_.jpg\",\"width\":1229,\"height\":450},{\"@type\":\"BreadcrumbList\",\"@id\":\"https:\/\/proplaystore.lu\/index.php\/produit\/corsair-vengeance-lpx-32-go-2-x-16-go-ddr4-3600-pc4-28800-memoire-optimisee-amd-c18-135-v-noir\/#breadcrumb\",\"itemListElement\":[{\"@type\":\"ListItem\",\"position\":1,\"name\":\"Accueil\",\"item\":\"https:\/\/proplaystore.lu\/\"},{\"@type\":\"ListItem\",\"position\":2,\"name\":\"Shop\",\"item\":\"https:\/\/proplaystore.lu\/index.php\/shop\/\"},{\"@type\":\"ListItem\",\"position\":3,\"name\":\"Corsair Vengeance LPX 32 Go (2 x 16 Go) DDR4 3600 (PC4-28800) M\u00e9moire Optimis\u00e9e AMD C18 1,35 V &#8211; Noir\"}]},{\"@type\":\"WebSite\",\"@id\":\"https:\/\/proplaystore.lu\/#website\",\"url\":\"https:\/\/proplaystore.lu\/\",\"name\":\"ProPlaystore\",\"description\":\"proplaysre\",\"potentialAction\":[{\"@type\":\"SearchAction\",\"target\":{\"@type\":\"EntryPoint\",\"urlTemplate\":\"https:\/\/proplaystore.lu\/?s={search_term_string}\"},\"query-input\":{\"@type\":\"PropertyValueSpecification\",\"valueRequired\":true,\"valueName\":\"search_term_string\"}}],\"inLanguage\":\"en-US\"}]}<\/script>\n<!-- \/ Yoast SEO plugin. -->","yoast_head_json":{"title":"Corsair Vengeance LPX 32 Go (2 x 16 Go) DDR4 3600 (PC4-28800) M\u00e9moire Optimis\u00e9e AMD C18 1,35 V - Noir - ProPlaystore","robots":{"index":"index","follow":"follow","max-snippet":"max-snippet:-1","max-image-preview":"max-image-preview:large","max-video-preview":"max-video-preview:-1"},"canonical":"https:\/\/proplaystore.lu\/index.php\/produit\/corsair-vengeance-lpx-32-go-2-x-16-go-ddr4-3600-pc4-28800-memoire-optimisee-amd-c18-135-v-noir\/","og_locale":"en_US","og_type":"article","og_title":"Corsair Vengeance LPX 32 Go (2 x 16 Go) DDR4 3600 (PC4-28800) M\u00e9moire Optimis\u00e9e AMD C18 1,35 V - Noir - ProPlaystore","og_description":"Con\u00e7u pour l'overclocking de haute performance : Chaque module VENGEANCE LPX est construit avec un diffuseur de chaleur en aluminium pur pour une dissipation de chaleur plus rapide. Vitesse SPD: 2666 MHz . Latence test\u00e9e : 18-22-22-42  Con\u00e7u pour un look exceptionnel : Disponible en plusieurs couleurs pour s'harmoniser avec votre carte m\u00e8re, vos composants, ou simplement votre style  Performance et compatibilit\u00e9 : Le VENGEANCE LPX est optimis\u00e9 et sa compatibilit\u00e9 est test\u00e9e pour les derni\u00e8res cartes m\u00e8res Intel et AMD DDR4  Conception \u00e0 profil bas de l'\u00e9changeur thermique : La hauteur du module VENGEANCE LPX est soigneusement con\u00e7ue pour s'adapter aux espaces r\u00e9duits","og_url":"https:\/\/proplaystore.lu\/index.php\/produit\/corsair-vengeance-lpx-32-go-2-x-16-go-ddr4-3600-pc4-28800-memoire-optimisee-amd-c18-135-v-noir\/","og_site_name":"ProPlaystore","article_modified_time":"2025-08-23T00:31:38+00:00","og_image":[{"width":1229,"height":450,"url":"https:\/\/proplaystore.lu\/wp-content\/uploads\/2025\/08\/61wCOVcyvFL._AC_SY450_.jpg","type":"image\/jpeg"}],"twitter_card":"summary_large_image","twitter_misc":{"Est. reading time":"1 minute"},"schema":{"@context":"https:\/\/schema.org","@graph":[{"@type":"WebPage","@id":"https:\/\/proplaystore.lu\/index.php\/produit\/corsair-vengeance-lpx-32-go-2-x-16-go-ddr4-3600-pc4-28800-memoire-optimisee-amd-c18-135-v-noir\/","url":"https:\/\/proplaystore.lu\/index.php\/produit\/corsair-vengeance-lpx-32-go-2-x-16-go-ddr4-3600-pc4-28800-memoire-optimisee-amd-c18-135-v-noir\/","name":"Corsair Vengeance LPX 32 Go (2 x 16 Go) DDR4 3600 (PC4-28800) M\u00e9moire Optimis\u00e9e AMD C18 1,35 V - Noir - ProPlaystore","isPartOf":{"@id":"https:\/\/proplaystore.lu\/#website"},"primaryImageOfPage":{"@id":"https:\/\/proplaystore.lu\/index.php\/produit\/corsair-vengeance-lpx-32-go-2-x-16-go-ddr4-3600-pc4-28800-memoire-optimisee-amd-c18-135-v-noir\/#primaryimage"},"image":{"@id":"https:\/\/proplaystore.lu\/index.php\/produit\/corsair-vengeance-lpx-32-go-2-x-16-go-ddr4-3600-pc4-28800-memoire-optimisee-amd-c18-135-v-noir\/#primaryimage"},"thumbnailUrl":"https:\/\/proplaystore.lu\/wp-content\/uploads\/2025\/08\/61wCOVcyvFL._AC_SY450_.jpg","datePublished":"2025-08-23T00:29:32+00:00","dateModified":"2025-08-23T00:31:38+00:00","breadcrumb":{"@id":"https:\/\/proplaystore.lu\/index.php\/produit\/corsair-vengeance-lpx-32-go-2-x-16-go-ddr4-3600-pc4-28800-memoire-optimisee-amd-c18-135-v-noir\/#breadcrumb"},"inLanguage":"en-US","potentialAction":[{"@type":"ReadAction","target":["https:\/\/proplaystore.lu\/index.php\/produit\/corsair-vengeance-lpx-32-go-2-x-16-go-ddr4-3600-pc4-28800-memoire-optimisee-amd-c18-135-v-noir\/"]}]},{"@type":"ImageObject","inLanguage":"en-US","@id":"https:\/\/proplaystore.lu\/index.php\/produit\/corsair-vengeance-lpx-32-go-2-x-16-go-ddr4-3600-pc4-28800-memoire-optimisee-amd-c18-135-v-noir\/#primaryimage","url":"https:\/\/proplaystore.lu\/wp-content\/uploads\/2025\/08\/61wCOVcyvFL._AC_SY450_.jpg","contentUrl":"https:\/\/proplaystore.lu\/wp-content\/uploads\/2025\/08\/61wCOVcyvFL._AC_SY450_.jpg","width":1229,"height":450},{"@type":"BreadcrumbList","@id":"https:\/\/proplaystore.lu\/index.php\/produit\/corsair-vengeance-lpx-32-go-2-x-16-go-ddr4-3600-pc4-28800-memoire-optimisee-amd-c18-135-v-noir\/#breadcrumb","itemListElement":[{"@type":"ListItem","position":1,"name":"Accueil","item":"https:\/\/proplaystore.lu\/"},{"@type":"ListItem","position":2,"name":"Shop","item":"https:\/\/proplaystore.lu\/index.php\/shop\/"},{"@type":"ListItem","position":3,"name":"Corsair Vengeance LPX 32 Go (2 x 16 Go) DDR4 3600 (PC4-28800) M\u00e9moire Optimis\u00e9e AMD C18 1,35 V &#8211; Noir"}]},{"@type":"WebSite","@id":"https:\/\/proplaystore.lu\/#website","url":"https:\/\/proplaystore.lu\/","name":"ProPlaystore","description":"proplaysre","potentialAction":[{"@type":"SearchAction","target":{"@type":"EntryPoint","urlTemplate":"https:\/\/proplaystore.lu\/?s={search_term_string}"},"query-input":{"@type":"PropertyValueSpecification","valueRequired":true,"valueName":"search_term_string"}}],"inLanguage":"en-US"}]}},"_links":{"self":[{"href":"https:\/\/proplaystore.lu\/index.php\/wp-json\/wp\/v2\/product\/8094","targetHints":{"allow":["GET"]}}],"collection":[{"href":"https:\/\/proplaystore.lu\/index.php\/wp-json\/wp\/v2\/product"}],"about":[{"href":"https:\/\/proplaystore.lu\/index.php\/wp-json\/wp\/v2\/types\/product"}],"replies":[{"embeddable":true,"href":"https:\/\/proplaystore.lu\/index.php\/wp-json\/wp\/v2\/comments?post=8094"}],"wp:featuredmedia":[{"embeddable":true,"href":"https:\/\/proplaystore.lu\/index.php\/wp-json\/wp\/v2\/media\/8095"}],"wp:attachment":[{"href":"https:\/\/proplaystore.lu\/index.php\/wp-json\/wp\/v2\/media?parent=8094"}],"wp:term":[{"taxonomy":"product_brand","embeddable":true,"href":"https:\/\/proplaystore.lu\/index.php\/wp-json\/wp\/v2\/product_brand?post=8094"},{"taxonomy":"product_cat","embeddable":true,"href":"https:\/\/proplaystore.lu\/index.php\/wp-json\/wp\/v2\/product_cat?post=8094"},{"taxonomy":"product_tag","embeddable":true,"href":"https:\/\/proplaystore.lu\/index.php\/wp-json\/wp\/v2\/product_tag?post=8094"}],"curies":[{"name":"wp","href":"https:\/\/api.w.org\/{rel}","templated":true}]}}