{"id":8099,"date":"2025-08-23T00:31:55","date_gmt":"2025-08-23T00:31:55","guid":{"rendered":"https:\/\/proplaystore.lu\/?post_type=product&#038;p=8099"},"modified":"2025-08-23T00:34:50","modified_gmt":"2025-08-23T00:34:50","slug":"crucial-pro-ram-ddr4-32go-kit-2x16go-3200mhz-intel-xmp-2-0-pc-memoire-cp2k16g4dfra32a","status":"publish","type":"product","link":"https:\/\/proplaystore.lu\/index.php\/produit\/crucial-pro-ram-ddr4-32go-kit-2x16go-3200mhz-intel-xmp-2-0-pc-memoire-cp2k16g4dfra32a\/","title":{"rendered":"Crucial Pro RAM DDR4 32Go Kit (2x16Go) 3200MHz, Intel XMP 2.0, PC M\u00e9moire &#8211; CP2K16G4DFRA32A"},"content":{"rendered":"<h2 data-start=\"1558\" data-end=\"1580\"><strong data-start=\"1561\" data-end=\"1580\">Fiche technique<\/strong><\/h2>\n<table class=\"a-normal a-spacing-micro\" role=\"list\">\n<tbody>\n<tr class=\"a-spacing-small po-brand\" role=\"listitem\">\n<td class=\"a-span3\" role=\"presentation\"><span class=\"a-size-base a-text-bold\">Marque<\/span><\/td>\n<td class=\"a-span9\" role=\"presentation\"><span class=\"a-size-base po-break-word\">Crucial<\/span><\/td>\n<\/tr>\n<tr class=\"a-spacing-small po-computer_memory.size\" role=\"listitem\">\n<td class=\"a-span3\" role=\"presentation\"><span class=\"a-size-base a-text-bold\">Taille de la m\u00e9moire de l&#8217;ordinateur<\/span><\/td>\n<td class=\"a-span9\" role=\"presentation\"><span class=\"a-size-base po-break-word\">32 Go<\/span><\/td>\n<\/tr>\n<tr class=\"a-spacing-small po-ram_memory.technology\" role=\"listitem\">\n<td class=\"a-span3\" role=\"presentation\"><span class=\"a-size-base a-text-bold\">Technologie de m\u00e9moire RAM<\/span><\/td>\n<td class=\"a-span9\" role=\"presentation\"><span class=\"a-size-base po-break-word\">DDR4<\/span><\/td>\n<\/tr>\n<tr class=\"a-spacing-small po-memory_speed\" role=\"listitem\">\n<td class=\"a-span3\" role=\"presentation\"><span class=\"a-size-base a-text-bold\">Vitesse de m\u00e9moire<\/span><\/td>\n<td class=\"a-span9\" role=\"presentation\"><span class=\"a-size-base po-break-word\">3200 MHz<\/span><\/td>\n<\/tr>\n<tr class=\"a-spacing-small po-compatible_devices\" role=\"listitem\">\n<td class=\"a-span3\" role=\"presentation\"><span class=\"a-size-base a-text-bold\">Appareils compatibles<\/span><\/td>\n<td class=\"a-span9\" role=\"presentation\"><span class=\"a-size-base po-break-word\">Ordinateur<\/span><\/td>\n<\/tr>\n<tr class=\"a-spacing-small po-special_feature\" role=\"listitem\">\n<td class=\"a-span3\" role=\"presentation\"><span class=\"a-size-base a-text-bold\">Caract\u00e9ristique sp\u00e9ciale<\/span><\/td>\n<td class=\"a-span9\" role=\"presentation\"><span class=\"a-size-base po-break-word\">Non Ecc<\/span><\/td>\n<\/tr>\n<tr class=\"a-spacing-small po-voltage\" role=\"listitem\">\n<td class=\"a-span3\" role=\"presentation\"><span class=\"a-size-base a-text-bold\">Tension<\/span><\/td>\n<td class=\"a-span9\" role=\"presentation\"><span class=\"a-size-base po-break-word\">1,2 Volts<\/span><\/td>\n<\/tr>\n<tr class=\"a-spacing-small po-column_address_strobe_latency\" role=\"listitem\">\n<td class=\"a-span3\" role=\"presentation\"><span class=\"a-size-base a-text-bold\">Latence stroboscopique d&#8217;adresse de colonne<\/span><\/td>\n<td class=\"a-span9\" role=\"presentation\"><span class=\"a-size-base po-break-word\">22<\/span><\/td>\n<\/tr>\n<tr class=\"a-spacing-small po-form_factor\" role=\"listitem\">\n<td class=\"a-span3\" role=\"presentation\"><span class=\"a-size-base a-text-bold\">Facteur de forme<\/span><\/td>\n<td class=\"a-span9\" role=\"presentation\"><span class=\"a-size-base po-break-word\">DIMM<\/span><\/td>\n<\/tr>\n<tr class=\"a-spacing-small po-model_name\" role=\"listitem\">\n<td class=\"a-span3\" role=\"presentation\"><span class=\"a-size-base a-text-bold\">Nom de mod\u00e8le<\/span><\/td>\n<td class=\"a-span9\" role=\"presentation\"><span class=\"a-size-base po-break-word\">Crucial Pro RAM DDR4 32Go Kit (2x16Go) 3200MHz, Intel XMP 2.0, SODIMM PC M\u00e9moire<\/span><\/td>\n<\/tr>\n<\/tbody>\n<\/table>\n<p>&nbsp;<\/p>\n<p>&nbsp;<\/p>\n<p>&nbsp;<\/p>\n","protected":false},"excerpt":{"rendered":"<ul class=\"a-unordered-list a-vertical\">\n<li class=\"a-spacing-mini\"><span class=\"a-list-item\">Dissipation thermique et style \u00e9l\u00e9gant dans un dissipateur thermique lowprofile en aluminium<\/span><\/li>\n<li class=\"a-spacing-mini\"><span class=\"a-list-item\">Profitez d\u2019un taux de rafra\u00eechissement sup\u00e9rieur pour vos jeux, faites du multit\u00e2che plus facilement, am\u00e9liorez votre productivit\u00e9<\/span><\/li>\n<li class=\"a-spacing-mini\"><span class=\"a-list-item\">Compatible avec les processeurs pour ordinateurs de bureau Intel Core 8e-14e g\u00e9n\u00e9ration et AMD Ryzen s\u00e9ries 1000\u20135000<\/span><\/li>\n<li class=\"a-spacing-mini\"><span class=\"a-list-item\">Intel XMP 2.0 pris en charge pour une r\u00e9cup\u00e9ration facile des performances<\/span><\/li>\n<li class=\"a-spacing-mini\"><span class=\"a-list-item\">3200MHz: 1,5x sup\u00e9rieur \u00e0 celui de la DDR4-2133MHz<\/span><\/li>\n<\/ul>\n","protected":false},"featured_media":8103,"comment_status":"open","ping_status":"closed","template":"","meta":[],"product_brand":[],"product_cat":[68],"product_tag":[73],"class_list":{"0":"post-8099","1":"product","2":"type-product","3":"status-publish","4":"has-post-thumbnail","6":"product_cat-ram","7":"product_tag-ram","9":"first","10":"instock","11":"shipping-taxable","12":"purchasable","13":"product-type-simple"},"yoast_head":"<!-- This site is optimized with the Yoast SEO plugin v26.4 - https:\/\/yoast.com\/wordpress\/plugins\/seo\/ -->\n<title>Crucial Pro RAM DDR4 32Go Kit (2x16Go) 3200MHz, Intel XMP 2.0, PC M\u00e9moire - CP2K16G4DFRA32A - ProPlaystore<\/title>\n<meta name=\"robots\" content=\"index, follow, max-snippet:-1, max-image-preview:large, max-video-preview:-1\" \/>\n<link rel=\"canonical\" href=\"https:\/\/proplaystore.lu\/index.php\/produit\/crucial-pro-ram-ddr4-32go-kit-2x16go-3200mhz-intel-xmp-2-0-pc-memoire-cp2k16g4dfra32a\/\" \/>\n<meta property=\"og:locale\" content=\"en_US\" \/>\n<meta property=\"og:type\" content=\"article\" \/>\n<meta property=\"og:title\" content=\"Crucial Pro RAM DDR4 32Go Kit (2x16Go) 3200MHz, Intel XMP 2.0, PC M\u00e9moire - CP2K16G4DFRA32A - ProPlaystore\" \/>\n<meta property=\"og:description\" content=\"Dissipation thermique et style \u00e9l\u00e9gant dans un dissipateur thermique lowprofile en aluminium  Profitez d\u2019un taux de rafra\u00eechissement sup\u00e9rieur pour vos jeux, faites du multit\u00e2che plus facilement, am\u00e9liorez votre productivit\u00e9  Compatible avec les processeurs pour ordinateurs de bureau Intel Core 8e-14e g\u00e9n\u00e9ration et AMD Ryzen s\u00e9ries 1000\u20135000  Intel XMP 2.0 pris en charge pour une r\u00e9cup\u00e9ration facile des performances  3200MHz: 1,5x sup\u00e9rieur \u00e0 celui de la DDR4-2133MHz\" \/>\n<meta property=\"og:url\" content=\"https:\/\/proplaystore.lu\/index.php\/produit\/crucial-pro-ram-ddr4-32go-kit-2x16go-3200mhz-intel-xmp-2-0-pc-memoire-cp2k16g4dfra32a\/\" \/>\n<meta property=\"og:site_name\" content=\"ProPlaystore\" \/>\n<meta property=\"article:modified_time\" content=\"2025-08-23T00:34:50+00:00\" \/>\n<meta property=\"og:image\" content=\"https:\/\/proplaystore.lu\/wp-content\/uploads\/2025\/08\/516R-HtUrQL._AC_SY450_.jpg\" \/>\n\t<meta property=\"og:image:width\" content=\"864\" \/>\n\t<meta property=\"og:image:height\" content=\"450\" \/>\n\t<meta property=\"og:image:type\" content=\"image\/jpeg\" \/>\n<meta name=\"twitter:card\" content=\"summary_large_image\" \/>\n<meta name=\"twitter:label1\" content=\"Est. reading time\" \/>\n\t<meta name=\"twitter:data1\" content=\"1 minute\" \/>\n<script type=\"application\/ld+json\" class=\"yoast-schema-graph\">{\"@context\":\"https:\/\/schema.org\",\"@graph\":[{\"@type\":\"WebPage\",\"@id\":\"https:\/\/proplaystore.lu\/index.php\/produit\/crucial-pro-ram-ddr4-32go-kit-2x16go-3200mhz-intel-xmp-2-0-pc-memoire-cp2k16g4dfra32a\/\",\"url\":\"https:\/\/proplaystore.lu\/index.php\/produit\/crucial-pro-ram-ddr4-32go-kit-2x16go-3200mhz-intel-xmp-2-0-pc-memoire-cp2k16g4dfra32a\/\",\"name\":\"Crucial Pro RAM DDR4 32Go Kit (2x16Go) 3200MHz, Intel XMP 2.0, PC M\u00e9moire - CP2K16G4DFRA32A - ProPlaystore\",\"isPartOf\":{\"@id\":\"https:\/\/proplaystore.lu\/#website\"},\"primaryImageOfPage\":{\"@id\":\"https:\/\/proplaystore.lu\/index.php\/produit\/crucial-pro-ram-ddr4-32go-kit-2x16go-3200mhz-intel-xmp-2-0-pc-memoire-cp2k16g4dfra32a\/#primaryimage\"},\"image\":{\"@id\":\"https:\/\/proplaystore.lu\/index.php\/produit\/crucial-pro-ram-ddr4-32go-kit-2x16go-3200mhz-intel-xmp-2-0-pc-memoire-cp2k16g4dfra32a\/#primaryimage\"},\"thumbnailUrl\":\"https:\/\/proplaystore.lu\/wp-content\/uploads\/2025\/08\/516R-HtUrQL._AC_SY450_.jpg\",\"datePublished\":\"2025-08-23T00:31:55+00:00\",\"dateModified\":\"2025-08-23T00:34:50+00:00\",\"breadcrumb\":{\"@id\":\"https:\/\/proplaystore.lu\/index.php\/produit\/crucial-pro-ram-ddr4-32go-kit-2x16go-3200mhz-intel-xmp-2-0-pc-memoire-cp2k16g4dfra32a\/#breadcrumb\"},\"inLanguage\":\"en-US\",\"potentialAction\":[{\"@type\":\"ReadAction\",\"target\":[\"https:\/\/proplaystore.lu\/index.php\/produit\/crucial-pro-ram-ddr4-32go-kit-2x16go-3200mhz-intel-xmp-2-0-pc-memoire-cp2k16g4dfra32a\/\"]}]},{\"@type\":\"ImageObject\",\"inLanguage\":\"en-US\",\"@id\":\"https:\/\/proplaystore.lu\/index.php\/produit\/crucial-pro-ram-ddr4-32go-kit-2x16go-3200mhz-intel-xmp-2-0-pc-memoire-cp2k16g4dfra32a\/#primaryimage\",\"url\":\"https:\/\/proplaystore.lu\/wp-content\/uploads\/2025\/08\/516R-HtUrQL._AC_SY450_.jpg\",\"contentUrl\":\"https:\/\/proplaystore.lu\/wp-content\/uploads\/2025\/08\/516R-HtUrQL._AC_SY450_.jpg\",\"width\":864,\"height\":450},{\"@type\":\"BreadcrumbList\",\"@id\":\"https:\/\/proplaystore.lu\/index.php\/produit\/crucial-pro-ram-ddr4-32go-kit-2x16go-3200mhz-intel-xmp-2-0-pc-memoire-cp2k16g4dfra32a\/#breadcrumb\",\"itemListElement\":[{\"@type\":\"ListItem\",\"position\":1,\"name\":\"Accueil\",\"item\":\"https:\/\/proplaystore.lu\/\"},{\"@type\":\"ListItem\",\"position\":2,\"name\":\"Shop\",\"item\":\"https:\/\/proplaystore.lu\/index.php\/shop\/\"},{\"@type\":\"ListItem\",\"position\":3,\"name\":\"Crucial Pro RAM DDR4 32Go Kit (2x16Go) 3200MHz, Intel XMP 2.0, PC M\u00e9moire &#8211; CP2K16G4DFRA32A\"}]},{\"@type\":\"WebSite\",\"@id\":\"https:\/\/proplaystore.lu\/#website\",\"url\":\"https:\/\/proplaystore.lu\/\",\"name\":\"ProPlaystore\",\"description\":\"proplaysre\",\"potentialAction\":[{\"@type\":\"SearchAction\",\"target\":{\"@type\":\"EntryPoint\",\"urlTemplate\":\"https:\/\/proplaystore.lu\/?s={search_term_string}\"},\"query-input\":{\"@type\":\"PropertyValueSpecification\",\"valueRequired\":true,\"valueName\":\"search_term_string\"}}],\"inLanguage\":\"en-US\"}]}<\/script>\n<!-- \/ Yoast SEO plugin. -->","yoast_head_json":{"title":"Crucial Pro RAM DDR4 32Go Kit (2x16Go) 3200MHz, Intel XMP 2.0, PC M\u00e9moire - CP2K16G4DFRA32A - ProPlaystore","robots":{"index":"index","follow":"follow","max-snippet":"max-snippet:-1","max-image-preview":"max-image-preview:large","max-video-preview":"max-video-preview:-1"},"canonical":"https:\/\/proplaystore.lu\/index.php\/produit\/crucial-pro-ram-ddr4-32go-kit-2x16go-3200mhz-intel-xmp-2-0-pc-memoire-cp2k16g4dfra32a\/","og_locale":"en_US","og_type":"article","og_title":"Crucial Pro RAM DDR4 32Go Kit (2x16Go) 3200MHz, Intel XMP 2.0, PC M\u00e9moire - CP2K16G4DFRA32A - ProPlaystore","og_description":"Dissipation thermique et style \u00e9l\u00e9gant dans un dissipateur thermique lowprofile en aluminium  Profitez d\u2019un taux de rafra\u00eechissement sup\u00e9rieur pour vos jeux, faites du multit\u00e2che plus facilement, am\u00e9liorez votre productivit\u00e9  Compatible avec les processeurs pour ordinateurs de bureau Intel Core 8e-14e g\u00e9n\u00e9ration et AMD Ryzen s\u00e9ries 1000\u20135000  Intel XMP 2.0 pris en charge pour une r\u00e9cup\u00e9ration facile des performances  3200MHz: 1,5x sup\u00e9rieur \u00e0 celui de la DDR4-2133MHz","og_url":"https:\/\/proplaystore.lu\/index.php\/produit\/crucial-pro-ram-ddr4-32go-kit-2x16go-3200mhz-intel-xmp-2-0-pc-memoire-cp2k16g4dfra32a\/","og_site_name":"ProPlaystore","article_modified_time":"2025-08-23T00:34:50+00:00","og_image":[{"width":864,"height":450,"url":"https:\/\/proplaystore.lu\/wp-content\/uploads\/2025\/08\/516R-HtUrQL._AC_SY450_.jpg","type":"image\/jpeg"}],"twitter_card":"summary_large_image","twitter_misc":{"Est. reading time":"1 minute"},"schema":{"@context":"https:\/\/schema.org","@graph":[{"@type":"WebPage","@id":"https:\/\/proplaystore.lu\/index.php\/produit\/crucial-pro-ram-ddr4-32go-kit-2x16go-3200mhz-intel-xmp-2-0-pc-memoire-cp2k16g4dfra32a\/","url":"https:\/\/proplaystore.lu\/index.php\/produit\/crucial-pro-ram-ddr4-32go-kit-2x16go-3200mhz-intel-xmp-2-0-pc-memoire-cp2k16g4dfra32a\/","name":"Crucial Pro RAM DDR4 32Go Kit (2x16Go) 3200MHz, Intel XMP 2.0, PC M\u00e9moire - CP2K16G4DFRA32A - ProPlaystore","isPartOf":{"@id":"https:\/\/proplaystore.lu\/#website"},"primaryImageOfPage":{"@id":"https:\/\/proplaystore.lu\/index.php\/produit\/crucial-pro-ram-ddr4-32go-kit-2x16go-3200mhz-intel-xmp-2-0-pc-memoire-cp2k16g4dfra32a\/#primaryimage"},"image":{"@id":"https:\/\/proplaystore.lu\/index.php\/produit\/crucial-pro-ram-ddr4-32go-kit-2x16go-3200mhz-intel-xmp-2-0-pc-memoire-cp2k16g4dfra32a\/#primaryimage"},"thumbnailUrl":"https:\/\/proplaystore.lu\/wp-content\/uploads\/2025\/08\/516R-HtUrQL._AC_SY450_.jpg","datePublished":"2025-08-23T00:31:55+00:00","dateModified":"2025-08-23T00:34:50+00:00","breadcrumb":{"@id":"https:\/\/proplaystore.lu\/index.php\/produit\/crucial-pro-ram-ddr4-32go-kit-2x16go-3200mhz-intel-xmp-2-0-pc-memoire-cp2k16g4dfra32a\/#breadcrumb"},"inLanguage":"en-US","potentialAction":[{"@type":"ReadAction","target":["https:\/\/proplaystore.lu\/index.php\/produit\/crucial-pro-ram-ddr4-32go-kit-2x16go-3200mhz-intel-xmp-2-0-pc-memoire-cp2k16g4dfra32a\/"]}]},{"@type":"ImageObject","inLanguage":"en-US","@id":"https:\/\/proplaystore.lu\/index.php\/produit\/crucial-pro-ram-ddr4-32go-kit-2x16go-3200mhz-intel-xmp-2-0-pc-memoire-cp2k16g4dfra32a\/#primaryimage","url":"https:\/\/proplaystore.lu\/wp-content\/uploads\/2025\/08\/516R-HtUrQL._AC_SY450_.jpg","contentUrl":"https:\/\/proplaystore.lu\/wp-content\/uploads\/2025\/08\/516R-HtUrQL._AC_SY450_.jpg","width":864,"height":450},{"@type":"BreadcrumbList","@id":"https:\/\/proplaystore.lu\/index.php\/produit\/crucial-pro-ram-ddr4-32go-kit-2x16go-3200mhz-intel-xmp-2-0-pc-memoire-cp2k16g4dfra32a\/#breadcrumb","itemListElement":[{"@type":"ListItem","position":1,"name":"Accueil","item":"https:\/\/proplaystore.lu\/"},{"@type":"ListItem","position":2,"name":"Shop","item":"https:\/\/proplaystore.lu\/index.php\/shop\/"},{"@type":"ListItem","position":3,"name":"Crucial Pro RAM DDR4 32Go Kit (2x16Go) 3200MHz, Intel XMP 2.0, PC M\u00e9moire &#8211; CP2K16G4DFRA32A"}]},{"@type":"WebSite","@id":"https:\/\/proplaystore.lu\/#website","url":"https:\/\/proplaystore.lu\/","name":"ProPlaystore","description":"proplaysre","potentialAction":[{"@type":"SearchAction","target":{"@type":"EntryPoint","urlTemplate":"https:\/\/proplaystore.lu\/?s={search_term_string}"},"query-input":{"@type":"PropertyValueSpecification","valueRequired":true,"valueName":"search_term_string"}}],"inLanguage":"en-US"}]}},"_links":{"self":[{"href":"https:\/\/proplaystore.lu\/index.php\/wp-json\/wp\/v2\/product\/8099","targetHints":{"allow":["GET"]}}],"collection":[{"href":"https:\/\/proplaystore.lu\/index.php\/wp-json\/wp\/v2\/product"}],"about":[{"href":"https:\/\/proplaystore.lu\/index.php\/wp-json\/wp\/v2\/types\/product"}],"replies":[{"embeddable":true,"href":"https:\/\/proplaystore.lu\/index.php\/wp-json\/wp\/v2\/comments?post=8099"}],"wp:featuredmedia":[{"embeddable":true,"href":"https:\/\/proplaystore.lu\/index.php\/wp-json\/wp\/v2\/media\/8103"}],"wp:attachment":[{"href":"https:\/\/proplaystore.lu\/index.php\/wp-json\/wp\/v2\/media?parent=8099"}],"wp:term":[{"taxonomy":"product_brand","embeddable":true,"href":"https:\/\/proplaystore.lu\/index.php\/wp-json\/wp\/v2\/product_brand?post=8099"},{"taxonomy":"product_cat","embeddable":true,"href":"https:\/\/proplaystore.lu\/index.php\/wp-json\/wp\/v2\/product_cat?post=8099"},{"taxonomy":"product_tag","embeddable":true,"href":"https:\/\/proplaystore.lu\/index.php\/wp-json\/wp\/v2\/product_tag?post=8099"}],"curies":[{"name":"wp","href":"https:\/\/api.w.org\/{rel}","templated":true}]}}