{"id":8126,"date":"2025-08-23T00:46:57","date_gmt":"2025-08-23T00:46:57","guid":{"rendered":"https:\/\/proplaystore.lu\/?post_type=product&#038;p=8126"},"modified":"2025-08-23T00:51:11","modified_gmt":"2025-08-23T00:51:11","slug":"corsair-vengeance-rgb-ddr5-ram-32go-2x16go-6400mhz-cl36-48-48-104-1-35v-amd-expo-intel-xmp-3-0-memoire-pour-ordinateur-de-bureau-gris-cmh32gx5m2b6400z36","status":"publish","type":"product","link":"https:\/\/proplaystore.lu\/index.php\/produit\/corsair-vengeance-rgb-ddr5-ram-32go-2x16go-6400mhz-cl36-48-48-104-1-35v-amd-expo-intel-xmp-3-0-memoire-pour-ordinateur-de-bureau-gris-cmh32gx5m2b6400z36\/","title":{"rendered":"CORSAIR Vengeance RGB DDR5 RAM 32Go (2x16Go) 6400MHz CL36-48-48-104 1.35V AMD Expo Intel XMP 3.0 M\u00e9moire pour Ordinateur de Bureau \u2013 Gris (CMH32GX5M2B6400Z36)"},"content":{"rendered":"<h2 data-start=\"1558\" data-end=\"1580\"><strong data-start=\"1561\" data-end=\"1580\">Fiche technique<\/strong><\/h2>\n<table class=\"a-normal a-spacing-micro\" role=\"list\">\n<tbody>\n<tr class=\"a-spacing-small po-brand\" role=\"listitem\">\n<td class=\"a-span3\" role=\"presentation\"><span class=\"a-size-base a-text-bold\">Marque<\/span><\/td>\n<td class=\"a-span9\" role=\"presentation\"><span class=\"a-size-base po-break-word\">Corsair<\/span><\/td>\n<\/tr>\n<tr class=\"a-spacing-small po-computer_memory.size\" role=\"listitem\">\n<td class=\"a-span3\" role=\"presentation\"><span class=\"a-size-base a-text-bold\">Taille de la m\u00e9moire de l&#8217;ordinateur<\/span><\/td>\n<td class=\"a-span9\" role=\"presentation\"><span class=\"a-size-base po-break-word\">32 Go<\/span><\/td>\n<\/tr>\n<tr class=\"a-spacing-small po-ram_memory.technology\" role=\"listitem\">\n<td class=\"a-span3\" role=\"presentation\"><span class=\"a-size-base a-text-bold\">Technologie de m\u00e9moire RAM<\/span><\/td>\n<td class=\"a-span9\" role=\"presentation\"><span class=\"a-size-base po-break-word\">DDR5<\/span><\/td>\n<\/tr>\n<tr class=\"a-spacing-small po-memory_speed\" role=\"listitem\">\n<td class=\"a-span3\" role=\"presentation\"><span class=\"a-size-base a-text-bold\">Vitesse de m\u00e9moire<\/span><\/td>\n<td class=\"a-span9\" role=\"presentation\"><span class=\"a-size-base po-break-word\">6400 MHz<\/span><\/td>\n<\/tr>\n<tr class=\"a-spacing-small po-compatible_devices\" role=\"listitem\">\n<td class=\"a-span3\" role=\"presentation\"><span class=\"a-size-base a-text-bold\">Appareils compatibles<\/span><\/td>\n<td class=\"a-span9\" role=\"presentation\"><span class=\"a-size-base po-break-word\">Ordinateur<\/span><\/td>\n<\/tr>\n<tr class=\"a-spacing-small po-special_feature\" role=\"listitem\">\n<td class=\"a-span3\" role=\"presentation\"><span class=\"a-size-base a-text-bold\">Caract\u00e9ristique sp\u00e9ciale<\/span><\/td>\n<td class=\"a-span9\" role=\"presentation\"><span class=\"a-size-base po-break-word\">M\u00e9moire enregistr\u00e9e, \u00c9clairage LED<\/span><\/td>\n<\/tr>\n<tr class=\"a-spacing-small po-voltage\" role=\"listitem\">\n<td class=\"a-span3\" role=\"presentation\"><span class=\"a-size-base a-text-bold\">Tension<\/span><\/td>\n<td class=\"a-span9\" role=\"presentation\"><span class=\"a-size-base po-break-word\">1,35 Volts<\/span><\/td>\n<\/tr>\n<tr class=\"a-spacing-small po-column_address_strobe_latency\" role=\"listitem\">\n<td class=\"a-span3\" role=\"presentation\"><span class=\"a-size-base a-text-bold\">Latence stroboscopique d&#8217;adresse de colonne<\/span><\/td>\n<td class=\"a-span9\" role=\"presentation\"><span class=\"a-size-base po-break-word\">CL36<\/span><\/td>\n<\/tr>\n<tr class=\"a-spacing-small po-form_factor\" role=\"listitem\">\n<td class=\"a-span3\" role=\"presentation\"><span class=\"a-size-base a-text-bold\">Facteur de forme<\/span><\/td>\n<td class=\"a-span9\" role=\"presentation\"><span class=\"a-size-base po-break-word\">DIMM<\/span><\/td>\n<\/tr>\n<tr class=\"a-spacing-small po-model_name\" role=\"listitem\">\n<td class=\"a-span3\" role=\"presentation\"><span class=\"a-size-base a-text-bold\">Nom de mod\u00e8le<\/span><\/td>\n<td class=\"a-span9\" role=\"presentation\"><span class=\"a-size-base po-break-word\">VENGEANCE RGB DDR5<\/span><\/td>\n<\/tr>\n<\/tbody>\n<\/table>\n<p>&nbsp;<\/p>\n<p>&nbsp;<\/p>\n<p>&nbsp;<\/p>\n<p>&nbsp;<\/p>\n","protected":false},"excerpt":{"rendered":"<ul class=\"a-unordered-list a-vertical\">\n<li class=\"a-spacing-mini\"><span class=\"a-list-item\">D\u00e9couvrez des performances de pointe: Repoussez les limites de votre syst\u00e8me comme jamais auparavant avec la m\u00e9moire DDR5 CORSAIR, permettant des fr\u00e9quences encore plus \u00e9lev\u00e9es, de meilleures capacit\u00e9s et une puissance de traitement de processeur am\u00e9lior\u00e9e<\/span><\/li>\n<li class=\"a-spacing-mini\"><span class=\"a-list-item\">\u00c9clairage RGB dynamique sur dix zones: illuminez votre syst\u00e8me avec dix LED RGB ultra lumineuses param\u00e9trables individuellement par module, int\u00e9gr\u00e9es dans une barre lumineuse panoramique offrant un \u00e9clairage RGB \u00e9clatant depuis tous les angles de vue<\/span><\/li>\n<li class=\"a-spacing-mini\"><span class=\"a-list-item\">R\u00e9gulation de tension int\u00e9gr\u00e9e: permet un overclocking plus simple, plus stable et plus pr\u00e9cis par rapport aux g\u00e9n\u00e9rations pr\u00e9c\u00e9dentes via le logiciel CORSAIR iCUE<\/span><\/li>\n<li class=\"a-spacing-mini\"><span class=\"a-list-item\">Profils Intel XMP 3.0 personnalisables: personnalisez et enregistrez vos propres profils XMP via iCUE pour d\u00e9finir la performance par application ou par t\u00e2che pour une meilleure efficacit\u00e9<\/span><\/li>\n<li class=\"a-spacing-mini\"><span class=\"a-list-item\">Cr\u00e9ation et personnalisation: choisissez parmi des dizaines de profils d\u2019\u00e9clairage pr\u00e9d\u00e9finis ou cr\u00e9ez votre propre style avec iCUE<\/span><\/li>\n<li class=\"a-spacing-mini\"><\/li>\n<\/ul>\n","protected":false},"featured_media":8125,"comment_status":"open","ping_status":"closed","template":"","meta":[],"product_brand":[],"product_cat":[68],"product_tag":[73],"class_list":{"0":"post-8126","1":"product","2":"type-product","3":"status-publish","4":"has-post-thumbnail","6":"product_cat-ram","7":"product_tag-ram","9":"first","10":"instock","11":"shipping-taxable","12":"purchasable","13":"product-type-simple"},"yoast_head":"<!-- This site is optimized with the Yoast SEO plugin v26.4 - https:\/\/yoast.com\/wordpress\/plugins\/seo\/ -->\n<title>CORSAIR Vengeance RGB DDR5 RAM 32Go (2x16Go) 6400MHz CL36-48-48-104 1.35V AMD Expo Intel XMP 3.0 M\u00e9moire pour Ordinateur de Bureau \u2013 Gris (CMH32GX5M2B6400Z36) - ProPlaystore<\/title>\n<meta name=\"robots\" content=\"index, follow, max-snippet:-1, max-image-preview:large, max-video-preview:-1\" \/>\n<link rel=\"canonical\" href=\"https:\/\/proplaystore.lu\/index.php\/produit\/corsair-vengeance-rgb-ddr5-ram-32go-2x16go-6400mhz-cl36-48-48-104-1-35v-amd-expo-intel-xmp-3-0-memoire-pour-ordinateur-de-bureau-gris-cmh32gx5m2b6400z36\/\" \/>\n<meta property=\"og:locale\" content=\"en_US\" \/>\n<meta property=\"og:type\" content=\"article\" \/>\n<meta property=\"og:title\" content=\"CORSAIR Vengeance RGB DDR5 RAM 32Go (2x16Go) 6400MHz CL36-48-48-104 1.35V AMD Expo Intel XMP 3.0 M\u00e9moire pour Ordinateur de Bureau \u2013 Gris (CMH32GX5M2B6400Z36) - ProPlaystore\" \/>\n<meta property=\"og:description\" content=\"D\u00e9couvrez des performances de pointe: Repoussez les limites de votre syst\u00e8me comme jamais auparavant avec la m\u00e9moire DDR5 CORSAIR, permettant des fr\u00e9quences encore plus \u00e9lev\u00e9es, de meilleures capacit\u00e9s et une puissance de traitement de processeur am\u00e9lior\u00e9e  \u00c9clairage RGB dynamique sur dix zones: illuminez votre syst\u00e8me avec dix LED RGB ultra lumineuses param\u00e9trables individuellement par module, int\u00e9gr\u00e9es dans une barre lumineuse panoramique offrant un \u00e9clairage RGB \u00e9clatant depuis tous les angles de vue  R\u00e9gulation de tension int\u00e9gr\u00e9e: permet un overclocking plus simple, plus stable et plus pr\u00e9cis par rapport aux g\u00e9n\u00e9rations pr\u00e9c\u00e9dentes via le logiciel CORSAIR iCUE  Profils Intel XMP 3.0 personnalisables: personnalisez et enregistrez vos propres profils XMP via iCUE pour d\u00e9finir la performance par application ou par t\u00e2che pour une meilleure efficacit\u00e9  Cr\u00e9ation et personnalisation: choisissez parmi des dizaines de profils d\u2019\u00e9clairage pr\u00e9d\u00e9finis ou cr\u00e9ez votre propre style avec iCUE\" \/>\n<meta property=\"og:url\" content=\"https:\/\/proplaystore.lu\/index.php\/produit\/corsair-vengeance-rgb-ddr5-ram-32go-2x16go-6400mhz-cl36-48-48-104-1-35v-amd-expo-intel-xmp-3-0-memoire-pour-ordinateur-de-bureau-gris-cmh32gx5m2b6400z36\/\" \/>\n<meta property=\"og:site_name\" content=\"ProPlaystore\" \/>\n<meta property=\"article:modified_time\" content=\"2025-08-23T00:51:11+00:00\" \/>\n<meta property=\"og:image\" content=\"https:\/\/proplaystore.lu\/wp-content\/uploads\/2025\/08\/61EVf-QxpvL._AC_SX679_.jpg\" \/>\n\t<meta property=\"og:image:width\" content=\"679\" \/>\n\t<meta property=\"og:image:height\" content=\"338\" \/>\n\t<meta property=\"og:image:type\" content=\"image\/jpeg\" \/>\n<meta name=\"twitter:card\" content=\"summary_large_image\" \/>\n<meta name=\"twitter:label1\" content=\"Est. reading time\" \/>\n\t<meta name=\"twitter:data1\" content=\"1 minute\" \/>\n<script type=\"application\/ld+json\" class=\"yoast-schema-graph\">{\"@context\":\"https:\/\/schema.org\",\"@graph\":[{\"@type\":\"WebPage\",\"@id\":\"https:\/\/proplaystore.lu\/index.php\/produit\/corsair-vengeance-rgb-ddr5-ram-32go-2x16go-6400mhz-cl36-48-48-104-1-35v-amd-expo-intel-xmp-3-0-memoire-pour-ordinateur-de-bureau-gris-cmh32gx5m2b6400z36\/\",\"url\":\"https:\/\/proplaystore.lu\/index.php\/produit\/corsair-vengeance-rgb-ddr5-ram-32go-2x16go-6400mhz-cl36-48-48-104-1-35v-amd-expo-intel-xmp-3-0-memoire-pour-ordinateur-de-bureau-gris-cmh32gx5m2b6400z36\/\",\"name\":\"CORSAIR Vengeance RGB DDR5 RAM 32Go (2x16Go) 6400MHz CL36-48-48-104 1.35V AMD Expo Intel XMP 3.0 M\u00e9moire pour Ordinateur de Bureau \u2013 Gris (CMH32GX5M2B6400Z36) - ProPlaystore\",\"isPartOf\":{\"@id\":\"https:\/\/proplaystore.lu\/#website\"},\"primaryImageOfPage\":{\"@id\":\"https:\/\/proplaystore.lu\/index.php\/produit\/corsair-vengeance-rgb-ddr5-ram-32go-2x16go-6400mhz-cl36-48-48-104-1-35v-amd-expo-intel-xmp-3-0-memoire-pour-ordinateur-de-bureau-gris-cmh32gx5m2b6400z36\/#primaryimage\"},\"image\":{\"@id\":\"https:\/\/proplaystore.lu\/index.php\/produit\/corsair-vengeance-rgb-ddr5-ram-32go-2x16go-6400mhz-cl36-48-48-104-1-35v-amd-expo-intel-xmp-3-0-memoire-pour-ordinateur-de-bureau-gris-cmh32gx5m2b6400z36\/#primaryimage\"},\"thumbnailUrl\":\"https:\/\/proplaystore.lu\/wp-content\/uploads\/2025\/08\/61EVf-QxpvL._AC_SX679_.jpg\",\"datePublished\":\"2025-08-23T00:46:57+00:00\",\"dateModified\":\"2025-08-23T00:51:11+00:00\",\"breadcrumb\":{\"@id\":\"https:\/\/proplaystore.lu\/index.php\/produit\/corsair-vengeance-rgb-ddr5-ram-32go-2x16go-6400mhz-cl36-48-48-104-1-35v-amd-expo-intel-xmp-3-0-memoire-pour-ordinateur-de-bureau-gris-cmh32gx5m2b6400z36\/#breadcrumb\"},\"inLanguage\":\"en-US\",\"potentialAction\":[{\"@type\":\"ReadAction\",\"target\":[\"https:\/\/proplaystore.lu\/index.php\/produit\/corsair-vengeance-rgb-ddr5-ram-32go-2x16go-6400mhz-cl36-48-48-104-1-35v-amd-expo-intel-xmp-3-0-memoire-pour-ordinateur-de-bureau-gris-cmh32gx5m2b6400z36\/\"]}]},{\"@type\":\"ImageObject\",\"inLanguage\":\"en-US\",\"@id\":\"https:\/\/proplaystore.lu\/index.php\/produit\/corsair-vengeance-rgb-ddr5-ram-32go-2x16go-6400mhz-cl36-48-48-104-1-35v-amd-expo-intel-xmp-3-0-memoire-pour-ordinateur-de-bureau-gris-cmh32gx5m2b6400z36\/#primaryimage\",\"url\":\"https:\/\/proplaystore.lu\/wp-content\/uploads\/2025\/08\/61EVf-QxpvL._AC_SX679_.jpg\",\"contentUrl\":\"https:\/\/proplaystore.lu\/wp-content\/uploads\/2025\/08\/61EVf-QxpvL._AC_SX679_.jpg\",\"width\":679,\"height\":338},{\"@type\":\"BreadcrumbList\",\"@id\":\"https:\/\/proplaystore.lu\/index.php\/produit\/corsair-vengeance-rgb-ddr5-ram-32go-2x16go-6400mhz-cl36-48-48-104-1-35v-amd-expo-intel-xmp-3-0-memoire-pour-ordinateur-de-bureau-gris-cmh32gx5m2b6400z36\/#breadcrumb\",\"itemListElement\":[{\"@type\":\"ListItem\",\"position\":1,\"name\":\"Accueil\",\"item\":\"https:\/\/proplaystore.lu\/\"},{\"@type\":\"ListItem\",\"position\":2,\"name\":\"Shop\",\"item\":\"https:\/\/proplaystore.lu\/index.php\/shop\/\"},{\"@type\":\"ListItem\",\"position\":3,\"name\":\"CORSAIR Vengeance RGB DDR5 RAM 32Go (2x16Go) 6400MHz CL36-48-48-104 1.35V AMD Expo Intel XMP 3.0 M\u00e9moire pour Ordinateur de Bureau \u2013 Gris (CMH32GX5M2B6400Z36)\"}]},{\"@type\":\"WebSite\",\"@id\":\"https:\/\/proplaystore.lu\/#website\",\"url\":\"https:\/\/proplaystore.lu\/\",\"name\":\"ProPlaystore\",\"description\":\"proplaysre\",\"potentialAction\":[{\"@type\":\"SearchAction\",\"target\":{\"@type\":\"EntryPoint\",\"urlTemplate\":\"https:\/\/proplaystore.lu\/?s={search_term_string}\"},\"query-input\":{\"@type\":\"PropertyValueSpecification\",\"valueRequired\":true,\"valueName\":\"search_term_string\"}}],\"inLanguage\":\"en-US\"}]}<\/script>\n<!-- \/ Yoast SEO plugin. -->","yoast_head_json":{"title":"CORSAIR Vengeance RGB DDR5 RAM 32Go (2x16Go) 6400MHz CL36-48-48-104 1.35V AMD Expo Intel XMP 3.0 M\u00e9moire pour Ordinateur de Bureau \u2013 Gris (CMH32GX5M2B6400Z36) - ProPlaystore","robots":{"index":"index","follow":"follow","max-snippet":"max-snippet:-1","max-image-preview":"max-image-preview:large","max-video-preview":"max-video-preview:-1"},"canonical":"https:\/\/proplaystore.lu\/index.php\/produit\/corsair-vengeance-rgb-ddr5-ram-32go-2x16go-6400mhz-cl36-48-48-104-1-35v-amd-expo-intel-xmp-3-0-memoire-pour-ordinateur-de-bureau-gris-cmh32gx5m2b6400z36\/","og_locale":"en_US","og_type":"article","og_title":"CORSAIR Vengeance RGB DDR5 RAM 32Go (2x16Go) 6400MHz CL36-48-48-104 1.35V AMD Expo Intel XMP 3.0 M\u00e9moire pour Ordinateur de Bureau \u2013 Gris (CMH32GX5M2B6400Z36) - ProPlaystore","og_description":"D\u00e9couvrez des performances de pointe: Repoussez les limites de votre syst\u00e8me comme jamais auparavant avec la m\u00e9moire DDR5 CORSAIR, permettant des fr\u00e9quences encore plus \u00e9lev\u00e9es, de meilleures capacit\u00e9s et une puissance de traitement de processeur am\u00e9lior\u00e9e  \u00c9clairage RGB dynamique sur dix zones: illuminez votre syst\u00e8me avec dix LED RGB ultra lumineuses param\u00e9trables individuellement par module, int\u00e9gr\u00e9es dans une barre lumineuse panoramique offrant un \u00e9clairage RGB \u00e9clatant depuis tous les angles de vue  R\u00e9gulation de tension int\u00e9gr\u00e9e: permet un overclocking plus simple, plus stable et plus pr\u00e9cis par rapport aux g\u00e9n\u00e9rations pr\u00e9c\u00e9dentes via le logiciel CORSAIR iCUE  Profils Intel XMP 3.0 personnalisables: personnalisez et enregistrez vos propres profils XMP via iCUE pour d\u00e9finir la performance par application ou par t\u00e2che pour une meilleure efficacit\u00e9  Cr\u00e9ation et personnalisation: choisissez parmi des dizaines de profils d\u2019\u00e9clairage pr\u00e9d\u00e9finis ou cr\u00e9ez votre propre style avec iCUE","og_url":"https:\/\/proplaystore.lu\/index.php\/produit\/corsair-vengeance-rgb-ddr5-ram-32go-2x16go-6400mhz-cl36-48-48-104-1-35v-amd-expo-intel-xmp-3-0-memoire-pour-ordinateur-de-bureau-gris-cmh32gx5m2b6400z36\/","og_site_name":"ProPlaystore","article_modified_time":"2025-08-23T00:51:11+00:00","og_image":[{"width":679,"height":338,"url":"https:\/\/proplaystore.lu\/wp-content\/uploads\/2025\/08\/61EVf-QxpvL._AC_SX679_.jpg","type":"image\/jpeg"}],"twitter_card":"summary_large_image","twitter_misc":{"Est. reading time":"1 minute"},"schema":{"@context":"https:\/\/schema.org","@graph":[{"@type":"WebPage","@id":"https:\/\/proplaystore.lu\/index.php\/produit\/corsair-vengeance-rgb-ddr5-ram-32go-2x16go-6400mhz-cl36-48-48-104-1-35v-amd-expo-intel-xmp-3-0-memoire-pour-ordinateur-de-bureau-gris-cmh32gx5m2b6400z36\/","url":"https:\/\/proplaystore.lu\/index.php\/produit\/corsair-vengeance-rgb-ddr5-ram-32go-2x16go-6400mhz-cl36-48-48-104-1-35v-amd-expo-intel-xmp-3-0-memoire-pour-ordinateur-de-bureau-gris-cmh32gx5m2b6400z36\/","name":"CORSAIR Vengeance RGB DDR5 RAM 32Go (2x16Go) 6400MHz CL36-48-48-104 1.35V AMD Expo Intel XMP 3.0 M\u00e9moire pour Ordinateur de Bureau \u2013 Gris (CMH32GX5M2B6400Z36) - ProPlaystore","isPartOf":{"@id":"https:\/\/proplaystore.lu\/#website"},"primaryImageOfPage":{"@id":"https:\/\/proplaystore.lu\/index.php\/produit\/corsair-vengeance-rgb-ddr5-ram-32go-2x16go-6400mhz-cl36-48-48-104-1-35v-amd-expo-intel-xmp-3-0-memoire-pour-ordinateur-de-bureau-gris-cmh32gx5m2b6400z36\/#primaryimage"},"image":{"@id":"https:\/\/proplaystore.lu\/index.php\/produit\/corsair-vengeance-rgb-ddr5-ram-32go-2x16go-6400mhz-cl36-48-48-104-1-35v-amd-expo-intel-xmp-3-0-memoire-pour-ordinateur-de-bureau-gris-cmh32gx5m2b6400z36\/#primaryimage"},"thumbnailUrl":"https:\/\/proplaystore.lu\/wp-content\/uploads\/2025\/08\/61EVf-QxpvL._AC_SX679_.jpg","datePublished":"2025-08-23T00:46:57+00:00","dateModified":"2025-08-23T00:51:11+00:00","breadcrumb":{"@id":"https:\/\/proplaystore.lu\/index.php\/produit\/corsair-vengeance-rgb-ddr5-ram-32go-2x16go-6400mhz-cl36-48-48-104-1-35v-amd-expo-intel-xmp-3-0-memoire-pour-ordinateur-de-bureau-gris-cmh32gx5m2b6400z36\/#breadcrumb"},"inLanguage":"en-US","potentialAction":[{"@type":"ReadAction","target":["https:\/\/proplaystore.lu\/index.php\/produit\/corsair-vengeance-rgb-ddr5-ram-32go-2x16go-6400mhz-cl36-48-48-104-1-35v-amd-expo-intel-xmp-3-0-memoire-pour-ordinateur-de-bureau-gris-cmh32gx5m2b6400z36\/"]}]},{"@type":"ImageObject","inLanguage":"en-US","@id":"https:\/\/proplaystore.lu\/index.php\/produit\/corsair-vengeance-rgb-ddr5-ram-32go-2x16go-6400mhz-cl36-48-48-104-1-35v-amd-expo-intel-xmp-3-0-memoire-pour-ordinateur-de-bureau-gris-cmh32gx5m2b6400z36\/#primaryimage","url":"https:\/\/proplaystore.lu\/wp-content\/uploads\/2025\/08\/61EVf-QxpvL._AC_SX679_.jpg","contentUrl":"https:\/\/proplaystore.lu\/wp-content\/uploads\/2025\/08\/61EVf-QxpvL._AC_SX679_.jpg","width":679,"height":338},{"@type":"BreadcrumbList","@id":"https:\/\/proplaystore.lu\/index.php\/produit\/corsair-vengeance-rgb-ddr5-ram-32go-2x16go-6400mhz-cl36-48-48-104-1-35v-amd-expo-intel-xmp-3-0-memoire-pour-ordinateur-de-bureau-gris-cmh32gx5m2b6400z36\/#breadcrumb","itemListElement":[{"@type":"ListItem","position":1,"name":"Accueil","item":"https:\/\/proplaystore.lu\/"},{"@type":"ListItem","position":2,"name":"Shop","item":"https:\/\/proplaystore.lu\/index.php\/shop\/"},{"@type":"ListItem","position":3,"name":"CORSAIR Vengeance RGB DDR5 RAM 32Go (2x16Go) 6400MHz CL36-48-48-104 1.35V AMD Expo Intel XMP 3.0 M\u00e9moire pour Ordinateur de Bureau \u2013 Gris (CMH32GX5M2B6400Z36)"}]},{"@type":"WebSite","@id":"https:\/\/proplaystore.lu\/#website","url":"https:\/\/proplaystore.lu\/","name":"ProPlaystore","description":"proplaysre","potentialAction":[{"@type":"SearchAction","target":{"@type":"EntryPoint","urlTemplate":"https:\/\/proplaystore.lu\/?s={search_term_string}"},"query-input":{"@type":"PropertyValueSpecification","valueRequired":true,"valueName":"search_term_string"}}],"inLanguage":"en-US"}]}},"_links":{"self":[{"href":"https:\/\/proplaystore.lu\/index.php\/wp-json\/wp\/v2\/product\/8126","targetHints":{"allow":["GET"]}}],"collection":[{"href":"https:\/\/proplaystore.lu\/index.php\/wp-json\/wp\/v2\/product"}],"about":[{"href":"https:\/\/proplaystore.lu\/index.php\/wp-json\/wp\/v2\/types\/product"}],"replies":[{"embeddable":true,"href":"https:\/\/proplaystore.lu\/index.php\/wp-json\/wp\/v2\/comments?post=8126"}],"wp:featuredmedia":[{"embeddable":true,"href":"https:\/\/proplaystore.lu\/index.php\/wp-json\/wp\/v2\/media\/8125"}],"wp:attachment":[{"href":"https:\/\/proplaystore.lu\/index.php\/wp-json\/wp\/v2\/media?parent=8126"}],"wp:term":[{"taxonomy":"product_brand","embeddable":true,"href":"https:\/\/proplaystore.lu\/index.php\/wp-json\/wp\/v2\/product_brand?post=8126"},{"taxonomy":"product_cat","embeddable":true,"href":"https:\/\/proplaystore.lu\/index.php\/wp-json\/wp\/v2\/product_cat?post=8126"},{"taxonomy":"product_tag","embeddable":true,"href":"https:\/\/proplaystore.lu\/index.php\/wp-json\/wp\/v2\/product_tag?post=8126"}],"curies":[{"name":"wp","href":"https:\/\/api.w.org\/{rel}","templated":true}]}}