{"id":8127,"date":"2025-08-23T00:48:46","date_gmt":"2025-08-23T00:48:46","guid":{"rendered":"https:\/\/proplaystore.lu\/?post_type=product&#038;p=8127"},"modified":"2025-08-23T00:49:56","modified_gmt":"2025-08-23T00:49:56","slug":"corsair-vengeance-rgb-ddr5-ram-32go-2x16go-6000mhz-cl30-36-36-76-1-4v-amd-expo-intel-xmp-memoire-pour-ordinateur-de-bureau-blanc-cmh32gx5m2b6000z30w","status":"publish","type":"product","link":"https:\/\/proplaystore.lu\/index.php\/produit\/corsair-vengeance-rgb-ddr5-ram-32go-2x16go-6000mhz-cl30-36-36-76-1-4v-amd-expo-intel-xmp-memoire-pour-ordinateur-de-bureau-blanc-cmh32gx5m2b6000z30w\/","title":{"rendered":"CORSAIR Vengeance RGB DDR5 RAM 32Go (2x16Go) 6000MHz CL30-36-36-76 1.4V AMD Expo &#038; Intel XMP M\u00e9moire pour Ordinateur de Bureau &#8211; Blanc (CMH32GX5M2B6000Z30W)"},"content":{"rendered":"<h2 data-start=\"1558\" data-end=\"1580\"><strong data-start=\"1561\" data-end=\"1580\">Fiche technique<\/strong><\/h2>\n<table class=\"a-normal a-spacing-micro\" role=\"list\">\n<tbody>\n<tr class=\"a-spacing-small po-brand\" role=\"listitem\">\n<td class=\"a-span3\" role=\"presentation\"><span class=\"a-size-base a-text-bold\">arque<\/span><\/td>\n<td class=\"a-span9\" role=\"presentation\"><span class=\"a-size-base po-break-word\">Corsair<\/span><\/td>\n<\/tr>\n<tr class=\"a-spacing-small po-computer_memory.size\" role=\"listitem\">\n<td class=\"a-span3\" role=\"presentation\"><span class=\"a-size-base a-text-bold\">Taille de la m\u00e9moire de l&#8217;ordinateur<\/span><\/td>\n<td class=\"a-span9\" role=\"presentation\"><span class=\"a-size-base po-break-word\">32 Go<\/span><\/td>\n<\/tr>\n<tr class=\"a-spacing-small po-ram_memory.technology\" role=\"listitem\">\n<td class=\"a-span3\" role=\"presentation\"><span class=\"a-size-base a-text-bold\">Technologie de m\u00e9moire RAM<\/span><\/td>\n<td class=\"a-span9\" role=\"presentation\"><span class=\"a-size-base po-break-word\">DDR5<\/span><\/td>\n<\/tr>\n<tr class=\"a-spacing-small po-memory_speed\" role=\"listitem\">\n<td class=\"a-span3\" role=\"presentation\"><span class=\"a-size-base a-text-bold\">Vitesse de m\u00e9moire<\/span><\/td>\n<td class=\"a-span9\" role=\"presentation\"><span class=\"a-size-base po-break-word\">6000 MHz<\/span><\/td>\n<\/tr>\n<tr class=\"a-spacing-small po-compatible_devices\" role=\"listitem\">\n<td class=\"a-span3\" role=\"presentation\"><span class=\"a-size-base a-text-bold\">Appareils compatibles<\/span><\/td>\n<td class=\"a-span9\" role=\"presentation\"><span class=\"a-size-base po-break-word\">Ordinateur<\/span><\/td>\n<\/tr>\n<tr class=\"a-spacing-small po-special_feature\" role=\"listitem\">\n<td class=\"a-span3\" role=\"presentation\"><span class=\"a-size-base a-text-bold\">Caract\u00e9ristique sp\u00e9ciale<\/span><\/td>\n<td class=\"a-span9\" role=\"presentation\"><span class=\"a-size-base po-break-word\">M\u00e9moire enregistr\u00e9e<\/span><\/td>\n<\/tr>\n<tr class=\"a-spacing-small po-voltage\" role=\"listitem\">\n<td class=\"a-span3\" role=\"presentation\"><span class=\"a-size-base a-text-bold\">Tension<\/span><\/td>\n<td class=\"a-span9\" role=\"presentation\"><span class=\"a-size-base po-break-word\">1,4 Volts<\/span><\/td>\n<\/tr>\n<tr class=\"a-spacing-small po-column_address_strobe_latency\" role=\"listitem\">\n<td class=\"a-span3\" role=\"presentation\"><span class=\"a-size-base a-text-bold\">Latence stroboscopique d&#8217;adresse de colonne<\/span><\/td>\n<td class=\"a-span9\" role=\"presentation\"><span class=\"a-size-base po-break-word\">CL30<\/span><\/td>\n<\/tr>\n<tr class=\"a-spacing-small po-form_factor\" role=\"listitem\">\n<td class=\"a-span3\" role=\"presentation\"><span class=\"a-size-base a-text-bold\">Facteur de forme<\/span><\/td>\n<td class=\"a-span9\" role=\"presentation\"><span class=\"a-size-base po-break-word\">DIMM<\/span><\/td>\n<\/tr>\n<tr class=\"a-spacing-small po-model_name\" role=\"listitem\">\n<td class=\"a-span3\" role=\"presentation\"><span class=\"a-size-base a-text-bold\">Nom de mod\u00e8le<\/span><\/td>\n<td class=\"a-span9\" role=\"presentation\"><span class=\"a-size-base po-break-word\">CORSAIR VENGEANCE RGB DDR5<\/span><\/td>\n<\/tr>\n<\/tbody>\n<\/table>\n<p>&nbsp;<\/p>\n<p>&nbsp;<\/p>\n<p>&nbsp;<\/p>\n<p>&nbsp;<\/p>\n<p>&nbsp;<\/p>\n","protected":false},"excerpt":{"rendered":"<ul class=\"a-unordered-list a-vertical\">\n<li class=\"a-spacing-mini\"><span class=\"a-list-item\">\u00c9clairage RGB dynamique sur dix zones : illuminez votre syst\u00e8me avec dix LED RGB ultra lumineuses param\u00e9trables individuellement par module, int\u00e9gr\u00e9es dans une barre lumineuse panoramique offrant un \u00e9clairage RGB \u00e9clatant depuis tous les angles de vue<\/span><\/li>\n<li class=\"a-spacing-mini\"><span class=\"a-list-item\">R\u00e9gulation de tension int\u00e9gr\u00e9e : Permet un overclocking plus simple, plus stable et plus pr\u00e9cis par rapport aux g\u00e9n\u00e9rations pr\u00e9c\u00e9dentes via le logiciel CORSAIR iCUE<\/span><\/li>\n<li class=\"a-spacing-mini\"><span class=\"a-list-item\">Compatibilit\u00e9 AMD EXPO et Intel XMP 3.0: Compatible avec AMD EXPO et Intel XMP 3.0 pour des fr\u00e9quences plus \u00e9lev\u00e9es et des performances d\u2019overclocking exceptionnelles<\/span><\/li>\n<li class=\"a-spacing-mini\"><span class=\"a-list-item\">Bande passante maximale et temps de r\u00e9action pr\u00e9cis : optimis\u00e9s pour obtenir des performances \u00e9lev\u00e9es sur les derni\u00e8res cartes m\u00e8res DDR5 Intel<\/span><\/li>\n<li class=\"a-spacing-mini\"><span class=\"a-list-item\">Compatibilit\u00e9: AMD X670 S\u00e9rie, Intel 700 S\u00e9rie<\/span><\/li>\n<li class=\"a-spacing-mini\"><\/li>\n<\/ul>\n","protected":false},"featured_media":8128,"comment_status":"open","ping_status":"closed","template":"","meta":[],"product_brand":[],"product_cat":[68],"product_tag":[73],"class_list":{"0":"post-8127","1":"product","2":"type-product","3":"status-publish","4":"has-post-thumbnail","6":"product_cat-ram","7":"product_tag-ram","9":"first","10":"instock","11":"shipping-taxable","12":"purchasable","13":"product-type-simple"},"yoast_head":"<!-- This site is optimized with the Yoast SEO plugin v26.4 - https:\/\/yoast.com\/wordpress\/plugins\/seo\/ -->\n<title>CORSAIR Vengeance RGB DDR5 RAM 32Go (2x16Go) 6000MHz CL30-36-36-76 1.4V AMD Expo &amp; Intel XMP M\u00e9moire pour Ordinateur de Bureau - Blanc (CMH32GX5M2B6000Z30W) - ProPlaystore<\/title>\n<meta name=\"robots\" content=\"index, follow, max-snippet:-1, max-image-preview:large, max-video-preview:-1\" \/>\n<link rel=\"canonical\" href=\"https:\/\/proplaystore.lu\/index.php\/produit\/corsair-vengeance-rgb-ddr5-ram-32go-2x16go-6000mhz-cl30-36-36-76-1-4v-amd-expo-intel-xmp-memoire-pour-ordinateur-de-bureau-blanc-cmh32gx5m2b6000z30w\/\" \/>\n<meta property=\"og:locale\" content=\"en_US\" \/>\n<meta property=\"og:type\" content=\"article\" \/>\n<meta property=\"og:title\" content=\"CORSAIR Vengeance RGB DDR5 RAM 32Go (2x16Go) 6000MHz CL30-36-36-76 1.4V AMD Expo &amp; Intel XMP M\u00e9moire pour Ordinateur de Bureau - Blanc (CMH32GX5M2B6000Z30W) - ProPlaystore\" \/>\n<meta property=\"og:description\" content=\"\u00c9clairage RGB dynamique sur dix zones : illuminez votre syst\u00e8me avec dix LED RGB ultra lumineuses param\u00e9trables individuellement par module, int\u00e9gr\u00e9es dans une barre lumineuse panoramique offrant un \u00e9clairage RGB \u00e9clatant depuis tous les angles de vue  R\u00e9gulation de tension int\u00e9gr\u00e9e : Permet un overclocking plus simple, plus stable et plus pr\u00e9cis par rapport aux g\u00e9n\u00e9rations pr\u00e9c\u00e9dentes via le logiciel CORSAIR iCUE  Compatibilit\u00e9 AMD EXPO et Intel XMP 3.0: Compatible avec AMD EXPO et Intel XMP 3.0 pour des fr\u00e9quences plus \u00e9lev\u00e9es et des performances d\u2019overclocking exceptionnelles  Bande passante maximale et temps de r\u00e9action pr\u00e9cis : optimis\u00e9s pour obtenir des performances \u00e9lev\u00e9es sur les derni\u00e8res cartes m\u00e8res DDR5 Intel  Compatibilit\u00e9: AMD X670 S\u00e9rie, Intel 700 S\u00e9rie\" \/>\n<meta property=\"og:url\" content=\"https:\/\/proplaystore.lu\/index.php\/produit\/corsair-vengeance-rgb-ddr5-ram-32go-2x16go-6000mhz-cl30-36-36-76-1-4v-amd-expo-intel-xmp-memoire-pour-ordinateur-de-bureau-blanc-cmh32gx5m2b6000z30w\/\" \/>\n<meta property=\"og:site_name\" content=\"ProPlaystore\" \/>\n<meta property=\"article:modified_time\" content=\"2025-08-23T00:49:56+00:00\" \/>\n<meta property=\"og:image\" content=\"https:\/\/proplaystore.lu\/wp-content\/uploads\/2025\/08\/71l75j6yCIL._AC_SY450_.jpg\" \/>\n\t<meta property=\"og:image:width\" content=\"1094\" \/>\n\t<meta property=\"og:image:height\" content=\"450\" \/>\n\t<meta property=\"og:image:type\" content=\"image\/jpeg\" \/>\n<meta name=\"twitter:card\" content=\"summary_large_image\" \/>\n<meta name=\"twitter:label1\" content=\"Est. reading time\" \/>\n\t<meta name=\"twitter:data1\" content=\"1 minute\" \/>\n<script type=\"application\/ld+json\" class=\"yoast-schema-graph\">{\"@context\":\"https:\/\/schema.org\",\"@graph\":[{\"@type\":\"WebPage\",\"@id\":\"https:\/\/proplaystore.lu\/index.php\/produit\/corsair-vengeance-rgb-ddr5-ram-32go-2x16go-6000mhz-cl30-36-36-76-1-4v-amd-expo-intel-xmp-memoire-pour-ordinateur-de-bureau-blanc-cmh32gx5m2b6000z30w\/\",\"url\":\"https:\/\/proplaystore.lu\/index.php\/produit\/corsair-vengeance-rgb-ddr5-ram-32go-2x16go-6000mhz-cl30-36-36-76-1-4v-amd-expo-intel-xmp-memoire-pour-ordinateur-de-bureau-blanc-cmh32gx5m2b6000z30w\/\",\"name\":\"CORSAIR Vengeance RGB DDR5 RAM 32Go (2x16Go) 6000MHz CL30-36-36-76 1.4V AMD Expo & Intel XMP M\u00e9moire pour Ordinateur de Bureau - Blanc (CMH32GX5M2B6000Z30W) - ProPlaystore\",\"isPartOf\":{\"@id\":\"https:\/\/proplaystore.lu\/#website\"},\"primaryImageOfPage\":{\"@id\":\"https:\/\/proplaystore.lu\/index.php\/produit\/corsair-vengeance-rgb-ddr5-ram-32go-2x16go-6000mhz-cl30-36-36-76-1-4v-amd-expo-intel-xmp-memoire-pour-ordinateur-de-bureau-blanc-cmh32gx5m2b6000z30w\/#primaryimage\"},\"image\":{\"@id\":\"https:\/\/proplaystore.lu\/index.php\/produit\/corsair-vengeance-rgb-ddr5-ram-32go-2x16go-6000mhz-cl30-36-36-76-1-4v-amd-expo-intel-xmp-memoire-pour-ordinateur-de-bureau-blanc-cmh32gx5m2b6000z30w\/#primaryimage\"},\"thumbnailUrl\":\"https:\/\/proplaystore.lu\/wp-content\/uploads\/2025\/08\/71l75j6yCIL._AC_SY450_.jpg\",\"datePublished\":\"2025-08-23T00:48:46+00:00\",\"dateModified\":\"2025-08-23T00:49:56+00:00\",\"breadcrumb\":{\"@id\":\"https:\/\/proplaystore.lu\/index.php\/produit\/corsair-vengeance-rgb-ddr5-ram-32go-2x16go-6000mhz-cl30-36-36-76-1-4v-amd-expo-intel-xmp-memoire-pour-ordinateur-de-bureau-blanc-cmh32gx5m2b6000z30w\/#breadcrumb\"},\"inLanguage\":\"en-US\",\"potentialAction\":[{\"@type\":\"ReadAction\",\"target\":[\"https:\/\/proplaystore.lu\/index.php\/produit\/corsair-vengeance-rgb-ddr5-ram-32go-2x16go-6000mhz-cl30-36-36-76-1-4v-amd-expo-intel-xmp-memoire-pour-ordinateur-de-bureau-blanc-cmh32gx5m2b6000z30w\/\"]}]},{\"@type\":\"ImageObject\",\"inLanguage\":\"en-US\",\"@id\":\"https:\/\/proplaystore.lu\/index.php\/produit\/corsair-vengeance-rgb-ddr5-ram-32go-2x16go-6000mhz-cl30-36-36-76-1-4v-amd-expo-intel-xmp-memoire-pour-ordinateur-de-bureau-blanc-cmh32gx5m2b6000z30w\/#primaryimage\",\"url\":\"https:\/\/proplaystore.lu\/wp-content\/uploads\/2025\/08\/71l75j6yCIL._AC_SY450_.jpg\",\"contentUrl\":\"https:\/\/proplaystore.lu\/wp-content\/uploads\/2025\/08\/71l75j6yCIL._AC_SY450_.jpg\",\"width\":1094,\"height\":450},{\"@type\":\"BreadcrumbList\",\"@id\":\"https:\/\/proplaystore.lu\/index.php\/produit\/corsair-vengeance-rgb-ddr5-ram-32go-2x16go-6000mhz-cl30-36-36-76-1-4v-amd-expo-intel-xmp-memoire-pour-ordinateur-de-bureau-blanc-cmh32gx5m2b6000z30w\/#breadcrumb\",\"itemListElement\":[{\"@type\":\"ListItem\",\"position\":1,\"name\":\"Accueil\",\"item\":\"https:\/\/proplaystore.lu\/\"},{\"@type\":\"ListItem\",\"position\":2,\"name\":\"Shop\",\"item\":\"https:\/\/proplaystore.lu\/index.php\/shop\/\"},{\"@type\":\"ListItem\",\"position\":3,\"name\":\"CORSAIR Vengeance RGB DDR5 RAM 32Go (2x16Go) 6000MHz CL30-36-36-76 1.4V AMD Expo &#038; Intel XMP M\u00e9moire pour Ordinateur de Bureau &#8211; Blanc (CMH32GX5M2B6000Z30W)\"}]},{\"@type\":\"WebSite\",\"@id\":\"https:\/\/proplaystore.lu\/#website\",\"url\":\"https:\/\/proplaystore.lu\/\",\"name\":\"ProPlaystore\",\"description\":\"proplaysre\",\"potentialAction\":[{\"@type\":\"SearchAction\",\"target\":{\"@type\":\"EntryPoint\",\"urlTemplate\":\"https:\/\/proplaystore.lu\/?s={search_term_string}\"},\"query-input\":{\"@type\":\"PropertyValueSpecification\",\"valueRequired\":true,\"valueName\":\"search_term_string\"}}],\"inLanguage\":\"en-US\"}]}<\/script>\n<!-- \/ Yoast SEO plugin. -->","yoast_head_json":{"title":"CORSAIR Vengeance RGB DDR5 RAM 32Go (2x16Go) 6000MHz CL30-36-36-76 1.4V AMD Expo & Intel XMP M\u00e9moire pour Ordinateur de Bureau - Blanc (CMH32GX5M2B6000Z30W) - ProPlaystore","robots":{"index":"index","follow":"follow","max-snippet":"max-snippet:-1","max-image-preview":"max-image-preview:large","max-video-preview":"max-video-preview:-1"},"canonical":"https:\/\/proplaystore.lu\/index.php\/produit\/corsair-vengeance-rgb-ddr5-ram-32go-2x16go-6000mhz-cl30-36-36-76-1-4v-amd-expo-intel-xmp-memoire-pour-ordinateur-de-bureau-blanc-cmh32gx5m2b6000z30w\/","og_locale":"en_US","og_type":"article","og_title":"CORSAIR Vengeance RGB DDR5 RAM 32Go (2x16Go) 6000MHz CL30-36-36-76 1.4V AMD Expo & Intel XMP M\u00e9moire pour Ordinateur de Bureau - Blanc (CMH32GX5M2B6000Z30W) - ProPlaystore","og_description":"\u00c9clairage RGB dynamique sur dix zones : illuminez votre syst\u00e8me avec dix LED RGB ultra lumineuses param\u00e9trables individuellement par module, int\u00e9gr\u00e9es dans une barre lumineuse panoramique offrant un \u00e9clairage RGB \u00e9clatant depuis tous les angles de vue  R\u00e9gulation de tension int\u00e9gr\u00e9e : Permet un overclocking plus simple, plus stable et plus pr\u00e9cis par rapport aux g\u00e9n\u00e9rations pr\u00e9c\u00e9dentes via le logiciel CORSAIR iCUE  Compatibilit\u00e9 AMD EXPO et Intel XMP 3.0: Compatible avec AMD EXPO et Intel XMP 3.0 pour des fr\u00e9quences plus \u00e9lev\u00e9es et des performances d\u2019overclocking exceptionnelles  Bande passante maximale et temps de r\u00e9action pr\u00e9cis : optimis\u00e9s pour obtenir des performances \u00e9lev\u00e9es sur les derni\u00e8res cartes m\u00e8res DDR5 Intel  Compatibilit\u00e9: AMD X670 S\u00e9rie, Intel 700 S\u00e9rie","og_url":"https:\/\/proplaystore.lu\/index.php\/produit\/corsair-vengeance-rgb-ddr5-ram-32go-2x16go-6000mhz-cl30-36-36-76-1-4v-amd-expo-intel-xmp-memoire-pour-ordinateur-de-bureau-blanc-cmh32gx5m2b6000z30w\/","og_site_name":"ProPlaystore","article_modified_time":"2025-08-23T00:49:56+00:00","og_image":[{"width":1094,"height":450,"url":"https:\/\/proplaystore.lu\/wp-content\/uploads\/2025\/08\/71l75j6yCIL._AC_SY450_.jpg","type":"image\/jpeg"}],"twitter_card":"summary_large_image","twitter_misc":{"Est. reading time":"1 minute"},"schema":{"@context":"https:\/\/schema.org","@graph":[{"@type":"WebPage","@id":"https:\/\/proplaystore.lu\/index.php\/produit\/corsair-vengeance-rgb-ddr5-ram-32go-2x16go-6000mhz-cl30-36-36-76-1-4v-amd-expo-intel-xmp-memoire-pour-ordinateur-de-bureau-blanc-cmh32gx5m2b6000z30w\/","url":"https:\/\/proplaystore.lu\/index.php\/produit\/corsair-vengeance-rgb-ddr5-ram-32go-2x16go-6000mhz-cl30-36-36-76-1-4v-amd-expo-intel-xmp-memoire-pour-ordinateur-de-bureau-blanc-cmh32gx5m2b6000z30w\/","name":"CORSAIR Vengeance RGB DDR5 RAM 32Go (2x16Go) 6000MHz CL30-36-36-76 1.4V AMD Expo & Intel XMP M\u00e9moire pour Ordinateur de Bureau - Blanc (CMH32GX5M2B6000Z30W) - ProPlaystore","isPartOf":{"@id":"https:\/\/proplaystore.lu\/#website"},"primaryImageOfPage":{"@id":"https:\/\/proplaystore.lu\/index.php\/produit\/corsair-vengeance-rgb-ddr5-ram-32go-2x16go-6000mhz-cl30-36-36-76-1-4v-amd-expo-intel-xmp-memoire-pour-ordinateur-de-bureau-blanc-cmh32gx5m2b6000z30w\/#primaryimage"},"image":{"@id":"https:\/\/proplaystore.lu\/index.php\/produit\/corsair-vengeance-rgb-ddr5-ram-32go-2x16go-6000mhz-cl30-36-36-76-1-4v-amd-expo-intel-xmp-memoire-pour-ordinateur-de-bureau-blanc-cmh32gx5m2b6000z30w\/#primaryimage"},"thumbnailUrl":"https:\/\/proplaystore.lu\/wp-content\/uploads\/2025\/08\/71l75j6yCIL._AC_SY450_.jpg","datePublished":"2025-08-23T00:48:46+00:00","dateModified":"2025-08-23T00:49:56+00:00","breadcrumb":{"@id":"https:\/\/proplaystore.lu\/index.php\/produit\/corsair-vengeance-rgb-ddr5-ram-32go-2x16go-6000mhz-cl30-36-36-76-1-4v-amd-expo-intel-xmp-memoire-pour-ordinateur-de-bureau-blanc-cmh32gx5m2b6000z30w\/#breadcrumb"},"inLanguage":"en-US","potentialAction":[{"@type":"ReadAction","target":["https:\/\/proplaystore.lu\/index.php\/produit\/corsair-vengeance-rgb-ddr5-ram-32go-2x16go-6000mhz-cl30-36-36-76-1-4v-amd-expo-intel-xmp-memoire-pour-ordinateur-de-bureau-blanc-cmh32gx5m2b6000z30w\/"]}]},{"@type":"ImageObject","inLanguage":"en-US","@id":"https:\/\/proplaystore.lu\/index.php\/produit\/corsair-vengeance-rgb-ddr5-ram-32go-2x16go-6000mhz-cl30-36-36-76-1-4v-amd-expo-intel-xmp-memoire-pour-ordinateur-de-bureau-blanc-cmh32gx5m2b6000z30w\/#primaryimage","url":"https:\/\/proplaystore.lu\/wp-content\/uploads\/2025\/08\/71l75j6yCIL._AC_SY450_.jpg","contentUrl":"https:\/\/proplaystore.lu\/wp-content\/uploads\/2025\/08\/71l75j6yCIL._AC_SY450_.jpg","width":1094,"height":450},{"@type":"BreadcrumbList","@id":"https:\/\/proplaystore.lu\/index.php\/produit\/corsair-vengeance-rgb-ddr5-ram-32go-2x16go-6000mhz-cl30-36-36-76-1-4v-amd-expo-intel-xmp-memoire-pour-ordinateur-de-bureau-blanc-cmh32gx5m2b6000z30w\/#breadcrumb","itemListElement":[{"@type":"ListItem","position":1,"name":"Accueil","item":"https:\/\/proplaystore.lu\/"},{"@type":"ListItem","position":2,"name":"Shop","item":"https:\/\/proplaystore.lu\/index.php\/shop\/"},{"@type":"ListItem","position":3,"name":"CORSAIR Vengeance RGB DDR5 RAM 32Go (2x16Go) 6000MHz CL30-36-36-76 1.4V AMD Expo &#038; Intel XMP M\u00e9moire pour Ordinateur de Bureau &#8211; Blanc (CMH32GX5M2B6000Z30W)"}]},{"@type":"WebSite","@id":"https:\/\/proplaystore.lu\/#website","url":"https:\/\/proplaystore.lu\/","name":"ProPlaystore","description":"proplaysre","potentialAction":[{"@type":"SearchAction","target":{"@type":"EntryPoint","urlTemplate":"https:\/\/proplaystore.lu\/?s={search_term_string}"},"query-input":{"@type":"PropertyValueSpecification","valueRequired":true,"valueName":"search_term_string"}}],"inLanguage":"en-US"}]}},"_links":{"self":[{"href":"https:\/\/proplaystore.lu\/index.php\/wp-json\/wp\/v2\/product\/8127","targetHints":{"allow":["GET"]}}],"collection":[{"href":"https:\/\/proplaystore.lu\/index.php\/wp-json\/wp\/v2\/product"}],"about":[{"href":"https:\/\/proplaystore.lu\/index.php\/wp-json\/wp\/v2\/types\/product"}],"replies":[{"embeddable":true,"href":"https:\/\/proplaystore.lu\/index.php\/wp-json\/wp\/v2\/comments?post=8127"}],"wp:featuredmedia":[{"embeddable":true,"href":"https:\/\/proplaystore.lu\/index.php\/wp-json\/wp\/v2\/media\/8128"}],"wp:attachment":[{"href":"https:\/\/proplaystore.lu\/index.php\/wp-json\/wp\/v2\/media?parent=8127"}],"wp:term":[{"taxonomy":"product_brand","embeddable":true,"href":"https:\/\/proplaystore.lu\/index.php\/wp-json\/wp\/v2\/product_brand?post=8127"},{"taxonomy":"product_cat","embeddable":true,"href":"https:\/\/proplaystore.lu\/index.php\/wp-json\/wp\/v2\/product_cat?post=8127"},{"taxonomy":"product_tag","embeddable":true,"href":"https:\/\/proplaystore.lu\/index.php\/wp-json\/wp\/v2\/product_tag?post=8127"}],"curies":[{"name":"wp","href":"https:\/\/api.w.org\/{rel}","templated":true}]}}