{"id":8135,"date":"2025-08-23T00:54:04","date_gmt":"2025-08-23T00:54:04","guid":{"rendered":"https:\/\/proplaystore.lu\/?post_type=product&#038;p=8135"},"modified":"2025-08-23T00:55:57","modified_gmt":"2025-08-23T00:55:57","slug":"crucial-pro-ram-ddr5-32go-kit-2x16go-6400mhz-cl38-memoire-overclocking-gaming-intel-xmp-3-0-amd-expo-pc-memoire-ram-32go-ddr5-noir-cp2k16g64c38u5b","status":"publish","type":"product","link":"https:\/\/proplaystore.lu\/index.php\/produit\/crucial-pro-ram-ddr5-32go-kit-2x16go-6400mhz-cl38-memoire-overclocking-gaming-intel-xmp-3-0-amd-expo-pc-memoire-ram-32go-ddr5-noir-cp2k16g64c38u5b\/","title":{"rendered":"Crucial Pro RAM DDR5 32Go Kit (2x16Go) 6400MHz CL38, M\u00e9moire Overclocking Gaming, Intel XMP 3.0 \/ AMD Expo, (PC) M\u00e9moire RAM 32Go DDR5, Noir &#8211; CP2K16G64C38U5B"},"content":{"rendered":"<h2 data-start=\"1558\" data-end=\"1580\"><strong data-start=\"1561\" data-end=\"1580\">Fiche technique<\/strong><\/h2>\n<table class=\"a-normal a-spacing-micro\" role=\"list\">\n<tbody>\n<tr class=\"a-spacing-small po-brand\" role=\"listitem\">\n<td class=\"a-span3\" role=\"presentation\"><span class=\"a-size-base a-text-bold\">Marque<\/span><\/td>\n<td class=\"a-span9\" role=\"presentation\"><span class=\"a-size-base po-break-word\">Crucial<\/span><\/td>\n<\/tr>\n<tr class=\"a-spacing-small po-computer_memory.size\" role=\"listitem\">\n<td class=\"a-span3\" role=\"presentation\"><span class=\"a-size-base a-text-bold\">Taille de la m\u00e9moire de l&#8217;ordinateur<\/span><\/td>\n<td class=\"a-span9\" role=\"presentation\"><span class=\"a-size-base po-break-word\">32 Go<\/span><\/td>\n<\/tr>\n<tr class=\"a-spacing-small po-ram_memory.technology\" role=\"listitem\">\n<td class=\"a-span3\" role=\"presentation\"><span class=\"a-size-base a-text-bold\">Technologie de m\u00e9moire RAM<\/span><\/td>\n<td class=\"a-span9\" role=\"presentation\"><span class=\"a-size-base po-break-word\">DDR5<\/span><\/td>\n<\/tr>\n<tr class=\"a-spacing-small po-memory_speed\" role=\"listitem\">\n<td class=\"a-span3\" role=\"presentation\"><span class=\"a-size-base a-text-bold\">Vitesse de m\u00e9moire<\/span><\/td>\n<td class=\"a-span9\" role=\"presentation\"><span class=\"a-size-base po-break-word\">6400 MHz<\/span><\/td>\n<\/tr>\n<tr class=\"a-spacing-small po-compatible_devices\" role=\"listitem\">\n<td class=\"a-span3\" role=\"presentation\"><span class=\"a-size-base a-text-bold\">Appareils compatibles<\/span><\/td>\n<td class=\"a-span9\" role=\"presentation\"><span class=\"a-size-base po-break-word\">Ordinateur<\/span><\/td>\n<\/tr>\n<tr class=\"a-spacing-small po-special_feature\" role=\"listitem\">\n<td class=\"a-span3\" role=\"presentation\"><span class=\"a-size-base a-text-bold\">Caract\u00e9ristique sp\u00e9ciale<\/span><\/td>\n<td class=\"a-span9\" role=\"presentation\"><span class=\"a-size-base po-break-word\">Auto-Overclocking<\/span><\/td>\n<\/tr>\n<tr class=\"a-spacing-small po-voltage\" role=\"listitem\">\n<td class=\"a-span3\" role=\"presentation\"><span class=\"a-size-base a-text-bold\">Tension<\/span><\/td>\n<td class=\"a-span9\" role=\"presentation\"><span class=\"a-size-base po-break-word\">1,35 Volts<\/span><\/td>\n<\/tr>\n<tr class=\"a-spacing-small po-column_address_strobe_latency\" role=\"listitem\">\n<td class=\"a-span3\" role=\"presentation\"><span class=\"a-size-base a-text-bold\">Latence stroboscopique d&#8217;adresse de colonne<\/span><\/td>\n<td class=\"a-span9\" role=\"presentation\"><span class=\"a-size-base po-break-word\">CL38<\/span><\/td>\n<\/tr>\n<tr class=\"a-spacing-small po-form_factor\" role=\"listitem\">\n<td class=\"a-span3\" role=\"presentation\"><span class=\"a-size-base a-text-bold\">Facteur de forme<\/span><\/td>\n<td class=\"a-span9\" role=\"presentation\"><span class=\"a-size-base po-break-word\">DIMM<\/span><\/td>\n<\/tr>\n<tr class=\"a-spacing-small po-model_name\" role=\"listitem\">\n<td class=\"a-span3\" role=\"presentation\"><span class=\"a-size-base a-text-bold\">Nom de mod\u00e8le<\/span><\/td>\n<td class=\"a-span9\" role=\"presentation\"><span class=\"a-size-base po-break-word\">CP2K16G64C38U5B<\/span><\/td>\n<\/tr>\n<\/tbody>\n<\/table>\n<p>&nbsp;<\/p>\n<p>&nbsp;<\/p>\n<p>&nbsp;<\/p>\n<p>&nbsp;<\/p>\n<p>&nbsp;<\/p>\n<p>&nbsp;<\/p>\n<p>&nbsp;<\/p>\n","protected":false},"excerpt":{"rendered":"<ul class=\"a-unordered-list a-vertical\">\n<li class=\"a-spacing-mini\"><span class=\"a-list-item\">ASPECT NOIR ET TOUCHER AGR\u00c9ABLES: Notre m\u00e9moire DDR5 Pro Overclocking est dot\u00e9e d\u2019un dissipateur thermique noir en aluminium au design unique inspir\u00e9 de l\u2019origami, froid au toucher et esth\u00e9tique pour s\u2019assortir \u00e0 n\u2019importe quel \u00e9quipement<\/span><\/li>\n<li class=\"a-spacing-mini\"><span class=\"a-list-item\">PERFORMANCES ACC\u00c9L\u00c9R\u00c9ES: 6400MHz \u00e0 CL38 pour des performances d&#8217;overclocking stables et une latence r\u00e9duite de 25% pour un nombre d&#8217;images par seconde plus \u00e9lev\u00e9s.<\/span><\/li>\n<li class=\"a-spacing-mini\"><span class=\"a-list-item\">COMPATIBLE INTEL &amp; AMD : Compatible avec les processeurs de bureau Intel Core Ultra series 2 &amp; 13-14th Gen et plus. \u00c9galement compatible avec les processeurs de bureau AMD Ryzen 9000 Series et plus (v\u00e9rifier la compatibilit\u00e9 avec le fabricant de la carte m\u00e8re).<\/span><\/li>\n<li class=\"a-spacing-mini\"><span class=\"a-list-item\">FLEXIBILIT\u00c9: En supportant \u00e0 la fois Intel XMP 3.0 et AMD EXPO sur le m\u00eame module, Crucial vous offre une flexibilit\u00e9 ultime pour votre configuration<\/span><\/li>\n<li class=\"a-spacing-mini\"><span class=\"a-list-item\">ING\u00c9NIERIE DE QUALIT\u00c9 ET DE FIABILIT\u00c9 : Avec plus de 45 ans d&#8217;expertise dans le domaine des m\u00e9moires, Micron propose une ing\u00e9nierie de pointe et des tests sup\u00e9rieurs au niveau des composants et des modules pour tous les produits Crucial DRAM.<\/span><\/li>\n<li class=\"a-spacing-mini\"><\/li>\n<\/ul>\n","protected":false},"featured_media":8140,"comment_status":"open","ping_status":"closed","template":"","meta":[],"product_brand":[],"product_cat":[68],"product_tag":[73],"class_list":{"0":"post-8135","1":"product","2":"type-product","3":"status-publish","4":"has-post-thumbnail","6":"product_cat-ram","7":"product_tag-ram","9":"first","10":"instock","11":"shipping-taxable","12":"purchasable","13":"product-type-simple"},"yoast_head":"<!-- This site is optimized with the Yoast SEO plugin v26.4 - https:\/\/yoast.com\/wordpress\/plugins\/seo\/ -->\n<title>Crucial Pro RAM DDR5 32Go Kit (2x16Go) 6400MHz CL38, M\u00e9moire Overclocking Gaming, Intel XMP 3.0 \/ AMD Expo, (PC) M\u00e9moire RAM 32Go DDR5, Noir - CP2K16G64C38U5B - ProPlaystore<\/title>\n<meta name=\"robots\" content=\"index, follow, max-snippet:-1, max-image-preview:large, max-video-preview:-1\" \/>\n<link rel=\"canonical\" href=\"https:\/\/proplaystore.lu\/index.php\/produit\/crucial-pro-ram-ddr5-32go-kit-2x16go-6400mhz-cl38-memoire-overclocking-gaming-intel-xmp-3-0-amd-expo-pc-memoire-ram-32go-ddr5-noir-cp2k16g64c38u5b\/\" \/>\n<meta property=\"og:locale\" content=\"en_US\" \/>\n<meta property=\"og:type\" content=\"article\" \/>\n<meta property=\"og:title\" content=\"Crucial Pro RAM DDR5 32Go Kit (2x16Go) 6400MHz CL38, M\u00e9moire Overclocking Gaming, Intel XMP 3.0 \/ AMD Expo, (PC) M\u00e9moire RAM 32Go DDR5, Noir - CP2K16G64C38U5B - ProPlaystore\" \/>\n<meta property=\"og:description\" content=\"ASPECT NOIR ET TOUCHER AGR\u00c9ABLES: Notre m\u00e9moire DDR5 Pro Overclocking est dot\u00e9e d\u2019un dissipateur thermique noir en aluminium au design unique inspir\u00e9 de l\u2019origami, froid au toucher et esth\u00e9tique pour s\u2019assortir \u00e0 n\u2019importe quel \u00e9quipement  PERFORMANCES ACC\u00c9L\u00c9R\u00c9ES: 6400MHz \u00e0 CL38 pour des performances d&#039;overclocking stables et une latence r\u00e9duite de 25% pour un nombre d&#039;images par seconde plus \u00e9lev\u00e9s.  COMPATIBLE INTEL &amp; AMD : Compatible avec les processeurs de bureau Intel Core Ultra series 2 &amp; 13-14th Gen et plus. \u00c9galement compatible avec les processeurs de bureau AMD Ryzen 9000 Series et plus (v\u00e9rifier la compatibilit\u00e9 avec le fabricant de la carte m\u00e8re).  FLEXIBILIT\u00c9: En supportant \u00e0 la fois Intel XMP 3.0 et AMD EXPO sur le m\u00eame module, Crucial vous offre une flexibilit\u00e9 ultime pour votre configuration  ING\u00c9NIERIE DE QUALIT\u00c9 ET DE FIABILIT\u00c9 : Avec plus de 45 ans d&#039;expertise dans le domaine des m\u00e9moires, Micron propose une ing\u00e9nierie de pointe et des tests sup\u00e9rieurs au niveau des composants et des modules pour tous les produits Crucial DRAM.\" \/>\n<meta property=\"og:url\" content=\"https:\/\/proplaystore.lu\/index.php\/produit\/crucial-pro-ram-ddr5-32go-kit-2x16go-6400mhz-cl38-memoire-overclocking-gaming-intel-xmp-3-0-amd-expo-pc-memoire-ram-32go-ddr5-noir-cp2k16g64c38u5b\/\" \/>\n<meta property=\"og:site_name\" content=\"ProPlaystore\" \/>\n<meta property=\"article:modified_time\" content=\"2025-08-23T00:55:57+00:00\" \/>\n<meta property=\"og:image\" content=\"https:\/\/proplaystore.lu\/wp-content\/uploads\/2025\/08\/51EJt5geVEL._AC_SY450_.jpg\" \/>\n\t<meta property=\"og:image:width\" content=\"766\" \/>\n\t<meta property=\"og:image:height\" content=\"450\" \/>\n\t<meta property=\"og:image:type\" content=\"image\/jpeg\" \/>\n<meta name=\"twitter:card\" content=\"summary_large_image\" \/>\n<meta name=\"twitter:label1\" content=\"Est. reading time\" \/>\n\t<meta name=\"twitter:data1\" content=\"1 minute\" \/>\n<script type=\"application\/ld+json\" class=\"yoast-schema-graph\">{\"@context\":\"https:\/\/schema.org\",\"@graph\":[{\"@type\":\"WebPage\",\"@id\":\"https:\/\/proplaystore.lu\/index.php\/produit\/crucial-pro-ram-ddr5-32go-kit-2x16go-6400mhz-cl38-memoire-overclocking-gaming-intel-xmp-3-0-amd-expo-pc-memoire-ram-32go-ddr5-noir-cp2k16g64c38u5b\/\",\"url\":\"https:\/\/proplaystore.lu\/index.php\/produit\/crucial-pro-ram-ddr5-32go-kit-2x16go-6400mhz-cl38-memoire-overclocking-gaming-intel-xmp-3-0-amd-expo-pc-memoire-ram-32go-ddr5-noir-cp2k16g64c38u5b\/\",\"name\":\"Crucial Pro RAM DDR5 32Go Kit (2x16Go) 6400MHz CL38, M\u00e9moire Overclocking Gaming, Intel XMP 3.0 \/ AMD Expo, (PC) M\u00e9moire RAM 32Go DDR5, Noir - CP2K16G64C38U5B - ProPlaystore\",\"isPartOf\":{\"@id\":\"https:\/\/proplaystore.lu\/#website\"},\"primaryImageOfPage\":{\"@id\":\"https:\/\/proplaystore.lu\/index.php\/produit\/crucial-pro-ram-ddr5-32go-kit-2x16go-6400mhz-cl38-memoire-overclocking-gaming-intel-xmp-3-0-amd-expo-pc-memoire-ram-32go-ddr5-noir-cp2k16g64c38u5b\/#primaryimage\"},\"image\":{\"@id\":\"https:\/\/proplaystore.lu\/index.php\/produit\/crucial-pro-ram-ddr5-32go-kit-2x16go-6400mhz-cl38-memoire-overclocking-gaming-intel-xmp-3-0-amd-expo-pc-memoire-ram-32go-ddr5-noir-cp2k16g64c38u5b\/#primaryimage\"},\"thumbnailUrl\":\"https:\/\/proplaystore.lu\/wp-content\/uploads\/2025\/08\/51EJt5geVEL._AC_SY450_.jpg\",\"datePublished\":\"2025-08-23T00:54:04+00:00\",\"dateModified\":\"2025-08-23T00:55:57+00:00\",\"breadcrumb\":{\"@id\":\"https:\/\/proplaystore.lu\/index.php\/produit\/crucial-pro-ram-ddr5-32go-kit-2x16go-6400mhz-cl38-memoire-overclocking-gaming-intel-xmp-3-0-amd-expo-pc-memoire-ram-32go-ddr5-noir-cp2k16g64c38u5b\/#breadcrumb\"},\"inLanguage\":\"en-US\",\"potentialAction\":[{\"@type\":\"ReadAction\",\"target\":[\"https:\/\/proplaystore.lu\/index.php\/produit\/crucial-pro-ram-ddr5-32go-kit-2x16go-6400mhz-cl38-memoire-overclocking-gaming-intel-xmp-3-0-amd-expo-pc-memoire-ram-32go-ddr5-noir-cp2k16g64c38u5b\/\"]}]},{\"@type\":\"ImageObject\",\"inLanguage\":\"en-US\",\"@id\":\"https:\/\/proplaystore.lu\/index.php\/produit\/crucial-pro-ram-ddr5-32go-kit-2x16go-6400mhz-cl38-memoire-overclocking-gaming-intel-xmp-3-0-amd-expo-pc-memoire-ram-32go-ddr5-noir-cp2k16g64c38u5b\/#primaryimage\",\"url\":\"https:\/\/proplaystore.lu\/wp-content\/uploads\/2025\/08\/51EJt5geVEL._AC_SY450_.jpg\",\"contentUrl\":\"https:\/\/proplaystore.lu\/wp-content\/uploads\/2025\/08\/51EJt5geVEL._AC_SY450_.jpg\",\"width\":766,\"height\":450},{\"@type\":\"BreadcrumbList\",\"@id\":\"https:\/\/proplaystore.lu\/index.php\/produit\/crucial-pro-ram-ddr5-32go-kit-2x16go-6400mhz-cl38-memoire-overclocking-gaming-intel-xmp-3-0-amd-expo-pc-memoire-ram-32go-ddr5-noir-cp2k16g64c38u5b\/#breadcrumb\",\"itemListElement\":[{\"@type\":\"ListItem\",\"position\":1,\"name\":\"Accueil\",\"item\":\"https:\/\/proplaystore.lu\/\"},{\"@type\":\"ListItem\",\"position\":2,\"name\":\"Shop\",\"item\":\"https:\/\/proplaystore.lu\/index.php\/shop\/\"},{\"@type\":\"ListItem\",\"position\":3,\"name\":\"Crucial Pro RAM DDR5 32Go Kit (2x16Go) 6400MHz CL38, M\u00e9moire Overclocking Gaming, Intel XMP 3.0 \/ AMD Expo, (PC) M\u00e9moire RAM 32Go DDR5, Noir &#8211; CP2K16G64C38U5B\"}]},{\"@type\":\"WebSite\",\"@id\":\"https:\/\/proplaystore.lu\/#website\",\"url\":\"https:\/\/proplaystore.lu\/\",\"name\":\"ProPlaystore\",\"description\":\"proplaysre\",\"potentialAction\":[{\"@type\":\"SearchAction\",\"target\":{\"@type\":\"EntryPoint\",\"urlTemplate\":\"https:\/\/proplaystore.lu\/?s={search_term_string}\"},\"query-input\":{\"@type\":\"PropertyValueSpecification\",\"valueRequired\":true,\"valueName\":\"search_term_string\"}}],\"inLanguage\":\"en-US\"}]}<\/script>\n<!-- \/ Yoast SEO plugin. -->","yoast_head_json":{"title":"Crucial Pro RAM DDR5 32Go Kit (2x16Go) 6400MHz CL38, M\u00e9moire Overclocking Gaming, Intel XMP 3.0 \/ AMD Expo, (PC) M\u00e9moire RAM 32Go DDR5, Noir - CP2K16G64C38U5B - ProPlaystore","robots":{"index":"index","follow":"follow","max-snippet":"max-snippet:-1","max-image-preview":"max-image-preview:large","max-video-preview":"max-video-preview:-1"},"canonical":"https:\/\/proplaystore.lu\/index.php\/produit\/crucial-pro-ram-ddr5-32go-kit-2x16go-6400mhz-cl38-memoire-overclocking-gaming-intel-xmp-3-0-amd-expo-pc-memoire-ram-32go-ddr5-noir-cp2k16g64c38u5b\/","og_locale":"en_US","og_type":"article","og_title":"Crucial Pro RAM DDR5 32Go Kit (2x16Go) 6400MHz CL38, M\u00e9moire Overclocking Gaming, Intel XMP 3.0 \/ AMD Expo, (PC) M\u00e9moire RAM 32Go DDR5, Noir - CP2K16G64C38U5B - ProPlaystore","og_description":"ASPECT NOIR ET TOUCHER AGR\u00c9ABLES: Notre m\u00e9moire DDR5 Pro Overclocking est dot\u00e9e d\u2019un dissipateur thermique noir en aluminium au design unique inspir\u00e9 de l\u2019origami, froid au toucher et esth\u00e9tique pour s\u2019assortir \u00e0 n\u2019importe quel \u00e9quipement  PERFORMANCES ACC\u00c9L\u00c9R\u00c9ES: 6400MHz \u00e0 CL38 pour des performances d'overclocking stables et une latence r\u00e9duite de 25% pour un nombre d'images par seconde plus \u00e9lev\u00e9s.  COMPATIBLE INTEL &amp; AMD : Compatible avec les processeurs de bureau Intel Core Ultra series 2 &amp; 13-14th Gen et plus. \u00c9galement compatible avec les processeurs de bureau AMD Ryzen 9000 Series et plus (v\u00e9rifier la compatibilit\u00e9 avec le fabricant de la carte m\u00e8re).  FLEXIBILIT\u00c9: En supportant \u00e0 la fois Intel XMP 3.0 et AMD EXPO sur le m\u00eame module, Crucial vous offre une flexibilit\u00e9 ultime pour votre configuration  ING\u00c9NIERIE DE QUALIT\u00c9 ET DE FIABILIT\u00c9 : Avec plus de 45 ans d'expertise dans le domaine des m\u00e9moires, Micron propose une ing\u00e9nierie de pointe et des tests sup\u00e9rieurs au niveau des composants et des modules pour tous les produits Crucial DRAM.","og_url":"https:\/\/proplaystore.lu\/index.php\/produit\/crucial-pro-ram-ddr5-32go-kit-2x16go-6400mhz-cl38-memoire-overclocking-gaming-intel-xmp-3-0-amd-expo-pc-memoire-ram-32go-ddr5-noir-cp2k16g64c38u5b\/","og_site_name":"ProPlaystore","article_modified_time":"2025-08-23T00:55:57+00:00","og_image":[{"width":766,"height":450,"url":"https:\/\/proplaystore.lu\/wp-content\/uploads\/2025\/08\/51EJt5geVEL._AC_SY450_.jpg","type":"image\/jpeg"}],"twitter_card":"summary_large_image","twitter_misc":{"Est. reading time":"1 minute"},"schema":{"@context":"https:\/\/schema.org","@graph":[{"@type":"WebPage","@id":"https:\/\/proplaystore.lu\/index.php\/produit\/crucial-pro-ram-ddr5-32go-kit-2x16go-6400mhz-cl38-memoire-overclocking-gaming-intel-xmp-3-0-amd-expo-pc-memoire-ram-32go-ddr5-noir-cp2k16g64c38u5b\/","url":"https:\/\/proplaystore.lu\/index.php\/produit\/crucial-pro-ram-ddr5-32go-kit-2x16go-6400mhz-cl38-memoire-overclocking-gaming-intel-xmp-3-0-amd-expo-pc-memoire-ram-32go-ddr5-noir-cp2k16g64c38u5b\/","name":"Crucial Pro RAM DDR5 32Go Kit (2x16Go) 6400MHz CL38, M\u00e9moire Overclocking Gaming, Intel XMP 3.0 \/ AMD Expo, (PC) M\u00e9moire RAM 32Go DDR5, Noir - CP2K16G64C38U5B - ProPlaystore","isPartOf":{"@id":"https:\/\/proplaystore.lu\/#website"},"primaryImageOfPage":{"@id":"https:\/\/proplaystore.lu\/index.php\/produit\/crucial-pro-ram-ddr5-32go-kit-2x16go-6400mhz-cl38-memoire-overclocking-gaming-intel-xmp-3-0-amd-expo-pc-memoire-ram-32go-ddr5-noir-cp2k16g64c38u5b\/#primaryimage"},"image":{"@id":"https:\/\/proplaystore.lu\/index.php\/produit\/crucial-pro-ram-ddr5-32go-kit-2x16go-6400mhz-cl38-memoire-overclocking-gaming-intel-xmp-3-0-amd-expo-pc-memoire-ram-32go-ddr5-noir-cp2k16g64c38u5b\/#primaryimage"},"thumbnailUrl":"https:\/\/proplaystore.lu\/wp-content\/uploads\/2025\/08\/51EJt5geVEL._AC_SY450_.jpg","datePublished":"2025-08-23T00:54:04+00:00","dateModified":"2025-08-23T00:55:57+00:00","breadcrumb":{"@id":"https:\/\/proplaystore.lu\/index.php\/produit\/crucial-pro-ram-ddr5-32go-kit-2x16go-6400mhz-cl38-memoire-overclocking-gaming-intel-xmp-3-0-amd-expo-pc-memoire-ram-32go-ddr5-noir-cp2k16g64c38u5b\/#breadcrumb"},"inLanguage":"en-US","potentialAction":[{"@type":"ReadAction","target":["https:\/\/proplaystore.lu\/index.php\/produit\/crucial-pro-ram-ddr5-32go-kit-2x16go-6400mhz-cl38-memoire-overclocking-gaming-intel-xmp-3-0-amd-expo-pc-memoire-ram-32go-ddr5-noir-cp2k16g64c38u5b\/"]}]},{"@type":"ImageObject","inLanguage":"en-US","@id":"https:\/\/proplaystore.lu\/index.php\/produit\/crucial-pro-ram-ddr5-32go-kit-2x16go-6400mhz-cl38-memoire-overclocking-gaming-intel-xmp-3-0-amd-expo-pc-memoire-ram-32go-ddr5-noir-cp2k16g64c38u5b\/#primaryimage","url":"https:\/\/proplaystore.lu\/wp-content\/uploads\/2025\/08\/51EJt5geVEL._AC_SY450_.jpg","contentUrl":"https:\/\/proplaystore.lu\/wp-content\/uploads\/2025\/08\/51EJt5geVEL._AC_SY450_.jpg","width":766,"height":450},{"@type":"BreadcrumbList","@id":"https:\/\/proplaystore.lu\/index.php\/produit\/crucial-pro-ram-ddr5-32go-kit-2x16go-6400mhz-cl38-memoire-overclocking-gaming-intel-xmp-3-0-amd-expo-pc-memoire-ram-32go-ddr5-noir-cp2k16g64c38u5b\/#breadcrumb","itemListElement":[{"@type":"ListItem","position":1,"name":"Accueil","item":"https:\/\/proplaystore.lu\/"},{"@type":"ListItem","position":2,"name":"Shop","item":"https:\/\/proplaystore.lu\/index.php\/shop\/"},{"@type":"ListItem","position":3,"name":"Crucial Pro RAM DDR5 32Go Kit (2x16Go) 6400MHz CL38, M\u00e9moire Overclocking Gaming, Intel XMP 3.0 \/ AMD Expo, (PC) M\u00e9moire RAM 32Go DDR5, Noir &#8211; CP2K16G64C38U5B"}]},{"@type":"WebSite","@id":"https:\/\/proplaystore.lu\/#website","url":"https:\/\/proplaystore.lu\/","name":"ProPlaystore","description":"proplaysre","potentialAction":[{"@type":"SearchAction","target":{"@type":"EntryPoint","urlTemplate":"https:\/\/proplaystore.lu\/?s={search_term_string}"},"query-input":{"@type":"PropertyValueSpecification","valueRequired":true,"valueName":"search_term_string"}}],"inLanguage":"en-US"}]}},"_links":{"self":[{"href":"https:\/\/proplaystore.lu\/index.php\/wp-json\/wp\/v2\/product\/8135","targetHints":{"allow":["GET"]}}],"collection":[{"href":"https:\/\/proplaystore.lu\/index.php\/wp-json\/wp\/v2\/product"}],"about":[{"href":"https:\/\/proplaystore.lu\/index.php\/wp-json\/wp\/v2\/types\/product"}],"replies":[{"embeddable":true,"href":"https:\/\/proplaystore.lu\/index.php\/wp-json\/wp\/v2\/comments?post=8135"}],"wp:featuredmedia":[{"embeddable":true,"href":"https:\/\/proplaystore.lu\/index.php\/wp-json\/wp\/v2\/media\/8140"}],"wp:attachment":[{"href":"https:\/\/proplaystore.lu\/index.php\/wp-json\/wp\/v2\/media?parent=8135"}],"wp:term":[{"taxonomy":"product_brand","embeddable":true,"href":"https:\/\/proplaystore.lu\/index.php\/wp-json\/wp\/v2\/product_brand?post=8135"},{"taxonomy":"product_cat","embeddable":true,"href":"https:\/\/proplaystore.lu\/index.php\/wp-json\/wp\/v2\/product_cat?post=8135"},{"taxonomy":"product_tag","embeddable":true,"href":"https:\/\/proplaystore.lu\/index.php\/wp-json\/wp\/v2\/product_tag?post=8135"}],"curies":[{"name":"wp","href":"https:\/\/api.w.org\/{rel}","templated":true}]}}